{"id":9012,"date":"2020-04-01T12:20:22","date_gmt":"2020-04-01T10:20:22","guid":{"rendered":"https:\/\/www.clean-air.cz\/headtops\/welding-hoods\/aertec-optoaertec-optomaxmax\/"},"modified":"2025-08-14T11:28:13","modified_gmt":"2025-08-14T09:28:13","slug":"aertec-optoaertec-optomaxmax","status":"publish","type":"page","link":"https:\/\/www.clean-air.cz\/fr\/headtops\/welding-hoods\/aertec-optoaertec-optomaxmax\/","title":{"rendered":"AerTEC\u2122 OptoMAX"},"content":{"rendered":"<p>[vc_row][vc_column width=\u00a0\u00bb1\/2&Prime;][vc_gallery interval=\u00a0\u00bb3&Prime; images=\u00a0\u00bb10497,10502,10507&Prime; img_size=\u00a0\u00bblarge\u00a0\u00bb][\/vc_column][vc_column width=\u00a0\u00bb1\/2&Prime;][vc_column_text]<strong><span style=\"font-size: 14pt; color: #be0300;\">Visibilit\u00e9 parfaite durant la soudure, gr\u00e2ce \u00e0 la technologie pionni\u00e8re ADF d\u2019Optrel<br \/>\n<\/span><\/strong><\/p>\n<p>R\u00e9glage des niveaux de nuance enti\u00e8rement automatique pour toute proc\u00e9dure de soudure dans la gamme 5-13. Couleur naturelle dans toute la gamme de protection et qualit\u00e9 ultra HD dans les cat\u00e9gories 1\/1\/1\/1. Le syst\u00e8me int\u00e9gr\u00e9 de distribution de l\u2019air apporte celui-ci directement dans la zone de respiration.[\/vc_column_text][\/vc_column][\/vc_row][vc_row][vc_column width=\u00a0\u00bb1\/3&Prime;][vc_column_text]<strong><span style=\"font-size: 14pt; color: #be0300;\">Autopilote adaptif<\/span><\/strong><\/p>\n<p>L\u2019autopilote adaptatif r\u00e8gle automatiquement le niveau de nuance durant la proc\u00e9dure de soudage. Un capteur de luminosit\u00e9 suppl\u00e9mentaire d\u00e9tecte imm\u00e9diatement toute variation de l\u2019intensit\u00e9 de l\u2019arc \u00e9lectrique et r\u00e8gle la nuance en fonction. Vous restez parfaitement prot\u00e9g\u00e9, quels que soient les param\u00e8tres du soudage. Le r\u00e9glage manuel est facultatif, mais disponible \u00e0 travers un bouton si vous le souhaitez.<\/p>\n<p><img loading=\"lazy\" decoding=\"async\" class=\"size-medium wp-image-9463 aligncenter\" src=\"https:\/\/www.clean-air.cz\/wp-content\/uploads\/2020\/06\/adaptive-autopilot-297x300.jpg\" alt=\"\" width=\"297\" height=\"300\" srcset=\"https:\/\/www.clean-air.cz\/wp-content\/uploads\/2020\/06\/adaptive-autopilot-297x300.jpg 297w, https:\/\/www.clean-air.cz\/wp-content\/uploads\/2020\/06\/adaptive-autopilot-50x52.jpg 50w, https:\/\/www.clean-air.cz\/wp-content\/uploads\/2020\/06\/adaptive-autopilot.jpg 526w\" sizes=\"(max-width: 297px) 100vw, 297px\" \/>[\/vc_column_text][\/vc_column][vc_column width=\u00a0\u00bb1\/3&Prime;][vc_column_text]<strong><span style=\"font-size: 14pt; color: #be0300;\">AQualit\u00e9 ADF Ultra HD<\/span><\/strong><\/p>\n<p>Les ADF d\u2019Optrel garantissent la meilleure qualit\u00e9 d\u2019image selon quatre classifications:<\/p>\n<table style=\"border-collapse: collapse; width: 101.423%; height: 88px;\">\n<tbody>\n<tr style=\"height: 22px;\">\n<td style=\"width: 57.7365%; height: 22px;\">Qualit\u00e9 optique:<\/td>\n<td style=\"width: 130.871%; height: 22px; text-align: center;\">CAT 1<\/td>\n<\/tr>\n<tr style=\"height: 22px;\">\n<td style=\"width: 57.7365%; height: 22px;\">Diffusion de la lumi\u00e8re:<\/td>\n<td style=\"width: 130.871%; height: 22px; text-align: center;\">CAT 1<\/td>\n<\/tr>\n<tr style=\"height: 22px;\">\n<td style=\"width: 57.7365%; height: 22px;\">Homog\u00e9n\u00e9it\u00e9:<\/td>\n<td style=\"width: 130.871%; height: 22px; text-align: center;\">CAT 1<\/td>\n<\/tr>\n<tr style=\"height: 22px;\">\n<td style=\"width: 57.7365%; height: 22px;\">D\u00e9pendance angulaire:<\/td>\n<td style=\"width: 130.871%; height: 22px; text-align: center;\">CAT 1<\/td>\n<\/tr>\n<\/tbody>\n<\/table>\n<p><img loading=\"lazy\" decoding=\"async\" class=\"size-medium wp-image-9503 aligncenter\" src=\"https:\/\/www.clean-air.cz\/wp-content\/uploads\/2020\/06\/ultra-hs-adf-quality-297x300.jpg\" alt=\"\" width=\"297\" height=\"300\" srcset=\"https:\/\/www.clean-air.cz\/wp-content\/uploads\/2020\/06\/ultra-hs-adf-quality-297x300.jpg 297w, https:\/\/www.clean-air.cz\/wp-content\/uploads\/2020\/06\/ultra-hs-adf-quality-50x52.jpg 50w, https:\/\/www.clean-air.cz\/wp-content\/uploads\/2020\/06\/ultra-hs-adf-quality.jpg 526w\" sizes=\"(max-width: 297px) 100vw, 297px\" \/>[\/vc_column_text][\/vc_column][vc_column width=\u00a0\u00bb1\/3&Prime;][vc_column_text]<strong><span style=\"font-size: 14pt; color: #be0300;\">Barre de r\u00e9glage du capteur<\/span><\/strong><\/p>\n<p>Le filtre de soudage automatique standard peut r\u00e9agir accidentellement \u00e0 l\u2019arc de<br \/>\nsoudage d\u2019un autre soudeur \u00e0 proximit\u00e9. Gr\u00e2ce \u00e0 la barre de r\u00e9glage du capteur brevet\u00e9e,<br \/>\nl\u2019angle du capteur peut \u00eatre r\u00e9duit de 80\u00b0 \u00e0 60\u00b0. Cela \u00e9vite une r\u00e9action de l\u2019ADF aux proc\u00e9dures de soudage dans l\u2019environnement du soudeur.<\/p>\n<p><img loading=\"lazy\" decoding=\"async\" class=\"size-medium wp-image-9483 aligncenter\" src=\"https:\/\/www.clean-air.cz\/wp-content\/uploads\/2020\/06\/sensor_slide-60_80-297x300.jpg\" alt=\"\" width=\"297\" height=\"300\" srcset=\"https:\/\/www.clean-air.cz\/wp-content\/uploads\/2020\/06\/sensor_slide-60_80-297x300.jpg 297w, https:\/\/www.clean-air.cz\/wp-content\/uploads\/2020\/06\/sensor_slide-60_80-50x52.jpg 50w, https:\/\/www.clean-air.cz\/wp-content\/uploads\/2020\/06\/sensor_slide-60_80.jpg 526w\" sizes=\"(max-width: 297px) 100vw, 297px\" \/>[\/vc_column_text][\/vc_column][\/vc_row][vc_row][vc_column width=\u00a0\u00bb1\/3&Prime;][vc_column_text]<strong><span style=\"font-size: 14pt; color: #be0300;\">Affichage couleur<\/span><\/strong><\/p>\n<p>Un filtre UV\/IR sp\u00e9cial permet une perception r\u00e9aliste des couleurs r\u00e9volutionnaire.<\/p>\n<p><img loading=\"lazy\" decoding=\"async\" class=\"size-medium wp-image-9488 aligncenter\" src=\"https:\/\/www.clean-air.cz\/wp-content\/uploads\/2020\/06\/true-colour-view-300x295.jpg\" alt=\"\" width=\"300\" height=\"295\" srcset=\"https:\/\/www.clean-air.cz\/wp-content\/uploads\/2020\/06\/true-colour-view-300x295.jpg 300w, https:\/\/www.clean-air.cz\/wp-content\/uploads\/2020\/06\/true-colour-view.jpg 636w\" sizes=\"(max-width: 300px) 100vw, 300px\" \/>[\/vc_column_text][\/vc_column][vc_column width=\u00a0\u00bb1\/3&Prime;][vc_column_text]<strong><span style=\"font-size: 14pt; color: #be0300;\">R\u00e9glage externe<\/span><\/strong><\/p>\n<p>Toutes les fonctions importantes \u00e0 port\u00e9e de main. Niveau de nuance, mode meulage ou<br \/>\nautres fonctions, qui doivent \u00eatre r\u00e9gl\u00e9es durant les proc\u00e9dures de soudage, sont faciles \u00e0 modifier depuis l\u2019ext\u00e9rieur du casque, sans avoir \u00e0 le retirer. Une unit\u00e9 de contr\u00f4le centrale directement reli\u00e9e \u00e0 l\u2019ADF est plac\u00e9e du c\u00f4t\u00e9 gauche du casque, \u00e0 port\u00e9e de main du soudeur.<\/p>\n<p><img loading=\"lazy\" decoding=\"async\" class=\"size-medium wp-image-9468 aligncenter\" src=\"https:\/\/www.clean-air.cz\/wp-content\/uploads\/2020\/06\/external-adjustment-300x138.jpg\" alt=\"\" width=\"300\" height=\"138\" srcset=\"https:\/\/www.clean-air.cz\/wp-content\/uploads\/2020\/06\/external-adjustment-300x138.jpg 300w, https:\/\/www.clean-air.cz\/wp-content\/uploads\/2020\/06\/external-adjustment.jpg 526w\" sizes=\"(max-width: 300px) 100vw, 300px\" \/>[\/vc_column_text][\/vc_column][vc_column width=\u00a0\u00bb1\/3&Prime;][vc_column_text]<strong><span style=\"font-size: 14pt; color: #be0300;\">Verres de protection frontaux<\/span><\/strong><\/p>\n<p>Verre de protection frontal avec joint int\u00e9gr\u00e9, garantissant une \u00e9tanch\u00e9it\u00e9 parfaite \u00e0 tout moment.<\/p>\n<p><img loading=\"lazy\" decoding=\"async\" class=\"size-medium wp-image-9473 aligncenter\" src=\"https:\/\/www.clean-air.cz\/wp-content\/uploads\/2020\/06\/front-cover-lens-300x256.jpg\" alt=\"\" width=\"300\" height=\"256\" srcset=\"https:\/\/www.clean-air.cz\/wp-content\/uploads\/2020\/06\/front-cover-lens-300x256.jpg 300w, https:\/\/www.clean-air.cz\/wp-content\/uploads\/2020\/06\/front-cover-lens.jpg 352w\" sizes=\"(max-width: 300px) 100vw, 300px\" \/>[\/vc_column_text][\/vc_column][\/vc_row][vc_row][vc_column width=\u00a0\u00bb1\/3&Prime;][vc_column_text]<strong><span style=\"font-size: 14pt; color: #be0300;\">Loupes<\/span><\/strong><\/p>\n<p>Facile \u00e0 fixer au casque, sans besoin de supports.<\/p>\n<table style=\"border-collapse: collapse; width: 95.9077%; height: 87px;\">\n<tbody>\n<tr style=\"height: 22px;\">\n<td style=\"width: 57.1269%; height: 22px;\">Loupe, 1.0<\/td>\n<td style=\"width: 78.6097%; height: 22px; text-align: center;\">40.5000.050<\/td>\n<\/tr>\n<tr style=\"height: 22px;\">\n<td style=\"width: 57.1269%; height: 21px;\">Loupe, 1.5<\/td>\n<td style=\"width: 78.6097%; height: 21px; text-align: center;\">40.5000.051<\/td>\n<\/tr>\n<tr style=\"height: 22px;\">\n<td style=\"width: 57.1269%; height: 22px;\">Loupe, 2.0<\/td>\n<td style=\"width: 78.6097%; height: 22px; text-align: center;\">40.5000.052<\/td>\n<\/tr>\n<tr style=\"height: 22px;\">\n<td style=\"width: 57.1269%; height: 22px;\">Loupe, 2.5<\/td>\n<td style=\"width: 78.6097%; height: 22px; text-align: center;\">40.5000.053<\/td>\n<\/tr>\n<\/tbody>\n<\/table>\n<p><img loading=\"lazy\" decoding=\"async\" class=\"size-medium wp-image-9478 aligncenter\" src=\"https:\/\/www.clean-air.cz\/wp-content\/uploads\/2020\/06\/magnifying-lenses-300x187.jpg\" alt=\"\" width=\"300\" height=\"187\" srcset=\"https:\/\/www.clean-air.cz\/wp-content\/uploads\/2020\/06\/magnifying-lenses-300x187.jpg 300w, https:\/\/www.clean-air.cz\/wp-content\/uploads\/2020\/06\/magnifying-lenses.jpg 526w\" sizes=\"(max-width: 300px) 100vw, 300px\" \/>[\/vc_column_text][\/vc_column][\/vc_row][vc_row][vc_column][vc_tta_tabs style=\u00a0\u00bbmodern\u00a0\u00bb shape=\u00a0\u00bbsquare\u00a0\u00bb active_section=\u00a0\u00bb1&Prime; no_fill_content_area=\u00a0\u00bbtrue\u00a0\u00bb title=\u00a0\u00bbD\u00e9tails\u00a0\u00bb][vc_tta_section i_icon_fontawesome=\u00a0\u00bbfa fa-industry\u00a0\u00bb add_icon=\u00a0\u00bbtrue\u00a0\u00bb title=\u00a0\u00bbDomaines d\u2019application\u00a0\u00bb tab_id=\u00a0\u00bb1513150336358-68add988-e9ea\u00a0\u00bb][vc_column_text]<span style=\"color: #be0300;\"><strong>Domaines d\u2019application<\/strong><\/span><\/p>\n<p>Pour toutes proc\u00e9dures de soudure \u00e0 l\u2019arc \u00e9lectrique. Soudage \u00e0 l\u2019\u00e9lectrode (b\u00e2ton, SMAW) \/ MIG \/ MAG (GMAW) \/ GMAW proc\u00e9d\u00e9 \u00e0 vitesse de fusion \u00e9lev\u00e9e \/ soudage \u00e0 fil \u00e0 c\u0153ur \/ soudage TIG (GTAW) \/ soudage \u00e0 l\u2019arc plasma \/ d\u00e9coupe au plasma et soudage Oxy-gaz \/ meulage en mode meulage. Ne pas utiliser pour le soudage au laser![\/vc_column_text][\/vc_tta_section][vc_tta_section i_icon_fontawesome=\u00a0\u00bbfa fa-thumbs-o-up\u00a0\u00bb add_icon=\u00a0\u00bbtrue\u00a0\u00bb title=\u00a0\u00bbCaract\u00e9ristiques et avantages\u00a0\u00bb tab_id=\u00a0\u00bb1513150336359-b7b65468-8021&Prime;][vc_column_text]<span style=\"color: #be0300;\"><strong>Caract\u00e9ristiques et avantages<\/strong><\/span><\/p>\n<ul>\n<li>AUTOPILOTE \u2013 r\u00e9glage des niveaux de nuance enti\u00e8rement automatis\u00e9 (DIN 5-13)<\/li>\n<li>Le mode manuel offre une gamme de nuances prolong\u00e9e<br \/>\n5-9 pour la d\u00e9coupe \u00e0 l\u2019oxyg\u00e8ne ou au plasma<br \/>\n9-13 pour la soudure<\/li>\n<li>Qualit\u00e9 ultra HD avec repr\u00e9sentation des couleurs naturelles et classification 1\/1\/1\/1<\/li>\n<li>Fonction d\u2019ajustement TWILIGHT \u2013 restauration progressive de la luminosit\u00e9 pour r\u00e9duire la fatigue des yeux<\/li>\n<li>Zone de vision \u00e9largie 50 x 100 mm<\/li>\n<li>Mode meulage<\/li>\n<li>Syst\u00e8me int\u00e9gr\u00e9 de distribution de l\u2019air<\/li>\n<li>Conforme aux normes les plus strictes de protection des voies respiratoires \u2013 TH3<\/li>\n<\/ul>\n<p>[\/vc_column_text][\/vc_tta_section][vc_tta_section i_icon_fontawesome=\u00a0\u00bbfa fa-cog\u00a0\u00bb add_icon=\u00a0\u00bbtrue\u00a0\u00bb title=\u00a0\u00bbKits complets, accessoires, filtres\u00a0\u00bb tab_id=\u00a0\u00bb1513153137048-5f8c31c5-30ea\u00a0\u00bb][vc_column_text]<\/p>\n<table style=\"width: 70.08%; height: 166px;\">\n<tbody>\n<tr style=\"height: 24px;\">\n<td style=\"text-align: left; height: 24px; width: 87.0693%;\" colspan=\"2\"><span style=\"color: #be0300;\"><strong>Complets<\/strong><\/span><\/td>\n<\/tr>\n<tr style=\"height: 24px;\">\n<td style=\"text-align: left; height: 24px; width: 85.12%;\">Masque de soudage OptoMAX Air d\u2019AerTEC\u2122 incluant OptoMAX ADF avec distribution d\u2019air, gris argent\u00e9<\/td>\n<td style=\"text-align: center; height: 24px; width: 1.94932%;\">70.4441.600<\/td>\n<\/tr>\n<tr style=\"height: 24px;\">\n<td style=\"text-align: left; height: 24px; width: 85.12%;\">Masque de soudage OptoMAX Air d\u2019AerTEC\u2122 incluant OptoMAX ADF avec distribution d\u2019air, noir<\/td>\n<td style=\"text-align: center; height: 24px; width: 1.94932%;\">70.4441.601<\/td>\n<\/tr>\n<tr style=\"height: 24px;\">\n<td style=\"text-align: left; height: 24px; width: 85.12%;\">Masque de soudage OptoMAX d\u2019AerTEC\u2122 incluant Optrel ADF, sans distribution d\u2019air, gris argent\u00e9<\/td>\n<td style=\"text-align: center; height: 24px; width: 1.94932%;\">40.1006.500<\/td>\n<\/tr>\n<tr style=\"height: 22px;\">\n<td style=\"text-align: left; height: 22px; width: 85.12%;\">Masque de soudage OptoMAX d\u2019AerTEC\u2122 incluant Optrel ADF, sans distribution d\u2019air, noir<\/td>\n<td style=\"text-align: center; height: 22px; width: 1.94932%;\">40.1006.501<\/td>\n<\/tr>\n<tr style=\"height: 24px;\">\n<td style=\"text-align: left; height: 24px; width: 85.12%;\">Ready 2 Weld set &#8211; CA AerGO&amp;OptoMAX dans un sac fourre-tout<\/td>\n<td style=\"text-align: center; height: 24px; width: 1.94932%;\">30.4441.601<\/td>\n<\/tr>\n<tr style=\"height: 24px;\">\n<td style=\"text-align: left; height: 24px; width: 85.12%;\">Ready 2 Weld set &#8211; CA BASIC&amp;OptoMAX dans un sac fourre-tout<\/td>\n<td style=\"text-align: center; height: 24px; width: 1.94932%;\">81.4441.601<\/td>\n<\/tr>\n<\/tbody>\n<\/table>\n<table style=\"width: 72.4077%; height: 166px;\">\n<tbody>\n<tr style=\"height: 24px;\">\n<td style=\"text-align: left; height: 24px; width: 59.4771%;\" colspan=\"2\"><span style=\"color: #be0300;\"><strong>Liste des pi\u00e8ces d\u00e9tach\u00e9es \/ accessoires<\/strong><\/span><\/td>\n<\/tr>\n<tr style=\"height: 24px;\">\n<td style=\"text-align: left; height: 24px; width: 54.137%;\">Masque de soudage OptoMAX Air d\u2019AerTEC\u2122 incluant OptoMAX ADF, avec distribution d\u2019air, noir<\/td>\n<td style=\"text-align: center; height: 24px; width: 5.34013%;\">70.4441.601<\/td>\n<\/tr>\n<tr style=\"height: 24px;\">\n<td style=\"text-align: left; height: 24px; width: 54.137%;\">Masque de soudage OptoMAX Air d\u2019AerTEC\u2122 incluant OptoMAX ADF, avec distribution d\u2019air, gris argent\u00e9<\/td>\n<td style=\"text-align: center; height: 24px; width: 5.34013%;\">70.4441.600<\/td>\n<\/tr>\n<tr style=\"height: 24px;\">\n<td style=\"text-align: left; height: 24px; width: 54.137%;\">Masque de soudage OptoMAX d\u2019AerTEC\u2122 incluant OptoMAX ADF, sans distribution d\u2019air, noir<\/td>\n<td style=\"text-align: center; height: 24px; width: 5.34013%;\">40.1006.501<\/td>\n<\/tr>\n<tr style=\"height: 22px;\">\n<td style=\"text-align: left; height: 22px; width: 54.137%;\">Masque de soudage OptoMAX d\u2019AerTEC\u2122 incluant OptoMAX ADF, sans distribution d\u2019air, gris argent\u00e9<\/td>\n<td style=\"text-align: center; height: 22px; width: 5.34013%;\">40.1006.500<\/td>\n<\/tr>\n<tr style=\"height: 24px;\">\n<td style=\"text-align: left; height: 24px; width: 54.137%;\">Coque de casque AerTEC\u2122 OptoMAX sans ADF \u2013 noir<\/td>\n<td style=\"text-align: center; height: 24px; width: 5.34013%;\">40.5001.610<\/td>\n<\/tr>\n<tr style=\"height: 24px;\">\n<td style=\"text-align: left; height: 24px; width: 54.137%;\">Coque de casque AerTEC\u2122 OptoMAX sans ADF \u2013 gris argent\u00e9<\/td>\n<td style=\"text-align: center; height: 24px; width: 5.34013%;\">40.5001.684<\/td>\n<\/tr>\n<tr>\n<td style=\"text-align: left; width: 54.137%;\">Coque de casque PAPR AerTEC\u2122 OptoMAX sans ADF \u2013 gris argent\u00e9<\/td>\n<td style=\"text-align: center; width: 5.34013%;\">70.4441.684<\/td>\n<\/tr>\n<tr>\n<td style=\"text-align: left; width: 54.137%;\">Coque de casque PAPR AerTEC\u2122 OptoMAX sans ADF \u2013 noir<\/td>\n<td style=\"text-align: center; width: 5.34013%;\">70.4241.007<\/td>\n<\/tr>\n<tr>\n<td style=\"text-align: left; width: 54.137%;\">Joint d\u2019\u00e9tanch\u00e9it\u00e9 du visage pour AerTEC\u2122 OptoMAX<\/td>\n<td style=\"text-align: center; width: 5.34013%;\">40.4160.000<\/td>\n<\/tr>\n<tr>\n<td style=\"text-align: left; width: 54.137%;\">Verre de protection interne AerTEC\u2122 OptoMAX (ensemble de 5)<\/td>\n<td style=\"text-align: center; width: 5.34013%;\">40.5000.001<\/td>\n<\/tr>\n<tr>\n<td style=\"text-align: left; width: 54.137%;\">Verre de protection frontale AerTEC\u2122 OptoMAX (ensemble de 5)<\/td>\n<td style=\"text-align: center; width: 5.34013%;\">40.5000.212<\/td>\n<\/tr>\n<tr>\n<td style=\"text-align: left; width: 54.137%;\">Loupe, +1.0 \u2013 OptoMAX<\/td>\n<td style=\"text-align: center; width: 5.34013%;\">40.5000.050<\/td>\n<\/tr>\n<tr>\n<td style=\"text-align: left; width: 54.137%;\">Loupe, +1.5 \u2013 OptoMAX<\/td>\n<td style=\"text-align: center; width: 5.34013%;\">40.5000.051<\/td>\n<\/tr>\n<tr>\n<td style=\"text-align: left; width: 54.137%;\">Loupe, +2.0 \u2013 OptoMAX<\/td>\n<td style=\"text-align: center; width: 5.34013%;\">40.5000.052<\/td>\n<\/tr>\n<tr>\n<td style=\"text-align: left; width: 54.137%;\">Loupe, +2.5 \u2013 OptoMAX<\/td>\n<td style=\"text-align: center; width: 5.34013%;\">40.5000.053<\/td>\n<\/tr>\n<tr>\n<td style=\"text-align: left; width: 54.137%;\">Bandeau confort \u2013 noir, AerTEC\u2122 RangeMAX\/OptoMAX\/SeeMAX<\/td>\n<td style=\"text-align: center; width: 5.34013%;\">40.5003.250<\/td>\n<\/tr>\n<tr>\n<td style=\"text-align: left; width: 54.137%;\">Partie arri\u00e8re de bandeau antitranspirant pour AerTEC\u2122 RangeMAX\/SeeMAX\/OptoMAX (2 pc)<\/td>\n<td style=\"text-align: center; width: 5.34013%;\">40.5004.020<\/td>\n<\/tr>\n<tr>\n<td style=\"text-align: left; width: 54.137%;\">Partie avant de bandeau antitranspirant pour AerTEC\u2122 RangeMAX\/SeeMAX\/OptoMAX (2 pc)<\/td>\n<td style=\"text-align: center; width: 5.34013%;\">40.5004.073<\/td>\n<\/tr>\n<tr>\n<td style=\"text-align: left; width: 54.137%;\">Filtre de soudage auto-obscurcissant AerTEC\u2122 OptoMAX (SN 4\/5-13 Autopilote)<\/td>\n<td style=\"text-align: center; width: 5.34013%;\">40.5012.480<\/td>\n<\/tr>\n<\/tbody>\n<\/table>\n<p>&nbsp;[\/vc_column_text][\/vc_tta_section][vc_tta_section i_icon_fontawesome=\u00a0\u00bbfa fa-wrench\u00a0\u00bb add_icon=\u00a0\u00bbtrue\u00a0\u00bb title=\u00a0\u00bbDonn\u00e9es techniques\u00a0\u00bb tab_id=\u00a0\u00bb1513153797992-792040b0-82c9&Prime;][vc_column_text]<\/p>\n<table>\n<tbody>\n<tr>\n<td style=\"text-align: left;\" colspan=\"2\"><span style=\"color: #be0300;\"><strong>Donn\u00e9es techniques<\/strong><\/span><\/td>\n<\/tr>\n<tr>\n<td style=\"text-align: left;\">Poids<\/td>\n<td style=\"text-align: center;\">505 g (695 g avec distribution de l\u2019air)<\/td>\n<\/tr>\n<tr>\n<td style=\"text-align: left;\">Dimensions ADF<\/td>\n<td style=\"text-align: center;\">110x90x7 mm<\/td>\n<\/tr>\n<tr>\n<td style=\"text-align: left;\">S\u00e9lection du niveau de nuance<\/td>\n<td style=\"text-align: center;\">DIN 5\u201313<br \/>\nOmbrage en \u00e9tat ouvert DIN 4<\/td>\n<\/tr>\n<tr>\n<td style=\"text-align: left;\">Zone de vision<\/td>\n<td style=\"text-align: center;\">50&#215;100 mm<\/td>\n<\/tr>\n<tr>\n<td style=\"text-align: left;\">Raccord de tuyau<\/td>\n<td style=\"text-align: center;\">QuickLOCK\u2122<\/td>\n<\/tr>\n<tr>\n<td style=\"text-align: left;\">Certification<\/td>\n<td style=\"text-align: center;\">EN 379 1\/1\/1\/1, EN 175 B, EN 12941 TH3, EN 14594 3B<\/td>\n<\/tr>\n<tr>\n<td style=\"text-align: left;\">Facteur de protection nominale (NPF)<\/td>\n<td style=\"text-align: center;\">500<\/td>\n<\/tr>\n<\/tbody>\n<\/table>\n<p>&nbsp;<br \/>\n[\/vc_column_text][\/vc_tta_section][vc_tta_section i_icon_fontawesome=\u00a0\u00bbfa fa-download\u00a0\u00bb add_icon=\u00a0\u00bbtrue\u00a0\u00bb title=\u00a0\u00bbT\u00e9l\u00e9chargements\u00a0\u00bb tab_id=\u00a0\u00bb1513154098935-95c74e4f-fa1e\u00a0\u00bb][vc_column_text]<a href=\"https:\/\/www.clean-air.cz\/wp-content\/uploads\/2020\/01\/PS-704441600-1-R0-OptoMAX-air.pdf\" target=\"_blank\" rel=\"noopener noreferrer\">PS-704441600-1-R0 OptoMAX air<\/a><\/p>\n<p><a href=\"https:\/\/www.clean-air.cz\/wp-content\/uploads\/2020\/05\/CNA-092-R01-UM-AerTEC-OptoMAX_RangeMAX_SeeMAX-DIGI.pdf\" target=\"_blank\" rel=\"noopener noreferrer\">User manual &#8211; AerTEC OptoMAX_RangeMAX_SeeMAX<\/a><\/p>\n<p><a href=\"https:\/\/www.clean-air.cz\/wp-content\/uploads\/2020\/09\/DA-088_-_40-1006-501_-_OptoMAXwoairdistribution_-_EN.pdf\">DA-088_-_40-1006-501_-_OptoMAXwoairdistribution_-_EN<\/a>[\/vc_column_text][\/vc_tta_section][vc_tta_section i_icon_fontawesome=\u00a0\u00bbfa fa-picture-o\u00a0\u00bb add_icon=\u00a0\u00bbtrue\u00a0\u00bb title=\u00a0\u00bbGalerie\u00a0\u00bb tab_id=\u00a0\u00bb1515415801460-0c2258c9-4574&Prime;][vc_gallery type=\u00a0\u00bbimage_grid\u00a0\u00bb images=\u00a0\u00bb7810,7818,7823&Prime; img_size=\u00a0\u00bbmedium\u00a0\u00bb css_animation=\u00a0\u00bbfadeIn\u00a0\u00bb css=\u00a0\u00bb.vc_custom_1574775642728{padding-left: 280px !important;}\u00a0\u00bb el_class=\u00a0\u00bboptomax_gallery\u00a0\u00bb][\/vc_tta_section][\/vc_tta_tabs][\/vc_column][\/vc_row][vc_row][vc_column][vc_separator][\/vc_column][\/vc_row]<\/p>\n","protected":false},"excerpt":{"rendered":"<p>[vc_row][vc_column width=\u00a0\u00bb1\/2&Prime;][vc_gallery interval=\u00a0\u00bb3&Prime; images=\u00a0\u00bb10497,10502,10507&Prime; img_size=\u00a0\u00bblarge\u00a0\u00bb][\/vc_column][vc_column width=\u00a0\u00bb1\/2&Prime;][vc_column_text]Visibilit\u00e9 parfaite durant la soudure, gr\u00e2ce \u00e0 la technologie pionni\u00e8re ADF d\u2019Optrel R\u00e9glage des niveaux de nuance enti\u00e8rement automatique pour toute proc\u00e9dure de soudure dans la gamme 5-13. Couleur naturelle dans toute la gamme de protection et qualit\u00e9 ultra HD dans les cat\u00e9gories 1\/1\/1\/1. Le syst\u00e8me int\u00e9gr\u00e9 de distribution de l\u2019air apporte celui-ci directement dans la zone de respiration.[\/vc_column_text][\/vc_column][\/vc_row][vc_row][vc_column width=\u00a0\u00bb1\/3&Prime;][vc_column_text]Autopilote adaptif L\u2019autopilote adaptatif r\u00e8gle automatiquement<\/p>\n<p><a class=\"more-link\" href=\"https:\/\/www.clean-air.cz\/fr\/headtops\/welding-hoods\/aertec-optoaertec-optomaxmax\/\">Lire la suite&#8230;<\/a><\/p>\n","protected":false},"author":11,"featured_media":0,"parent":5366,"menu_order":0,"comment_status":"closed","ping_status":"closed","template":"","meta":{"footnotes":""},"_links":{"self":[{"href":"https:\/\/www.clean-air.cz\/fr\/wp-json\/wp\/v2\/pages\/9012"}],"collection":[{"href":"https:\/\/www.clean-air.cz\/fr\/wp-json\/wp\/v2\/pages"}],"about":[{"href":"https:\/\/www.clean-air.cz\/fr\/wp-json\/wp\/v2\/types\/page"}],"author":[{"embeddable":true,"href":"https:\/\/www.clean-air.cz\/fr\/wp-json\/wp\/v2\/users\/11"}],"replies":[{"embeddable":true,"href":"https:\/\/www.clean-air.cz\/fr\/wp-json\/wp\/v2\/comments?post=9012"}],"version-history":[{"count":0,"href":"https:\/\/www.clean-air.cz\/fr\/wp-json\/wp\/v2\/pages\/9012\/revisions"}],"up":[{"embeddable":true,"href":"https:\/\/www.clean-air.cz\/fr\/wp-json\/wp\/v2\/pages\/5366"}],"wp:attachment":[{"href":"https:\/\/www.clean-air.cz\/fr\/wp-json\/wp\/v2\/media?parent=9012"}],"curies":[{"name":"wp","href":"https:\/\/api.w.org\/{rel}","templated":true}]}}