{"id":8147,"date":"2019-12-06T09:31:05","date_gmt":"2019-12-06T08:31:05","guid":{"rendered":"https:\/\/www.clean-air.cz\/headtops\/grinding-shields\/aertec-seemax\/"},"modified":"2021-11-29T13:00:01","modified_gmt":"2021-11-29T12:00:01","slug":"aertec-seemax","status":"publish","type":"page","link":"https:\/\/www.clean-air.cz\/fr\/headtops\/grinding-shields\/aertec-seemax\/","title":{"rendered":"AerTEC\u2122 SeeMAX"},"content":{"rendered":"<p>[vc_row][vc_column width=\u00a0\u00bb1\/2&Prime;][vc_gallery interval=\u00a0\u00bb3&Prime; images=\u00a0\u00bb10667,10657,10662,10672&Prime; img_size=\u00a0\u00bblarge\u00a0\u00bb el_class=\u00a0\u00bbseemax_gallery\u00a0\u00bb][\/vc_column][vc_column width=\u00a0\u00bb1\/2&Prime;][vc_column_text]<strong><span style=\"font-size: 14pt; color: #be0300;\">Une excellente visibilit\u00e9 et des conditionsrespiratoires parfaites lorsque vous devez vous prot\u00e9ger le visage.<\/span><\/strong><\/p>\n<p>Unlimited clear view of your workspace, filtered and clear air with adjustable air distribution make SeeMAX the unique face and respiratory protection system with the highest safety level. The easy to change DIN5 front cover lens expands the system to the perfect protector for efficient plasma cutting.[\/vc_column_text][\/vc_column][\/vc_row][vc_row][vc_column][vc_tta_tabs style=\u00a0\u00bbmodern\u00a0\u00bb shape=\u00a0\u00bbsquare\u00a0\u00bb active_section=\u00a0\u00bb1&Prime; no_fill_content_area=\u00a0\u00bbtrue\u00a0\u00bb title=\u00a0\u00bbD\u00e9tails\u00a0\u00bb][vc_tta_section i_icon_fontawesome=\u00a0\u00bbfa fa-industry\u00a0\u00bb add_icon=\u00a0\u00bbtrue\u00a0\u00bb title=\u00a0\u00bbDomaines d\u2019application\u00a0\u00bb tab_id=\u00a0\u00bb1513150336358-68add988-e9ea\u00a0\u00bb][vc_column_text]<span style=\"color: #be0300;\"><strong>Domaines d\u2019application<\/strong><\/span><\/p>\n<ul>\n<li>Meulage<\/li>\n<li>Secteur automobile<\/li>\n<li>Sid\u00e9rurgie lourde<\/li>\n<li>Peinture<\/li>\n<li>Construction et b\u00e2timent<\/li>\n<li>Industrie chimique<\/li>\n<li>Traitement alimentaire<\/li>\n<li>Industrie<\/li>\n<li>Nettoyage industriel<\/li>\n<li>agriculture<\/li>\n<\/ul>\n<p>[\/vc_column_text][\/vc_tta_section][vc_tta_section i_icon_fontawesome=\u00a0\u00bbfa fa-thumbs-o-up\u00a0\u00bb add_icon=\u00a0\u00bbtrue\u00a0\u00bb title=\u00a0\u00bbCaract\u00e9ristiques et avantages\u00a0\u00bb tab_id=\u00a0\u00bb1513150336359-b7b65468-8021&Prime;][vc_column_text]<span style=\"color: #be0300;\"><strong>Caract\u00e9ristiques et avantages<br \/>\n<\/strong><\/span><\/p>\n<ul>\n<li>L\u00e9ger et confortable, gr\u00e2ce \u00e0 un poids r\u00e9duit de seulement 495 g et une coupe ergonomique, SeeMAX est la nouvelle r\u00e9f\u00e9rence en mati\u00e8re de confort du porteur.<\/li>\n<li>Sa grande visi\u00e8re offre une vision nette et d\u00e9gag\u00e9e de votre espace de travail<\/li>\n<li>D\u00e9bit d\u2019air r\u00e9glable \u2013 une molette de r\u00e9glage permet d\u2019apporter 20 % de l\u2019air frais vers le front.<\/li>\n<li>Sa visi\u00e8re DIN5 facile \u00e0 remplacer fait du syst\u00e8me une protection parfaite pour la d\u00e9coupe au plasma.<\/li>\n<\/ul>\n<p>[\/vc_column_text][\/vc_tta_section][vc_tta_section i_icon_fontawesome=\u00a0\u00bbfa fa-cog\u00a0\u00bb add_icon=\u00a0\u00bbtrue\u00a0\u00bb title=\u00a0\u00bbKits complets, accessoires, filtres\u00a0\u00bb tab_id=\u00a0\u00bb1513153137048-5f8c31c5-30ea\u00a0\u00bb][vc_column_text]<\/p>\n<table>\n<tbody>\n<tr>\n<td style=\"text-align: left;\" colspan=\"2\"><span style=\"color: #be0300;\"><strong>Cagoules compl\u00e8tes<\/strong><\/span><\/td>\n<\/tr>\n<tr>\n<td style=\"text-align: left;\">\u00c9cran de meulage AerTEC\u2122 SeeMAX avec syst\u00e8me de distribution d\u2019air et casque<\/td>\n<td style=\"text-align: center;\">70.4900.020<\/td>\n<\/tr>\n<tr>\n<td style=\"text-align: left;\">Kit pr\u00eat-\u00e0-souder \u2013 CA BASIC SeeMAX dans un sac fourre-tout<\/td>\n<td style=\"text-align: center;\">81.4900.020<\/td>\n<\/tr>\n<\/tbody>\n<\/table>\n<table style=\"width: 100%; height: 240px;\">\n<tbody>\n<tr style=\"height: 24px;\">\n<td style=\"text-align: left; height: 24px; width: 99.8243%;\" colspan=\"2\"><span style=\"color: #be0300;\"><strong>Liste des pi\u00e8ces d\u00e9tach\u00e9es \/ accessoires<\/strong><\/span><\/td>\n<\/tr>\n<tr style=\"height: 24px;\">\n<td style=\"text-align: left; height: 24px; width: 86.2917%;\">\u00c9cran de meulage SeeMAX Air d\u2019AerTEC\u2122 avec distribution d\u2019air<\/td>\n<td style=\"text-align: center; height: 24px; width: 13.5326%;\">70.4900.020<\/td>\n<\/tr>\n<tr style=\"height: 24px;\">\n<td style=\"text-align: left; height: 24px; width: 86.2917%;\">Joint d\u2019\u00e9tanch\u00e9it\u00e9 faciale pour AerTEC\u2122 SeeMAX<\/td>\n<td style=\"text-align: center; height: 24px; width: 13.5326%;\">40.4156.010<\/td>\n<\/tr>\n<tr>\n<td style=\"width: 86.2917%;\">Feuille d\u00e9chirable AerTEC\u2122 SeeMAX (ensemble de 10)<\/td>\n<td style=\"text-align: center; height: 24px; width: 13.5326%;\">40.5000.039<\/td>\n<\/tr>\n<tr style=\"height: 24px;\">\n<td style=\"text-align: left; height: 24px; width: 86.2917%;\">Visi\u00e8re de meulage en polycarbonate<\/td>\n<td style=\"text-align: center; height: 24px; width: 13.5326%;\">40.5000.038<\/td>\n<\/tr>\n<tr style=\"height: 24px;\">\n<td style=\"text-align: left; height: 24px; width: 86.2917%;\">Visi\u00e8re de rechange (DIN 5) AerTEC\u2122 SeeMAX 2 pc<\/td>\n<td style=\"text-align: center; height: 24px; width: 13.5326%;\">40.5000.048<\/td>\n<\/tr>\n<tr style=\"height: 24px;\">\n<td style=\"text-align: left; height: 24px; width: 86.2917%;\">Visi\u00e8re de rechange (DIN 3) AerTEC\u2122 SeeMAX 2 pc<\/td>\n<td style=\"text-align: center; height: 24px; width: 13.5326%;\">40.5000.049<\/td>\n<\/tr>\n<tr style=\"height: 24px;\">\n<td style=\"text-align: left; height: 24px; width: 86.2917%;\">Bandeau confort \u2013 noir, AerTEC\u2122 RangeMAX\/OptoMAX\/SeeMAX<\/td>\n<td style=\"text-align: center; height: 24px; width: 13.5326%;\">40.5003.250<\/td>\n<\/tr>\n<tr style=\"height: 24px;\">\n<td style=\"text-align: left; height: 24px; width: 86.2917%;\">Partie avant de bandeau antitranspirant pour AerTEC\u2122 RangeMAX\/SeeMAX\/Opto-MAX (2 pc)<\/td>\n<td style=\"text-align: center; height: 24px; width: 13.5326%;\">40.5004.073<\/td>\n<\/tr>\n<tr style=\"height: 24px;\">\n<td style=\"text-align: left; height: 24px; width: 86.2917%;\">Partie arri\u00e8re de bandeau antitranspirant pour AerTEC\u2122 RangeMAX\/SeeMAX\/Opto-MAX (2 pc)<\/td>\n<td style=\"text-align: center; height: 24px; width: 13.5326%;\">40.5004.020<\/td>\n<\/tr>\n<\/tbody>\n<\/table>\n<p>[\/vc_column_text][\/vc_tta_section][vc_tta_section i_icon_fontawesome=\u00a0\u00bbfa fa-wrench\u00a0\u00bb add_icon=\u00a0\u00bbtrue\u00a0\u00bb title=\u00a0\u00bbDonn\u00e9es techniques\u00a0\u00bb tab_id=\u00a0\u00bb1513153797992-792040b0-82c9&Prime;][vc_column_text]<\/p>\n<table>\n<tbody>\n<tr>\n<td style=\"text-align: left;\">Poids<\/td>\n<td style=\"text-align: center;\">495 g<\/td>\n<\/tr>\n<tr>\n<td style=\"text-align: left;\">Raccord de tuyau<\/td>\n<td style=\"text-align: center;\">QuickLOCK\u2122<\/td>\n<\/tr>\n<tr>\n<td style=\"text-align: left;\">Visi\u00e8re<\/td>\n<td style=\"text-align: center;\">clear, shade 3, shade 5<\/td>\n<\/tr>\n<tr>\n<td style=\"text-align: left;\">Certification<\/td>\n<td style=\"text-align: center;\">EN 166, EN 175 B,<br \/>\nEN 12941 TH3, EN 14594 3B<\/td>\n<\/tr>\n<tr>\n<td style=\"text-align: left;\">Facteur de protection nominale (NPF)<\/td>\n<td style=\"text-align: center;\">500<\/td>\n<\/tr>\n<\/tbody>\n<\/table>\n<p>[\/vc_column_text][\/vc_tta_section][vc_tta_section i_icon_fontawesome=\u00a0\u00bbfa fa-download\u00a0\u00bb add_icon=\u00a0\u00bbtrue\u00a0\u00bb title=\u00a0\u00bbT\u00e9l\u00e9chargements\u00a0\u00bb tab_id=\u00a0\u00bb1513154098935-95c74e4f-fa1e\u00a0\u00bb][vc_column_text]<a href=\"https:\/\/www.clean-air.cz\/wp-content\/uploads\/2020\/01\/PS-704900020-1-R0-SeemMAX-air.pdf\" target=\"_blank\" rel=\"noopener noreferrer\">PS-704900020-1-R0 SeemMAX air<\/a><\/p>\n<p><a href=\"https:\/\/www.clean-air.cz\/wp-content\/uploads\/2020\/09\/DA-089_-_70-4900-020_-_SeeMAX_-_EN.pdf\">DA-089_-_70-4900-020_-_SeeMAX_-_EN<\/a><\/p>\n<p><a href=\"https:\/\/www.clean-air.cz\/wp-content\/uploads\/2020\/05\/CNA-092-R01-UM-AerTEC-OptoMAX_RangeMAX_SeeMAX-DIGI.pdf\" target=\"_blank\" rel=\"noopener\">User manual \u2013 AerTEC OptoMAX_RangeMAX_SeeMAX<\/a>[\/vc_column_text][\/vc_tta_section][vc_tta_section i_icon_fontawesome=\u00a0\u00bbfa fa-picture-o\u00a0\u00bb add_icon=\u00a0\u00bbtrue\u00a0\u00bb title=\u00a0\u00bbGalerie\u00a0\u00bb tab_id=\u00a0\u00bb1515415801460-0c2258c9-4574&Prime;][vc_gallery type=\u00a0\u00bbimage_grid\u00a0\u00bb images=\u00a0\u00bb8126,8137,8142&Prime; img_size=\u00a0\u00bbmedium\u00a0\u00bb css_animation=\u00a0\u00bbfadeIn\u00a0\u00bb css=\u00a0\u00bb.vc_custom_1575621055714{padding-left: 280px !important;}\u00a0\u00bb el_class=\u00a0\u00bbca-3_gallery\u00a0\u00bb][\/vc_tta_section][\/vc_tta_tabs][\/vc_column][\/vc_row]<\/p>\n","protected":false},"excerpt":{"rendered":"<p>[vc_row][vc_column width=\u00a0\u00bb1\/2&Prime;][vc_gallery interval=\u00a0\u00bb3&Prime; images=\u00a0\u00bb10667,10657,10662,10672&Prime; img_size=\u00a0\u00bblarge\u00a0\u00bb el_class=\u00a0\u00bbseemax_gallery\u00a0\u00bb][\/vc_column][vc_column width=\u00a0\u00bb1\/2&Prime;][vc_column_text]Une excellente visibilit\u00e9 et des conditionsrespiratoires parfaites lorsque vous devez vous prot\u00e9ger le visage. Unlimited clear view of your workspace, filtered and clear air with adjustable air distribution make SeeMAX the unique face and respiratory protection system with the highest safety level. The easy to change DIN5 front cover lens expands the system to the perfect protector for efficient plasma cutting.[\/vc_column_text][\/vc_column][\/vc_row][vc_row][vc_column][vc_tta_tabs style=\u00a0\u00bbmodern\u00a0\u00bb shape=\u00a0\u00bbsquare\u00a0\u00bb active_section=\u00a0\u00bb1&Prime;<\/p>\n<p><a class=\"more-link\" href=\"https:\/\/www.clean-air.cz\/fr\/headtops\/grinding-shields\/aertec-seemax\/\">Lire la suite&#8230;<\/a><\/p>\n","protected":false},"author":11,"featured_media":0,"parent":5350,"menu_order":0,"comment_status":"closed","ping_status":"closed","template":"","meta":{"footnotes":""},"_links":{"self":[{"href":"https:\/\/www.clean-air.cz\/fr\/wp-json\/wp\/v2\/pages\/8147"}],"collection":[{"href":"https:\/\/www.clean-air.cz\/fr\/wp-json\/wp\/v2\/pages"}],"about":[{"href":"https:\/\/www.clean-air.cz\/fr\/wp-json\/wp\/v2\/types\/page"}],"author":[{"embeddable":true,"href":"https:\/\/www.clean-air.cz\/fr\/wp-json\/wp\/v2\/users\/11"}],"replies":[{"embeddable":true,"href":"https:\/\/www.clean-air.cz\/fr\/wp-json\/wp\/v2\/comments?post=8147"}],"version-history":[{"count":0,"href":"https:\/\/www.clean-air.cz\/fr\/wp-json\/wp\/v2\/pages\/8147\/revisions"}],"up":[{"embeddable":true,"href":"https:\/\/www.clean-air.cz\/fr\/wp-json\/wp\/v2\/pages\/5350"}],"wp:attachment":[{"href":"https:\/\/www.clean-air.cz\/fr\/wp-json\/wp\/v2\/media?parent=8147"}],"curies":[{"name":"wp","href":"https:\/\/api.w.org\/{rel}","templated":true}]}}