{"id":7793,"date":"2019-11-19T13:24:57","date_gmt":"2019-11-19T12:24:57","guid":{"rendered":"https:\/\/www.clean-air.cz\/papr\/cleanair-chemical-2f-ex\/"},"modified":"2026-03-12T15:08:33","modified_gmt":"2026-03-12T14:08:33","slug":"cleanair-chemical-2f-ex","status":"publish","type":"page","link":"https:\/\/www.clean-air.cz\/fr\/papr\/cleanair-chemical-2f-ex\/","title":{"rendered":"CleanAIR\u00ae Chemical 2F EX"},"content":{"rendered":"<p>[vc_row][vc_column width=\u00a0\u00bb1\/2&Prime;][vc_gallery interval=\u00a0\u00bb0&Prime; images=\u00a0\u00bb11126,11116,11121,11131,11136&Prime; img_size=\u00a0\u00bblarge\u00a0\u00bb][\/vc_column][vc_column width=\u00a0\u00bb1\/2&Prime;][vc_column_text]<strong><span style=\"font-size: 14pt; color: #be0300;\"><sup>Le respirateur le plus versatile et durable est maintenant disponible en version ATEX, utilisable dans des environnements pr\u00e9sentant un risque d\u2019explosion.<\/sup><\/span><\/strong><\/p>\n<p>Outre son design compact et son poids l\u00e9ger, Chemical 2F se caract\u00e9rise par son incroyable durabilit\u00e9, sa r\u00e9sistance aux produits chimiques et son grand indice d\u2019imperm\u00e9abilit\u00e9. Sa conception r\u00e9sistante et sa surface lisse permettent un nettoyage facile \u00e0 la douche ou m\u00eame par immersion compl\u00e8te. Le syst\u00e8me de fermeture automatique unique emp\u00eache toute contamination involontaire lors du changement des filtres. Le syst\u00e8me intelligent Flow Control maintient le d\u00e9bit d\u2019air \u00e0 un niveau constant ind\u00e9pendamment d\u2019une obstruction du filtre ou du niveau de la batterie. L\u2019alerte sonore et visuelle indique lorsque la batterie doit \u00eatre charg\u00e9e ou le filtre doit \u00eatre remplac\u00e9. Le d\u00e9bit d\u2019air est r\u00e9glable de mani\u00e8re individuelle entre 120 et 235 l\/min.[\/vc_column_text][\/vc_column][\/vc_row][vc_row][vc_column][vc_tta_tabs style=\u00a0\u00bbmodern\u00a0\u00bb shape=\u00a0\u00bbsquare\u00a0\u00bb active_section=\u00a0\u00bb1&Prime; no_fill_content_area=\u00a0\u00bbtrue\u00a0\u00bb title=\u00a0\u00bbDetails\u00a0\u00bb][vc_tta_section i_icon_fontawesome=\u00a0\u00bbfa fa-industry\u00a0\u00bb add_icon=\u00a0\u00bbtrue\u00a0\u00bb title=\u00a0\u00bbDomaines d\u2019application\u00a0\u00bb tab_id=\u00a0\u00bb1513150336358-68add988-e9ea\u00a0\u00bb][vc_column_text]<span style=\"color: #be0300;\"><strong>Domaines d\u2019application<\/strong><\/span><\/p>\n<ul>\n<li>Environnements pr\u00e9sentant un risque d\u2019explosion \u2013 approuv\u00e9 pour les zones de cat. 2<\/li>\n<li>Environnements industriels, notamment secteur chimique et pharmaceutique<\/li>\n<li>Op\u00e9rations de traitement, laboratoires<\/li>\n<li>\u00c9quipes de premiers secours<\/li>\n<li>Protection biologique<\/li>\n<\/ul>\n<p>[\/vc_column_text][\/vc_tta_section][vc_tta_section i_icon_fontawesome=\u00a0\u00bbfa fa-thumbs-o-up\u00a0\u00bb add_icon=\u00a0\u00bbtrue\u00a0\u00bb title=\u00a0\u00bbCaract\u00e9ristiques et avantages\u00a0\u00bb tab_id=\u00a0\u00bb1513150336359-b7b65468-8021&Prime;][vc_column_text]<span style=\"color: #be0300;\"><strong>Caract\u00e9ristiques et avantages<\/strong><\/span><\/p>\n<ul>\n<li>Compact, l\u00e9ger<\/li>\n<li>Particuli\u00e8rement adapt\u00e9 \u00e0 une utilisation en environnement pr\u00e9sentant un risque d\u2019explosion \u2013 approuv\u00e9 pour les zones de cat. 2<\/li>\n<li>Compatible avec un casque, un masque ou une combinaison de protection \u00e0 ventilation<\/li>\n<li>Grande r\u00e9sistance m\u00e9canique et chimique<\/li>\n<li>Sa grande imperm\u00e9abilit\u00e9 permet un nettoyage sous la douche ou m\u00eame par immersion compl\u00e8te (IP64\/IP65\/IP68)<\/li>\n<li>\u00c9cran couleur riche affichant clairement toutes les informations pertinentes \u2013 obstruction du filtre, autonomie de la batterie, d\u00e9bit d\u2019air<\/li>\n<li>Le syst\u00e8me Flow Control maintient un d\u00e9bit d\u2019air constant ind\u00e9pendamment du niveau d\u2019obstruction du filtre ou du niveau de la batterie.<\/li>\n<li>Temps de charge de batterie rapide &lt; 3 heures<\/li>\n<li>Alerte sonore et visuelle<\/li>\n<li>Interface utilisateur en plusieurs langues<\/li>\n<\/ul>\n<p>[\/vc_column_text][\/vc_tta_section][vc_tta_section i_icon_fontawesome=\u00a0\u00bbfa fa-cog\u00a0\u00bb add_icon=\u00a0\u00bbtrue\u00a0\u00bb title=\u00a0\u00bbKits complets, accessoires, filtres\u00a0\u00bb tab_id=\u00a0\u00bb1513153137048-5f8c31c5-30ea\u00a0\u00bb][vc_column_text]<\/p>\n<table style=\"width: 100%; height: 576px;\">\n<tbody>\n<tr style=\"height: 24px;\">\n<td style=\"text-align: left; width: 99.84%; height: 24px;\" colspan=\"2\"><span style=\"color: #be0300;\"><strong>Complete sets<\/strong><\/span><\/td>\n<\/tr>\n<tr style=\"height: 24px;\">\n<td style=\"text-align: left; width: 82.88%; height: 24px;\">CleanAIR\u00ae Chemical 2F Ex &#8211; incl. flexi hose QuickLOCK\u2122, comfort belt Ex, UK charger<\/td>\n<td style=\"text-align: center; width: 16.96%; height: 24px;\">51 E0 00FCU<\/td>\n<\/tr>\n<tr style=\"height: 48px;\">\n<td style=\"text-align: left; width: 82.88%; height: 48px;\">CleanAIR\u00ae Chemical 2F Ex \u2013 incl. PVC belt, Li-Ion battery, charger, light flexi hose QuickLOCK\u2122, flow indicator<\/td>\n<td style=\"text-align: center; width: 16.96%; height: 48px;\">51 E0 00FD<\/td>\n<\/tr>\n<tr style=\"height: 24px;\">\n<td style=\"text-align: left; width: 82.88%; height: 24px;\">Short hood CA-1, orange<\/td>\n<td style=\"text-align: center; width: 16.96%; height: 24px;\">72 01 02<\/td>\n<\/tr>\n<tr style=\"height: 24px;\">\n<td style=\"text-align: left; width: 82.88%; height: 24px;\">Short hood CA-1, blue<\/td>\n<td style=\"text-align: center; width: 16.96%; height: 24px;\">72 01 02B<\/td>\n<\/tr>\n<tr style=\"height: 24px;\">\n<td style=\"text-align: left; width: 82.88%; height: 24px;\">Long hood CA-2, orange<\/td>\n<td style=\"text-align: center; width: 16.96%; height: 24px;\">72 02 02<\/td>\n<\/tr>\n<tr style=\"height: 24px;\">\n<td style=\"text-align: left; width: 82.88%; height: 24px;\">Long hood CA-2, blue<\/td>\n<td style=\"text-align: center; width: 16.96%; height: 24px;\">72 02 02B<\/td>\n<\/tr>\n<tr style=\"height: 24px;\">\n<td style=\"text-align: left; width: 82.88%; height: 24px;\">Long protective hood CA-10, chemically resistant<\/td>\n<td style=\"text-align: center; width: 16.96%; height: 24px;\">72 10 02<\/td>\n<\/tr>\n<tr style=\"height: 24px;\">\n<td style=\"text-align: left; width: 82.88%; height: 24px;\">Protective face shield UniMask, grey<\/td>\n<td style=\"text-align: center; width: 16.96%; height: 24px;\">72 03 00.01<\/td>\n<\/tr>\n<tr style=\"height: 24px;\">\n<td style=\"text-align: left; width: 99.84%; height: 24px;\" colspan=\"2\"><span style=\"color: #be0300;\"><strong>Spare parts, accessories<\/strong><\/span><\/td>\n<\/tr>\n<tr style=\"height: 24px;\">\n<td style=\"text-align: left; width: 82.88%; height: 24px;\">Standard battery, Li-Ion (14,4 V \/ 2,6 Ah)<\/td>\n<td style=\"text-align: center; width: 16.96%; height: 24px;\">51 00 10<\/td>\n<\/tr>\n<tr style=\"height: 24px;\">\n<td style=\"text-align: left; width: 82.88%; height: 24px;\">Power adaptor 230 V for the main socket<\/td>\n<td style=\"text-align: center; width: 16.96%; height: 24px;\">51 00 15.1<\/td>\n<\/tr>\n<tr style=\"height: 24px;\">\n<td style=\"text-align: left; width: 82.88%; height: 24px;\">Power adaptor 12 &#8211; 24 V &#8211; car power socket<\/td>\n<td style=\"text-align: center; width: 16.96%; height: 24px;\">51 00 15.2<\/td>\n<\/tr>\n<tr style=\"height: 24px;\">\n<td style=\"text-align: left; width: 82.88%; height: 24px;\">Charger Li-Ion 14,4 V &#8211; EURO plug<\/td>\n<td style=\"text-align: center; width: 16.96%; height: 24px;\">51 00 30EUR<\/td>\n<\/tr>\n<tr style=\"height: 24px;\">\n<td style=\"text-align: left; width: 82.88%; height: 24px;\">Charger Li-Ion 14,4 V &#8211; UK plug<\/td>\n<td style=\"text-align: center; width: 16.96%; height: 24px;\">51 00 30UK<\/td>\n<\/tr>\n<tr style=\"height: 24px;\">\n<td style=\"text-align: left; width: 82.88%; height: 24px;\">Battery charger AUS plug<\/td>\n<td style=\"text-align: center; width: 16.96%; height: 24px;\">51 00 30AUS<\/td>\n<\/tr>\n<tr style=\"height: 24px;\">\n<td style=\"text-align: left; width: 82.88%; height: 24px;\">Set of decontamination plugs &#8211; 2F<\/td>\n<td style=\"text-align: center; width: 16.96%; height: 24px;\">51 00 46<\/td>\n<\/tr>\n<tr style=\"height: 24px;\">\n<td style=\"text-align: left; width: 82.88%; height: 24px;\">Light flexi hose QuickLOCK\u2122 &#8211; CA40x1\/7\u201d<\/td>\n<td style=\"text-align: center; width: 16.96%; height: 24px;\">71 00 60<\/td>\n<\/tr>\n<tr style=\"height: 24px;\">\n<td style=\"text-align: left; width: 82.88%; height: 24px;\">Rubber hose QuickLOCK\u2122 &#8211; CA40x1\/7\u201d<\/td>\n<td style=\"text-align: center; width: 16.96%; height: 24px;\">71 00 86<\/td>\n<\/tr>\n<tr style=\"height: 24px;\">\n<td style=\"text-align: left; width: 99.84%; height: 24px;\" colspan=\"2\"><span style=\"color: #be0300;\"><strong>CleanAIR\u00ae Chemical 2F Ex &#8211; compatible filters<\/strong><\/span><\/td>\n<\/tr>\n<tr style=\"height: 24px;\">\n<td style=\"text-align: left; width: 99.84%; height: 24px;\" colspan=\"2\">Compatible with all the CleanAIR\u00ae particle and combined filters with RD40\u00d71\/7\u201c thread<\/td>\n<\/tr>\n<\/tbody>\n<\/table>\n<p>[\/vc_column_text][\/vc_tta_section][vc_tta_section i_icon_fontawesome=\u00a0\u00bbfa fa-wrench\u00a0\u00bb add_icon=\u00a0\u00bbtrue\u00a0\u00bb title=\u00a0\u00bbDonn\u00e9es techniques\u00a0\u00bb tab_id=\u00a0\u00bb1513153797992-792040b0-82c9&Prime;][vc_column_text]<\/p>\n<table>\n<tbody>\n<tr>\n<td style=\"text-align: left;\">Poids<\/td>\n<td style=\"text-align: center;\">960 g (batterie incluse)<\/td>\n<\/tr>\n<tr>\n<td style=\"text-align: left;\">Dimensions<\/td>\n<td style=\"text-align: center;\">240 mm \/ 110 mm \/ 120 mm<\/td>\n<\/tr>\n<tr>\n<td style=\"text-align: left;\">D\u00e9bit d\u2019air<\/td>\n<td style=\"text-align: center;\">r\u00e9glable 120 &#8211; 235 l\/min<\/td>\n<\/tr>\n<tr>\n<td style=\"text-align: left;\">Alerte<\/td>\n<td style=\"text-align: center;\">sonore et visuelle<\/td>\n<\/tr>\n<tr>\n<td style=\"text-align: left;\">Temps de fonctionnement* \/<br \/>\nde chargement<\/td>\n<td style=\"text-align: center;\">&lt; 10 \/ &lt; 3 h<\/td>\n<\/tr>\n<tr>\n<td style=\"text-align: left;\">Batterie<\/td>\n<td style=\"text-align: center;\">Li-Ion 14,4 V \/ 2,6 Ah (standard)<\/td>\n<\/tr>\n<tr>\n<td style=\"text-align: left;\">Raccord de tuyau<\/td>\n<td style=\"text-align: center;\">CA40x1\/7\u201c<\/td>\n<\/tr>\n<tr>\n<td style=\"text-align: left;\">Certification<\/td>\n<td style=\"text-align: center;\">EN 12941 TH3<br \/>\nEN 12942 TM3<\/td>\n<\/tr>\n<tr>\n<td style=\"text-align: left;\">Protection imperm\u00e9able<\/td>\n<td style=\"text-align: center;\">IP64 \/ IP65 \/ IP68<\/td>\n<\/tr>\n<tr>\n<td style=\"text-align: left;\">Classification ATEX<\/td>\n<td style=\"text-align: center;\">II 3 G IIB T4 Gc<br \/>\nII 3 D IIIC 135\u00b0C Dc<\/td>\n<\/tr>\n<tr>\n<td style=\"text-align: left;\" colspan=\"2\">* \u00e0 160 l\/min avec des filtres P R SL neufs et une batterie compl\u00e8tement charg\u00e9e<\/td>\n<\/tr>\n<\/tbody>\n<\/table>\n<p>[\/vc_column_text][\/vc_tta_section][vc_tta_section i_icon_fontawesome=\u00a0\u00bbfa fa-download\u00a0\u00bb add_icon=\u00a0\u00bbtrue\u00a0\u00bb title=\u00a0\u00bbDownloads\u00a0\u00bb tab_id=\u00a0\u00bb1513154098935-95c74e4f-fa1e\u00a0\u00bb][vc_column_text]<a href=\"https:\/\/www.clean-air.cz\/wp-content\/uploads\/2025\/06\/GR-CNA051-R10-Navod-2F-DIGI.pdf\">Chemical 2F &#8211; user manual<\/a><\/p>\n<p><a href=\"https:\/\/www.clean-air.cz\/wp-content\/uploads\/2025\/07\/PS-51E000-1-R4-Chemical-2F-EX.pdf\">Declaration of confornity &#8211; Chemical 2F EX<\/a><\/p>\n<p><a href=\"https:\/\/www.clean-air.cz\/wp-content\/uploads\/2026\/03\/DA-079_-_51E000_-_Chemical_2F_Ex_-_EN.pdf\">DA-079_-_51E000_-_Chemical_2F_Ex_-_EN<\/a>[\/vc_column_text][\/vc_tta_section][vc_tta_section i_icon_fontawesome=\u00a0\u00bbfa fa-picture-o\u00a0\u00bb add_icon=\u00a0\u00bbtrue\u00a0\u00bb title=\u00a0\u00bbGallery\u00a0\u00bb tab_id=\u00a0\u00bb1515415801460-0c2258c9-4574&Prime;][vc_gallery type=\u00a0\u00bbimage_grid\u00a0\u00bb images=\u00a0\u00bb7477,7507,7492,7497,7502,7512&Prime; img_size=\u00a0\u00bbmedium\u00a0\u00bb css_animation=\u00a0\u00bbfadeIn\u00a0\u00bb css=\u00a0\u00bb.vc_custom_1574166270960{padding-left: 280px !important;}\u00a0\u00bb][\/vc_tta_section][\/vc_tta_tabs][\/vc_column][\/vc_row]<\/p>\n","protected":false},"excerpt":{"rendered":"<p>[vc_row][vc_column width=\u00a0\u00bb1\/2&Prime;][vc_gallery interval=\u00a0\u00bb0&Prime; images=\u00a0\u00bb11126,11116,11121,11131,11136&Prime; img_size=\u00a0\u00bblarge\u00a0\u00bb][\/vc_column][vc_column width=\u00a0\u00bb1\/2&Prime;][vc_column_text]Le respirateur le plus versatile et durable est maintenant disponible en version ATEX, utilisable dans des environnements pr\u00e9sentant un risque d\u2019explosion. Outre son design compact et son poids l\u00e9ger, Chemical 2F se caract\u00e9rise par son incroyable durabilit\u00e9, sa r\u00e9sistance aux produits chimiques et son grand indice d\u2019imperm\u00e9abilit\u00e9. Sa conception r\u00e9sistante et sa surface lisse permettent un nettoyage facile \u00e0 la douche ou m\u00eame par immersion<\/p>\n<p><a class=\"more-link\" href=\"https:\/\/www.clean-air.cz\/fr\/papr\/cleanair-chemical-2f-ex\/\">Lire la suite&#8230;<\/a><\/p>\n","protected":false},"author":11,"featured_media":0,"parent":5338,"menu_order":0,"comment_status":"closed","ping_status":"closed","template":"","meta":{"footnotes":""},"_links":{"self":[{"href":"https:\/\/www.clean-air.cz\/fr\/wp-json\/wp\/v2\/pages\/7793"}],"collection":[{"href":"https:\/\/www.clean-air.cz\/fr\/wp-json\/wp\/v2\/pages"}],"about":[{"href":"https:\/\/www.clean-air.cz\/fr\/wp-json\/wp\/v2\/types\/page"}],"author":[{"embeddable":true,"href":"https:\/\/www.clean-air.cz\/fr\/wp-json\/wp\/v2\/users\/11"}],"replies":[{"embeddable":true,"href":"https:\/\/www.clean-air.cz\/fr\/wp-json\/wp\/v2\/comments?post=7793"}],"version-history":[{"count":0,"href":"https:\/\/www.clean-air.cz\/fr\/wp-json\/wp\/v2\/pages\/7793\/revisions"}],"up":[{"embeddable":true,"href":"https:\/\/www.clean-air.cz\/fr\/wp-json\/wp\/v2\/pages\/5338"}],"wp:attachment":[{"href":"https:\/\/www.clean-air.cz\/fr\/wp-json\/wp\/v2\/media?parent=7793"}],"curies":[{"name":"wp","href":"https:\/\/api.w.org\/{rel}","templated":true}]}}