{"id":7546,"date":"2019-11-25T08:16:57","date_gmt":"2019-11-25T07:16:57","guid":{"rendered":"https:\/\/www.clean-air.cz\/d-bug\/"},"modified":"2020-08-31T14:12:04","modified_gmt":"2020-08-31T12:12:04","slug":"d-bug","status":"publish","type":"page","link":"https:\/\/www.clean-air.cz\/fr\/papr\/d-bug\/","title":{"rendered":"D-Bug"},"content":{"rendered":"<p>[vc_row][vc_column width=\u00a0\u00bb1\/2&Prime;][vc_gallery interval=\u00a0\u00bb3&Prime; images=\u00a0\u00bb7523&Prime; img_size=\u00a0\u00bblarge\u00a0\u00bb][\/vc_column][vc_column width=\u00a0\u00bb1\/2&Prime;][vc_column_text]<strong><span style=\"font-size: 14pt; color: #be0300;\">Respirateur motoris\u00e9 \u00e0 air purifi\u00e9 tr\u00e8s l\u00e9ger permettant un usage versatile.<\/span><\/strong><\/p>\n<p>CleanAIR\u00ae D-BUG offre aux utilisateurs un choix de filtres \u00e0 particules ou combin\u00e9s sur un PAPR l\u00e9ger montable directement sur le masque complet. Cette solution offre une protection des voies respiratoires et du visage contre les particules, gaz et vapeurs nocifs. Le syst\u00e8me offre deux options de port: fix\u00e9 directement au masque complet, pour une totale libert\u00e9 de mouvement, ou port\u00e9 \u00e0 la ceinture \u00e0 l\u2019aide d\u2019un tuyau et d\u2019un adaptateur sp\u00e9cial fourni avec le respirateur, pour moins de poids au niveau de la t\u00eate. Le syst\u00e8me complet avec un masque facial complet Shigematsu et un filtre tr\u00e8s efficace garantit un facteur de protection nominale \u00e9lev\u00e9 (NPF 2000) et un d\u00e9bit d\u2019air suffisant. Le respirateur est \u00e9quip\u00e9 d\u2019un nouveau moteur sans brosse maintenant sa vitesse \u00e0 un niveau constant et avec un indicateur de batterie faible. Une attention particuli\u00e8re a \u00e9t\u00e9 port\u00e9e pour rendre le syst\u00e8me l\u00e9ger, simple de fonctionnement et de longue dur\u00e9e de vie. Le respirateur est lavable sous la douche.[\/vc_column_text][vc_btn title=\u00a0\u00bbD\u00e9couvrez notre gamme compl\u00e8te de cagoules l\u00e9g\u00e8res\u00a0\u00bb shape=\u00a0\u00bbsquare\u00a0\u00bb color=\u00a0\u00bbjuicy-pink\u00a0\u00bb size=\u00a0\u00bblg\u00a0\u00bb align=\u00a0\u00bbleft\u00a0\u00bb i_icon_fontawesome=\u00a0\u00bbfa fa-info-circle\u00a0\u00bb css_animation=\u00a0\u00bbnone\u00a0\u00bb add_icon=\u00a0\u00bbtrue\u00a0\u00bb link=\u00a0\u00bburl:https%3A%2F%2Fwww.clean-air.cz%2Ffr%2Fpapr%2F|title:D%C3%A9couvrez%20notre%20gamme%20compl%C3%A8te%20de%20cagoules%20l%C3%A9g%C3%A8res|\u00a0\u00bb][\/vc_column][\/vc_row][vc_row][vc_column][vc_tta_tabs style=\u00a0\u00bbmodern\u00a0\u00bb shape=\u00a0\u00bbsquare\u00a0\u00bb active_section=\u00a0\u00bb1&Prime; no_fill_content_area=\u00a0\u00bbtrue\u00a0\u00bb title=\u00a0\u00bbDetails\u00a0\u00bb][vc_tta_section i_icon_fontawesome=\u00a0\u00bbfa fa-industry\u00a0\u00bb add_icon=\u00a0\u00bbtrue\u00a0\u00bb title=\u00a0\u00bbDomaines d\u2019application\u00a0\u00bb tab_id=\u00a0\u00bb1513150336358-68add988-e9ea\u00a0\u00bb][vc_column_text]<span style=\"color: #be0300;\"><strong>Domaines d\u2019application<\/strong><\/span><\/p>\n<p>Le syst\u00e8me est compatible avec un usage dans des environnements souffrant d\u2019une pollution<br \/>\npar particules ou produits chimiques, comme dans le secteur du b\u00e2timent, l\u2019agriculture, les<br \/>\ntravaux publics, les op\u00e9rations de traitement, les op\u00e9rations de lutte contre les parasites.[\/vc_column_text][\/vc_tta_section][vc_tta_section i_icon_fontawesome=\u00a0\u00bbfa fa-thumbs-o-up\u00a0\u00bb add_icon=\u00a0\u00bbtrue\u00a0\u00bb title=\u00a0\u00bbCaract\u00e9ristiques et avantages\u00a0\u00bb tab_id=\u00a0\u00bb1513150336359-b7b65468-8021&Prime;][vc_column_text]<span style=\"color: #be0300;\"><strong>Caract\u00e9ristiques et avantages<\/strong><\/span><\/p>\n<ul>\n<li>Utilisable avec un filtre \u00e0 particules ou un filtre combin\u00e9<\/li>\n<li>Compact, l\u00e9ger<\/li>\n<li>Indicateur de batterie faible<\/li>\n<li>Fixable directement au masque ou \u00e0 la ceinture<\/li>\n<li>D\u00e9contamination sous la douche<\/li>\n<li>Le temps de fonctionnement peut d\u00e9passer les 7 heures en fonction du d\u00e9bit d\u2019air et des<br \/>\nfiltres utilis\u00e9s<\/li>\n<li>Compatible avec les masques complets Shigematsu GX02 et CF02<\/li>\n<li>Facteur de protection nominale \u00e9lev\u00e9 NPF 2000<\/li>\n<\/ul>\n<p>[\/vc_column_text][\/vc_tta_section][vc_tta_section i_icon_fontawesome=\u00a0\u00bbfa fa-cog\u00a0\u00bb add_icon=\u00a0\u00bbtrue\u00a0\u00bb title=\u00a0\u00bbKits complets, accessoires, filtres\u00a0\u00bb tab_id=\u00a0\u00bb1513153137048-5f8c31c5-30ea\u00a0\u00bb][vc_column_text]<\/p>\n<table style=\"width: 113.12%;\">\n<tbody>\n<tr>\n<td style=\"text-align: left; width: 112.696%;\" colspan=\"2\"><span style=\"color: #be0300;\"><strong>Ensembles complets<\/strong><\/span><\/td>\n<\/tr>\n<tr>\n<td style=\"text-align: left; width: 86.9382%;\">CleanAIR\u00ae D-Bug avec batterie, filtre ABEP 2x, tuyau 350 mm, chargeur<\/td>\n<td style=\"text-align: center; width: 25.7582%;\">49 00 02<\/td>\n<\/tr>\n<\/tbody>\n<\/table>\n<table style=\"width: 110.194%; height: 312px;\">\n<tbody>\n<tr style=\"height: 24px;\">\n<td style=\"text-align: left; width: 126.136%; height: 24px;\" colspan=\"2\"><span style=\"color: #be0300;\"><strong>Pi\u00e8ces d\u00e9tach\u00e9es, accessoires<\/strong><\/span><\/td>\n<\/tr>\n<tr style=\"height: 24px;\">\n<td style=\"text-align: left; width: 86.5151%; height: 24px;\">Filtre \u00e0 particules P R SL (ensemble 2 paires)<\/td>\n<td style=\"text-align: center; width: 39.6213%; height: 24px;\">30 00 10\/2<\/td>\n<\/tr>\n<tr style=\"height: 24px;\">\n<td style=\"text-align: left; width: 86.5151%; height: 24px;\">Pr\u00e9filtre CleanAIR\u00ae (lot de 10)<\/td>\n<td style=\"text-align: center; width: 39.6213%; height: 24px;\">30 00 15<\/td>\n<\/tr>\n<tr style=\"height: 24px;\">\n<td style=\"text-align: left; width: 86.5151%; height: 24px;\">Filtre combin\u00e9 A1P R SL (lot de 2)<\/td>\n<td style=\"text-align: center; width: 39.6213%; height: 24px;\">30 03 57<\/td>\n<\/tr>\n<tr style=\"height: 24px;\">\n<td style=\"text-align: left; width: 86.5151%; height: 24px;\">Filtre combin\u00e9 A1B1E1P R SL (lot de 2)<\/td>\n<td style=\"text-align: center; width: 39.6213%; height: 24px;\">30 03 64<\/td>\n<\/tr>\n<tr style=\"height: 24px;\">\n<td style=\"text-align: left; width: 86.5151%; height: 24px;\">Tuyau avec un support et une ceinture en latex pour CleanAIR\u00ae D-Bug<\/td>\n<td style=\"text-align: center; width: 39.6213%; height: 24px;\">56 00 20<\/td>\n<\/tr>\n<tr style=\"height: 24px;\">\n<td style=\"text-align: left; width: 86.5151%; height: 24px;\">Batterie rempla\u00e7able Li-Ion CA Asbest\/D-Bug 7,2 V \/ 2,6 Ah<\/td>\n<td style=\"text-align: center; width: 39.6213%; height: 24px;\">59 00 13<\/td>\n<\/tr>\n<tr style=\"height: 24px;\">\n<td style=\"text-align: left; width: 86.5151%; height: 24px;\">Chargeur de batterie Li-Ion CleanAIR Asbest\/D-bug, multiprise<\/td>\n<td style=\"text-align: center; width: 39.6213%; height: 24px;\">59 00 30<\/td>\n<\/tr>\n<tr style=\"height: 24px;\">\n<td style=\"text-align: left; width: 86.5151%; height: 24px;\">Tuyau souple l\u00e9ger pour CleanAIR\u00ae Asbest\/D-Bug<\/td>\n<td style=\"text-align: center; width: 39.6213%; height: 24px;\">70 00 87CA<\/td>\n<\/tr>\n<tr style=\"height: 24px;\">\n<td style=\"text-align: left; width: 86.5151%; height: 24px;\">Ceinture en latex pour CleanAIR Asbest\/D-bug<\/td>\n<td style=\"text-align: center; width: 39.6213%; height: 24px;\">70 00 97<\/td>\n<\/tr>\n<tr style=\"height: 24px;\">\n<td style=\"text-align: left; width: 86.5151%; height: 24px;\">Couvercle de filtre, pare-\u00e9tincelles, pr\u00e9-filtres (2 + 2 + 2)<\/td>\n<td style=\"text-align: center; width: 39.6213%; height: 24px;\">30 00 30<\/td>\n<\/tr>\n<tr style=\"height: 24px;\">\n<td style=\"text-align: left; width: 126.136%; height: 24px;\" colspan=\"2\"><span style=\"color: #be0300;\"><strong>Filtres compatibles<\/strong><\/span><\/td>\n<\/tr>\n<tr style=\"height: 24px;\">\n<td style=\"text-align: left; width: 86.5151%; height: 24px;\">Filtre \u00e0 particules P R SL filetage TR-110 (ensemble 2 paires)<span style=\"color: #be0300;\"><strong><br \/>\n<\/strong><\/span><\/td>\n<td style=\"width: 39.6213%; height: 24px; text-align: center;\">30 00 10\/2<\/td>\n<\/tr>\n<tr>\n<td style=\"text-align: left; width: 86.5151%;\">Pr\u00e9filtre pour filtres \u00e0 filetage TR-110 (lot de 10)<\/td>\n<td style=\"width: 39.6213%; text-align: center;\">30 00 15<\/td>\n<\/tr>\n<tr>\n<td style=\"text-align: left; width: 86.5151%;\">Filtre combin\u00e9 A1P R SL filetage TR-110 (lot de 2 pc)<\/td>\n<td style=\"width: 39.6213%; text-align: center;\">30 03 57<\/td>\n<\/tr>\n<tr>\n<td style=\"text-align: left; width: 86.5151%;\">Filtre combin\u00e9 A1B1E1P R SL filetage TR-110 (lot de 2 pc)<\/td>\n<td style=\"width: 39.6213%; text-align: center;\">30 03 64<\/td>\n<\/tr>\n<\/tbody>\n<\/table>\n<p>[\/vc_column_text][\/vc_tta_section][vc_tta_section i_icon_fontawesome=\u00a0\u00bbfa fa-wrench\u00a0\u00bb add_icon=\u00a0\u00bbtrue\u00a0\u00bb title=\u00a0\u00bbDonn\u00e9es techniques\u00a0\u00bb tab_id=\u00a0\u00bb1513153797992-792040b0-82c9&Prime;][vc_column_text]<\/p>\n<table>\n<tbody>\n<tr>\n<td style=\"text-align: left;\">Poids<\/td>\n<td style=\"text-align: center;\">210 g (hors filtre et batterie)<\/td>\n<\/tr>\n<tr>\n<td style=\"text-align: left;\">D\u00e9bit d\u2019air<\/td>\n<td style=\"text-align: center;\">200 l\/min avec filtre \u00e0 particules P R SL<br \/>\n100 l\/min avec filtre combin\u00e9 A1B1E1P R SL<\/td>\n<\/tr>\n<tr>\n<td style=\"text-align: left;\">Type de filtre<\/td>\n<td style=\"text-align: center;\">\u00e0 particules P R SL<br \/>\ncombin\u00e9 A1B1E1P R SL<\/td>\n<\/tr>\n<tr>\n<td style=\"text-align: left;\">Batterie<\/td>\n<td style=\"text-align: center;\">Li-Ion 7,2 V \/ 2,6 Ah<\/td>\n<\/tr>\n<tr>\n<td style=\"text-align: left;\">Temps de fonctionnement<\/td>\n<td style=\"text-align: center;\">460 min avec filtre P R SL<br \/>\n510 min avec filtre combin\u00e9 A1B1E1P R SL<\/td>\n<\/tr>\n<tr>\n<td style=\"text-align: left;\">Facteur de protection<br \/>\nnominale (NPF)<\/td>\n<td style=\"text-align: center;\">2 000<\/td>\n<\/tr>\n<tr>\n<td style=\"text-align: left;\">Certification<\/td>\n<td style=\"text-align: center;\">EN 12942 TM3<\/td>\n<\/tr>\n<\/tbody>\n<\/table>\n<p>[\/vc_column_text][\/vc_tta_section][vc_tta_section i_icon_fontawesome=\u00a0\u00bbfa fa-download\u00a0\u00bb add_icon=\u00a0\u00bbtrue\u00a0\u00bb title=\u00a0\u00bbDownloads\u00a0\u00bb tab_id=\u00a0\u00bb1513154098935-95c74e4f-fa1e\u00a0\u00bb][vc_column_text][\/vc_column_text][\/vc_tta_section][vc_tta_section i_icon_fontawesome=\u00a0\u00bbfa fa-picture-o\u00a0\u00bb add_icon=\u00a0\u00bbtrue\u00a0\u00bb title=\u00a0\u00bbGallery\u00a0\u00bb tab_id=\u00a0\u00bb1515415801460-0c2258c9-4574&Prime;][vc_gallery type=\u00a0\u00bbimage_grid\u00a0\u00bb images=\u00a0\u00bb7523,7528,7533&Prime; img_size=\u00a0\u00bbmedium\u00a0\u00bb css_animation=\u00a0\u00bbfadeIn\u00a0\u00bb css=\u00a0\u00bb.vc_custom_1574666218266{padding-left: 280px !important;}\u00a0\u00bb][\/vc_tta_section][\/vc_tta_tabs][\/vc_column][\/vc_row]<\/p>\n","protected":false},"excerpt":{"rendered":"<p>[vc_row][vc_column width=\u00a0\u00bb1\/2&Prime;][vc_gallery interval=\u00a0\u00bb3&Prime; images=\u00a0\u00bb7523&Prime; img_size=\u00a0\u00bblarge\u00a0\u00bb][\/vc_column][vc_column width=\u00a0\u00bb1\/2&Prime;][vc_column_text]Respirateur motoris\u00e9 \u00e0 air purifi\u00e9 tr\u00e8s l\u00e9ger permettant un usage versatile. CleanAIR\u00ae D-BUG offre aux utilisateurs un choix de filtres \u00e0 particules ou combin\u00e9s sur un PAPR l\u00e9ger montable directement sur le masque complet. Cette solution offre une protection des voies respiratoires et du visage contre les particules, gaz et vapeurs nocifs. Le syst\u00e8me offre deux options de port: fix\u00e9 directement au masque complet, pour<\/p>\n<p><a class=\"more-link\" href=\"https:\/\/www.clean-air.cz\/fr\/papr\/d-bug\/\">Lire la suite&#8230;<\/a><\/p>\n","protected":false},"author":11,"featured_media":0,"parent":5338,"menu_order":0,"comment_status":"closed","ping_status":"closed","template":"","meta":{"footnotes":""},"_links":{"self":[{"href":"https:\/\/www.clean-air.cz\/fr\/wp-json\/wp\/v2\/pages\/7546"}],"collection":[{"href":"https:\/\/www.clean-air.cz\/fr\/wp-json\/wp\/v2\/pages"}],"about":[{"href":"https:\/\/www.clean-air.cz\/fr\/wp-json\/wp\/v2\/types\/page"}],"author":[{"embeddable":true,"href":"https:\/\/www.clean-air.cz\/fr\/wp-json\/wp\/v2\/users\/11"}],"replies":[{"embeddable":true,"href":"https:\/\/www.clean-air.cz\/fr\/wp-json\/wp\/v2\/comments?post=7546"}],"version-history":[{"count":0,"href":"https:\/\/www.clean-air.cz\/fr\/wp-json\/wp\/v2\/pages\/7546\/revisions"}],"up":[{"embeddable":true,"href":"https:\/\/www.clean-air.cz\/fr\/wp-json\/wp\/v2\/pages\/5338"}],"wp:attachment":[{"href":"https:\/\/www.clean-air.cz\/fr\/wp-json\/wp\/v2\/media?parent=7546"}],"curies":[{"name":"wp","href":"https:\/\/api.w.org\/{rel}","templated":true}]}}