{"id":5391,"date":"2018-06-06T09:44:14","date_gmt":"2018-06-06T07:44:14","guid":{"rendered":"https:\/\/www.clean-air.cz\/cleanair-welding-chemical-protection-papr\/"},"modified":"2026-04-21T08:01:33","modified_gmt":"2026-04-21T06:01:33","slug":"cleanair-welding-chemical-protection-papr","status":"publish","type":"page","link":"https:\/\/www.clean-air.cz\/fr\/","title":{"rendered":"CleanAIR \u2013 syst\u00e8mes individuels de protection des voies respiratoires"},"content":{"rendered":"<p>[vc_row full_width=\u00a0\u00bbstretch_row\u00a0\u00bb css=\u00a0\u00bb.vc_custom_1541165119459{padding-bottom: 0px !important;background-color: #ffffff !important;background-position: center !important;background-repeat: no-repeat !important;background-size: cover !important;}\u00a0\u00bb][vc_column width=\u00a0\u00bb1\/3&Prime; css=\u00a0\u00bb.vc_custom_1515676975015{background-color: #ffffff !important;background-position: center !important;background-repeat: no-repeat !important;background-size: cover !important;}\u00a0\u00bb][vc_hoverbox image=\u00a0\u00bb2967&Prime; primary_title=\u00a0\u00bbSoudage et production\u00a0\u00bb primary_title_font_container=\u00a0\u00bbcolor:%23ffffff\u00a0\u00bb hover_title=\u00a0\u00bbSoudage et production\u00a0\u00bb hover_title_font_container=\u00a0\u00bbcolor:%23ffffff\u00a0\u00bb shape=\u00a0\u00bbsquare\u00a0\u00bb hover_background_color=\u00a0\u00bbcustom\u00a0\u00bb hover_btn_title=\u00a0\u00bbEn savoir plus\u00a0\u00bb hover_btn_style=\u00a0\u00bbcustom\u00a0\u00bb hover_btn_custom_background=\u00a0\u00bb#c00d0d\u00a0\u00bb hover_btn_custom_text=\u00a0\u00bb#ffffff\u00a0\u00bb hover_btn_shape=\u00a0\u00bbsquare\u00a0\u00bb use_custom_fonts_primary_title=\u00a0\u00bbtrue\u00a0\u00bb use_custom_fonts_hover_title=\u00a0\u00bbtrue\u00a0\u00bb hover_add_button=\u00a0\u00bbtrue\u00a0\u00bb primary_title_link=\u00a0\u00bburl:https%3A%2F%2Fwww.clean-air.cz%2Ffr%2Fwelding-manufacturing-construction%2F|\u00a0\u00bb hover_btn_link=\u00a0\u00bburl:https%3A%2F%2Fwww.clean-air.cz%2Ffr%2Fwelding-manufacturing-construction%2F|\u00a0\u00bb hover_custom_background=\u00a0\u00bbrgba(41,63,134,0.95)\u00a0\u00bb hover_title_link=\u00a0\u00bburl:https%3A%2F%2Fwww.clean-air.cz%2Ffr%2Fwelding-manufacturing-construction%2F|\u00a0\u00bb]<\/p>\n<div class=\"frontboxeshover\">D\u00e9couvrez les bienfaits des <strong>syst\u00e8mes de protection des voies respiratoires CleanAIR\u00ae<\/strong> pour les professionnels travaillant dans les conditions les plus difficiles. Si vous travaillez sur des <strong>chantiers navals<\/strong>, des <strong>chantiers de construction<\/strong>, dans des usines de production ou comme <strong>soudeur embarqu\u00e9<\/strong>, vous appr\u00e9cierez s\u00fbrement la large gamme et la grande qualit\u00e9 des produits de la marque CleanAIR\u00ae.<\/div>\n<p>[\/vc_hoverbox][\/vc_column][vc_column width=\u00a0\u00bb1\/3&Prime;][vc_hoverbox image=\u00a0\u00bb2961&Prime; primary_title=\u00a0\u00bbSecteurs chimique, laboratoires et pharmaceutique\u00a0\u00bb primary_title_font_container=\u00a0\u00bbcolor:%23ffffff\u00a0\u00bb hover_title=\u00a0\u00bbSecteurs chimique, laboratoires et pharmaceutique\u00a0\u00bb hover_title_font_container=\u00a0\u00bbcolor:%23ffffff\u00a0\u00bb shape=\u00a0\u00bbsquare\u00a0\u00bb hover_background_color=\u00a0\u00bbcustom\u00a0\u00bb hover_btn_title=\u00a0\u00bbEn savoir plus\u00a0\u00bb hover_btn_style=\u00a0\u00bbcustom\u00a0\u00bb hover_btn_custom_background=\u00a0\u00bb#c00d0d\u00a0\u00bb hover_btn_custom_text=\u00a0\u00bb#ffffff\u00a0\u00bb hover_btn_shape=\u00a0\u00bbsquare\u00a0\u00bb use_custom_fonts_primary_title=\u00a0\u00bbtrue\u00a0\u00bb use_custom_fonts_hover_title=\u00a0\u00bbtrue\u00a0\u00bb hover_add_button=\u00a0\u00bbtrue\u00a0\u00bb primary_title_link=\u00a0\u00bburl:https%3A%2F%2Fwww.clean-air.cz%2Ffr%2Fchemical-lab-pharmacy%2F|title:Secteurs%20chimique%2C%20laboratoires%20et%20pharmaceutique|\u00a0\u00bb hover_btn_link=\u00a0\u00bburl:https%3A%2F%2Fwww.clean-air.cz%2Ffr%2Fchemical-lab-pharmacy%2F|title:Secteurs%20chimique%2C%20laboratoires%20et%20pharmaceutique|\u00a0\u00bb hover_custom_background=\u00a0\u00bbrgba(220,145,27,0.95)\u00a0\u00bb hover_title_link=\u00a0\u00bburl:https%3A%2F%2Fwww.clean-air.cz%2Ffr%2Fchemical-lab-pharmacy%2F|title:Secteurs%20chimique%2C%20laboratoires%20et%20pharmaceutique|\u00a0\u00bb]<\/p>\n<div class=\"frontboxeshover\">D\u00e9couvrez les bienfaits des <strong>syst\u00e8mes de protection des voies respiratoires CleanAIR\u00ae<\/strong> pour les professionnels travaillant dans les conditions les plus difficiles. Si vous travaillez sur des <strong>chantiers navals<\/strong>, des <strong>chantiers de construction<\/strong>, dans des usines de production ou comme <strong>soudeur embarqu\u00e9<\/strong>, vous appr\u00e9cierez s\u00fbrement la large gamme et la grande qualit\u00e9 des produits de la marque CleanAIR\u00ae.<\/div>\n<p>[\/vc_hoverbox][\/vc_column][vc_column width=\u00a0\u00bb1\/3&Prime;][vc_hoverbox image=\u00a0\u00bb2973&Prime; primary_title=\u00a0\u00bbD\u00e9samiantage\u00a0\u00bb primary_title_font_container=\u00a0\u00bbcolor:%23ffffff\u00a0\u00bb hover_title=\u00a0\u00bbD\u00e9samiantage\u00a0\u00bb hover_title_font_container=\u00a0\u00bbcolor:%23ffffff\u00a0\u00bb shape=\u00a0\u00bbsquare\u00a0\u00bb hover_background_color=\u00a0\u00bbcustom\u00a0\u00bb hover_btn_title=\u00a0\u00bbEn savoir plus\u00a0\u00bb hover_btn_style=\u00a0\u00bbcustom\u00a0\u00bb hover_btn_custom_background=\u00a0\u00bb#a41515&Prime; hover_btn_custom_text=\u00a0\u00bb#ffffff\u00a0\u00bb hover_btn_shape=\u00a0\u00bbsquare\u00a0\u00bb use_custom_fonts_primary_title=\u00a0\u00bbtrue\u00a0\u00bb use_custom_fonts_hover_title=\u00a0\u00bbtrue\u00a0\u00bb hover_add_button=\u00a0\u00bbtrue\u00a0\u00bb primary_title_link=\u00a0\u00bburl:https%3A%2F%2Fwww.clean-air.cz%2Ffr%2Fasbestos-remediation%2F|\u00a0\u00bb hover_btn_link=\u00a0\u00bburl:https%3A%2F%2Fwww.clean-air.cz%2Ffr%2Fasbestos-remediation%2F|\u00a0\u00bb hover_custom_background=\u00a0\u00bb#494949&Prime; hover_title_link=\u00a0\u00bburl:https%3A%2F%2Fwww.clean-air.cz%2Ffr%2Fasbestos-remediation%2F|\u00a0\u00bb]<\/p>\n<div class=\"frontboxeshover\">CleanAIR\u00ae est un syst\u00e8me individuel de protection des voies respiratoires bas\u00e9 sur le principe de surpression de l\u2019air filtr\u00e9 dans la zone de respiration. Le respirateur est plac\u00e9 \u00e0 la ceinture de l\u2019utilisateur et filtre l\u2019air de l\u2019environnement avant de le transmettre \u00e0 travers un tube respiratoire dans un masque ou une cagoule de protection. La surpression emp\u00eache les polluants d\u2019entrer dans la zone de respiration. Cette l\u00e9g\u00e8re surpression garantit en m\u00eame le confort de l\u2019utilisateur.<\/div>\n<p>[\/vc_hoverbox][\/vc_column][\/vc_row][vc_row full_width=\u00a0\u00bbstretch_row\u00a0\u00bb][vc_column width=\u00a0\u00bb1\/4&Prime;][vc_column_text]<a href=\"https:\/\/www.clean-air.cz\/fr\/general-catalogue\/mockups-design-2-2\/\" rel=\"attachment wp-att-25493\"><img loading=\"lazy\" decoding=\"async\" class=\"alignnone size-large wp-image-25493\" src=\"https:\/\/www.clean-air.cz\/wp-content\/uploads\/2025\/05\/Catalogue_Clean-AIR_2023-EN-mockup-1024x718.jpg\" alt=\"\" width=\"1024\" height=\"718\" srcset=\"https:\/\/www.clean-air.cz\/wp-content\/uploads\/2025\/05\/Catalogue_Clean-AIR_2023-EN-mockup-1024x718.jpg 1024w, https:\/\/www.clean-air.cz\/wp-content\/uploads\/2025\/05\/Catalogue_Clean-AIR_2023-EN-mockup-300x210.jpg 300w, https:\/\/www.clean-air.cz\/wp-content\/uploads\/2025\/05\/Catalogue_Clean-AIR_2023-EN-mockup-768x538.jpg 768w, https:\/\/www.clean-air.cz\/wp-content\/uploads\/2025\/05\/Catalogue_Clean-AIR_2023-EN-mockup-1536x1076.jpg 1536w, https:\/\/www.clean-air.cz\/wp-content\/uploads\/2025\/05\/Catalogue_Clean-AIR_2023-EN-mockup-2048x1435.jpg 2048w, https:\/\/www.clean-air.cz\/wp-content\/uploads\/2025\/05\/Catalogue_Clean-AIR_2023-EN-mockup-800x561.jpg 800w\" sizes=\"(max-width: 1024px) 100vw, 1024px\" \/><\/a>[\/vc_column_text][\/vc_column][vc_column width=\u00a0\u00bb3\/4&Prime;][vc_column_text]<span style=\"font-size: 18pt;\">Nouveau catalogue disponible<\/span><br \/>\n<a class=\"button button-border button-light button-rounded uppercase nomargin\" href=\"https:\/\/www.clean-air.cz\/wp-content\/uploads\/2026\/04\/CleanAIR-catalogue_2026-FR.pdf\" rel=\"noopener\">T\u00e9l\u00e9charger<\/a>[\/vc_column_text][\/vc_column][\/vc_row][vc_row full_width=\u00a0\u00bbstretch_row\u00a0\u00bb][vc_column]<div class=\"tv_color_box col-padding dark ohidden\" style=\"background-color:#a41515; margin-left:-15px; margin-right:-15px;\"><div><h3 class=\"uppercase\" style=\"font-size: 24px; font-weight:600; margin-top:0;\">L'ASSURANCE QUALIT\u00c9<\/h3><p style=\"line-height: 1.8;\">- La soci\u00e9t\u00e9 MALINA - Safety s.r.o. dispose d'un syst\u00e8me de gestion de la qualit\u00e9 certifi\u00e9 ISO 9001:2008 et AQAP 2110.<\/p><a href=\"https:\/\/www.clean-air.cz\/about-cleanair\/quality-certificates\/\" class=\"button button-border button-light button-rounded uppercase nomargin\">En savoir plus<\/a><i class=\"fa fa-users bgicon\"><\/i><\/div><\/div>[\/vc_column][\/vc_row]<\/p>\n","protected":false},"excerpt":{"rendered":"<p>[vc_row full_width=\u00a0\u00bbstretch_row\u00a0\u00bb css=\u00a0\u00bb.vc_custom_1541165119459{padding-bottom: 0px !important;background-color: #ffffff !important;background-position: center !important;background-repeat: no-repeat !important;background-size: cover !important;}\u00a0\u00bb][vc_column width=\u00a0\u00bb1\/3&Prime; css=\u00a0\u00bb.vc_custom_1515676975015{background-color: #ffffff !important;background-position: center !important;background-repeat: no-repeat !important;background-size: cover !important;}\u00a0\u00bb][vc_hoverbox image=\u00a0\u00bb2967&Prime; primary_title=\u00a0\u00bbSoudage et production\u00a0\u00bb primary_title_font_container=\u00a0\u00bbcolor:%23ffffff\u00a0\u00bb hover_title=\u00a0\u00bbSoudage et production\u00a0\u00bb hover_title_font_container=\u00a0\u00bbcolor:%23ffffff\u00a0\u00bb shape=\u00a0\u00bbsquare\u00a0\u00bb hover_background_color=\u00a0\u00bbcustom\u00a0\u00bb hover_btn_title=\u00a0\u00bbEn savoir plus\u00a0\u00bb hover_btn_style=\u00a0\u00bbcustom\u00a0\u00bb hover_btn_custom_background=\u00a0\u00bb#c00d0d\u00a0\u00bb hover_btn_custom_text=\u00a0\u00bb#ffffff\u00a0\u00bb hover_btn_shape=\u00a0\u00bbsquare\u00a0\u00bb use_custom_fonts_primary_title=\u00a0\u00bbtrue\u00a0\u00bb use_custom_fonts_hover_title=\u00a0\u00bbtrue\u00a0\u00bb hover_add_button=\u00a0\u00bbtrue\u00a0\u00bb primary_title_link=\u00a0\u00bburl:https%3A%2F%2Fwww.clean-air.cz%2Ffr%2Fwelding-manufacturing-construction%2F|\u00a0\u00bb hover_btn_link=\u00a0\u00bburl:https%3A%2F%2Fwww.clean-air.cz%2Ffr%2Fwelding-manufacturing-construction%2F|\u00a0\u00bb hover_custom_background=\u00a0\u00bbrgba(41,63,134,0.95)\u00a0\u00bb hover_title_link=\u00a0\u00bburl:https%3A%2F%2Fwww.clean-air.cz%2Ffr%2Fwelding-manufacturing-construction%2F|\u00a0\u00bb] D\u00e9couvrez les bienfaits des syst\u00e8mes de protection des voies respiratoires CleanAIR\u00ae pour les professionnels travaillant dans les conditions les plus difficiles. Si<\/p>\n<p><a class=\"more-link\" href=\"https:\/\/www.clean-air.cz\/fr\/\">Lire la suite&#8230;<\/a><\/p>\n","protected":false},"author":11,"featured_media":0,"parent":0,"menu_order":0,"comment_status":"closed","ping_status":"open","template":"","meta":{"footnotes":""},"_links":{"self":[{"href":"https:\/\/www.clean-air.cz\/fr\/wp-json\/wp\/v2\/pages\/5391"}],"collection":[{"href":"https:\/\/www.clean-air.cz\/fr\/wp-json\/wp\/v2\/pages"}],"about":[{"href":"https:\/\/www.clean-air.cz\/fr\/wp-json\/wp\/v2\/types\/page"}],"author":[{"embeddable":true,"href":"https:\/\/www.clean-air.cz\/fr\/wp-json\/wp\/v2\/users\/11"}],"replies":[{"embeddable":true,"href":"https:\/\/www.clean-air.cz\/fr\/wp-json\/wp\/v2\/comments?post=5391"}],"version-history":[{"count":0,"href":"https:\/\/www.clean-air.cz\/fr\/wp-json\/wp\/v2\/pages\/5391\/revisions"}],"wp:attachment":[{"href":"https:\/\/www.clean-air.cz\/fr\/wp-json\/wp\/v2\/media?parent=5391"}],"curies":[{"name":"wp","href":"https:\/\/api.w.org\/{rel}","templated":true}]}}