{"id":5387,"date":"2018-06-06T15:57:49","date_gmt":"2018-06-06T13:57:49","guid":{"rendered":"https:\/\/www.clean-air.cz\/headtops\/light-hoods\/short-hood-ca-1\/"},"modified":"2025-08-14T11:17:37","modified_gmt":"2025-08-14T09:17:37","slug":"short-hood-ca-1","status":"publish","type":"page","link":"https:\/\/www.clean-air.cz\/fr\/headtops\/light-hoods\/short-hood-ca-1\/","title":{"rendered":"Cagoule courte CA-1\/CA-1+"},"content":{"rendered":"<p>[vc_row][vc_column width=\u00a0\u00bb1\/2&Prime;][vc_gallery interval=\u00a0\u00bb0&Prime; images=\u00a0\u00bb10360,10370,10375,10380,10365&Prime; img_size=\u00a0\u00bblarge\u00a0\u00bb][\/vc_column][vc_column width=\u00a0\u00bb1\/2&Prime;][vc_column_text]<strong><span style=\"font-size: 14pt; color: #be0300;\">Cagoule ultra l\u00e9g\u00e8re avec une protection des<br \/>\nvoies respiratoires de qualit\u00e9 sup\u00e9rieure<\/span><\/strong><\/p>\n<p>Cette cagoule courte et l\u00e9g\u00e8re est une solution optimale en mati\u00e8re de protection des voies respiratoires et du visage dans des environnements poussi\u00e9reux, lorsque aucune protection m\u00e9canique suppl\u00e9mentaire n\u2019est requise. Associ\u00e9e aux PAPR ou syst\u00e8mes CleanAIR\u00ae, elle offre le niveau maximum de protection des voies respiratoires. Elle s\u2019adapte parfaitement aux diff\u00e9rents types de t\u00eate gr\u00e2ce \u00e0 son serre-t\u00eate r\u00e9glable et son bandeau \u00e9lastique confortable. La distance de la visi\u00e8re peut \u00eatre r\u00e9gl\u00e9e individuellement, tout comme le p\u00e9rim\u00e8tre du bandeau. Le tissu en nylon l\u00e9ger et la coupe ample la rendent agr\u00e9able en cas de port prolong\u00e9. Sa visi\u00e8re \u00e0 champ panoramique avec rev\u00eatement antibu\u00e9e garantit une vision d\u00e9gag\u00e9e et offre une protection m\u00e9canique de base pour les yeux.[\/vc_column_text][\/vc_column][\/vc_row][vc_row][vc_column][vc_tta_tabs style=\u00a0\u00bbmodern\u00a0\u00bb shape=\u00a0\u00bbsquare\u00a0\u00bb active_section=\u00a0\u00bb1&Prime; no_fill_content_area=\u00a0\u00bbtrue\u00a0\u00bb title=\u00a0\u00bbD\u00e9tails\u00a0\u00bb][vc_tta_section i_icon_fontawesome=\u00a0\u00bbfa fa-industry\u00a0\u00bb add_icon=\u00a0\u00bbtrue\u00a0\u00bb title=\u00a0\u00bbDomaines d\u2019application\u00a0\u00bb tab_id=\u00a0\u00bb1513150336358-68add988-e9ea\u00a0\u00bb][vc_column_text]<span style=\"color: #be0300;\"><strong>Domaines d&rsquo;application<\/strong><\/span><\/p>\n<p>Utilisation dans des environnements de poussi\u00e8res non toxiques dans le secteur de la production, du traitement du bois, dans l\u2019industrie alimentaire, les mines, l\u2019agriculture, etc.[\/vc_column_text][\/vc_tta_section][vc_tta_section i_icon_fontawesome=\u00a0\u00bbfa fa-thumbs-o-up\u00a0\u00bb add_icon=\u00a0\u00bbtrue\u00a0\u00bb title=\u00a0\u00bbCaract\u00e9ristiques et avantages\u00a0\u00bb tab_id=\u00a0\u00bb1513150336359-b7b65468-8021&Prime;][vc_column_text]<span style=\"color: #be0300;\"><strong>Caract\u00e9ristiques et avantages<\/strong><\/span><\/p>\n<p><span style=\"font-size: 1rem;\">\u2022 Protection des voies respiratoires de qualit\u00e9 sup\u00e9rieure<br \/>\n\u2022 Grande visi\u00e8re avec rev\u00eatement antibu\u00e9e<br \/>\n\u2022 R\u00e9glages de serre-t\u00eate individuels \u2013 r\u00e9glage du p\u00e9rim\u00e8tre et de la distance de la visi\u00e8re<br \/>\n\u2022 Agr\u00e9able \u00e0 porter gr\u00e2ce \u00e0 sa coupe ample et \u00e0 son mat\u00e9riau durable l\u00e9ger<br \/>\n\u2022 Protection m\u00e9canique de base pour les yeux<br \/>\n\u2022 Couche sup\u00e9rieure r\u00e9fl\u00e9chissante pratique<br \/>\n\u2022 Option CA-2 plus longue recouvrant le cou disponible<\/span><br \/>\n[\/vc_column_text][\/vc_tta_section][vc_tta_section i_icon_fontawesome=\u00a0\u00bbfa fa-cog\u00a0\u00bb add_icon=\u00a0\u00bbtrue\u00a0\u00bb title=\u00a0\u00bbKits complets, accessoires, filtres\u00a0\u00bb tab_id=\u00a0\u00bb1513153137048-5f8c31c5-30ea\u00a0\u00bb][vc_column_text]<\/p>\n<table style=\"width: 100%; height: 336px;\">\n<tbody>\n<tr style=\"height: 24px;\">\n<td style=\"width: 99.84%; height: 24px;\" colspan=\"2\"><span style=\"color: #be0300;\"><strong>Ensembles complets<\/strong><\/span><\/td>\n<\/tr>\n<tr style=\"height: 24px;\">\n<td style=\"width: 76.96%; height: 24px;\">Cagoule de protection courte CA-1, orange<\/td>\n<td style=\"width: 22.88%; height: 24px;\">72 01 02<\/td>\n<\/tr>\n<tr style=\"height: 24px;\">\n<td style=\"width: 76.96%; height: 24px;\">Cagoule de protection courte CA-1, bleue<\/td>\n<td style=\"width: 22.88%; height: 24px;\">72 01 02B<\/td>\n<\/tr>\n<tr style=\"height: 24px;\">\n<td style=\"width: 99.84%; height: 24px;\" colspan=\"2\"><span style=\"color: #be0300;\"><strong>Pi\u00e8ces d\u00e9tach\u00e9es, accessoires<\/strong><\/span><\/td>\n<\/tr>\n<tr style=\"height: 24px;\">\n<td style=\"width: 76.96%; height: 24px;\">Bandeau anti-transpirant pour cagoules l\u00e9g\u00e8res \u2013 lot de 5<\/td>\n<td style=\"width: 22.88%; height: 24px;\">16 70 03\/5<\/td>\n<\/tr>\n<tr style=\"height: 24px;\">\n<td style=\"width: 76.96%; height: 24px;\">Film de protection \u2013 10x<\/td>\n<td style=\"width: 22.88%; height: 24px;\">70 01 20\/10<\/td>\n<\/tr>\n<tr style=\"height: 24px;\">\n<td style=\"width: 76.96%; height: 24px;\">Bandeau anti-transpirant pour cagoules l\u00e9g\u00e8res CleanAIR\u00ae, r\u00e9glable<\/td>\n<td style=\"width: 22.88%; height: 24px;\">72 00 01<\/td>\n<\/tr>\n<\/tbody>\n<\/table>\n<p>[\/vc_column_text][\/vc_tta_section][vc_tta_section i_icon_fontawesome=\u00a0\u00bbfa fa-wrench\u00a0\u00bb add_icon=\u00a0\u00bbtrue\u00a0\u00bb title=\u00a0\u00bbDonn\u00e9es techniques\u00a0\u00bb tab_id=\u00a0\u00bb1513153797992-792040b0-82c9&Prime;][vc_column_text]<\/p>\n<table>\n<tbody>\n<tr>\n<td style=\"text-align: left;\"><span style=\"color: #be0300;\"><strong>Poids<\/strong><\/span><\/td>\n<td style=\"text-align: center;\">220 g<\/td>\n<\/tr>\n<tr>\n<td style=\"text-align: left;\"><span style=\"color: #be0300;\"><strong>Mat\u00e9riau<\/strong><\/span><\/td>\n<td style=\"text-align: center;\">cagoule\u2013 nylon<br \/>\nvisi\u00e8re \u2013 cellulose proportionn\u00e9e<\/td>\n<\/tr>\n<tr>\n<td style=\"text-align: left;\"><span style=\"color: #be0300;\"><strong>Couleour<\/strong><\/span><\/td>\n<td style=\"text-align: center;\">orange \/ bleue<\/td>\n<\/tr>\n<tr>\n<td style=\"text-align: left;\"><span style=\"color: #be0300;\"><strong>Facteur de protection<br \/>\nnominale (NPF)<\/strong><\/span><\/td>\n<td style=\"text-align: center;\">500<\/td>\n<\/tr>\n<tr>\n<td style=\"text-align: left;\"><span style=\"color: #be0300;\"><strong>Raccord de tuyau<\/strong><\/span><\/td>\n<td style=\"text-align: center;\">QuickLOCK\u2122<\/td>\n<\/tr>\n<tr>\n<td style=\"text-align: left;\"><span style=\"color: #be0300;\"><strong>Certification<\/strong><\/span><\/td>\n<td style=\"text-align: center;\">EN 12941 TH3<br \/>\nEN 14594 3A<br \/>\nEN 166 1 S F<\/td>\n<\/tr>\n<\/tbody>\n<\/table>\n<p>[\/vc_column_text][\/vc_tta_section][vc_tta_section i_icon_fontawesome=\u00a0\u00bbfa fa-download\u00a0\u00bb add_icon=\u00a0\u00bbtrue\u00a0\u00bb title=\u00a0\u00bbT\u00e9l\u00e9chargements\u00a0\u00bb tab_id=\u00a0\u00bb1513154098935-95c74e4f-fa1e\u00a0\u00bb][vc_column_text]<a href=\"https:\/\/www.clean-air.cz\/wp-content\/uploads\/2024\/09\/User-manual-CNA-076-R07-Light-headtops_DIGI.pdf\">User manual &#8211; CNA-076-R07 &#8211; Light headtops_DIGI<\/a><\/p>\n<p><a href=\"https:\/\/www.clean-air.cz\/wp-content\/uploads\/2024\/12\/DA-002_-_720112_-_CA-1_Plus_-_EN.pdf\">Datasheet<\/a><a href=\"https:\/\/www.clean-air.cz\/wp-content\/uploads\/2024\/10\/DA-039_-_720102_-_CA-1_-_EN.pdf\">_-_720102_-_CA-1_-_EN<\/a><\/p>\n<p><a href=\"https:\/\/www.clean-air.cz\/wp-content\/uploads\/2024\/12\/DA-002_-_720112_-_CA-1_Plus_-_EN.pdf\">Datasheet_-_720112_-_CA-1_Plus_-_EN<\/a><\/p>\n<p><a href=\"https:\/\/www.clean-air.cz\/wp-content\/uploads\/2021\/04\/DA-001_-_720101_-_CA-1_Lite_-_EN.pdf\" target=\"_blank\" rel=\"noopener\">Datasheet &#8211; 720101 &#8211; CA-1 Lite &#8211; EN<\/a><\/p>\n<p><a href=\"https:\/\/www.clean-air.cz\/wp-content\/uploads\/2024\/09\/PS-720100-1-R5-CA-1-CA-1.pdf\">PS-720100-1-R5 CA-1, CA-1+<\/a><\/p>\n<p><a href=\"https:\/\/www.clean-air.cz\/wp-content\/uploads\/2024\/09\/PS-720100-1-R5-CA-1-CA-1-CZ.pdf\">PS-720100-1-R5 CA-1, CA-1+ CZ<\/a>[\/vc_column_text][\/vc_tta_section][vc_tta_section i_icon_fontawesome=\u00a0\u00bbfa fa-picture-o\u00a0\u00bb add_icon=\u00a0\u00bbtrue\u00a0\u00bb title=\u00a0\u00bbGalerie\u00a0\u00bb tab_id=\u00a0\u00bb1515415801460-0c2258c9-4574&Prime;][vc_gallery type=\u00a0\u00bbimage_grid\u00a0\u00bb images=\u00a0\u00bb8622,8614,8609,8617,8604,8599&Prime; img_size=\u00a0\u00bbmedium\u00a0\u00bb css_animation=\u00a0\u00bbfadeIn\u00a0\u00bb css=\u00a0\u00bb.vc_custom_1580719050508{padding-left: 280px !important;}\u00a0\u00bb][\/vc_tta_section][\/vc_tta_tabs][\/vc_column][\/vc_row]<\/p>\n","protected":false},"excerpt":{"rendered":"<p>[vc_row][vc_column width=\u00a0\u00bb1\/2&Prime;][vc_gallery interval=\u00a0\u00bb0&Prime; images=\u00a0\u00bb10360,10370,10375,10380,10365&Prime; img_size=\u00a0\u00bblarge\u00a0\u00bb][\/vc_column][vc_column width=\u00a0\u00bb1\/2&Prime;][vc_column_text]Cagoule ultra l\u00e9g\u00e8re avec une protection des voies respiratoires de qualit\u00e9 sup\u00e9rieure Cette cagoule courte et l\u00e9g\u00e8re est une solution optimale en mati\u00e8re de protection des voies respiratoires et du visage dans des environnements poussi\u00e9reux, lorsque aucune protection m\u00e9canique suppl\u00e9mentaire n\u2019est requise. Associ\u00e9e aux PAPR ou syst\u00e8mes CleanAIR\u00ae, elle offre le niveau maximum de protection des voies respiratoires. Elle s\u2019adapte parfaitement aux diff\u00e9rents types de<\/p>\n<p><a class=\"more-link\" href=\"https:\/\/www.clean-air.cz\/fr\/headtops\/light-hoods\/short-hood-ca-1\/\">Lire la suite&#8230;<\/a><\/p>\n","protected":false},"author":11,"featured_media":0,"parent":5385,"menu_order":0,"comment_status":"closed","ping_status":"closed","template":"","meta":{"footnotes":""},"_links":{"self":[{"href":"https:\/\/www.clean-air.cz\/fr\/wp-json\/wp\/v2\/pages\/5387"}],"collection":[{"href":"https:\/\/www.clean-air.cz\/fr\/wp-json\/wp\/v2\/pages"}],"about":[{"href":"https:\/\/www.clean-air.cz\/fr\/wp-json\/wp\/v2\/types\/page"}],"author":[{"embeddable":true,"href":"https:\/\/www.clean-air.cz\/fr\/wp-json\/wp\/v2\/users\/11"}],"replies":[{"embeddable":true,"href":"https:\/\/www.clean-air.cz\/fr\/wp-json\/wp\/v2\/comments?post=5387"}],"version-history":[{"count":0,"href":"https:\/\/www.clean-air.cz\/fr\/wp-json\/wp\/v2\/pages\/5387\/revisions"}],"up":[{"embeddable":true,"href":"https:\/\/www.clean-air.cz\/fr\/wp-json\/wp\/v2\/pages\/5385"}],"wp:attachment":[{"href":"https:\/\/www.clean-air.cz\/fr\/wp-json\/wp\/v2\/media?parent=5387"}],"curies":[{"name":"wp","href":"https:\/\/api.w.org\/{rel}","templated":true}]}}