{"id":5381,"date":"2018-06-07T09:12:13","date_gmt":"2018-06-07T07:12:13","guid":{"rendered":"https:\/\/www.clean-air.cz\/personal-data-protection\/"},"modified":"2023-11-23T12:36:03","modified_gmt":"2023-11-23T11:36:03","slug":"personal-data-protection","status":"publish","type":"page","link":"https:\/\/www.clean-air.cz\/fr\/a-propos-de-cleanair\/personal-data-protection\/","title":{"rendered":"Protection des informations personnelles"},"content":{"rendered":"<p>Notre soci\u00e9t\u00e9 g\u00e8re des informations personnelles. Celles-ci sont trait\u00e9es dans les domaines suivants :<\/p>\n<ol>\n<li>Salaires \u2013 traitement conforme \u00e0 nos obligations l\u00e9gales<\/li>\n<li>Facturation \u2013 traitement conforme \u00e0 nos obligations l\u00e9gales<\/li>\n<li>Ressources humaines \u2013 traitement conforme aux int\u00e9r\u00eats l\u00e9gitimes de notre soci\u00e9t\u00e9<\/li>\n<li>Accords \u2013 traitement n\u00e9cessaire pour l\u2019ex\u00e9cution d\u2019un contrat<\/li>\n<li>Relations commerciales \u2013 traitement d\u2019informations personnelles confi\u00e9es \u00e0 la soci\u00e9t\u00e9 par les personnes concern\u00e9es dans le cadre d\u2019activit\u00e9s commerciales possibles, ex. carte de visite, e-mail<\/li>\n<li>Autres \u2013 traitement bas\u00e9 sur le consentement donn\u00e9, ex. informations suppl\u00e9mentaires dans le calendrier RH.<\/li>\n<\/ol>\n<p><span style=\"color: #be0300;\"><strong>Politique de confidentialit\u00e9 pour les utilisateurs de CleanAIR Link\u00a0:<\/strong><\/span><br \/>\nNotre soci\u00e9t\u00e9 d\u00e9veloppe et propose une application mobile de gestion et de param\u00e9trage sans fil des unit\u00e9s de ventilation \u00e0 filtre CleanAIR.<br \/>\nL&rsquo;application ne r\u00e9cup\u00e8re, collecte, utilise ou partage aucune donn\u00e9e personnelle de l&rsquo;utilisateur.<\/p>\n<p>Pour toute demande relative au traitement des donn\u00e9es personnelles par notre soci\u00e9t\u00e9, veuillez nous contacter \u00e0 <a href=\"mailto:GDPR@clean-air.cz\">GDPR@clean-air.cz<\/a><\/p>\n","protected":false},"excerpt":{"rendered":"<p>Notre soci\u00e9t\u00e9 g\u00e8re des informations personnelles. Celles-ci sont trait\u00e9es dans les domaines suivants : Salaires \u2013 traitement conforme \u00e0 nos obligations l\u00e9gales Facturation \u2013 traitement conforme \u00e0 nos obligations l\u00e9gales Ressources humaines \u2013 traitement conforme aux int\u00e9r\u00eats l\u00e9gitimes de notre soci\u00e9t\u00e9 Accords \u2013 traitement n\u00e9cessaire pour l\u2019ex\u00e9cution d\u2019un contrat Relations commerciales \u2013 traitement d\u2019informations personnelles confi\u00e9es \u00e0 la soci\u00e9t\u00e9 par les personnes concern\u00e9es dans le cadre d\u2019activit\u00e9s commerciales possibles, ex.<\/p>\n<p><a class=\"more-link\" href=\"https:\/\/www.clean-air.cz\/fr\/a-propos-de-cleanair\/personal-data-protection\/\">Lire la suite&#8230;<\/a><\/p>\n","protected":false},"author":11,"featured_media":0,"parent":5789,"menu_order":0,"comment_status":"closed","ping_status":"closed","template":"","meta":{"footnotes":""},"_links":{"self":[{"href":"https:\/\/www.clean-air.cz\/fr\/wp-json\/wp\/v2\/pages\/5381"}],"collection":[{"href":"https:\/\/www.clean-air.cz\/fr\/wp-json\/wp\/v2\/pages"}],"about":[{"href":"https:\/\/www.clean-air.cz\/fr\/wp-json\/wp\/v2\/types\/page"}],"author":[{"embeddable":true,"href":"https:\/\/www.clean-air.cz\/fr\/wp-json\/wp\/v2\/users\/11"}],"replies":[{"embeddable":true,"href":"https:\/\/www.clean-air.cz\/fr\/wp-json\/wp\/v2\/comments?post=5381"}],"version-history":[{"count":0,"href":"https:\/\/www.clean-air.cz\/fr\/wp-json\/wp\/v2\/pages\/5381\/revisions"}],"up":[{"embeddable":true,"href":"https:\/\/www.clean-air.cz\/fr\/wp-json\/wp\/v2\/pages\/5789"}],"wp:attachment":[{"href":"https:\/\/www.clean-air.cz\/fr\/wp-json\/wp\/v2\/media?parent=5381"}],"curies":[{"name":"wp","href":"https:\/\/api.w.org\/{rel}","templated":true}]}}