{"id":5377,"date":"2018-06-07T09:40:24","date_gmt":"2018-06-07T07:40:24","guid":{"rendered":"https:\/\/www.clean-air.cz\/standards\/"},"modified":"2019-04-08T17:36:36","modified_gmt":"2019-04-08T15:36:36","slug":"standards","status":"publish","type":"page","link":"https:\/\/www.clean-air.cz\/fr\/a-propos-de-cleanair\/standards\/","title":{"rendered":"Normes"},"content":{"rendered":"<p>[vc_row][vc_column][vc_column_text]<strong>NE 12941\/A2<\/strong> Cette norme europ\u00e9enne sp\u00e9cifie les exigences minimum pour les appareils de filtrage \u00e0 propulsion d\u2019air int\u00e9grant un casque ou une cagoule avec filtre \u00e0 gaz, \u00e0 particules ou mixte. Elle ne couvre pas les dispositifs con\u00e7us pour les environnements faibles en oxyg\u00e8ne (oxyg\u00e8ne inf\u00e9rieur \u00e0 17 % par volume). Elle ne couvre pas les appareils de protection des voies respiratoires con\u00e7us \u00e0 des fins de survie.<\/p>\n<p><img loading=\"lazy\" decoding=\"async\" class=\"alignnone wp-image-1144\" src=\"https:\/\/www.clean-air.cz\/wp-content\/uploads\/2018\/08\/tabulka6.jpg\" alt=\"\" width=\"600\" height=\"90\" srcset=\"https:\/\/www.clean-air.cz\/wp-content\/uploads\/2018\/08\/tabulka6.jpg 2495w, https:\/\/www.clean-air.cz\/wp-content\/uploads\/2018\/08\/tabulka6-300x45.jpg 300w, https:\/\/www.clean-air.cz\/wp-content\/uploads\/2018\/08\/tabulka6-768x115.jpg 768w, https:\/\/www.clean-air.cz\/wp-content\/uploads\/2018\/08\/tabulka6-1024x154.jpg 1024w, https:\/\/www.clean-air.cz\/wp-content\/uploads\/2018\/08\/tabulka6-800x120.jpg 800w\" sizes=\"(max-width: 600px) 100vw, 600px\" \/><\/p>\n<p><strong>NE 12942\/A2<\/strong> Cette norme europ\u00e9enne sp\u00e9cifie les exigences minimum pour les appareils de protection des voies respiratoires \u00e0 propulsion d\u2019air int\u00e9grant un masque facial complet, un demi-masque ou un quart-masque avec filtre \u00e0 gaz, \u00e0 particules ou mixte. Elle ne couvre pas les dispositifs con\u00e7us pour les environnements faibles en oxyg\u00e8ne (oxyg\u00e8ne inf\u00e9rieur \u00e0 17 % par volume). Elle ne couvre pas les appareils de protection des voies respiratoires con\u00e7us \u00e0 des fins de survie. Le dispositif doit prot\u00e9ger l\u2019utilisateur m\u00eame si le syst\u00e8me respiratoire avec purification de l\u2019air est \u00e9teint.<\/p>\n<p><strong><img loading=\"lazy\" decoding=\"async\" class=\"alignnone wp-image-1142\" src=\"https:\/\/www.clean-air.cz\/wp-content\/uploads\/2018\/08\/tabulka5.jpg\" alt=\"\" width=\"600\" height=\"98\" srcset=\"https:\/\/www.clean-air.cz\/wp-content\/uploads\/2018\/08\/tabulka5.jpg 2495w, https:\/\/www.clean-air.cz\/wp-content\/uploads\/2018\/08\/tabulka5-300x49.jpg 300w, https:\/\/www.clean-air.cz\/wp-content\/uploads\/2018\/08\/tabulka5-768x126.jpg 768w, https:\/\/www.clean-air.cz\/wp-content\/uploads\/2018\/08\/tabulka5-1024x168.jpg 1024w, https:\/\/www.clean-air.cz\/wp-content\/uploads\/2018\/08\/tabulka5-800x131.jpg 800w\" sizes=\"(max-width: 600px) 100vw, 600px\" \/><\/strong><\/p>\n<p><strong>NE 14594:2005<\/strong> Cette norme europ\u00e9enne sp\u00e9cifie les exigences minimum pour les appareils de respiration par adduction de l\u2019air comprim\u00e9 avec d\u00e9bit continu \u00e9quip\u00e9s d\u2019une cagoule ou d\u2019un masque.<\/p>\n<p><strong><img loading=\"lazy\" decoding=\"async\" class=\"alignnone wp-image-2535\" src=\"https:\/\/www.clean-air.cz\/wp-content\/uploads\/2018\/09\/tabulka4-768x245-edit-1.jpg\" alt=\"\" width=\"600\" height=\"191\" srcset=\"https:\/\/www.clean-air.cz\/wp-content\/uploads\/2018\/09\/tabulka4-768x245-edit-1.jpg 768w, https:\/\/www.clean-air.cz\/wp-content\/uploads\/2018\/09\/tabulka4-768x245-edit-1-300x96.jpg 300w\" sizes=\"(max-width: 600px) 100vw, 600px\" \/><\/strong><\/p>\n<p><strong>Limites d\u2019exposition sur le lieu de travail (LELT)<\/strong> \u2013 Les LELT sont les limites d\u2019exposition professionnelle (en concentrations) \u00e0 une substance a\u00e9rosole sp\u00e9cifique en moyenne sur une p\u00e9riode de r\u00e9f\u00e9rence au-del\u00e0 de laquelle les employ\u00e9s risquent de ressentir des probl\u00e8mes de sant\u00e9. Les LELT peuvent \u00eatre d\u00e9finies sur deux p\u00e9riodes de r\u00e9f\u00e9rence :<br \/>\n<strong>TWA \u2013 8 heures (long-terme)<\/strong><br \/>\nLes TWA sont d\u00e9finis pour \u00e9viter les probl\u00e8mes de sant\u00e9 se produisant en cas d\u2019exposition prolong\u00e9e ou accumul\u00e9e.<br \/>\n<strong>STEL \u2013 15 minutes (court terme)<\/strong><br \/>\nLes STEL sont d\u00e9finis pour \u00e9viter les probl\u00e8mes de sant\u00e9 pouvant appara\u00eetre peu apr\u00e8s une br\u00e8ve exposition (ex. : irritation des yeux pouvant se produire apr\u00e8s quelques minutes).<\/p>\n<p><strong>Facteur de protection nominale<\/strong> \u2013 Niveau th\u00e9orique de protection des \u00e9quipements de protection des voies respiratoires calcul\u00e9 \u00e0 partir des donn\u00e9es de performances mesur\u00e9es dans le laboratoire. Il indique les performances de protection maximum calcul\u00e9es math\u00e9matiquement. Calcul\u00e9 en divisant 100 par la valeur totale de la fuite interne maximale telle qu\u2019indiqu\u00e9e dans la norme correspondante.<\/p>\n<p>[\/vc_column_text][\/vc_column][\/vc_row]<\/p>\n","protected":false},"excerpt":{"rendered":"<p>[vc_row][vc_column][vc_column_text]NE 12941\/A2 Cette norme europ\u00e9enne sp\u00e9cifie les exigences minimum pour les appareils de filtrage \u00e0 propulsion d\u2019air int\u00e9grant un casque ou une cagoule avec filtre \u00e0 gaz, \u00e0 particules ou mixte. Elle ne couvre pas les dispositifs con\u00e7us pour les environnements faibles en oxyg\u00e8ne (oxyg\u00e8ne inf\u00e9rieur \u00e0 17 % par volume). Elle ne couvre pas les appareils de protection des voies respiratoires con\u00e7us \u00e0 des fins de survie. NE 12942\/A2<\/p>\n<p><a class=\"more-link\" href=\"https:\/\/www.clean-air.cz\/fr\/a-propos-de-cleanair\/standards\/\">Lire la suite&#8230;<\/a><\/p>\n","protected":false},"author":11,"featured_media":0,"parent":5789,"menu_order":0,"comment_status":"closed","ping_status":"closed","template":"","meta":{"footnotes":""},"_links":{"self":[{"href":"https:\/\/www.clean-air.cz\/fr\/wp-json\/wp\/v2\/pages\/5377"}],"collection":[{"href":"https:\/\/www.clean-air.cz\/fr\/wp-json\/wp\/v2\/pages"}],"about":[{"href":"https:\/\/www.clean-air.cz\/fr\/wp-json\/wp\/v2\/types\/page"}],"author":[{"embeddable":true,"href":"https:\/\/www.clean-air.cz\/fr\/wp-json\/wp\/v2\/users\/11"}],"replies":[{"embeddable":true,"href":"https:\/\/www.clean-air.cz\/fr\/wp-json\/wp\/v2\/comments?post=5377"}],"version-history":[{"count":0,"href":"https:\/\/www.clean-air.cz\/fr\/wp-json\/wp\/v2\/pages\/5377\/revisions"}],"up":[{"embeddable":true,"href":"https:\/\/www.clean-air.cz\/fr\/wp-json\/wp\/v2\/pages\/5789"}],"wp:attachment":[{"href":"https:\/\/www.clean-air.cz\/fr\/wp-json\/wp\/v2\/media?parent=5377"}],"curies":[{"name":"wp","href":"https:\/\/api.w.org\/{rel}","templated":true}]}}