{"id":5372,"date":"2018-06-07T10:12:39","date_gmt":"2018-06-07T08:12:39","guid":{"rendered":"https:\/\/www.clean-air.cz\/health-hazards\/"},"modified":"2019-04-08T17:30:26","modified_gmt":"2019-04-08T15:30:26","slug":"health-hazards","status":"publish","type":"page","link":"https:\/\/www.clean-air.cz\/fr\/a-propos-de-cleanair\/health-hazards\/","title":{"rendered":"Risques de sant\u00e9"},"content":{"rendered":"<p>[vc_row][vc_column][vc_column_text]<\/p>\n<h2><strong>Importance de la protection respiratoire<\/strong><\/h2>\n<p>Les risques de sant\u00e9 sur le lieu de travail sont un probl\u00e8me important pour les employeurs et les employ\u00e9s. Il est cependant important de rappeler que les mat\u00e9riaux dangereux ne pr\u00e9sentent un risque de sant\u00e9 que lorsqu\u2019ils entrent en contact avec le corps. Les mat\u00e9riaux dangereux peuvent entrer dans le corps des mani\u00e8res suivantes : <strong>ingestion<\/strong> (par la bouche), <strong>absorption<\/strong> (par la peau ou les yeux) et <strong>inhalation<\/strong> (par les poumons).<\/p>\n<p>Le chemin d\u2019exposition le plus courant pour la plupart des risques de sant\u00e9 est <strong>l\u2019inhalation<\/strong>. Cela inclut la respiration de poussi\u00e8re, de fum\u00e9es, de brumes huileuses et de vapeurs issues de solvants et gaz vari\u00e9s.<\/p>\n<p>Pour mieux comprendre comment des substances dangereuses peuvent p\u00e9n\u00e9trer dans votre corps par inhalation, observons le processus de respiration. \u00c0 chaque fois que vous respirez, de l\u2019air riche en oxyg\u00e8ne entre dans votre corps \u00e0 travers la bouche et le nez, descend dans la trach\u00e9e et jusque dans les poumons. Dans vos poumons se trouvent de petits sacs d\u2019air appel\u00e9s alv\u00e9oles. Ces sacs d\u00e9licats transf\u00e8rent l\u2019oxyg\u00e8ne de l\u2019air dans votre sang. Tandis que l\u2019oxyg\u00e8ne est absorb\u00e9 dans votre sang, le dioxyde de carbone est transf\u00e9r\u00e9 du sang vers les sacs d\u2019air. Lorsque vous expirez, votre corps se d\u00e9barrasse de ces d\u00e9chets gazeux.<\/p>\n<p>Le risque caus\u00e9 par les polluants a\u00e9riens d\u00e9pend principalement de :<\/p>\n<ul>\n<li>propri\u00e9t\u00e9s physiques, biologiques et chimiques des polluants, de leur taille et de leur forme<\/li>\n<li>leur concentration dans l\u2019air ambiant et le temps d\u2019exposition<\/li>\n<li>le volume d\u2019air inhal\u00e9 (plus la respiration est rapide, plus il y a de polluants a\u00e9riens inhal\u00e9s)<\/li>\n<\/ul>\n<h3><strong>les types de polluants a\u00e9riens<\/strong><\/h3>\n<h4>les particules a\u00e9riennes \u2013 poussi\u00e8res, fum\u00e9es et vapeurs<\/h4>\n<p>Les proc\u00e9dures de travail peuvent g\u00e9n\u00e9rer de minuscules particules solides suffisamment l\u00e9g\u00e8res pour flotter dans l\u2019air, celles-ci sont appel\u00e9es <strong>poussi\u00e8res, vapeurs <\/strong>et<strong> fum\u00e9es<\/strong>.<\/p>\n<p><strong>Les poussi\u00e8res<\/strong> sont des a\u00e9rosols solides polydispers\u00e9s*, g\u00e9n\u00e9r\u00e9s durant le traitement de substances organiques et inorganiques. Les particules solides peuvent \u00eatre des min\u00e9raux, des m\u00e9taux, du charbon, du bois ou des poussi\u00e8res de r\u00e9colte, ainsi que des fibres. Elles sont g\u00e9n\u00e9ralement suffisamment lourdes pour se d\u00e9poser lentement au sol.<\/p>\n<p><strong>Les vapeurs<\/strong> sont de tr\u00e8s petites particules solides pouvant rester en suspension. Elles sont g\u00e9n\u00e9ralement form\u00e9es lorsqu\u2019un m\u00e9tal chauff\u00e9 s\u2019est \u00e9vapor\u00e9 dans l\u2019air puis recondens\u00e9 \u00e0 l\u2019\u00e9tat solide. Cela se produit dans les op\u00e9rations de soudage.<\/p>\n<p><strong>Les fum\u00e9es<\/strong> sont compos\u00e9es de petites particules produites par la combustion incompl\u00e8te de tout mat\u00e9riau contenant du carbone. La fum\u00e9e est souvent produite durant les proc\u00e9dures exigeant une forte chaleur dans le processus de production.<\/p>\n<p>(* A\u00c9ROSOL \u2013 substance compos\u00e9e de particules solides tr\u00e8s fines ou gouttelettes liquides en suspension dans un gaz.)<\/p>\n<h4>Gaz et vapeurs<\/h4>\n<p>Les produits chimiques sur le lieu de travail peuvent entrer dans l\u2019air de diff\u00e9rentes mani\u00e8res. L\u2019\u00e9vaporation simple est probablement la plus commune. Les solvants organiques, comme le tolu\u00e8ne, le m\u00e9thyle \u00e9thyle c\u00e9tone (MEK) ou les alcools, s\u2019\u00e9vaporent g\u00e9n\u00e9ralement plus vite que l\u2019eau, les acides ou les soudes, m\u00eame si ce n\u2019est pas toujours le cas.<\/p>\n<p><strong>Les gaz <\/strong>sont des mat\u00e9riaux qui deviennent a\u00e9rosols \u00e0 temp\u00e9rature ambiante. Les gaz peuvent avoir une odeur, mais la plupart n\u2019en ont pas. Certains gaz sont visibles, mais d\u2019autres non. Les gaz peuvent \u00eatre plus lourds ou plus l\u00e9gers que l\u2019air, mais dans tous les cas, ils peuvent se propager de mani\u00e8re ind\u00e9tectable.<\/p>\n<p><strong>Les vapeurs <\/strong>sont des substances qui sont cr\u00e9\u00e9es lorsqu\u2019un mat\u00e9riau solide ou liquide s\u2019\u00e9vapore. Les mat\u00e9riaux qui s\u2019\u00e9vaporent facilement \u00e0 temp\u00e9rature ambiante incluent les diluants de peinture ou solvants.<\/p>\n<h2><strong>Risques de sant\u00e9 caus\u00e9s par des particules en suspension<\/strong><\/h2>\n<p>Lorsque les poumons sont expos\u00e9s \u00e0 de grandes concentrations de poussi\u00e8re, de vapeurs toxiques, de fum\u00e9e de cigarette, etc., les m\u00e9canismes de filtrage humains peuvent \u00eatre surcharg\u00e9s et endommag\u00e9s. Une fois endommag\u00e9s, les bact\u00e9ries, virus, etc. ont plus de chances de se propager dans les poumons et de causer des infections comme une pneumonie. C\u2019est pourquoi les employ\u00e9s travaillant dans des environnements poussi\u00e9reux (mines de bauxite et de charbon, employ\u00e9s dans le traitement de l\u2019amiante, employ\u00e9s des moulins \u00e0 farine, fabricants de meubles, etc.) sont plus susceptibles de souffrir de tuberculose, de bronchite et autres maladies respiratoires que les employ\u00e9s dans des environnements sans poussi\u00e8re.<\/p>\n<p>Notre syst\u00e8me respiratoire poss\u00e8de des m\u00e9canismes tr\u00e8s efficaces pour filtrer les polluants normaux de l\u2019air que nous respirons. Le syst\u00e8me de filtrage du nez et de la bouche emp\u00eache les grosses particules \u00e9trang\u00e8res (comme la grosse poussi\u00e8re) d\u2019entrer dans le corps et de causer des probl\u00e8mes de sant\u00e9.<\/p>\n<p><strong>Les particules non-respirables <\/strong>(g\u00e9n\u00e9ralement plus grosses que 100 \u00b5m) peuvent \u00eatre filtr\u00e9es hors du syst\u00e8me respiratoire par la bouche, le nez et la trach\u00e9e.<\/p>\n<p><strong>Les particules respirables<\/strong> de taille inf\u00e9rieure \u00e0 10 \u00b5m sont difficiles \u00e0 pi\u00e9ger. Elles peuvent atteindre des r\u00e9gions d\u00e9licates des poumons o\u00f9 elles pourraient causer de graves probl\u00e8mes respiratoires. La distance de p\u00e9n\u00e9tration des particules d\u00e9pend de leur taille \u2013 plus elles sont petites et plus elles sont dangereuses.<\/p>\n<h2><strong>Risques de sant\u00e9 caus\u00e9s par les gaz et vapeurs<\/strong><\/h2>\n<p>Les gaz et vapeurs peuvent aussi entrer dans le corps par le syst\u00e8me respiratoire. Certains produits chimiques ont des effets locaux nocifs sur les poumons, d\u2019autres sont absorb\u00e9s dans le sang et ont des effets nocifs sur des organes cibl\u00e9s divers. Les organes cibles sont les parties du corps que certains produits chimiques affectent toujours, comme le syst\u00e8me nerveux central (cerveau et colonne vert\u00e9brale), le c\u0153ur, les poumons, les reins et le foie.<\/p>\n<h3><strong>Effets locaux<\/strong><\/h3>\n<p><strong>Poumons<\/strong> \u2013 fibre d\u2019amiante, poussi\u00e8re de coton, cadmium, \u00e9missions de diesel, poussi\u00e8re de bagasse, poussi\u00e8re de bauxite<\/p>\n<p><strong>Conduit gastro-intestinal<\/strong> \u2013 Amiante, nitrosamines, vapeurs de soudage, acrylique au plomb, r\u00e9sine \u00e9poxy, nickel, goudron de houille, benz\u00e8ne<\/p>\n<h3><strong>Effets syst\u00e9miques<\/strong><\/h3>\n<p><strong>Cerveau et syst\u00e8me nerveux<\/strong> \u2013 Organophosphorus, pesticides, plomb (pb), mercure, mangan\u00e8se, arsenic<\/p>\n<p><strong>C\u0153ur et syst\u00e8me de circulation<\/strong> \u2013 monoxyde de carbone, chlorure de vinyle, trichlor\u00e9thyl\u00e8ne, benz\u00e8ne, tolu\u00e8ne<\/p>\n<p><strong>Foie<\/strong> \u2013 t\u00e9trachlorure de carbone, chlorure de vinyle, trichlor\u00e9thyl\u00e8ne<\/p>\n<p><strong>Reins et vessie<\/strong> \u2013 Teintures au benzid\u00e8ne, b\u00e9tanaphtylamine, \u00e9missions de four \u00e0 coke, mercure<\/p>\n<p><strong>Os<\/strong> \u2013 plomb<\/p>\n<h2><strong>Risques de sant\u00e9 li\u00e9s aux substances toxiques<\/strong><\/h2>\n<p>M\u00eame si certains termes m\u00e9dicaux peuvent vous \u00eatre \u00e9trangers, il est important de comprendre la r\u00e9action du corps \u00e0 des mat\u00e9riaux toxiques. Les substances toxiques peuvent causer quatre types d\u2019effets sur le corps : local, syst\u00e9mique, aigu et chronique.<\/p>\n<h3><strong>Effets locaux<\/strong><\/h3>\n<p>Un effet localis\u00e9 sur une partie du corps, o\u00f9 l\u2019agent dangereux entre en contact avec ou p\u00e9n\u00e8tre dans le corps. Certaines substances comme l\u2019ammoniac, le chlore, les vapeurs de soudage et les vapeurs d\u2019\u00e9chappement peuvent causer des irritations locales des poumons lorsque vous les inhalez.<\/p>\n<h3><strong>Effets syst\u00e9miques<\/strong><\/h3>\n<p>Les effets syst\u00e9miques peuvent se produire dans le sang lorsque la substance est absorb\u00e9e dans le sang, et dans les organes qui stockent le mat\u00e9riau toxique (comme les os et le cerveau), le neutralisent (comme le foie) ou l\u2019\u00e9liminent du corps (comme les reins et la vessie). Un effet syst\u00e9mique typique dans le sang est l\u2019an\u00e9mie (un d\u00e9ficit en globules rouges), caus\u00e9 par un certain nombre de produits chimiques, notamment : le plomb, le b\u00e9ryllium, le cadmium, les compos\u00e9s du mercure et le benz\u00e8ne. Le benz\u00e8ne peut endommager les cellules formant le sang, ce qui entra\u00eene une leuc\u00e9mie. Le foie peut \u00eatre endommag\u00e9 par des substances toxiques car il essaye d\u2019en \u00e9liminer la plupart lorsqu\u2019elles entrent dans le corps. Certains produits chimiques connus pour endommager le foie sont : le benz\u00e8ne, le DTT, le dioxane, le ph\u00e9nol et le trichlor\u00e9thyl\u00e8ne. Le monom\u00e8re de chlorure de vinyle, utilis\u00e9 dans l\u2019industrie du plastique, est connu pour causer des formes rares du cancer du foie. Les reins et la vessie peuvent aussi \u00eatre affect\u00e9s par de nombreuses substances toxiques car ce sont des points de sortie majeurs du corps.<\/p>\n<h3><strong>Effets aigus<\/strong><\/h3>\n<p>Les effets aigus sont g\u00e9n\u00e9ralement des r\u00e9ponses imm\u00e9diates, \u00e9videntes, courtes \u00e0 l\u2019exposition \u00e0 un danger. Ils peuvent \u00eatre localis\u00e9s sur une partie du corps ou \u00eatre syst\u00e9miques.<\/p>\n<h3><strong>Effets chroniques<\/strong><\/h3>\n<p>Les effets chroniques se d\u00e9veloppent dans le temps. Des troubles chroniques peuvent surgir d\u2019une exposition courte ou d\u2019un contact r\u00e9p\u00e9t\u00e9 avec une substance ou une proc\u00e9dure de travail. Comme les effets aigus, les effets chroniques peuvent \u00eatre localis\u00e9s sur une partie du corps (comme une maladie pulmonaire chronique se d\u00e9veloppant sur plusieurs ann\u00e9es), mais ils peuvent aussi \u00eatre syst\u00e9miques.<\/p>\n<h2><strong>Maladies pulmonaires li\u00e9es au travail<\/strong><\/h2>\n<p>Les maladies pulmonaires li\u00e9es au travail sont la principale cause de maladie li\u00e9e au travail en mati\u00e8re de fr\u00e9quence, de gravit\u00e9 et de pr\u00e9visibilit\u00e9. La plupart des maladies pulmonaires li\u00e9es au travail sont caus\u00e9es par une exposition r\u00e9p\u00e9t\u00e9e et durable, mais m\u00eame une simple exposition grave \u00e0 un agent nocif peut endommager les poumons. Les maladies pulmonaires li\u00e9es au travail sont pr\u00e9visibles !<\/p>\n<h3><strong>Sympt\u00f4mes d\u2019une maladie pulmonaire li\u00e9e au travail<\/strong><\/h3>\n<p>Les sympt\u00f4mes les plus courants de maladie pulmonaire, ind\u00e9pendamment de la cause, sont les suivants. Cependant, chaque personne peut ressentir des sympt\u00f4mes diff\u00e9remment.<\/p>\n<p>Les sympt\u00f4mes peuvent inclure<\/p>\n<ul>\n<li>toux<\/li>\n<li>essoufflement<\/li>\n<li>douleur \u00e0 la poitrine<\/li>\n<li>oppression thoracique<\/li>\n<li>respiration anormale<\/li>\n<\/ul>\n<p>La liste contient des exemples de substances ou processus chimiques o\u00f9 les employ\u00e9s peuvent \u00eatre expos\u00e9s \u00e0 un niveau de concentration causant des effets ind\u00e9sirables vari\u00e9s dans le syst\u00e8me respiratoire.<\/p>\n<h2><strong>Faits importants \u00e0 ne pas oublier sur l\u2019inhalation<\/strong><\/h2>\n<p>Les agents nocifs entrent dans le corps humain principalement par l\u2019inhalation.<\/p>\n<ul>\n<li>M\u00eame si le corps peut filtrer un grand nombre des agents polluants normaux de l\u2019air que l\u2019on respire, il ne peut pas \u00e9liminer tous les types de polluants.<\/li>\n<li>Les particules fines sont difficiles \u00e0 \u00e9liminer pour le corps et peuvent p\u00e9n\u00e9trer profond\u00e9ment dans les poumons o\u00f9 elles peuvent causer de graves probl\u00e8mes respiratoires.<\/li>\n<li>Les employ\u00e9s travaillant dans des environnements poussi\u00e9reux sont plus susceptibles de souffrir de maladies respiratoires que ceux qui travaillent dans des environnements sans poussi\u00e8re.<\/li>\n<li>Les produits chimiques, sous leurs formes vari\u00e9es, peuvent \u00eatre inhal\u00e9s et endommager de nombreux organes cibles, principalement les poumons.<\/li>\n<li>Il est important de remarquer les signes d\u2019avertissement, comme lorsque vous sentez des odeurs de produit chimique. Il est aussi important de remarquer si vous arr\u00eatez de sentir une odeur de produit chimique que vous sentiez auparavant, car vous pourriez vous \u00eatre habitu\u00e9 \u00e0 l\u2019odeur et ne pas savoir que vous \u00eates expos\u00e9 au produit chimique.<\/li>\n<\/ul>\n<p>[\/vc_column_text][\/vc_column][\/vc_row]<\/p>\n","protected":false},"excerpt":{"rendered":"<p>[vc_row][vc_column][vc_column_text] Importance de la protection respiratoire Les risques de sant\u00e9 sur le lieu de travail sont un probl\u00e8me important pour les employeurs et les employ\u00e9s. Il est cependant important de rappeler que les mat\u00e9riaux dangereux ne pr\u00e9sentent un risque de sant\u00e9 que lorsqu\u2019ils entrent en contact avec le corps. Les mat\u00e9riaux dangereux peuvent entrer dans le corps des mani\u00e8res suivantes : ingestion (par la bouche), absorption (par la peau ou<\/p>\n<p><a class=\"more-link\" href=\"https:\/\/www.clean-air.cz\/fr\/a-propos-de-cleanair\/health-hazards\/\">Lire la suite&#8230;<\/a><\/p>\n","protected":false},"author":11,"featured_media":0,"parent":5789,"menu_order":0,"comment_status":"closed","ping_status":"closed","template":"","meta":{"footnotes":""},"_links":{"self":[{"href":"https:\/\/www.clean-air.cz\/fr\/wp-json\/wp\/v2\/pages\/5372"}],"collection":[{"href":"https:\/\/www.clean-air.cz\/fr\/wp-json\/wp\/v2\/pages"}],"about":[{"href":"https:\/\/www.clean-air.cz\/fr\/wp-json\/wp\/v2\/types\/page"}],"author":[{"embeddable":true,"href":"https:\/\/www.clean-air.cz\/fr\/wp-json\/wp\/v2\/users\/11"}],"replies":[{"embeddable":true,"href":"https:\/\/www.clean-air.cz\/fr\/wp-json\/wp\/v2\/comments?post=5372"}],"version-history":[{"count":0,"href":"https:\/\/www.clean-air.cz\/fr\/wp-json\/wp\/v2\/pages\/5372\/revisions"}],"up":[{"embeddable":true,"href":"https:\/\/www.clean-air.cz\/fr\/wp-json\/wp\/v2\/pages\/5789"}],"wp:attachment":[{"href":"https:\/\/www.clean-air.cz\/fr\/wp-json\/wp\/v2\/media?parent=5372"}],"curies":[{"name":"wp","href":"https:\/\/api.w.org\/{rel}","templated":true}]}}