{"id":5371,"date":"2018-06-07T10:26:31","date_gmt":"2018-06-07T08:26:31","guid":{"rendered":"https:\/\/www.clean-air.cz\/means-of-respiratory-protection\/"},"modified":"2019-04-08T17:19:25","modified_gmt":"2019-04-08T15:19:25","slug":"means-of-respiratory-protection","status":"publish","type":"page","link":"https:\/\/www.clean-air.cz\/fr\/a-propos-de-cleanair\/means-of-respiratory-protection\/","title":{"rendered":"Solutions de protection respiratoire"},"content":{"rendered":"<p>[vc_row][vc_column][vc_column_text]L\u2019\u00e9quipement de protection individuelle est r\u00e9parti en deux groupes principaux en fonction de la source d\u2019air : purification de l\u2019air ou adduction de l\u2019air.<\/p>\n<h2><strong>Purification de l\u2019air : syst\u00e8mes de pression n\u00e9gative<\/strong><\/h2>\n<p><strong>Dispositifs jetables de filtrage de particules (poussi\u00e8re)<\/strong><\/p>\n<p>Ceux-ci sont con\u00e7us pour prot\u00e9ger contre les faibles concentrations de poussi\u00e8re, de brumes, de pollen, de poussi\u00e8re animale, etc.<\/p>\n<p>Avantages : L\u00e9ger, jetable, plut\u00f4t confortable et bon march\u00e9.<\/p>\n<p>Limites : Protection minimale en raison de mauvaises propri\u00e9t\u00e9s d\u2019\u00e9tanch\u00e9it\u00e9. Les employ\u00e9s portant une barbe ne peuvent pas l\u2019utiliser car elle emp\u00eache l\u2019\u00e9tanch\u00e9it\u00e9 du syst\u00e8me sur la peau.<\/p>\n<h3><strong>Demi-masque r\u00e9utilisable<\/strong><\/h3>\n<p>Les demi-masques de purification de l\u2019air poss\u00e8dent un syst\u00e8me d\u2019\u00e9tanch\u00e9it\u00e9 faciale en caoutchouc passant au-dessus du nez et sous le menton. Des cartouches et filtres \u00e9changeables sont con\u00e7us pour apporter une protection contre diff\u00e9rents types de pollution a\u00e9rienne.<\/p>\n<p>Avantages : Assez l\u00e9gers et offre une bonne protection contre de nombreux polluants. Limites : L\u2019usage est limit\u00e9 par le type et la capacit\u00e9 des filtres \u2013 ils ne peuvent pas \u00eatre utilis\u00e9s dans des zones tr\u00e8s concentr\u00e9es en polluants ou pauvres en oxyg\u00e8ne. La respiration peut \u00eatre difficile en raison de l\u2019effort suppl\u00e9mentaire n\u00e9cessaire pour faire passer l\u2019air \u00e0 travers les filtres. La protection des yeux n\u2019est pas fournie. De nombreux facteurs affectent le maintien du masque contre le visage, et celui-ci doit \u00eatre correctement plac\u00e9 et serr\u00e9.<\/p>\n<h3><strong>Masque facial complet r\u00e9utilisable<\/strong><\/h3>\n<p>Les masques faciaux complets de purification de l\u2019air fonctionne sur le m\u00eame principe que les appareils respiratoires avec demi-masque d\u00e9crits ci-dessus. La pi\u00e8ce faciale prolonge cette protection \u00e0 l\u2019ensemble du visage, recouvrant les yeux, le nez, le menton et la bouche.<\/p>\n<p>Avantages : Les appareils respiratoires avec masque faciaux complets sont utilis\u00e9s lorsqu\u2019une protection des voies respiratoires plus importante est requise ou lorsque les yeux et le visage doivent aussi \u00eatre prot\u00e9g\u00e9s.<\/p>\n<p>Limites : Les masques complets sont plus lourds que les demi-masques et sont souvent moins confortables pour le porteur. Ils ne peuvent pas \u00eatre utilis\u00e9s avec tous les types de polluants de l\u2019air et sont limit\u00e9s par le type et la capacit\u00e9 des filtres et cartouches utilis\u00e9s. Ils ne peuvent pas \u00eatre utilis\u00e9s dans des environnements faibles en oxyg\u00e8ne. La respiration peut \u00eatre difficile en raison de l\u2019effort suppl\u00e9mentaire n\u00e9cessaire pour faire passer l\u2019air \u00e0 travers les filtres.<\/p>\n<h2><strong>Purification de l\u2019air : syst\u00e8mes de pression positive<\/strong><\/h2>\n<h3><strong>PAPR \u2013 Appareil respiratoire avec purification de l\u2019air<\/strong><\/h3>\n<p>Le groupe le plus avanc\u00e9 d\u2019\u00e9quipement de protection individuelle offre le plus haut niveau de protection m\u00eame dans des applications de longue dur\u00e9e. Le ventilateur portatif aliment\u00e9 par batterie conduit l\u2019air \u00e0 travers un filtre \u00e0 particules ou produits chimique et le propage vers le casque. Disponible pour demi-masques, masques complets et pour une grande vari\u00e9t\u00e9 de cagoules et casques.<\/p>\n<p>Avantages : Les principaux avantages d\u00e9rivent de la pression positive fournie par le ventilateur faisant passer l\u2019air dans le casque ou la cagoule. Cela \u00e9limine la difficult\u00e9 de respirer que cr\u00e9aient les appareils respiratoires \u00e0 pression n\u00e9gative et r\u00e9duit l\u2019importance d\u2019un ajustement pr\u00e9cis sur le visage.<\/p>\n<p>Limites : Prix d\u2019achat et d\u2019entretien plus \u00e9lev\u00e9. L\u2019utilisation est limit\u00e9e par la dur\u00e9e de vie de la batterie et du ventilateur. Ne peut pas \u00eatre utilis\u00e9 dans des environnements faibles en oxyg\u00e8ne<\/p>\n<h2><strong>Syst\u00e8mes d\u2019approvisionnement en air<\/strong><\/h2>\n<h3><strong>Syst\u00e8mes d\u2019adduction de l\u2019air<\/strong><\/h3>\n<p>Ces appareils respiratoires apportent de l\u2019 air pur et frais \u00e0 l\u2019utilisateur, depuis une source fixe comme un compresseur ou un cylindre d\u2019air comprim\u00e9. Disponibles pour demi-masques, masques complets et pour une grande vari\u00e9t\u00e9 de cagoules et casques.<\/p>\n<p>Avantages : Les syst\u00e8mes d\u2019adduction de l\u2019air peuvent \u00eatre utilis\u00e9s pendant de longues p\u00e9riodes et offrent un haut niveau de protection contre une grande vari\u00e9t\u00e9 de polluants de l\u2019air. Ils offrent une r\u00e9sistance respiratoire et une g\u00e8ne minimale, sont l\u00e9gers et disponibles pour un co\u00fbt d\u2019investissement mod\u00e9r\u00e9 et un faible co\u00fbt de fonctionnement.<\/p>\n<p>Limites : L\u2019interruption inattendue de l\u2019approvisionnement depuis la source d\u2019air met fin \u00e0 toute protection de l\u2019utilisateur. L\u2019air doit \u00eatre livr\u00e9 vers le masque ou la cagoule \u00e0 travers un tuyau qui peut \u00eatre difficile \u00e0 g\u00e9rer et se pincer ou s\u2019emm\u00ealer facilement.<\/p>\n<p>Ces respirateurs peuvent \u00eatre utilis\u00e9s \u00e0 des fins de protection contre la plupart des polluants de l\u2019air.<\/p>\n<h3><strong>Scaphandres autonomes<\/strong><\/h3>\n<p>Les scaphandres autonomes offrent \u00e0 l\u2019utilisateur un air pur provenant d\u2019un cylindre \u00e0 haute pression port\u00e9 sur le dos. Ils sont \u00e9quip\u00e9s d\u2019une pi\u00e8ce faciale compl\u00e8te et fonctionnement en mode lib\u00e9ration sous pression. Les scaphandres offrent un niveau de protection maximum contre les polluants de l\u2019air.<\/p>\n<p>Avantages : Les utilisateurs transportent la source d\u2019air avec eux, ce qui leur permet un mouvement relativement libre sur une r\u00e9gion illimit\u00e9e.<\/p>\n<p>Limites : Les scaphandres autonomes sont chers \u00e0 acheter et \u00e0 entretenir, ils exigent le transport d\u2019un \u00e9quipement lourd dans le dos et n\u2019offrent pas plus de 40 minutes d\u2019utilisation continue. Les employ\u00e9s portant la barbe ne peuvent pas utiliser le scaphandre autonome car les poils emp\u00eachent l\u2019\u00e9tanch\u00e9it\u00e9 faciale de l\u2019appareil.[\/vc_column_text][\/vc_column][\/vc_row]<\/p>\n","protected":false},"excerpt":{"rendered":"<p>[vc_row][vc_column][vc_column_text]L\u2019\u00e9quipement de protection individuelle est r\u00e9parti en deux groupes principaux en fonction de la source d\u2019air : purification de l\u2019air ou adduction de l\u2019air. Purification de l\u2019air : syst\u00e8mes de pression n\u00e9gative Dispositifs jetables de filtrage de particules (poussi\u00e8re) Ceux-ci sont con\u00e7us pour prot\u00e9ger contre les faibles concentrations de poussi\u00e8re, de brumes, de pollen, de poussi\u00e8re animale, etc. Avantages : L\u00e9ger, jetable, plut\u00f4t confortable et bon march\u00e9. Limites : Protection<\/p>\n<p><a class=\"more-link\" href=\"https:\/\/www.clean-air.cz\/fr\/a-propos-de-cleanair\/means-of-respiratory-protection\/\">Lire la suite&#8230;<\/a><\/p>\n","protected":false},"author":11,"featured_media":0,"parent":5789,"menu_order":0,"comment_status":"closed","ping_status":"closed","template":"","meta":{"footnotes":""},"_links":{"self":[{"href":"https:\/\/www.clean-air.cz\/fr\/wp-json\/wp\/v2\/pages\/5371"}],"collection":[{"href":"https:\/\/www.clean-air.cz\/fr\/wp-json\/wp\/v2\/pages"}],"about":[{"href":"https:\/\/www.clean-air.cz\/fr\/wp-json\/wp\/v2\/types\/page"}],"author":[{"embeddable":true,"href":"https:\/\/www.clean-air.cz\/fr\/wp-json\/wp\/v2\/users\/11"}],"replies":[{"embeddable":true,"href":"https:\/\/www.clean-air.cz\/fr\/wp-json\/wp\/v2\/comments?post=5371"}],"version-history":[{"count":0,"href":"https:\/\/www.clean-air.cz\/fr\/wp-json\/wp\/v2\/pages\/5371\/revisions"}],"up":[{"embeddable":true,"href":"https:\/\/www.clean-air.cz\/fr\/wp-json\/wp\/v2\/pages\/5789"}],"wp:attachment":[{"href":"https:\/\/www.clean-air.cz\/fr\/wp-json\/wp\/v2\/media?parent=5371"}],"curies":[{"name":"wp","href":"https:\/\/api.w.org\/{rel}","templated":true}]}}