{"id":5369,"date":"2018-06-12T09:04:50","date_gmt":"2018-06-12T07:04:50","guid":{"rendered":"https:\/\/www.clean-air.cz\/long-hood-ca-2\/"},"modified":"2026-01-27T08:15:05","modified_gmt":"2026-01-27T07:15:05","slug":"long-hood-ca-2","status":"publish","type":"page","link":"https:\/\/www.clean-air.cz\/fr\/headtops\/light-hoods\/long-hood-ca-2\/","title":{"rendered":"Cagoule longue CA-2"},"content":{"rendered":"<p>[vc_row][vc_column width=\u00a0\u00bb1\/2&Prime;][vc_gallery interval=\u00a0\u00bb0&Prime; images=\u00a0\u00bb10888,10908,10873,10878,10883,10893,10898,10903,10913&Prime; img_size=\u00a0\u00bblarge\u00a0\u00bb][\/vc_column][vc_column width=\u00a0\u00bb1\/2&Prime;][vc_column_text]<\/p>\n<p><strong><span style=\"font-size: 14pt; color: #be0300;\">Cagoule longue ultra l\u00e9g\u00e8re avec une protection des voies<br \/>\nrespiratoires de qualit\u00e9 sup\u00e9rieure<\/span><\/strong><\/p>\n<p>TCette cagoule longue et l\u00e9g\u00e8re offre une protection des voies respiratoires et une protection de la t\u00eate, du cou et des \u00e9paules, dans des environnements poussi\u00e9reux ne n\u00e9cessitant pas d\u2019autre protection m\u00e9canique. Associ\u00e9e aux PAPR ou syst\u00e8mes CleanAIR\u00ae, elle offre le niveau maximum de protection des voies respiratoires. Elle s\u2019adapte parfaitement aux diff\u00e9rents types de t\u00eate gr\u00e2ce \u00e0 son serre-t\u00eate r\u00e9glable et son bandeau \u00e9lastique confortable. La distance de la visi\u00e8re peut \u00eatre r\u00e9gl\u00e9e individuellement, tout comme le p\u00e9rim\u00e8tre du bandeau. Le tissu en nylon l\u00e9ger et la coupe ample la rendent agr\u00e9able \u00e0 porter sur de longues p\u00e9riodes. Sa visi\u00e8re \u00e0 champ panoramique avec rev\u00eatement antibu\u00e9e garantit une vision d\u00e9gag\u00e9e et offre une protection m\u00e9canique de base pour les yeux.<\/p>\n<p>[\/vc_column_text][\/vc_column][\/vc_row][vc_row][vc_column][vc_tta_tabs style=\u00a0\u00bbmodern\u00a0\u00bb shape=\u00a0\u00bbsquare\u00a0\u00bb active_section=\u00a0\u00bb1&Prime; no_fill_content_area=\u00a0\u00bbtrue\u00a0\u00bb title=\u00a0\u00bbD\u00e9tails\u00a0\u00bb][vc_tta_section i_icon_fontawesome=\u00a0\u00bbfa fa-industry\u00a0\u00bb add_icon=\u00a0\u00bbtrue\u00a0\u00bb title=\u00a0\u00bbDomaines d\u2019application\u00a0\u00bb tab_id=\u00a0\u00bb1513150336358-68add988-e9ea\u00a0\u00bb][vc_column_text]<span style=\"color: #be0300;\"><strong>Domaines d&rsquo;application<\/strong><\/span><\/p>\n<p>La cagoule peut \u00eatre utilis\u00e9e dans des environnements de poussi\u00e8re ou de pollution chimique l\u00e9g\u00e8re. Elle est adapt\u00e9e \u00e0 des op\u00e9rations de pulv\u00e9risation ou de peinture, \u00e0 un usage en laboratoire ou dans le secteur pharmaceutique.[\/vc_column_text][\/vc_tta_section][vc_tta_section i_icon_fontawesome=\u00a0\u00bbfa fa-thumbs-o-up\u00a0\u00bb add_icon=\u00a0\u00bbtrue\u00a0\u00bb title=\u00a0\u00bbCaract\u00e9ristiques et avantages\u00a0\u00bb tab_id=\u00a0\u00bb1513150336359-b7b65468-8021&Prime;][vc_column_text]<span style=\"color: #be0300;\"><strong>Caract\u00e9ristiques et avantages<br \/>\n<\/strong><\/span><\/p>\n<ul>\n<li>Protection des voies respiratoires de qualit\u00e9 sup\u00e9rieure<\/li>\n<li>Grande visi\u00e8re avec rev\u00eatement antibu\u00e9e<\/li>\n<li>R\u00e9glages de serre-t\u00eate individuels \u2013 r\u00e9glage du p\u00e9rim\u00e8tre et de la distance de la visi\u00e8re<\/li>\n<li>Agr\u00e9able \u00e0 porter gr\u00e2ce \u00e0 sa coupe ample et \u00e0 son mat\u00e9riau durable l\u00e9ger<\/li>\n<li>Offre une protection compl\u00e8te des yeux conforme \u00e0 la norme EN 166.<\/li>\n<li>Couche sup\u00e9rieure r\u00e9fl\u00e9chissante pratique<\/li>\n<li>Protection de la partie sup\u00e9rieure du corps<\/li>\n<\/ul>\n<p>[\/vc_column_text][\/vc_tta_section][vc_tta_section i_icon_fontawesome=\u00a0\u00bbfa fa-cog\u00a0\u00bb add_icon=\u00a0\u00bbtrue\u00a0\u00bb title=\u00a0\u00bbKits complets, accessoires, filtres\u00a0\u00bb tab_id=\u00a0\u00bb1513153137048-5f8c31c5-30ea\u00a0\u00bb][vc_column_text]<\/p>\n<table style=\"width: 100%; height: 178px;\">\n<tbody>\n<tr style=\"height: 46px;\">\n<td style=\"text-align: left; height: 46px;\" colspan=\"2\"><span style=\"color: #be0300;\"><strong>Cagoules compl\u00e8tes<br \/>\n<\/strong><\/span><\/td>\n<\/tr>\n<tr style=\"height: 22px;\">\n<td style=\"text-align: left; height: 22px;\">Cagoule de protection longue CA-2, orange<\/td>\n<td style=\"text-align: center; height: 22px;\">72 02 02<\/td>\n<\/tr>\n<tr style=\"height: 22px;\">\n<td style=\"text-align: left; height: 22px;\">Cagoule de protection longue CA-2, bleue<\/td>\n<td style=\"text-align: center; height: 22px;\">72 02 02B<\/td>\n<\/tr>\n<tr style=\"height: 22px;\">\n<td style=\"text-align: left; height: 22px;\" colspan=\"2\"><span style=\"color: #be0300;\"><strong>Liste des pi\u00e8ces d\u00e9tach\u00e9es \/ accessoires<br \/>\n<\/strong><\/span><\/td>\n<\/tr>\n<tr style=\"height: 22px;\">\n<td style=\"height: 22px;\">Bandeau anti-transpirant pour cagoules l\u00e9g\u00e8res \u2013 lot de 5<\/td>\n<td style=\"height: 22px;\">16 70 03\/5<\/td>\n<\/tr>\n<tr style=\"height: 22px;\">\n<td style=\"height: 22px;\">Film de protection \u2013 10x<\/td>\n<td style=\"height: 22px;\">70 01 20\/10<\/td>\n<\/tr>\n<tr style=\"height: 22px;\">\n<td style=\"height: 22px;\">Headgear for light hoods CleanAIR\u00ae, adjustable<\/td>\n<td style=\"height: 22px;\">72 00 01<\/td>\n<\/tr>\n<\/tbody>\n<\/table>\n<p>[\/vc_column_text][\/vc_tta_section][vc_tta_section i_icon_fontawesome=\u00a0\u00bbfa fa-wrench\u00a0\u00bb add_icon=\u00a0\u00bbtrue\u00a0\u00bb title=\u00a0\u00bbDonn\u00e9es techniques\u00a0\u00bb tab_id=\u00a0\u00bb1513153797992-792040b0-82c9&Prime;][vc_column_text]<\/p>\n<table style=\"width: 100%; height: 234px;\">\n<tbody>\n<tr style=\"height: 22px;\">\n<td style=\"text-align: left; height: 22px;\"><span style=\"color: #be0300;\"><strong>Poids<\/strong><\/span><\/td>\n<td style=\"text-align: center; height: 22px;\">240 g<\/td>\n<\/tr>\n<tr style=\"height: 53px;\">\n<td style=\"text-align: left; height: 53px;\"><span style=\"color: #be0300;\"><strong>Mat\u00e9riau<\/strong><\/span><\/td>\n<td style=\"text-align: center; height: 53px;\">cagoule \u2013 nylon<br \/>\nvisi\u00e8re \u2013 cellulose proportionn\u00e9e<\/td>\n<\/tr>\n<tr style=\"height: 22px;\">\n<td style=\"text-align: left; height: 22px;\"><span style=\"color: #be0300;\"><strong>Couleur<\/strong><\/span><\/td>\n<td style=\"text-align: center; height: 22px;\">orange, bleu<\/td>\n<\/tr>\n<tr style=\"height: 46px;\">\n<td style=\"text-align: left; height: 46px;\"><span style=\"color: #be0300;\"><strong>Facteur de protection<br \/>\nnominale (NPF)<\/strong><\/span><\/td>\n<td style=\"text-align: center; height: 46px;\">500<\/td>\n<\/tr>\n<tr style=\"height: 22px;\">\n<td style=\"text-align: left; height: 22px;\"><span style=\"color: #be0300;\"><strong>Raccord de tuyau<\/strong><\/span><\/td>\n<td style=\"text-align: center; height: 22px;\">QuickLOCK\u2122<\/td>\n<\/tr>\n<tr style=\"height: 69px;\">\n<td style=\"text-align: left; height: 69px;\"><span style=\"color: #be0300;\"><strong>Certification<\/strong><\/span><\/td>\n<td style=\"text-align: center; height: 69px;\">EN 12941 TH3<br \/>\nEN 14594 3A<br \/>\nEN 166 1 S F<\/td>\n<\/tr>\n<\/tbody>\n<\/table>\n<p>[\/vc_column_text][\/vc_tta_section][vc_tta_section i_icon_fontawesome=\u00a0\u00bbfa fa-download\u00a0\u00bb add_icon=\u00a0\u00bbtrue\u00a0\u00bb title=\u00a0\u00bbT\u00e9l\u00e9chargements\u00a0\u00bb tab_id=\u00a0\u00bb1513154098935-95c74e4f-fa1e\u00a0\u00bb][vc_column_text]<a href=\"https:\/\/www.clean-air.cz\/wp-content\/uploads\/2026\/01\/GR-CNA076-R10-User-Manual-Light-Hoods-DIGI.pdf\">User Manual &#8211; Light Hoods DIGI<\/a><\/p>\n<p><a href=\"https:\/\/www.clean-air.cz\/wp-content\/uploads\/2024\/12\/DA-002_-_720112_-_CA-1_Plus_-_EN.pdf\">DA-002_-_720112_-_CA-1_Plus_-_EN<\/a><\/p>\n<p><a href=\"https:\/\/www.clean-air.cz\/wp-content\/uploads\/2024\/10\/DA-095_-_720201_-_CA-2_Lite_-_EN.pdf\">Datasheet_-_720201_-_CA-2_Lite_-_EN<\/a><\/p>\n<p><a href=\"https:\/\/www.clean-air.cz\/wp-content\/uploads\/2020\/11\/PS-720201-1-R0-CA-2-Lite.pdf\">Declaration of confornity<\/a><a href=\"https:\/\/www.clean-air.cz\/wp-content\/uploads\/2024\/12\/PS-720200-1-R4-CA-2.pdf\"> CA-2<\/a><\/p>\n<p><a href=\"https:\/\/www.clean-air.cz\/wp-content\/uploads\/2020\/11\/PS-720201-1-R0-CA-2-Lite.pdf\">Declaration of confornity CA-2 Lite<\/a>[\/vc_column_text][\/vc_tta_section][vc_tta_section i_icon_fontawesome=\u00a0\u00bbfa fa-picture-o\u00a0\u00bb add_icon=\u00a0\u00bbtrue\u00a0\u00bb title=\u00a0\u00bbGalerie\u00a0\u00bb tab_id=\u00a0\u00bb1515415801460-0c2258c9-4574&Prime;][vc_gallery type=\u00a0\u00bbimage_grid\u00a0\u00bb images=\u00a0\u00bb8549,8652,8647,8637,8642,8632&Prime; img_size=\u00a0\u00bbmedium\u00a0\u00bb css_animation=\u00a0\u00bbfadeIn\u00a0\u00bb css=\u00a0\u00bb.vc_custom_1580732848041{padding-left: 280px !important;}\u00a0\u00bb][\/vc_tta_section][\/vc_tta_tabs][\/vc_column][\/vc_row]<\/p>\n","protected":false},"excerpt":{"rendered":"<p>[vc_row][vc_column width=\u00a0\u00bb1\/2&Prime;][vc_gallery interval=\u00a0\u00bb0&Prime; images=\u00a0\u00bb10888,10908,10873,10878,10883,10893,10898,10903,10913&Prime; img_size=\u00a0\u00bblarge\u00a0\u00bb][\/vc_column][vc_column width=\u00a0\u00bb1\/2&Prime;][vc_column_text] Cagoule longue ultra l\u00e9g\u00e8re avec une protection des voies respiratoires de qualit\u00e9 sup\u00e9rieure TCette cagoule longue et l\u00e9g\u00e8re offre une protection des voies respiratoires et une protection de la t\u00eate, du cou et des \u00e9paules, dans des environnements poussi\u00e9reux ne n\u00e9cessitant pas d\u2019autre protection m\u00e9canique. Associ\u00e9e aux PAPR ou syst\u00e8mes CleanAIR\u00ae, elle offre le niveau maximum de protection des voies respiratoires. Elle s\u2019adapte parfaitement<\/p>\n<p><a class=\"more-link\" href=\"https:\/\/www.clean-air.cz\/fr\/headtops\/light-hoods\/long-hood-ca-2\/\">Lire la suite&#8230;<\/a><\/p>\n","protected":false},"author":11,"featured_media":0,"parent":5385,"menu_order":0,"comment_status":"closed","ping_status":"closed","template":"","meta":{"footnotes":""},"_links":{"self":[{"href":"https:\/\/www.clean-air.cz\/fr\/wp-json\/wp\/v2\/pages\/5369"}],"collection":[{"href":"https:\/\/www.clean-air.cz\/fr\/wp-json\/wp\/v2\/pages"}],"about":[{"href":"https:\/\/www.clean-air.cz\/fr\/wp-json\/wp\/v2\/types\/page"}],"author":[{"embeddable":true,"href":"https:\/\/www.clean-air.cz\/fr\/wp-json\/wp\/v2\/users\/11"}],"replies":[{"embeddable":true,"href":"https:\/\/www.clean-air.cz\/fr\/wp-json\/wp\/v2\/comments?post=5369"}],"version-history":[{"count":0,"href":"https:\/\/www.clean-air.cz\/fr\/wp-json\/wp\/v2\/pages\/5369\/revisions"}],"up":[{"embeddable":true,"href":"https:\/\/www.clean-air.cz\/fr\/wp-json\/wp\/v2\/pages\/5385"}],"wp:attachment":[{"href":"https:\/\/www.clean-air.cz\/fr\/wp-json\/wp\/v2\/media?parent=5369"}],"curies":[{"name":"wp","href":"https:\/\/api.w.org\/{rel}","templated":true}]}}