{"id":5368,"date":"2018-06-13T07:20:06","date_gmt":"2018-06-13T05:20:06","guid":{"rendered":"https:\/\/www.clean-air.cz\/long-hood-ca-10\/"},"modified":"2026-04-30T12:58:37","modified_gmt":"2026-04-30T10:58:37","slug":"long-hood-ca-10","status":"publish","type":"page","link":"https:\/\/www.clean-air.cz\/fr\/headtops\/light-hoods\/long-hood-ca-10\/","title":{"rendered":"Cagoule courte CA-10"},"content":{"rendered":"<p>[vc_row][vc_column width=\u00a0\u00bb1\/2&Prime;][vc_gallery interval=\u00a0\u00bb0&Prime; images=\u00a0\u00bb10399,10404,10409,10414,17782,17775&Prime; img_size=\u00a0\u00bblarge\u00a0\u00bb][\/vc_column][vc_column width=\u00a0\u00bb1\/2&Prime;][vc_column_text]<\/p>\n<p><strong><span style=\"font-size: 14pt; color: #be0300;\">Protection des voies respiratoires de qualit\u00e9 sup\u00e9rieure avec<br \/>\ngrande r\u00e9sistance aux produits chimiques<\/span><\/strong><\/p>\n<p>Cette cagoule r\u00e9sistante aux produits chimiques offre une protection des voies respiratoires et une protection de la t\u00eate, du cou et des \u00e9paules, dans les environnements de pollution chimique les plus difficiles. Associ\u00e9e aux PAPR ou syst\u00e8mes CleanAIR\u00ae, elle offre le niveau maximum de protection des voies respiratoires. La cagoule est plus durable et permet un nettoyage facile gr\u00e2ce \u00e0 son tissu lamin\u00e9 l\u00e9ger avec coutures renforc\u00e9es. Elle reste tr\u00e8s l\u00e9g\u00e8re et confortable gr\u00e2ce \u00e0 son tissu de doublure antiseptique qui absorbe la sueur et cr\u00e9e une couche de protection suppl\u00e9mentaire. Elle s\u2019adapte parfaitement aux diff\u00e9rents types de t\u00eate gr\u00e2ce \u00e0 son serre-t\u00eate r\u00e9glable et son bandeau \u00e9lastique confortable. La distance de la visi\u00e8re peut \u00eatre r\u00e9gl\u00e9e individuellement, tout comme le p\u00e9rim\u00e8tre du bandeau. Sa visi\u00e8re \u00e0 champ<br \/>panoramique avec rev\u00eatement antibu\u00e9e garantit une vision d\u00e9gag\u00e9e et offre<br \/>une protection m\u00e9canique de base.<\/p>\n<p>[\/vc_column_text][\/vc_column][\/vc_row][vc_row][vc_column][vc_tta_tabs style=\u00a0\u00bbmodern\u00a0\u00bb shape=\u00a0\u00bbsquare\u00a0\u00bb active_section=\u00a0\u00bb1&Prime; no_fill_content_area=\u00a0\u00bbtrue\u00a0\u00bb title=\u00a0\u00bbD\u00e9tails\u00a0\u00bb][vc_tta_section i_icon_fontawesome=\u00a0\u00bbfa fa-industry\u00a0\u00bb add_icon=\u00a0\u00bbtrue\u00a0\u00bb title=\u00a0\u00bbDomaines d\u2019application\u00a0\u00bb tab_id=\u00a0\u00bb1513150336358-68add988-e9ea\u00a0\u00bb][vc_column_text]<\/p>\n<p><span style=\"color: #be0300;\"><strong>Domaines d&rsquo;application<\/strong><\/span><\/p>\n<p>Le casque peut \u00eatre utilis\u00e9 dans tous les environnements exigeant une grande durabilit\u00e9<br \/>et r\u00e9sistance aux produits chimiques. Il est adapt\u00e9 \u00e0 des op\u00e9rations de pulv\u00e9risation ou de peinture, ainsi qu\u2019\u00e0 un usage en laboratoire ou dans le secteur pharmaceutique.<\/p>\n<p>[\/vc_column_text][\/vc_tta_section][vc_tta_section i_icon_fontawesome=\u00a0\u00bbfa fa-thumbs-o-up\u00a0\u00bb add_icon=\u00a0\u00bbtrue\u00a0\u00bb title=\u00a0\u00bbCaract\u00e9ristiques et avantages\u00a0\u00bb tab_id=\u00a0\u00bb1513150336359-b7b65468-8021&Prime;][vc_column_text]<\/p>\n<p><span style=\"color: #be0300;\"><strong>Caract\u00e9ristiques et avantages<\/strong><\/span><\/p>\n<ul>\n<li>Protection des voies respiratoires de qualit\u00e9 sup\u00e9rieure<\/li>\n<li>Durable et nettoyable<\/li>\n<li>Rev\u00eatement interne antiseptique absorbant la sueur et offrant une couche de protection suppl\u00e9mentaire<\/li>\n<li>Grande visi\u00e8re avec rev\u00eatement antibu\u00e9e<\/li>\n<li>R\u00e9glages de serre-t\u00eate individuels \u2013 r\u00e9glage du p\u00e9rim\u00e8tre et de la distance de la visi\u00e8re<\/li>\n<li>Agr\u00e9able \u00e0 porter gr\u00e2ce \u00e0 sa coupe ample et \u00e0 son mat\u00e9riau durable l\u00e9ger<\/li>\n<li>Offre une protection compl\u00e8te des yeux conforme \u00e0 la norme EN 166.<\/li>\n<li>Couche sup\u00e9rieure r\u00e9fl\u00e9chissante pratique<\/li>\n<\/ul>\n<p>[\/vc_column_text][\/vc_tta_section][vc_tta_section i_icon_fontawesome=\u00a0\u00bbfa fa-cog\u00a0\u00bb add_icon=\u00a0\u00bbtrue\u00a0\u00bb title=\u00a0\u00bbKits complets, accessoires, filtres\u00a0\u00bb tab_id=\u00a0\u00bb1513153137048-5f8c31c5-30ea\u00a0\u00bb][vc_column_text]<\/p>\n<table>\n<tbody>\n<tr>\n<td style=\"text-align: left;\" colspan=\"2\"><span style=\"color: #be0300;\"><strong>Cagoules compl\u00e8tes<br \/>\n<\/strong><\/span><\/td>\n<\/tr>\n<tr>\n<td style=\"text-align: left;\">Cagoule de protection longue CA-10, r\u00e9sistante aux produits<br \/>\nchimiques<\/td>\n<td style=\"text-align: left;\">72 10 02<\/td>\n<\/tr>\n<tr>\n<td style=\"text-align: left;\" colspan=\"2\"><span style=\"color: #be0300;\"><strong>Liste des pi\u00e8ces d\u00e9tach\u00e9es \/ accessoires<br \/>\n<\/strong><\/span><\/td>\n<\/tr>\n<tr>\n<td>Bandeau anti-transpirant pour cagoules l\u00e9g\u00e8res \u2013 lot de 5<\/td>\n<td>16 70 03\/5<\/td>\n<\/tr>\n<tr>\n<td>Film de protection \u2013 10x<\/td>\n<td>70 01 20\/10<\/td>\n<\/tr>\n<tr>\n<td>Bandeau anti-transpirant pour cagoules l\u00e9g\u00e8res CleanAIR\u00ae, r\u00e9glable<\/td>\n<td>72 00 01<\/td>\n<\/tr>\n<\/tbody>\n<\/table>\n<p>[\/vc_column_text][\/vc_tta_section][vc_tta_section i_icon_fontawesome=\u00a0\u00bbfa fa-wrench\u00a0\u00bb add_icon=\u00a0\u00bbtrue\u00a0\u00bb title=\u00a0\u00bbDonn\u00e9es techniques\u00a0\u00bb tab_id=\u00a0\u00bb1513153797992-792040b0-82c9&Prime;][vc_column_text]<\/p>\n<table>\n<tbody>\n<tr>\n<td style=\"text-align: left;\"><span style=\"color: #be0300;\"><strong>Poids<\/strong><\/span><\/td>\n<td style=\"text-align: center;\">220 g<\/td>\n<\/tr>\n<tr>\n<td style=\"text-align: left;\"><span style=\"color: #be0300;\"><strong>Mat\u00e9riau<\/strong><\/span><\/td>\n<td style=\"text-align: center;\">casque \u2013 poly\u00e9thyl\u00e8ne lamin\u00e9<br \/>\nvisi\u00e8re \u2013 cellulose proportionn\u00e9e<\/td>\n<\/tr>\n<tr>\n<td style=\"text-align: left;\"><span style=\"color: #be0300;\"><strong>Couleur<\/strong><\/span><\/td>\n<td style=\"text-align: center;\">jaune<\/td>\n<\/tr>\n<tr>\n<td style=\"text-align: left;\"><span style=\"color: #be0300;\"><strong>Facteur de protection<br \/>\nnominale (NPF)<\/strong><\/span><\/td>\n<td style=\"text-align: center;\">500<\/td>\n<\/tr>\n<tr>\n<td style=\"text-align: left;\"><span style=\"color: #be0300;\"><strong>Raccord de tuyau<\/strong><\/span><\/td>\n<td style=\"text-align: center;\">QuickLOCK\u2122<\/td>\n<\/tr>\n<tr>\n<td style=\"text-align: left;\"><span style=\"color: #be0300;\"><strong>Certification<\/strong><\/span><\/td>\n<td style=\"text-align: center;\">EN 12941 TH3<br \/>\nEN 14594 3A<br \/>\nEN 166 1 S F<\/td>\n<\/tr>\n<\/tbody>\n<\/table>\n<p>[\/vc_column_text][\/vc_tta_section][vc_tta_section i_icon_fontawesome=\u00a0\u00bbfa fa-download\u00a0\u00bb add_icon=\u00a0\u00bbtrue\u00a0\u00bb title=\u00a0\u00bbT\u00e9l\u00e9chargements\u00a0\u00bb tab_id=\u00a0\u00bb1513154098935-95c74e4f-fa1e\u00a0\u00bb][vc_column_text]<a href=\"https:\/\/www.clean-air.cz\/wp-content\/uploads\/2026\/01\/GR-CNA076-R10-User-Manual-Light-Hoods-DIGI.pdf\">User Manual &#8211; Light Hoods DIGI<\/a><\/p>\n<p><a href=\"https:\/\/www.clean-air.cz\/wp-content\/uploads\/2024\/10\/DA-030_-_721002_-_CA-10_-_EN.pdf\">DA-030_-_721002_-_CA-10_-_EN<\/a><\/p>\n<p><a href=\"https:\/\/www.clean-air.cz\/wp-content\/uploads\/2024\/10\/DA-099_-_721002G_-_CA-10G_CZ.pdf\">DA-099_-_721002G_-_CA-10G_CZ<\/a><\/p>\n<p><a href=\"https:\/\/www.clean-air.cz\/wp-content\/uploads\/2024\/12\/PS-721000-1-R5-CA-10.pdf\">Declaration of Conformity PS-721000-1-R5 CA-10<\/a>[\/vc_column_text][\/vc_tta_section][vc_tta_section i_icon_fontawesome=\u00a0\u00bbfa fa-picture-o\u00a0\u00bb add_icon=\u00a0\u00bbtrue\u00a0\u00bb title=\u00a0\u00bbGalerie\u00a0\u00bb tab_id=\u00a0\u00bb1515415801460-0c2258c9-4574&Prime;][vc_gallery type=\u00a0\u00bbimage_grid\u00a0\u00bb images=\u00a0\u00bb8551,8660,8655&Prime; img_size=\u00a0\u00bbmedium\u00a0\u00bb css_animation=\u00a0\u00bbfadeIn\u00a0\u00bb css=\u00a0\u00bb.vc_custom_1580733937473{padding-left: 280px !important;}\u00a0\u00bb][\/vc_tta_section][\/vc_tta_tabs][\/vc_column][\/vc_row]<\/p>\n","protected":false},"excerpt":{"rendered":"<p>[vc_row][vc_column width=\u00a0\u00bb1\/2&Prime;][vc_gallery interval=\u00a0\u00bb0&Prime; images=\u00a0\u00bb10399,10404,10409,10414,17782,17775&Prime; img_size=\u00a0\u00bblarge\u00a0\u00bb][\/vc_column][vc_column width=\u00a0\u00bb1\/2&Prime;][vc_column_text] Protection des voies respiratoires de qualit\u00e9 sup\u00e9rieure avec grande r\u00e9sistance aux produits chimiques Cette cagoule r\u00e9sistante aux produits chimiques offre une protection des voies respiratoires et une protection de la t\u00eate, du cou et des \u00e9paules, dans les environnements de pollution chimique les plus difficiles. Associ\u00e9e aux PAPR ou syst\u00e8mes CleanAIR\u00ae, elle offre le niveau maximum de protection des voies respiratoires. La cagoule est<\/p>\n<p><a class=\"more-link\" href=\"https:\/\/www.clean-air.cz\/fr\/headtops\/light-hoods\/long-hood-ca-10\/\">Lire la suite&#8230;<\/a><\/p>\n","protected":false},"author":11,"featured_media":0,"parent":5385,"menu_order":0,"comment_status":"closed","ping_status":"closed","template":"","meta":{"footnotes":""},"_links":{"self":[{"href":"https:\/\/www.clean-air.cz\/fr\/wp-json\/wp\/v2\/pages\/5368"}],"collection":[{"href":"https:\/\/www.clean-air.cz\/fr\/wp-json\/wp\/v2\/pages"}],"about":[{"href":"https:\/\/www.clean-air.cz\/fr\/wp-json\/wp\/v2\/types\/page"}],"author":[{"embeddable":true,"href":"https:\/\/www.clean-air.cz\/fr\/wp-json\/wp\/v2\/users\/11"}],"replies":[{"embeddable":true,"href":"https:\/\/www.clean-air.cz\/fr\/wp-json\/wp\/v2\/comments?post=5368"}],"version-history":[{"count":0,"href":"https:\/\/www.clean-air.cz\/fr\/wp-json\/wp\/v2\/pages\/5368\/revisions"}],"up":[{"embeddable":true,"href":"https:\/\/www.clean-air.cz\/fr\/wp-json\/wp\/v2\/pages\/5385"}],"wp:attachment":[{"href":"https:\/\/www.clean-air.cz\/fr\/wp-json\/wp\/v2\/media?parent=5368"}],"curies":[{"name":"wp","href":"https:\/\/api.w.org\/{rel}","templated":true}]}}