{"id":5364,"date":"2018-06-13T08:11:56","date_gmt":"2018-06-13T06:11:56","guid":{"rendered":"https:\/\/www.clean-air.cz\/welding-hood-ca-20\/"},"modified":"2025-08-14T11:44:54","modified_gmt":"2025-08-14T09:44:54","slug":"welding-hood-ca-20","status":"publish","type":"page","link":"https:\/\/www.clean-air.cz\/fr\/headtops\/welding-hoods\/welding-hood-ca-20\/","title":{"rendered":"Cagoule de soudage CA-20"},"content":{"rendered":"<p>[vc_row][vc_column width=\u00a0\u00bb1\/2&Prime;][vc_gallery interval=\u00a0\u00bb0&Prime; images=\u00a0\u00bb22377&Prime; img_size=\u00a0\u00bblarge\u00a0\u00bb][\/vc_column][vc_column width=\u00a0\u00bb1\/2&Prime;][vc_column_text]<\/p>\n<h3><span style=\"color: #be0300;\">Discontinued starting October 4.<\/span><br \/>\nAll the consumables and spare parts remains available until December 2026 or untill further notice.<\/h3>\n<p>&nbsp;<\/p>\n<p><strong><span style=\"font-size: 14pt; color: #be0300;\">Superb optics &amp; uncompromising respiratory protection<\/span><\/strong><\/p>\n<p>The highest optical quality 1\/1\/1\/1 and superb clarity of vision in both light state and during welding. Wide field of vision thanks to enlarged lens with True Colour feature. CA-20 helmet features enhanced TIG detection optimized down to 1 amp. In-built air distribution system delivers the air right into the breathing zone with posibility of individuial adjustment of airflow direction. CA-20 meets the highest standard in respiratory protection.[\/vc_column_text][\/vc_column][\/vc_row][vc_row][vc_column width=\u00a0\u00bb1\/3&Prime;][vc_column_text]<strong><span style=\"font-size: 14pt; color: #be0300;\">Options de joint d&rsquo;\u00e9tanch\u00e9ite du visage disponibles:<\/span><\/strong><\/p>\n<p>Joint d\u2019\u00e9tanch\u00e9it\u00e9 standard pour recouvrir la partie arri\u00e8re de la t\u00eate, joint d\u2019\u00e9tanch\u00e9it\u00e9 du visage flexible pour un ajustement confortable, mais \u00e9tanche, autour du visage.<\/p>\n<p><img loading=\"lazy\" decoding=\"async\" class=\"alignnone size-medium wp-image-9396 aligncenter\" src=\"https:\/\/www.clean-air.cz\/wp-content\/uploads\/2020\/06\/CleanAIR-welding-helmet-CA-20-options-1-300x195.jpg\" alt=\"\" width=\"300\" height=\"195\" srcset=\"https:\/\/www.clean-air.cz\/wp-content\/uploads\/2020\/06\/CleanAIR-welding-helmet-CA-20-options-1-300x195.jpg 300w, https:\/\/www.clean-air.cz\/wp-content\/uploads\/2020\/06\/CleanAIR-welding-helmet-CA-20-options-1.jpg 746w\" sizes=\"(max-width: 300px) 100vw, 300px\" \/>[\/vc_column_text][\/vc_column][vc_column width=\u00a0\u00bb1\/3&Prime;][vc_column_text]<strong><span style=\"font-size: 14pt; color: #be0300;\">Syst\u00e9me avanc\u00e9 de distribution de l&rsquo;air<\/span><\/strong><\/p>\n<p>Le syst\u00e8me int\u00e9gr\u00e9 de distribution de l\u2019air apporte celui-ci directement dans<br \/>\nla zone de respiration. Le d\u00e9flecteur d\u2019air permet un r\u00e9glage individuel de la direction du d\u00e9bit d\u2019air.<\/p>\n<p><img loading=\"lazy\" decoding=\"async\" class=\"alignnone size-medium wp-image-9358 aligncenter\" src=\"https:\/\/www.clean-air.cz\/wp-content\/uploads\/2020\/06\/CleanAir-welding-helmet-CA-20-airflow-300x277.jpg\" alt=\"Welding helmet Clean-AIR CA-20 airflow\" width=\"300\" height=\"277\" \/>[\/vc_column_text][\/vc_column][vc_column width=\u00a0\u00bb1\/3&Prime;][vc_column_text]<strong><span style=\"font-size: 14pt; color: #be0300;\">Support pour tuyau\u00a0<\/span><\/strong><\/p>\n<p>S\u00e9curise le tuyau d\u2019air et permet d\u2019acc\u00e9der facilement au casque. Permet un r\u00e9glable correct de la longueur du tuyau = plus de boucles.<\/p>\n<p><img loading=\"lazy\" decoding=\"async\" class=\"alignnone size-medium wp-image-9406 aligncenter\" src=\"https:\/\/www.clean-air.cz\/wp-content\/uploads\/2020\/06\/CleanAIR-welding-helmet-CA-20-hose-holder-1-266x300.jpg\" alt=\"\" width=\"266\" height=\"300\" srcset=\"https:\/\/www.clean-air.cz\/wp-content\/uploads\/2020\/06\/CleanAIR-welding-helmet-CA-20-hose-holder-1-266x300.jpg 266w, https:\/\/www.clean-air.cz\/wp-content\/uploads\/2020\/06\/CleanAIR-welding-helmet-CA-20-hose-holder-1.jpg 429w\" sizes=\"(max-width: 266px) 100vw, 266px\" \/>[\/vc_column_text][\/vc_column][\/vc_row][vc_row][vc_column width=\u00a0\u00bb1\/3&Prime;][vc_column_text]<strong><span style=\"font-size: 14pt; color: #be0300;\">Syst\u00e9me unique de joint d&rsquo;\u00e9tanch\u00e9it\u00e9 du visage<\/span><\/strong><\/p>\n<p>Remplacement rapide et facile.<\/p>\n<p><img loading=\"lazy\" decoding=\"async\" class=\"size-medium wp-image-9373 aligncenter\" src=\"https:\/\/www.clean-air.cz\/wp-content\/uploads\/2020\/06\/CleanAir-welding-helmet-CA-20-faceseal-replacement-300x294.jpg\" alt=\"Welding helmet Clean-AIR CA-20 face seal replacement\" width=\"300\" height=\"294\" \/>[\/vc_column_text][\/vc_column][vc_column width=\u00a0\u00bb1\/3&Prime;][vc_column_text]<strong><span style=\"font-size: 14pt; color: #be0300;\">Replacement rapide et facile des pi\u00e9ces d\u00e9tach\u00e9es<\/span><\/strong><\/p>\n<p><img loading=\"lazy\" decoding=\"async\" class=\"alignnone size-medium wp-image-9416 aligncenter\" src=\"https:\/\/www.clean-air.cz\/wp-content\/uploads\/2020\/06\/CleanAIR-welding-helmet-CA-20-spare-parts-replacement-1-300x98.jpg\" alt=\"Welding helmet Clean-AIR CA-20 spare parts replacement\" width=\"300\" height=\"98\" srcset=\"https:\/\/www.clean-air.cz\/wp-content\/uploads\/2020\/06\/CleanAIR-welding-helmet-CA-20-spare-parts-replacement-1-300x98.jpg 300w, https:\/\/www.clean-air.cz\/wp-content\/uploads\/2020\/06\/CleanAIR-welding-helmet-CA-20-spare-parts-replacement-1-768x252.jpg 768w, https:\/\/www.clean-air.cz\/wp-content\/uploads\/2020\/06\/CleanAIR-welding-helmet-CA-20-spare-parts-replacement-1-800x262.jpg 800w, https:\/\/www.clean-air.cz\/wp-content\/uploads\/2020\/06\/CleanAIR-welding-helmet-CA-20-spare-parts-replacement-1.jpg 1000w\" sizes=\"(max-width: 300px) 100vw, 300px\" \/>[\/vc_column_text][\/vc_column][vc_column width=\u00a0\u00bb1\/3&Prime;][vc_column_text]<strong><span style=\"font-size: 14pt; color: #be0300;\">SQualit\u00e9 optique superbe 1\/1\/1\/1<\/span><\/strong><\/p>\n<ul>\n<li>Zone de vision \u00e9largie 97 x 68 mm.<\/li>\n<li>\u00c9cran couleur \u2013 perception am\u00e9lior\u00e9e de la couleur.<\/li>\n<li>100 % \u00e9nergie solaire.<\/li>\n<li>Activation\/d\u00e9sactivation automatique: toujours pr\u00eat<br \/>\n\u00e0 souder.<\/li>\n<\/ul>\n<p>&nbsp;<\/p>\n<p><img loading=\"lazy\" decoding=\"async\" class=\"alignnone size-medium wp-image-9421 aligncenter\" src=\"https:\/\/www.clean-air.cz\/wp-content\/uploads\/2020\/06\/CleanAIR-welding-helmet-CA-20-superb-optical-quality-300x148.jpg\" alt=\"Welding helmet Clean-AIR CA-20 optical quality\" width=\"300\" height=\"148\" srcset=\"https:\/\/www.clean-air.cz\/wp-content\/uploads\/2020\/06\/CleanAIR-welding-helmet-CA-20-superb-optical-quality-300x148.jpg 300w, https:\/\/www.clean-air.cz\/wp-content\/uploads\/2020\/06\/CleanAIR-welding-helmet-CA-20-superb-optical-quality.jpg 526w\" sizes=\"(max-width: 300px) 100vw, 300px\" \/>[\/vc_column_text][\/vc_column][\/vc_row][vc_row][vc_column width=\u00a0\u00bb1\/3&Prime;][vc_column_text]<strong><span style=\"font-size: 14pt; color: #be0300;\">Support de loupe<\/span><\/strong><\/p>\n<p>Compatible les loupes standard 108 x 51 mm.<\/p>\n<p><img loading=\"lazy\" decoding=\"async\" class=\"alignnone size-medium wp-image-9426 aligncenter\" src=\"https:\/\/www.clean-air.cz\/wp-content\/uploads\/2020\/06\/CleanAIR-welding-helmet-CA-20-magnifying-lens-holder-300x292.jpg\" alt=\"\" width=\"300\" height=\"292\" srcset=\"https:\/\/www.clean-air.cz\/wp-content\/uploads\/2020\/06\/CleanAIR-welding-helmet-CA-20-magnifying-lens-holder-300x292.jpg 300w, https:\/\/www.clean-air.cz\/wp-content\/uploads\/2020\/06\/CleanAIR-welding-helmet-CA-20-magnifying-lens-holder.jpg 526w\" sizes=\"(max-width: 300px) 100vw, 300px\" \/>[\/vc_column_text][\/vc_column][vc_column width=\u00a0\u00bb1\/3&Prime;][vc_column_text]<strong><span style=\"font-size: 14pt; color: #be0300;\">Technologie ADC Plus<\/span><\/strong><\/p>\n<p>=d\u00e9pendance angulaire am\u00e9llor\u00e9e<\/p>\n<p><img loading=\"lazy\" decoding=\"async\" class=\"size-medium wp-image-9431 aligncenter\" src=\"https:\/\/www.clean-air.cz\/wp-content\/uploads\/2020\/06\/CleanAIR-welding-helmet-CA-20-adc-plus-technology-300x151.jpg\" alt=\"\" width=\"300\" height=\"151\" srcset=\"https:\/\/www.clean-air.cz\/wp-content\/uploads\/2020\/06\/CleanAIR-welding-helmet-CA-20-adc-plus-technology-300x151.jpg 300w, https:\/\/www.clean-air.cz\/wp-content\/uploads\/2020\/06\/CleanAIR-welding-helmet-CA-20-adc-plus-technology-1024x514.jpg 1024w, https:\/\/www.clean-air.cz\/wp-content\/uploads\/2020\/06\/CleanAIR-welding-helmet-CA-20-adc-plus-technology-768x385.jpg 768w, https:\/\/www.clean-air.cz\/wp-content\/uploads\/2020\/06\/CleanAIR-welding-helmet-CA-20-adc-plus-technology-1536x771.jpg 1536w, https:\/\/www.clean-air.cz\/wp-content\/uploads\/2020\/06\/CleanAIR-welding-helmet-CA-20-adc-plus-technology-2048x1028.jpg 2048w, https:\/\/www.clean-air.cz\/wp-content\/uploads\/2020\/06\/CleanAIR-welding-helmet-CA-20-adc-plus-technology-800x402.jpg 800w\" sizes=\"(max-width: 300px) 100vw, 300px\" \/>[\/vc_column_text][\/vc_column][vc_column width=\u00a0\u00bb1\/3&Prime;][vc_column_text]<strong><span style=\"font-size: 14pt; color: #be0300;\">Capteurs doubles svec technologie de d\u00e9tection intelligente<\/span><\/strong><\/p>\n<p>Les capteurs intelligents font la distinction entre l\u2019arc de soudure et la luminosit\u00e9 ambiante.<\/p>\n<p><img loading=\"lazy\" decoding=\"async\" class=\"size-medium wp-image-9436 aligncenter\" src=\"https:\/\/www.clean-air.cz\/wp-content\/uploads\/2020\/06\/CleanAir-welding-helmet-CA-20-inteligent-sensing-technology-300x269.jpg\" alt=\"\" width=\"300\" height=\"269\" srcset=\"https:\/\/www.clean-air.cz\/wp-content\/uploads\/2020\/06\/CleanAir-welding-helmet-CA-20-inteligent-sensing-technology-300x269.jpg 300w, https:\/\/www.clean-air.cz\/wp-content\/uploads\/2020\/06\/CleanAir-welding-helmet-CA-20-inteligent-sensing-technology.jpg 526w\" sizes=\"(max-width: 300px) 100vw, 300px\" \/>[\/vc_column_text][\/vc_column][\/vc_row][vc_row][vc_column width=\u00a0\u00bb1\/3&Prime;][vc_column_text]<strong><span style=\"font-size: 14pt; color: #be0300;\">CA-20 GDS 6-8\/9-13 contr\u00f4le externe<\/span><\/strong><\/p>\n<ul>\n<li>Contr\u00f4le externe<\/li>\n<li>R\u00e9glable de nuance prolong\u00e9\n<ul>\n<li>6-8 pour la d\u00e9coupe \u00e0 l\u2019oxyg\u00e8ne ou au plasma<\/li>\n<li>9-13 pour la soudure<\/li>\n<\/ul>\n<\/li>\n<li>Large gamme de param\u00e8tres de sensibilit\u00e9<\/li>\n<li>R\u00e9glage du retard de bascule entre le mode obscur et clair<\/li>\n<li>Mode meulage<\/li>\n<\/ul>\n<p><img loading=\"lazy\" decoding=\"async\" class=\"alignnone size-medium wp-image-9383 aligncenter\" src=\"https:\/\/www.clean-air.cz\/wp-content\/uploads\/2020\/06\/CleanAir-welding-helmet-CA-20-side-239x300.jpg\" alt=\"Welding helmet Clean-AIR CA-20 left side view\" width=\"239\" height=\"300\" srcset=\"https:\/\/www.clean-air.cz\/wp-content\/uploads\/2020\/06\/CleanAir-welding-helmet-CA-20-side-239x300.jpg 239w, https:\/\/www.clean-air.cz\/wp-content\/uploads\/2020\/06\/CleanAir-welding-helmet-CA-20-side.jpg 527w\" sizes=\"(max-width: 239px) 100vw, 239px\" \/>[\/vc_column_text][\/vc_column][vc_column width=\u00a0\u00bb1\/3&Prime;][vc_column_text]<strong><span style=\"font-size: 14pt; color: #be0300;\">CA-20 DS 6-8\/9-13 contr\u00f4le interne<\/span><\/strong><\/p>\n<ul>\n<li>R\u00e9glage de nuance 9-13<\/li>\n<li>Large gamme de param\u00e8tres de sensibilit\u00e9<\/li>\n<li>R\u00e9glage du retard de bascule entre le mode obscur et clair<\/li>\n<li>Mode meulage<\/li>\n<\/ul>\n<p><img loading=\"lazy\" decoding=\"async\" class=\"size-medium wp-image-9446 aligncenter\" src=\"https:\/\/www.clean-air.cz\/wp-content\/uploads\/2020\/06\/CleanAir-welding-helmet-CA-20-DS-side-239x300.jpg\" alt=\"\" width=\"239\" height=\"300\" srcset=\"https:\/\/www.clean-air.cz\/wp-content\/uploads\/2020\/06\/CleanAir-welding-helmet-CA-20-DS-side-239x300.jpg 239w, https:\/\/www.clean-air.cz\/wp-content\/uploads\/2020\/06\/CleanAir-welding-helmet-CA-20-DS-side.jpg 526w\" sizes=\"(max-width: 239px) 100vw, 239px\" \/>[\/vc_column_text][\/vc_column][vc_column width=\u00a0\u00bb1\/3&Prime;][vc_column_text]<strong><span style=\"font-size: 14pt; color: #be0300;\">CA-20 PlusM\u00e9lange de CA-20 et du casque de s\u00e9curit\u00e9 Centurion<\/span><\/strong><\/p>\n<ul>\n<li>Ces adaptateurs pour casque de chantier \u00e0 la conception intelligente<br \/>\npermettent un bon ajustement du casque et permettent de le relever ou rabattre en douceur.<\/li>\n<li>Syst\u00e8me d\u2019attache rapide de l\u2019\u00e9cran de soudure au casque.<\/li>\n<\/ul>\n<p><img loading=\"lazy\" decoding=\"async\" class=\"size-medium wp-image-9441 aligncenter\" src=\"https:\/\/www.clean-air.cz\/wp-content\/uploads\/2020\/06\/CleanAir-welding-helmet-CA-20-plus-239x300.jpg\" alt=\"Welding helmet Clean-AIR CA-20 plus\" width=\"239\" height=\"300\" srcset=\"https:\/\/www.clean-air.cz\/wp-content\/uploads\/2020\/06\/CleanAir-welding-helmet-CA-20-plus-239x300.jpg 239w, https:\/\/www.clean-air.cz\/wp-content\/uploads\/2020\/06\/CleanAir-welding-helmet-CA-20-plus.jpg 526w\" sizes=\"(max-width: 239px) 100vw, 239px\" \/>[\/vc_column_text][\/vc_column][\/vc_row][vc_row][vc_column][vc_tta_tabs style=\u00a0\u00bbmodern\u00a0\u00bb shape=\u00a0\u00bbsquare\u00a0\u00bb active_section=\u00a0\u00bb1&Prime; no_fill_content_area=\u00a0\u00bbtrue\u00a0\u00bb title=\u00a0\u00bbD\u00e9tails\u00a0\u00bb][vc_tta_section i_icon_fontawesome=\u00a0\u00bbfa fa-industry\u00a0\u00bb add_icon=\u00a0\u00bbtrue\u00a0\u00bb title=\u00a0\u00bbDomaines d\u2019application\u00a0\u00bb tab_id=\u00a0\u00bb1513150336358-68add988-e9ea\u00a0\u00bb][vc_column_text]<\/p>\n<p><span style=\"color: #be0300;\"><strong>Domaines d\u2019application<\/strong><\/span><\/p>\n<ul>\n<li>Casque professionnel de soudage compatible avec toutes les m\u00e9thodes SMAW, MIG\/MAG, TIG et Plasma.<\/li>\n<\/ul>\n<p>[\/vc_column_text][\/vc_tta_section][vc_tta_section i_icon_fontawesome=\u00a0\u00bbfa fa-thumbs-o-up\u00a0\u00bb add_icon=\u00a0\u00bbtrue\u00a0\u00bb title=\u00a0\u00bbCaract\u00e9ristiques et avantages\u00a0\u00bb tab_id=\u00a0\u00bb1513150336359-b7b65468-8021&Prime;][vc_column_text]<\/p>\n<div class=\"fl30\"><img loading=\"lazy\" decoding=\"async\" class=\"size-medium wp-image-195 alignleft\" src=\"https:\/\/www.clean-air.cz\/wp-content\/uploads\/2018\/06\/BH3_airflow-300x237-300x237.jpg\" alt=\"\" width=\"300\" height=\"237\" \/><\/div>\n<div class=\"fl70\">\n<p><span style=\"color: #be0300;\"><strong>Caract\u00e9ristiques et avantages<br \/>\n<\/strong><\/span><\/p>\n<ul>\n<li>Excellente clart\u00e9 de vision et meilleure qualit\u00e9 optique 1\/1\/1\/1<\/li>\n<li>Zone de vision \u00e9largie 97 x 68 mm<\/li>\n<li>\u00c9cran couleur \u2013 perception am\u00e9lior\u00e9e de la couleur<\/li>\n<li>R\u00e9glable de nuance prolong\u00e9\u00a0:<br \/>\n6-8 pour la d\u00e9coupe \u00e0 l\u2019oxyg\u00e8ne ou au plasma<br \/>\n9-13 pour la soudure<\/li>\n<li>Mode meulage<\/li>\n<li>Remplacement rapide et facile des pi\u00e8ces d\u00e9tach\u00e9es<\/li>\n<li>Syst\u00e8me avanc\u00e9 de distribution de l\u2019air<\/li>\n<li>Conforme aux normes les plus strictes de protection des voies respiratoires \u2013 TH3<\/li>\n<li>5 ans de garantie<\/li>\n<\/ul>\n<\/div>\n<p>[\/vc_column_text][\/vc_tta_section][vc_tta_section i_icon_fontawesome=\u00a0\u00bbfa fa-cog\u00a0\u00bb add_icon=\u00a0\u00bbtrue\u00a0\u00bb title=\u00a0\u00bbKits complets, accessoires, filtres\u00a0\u00bb tab_id=\u00a0\u00bb1513153137048-5f8c31c5-30ea\u00a0\u00bb][vc_column_text]<\/p>\n<table style=\"width: 100%;\">\n<tbody>\n<tr>\n<td style=\"text-align: left; width: 99.84%;\" colspan=\"2\"><span style=\"color: #be0300;\"><strong>Cagoules compl\u00e8tes<\/strong><\/span><\/td>\n<\/tr>\n<tr>\n<td style=\"width: 85.28%;\">Cagoule de soudage CA-20 avec distribution d\u2019air int\u00e9gr\u00e9e, incluant ADF V9-13 DS et joint d\u2019\u00e9tanch\u00e9it\u00e9 du visage flexible<\/td>\n<td style=\"width: 14.56%; text-align: center;\">70 20 70F<\/td>\n<\/tr>\n<tr>\n<td style=\"width: 85.28%;\">Cagoule de soudage CA-20 avec distribution d\u2019air int\u00e9gr\u00e9e, incluant ADF V6-8\/9-13 GDS et joint d\u2019\u00e9tanch\u00e9it\u00e9 du visage flexible<\/td>\n<td style=\"width: 14.56%; text-align: center;\">70 20 81F<\/td>\n<\/tr>\n<tr>\n<td style=\"width: 85.28%;\">Cagoule de soudage CA-20 Plus avec distribution d\u2019air int\u00e9gr\u00e9e, incluant ADF V6-8\/9-13 GDS, joint d\u2019\u00e9tanch\u00e9it\u00e9 du visage flexible et casque de s\u00e9curit\u00e9 Centurion<\/td>\n<td style=\"width: 14.56%; text-align: center;\">74 20 81<\/td>\n<\/tr>\n<tr>\n<td style=\"width: 85.28%;\">Coffret pr\u00eat-\u00e0-souder de CA-20 GDS avec CleanAIR\u00ae AerGO\u00ae Inclut batterie standard, ceinture de confort, filtres P R SL, tuyau d\u2019air QuickLOCK\u2122 et sac fourre-tout<\/td>\n<td style=\"width: 14.56%; text-align: center;\">30 20 70FP<\/td>\n<\/tr>\n<tr>\n<td style=\"width: 85.28%;\">Coffret pr\u00eat-\u00e0-souder de CA-20 DS avec CleanAIR\u00ae AerGO\u00ae Inclut batterie HD, ceinture en cuir, filtres ABEP R SL, tuyau d\u2019air QuickLOCK\u2122 et sac fourre-tout<\/td>\n<td style=\"width: 14.56%; text-align: center;\">30 20 81FLH<\/td>\n<\/tr>\n<tr>\n<td style=\"width: 99.84%;\" colspan=\"2\"><span style=\"color: #be0300;\"><strong>Liste des pi\u00e8ces d\u00e9tach\u00e9es \/ accessoires<\/strong><\/span><\/td>\n<\/tr>\n<tr style=\"height: 24px;\">\n<td style=\"text-align: left; height: 24px; width: 85.28%;\">Cagoule de soudage CA-20 avec distribution d\u2019air int\u00e9gr\u00e9e, incluant ADF Balder Grand V9-13 DS<\/td>\n<td style=\"text-align: center; height: 24px; width: 14.56%;\">70 20 70<\/td>\n<\/tr>\n<tr style=\"height: 24px;\">\n<td style=\"text-align: left; height: 24px; width: 85.28%;\">Cagoule de soudage CA-20 avec distribution d\u2019air int\u00e9gr\u00e9e, incluant ADF V6-8\/9-13 GDS<\/td>\n<td style=\"text-align: center; height: 24px; width: 14.56%;\">70 20 81F<\/td>\n<\/tr>\n<tr style=\"height: 24px;\">\n<td style=\"text-align: left; height: 24px; width: 85.28%;\">Cagoule de soudage CA-20 Plus avec distribution d\u2019air int\u00e9gr\u00e9e, incluant ADF V6-8\/9-13 GDS, joint d\u2019\u00e9tanch\u00e9it\u00e9 du visage flexible et casque de s\u00e9curit\u00e9 Centurion<\/td>\n<td style=\"text-align: center; height: 24px; width: 14.56%;\">74 20 81<\/td>\n<\/tr>\n<tr style=\"height: 24px;\">\n<td style=\"text-align: left; height: 24px; width: 85.28%;\">Cagoule de soudage Balder BH3 Grand DS avec ADF Balder Grand V9-13 DS<\/td>\n<td style=\"text-align: center; height: 24px; width: 14.56%;\">40 20 70<\/td>\n<\/tr>\n<tr style=\"height: 24px;\">\n<td style=\"text-align: left; height: 24px; width: 85.28%;\">Cagoule de soudage Balder BH3 Grand GDS avec ADF Balder Grand V6-8\/9-13 GDS<\/td>\n<td style=\"text-align: center; height: 24px; width: 14.56%;\">40 20 80<\/td>\n<\/tr>\n<tr style=\"height: 24px;\">\n<td style=\"text-align: left; height: 24px; width: 85.28%;\">Bandeau CleanAIR\u00ae (lot de 10)<\/td>\n<td style=\"text-align: center; height: 24px; width: 14.56%;\">16 70 01\/10<\/td>\n<\/tr>\n<tr style=\"height: 24px;\">\n<td style=\"text-align: left; height: 24px; width: 85.28%;\">Filtre auto-obscurcissant Balder V9-13 DS ADC Plus<\/td>\n<td style=\"text-align: center; height: 24px; width: 14.56%;\">40 50 70<\/td>\n<\/tr>\n<tr style=\"height: 24px;\">\n<td style=\"text-align: left; height: 24px; width: 85.28%;\">Filtre auto-obscurcissant Balder V9-13 GDS ADC Plus<\/td>\n<td style=\"text-align: center; height: 24px; width: 14.56%;\">40 50 80<\/td>\n<\/tr>\n<tr style=\"height: 24px;\">\n<td style=\"text-align: left; height: 24px; width: 85.28%;\">Adaptateur pour casque de chantier Centurion<\/td>\n<td style=\"text-align: center; height: 24px; width: 14.56%;\">70 20 35<\/td>\n<\/tr>\n<tr style=\"height: 24px;\">\n<td style=\"text-align: left; height: 24px; width: 85.28%;\">Casque de chantier Centurion<\/td>\n<td style=\"text-align: center; height: 24px; width: 14.56%;\">70 20 34<\/td>\n<\/tr>\n<tr style=\"height: 24px;\">\n<td style=\"text-align: left; height: 24px; width: 85.28%;\">Armature pour CA-20 \/ BH3<\/td>\n<td style=\"text-align: center; height: 24px; width: 14.56%;\">70 20 31<\/td>\n<\/tr>\n<tr style=\"height: 24px;\">\n<td style=\"text-align: left; height: 24px; width: 85.28%;\">Support pour tuyau<\/td>\n<td style=\"text-align: center; height: 24px; width: 14.56%;\">70 20 32<\/td>\n<\/tr>\n<tr style=\"height: 24px;\">\n<td style=\"text-align: left; height: 24px; width: 85.28%;\">Dispositif d\u2019\u00e9tanch\u00e9it\u00e9 faciale pour cagoule de soudage CA-20 \u2013 flexible<\/td>\n<td style=\"text-align: center; height: 24px; width: 14.56%;\">70 20 60F<\/td>\n<\/tr>\n<tr style=\"height: 24px;\">\n<td style=\"text-align: left; height: 24px; width: 85.28%;\">Dispositif d\u2019\u00e9tanch\u00e9it\u00e9 faciale pour cagoule de soudage CA-20 \u2013 standard<\/td>\n<td style=\"text-align: center; height: 24px; width: 14.56%;\">70 20 60<\/td>\n<\/tr>\n<tr style=\"height: 24px;\">\n<td style=\"text-align: left; height: 24px; width: 85.28%;\">Plaque de protection externe<\/td>\n<td style=\"text-align: center; height: 24px; width: 14.56%;\">70 20 71<\/td>\n<\/tr>\n<tr style=\"height: 24px;\">\n<td style=\"text-align: left; height: 24px; width: 85.28%;\">Plaque de protection interne, 107,5 x 71,5 mm<\/td>\n<td style=\"text-align: center; height: 24px; width: 14.56%;\">70 20 72<\/td>\n<\/tr>\n<tr style=\"height: 24px;\">\n<td style=\"text-align: left; height: 24px; width: 85.28%;\">Loupe 1,0\u2006D BH3 107 x 51 mm<\/td>\n<td style=\"text-align: center; height: 24px; width: 14.56%;\">70 20 74<\/td>\n<\/tr>\n<tr style=\"height: 24px;\">\n<td style=\"text-align: left; height: 24px; width: 85.28%;\">Loupe 1,5\u2006D BH3 107 x 51 mm<\/td>\n<td style=\"text-align: center; height: 24px; width: 14.56%;\">70 20 75<\/td>\n<\/tr>\n<tr style=\"height: 24px;\">\n<td style=\"text-align: left; height: 24px; width: 85.28%;\">Loupe 2,0\u2006D BH3 107 x 51 mm<\/td>\n<td style=\"text-align: center; height: 24px; width: 14.56%;\">70 20 76<\/td>\n<\/tr>\n<tr style=\"height: 24px;\">\n<td style=\"text-align: left; height: 24px; width: 85.28%;\">Loupe 2,5\u2006D BH3 107 x 51 mm<\/td>\n<td style=\"text-align: center; height: 24px; width: 14.56%;\">70 20 77<\/td>\n<\/tr>\n<tr style=\"height: 24px;\">\n<td style=\"text-align: left; height: 24px; width: 85.28%;\">Support de loupe pour BH3<\/td>\n<td style=\"text-align: center; height: 24px; width: 14.56%;\">70 20 78<\/td>\n<\/tr>\n<tr style=\"height: 24px;\">\n<td style=\"text-align: left; height: 24px; width: 85.28%;\">Serre-t\u00eate pour CA-20 avec jeu de bandeaux<\/td>\n<td style=\"text-align: center; height: 24px; width: 14.56%;\">70 25 41<\/td>\n<\/tr>\n<\/tbody>\n<\/table>\n<p>[\/vc_column_text][\/vc_tta_section][vc_tta_section i_icon_fontawesome=\u00a0\u00bbfa fa-wrench\u00a0\u00bb add_icon=\u00a0\u00bbtrue\u00a0\u00bb title=\u00a0\u00bbDonn\u00e9es techniques\u00a0\u00bb tab_id=\u00a0\u00bb1513153797992-792040b0-82c9&Prime;][vc_column_text]<\/p>\n<table>\n<tbody>\n<tr>\n<td style=\"text-align: left;\"><span style=\"color: #be0300;\"><strong>Poids<\/strong><\/span><\/td>\n<td style=\"text-align: center;\">800 g<\/td>\n<\/tr>\n<tr>\n<td style=\"text-align: left;\"><span style=\"color: #be0300;\"><strong>Dimensions ADF<\/strong><\/span><\/td>\n<td style=\"text-align: center;\">110&#215;110 mm<\/td>\n<\/tr>\n<tr>\n<td style=\"text-align: left;\"><span style=\"color: #be0300;\"><strong>Zone de vision<\/strong><\/span><\/td>\n<td style=\"text-align: center;\">97&#215;67 mm<\/td>\n<\/tr>\n<tr>\n<td style=\"text-align: left;\"><span style=\"color: #be0300;\"><strong>Raccord de tuyau<\/strong><\/span><\/td>\n<td style=\"text-align: center;\">QuickLOCK\u2122<\/td>\n<\/tr>\n<tr>\n<td style=\"text-align: left;\"><span style=\"color: #be0300;\"><strong>Certification<\/strong><\/span><\/td>\n<td style=\"text-align: center;\">EN 379 1\/1\/1\/1, EN 175 B,<br \/>\nEN 12941 TH3, EN 14594 3B<\/td>\n<\/tr>\n<tr>\n<td style=\"text-align: left;\"><span style=\"color: #be0300;\"><strong>Facteur de protection nominale (NPF)<\/strong><\/span><\/td>\n<td style=\"text-align: center;\">500<\/td>\n<\/tr>\n<\/tbody>\n<\/table>\n<p>[\/vc_column_text][\/vc_tta_section][vc_tta_section i_icon_fontawesome=\u00a0\u00bbfa fa-download\u00a0\u00bb add_icon=\u00a0\u00bbtrue\u00a0\u00bb title=\u00a0\u00bbT\u00e9l\u00e9chargements\u00a0\u00bb tab_id=\u00a0\u00bb1513154098935-95c74e4f-fa1e\u00a0\u00bb][vc_column_text]<strong><a href=\"https:\/\/www.clean-air.cz\/wp-content\/uploads\/2019\/11\/CNA-012-R3-Headpieces-multi-v0.2.0.pdf\" target=\"_blank\" rel=\"noopener noreferrer\">User manual CNA-012-R3 Headpieces multi v0.2.0<\/a><\/strong><\/p>\n<p><strong><a href=\"https:\/\/www.clean-air.cz\/wp-content\/uploads\/2021\/08\/DA-050_-_702081_-_CA-20GDS_-_EN.pdf\">Datasheet DA-050_-_702081_-_CA-20GDS_-_EN<\/a><\/strong><\/p>\n<p><strong><a href=\"https:\/\/www.clean-air.cz\/wp-content\/uploads\/2021\/08\/DA-052_-_702070_-_CA-20DS_-_EN.pdf\">Datasheet DA-052_-_702070_-_CA-20DS_-_EN<\/a><\/strong><\/p>\n<p>[\/vc_column_text][\/vc_tta_section][vc_tta_section i_icon_fontawesome=\u00a0\u00bbfa fa-picture-o\u00a0\u00bb add_icon=\u00a0\u00bbtrue\u00a0\u00bb title=\u00a0\u00bbGalerie\u00a0\u00bb tab_id=\u00a0\u00bb1515415801460-0c2258c9-4574&Prime;][vc_gallery type=\u00a0\u00bbimage_grid\u00a0\u00bb images=\u00a0\u00bb7578,7598,7586,7606,7591,7576,7596&Prime; img_size=\u00a0\u00bbmedium\u00a0\u00bb css_animation=\u00a0\u00bbfadeIn\u00a0\u00bb css=\u00a0\u00bb.vc_custom_1574679866621{padding-left: 280px !important;}\u00a0\u00bb el_class=\u00a0\u00bbca-20_gallery\u00a0\u00bb][\/vc_tta_section][\/vc_tta_tabs][\/vc_column][\/vc_row]<\/p>\n","protected":false},"excerpt":{"rendered":"<p>[vc_row][vc_column width=\u00a0\u00bb1\/2&Prime;][vc_gallery interval=\u00a0\u00bb0&Prime; images=\u00a0\u00bb22377&Prime; img_size=\u00a0\u00bblarge\u00a0\u00bb][\/vc_column][vc_column width=\u00a0\u00bb1\/2&Prime;][vc_column_text] Discontinued starting October 4. All the consumables and spare parts remains available until December 2026 or untill further notice. &nbsp; Superb optics &amp; uncompromising respiratory protection The highest optical quality 1\/1\/1\/1 and superb clarity of vision in both light state and during welding. Wide field of vision thanks to enlarged lens with True Colour feature. CA-20 helmet features enhanced TIG detection optimized down to<\/p>\n<p><a class=\"more-link\" href=\"https:\/\/www.clean-air.cz\/fr\/headtops\/welding-hoods\/welding-hood-ca-20\/\">Lire la suite&#8230;<\/a><\/p>\n","protected":false},"author":11,"featured_media":0,"parent":5366,"menu_order":0,"comment_status":"closed","ping_status":"closed","template":"","meta":{"footnotes":""},"_links":{"self":[{"href":"https:\/\/www.clean-air.cz\/fr\/wp-json\/wp\/v2\/pages\/5364"}],"collection":[{"href":"https:\/\/www.clean-air.cz\/fr\/wp-json\/wp\/v2\/pages"}],"about":[{"href":"https:\/\/www.clean-air.cz\/fr\/wp-json\/wp\/v2\/types\/page"}],"author":[{"embeddable":true,"href":"https:\/\/www.clean-air.cz\/fr\/wp-json\/wp\/v2\/users\/11"}],"replies":[{"embeddable":true,"href":"https:\/\/www.clean-air.cz\/fr\/wp-json\/wp\/v2\/comments?post=5364"}],"version-history":[{"count":0,"href":"https:\/\/www.clean-air.cz\/fr\/wp-json\/wp\/v2\/pages\/5364\/revisions"}],"up":[{"embeddable":true,"href":"https:\/\/www.clean-air.cz\/fr\/wp-json\/wp\/v2\/pages\/5366"}],"wp:attachment":[{"href":"https:\/\/www.clean-air.cz\/fr\/wp-json\/wp\/v2\/media?parent=5364"}],"curies":[{"name":"wp","href":"https:\/\/api.w.org\/{rel}","templated":true}]}}