{"id":5362,"date":"2018-06-13T10:13:20","date_gmt":"2018-06-13T08:13:20","guid":{"rendered":"https:\/\/www.clean-air.cz\/welding-hood-ares2\/"},"modified":"2025-08-14T11:31:59","modified_gmt":"2025-08-14T09:31:59","slug":"welding-hood-ares2","status":"publish","type":"page","link":"https:\/\/www.clean-air.cz\/fr\/headtops\/welding-hoods\/welding-hood-ares2\/","title":{"rendered":"Cagoule de soudage CleanAIR\u00ae ARES II"},"content":{"rendered":"<p>[vc_row][vc_column width=\u00a0\u00bb1\/2&Prime;][vc_gallery interval=\u00a0\u00bb0&Prime; images=\u00a0\u00bb10587,10577,10582&Prime; img_size=\u00a0\u00bblarge\u00a0\u00bb][\/vc_column][vc_column width=\u00a0\u00bb1\/2&Prime;][vc_column_text]<strong><span style=\"font-size: 14pt; color: #be0300;\">Cagoule de soudage robuste<\/span><\/strong><\/p>\n<p>Cette cagoule de soudage robuste en cuir int\u00e9grant un casque de s\u00e9curit\u00e9 facile \u00e0 enlever offre une protection compl\u00e8te des voies respiratoires et de la partie sup\u00e9rieure du corps, o\u00f9 la s\u00e9curit\u00e9 du soudeur est la principale priorit\u00e9. Parfaite pour des applications dans des espaces confin\u00e9s, gr\u00e2ce \u00e0 son design compact et \u00e0 son casque de s\u00e9curit\u00e9 amovible qui vous permettent de vous glisser dans des espaces impossibles \u00e0 atteindre avec un casque standard. Compatible avec le syst\u00e8me d\u2019adduction de l\u2019air CleanAIR\u00ae Pressure ARES.[\/vc_column_text][vc_btn title=\u00a0\u00bbD\u00e9couvrez notre gamme compl\u00e8te de cagoules de soudage\u00a0\u00bb shape=\u00a0\u00bbsquare\u00a0\u00bb color=\u00a0\u00bbdanger\u00a0\u00bb size=\u00a0\u00bblg\u00a0\u00bb align=\u00a0\u00bbleft\u00a0\u00bb i_icon_fontawesome=\u00a0\u00bbfa fa-info-circle\u00a0\u00bb css_animation=\u00a0\u00bbnone\u00a0\u00bb add_icon=\u00a0\u00bbtrue\u00a0\u00bb link=\u00a0\u00bburl:https%3A%2F%2Fwww.clean-air.cz%2Ffr%2Fheadtops%2Fwelding-hoods%2F|title:D%C3%A9couvrez%20notre%20gamme%20compl%C3%A8te%20de%20cagoules%20l%C3%A9g%C3%A8res|\u00a0\u00bb][\/vc_column][\/vc_row][vc_row][vc_column][vc_tta_tabs style=\u00a0\u00bbmodern\u00a0\u00bb shape=\u00a0\u00bbsquare\u00a0\u00bb active_section=\u00a0\u00bb1&Prime; no_fill_content_area=\u00a0\u00bbtrue\u00a0\u00bb title=\u00a0\u00bbD\u00e9tails\u00a0\u00bb][vc_tta_section i_icon_fontawesome=\u00a0\u00bbfa fa-industry\u00a0\u00bb add_icon=\u00a0\u00bbtrue\u00a0\u00bb title=\u00a0\u00bbDomaines d\u2019application\u00a0\u00bb tab_id=\u00a0\u00bb1513150336358-68add988-e9ea\u00a0\u00bb][vc_column_text]<span style=\"color: #be0300;\"><strong>Domaines d\u2019application<\/strong><\/span><\/p>\n<p>Cagoule de soudage professionnelle adapt\u00e9e \u00e0 toutes les m\u00e9thodes de soudage, notamment TIG, m\u00eame avec des courants d\u2019intensit\u00e9 tr\u00e8s faible, adapt\u00e9e aux espaces confin\u00e9s.[\/vc_column_text][\/vc_tta_section][vc_tta_section i_icon_fontawesome=\u00a0\u00bbfa fa-thumbs-o-up\u00a0\u00bb add_icon=\u00a0\u00bbtrue\u00a0\u00bb title=\u00a0\u00bbCaract\u00e9ristiques et avantages\u00a0\u00bb tab_id=\u00a0\u00bb1513150336359-b7b65468-8021&Prime;][vc_column_text]<span style=\"color: #be0300;\"><strong>Caract\u00e9ristiques et avantages<\/strong><\/span><span style=\"color: #be0300;\"><strong><br \/>\n<\/strong><\/span><\/p>\n<ul>\n<li>Protection multiple \u2013t\u00eate, yeux, visage, voies respiratoires, oreilles<\/li>\n<li>Syst\u00e8me innovant de distribution de l\u2019air garantissant un grand confort de respiration<\/li>\n<li>Disponibles en deux tailles d\u2019ouvertures de filtre de soudage \u2013 110 x 90 mm et 110 x 60 mm<\/li>\n<li>Compatible avec les ADF et les filtres passifs<\/li>\n<li>Structure de soudage relevable stable<\/li>\n<li>Protection contre les radiations de chaleur et les projections de soudure de cat\u00e9gorie 2, conform\u00e9ment \u00e0 la norme EN ISO 11611<\/li>\n<li>D\u00e9bit d\u2019air r\u00e9glable individuellement selon une grande plage 160 &#8211; 250 l\/min.<\/li>\n<li>Signal d\u2019alerte faible pression<\/li>\n<\/ul>\n<p>[\/vc_column_text][\/vc_tta_section][vc_tta_section i_icon_fontawesome=\u00a0\u00bbfa fa-cog\u00a0\u00bb add_icon=\u00a0\u00bbtrue\u00a0\u00bb title=\u00a0\u00bbKits complets, accessoires, filtres\u00a0\u00bb tab_id=\u00a0\u00bb1513153137048-5f8c31c5-30ea\u00a0\u00bb][vc_column_text]<\/p>\n<table style=\"width: 100%; height: 504px;\">\n<tbody>\n<tr style=\"height: 24px;\">\n<td style=\"height: 24px;\" colspan=\"2\"><span style=\"color: #be0300;\"><strong>Cagoules compl\u00e8tes<\/strong><\/span><\/td>\n<\/tr>\n<tr style=\"height: 24px;\">\n<td style=\"height: 24px;\">CleanAIR\u00ae Pressure ARES \u2013 unit\u00e9 avec ceinture et indicateur de d\u00e9bit<\/td>\n<td style=\"text-align: center; height: 24px;\">66 00 00<\/td>\n<\/tr>\n<tr style=\"height: 24px;\">\n<td style=\"height: 24px;\">CleanAIR\u00ae Pressure ARES \u2013 unit\u00e9 seulement<\/td>\n<td style=\"text-align: center; height: 24px;\">66 00 00W<\/td>\n<\/tr>\n<tr style=\"height: 24px;\">\n<td style=\"height: 24px;\">Cagoule de soudage CleanAIR\u00ae ARES II, visi\u00e8re 110 x 60 mm, casque de chantier amovible<\/td>\n<td style=\"text-align: center; height: 24px;\">71 83 60<\/td>\n<\/tr>\n<tr style=\"height: 24px;\">\n<td style=\"height: 24px;\">Cagoule de soudage CleanAIR\u00ae ARES II, visi\u00e8re 110 x 90 mm, casque de chantier amovible<\/td>\n<td style=\"text-align: center; height: 24px;\">71 83 90<\/td>\n<\/tr>\n<tr style=\"height: 24px;\">\n<td style=\"height: 24px;\">Ready to Weld package &#8211; ARES II, visi\u00e8re 60 mm et r\u00e9gulateur de pression ARES<\/td>\n<td style=\"text-align: center; height: 24px;\">66 83 60<\/td>\n<\/tr>\n<tr style=\"height: 24px;\">\n<td style=\"height: 24px;\">Ready to Weld package &#8211; ARES II, visi\u00e8re 90 mm et r\u00e9gulateur de pression ARES<\/td>\n<td style=\"text-align: center; height: 24px;\">66 83 90<\/td>\n<\/tr>\n<tr style=\"height: 24px;\">\n<td style=\"height: 24px;\" colspan=\"2\"><span style=\"color: #be0300;\"><strong>Liste des pi\u00e8ces d\u00e9tach\u00e9es \/ accessoires<\/strong><\/span><\/td>\n<\/tr>\n<tr style=\"height: 24px;\">\n<td style=\"height: 24px;\">CleanAIR\u00ae Pressure Ares \u2013 unit\u00e9 avec ceinture<\/td>\n<td style=\"text-align: center; height: 24px;\">66 00 00<\/td>\n<\/tr>\n<tr style=\"height: 24px;\">\n<td style=\"height: 24px;\">Cagoule de soudage CleanAIR\u00ae ARES II, visi\u00e8re 110 x 60 mm, casque de chantier amovible<\/td>\n<td style=\"text-align: center; height: 24px;\">71 83 60<\/td>\n<\/tr>\n<tr style=\"height: 24px;\">\n<td style=\"height: 24px;\">Cagoule de soudage CleanAIR\u00ae ARES II, visi\u00e8re 110 x 90 mm, casque de chantier amovible<\/td>\n<td style=\"text-align: center; height: 24px;\">71 83 90<\/td>\n<\/tr>\n<tr style=\"height: 24px;\">\n<td style=\"height: 24px;\">Film de protection externe \u2013 110 x 60 mm \/ 1,0 mm<\/td>\n<td style=\"text-align: center; height: 24px;\">* 110\/60\/1,0<\/td>\n<\/tr>\n<tr style=\"height: 24px;\">\n<td style=\"height: 24px;\">Film de protection externe \u2013 110 x 90 mm \/ 1,0 mm<\/td>\n<td style=\"text-align: center; height: 24px;\">* 110\/90\/1,0<\/td>\n<\/tr>\n<tr style=\"height: 24px;\">\n<td style=\"height: 24px;\">Ceinture de confort rembourr\u00e9e standard<\/td>\n<td style=\"text-align: center; height: 24px;\">71 00 93<\/td>\n<\/tr>\n<tr style=\"height: 24px;\">\n<td style=\"height: 24px;\">Casque de chantier pour CleanAIR\u00ae ARES II<\/td>\n<td style=\"text-align: center; height: 24px;\">71 83 10<\/td>\n<\/tr>\n<tr style=\"height: 24px;\">\n<td style=\"height: 24px;\">Bandeau CleanAIR\u00ae \u2013 lot de 10<\/td>\n<td style=\"text-align: center; height: 24px;\">71 83 16\/10<\/td>\n<\/tr>\n<tr style=\"height: 24px;\">\n<td style=\"height: 24px;\">Serre-t\u00eate pour CleanAIR\u00ae ARES II<\/td>\n<td style=\"text-align: center; height: 24px;\">71 83 41<\/td>\n<\/tr>\n<tr style=\"height: 24px;\">\n<td style=\"height: 24px;\">Kit de fixation du casque<\/td>\n<td style=\"text-align: center; height: 24px;\">71 83 11<\/td>\n<\/tr>\n<tr style=\"height: 24px;\">\n<td style=\"height: 24px;\">Bande r\u00e9glable de rechange<\/td>\n<td style=\"text-align: center; height: 24px;\">71 83 44<\/td>\n<\/tr>\n<tr style=\"height: 24px;\">\n<td style=\"height: 24px;\">Visi\u00e8re de soudage de rechange 110 x 60 (90) mm, y compris structure de meulage<\/td>\n<td style=\"text-align: center; height: 24px;\">71 83 67 (97)<\/td>\n<\/tr>\n<tr style=\"height: 24px;\">\n<td style=\"height: 24px;\">Protection des oreilles \u2013 Peltor Optime III<\/td>\n<td style=\"text-align: center; height: 24px;\">XH001650841<\/td>\n<\/tr>\n<\/tbody>\n<\/table>\n<p>[\/vc_column_text][\/vc_tta_section][vc_tta_section i_icon_fontawesome=\u00a0\u00bbfa fa-wrench\u00a0\u00bb add_icon=\u00a0\u00bbtrue\u00a0\u00bb title=\u00a0\u00bbDonn\u00e9es techniques\u00a0\u00bb tab_id=\u00a0\u00bb1513153797992-792040b0-82c9&Prime;][vc_column_text]<\/p>\n<table>\n<tbody>\n<tr>\n<td style=\"text-align: left;\">Poids<\/td>\n<td style=\"text-align: center;\" colspan=\"2\">1 440 g<\/td>\n<\/tr>\n<tr>\n<td style=\"text-align: left;\">Mat\u00e9riau<\/td>\n<td style=\"text-align: center;\" colspan=\"2\">Cagoule, cuir de haute qualit\u00e9<br \/>\nStructure de soudage, polyamide<\/td>\n<\/tr>\n<tr>\n<td style=\"text-align: left;\">Dimensions du filtre de soudage<\/td>\n<td style=\"text-align: center;\" colspan=\"2\">110 \u00d7 60 \/ 110 \u00d7 90 mm<\/td>\n<\/tr>\n<tr>\n<td style=\"text-align: left;\">Raccord d\u2019entr\u00e9e<\/td>\n<td style=\"text-align: center;\" colspan=\"2\">compatible avec MINI DN 5 (CEJN 223)<\/td>\n<\/tr>\n<tr>\n<td style=\"text-align: left;\">Certification<\/td>\n<td style=\"text-align: center;\" colspan=\"2\">EN 14594 \u2013 class 3B, EN 166 1B, EN 175,<br \/>\nEN 170, EN ISO 11611 \u2013 class 2<\/td>\n<\/tr>\n<\/tbody>\n<\/table>\n<p>[\/vc_column_text][\/vc_tta_section][vc_tta_section i_icon_fontawesome=\u00a0\u00bbfa fa-download\u00a0\u00bb add_icon=\u00a0\u00bbtrue\u00a0\u00bb title=\u00a0\u00bbT\u00e9l\u00e9chargements\u00a0\u00bb tab_id=\u00a0\u00bb1513154098935-95c74e4f-fa1e\u00a0\u00bb][vc_column_text]<strong><a href=\"https:\/\/www.clean-air.cz\/wp-content\/uploads\/2018\/06\/User-manual-NA-065-R00-CA-83-ARES-II-blok.pdf\" target=\"_blank\" rel=\"noopener noreferrer\">User manual &#8211; NA-065-R00 &#8211; CA-83 ARES II blok<\/a><\/strong><\/p>\n<p><strong><a href=\"https:\/\/www.clean-air.cz\/wp-content\/uploads\/2021\/04\/DA-042_-_718360_718390_-_ARESII_-_EN.pdf\">Datasheet_-_718360_718390_-_ARESII_-_EN<\/a><\/strong><\/p>\n<p><strong><a href=\"https:\/\/www.clean-air.cz\/wp-content\/uploads\/2020\/11\/PS-720201-1-R0-CA-2-Lite.pdf\">Declaration of confornity<\/a><a href=\"https:\/\/www.clean-air.cz\/wp-content\/uploads\/2024\/09\/PS-718300-1-R2-Ares-II.pdf\"> -718300-1-R2 Ares II<\/a><\/strong>[\/vc_column_text][\/vc_tta_section][vc_tta_section i_icon_fontawesome=\u00a0\u00bbfa fa-picture-o\u00a0\u00bb add_icon=\u00a0\u00bbtrue\u00a0\u00bb title=\u00a0\u00bbGalerie\u00a0\u00bb tab_id=\u00a0\u00bb1515415801460-0c2258c9-4574&Prime;][vc_gallery type=\u00a0\u00bbimage_grid\u00a0\u00bb images=\u00a0\u00bb5363,205,204&Prime; img_size=\u00a0\u00bbmedium\u00a0\u00bb css_animation=\u00a0\u00bbfadeIn\u00a0\u00bb css=\u00a0\u00bb.vc_custom_1528878141408{padding-left: 280px !important;}\u00a0\u00bb][\/vc_tta_section][\/vc_tta_tabs][\/vc_column][\/vc_row]<\/p>\n","protected":false},"excerpt":{"rendered":"<p>[vc_row][vc_column width=\u00a0\u00bb1\/2&Prime;][vc_gallery interval=\u00a0\u00bb0&Prime; images=\u00a0\u00bb10587,10577,10582&Prime; img_size=\u00a0\u00bblarge\u00a0\u00bb][\/vc_column][vc_column width=\u00a0\u00bb1\/2&Prime;][vc_column_text]Cagoule de soudage robuste Cette cagoule de soudage robuste en cuir int\u00e9grant un casque de s\u00e9curit\u00e9 facile \u00e0 enlever offre une protection compl\u00e8te des voies respiratoires et de la partie sup\u00e9rieure du corps, o\u00f9 la s\u00e9curit\u00e9 du soudeur est la principale priorit\u00e9. Parfaite pour des applications dans des espaces confin\u00e9s, gr\u00e2ce \u00e0 son design compact et \u00e0 son casque de s\u00e9curit\u00e9 amovible qui vous permettent<\/p>\n<p><a class=\"more-link\" href=\"https:\/\/www.clean-air.cz\/fr\/headtops\/welding-hoods\/welding-hood-ares2\/\">Lire la suite&#8230;<\/a><\/p>\n","protected":false},"author":11,"featured_media":0,"parent":5366,"menu_order":0,"comment_status":"closed","ping_status":"closed","template":"","meta":{"footnotes":""},"_links":{"self":[{"href":"https:\/\/www.clean-air.cz\/fr\/wp-json\/wp\/v2\/pages\/5362"}],"collection":[{"href":"https:\/\/www.clean-air.cz\/fr\/wp-json\/wp\/v2\/pages"}],"about":[{"href":"https:\/\/www.clean-air.cz\/fr\/wp-json\/wp\/v2\/types\/page"}],"author":[{"embeddable":true,"href":"https:\/\/www.clean-air.cz\/fr\/wp-json\/wp\/v2\/users\/11"}],"replies":[{"embeddable":true,"href":"https:\/\/www.clean-air.cz\/fr\/wp-json\/wp\/v2\/comments?post=5362"}],"version-history":[{"count":0,"href":"https:\/\/www.clean-air.cz\/fr\/wp-json\/wp\/v2\/pages\/5362\/revisions"}],"up":[{"embeddable":true,"href":"https:\/\/www.clean-air.cz\/fr\/wp-json\/wp\/v2\/pages\/5366"}],"wp:attachment":[{"href":"https:\/\/www.clean-air.cz\/fr\/wp-json\/wp\/v2\/media?parent=5362"}],"curies":[{"name":"wp","href":"https:\/\/api.w.org\/{rel}","templated":true}]}}