{"id":5360,"date":"2018-06-13T11:23:08","date_gmt":"2018-06-13T09:23:08","guid":{"rendered":"https:\/\/www.clean-air.cz\/ca-40\/"},"modified":"2025-08-14T11:25:17","modified_gmt":"2025-08-14T09:25:17","slug":"ca-40","status":"publish","type":"page","link":"https:\/\/www.clean-air.cz\/fr\/headtops\/welding-hoods\/ca-40\/","title":{"rendered":"Masque de s\u00e9curit\u00e9 CA-40 avec \u00e9cran soudeur."},"content":{"rendered":"<p>[vc_row][vc_column width=\u00a0\u00bb1\/2&Prime;][vc_gallery interval=\u00a0\u00bb3&Prime; images=\u00a0\u00bb14600&Prime; img_size=\u00a0\u00bblarge\u00a0\u00bb][\/vc_column][vc_column width=\u00a0\u00bb1\/2&Prime;][vc_column_text]<\/p>\n<p><strong><span style=\"font-size: 14pt; color: #be0300;\">Casque facile \u00e0 porter et \u00e0 utiliser<\/span><\/strong><\/p>\n<p>Concept adapt\u00e9 aux industries les plus difficiles, disponible en trois modifications du produit. Choisissez entre le casque de s\u00e9curit\u00e9 avec \u00e9cran de soudeur, avec visi\u00e8re de meulage, ou profitez des deux solutions int\u00e9gr\u00e9es dans un dispositif de protection.<\/p>\n<p>[\/vc_column_text][vc_btn title=\u00a0\u00bbD\u00e9couvrez notre gamme compl\u00e8te de cagoules de soudage\u00a0\u00bb shape=\u00a0\u00bbsquare\u00a0\u00bb color=\u00a0\u00bbdanger\u00a0\u00bb size=\u00a0\u00bblg\u00a0\u00bb align=\u00a0\u00bbleft\u00a0\u00bb i_icon_fontawesome=\u00a0\u00bbfa fa-info-circle\u00a0\u00bb css_animation=\u00a0\u00bbnone\u00a0\u00bb add_icon=\u00a0\u00bbtrue\u00a0\u00bb link=\u00a0\u00bburl:https%3A%2F%2Fwww.clean-air.cz%2Ffr%2Fheadtops%2Fwelding-hoods%2F|title:D%C3%A9couvrez%20notre%20gamme%20compl%C3%A8te%20de%20cagoules%20l%C3%A9g%C3%A8res|\u00a0\u00bb][\/vc_column][\/vc_row][vc_row][vc_column width=\u00a0\u00bb1\/3&Prime;][vc_column_text]<strong><span style=\"font-size: 14pt; color: #be0300;\">CA-40GW<\/span><\/strong><\/p>\n<p>Casque de s\u00e9curit\u00e9 multifonction avec \u00e9cran de soudage et de meulage, offrant 5 niveaux de protection simultan\u00e9e: yeux, visage, t\u00eate, voies respiratoires et oreilles. Visi\u00e8re relevable stable compatible avec les filtres auto-obscurcissants ou passifs, dimension 110 x 90 mm. Visi\u00e8re de superbe qualit\u00e9 avec rev\u00eatement antibu\u00e9e et anti-\u00e9raflures garantit un excellent champ de vision et une plus grande durabilit\u00e9. Sa visi\u00e8re DIN4 ou DIN5 facile \u00e0 remplacer fait du syst\u00e8me une protection parfaite pour la d\u00e9coupe au plasma ou \u00e0 l\u2019oxyg\u00e8ne. Le produit est adapt\u00e9 aux t\u00e2ches de soudage les plus difficiles, y compris les pr\u00e9parations de soudage (positionnement, serrage) et les op\u00e9rations de finissage de surface (meulage, nettoyage, polissage).<\/p>\n<table style=\"border-collapse: collapse; width: 109.253%;\">\n<tbody>\n<tr>\n<td style=\"width: 80.2583%;\">Casque de s\u00e9curit\u00e9 CA-40GW avec \u00e9cran de soudeur et visi\u00e8re de meulage, sans ADF<\/td>\n<td style=\"width: 66.0725%; text-align: center;\">70 42 00<\/td>\n<\/tr>\n<tr>\n<td style=\"width: 80.2583%;\">Casque de s\u00e9curit\u00e9 CA-40GW avec \u00e9cran de soudeur, avec ADF Balder V9-13<\/td>\n<td style=\"width: 66.0725%; text-align: center;\">70 42 01<\/td>\n<\/tr>\n<\/tbody>\n<\/table>\n<p><img loading=\"lazy\" decoding=\"async\" class=\"size-medium wp-image-9513 aligncenter\" src=\"https:\/\/www.clean-air.cz\/wp-content\/uploads\/2020\/06\/welding-ca-40-with-earmuffs-280x300.jpg\" alt=\"Welding helmet Clean-AIR CA-40 earmuffs\" width=\"280\" height=\"300\" \/>[\/vc_column_text][\/vc_column][vc_column width=\u00a0\u00bb1\/3&Prime;][vc_column_text]<strong><span style=\"font-size: 14pt; color: #be0300;\">CA-40<\/span><\/strong><\/p>\n<p>M\u00e9lange d\u2019\u00e9cran de soudeur et de casque de s\u00e9curit\u00e9 avec syst\u00e8me int\u00e9gr\u00e9 de distribution de l\u2019air. Protection garantie de la t\u00eate, des yeux, du visage, des voies respiratoires et des oreilles. Compatible avec des filtres auto-obscurcissants ou passifs, dimension 110 x 90 mm.<\/p>\n<table style=\"border-collapse: collapse; width: 109.964%; height: 32px;\">\n<tbody>\n<tr style=\"height: 22px;\">\n<td style=\"width: 65.1088%; height: 10px;\">Casque de s\u00e9curit\u00e9 CA-40 avec \u00e9cran de soudeur, sans ADF<\/td>\n<td style=\"width: 46.2357%; text-align: center; height: 10px;\">70 40 00<\/td>\n<\/tr>\n<tr style=\"height: 22px;\">\n<td style=\"width: 65.1088%; height: 22px;\">Casque de s\u00e9curit\u00e9 CA-40 avec \u00e9cran de soudeur, avec ADF Balder V9-13<\/td>\n<td style=\"width: 46.2357%; text-align: center; height: 22px;\">70 40 01<\/td>\n<\/tr>\n<\/tbody>\n<\/table>\n<p><img loading=\"lazy\" decoding=\"async\" class=\"size-medium wp-image-9528 aligncenter\" src=\"https:\/\/www.clean-air.cz\/wp-content\/uploads\/2020\/06\/welding-ca-40-g-233x300.jpg\" alt=\"\" width=\"233\" height=\"300\" \/>[\/vc_column_text][\/vc_column][vc_column width=\u00a0\u00bb1\/3&Prime;][vc_column_text]<strong><span style=\"font-size: 14pt; color: #be0300;\">CA-40G<\/span><\/strong><\/p>\n<p>M\u00e9lange de visi\u00e8re de meulage et de casque de s\u00e9curit\u00e9 avec<br \/>\nsyst\u00e8me int\u00e9gr\u00e9 de distribution de l\u2019air. Protection garantie de la t\u00eate, des yeux, du visage, des voies respiratoires et des oreilles. Sa visi\u00e8re torique de superbe qualit\u00e9 avec rev\u00eatement antibu\u00e9e et anti-\u00e9raflures garantit un excellent champ de vision et une plus grande durabilit\u00e9. Sa visi\u00e8re DIN4 ou DIN5 facile \u00e0 remplacer fait du syst\u00e8me une protection parfaite pour la d\u00e9coupe au plasma ou \u00e0 l\u2019oxyg\u00e8ne.<\/p>\n<table style=\"border-collapse: collapse; width: 90.5693%;\">\n<tbody>\n<tr>\n<td style=\"width: 60.424%;\">Casque de s\u00e9curit\u00e9 CA-40G avec visi\u00e8re de meulage<\/td>\n<td style=\"width: 43.4741%; text-align: center;\">70 41 00<\/td>\n<\/tr>\n<\/tbody>\n<\/table>\n<p><img loading=\"lazy\" decoding=\"async\" class=\"size-medium wp-image-9533 aligncenter\" src=\"https:\/\/www.clean-air.cz\/wp-content\/uploads\/2020\/06\/welding-ca-40-iso-236x300.jpg\" alt=\"\" width=\"236\" height=\"300\" \/>[\/vc_column_text][\/vc_column][\/vc_row][vc_row][vc_column width=\u00a0\u00bb1\/3&Prime;][vc_column_text]<strong><span style=\"font-size: 14pt; color: #be0300;\">Nouvelles visi\u00e9res de meulage disponibles<\/span><\/strong><\/p>\n<p>Vous pouvez maintenant choisir entre deux niveaux de nuance (4 ou 5) ou une<br \/>\nvisi\u00e8re jaune claire. Les nouvelles visi\u00e8res toriques offrent une excellente qualit\u00e9<br \/>\noptique (EN 166 cat. 1) et une plus grande robustesse: protection garantie contre<br \/>\nles particules lanc\u00e9es \u00e0 grande vitesse avec une grande \u00e9nergie.<\/p>\n<table style=\"border-collapse: collapse; width: 101.423%; height: 88px;\">\n<tbody>\n<tr style=\"height: 22px;\">\n<td style=\"width: 68.8679%; height: 22px;\">Visi\u00e8re de meulage de rechange pour CA-40, cat 1, transparente<\/td>\n<td style=\"width: 49.3435%; height: 22px; text-align: center;\">70 41 03<\/td>\n<\/tr>\n<tr style=\"height: 22px;\">\n<td style=\"width: 68.8679%; height: 22px;\">Visi\u00e8re de meulage de rechange pour CA-40, cat 1, jaune<\/td>\n<td style=\"width: 49.3435%; height: 22px; text-align: center;\">70 41 04<\/td>\n<\/tr>\n<tr style=\"height: 22px;\">\n<td style=\"width: 68.8679%; height: 22px;\">Visi\u00e8re de meulage de rechange pour CA-40, cat 1, nuance 4<\/td>\n<td style=\"width: 49.3435%; height: 22px; text-align: center;\">70 41 05<\/td>\n<\/tr>\n<tr style=\"height: 22px;\">\n<td style=\"width: 68.8679%; height: 22px;\">Visi\u00e8re de meulage de rechange pour CA-40, cat 1, nuance 5<\/td>\n<td style=\"width: 49.3435%; height: 22px; text-align: center;\">70 41 06<\/td>\n<\/tr>\n<\/tbody>\n<\/table>\n<p><img loading=\"lazy\" decoding=\"async\" class=\"size-medium wp-image-9535 aligncenter\" src=\"https:\/\/www.clean-air.cz\/wp-content\/uploads\/2020\/06\/welding-ca-40-protective-shield-300x125.jpg\" alt=\"\" width=\"300\" height=\"125\" srcset=\"https:\/\/www.clean-air.cz\/wp-content\/uploads\/2020\/06\/welding-ca-40-protective-shield-300x125.jpg 300w, https:\/\/www.clean-air.cz\/wp-content\/uploads\/2020\/06\/welding-ca-40-protective-shield-1024x427.jpg 1024w, https:\/\/www.clean-air.cz\/wp-content\/uploads\/2020\/06\/welding-ca-40-protective-shield-768x320.jpg 768w, https:\/\/www.clean-air.cz\/wp-content\/uploads\/2020\/06\/welding-ca-40-protective-shield-800x333.jpg 800w, https:\/\/www.clean-air.cz\/wp-content\/uploads\/2020\/06\/welding-ca-40-protective-shield.jpg 1200w\" sizes=\"(max-width: 300px) 100vw, 300px\" \/>[\/vc_column_text][\/vc_column][vc_column width=\u00a0\u00bb1\/3&Prime;][vc_column_text]<strong><span style=\"font-size: 14pt; color: #be0300;\">Options ADF<\/span><\/strong><\/p>\n<p>Les nouveaux filtres auto-obscurcissant AerTEC\u2122 offrent un excellent rapport qualit\u00e9\/prix. Ses options de contr\u00f4le avanc\u00e9 incluent le r\u00e9glage de la nuance, de la sensibilit\u00e9 et du retard, ainsi qu\u2019un mode meulage\/soudage. Grand champ de vision gr\u00e2ce \u00e0 son verre agrandi \u00e0 fonction couleur (AerTEC\u2122 X110) permettant une perception r\u00e9aliste des couleurs.<\/p>\n<table style=\"border-collapse: collapse; width: 102.133%; height: 44px;\">\n<tbody>\n<tr style=\"height: 22px;\">\n<td style=\"width: 70.365%; height: 22px;\">Filtre de soudage auto-obscurcissant AerTEC\u2122 X100, 9-13<\/td>\n<td style=\"width: 35.8871%; text-align: center; height: 22px;\">40 51 00<\/td>\n<\/tr>\n<tr style=\"height: 22px;\">\n<td style=\"width: 70.365%; height: 22px;\">Filtre de soudage auto-obscurcissant AerTEC\u2122 X110 couleur, DIN 9-1340<\/td>\n<td style=\"width: 35.8871%; text-align: center; height: 22px;\">40 51 10<\/td>\n<\/tr>\n<\/tbody>\n<\/table>\n<p><img loading=\"lazy\" decoding=\"async\" class=\"size-medium wp-image-9488 aligncenter\" src=\"https:\/\/www.clean-air.cz\/wp-content\/uploads\/2020\/06\/true-colour-view-300x295.jpg\" alt=\"\" width=\"300\" height=\"295\" srcset=\"https:\/\/www.clean-air.cz\/wp-content\/uploads\/2020\/06\/true-colour-view-300x295.jpg 300w, https:\/\/www.clean-air.cz\/wp-content\/uploads\/2020\/06\/true-colour-view.jpg 636w\" sizes=\"(max-width: 300px) 100vw, 300px\" \/>[\/vc_column_text][\/vc_column][vc_column width=\u00a0\u00bb1\/3&Prime;][vc_column_text]<strong><span style=\"font-size: 14pt; color: #be0300;\">Protection des oreilles en option<\/span><\/strong><\/p>\n<table style=\"border-collapse: collapse; width: 100%;\">\n<tbody>\n<tr>\n<td style=\"width: 65.0641%;\"><strong>Earmuffs Secure 1C<\/strong> \u2013 Pour un usage prolong\u00e9 dans des milieux peu bruyants ou un usage plus court dans des environnements moyennement bruyants.<\/td>\n<td style=\"width: 34.9359%; text-align: center;\">71 40 40<\/td>\n<\/tr>\n<tr>\n<td style=\"width: 65.0641%;\"><strong>Earmuffs Secure 2C<\/strong> \u2013 Pour un usage prolong\u00e9 dans des milieux moyennement bruyants ou un usage plus court dans des environnements tr\u00e8s bruyants. Choix recommand\u00e9 dans des milieux de bruits \u00e0 haute fr\u00e9quence.<\/td>\n<td style=\"width: 34.9359%; text-align: center;\">71 40 41<\/td>\n<\/tr>\n<tr>\n<td style=\"width: 65.0641%;\"><strong>Earmuffs Secure 3C<\/strong> &#8211; Pour un usage dans des milieux tr\u00e9s beuytants. Choix recommand\u00e9 dans des milieux de bruits \u00e1 basse fr\u00e9quence.<\/td>\n<td style=\"width: 34.9359%; text-align: center;\">71 40 42<\/td>\n<\/tr>\n<\/tbody>\n<\/table>\n<p>&nbsp;<\/p>\n<p><img loading=\"lazy\" decoding=\"async\" class=\"size-medium wp-image-9515 aligncenter\" style=\"font-size: 1rem;\" src=\"https:\/\/www.clean-air.cz\/wp-content\/uploads\/2020\/06\/hellberg-earmuffs-3C-300x250.jpg\" alt=\"\" width=\"300\" height=\"250\" srcset=\"https:\/\/www.clean-air.cz\/wp-content\/uploads\/2020\/06\/hellberg-earmuffs-3C-300x250.jpg 300w, https:\/\/www.clean-air.cz\/wp-content\/uploads\/2020\/06\/hellberg-earmuffs-3C.jpg 520w\" sizes=\"(max-width: 300px) 100vw, 300px\" \/>[\/vc_column_text][\/vc_column][\/vc_row][vc_row][vc_column width=\u00a0\u00bb1\/3&Prime;][vc_column_text]<strong><span style=\"font-size: 14pt; color: #be0300;\">Compl\u00e9tez votre protection<\/span><\/strong><\/p>\n<p>Choisissez entre deux types de protections du cou et de la gorge.<\/p>\n<table style=\"border-collapse: collapse; width: 100%; height: 44px;\">\n<tbody>\n<tr style=\"height: 22px;\">\n<td style=\"width: 53.6859%; height: 22px;\">Protection du cou et de la gorge en tissu ignifuge.<\/td>\n<td style=\"width: 46.3141%; height: 22px; text-align: center;\">70 40 65<\/td>\n<\/tr>\n<tr style=\"height: 22px;\">\n<td style=\"width: 53.6859%; height: 22px;\">Protection du cou et de la gorge en cuir tr\u00e8s r\u00e9sistant.<\/td>\n<td style=\"width: 46.3141%; height: 22px; text-align: center;\">70 40 65L<\/td>\n<\/tr>\n<\/tbody>\n<\/table>\n<p><img loading=\"lazy\" decoding=\"async\" class=\"size-medium wp-image-9520 aligncenter\" src=\"https:\/\/www.clean-air.cz\/wp-content\/uploads\/2020\/06\/neck-and-throat-protection-300x290.jpg\" alt=\"\" width=\"300\" height=\"290\" srcset=\"https:\/\/www.clean-air.cz\/wp-content\/uploads\/2020\/06\/neck-and-throat-protection-300x290.jpg 300w, https:\/\/www.clean-air.cz\/wp-content\/uploads\/2020\/06\/neck-and-throat-protection.jpg 620w\" sizes=\"(max-width: 300px) 100vw, 300px\" \/>[\/vc_column_text][\/vc_column][\/vc_row][vc_row][vc_column][vc_tta_tabs style=\u00a0\u00bbmodern\u00a0\u00bb shape=\u00a0\u00bbsquare\u00a0\u00bb active_section=\u00a0\u00bb1&Prime; no_fill_content_area=\u00a0\u00bbtrue\u00a0\u00bb title=\u00a0\u00bbD\u00e9tails\u00a0\u00bb][vc_tta_section i_icon_fontawesome=\u00a0\u00bbfa fa-industry\u00a0\u00bb add_icon=\u00a0\u00bbtrue\u00a0\u00bb title=\u00a0\u00bbDomaines d\u2019application\u00a0\u00bb tab_id=\u00a0\u00bb1513150336358-68add988-e9ea\u00a0\u00bb][vc_column_text]<\/p>\n<p><span style=\"color: #be0300;\"><strong>Domaines d\u2019application<\/strong><\/span><\/p>\n<p>Industrie automobile, construction, chantiers navals, entretien lourd.<\/p>\n<p>[\/vc_column_text][\/vc_tta_section][vc_tta_section i_icon_fontawesome=\u00a0\u00bbfa fa-thumbs-o-up\u00a0\u00bb add_icon=\u00a0\u00bbtrue\u00a0\u00bb title=\u00a0\u00bbCaract\u00e9ristiques et avantages\u00a0\u00bb tab_id=\u00a0\u00bb1513150336359-b7b65468-8021&Prime;][vc_column_text]<\/p>\n<p><span style=\"color: #be0300;\"><strong>Caract\u00e9ristiques et avantages<\/strong><\/span><\/p>\n<ul>\n<li>Protection multiple \u2013 5 niveaux de protection r\u00e9unis : yeux, visage, t\u00eate, voies respiratoires et oreilles.<\/li>\n<li>Syst\u00e8me facile \u00e0 porter, \u00e0 utiliser et \u00e0 entretenir<br \/>\nCompatible avec les ADF ou filtres passifs, 110 x 90 mm<\/li>\n<li>Visi\u00e8re sph\u00e9rique de qualit\u00e9 superbe, offrant un excellent champ de vision<\/li>\n<li>Rev\u00eatement antibu\u00e9e sur la visi\u00e8re<\/li>\n<li>Rev\u00eatement anti-\u00e9raflures augmentant la r\u00e9sistance m\u00e9canique de la visi\u00e8re<\/li>\n<li>Visi\u00e8res de nuance 4, nuance 5 et jaune disponibles<\/li>\n<li>Robustesse am\u00e9lior\u00e9e : protection contre les particules lanc\u00e9es \u00e0 grande vitesse avec une grande \u00e9nergie.<\/li>\n<li>Syst\u00e8me int\u00e9gr\u00e9 de distribution de l\u2019air<\/li>\n<li>Conforme aux normes les plus strictes de protection des voies respiratoires \u2013 TH3<\/li>\n<\/ul>\n<p>[\/vc_column_text][\/vc_tta_section][vc_tta_section i_icon_fontawesome=\u00a0\u00bbfa fa-cog\u00a0\u00bb add_icon=\u00a0\u00bbtrue\u00a0\u00bb title=\u00a0\u00bbKits complets, accessoires, filtres\u00a0\u00bb tab_id=\u00a0\u00bb1513153137048-5f8c31c5-30ea\u00a0\u00bb][vc_column_text]<\/p>\n<table style=\"width: 100%; height: 456px;\">\n<tbody>\n<tr style=\"height: 24px;\">\n<td style=\"text-align: left; height: 24px;\" colspan=\"2\"><span style=\"color: #be0300;\"><strong>Cagoules compl\u00e8tes<\/strong><\/span><\/td>\n<\/tr>\n<tr style=\"height: 24px;\">\n<td style=\"text-align: left; height: 24px;\">Casque de s\u00e9curit\u00e9 CA-40GW avec \u00e9cran de soudeur et visi\u00e8re de meulage, sans ADF<\/td>\n<td style=\"text-align: center; height: 24px;\">70 42 00<\/td>\n<\/tr>\n<tr style=\"height: 24px;\">\n<td style=\"text-align: left; height: 24px;\">Casque de s\u00e9curit\u00e9 CA-40GW avec \u00e9cran de soudeur et visi\u00e8re de meulage, avec ADF Balder V9-13<\/td>\n<td style=\"text-align: center; height: 24px;\">70 42 01<\/td>\n<\/tr>\n<tr style=\"height: 24px;\">\n<td style=\"text-align: left; height: 24px;\">Casque de s\u00e9curit\u00e9 CA-40G avec visi\u00e8re de meulage<\/td>\n<td style=\"text-align: center; height: 24px;\">70 41 00<\/td>\n<\/tr>\n<tr style=\"height: 24px;\">\n<td style=\"text-align: left; height: 24px;\">Casque de s\u00e9curit\u00e9 CA-40 avec \u00e9cran de soudeur,\/ sans ADF<\/td>\n<td style=\"text-align: center; height: 24px;\">70 40 00<\/td>\n<\/tr>\n<tr style=\"height: 24px;\">\n<td style=\"text-align: left; height: 24px;\">Casque de s\u00e9curit\u00e9 CA-40 avec \u00e9cran de soudeur, avec ADF Balder V9-13<\/td>\n<td style=\"text-align: center; height: 24px;\">70 40 01<\/td>\n<\/tr>\n<tr style=\"height: 24px;\">\n<td style=\"text-align: left; height: 24px;\" colspan=\"2\"><span style=\"color: #be0300;\"><strong>Liste des pi\u00e8ces d\u00e9tach\u00e9es \/ accessoires<\/strong><\/span><\/td>\n<\/tr>\n<tr style=\"height: 24px;\">\n<td style=\"text-align: left; height: 24px;\">Casque de s\u00e9curit\u00e9 CA-40 avec \u00e9cran de soudeur<\/td>\n<td style=\"text-align: center; height: 24px;\">70 40 00<\/td>\n<\/tr>\n<tr style=\"height: 24px;\">\n<td style=\"text-align: left; height: 24px;\">Casque de s\u00e9curit\u00e9 CA-40 avec \u00e9cran de soudeur, avec ADF Balder V9-13 ADC<\/td>\n<td style=\"text-align: center; height: 24px;\">70 40 01<\/td>\n<\/tr>\n<tr style=\"height: 24px;\">\n<td style=\"text-align: left; height: 24px;\">Casque de s\u00e9curit\u00e9 CA-40G avec \u00e9cran de meulage<\/td>\n<td style=\"text-align: center; height: 24px;\">70 41 00<\/td>\n<\/tr>\n<tr style=\"height: 24px;\">\n<td style=\"text-align: left; height: 24px;\">Casque de s\u00e9curit\u00e9 CA-40GW avec \u00e9cran de soudage et de meulage.<\/td>\n<td style=\"text-align: center; height: 24px;\">70 42 00<\/td>\n<\/tr>\n<tr style=\"height: 24px;\">\n<td style=\"text-align: left; height: 24px;\">Casque de s\u00e9curit\u00e9 CA-40GW avec \u00e9cran de soudeur, avec ADF Balder V9-13 ADC<\/td>\n<td style=\"text-align: center; height: 24px;\">70 42 01<\/td>\n<\/tr>\n<tr style=\"height: 24px;\">\n<td style=\"text-align: left; height: 24px;\">Filtre auto-obscurcissant, V913 DS ADC<\/td>\n<td style=\"text-align: center; height: 24px;\">40 50 40<\/td>\n<\/tr>\n<tr style=\"height: 24px;\">\n<td style=\"text-align: left; height: 24px;\">Bandeau antitranspirant CA-40<\/td>\n<td style=\"text-align: center; height: 24px;\">70 40 44<\/td>\n<\/tr>\n<tr style=\"height: 24px;\">\n<td style=\"text-align: left; height: 24px;\">Plaque de protection externe en polycarbonate (10x) pour CA-40, CA-40GW<\/td>\n<td style=\"text-align: center; height: 24px;\">70 40 80<\/td>\n<\/tr>\n<tr style=\"height: 24px;\">\n<td style=\"text-align: left; height: 24px;\">Serre-t\u00eate CA-40<\/td>\n<td style=\"text-align: center; height: 24px;\">70 40 41x<\/td>\n<\/tr>\n<tr style=\"height: 24px;\">\n<td style=\"text-align: left; height: 24px;\">Joint d\u2019\u00e9tanch\u00e9it\u00e9 faciale pour CA-40<\/td>\n<td style=\"text-align: center; height: 24px;\">70 40 60<\/td>\n<\/tr>\n<tr style=\"height: 24px;\">\n<td style=\"text-align: left; height: 24px;\">Visi\u00e8re de meulage de rechange pour CA-40, cat 1, transparente<\/td>\n<td style=\"text-align: center; height: 24px;\">70 41 03<\/td>\n<\/tr>\n<tr style=\"height: 24px;\">\n<td style=\"text-align: left; height: 24px;\">Visi\u00e8re de meulage de rechange pour CA-40, cat 1, jaune<\/td>\n<td style=\"text-align: center; height: 24px;\">70 41 04<\/td>\n<\/tr>\n<tr>\n<td style=\"text-align: left;\">Visi\u00e8re de meulage de rechange pour CA-40, cat 1, nuance 4<\/td>\n<td style=\"text-align: center;\">70 41 05<\/td>\n<\/tr>\n<tr>\n<td style=\"text-align: left;\">Visi\u00e8re de meulage de rechange pour CA-40, cat 1, nuance 5<\/td>\n<td style=\"text-align: center;\">70 41 06<\/td>\n<\/tr>\n<tr>\n<td style=\"text-align: left;\">\u00c9cran de soudeur (pour version CA-40GW)<\/td>\n<td style=\"text-align: center;\">70 42 02<\/td>\n<\/tr>\n<tr>\n<td style=\"text-align: left;\">Earmuffs Secure 1C, No. 8<\/td>\n<td style=\"text-align: center;\">71 40 40<\/td>\n<\/tr>\n<tr>\n<td style=\"text-align: left;\">Earmuffs Secure 2C, No. 10<\/td>\n<td style=\"text-align: center;\">71 40 41<\/td>\n<\/tr>\n<tr>\n<td style=\"text-align: left;\">Earmuffs Secure 3C, No. 12<\/td>\n<td style=\"text-align: center;\">71 40 42<\/td>\n<\/tr>\n<tr>\n<td style=\"text-align: left;\">Filtre de soudage passif, (Remplacer ** par 09 &#8211; 13 dans la nuance de filtre)<\/td>\n<td style=\"text-align: center;\">110\/90-**<\/td>\n<\/tr>\n<\/tbody>\n<\/table>\n<p>&nbsp;[\/vc_column_text][\/vc_tta_section][vc_tta_section i_icon_fontawesome=\u00a0\u00bbfa fa-wrench\u00a0\u00bb add_icon=\u00a0\u00bbtrue\u00a0\u00bb title=\u00a0\u00bbDonn\u00e9es techniques\u00a0\u00bb tab_id=\u00a0\u00bb1513153797992-792040b0-82c9&Prime;][vc_column_text]<\/p>\n<table>\n<tbody>\n<tr>\n<td style=\"text-align: left;\">Poids (GW\/G\/W)<\/td>\n<td style=\"text-align: center;\" colspan=\"2\">1255 \/ 1100 \/ 1100 g<\/td>\n<\/tr>\n<tr>\n<td style=\"text-align: left;\">Dimensions ADF<\/td>\n<td style=\"text-align: center;\" colspan=\"2\">110&#215;90 mm<\/td>\n<\/tr>\n<tr>\n<td style=\"text-align: left;\">Zone de vision<\/td>\n<td style=\"text-align: center;\" colspan=\"2\">95&#215;46,5 mm \u2013 Balder V9-13<br \/>\n100&#215;53 mm \u2013 AerTEC\u2122 X100\/X110<\/td>\n<\/tr>\n<tr>\n<td style=\"text-align: left;\">Raccord de tuyau<\/td>\n<td style=\"text-align: center;\" colspan=\"2\">QuickLOCK\u2122<\/td>\n<\/tr>\n<tr>\n<td style=\"text-align: left;\">Certification<\/td>\n<td style=\"text-align: center;\" colspan=\"2\">EN 166 1, A, K, N<br \/>\nEN 379 1\/1\/1\/2, EN 175 S, B, EN 397<br \/>\nEN 12941 TH3, EN 14594 3B<\/td>\n<\/tr>\n<tr>\n<td style=\"text-align: left;\">Facteur de protection nominale (NPF)<\/td>\n<td style=\"text-align: center;\" colspan=\"2\">500<\/td>\n<\/tr>\n<\/tbody>\n<\/table>\n<p>[\/vc_column_text][\/vc_tta_section][vc_tta_section i_icon_fontawesome=\u00a0\u00bbfa fa-download\u00a0\u00bb add_icon=\u00a0\u00bbtrue\u00a0\u00bb title=\u00a0\u00bbT\u00e9l\u00e9chargements\u00a0\u00bb tab_id=\u00a0\u00bb1513154098935-95c74e4f-fa1e\u00a0\u00bb][vc_column_text]<a href=\"https:\/\/www.clean-air.cz\/wp-content\/uploads\/2023\/02\/User-manual_CNA-030-R07_CA-40-Safety-helmet_DIGI.pdf\">User manual_CNA-030-R07_CA-40 Safety helmet<\/a><\/p>\n<p><a href=\"https:\/\/www.clean-air.cz\/wp-content\/uploads\/2024\/04\/DA-012_-_704001_-_CA-40_-_EN.pdf\">Datasheet DA-012_-_704001_-_CA-40_-_EN<\/a><\/p>\n<p><a href=\"https:\/\/www.clean-air.cz\/wp-content\/uploads\/2024\/09\/PS-704000-1-R6-CA-40.pdf\">Declaration of Conformity &#8211; 704000-1-R6 CA-40<\/a>[\/vc_column_text][\/vc_tta_section][vc_tta_section i_icon_fontawesome=\u00a0\u00bbfa fa-picture-o\u00a0\u00bb add_icon=\u00a0\u00bbtrue\u00a0\u00bb title=\u00a0\u00bbGalerie\u00a0\u00bb tab_id=\u00a0\u00bb1515415801460-0c2258c9-4574&Prime;][vc_gallery type=\u00a0\u00bbimage_grid\u00a0\u00bb images=\u00a0\u00bb7878,7873,7883&Prime; img_size=\u00a0\u00bbmedium\u00a0\u00bb css_animation=\u00a0\u00bbfadeIn\u00a0\u00bb css=\u00a0\u00bb.vc_custom_1574942391374{padding-left: 280px !important;}\u00a0\u00bb el_class=\u00a0\u00bbca-40_gallery\u00a0\u00bb][\/vc_tta_section][\/vc_tta_tabs][\/vc_column][\/vc_row]<\/p>\n","protected":false},"excerpt":{"rendered":"<p>[vc_row][vc_column width=\u00a0\u00bb1\/2&Prime;][vc_gallery interval=\u00a0\u00bb3&Prime; images=\u00a0\u00bb14600&Prime; img_size=\u00a0\u00bblarge\u00a0\u00bb][\/vc_column][vc_column width=\u00a0\u00bb1\/2&Prime;][vc_column_text] Casque facile \u00e0 porter et \u00e0 utiliser Concept adapt\u00e9 aux industries les plus difficiles, disponible en trois modifications du produit. Choisissez entre le casque de s\u00e9curit\u00e9 avec \u00e9cran de soudeur, avec visi\u00e8re de meulage, ou profitez des deux solutions int\u00e9gr\u00e9es dans un dispositif de protection. [\/vc_column_text][vc_btn title=\u00a0\u00bbD\u00e9couvrez notre gamme compl\u00e8te de cagoules de soudage\u00a0\u00bb shape=\u00a0\u00bbsquare\u00a0\u00bb color=\u00a0\u00bbdanger\u00a0\u00bb size=\u00a0\u00bblg\u00a0\u00bb align=\u00a0\u00bbleft\u00a0\u00bb i_icon_fontawesome=\u00a0\u00bbfa fa-info-circle\u00a0\u00bb css_animation=\u00a0\u00bbnone\u00a0\u00bb add_icon=\u00a0\u00bbtrue\u00a0\u00bb link=\u00a0\u00bburl:https%3A%2F%2Fwww.clean-air.cz%2Ffr%2Fheadtops%2Fwelding-hoods%2F|title:D%C3%A9couvrez%20notre%20gamme%20compl%C3%A8te%20de%20cagoules%20l%C3%A9g%C3%A8res|\u00a0\u00bb][\/vc_column][\/vc_row][vc_row][vc_column width=\u00a0\u00bb1\/3&Prime;][vc_column_text]CA-40GW<\/p>\n<p><a class=\"more-link\" href=\"https:\/\/www.clean-air.cz\/fr\/headtops\/welding-hoods\/ca-40\/\">Lire la suite&#8230;<\/a><\/p>\n","protected":false},"author":11,"featured_media":0,"parent":5366,"menu_order":0,"comment_status":"closed","ping_status":"closed","template":"","meta":{"footnotes":""},"_links":{"self":[{"href":"https:\/\/www.clean-air.cz\/fr\/wp-json\/wp\/v2\/pages\/5360"}],"collection":[{"href":"https:\/\/www.clean-air.cz\/fr\/wp-json\/wp\/v2\/pages"}],"about":[{"href":"https:\/\/www.clean-air.cz\/fr\/wp-json\/wp\/v2\/types\/page"}],"author":[{"embeddable":true,"href":"https:\/\/www.clean-air.cz\/fr\/wp-json\/wp\/v2\/users\/11"}],"replies":[{"embeddable":true,"href":"https:\/\/www.clean-air.cz\/fr\/wp-json\/wp\/v2\/comments?post=5360"}],"version-history":[{"count":0,"href":"https:\/\/www.clean-air.cz\/fr\/wp-json\/wp\/v2\/pages\/5360\/revisions"}],"up":[{"embeddable":true,"href":"https:\/\/www.clean-air.cz\/fr\/wp-json\/wp\/v2\/pages\/5366"}],"wp:attachment":[{"href":"https:\/\/www.clean-air.cz\/fr\/wp-json\/wp\/v2\/media?parent=5360"}],"curies":[{"name":"wp","href":"https:\/\/api.w.org\/{rel}","templated":true}]}}