{"id":5355,"date":"2018-06-14T11:57:01","date_gmt":"2018-06-14T09:57:01","guid":{"rendered":"https:\/\/www.clean-air.cz\/welding-hood-ca-28-euromaski\/"},"modified":"2025-08-14T11:30:21","modified_gmt":"2025-08-14T09:30:21","slug":"welding-hood-ca-28-euromaski","status":"publish","type":"page","link":"https:\/\/www.clean-air.cz\/fr\/headtops\/welding-hoods\/welding-hood-ca-28-euromaski\/","title":{"rendered":"Cagoule de soudage CA-28 Euromaski"},"content":{"rendered":"<p>[vc_row][vc_column width=\u00a0\u00bb1\/2&Prime;][vc_gallery interval=\u00a0\u00bb0&Prime; images=\u00a0\u00bb10555,10560,10565,10570&Prime; img_size=\u00a0\u00bblarge\u00a0\u00bb][\/vc_column][vc_column width=\u00a0\u00bb1\/2&Prime;][vc_column_text]<\/p>\n<p><strong><span style=\"font-size: 14pt; color: #be0300;\">CA-28 Euromaski repr\u00e9sente une solution ergonomique et l\u00e9g\u00e8re adapt\u00e9e \u00e0 la plupart des proc\u00e9dures de soudage. Gr\u00e2ce \u00e0 sa visi\u00e8re de soudage relevable stable, elle fournit une excellente protection pour les op\u00e9rations de meulage, de soudage et de nettoyage.<br \/>\n<\/span><\/strong><\/p>\n<p>Une visi\u00e8re de protection large et incurv\u00e9e offre un champ de vision d\u00e9gag\u00e9 dans toutes les directions et r\u00e9pond \u00e0 la cat\u00e9gorie \u00ab\u00a0B\u00a0\u00bb d\u2019exigences d\u2019impact minimum d\u00e9finie dans la norme EN 166. CA-28 Euromaski est con\u00e7ue pour une utilisation avec les PAPR CleanAIR\u00ae ou les syst\u00e8mes d\u2019adduction de l\u2019air CleanAIR\u00ae afin de prot\u00e9ger les voies respiratoires, le visage et les yeux contre les radiations ultraviolettes\/infrarouges nocives et les projections de soudure.<\/p>\n<p>[\/vc_column_text][\/vc_column][\/vc_row][vc_row][vc_column][vc_tta_tabs style=\u00a0\u00bbmodern\u00a0\u00bb shape=\u00a0\u00bbsquare\u00a0\u00bb active_section=\u00a0\u00bb1&Prime; no_fill_content_area=\u00a0\u00bbtrue\u00a0\u00bb title=\u00a0\u00bbD\u00e9tails\u00a0\u00bb][vc_tta_section i_icon_fontawesome=\u00a0\u00bbfa fa-industry\u00a0\u00bb add_icon=\u00a0\u00bbtrue\u00a0\u00bb title=\u00a0\u00bbDomaines d\u2019application\u00a0\u00bb tab_id=\u00a0\u00bb1513150336358-68add988-e9ea\u00a0\u00bb][vc_column_text]<\/p>\n<p><span style=\"color: #be0300;\"><strong>Domaines d\u2019application<\/strong><\/span><\/p>\n<p>Elle est adapt\u00e9e \u00e0 la plupart des m\u00e9thodes de soudage et des op\u00e9rations de nettoyage et de meulage cons\u00e9cutives.<\/p>\n<p>[\/vc_column_text][\/vc_tta_section][vc_tta_section i_icon_fontawesome=\u00a0\u00bbfa fa-thumbs-o-up\u00a0\u00bb add_icon=\u00a0\u00bbtrue\u00a0\u00bb title=\u00a0\u00bbCaract\u00e9ristiques et avantages\u00a0\u00bb tab_id=\u00a0\u00bb1513150336359-b7b65468-8021&Prime;][vc_column_text]<\/p>\n<p><span style=\"color: #be0300;\"><strong>Caract\u00e9ristiques et avantages<\/strong><\/span><\/p>\n<ul>\n<li>Design compact et durable<\/li>\n<li>L\u00e9g\u00e8re, confortable<\/li>\n<li>Offre une protection durant le soudage et le meulage<\/li>\n<li>Grande visi\u00e8re incurv\u00e9e pour une vision d\u00e9gag\u00e9e<\/li>\n<li>Pi\u00e8ces de rechange faciles \u00e0 changer<\/li>\n<li>Bandeau r\u00e9glable confortable<\/li>\n<li>Grande gamme de visi\u00e8res \u00e0 nuances diff\u00e9rentes (d\u00e9gag\u00e9, fum\u00e9e, ombrage 1,7, 3,0 et 5,0)<\/li>\n<\/ul>\n<p>[\/vc_column_text][\/vc_tta_section][vc_tta_section i_icon_fontawesome=\u00a0\u00bbfa fa-cog\u00a0\u00bb add_icon=\u00a0\u00bbtrue\u00a0\u00bb title=\u00a0\u00bbKits complets, accessoires, filtres\u00a0\u00bb tab_id=\u00a0\u00bb1513153137048-5f8c31c5-30ea\u00a0\u00bb][vc_column_text]<\/p>\n<table style=\"height: 576px; width: 100%;\">\n<tbody>\n<tr style=\"height: 24px;\">\n<td style=\"width: 99.8243%; height: 24px; text-align: left;\" colspan=\"2\"><span style=\"color: #be0300;\"><strong>Cagoules compl\u00e8tes<\/strong><\/span><\/td>\n<\/tr>\n<tr style=\"height: 24px;\">\n<td style=\"width: 82.6011%; text-align: left; height: 24px;\">Cagoule de soudage CA-28 Euromaski, ombrage 1,7 + 8 avec distribution d\u2019air<\/td>\n<td style=\"text-align: center; height: 24px; width: 17.2232%;\">70 28 00<\/td>\n<\/tr>\n<tr style=\"height: 24px;\">\n<td style=\"text-align: left; height: 24px; width: 82.6011%;\">Cagoule de soudage CA-28 Euromaski, ombrage 1,7 + 10 avec distribution d\u2019air<\/td>\n<td style=\"text-align: center; height: 24px; width: 17.2232%;\">70 28 01<\/td>\n<\/tr>\n<tr style=\"height: 24px;\">\n<td style=\"height: 24px; width: 82.6011%;\">Cagoule de soudage CA-28 Euromaski, ombrage 3 + 8 avec distribution d\u2019air<\/td>\n<td style=\"text-align: center; height: 24px; width: 17.2232%;\">70 28 02<\/td>\n<\/tr>\n<tr style=\"height: 24px;\">\n<td style=\"width: 99.8243%; height: 24px; text-align: left;\" colspan=\"2\"><span style=\"color: #be0300;\"><strong>Liste des pi\u00e8ces d\u00e9tach\u00e9es \/ accessoire<\/strong><\/span><\/td>\n<\/tr>\n<tr style=\"height: 24px;\">\n<td style=\"width: 82.6011%; height: 24px; text-align: left;\">Cagoule de soudage CA-28 Euromaski, ombrage 1,7 + 8 avec distribution d\u2019air<\/td>\n<td style=\"width: 17.2232%; height: 24px; text-align: center;\">70 28 00<\/td>\n<\/tr>\n<tr style=\"height: 24px;\">\n<td style=\"width: 82.6011%; height: 24px; text-align: left;\">Cagoule de soudage CA-28 Euromaski, ombrage 1,7 + 10 avec distribution d\u2019air<\/td>\n<td style=\"width: 17.2232%; height: 24px; text-align: center;\">70 28 01<\/td>\n<\/tr>\n<tr style=\"height: 24px;\">\n<td style=\"width: 82.6011%; height: 24px; text-align: left;\">Cagoule de soudage CA-28 Euromaski, ombrage 3 + 8 avec distribution d\u2019air<\/td>\n<td style=\"width: 17.2232%; height: 24px; text-align: center;\">70 28 02<\/td>\n<\/tr>\n<tr style=\"height: 24px;\">\n<td style=\"width: 82.6011%; height: 24px; text-align: left;\">Cagoule de soudage CA-28 Euromaski, ombrage 1,7 + 8 sans distribution d\u2019air<\/td>\n<td style=\"width: 17.2232%; height: 24px; text-align: center;\">40 28 00<\/td>\n<\/tr>\n<tr style=\"height: 24px;\">\n<td style=\"width: 82.6011%; height: 24px; text-align: left;\">Cagoule de soudage CA-28 Euromaski, ombrage 1,7 + 10 sans distribution d\u2019air<\/td>\n<td style=\"width: 17.2232%; height: 24px; text-align: center;\">40 28 01<\/td>\n<\/tr>\n<tr style=\"height: 24px;\">\n<td style=\"width: 82.6011%; height: 24px; text-align: left;\">Cagoule de soudage CA-28 Euromaski, ombrage 3 + 8 sans distribution d\u2019air<\/td>\n<td style=\"width: 17.2232%; height: 24px; text-align: center;\">40 28 02<\/td>\n<\/tr>\n<tr style=\"height: 24px;\">\n<td style=\"width: 82.6011%; height: 24px; text-align: left;\">Cadre de visi\u00e8re relevable CA-28 Euromaski<\/td>\n<td style=\"width: 17.2232%; height: 24px; text-align: center;\">4028 \u2013 201<\/td>\n<\/tr>\n<tr style=\"height: 24px;\">\n<td style=\"width: 82.6011%; height: 24px; text-align: left;\">Visi\u00e8re principale CA-28 Euromaski \u2013 nuance 1,7<\/td>\n<td style=\"width: 17.2232%; height: 24px; text-align: center;\">4028 \u2013 202<\/td>\n<\/tr>\n<tr style=\"height: 24px;\">\n<td style=\"width: 82.6011%; height: 24px; text-align: left;\">Visi\u00e8re principale CA-28 Euromaski \u2013 nuance 3<\/td>\n<td style=\"width: 17.2232%; height: 24px; text-align: center;\">4028 \u2013 203<\/td>\n<\/tr>\n<tr style=\"height: 24px;\">\n<td style=\"width: 82.6011%; height: 24px; text-align: left;\">Visi\u00e8re principale CA-28 Euromaski \u2013 nuance 5<\/td>\n<td style=\"width: 17.2232%; height: 24px; text-align: center;\">4028 \u2013 204<\/td>\n<\/tr>\n<tr style=\"height: 24px;\">\n<td style=\"width: 82.6011%; height: 24px; text-align: left;\">Visi\u00e8re relevable CA-28 Euromaski \u2013 nuance 5<\/td>\n<td style=\"width: 17.2232%; height: 24px; text-align: center;\">4028 \u2013 216<\/td>\n<\/tr>\n<tr style=\"height: 24px;\">\n<td style=\"width: 82.6011%; height: 24px; text-align: left;\">Visi\u00e8re relevable CA-28 Euromaski \u2013 nuance 8<\/td>\n<td style=\"width: 17.2232%; height: 24px; text-align: center;\">4028 \u2013 205<\/td>\n<\/tr>\n<tr style=\"height: 24px;\">\n<td style=\"width: 82.6011%; height: 24px; text-align: left;\">Visi\u00e8re relevable CA-28 Euromaski \u2013 nuance 9<\/td>\n<td style=\"width: 17.2232%; height: 24px; text-align: center;\">4028 \u2013 224<\/td>\n<\/tr>\n<tr style=\"height: 24px;\">\n<td style=\"width: 82.6011%; height: 24px; text-align: left;\">Visi\u00e8re relevable CA-28 Euromaski \u2013 nuance 10<\/td>\n<td style=\"width: 17.2232%; height: 24px; text-align: center;\">4028 \u2013 206<\/td>\n<\/tr>\n<tr style=\"height: 24px;\">\n<td style=\"width: 82.6011%; height: 24px; text-align: left;\">Visi\u00e8re relevable CA-28 Euromaski \u2013 nuance 11<\/td>\n<td style=\"width: 17.2232%; height: 24px; text-align: center;\">4028 \u2013 225<\/td>\n<\/tr>\n<tr style=\"height: 24px;\">\n<td style=\"width: 82.6011%; height: 24px; text-align: left;\">Vis de montage pour la visi\u00e8re relevable CA-28 Euromaski<\/td>\n<td style=\"width: 17.2232%; height: 24px; text-align: center;\">4028 \u2013 207<\/td>\n<\/tr>\n<tr style=\"height: 24px;\">\n<td style=\"width: 82.6011%; height: 24px; text-align: left;\">Broche de fixation pour la visi\u00e8re relevable CA-28 Euromaski<\/td>\n<td style=\"width: 17.2232%; height: 24px; text-align: center;\">4028 \u2013 208<\/td>\n<\/tr>\n<tr style=\"height: 24px;\">\n<td style=\"width: 82.6011%; height: 24px; text-align: left;\">Kit de montage pour serre-t\u00eate CA-28 Euromaski<\/td>\n<td style=\"width: 17.2232%; height: 24px; text-align: center;\">4028 \u2013 215<\/td>\n<\/tr>\n<tr style=\"height: 24px;\">\n<td style=\"width: 82.6011%; height: 24px; text-align: left;\">Visi\u00e8re principale CA-28 Euromaski \u2013 transparente<\/td>\n<td style=\"width: 17.2232%; height: 24px; text-align: center;\">4028 \u2013 219<\/td>\n<\/tr>\n<tr>\n<td style=\"width: 82.6011%; text-align: left;\">Visi\u00e8re principale CA-28 Euromaski \u2013 fum\u00e9e<\/td>\n<td style=\"width: 17.2232%; text-align: center;\">4028 \u2013 2191<\/td>\n<\/tr>\n<tr>\n<td style=\"width: 82.6011%; text-align: left;\">Broche de fixation pour la visi\u00e8re principale CA-28 Euromaski<\/td>\n<td style=\"width: 17.2232%; text-align: center;\">4028 \u2013 209<\/td>\n<\/tr>\n<tr>\n<td style=\"width: 82.6011%; text-align: left;\">Filtre de soudage VR-1 CA-28 Euromaski \u2013 nuance 8<\/td>\n<td style=\"width: 17.2232%; text-align: center;\">4028 \u2013 2100<\/td>\n<\/tr>\n<tr>\n<td style=\"width: 82.6011%; text-align: left;\">Filtre de soudage VR-1 CA-28 Euromaski \u2013 nuance 10<\/td>\n<td style=\"width: 17.2232%; text-align: center;\">4028 \u2013 2200<\/td>\n<\/tr>\n<tr>\n<td style=\"width: 82.6011%; text-align: left;\">Filtre de soudage VR-1 CA-28 Euromaski \u2013 nuance 12<\/td>\n<td style=\"width: 17.2232%; text-align: center;\">4028 \u2013 2300<\/td>\n<\/tr>\n<tr>\n<td style=\"width: 82.6011%; text-align: left;\">Bandeau CA-28 Euromaski<\/td>\n<td style=\"width: 17.2232%; text-align: center;\">4028 \u2013 2171<\/td>\n<\/tr>\n<\/tbody>\n<\/table>\n<p>[\/vc_column_text][\/vc_tta_section][vc_tta_section i_icon_fontawesome=\u00a0\u00bbfa fa-wrench\u00a0\u00bb add_icon=\u00a0\u00bbtrue\u00a0\u00bb title=\u00a0\u00bbDonn\u00e9es techniques\u00a0\u00bb tab_id=\u00a0\u00bb1513153797992-792040b0-82c9&Prime;][vc_column_text]<\/p>\n<table>\n<tbody>\n<tr>\n<td style=\"text-align: left;\" colspan=\"2\"><span style=\"color: #be0300;\"><strong>Donn\u00e9es techniques<\/strong><\/span><\/td>\n<\/tr>\n<tr>\n<td style=\"text-align: left;\">Poids<\/td>\n<td style=\"text-align: center;\">560 g<\/td>\n<\/tr>\n<tr>\n<td style=\"text-align: left;\">Mat\u00e9riau<\/td>\n<td style=\"text-align: center;\">Coque de masque \u2013 TPE<br \/>\nvisi\u00e8re, polycarbonate<\/td>\n<\/tr>\n<tr>\n<td style=\"text-align: left;\">Raccord de tuyau<\/td>\n<td style=\"text-align: center;\">QuickLOCK\u2122<\/td>\n<\/tr>\n<tr>\n<td style=\"text-align: left;\">Facteur de protection (NPF)<\/td>\n<td style=\"text-align: center;\">50<\/td>\n<\/tr>\n<tr>\n<td style=\"text-align: left;\">Certification<\/td>\n<td style=\"text-align: center;\">EN 12941 TH2, EN 14594 2A, EN 175 B, EN 166 B<\/td>\n<\/tr>\n<\/tbody>\n<\/table>\n<p>[\/vc_column_text][\/vc_tta_section][vc_tta_section i_icon_fontawesome=\u00a0\u00bbfa fa-download\u00a0\u00bb add_icon=\u00a0\u00bbtrue\u00a0\u00bb title=\u00a0\u00bbT\u00e9l\u00e9chargements\u00a0\u00bb tab_id=\u00a0\u00bb1513154098935-95c74e4f-fa1e\u00a0\u00bb][vc_column_text]<strong><a href=\"https:\/\/www.clean-air.cz\/wp-content\/uploads\/2021\/01\/CNA039-R03-UM-Euromaski-CA-28-DIGI.pdf\" target=\"_blank\" rel=\"noopener noreferrer\">User manual CA-28 Euromaski welding helmet<\/a><\/strong><\/p>\n<p><strong><a href=\"https:\/\/www.clean-air.cz\/wp-content\/uploads\/2020\/01\/DA-033_-_702800_-_CA-28_Euromaski_-_EN.pdf\" target=\"_blank\" rel=\"noopener noreferrer\">Datasheet &#8211; DA-033-R02 &#8211; 70 28 00 &#8211; CA-28 Euromaski &#8211; EN<\/a><\/strong><\/p>\n<p><strong><a href=\"https:\/\/www.clean-air.cz\/wp-content\/uploads\/2020\/11\/PS-720201-1-R0-CA-2-Lite.pdf\">Declaration of confornity<\/a><a href=\"https:\/\/www.clean-air.cz\/wp-content\/uploads\/2024\/07\/PS-702800-1-R2-CA-28.pdf\">-702800-1-R2 CA-28<\/a><\/strong>[\/vc_column_text][\/vc_tta_section][vc_tta_section i_icon_fontawesome=\u00a0\u00bbfa fa-picture-o\u00a0\u00bb add_icon=\u00a0\u00bbtrue\u00a0\u00bb title=\u00a0\u00bbGalerie\u00a0\u00bb tab_id=\u00a0\u00bb1515415801460-0c2258c9-4574&Prime;][vc_gallery type=\u00a0\u00bbimage_grid\u00a0\u00bb images=\u00a0\u00bb7631,7639,7644&Prime; img_size=\u00a0\u00bbmedium\u00a0\u00bb css_animation=\u00a0\u00bbfadeIn\u00a0\u00bb css=\u00a0\u00bb.vc_custom_1574675285935{padding-left: 280px !important;}\u00a0\u00bb][\/vc_tta_section][\/vc_tta_tabs][\/vc_column][\/vc_row]<\/p>\n","protected":false},"excerpt":{"rendered":"<p>[vc_row][vc_column width=\u00a0\u00bb1\/2&Prime;][vc_gallery interval=\u00a0\u00bb0&Prime; images=\u00a0\u00bb10555,10560,10565,10570&Prime; img_size=\u00a0\u00bblarge\u00a0\u00bb][\/vc_column][vc_column width=\u00a0\u00bb1\/2&Prime;][vc_column_text] CA-28 Euromaski repr\u00e9sente une solution ergonomique et l\u00e9g\u00e8re adapt\u00e9e \u00e0 la plupart des proc\u00e9dures de soudage. Gr\u00e2ce \u00e0 sa visi\u00e8re de soudage relevable stable, elle fournit une excellente protection pour les op\u00e9rations de meulage, de soudage et de nettoyage. Une visi\u00e8re de protection large et incurv\u00e9e offre un champ de vision d\u00e9gag\u00e9 dans toutes les directions et r\u00e9pond \u00e0 la cat\u00e9gorie \u00ab\u00a0B\u00a0\u00bb d\u2019exigences d\u2019impact<\/p>\n<p><a class=\"more-link\" href=\"https:\/\/www.clean-air.cz\/fr\/headtops\/welding-hoods\/welding-hood-ca-28-euromaski\/\">Lire la suite&#8230;<\/a><\/p>\n","protected":false},"author":11,"featured_media":0,"parent":5366,"menu_order":0,"comment_status":"closed","ping_status":"closed","template":"","meta":{"footnotes":""},"_links":{"self":[{"href":"https:\/\/www.clean-air.cz\/fr\/wp-json\/wp\/v2\/pages\/5355"}],"collection":[{"href":"https:\/\/www.clean-air.cz\/fr\/wp-json\/wp\/v2\/pages"}],"about":[{"href":"https:\/\/www.clean-air.cz\/fr\/wp-json\/wp\/v2\/types\/page"}],"author":[{"embeddable":true,"href":"https:\/\/www.clean-air.cz\/fr\/wp-json\/wp\/v2\/users\/11"}],"replies":[{"embeddable":true,"href":"https:\/\/www.clean-air.cz\/fr\/wp-json\/wp\/v2\/comments?post=5355"}],"version-history":[{"count":0,"href":"https:\/\/www.clean-air.cz\/fr\/wp-json\/wp\/v2\/pages\/5355\/revisions"}],"up":[{"embeddable":true,"href":"https:\/\/www.clean-air.cz\/fr\/wp-json\/wp\/v2\/pages\/5366"}],"wp:attachment":[{"href":"https:\/\/www.clean-air.cz\/fr\/wp-json\/wp\/v2\/media?parent=5355"}],"curies":[{"name":"wp","href":"https:\/\/api.w.org\/{rel}","templated":true}]}}