{"id":5351,"date":"2018-06-14T13:18:05","date_gmt":"2018-06-14T11:18:05","guid":{"rendered":"https:\/\/www.clean-air.cz\/welding-hood-ca-29-evolve\/"},"modified":"2026-03-27T14:36:08","modified_gmt":"2026-03-27T13:36:08","slug":"welding-hood-ca-29-evolve","status":"publish","type":"page","link":"https:\/\/www.clean-air.cz\/fr\/headtops\/welding-hoods\/welding-hood-ca-29-evolve\/","title":{"rendered":"Cagoule de soudage CA-29 Evolve"},"content":{"rendered":"<p>[vc_row][vc_column width=\u00a0\u00bb1\/2&Prime;][vc_gallery interval=\u00a0\u00bb0&Prime; images=\u00a0\u00bb22365&Prime; img_size=\u00a0\u00bblarge\u00a0\u00bb][\/vc_column][vc_column width=\u00a0\u00bb1\/2&Prime;][vc_column_text]<\/p>\n<h4><span style=\"color: #be0300;\">Discontinued starting April 2026.<\/span><br \/>\nAll the consumables and spare parts remains available untill further notice.<\/h4>\n<p>[\/vc_column_text][vc_column_text]<\/p>\n<p><strong><span style=\"font-size: 14pt; color: #be0300;\">Repr\u00e9sente un m\u00e9lange de visi\u00e8re protectrice relevable ergonomique et l\u00e9g\u00e8re et de casque de soudage auto-obscurcissant. Gr\u00e2ce \u00e0 sa visi\u00e8re de soudage relevable stable, il offre une excellente protection pour les op\u00e9rations de meulage, soudage et de finition de surface. La partie amovible avant peut \u00eatre relev\u00e9e au-dessus du masque lorsqu\u2019un champ de vision d\u00e9gag\u00e9 est n\u00e9cessaire. Le m\u00e9canisme relevable unique optimise le centre de gravit\u00e9 et r\u00e9duit l\u2019espace requis.<\/span><\/strong><\/p>\n<p>L\u2019\u00e9cran de soudeur relevable permet une utilisation du filtre auto-obscurcissant ou du filtre de soudage passif avec dimension standard de 110 x 90 mm. Une grande visi\u00e8re incurv\u00e9e de protection garantit un champ d\u00e9gag\u00e9 dans toutes les directions et offre une protection contre les impacts de cat\u00e9gorie B, selon la norme EN 166. CA-29 Evolve est con\u00e7u pour \u00eatre utilis\u00e9e avec les PAPR CleanAIR\u00ae ou les syst\u00e8mes d\u2019adduction de l\u2019air CleanAIR\u00ae afin de prot\u00e9ger les voies respiratoires contre diff\u00e9rents types de pollution a\u00e9rienne.<\/p>\n<p>[\/vc_column_text][\/vc_column][\/vc_row][vc_row][vc_column][vc_tta_tabs style=\u00a0\u00bbmodern\u00a0\u00bb shape=\u00a0\u00bbsquare\u00a0\u00bb active_section=\u00a0\u00bb1&Prime; no_fill_content_area=\u00a0\u00bbtrue\u00a0\u00bb title=\u00a0\u00bbD\u00e9tails\u00a0\u00bb][vc_tta_section i_icon_fontawesome=\u00a0\u00bbfa fa-industry\u00a0\u00bb add_icon=\u00a0\u00bbtrue\u00a0\u00bb title=\u00a0\u00bbDomaines d\u2019application\u00a0\u00bb tab_id=\u00a0\u00bb1513150336358-68add988-e9ea\u00a0\u00bb][vc_column_text]<\/p>\n<p><span style=\"color: #be0300;\"><strong>Domaines d\u2019application<\/strong><\/span><\/p>\n<p>La cagoule de soudage CA-29 poss\u00e8de des applications dans de nombreux secteurs, comme l\u2019industrie de la construction, de l\u2019automobile, des chantiers navals, l\u2019industrie lourde, etc. Elle est adapt\u00e9e \u00e0 la plupart des m\u00e9thodes de soudage et des op\u00e9rations de nettoyage et de meulage cons\u00e9cutives.<\/p>\n<p>[\/vc_column_text][\/vc_tta_section][vc_tta_section i_icon_fontawesome=\u00a0\u00bbfa fa-thumbs-o-up\u00a0\u00bb add_icon=\u00a0\u00bbtrue\u00a0\u00bb title=\u00a0\u00bbCaract\u00e9ristiques et avantages\u00a0\u00bb tab_id=\u00a0\u00bb1513150336359-b7b65468-8021&Prime;][vc_column_text]<\/p>\n<p><span style=\"color: #be0300;\"><strong>Caract\u00e9ristiques et avantages<\/strong><\/span><\/p>\n<ul>\n<li>Offre une protection durant le soudage et le meulage<\/li>\n<li>Design compact et durable<\/li>\n<li>L\u00e9ger, \u00e9quilibr\u00e9, confortable<\/li>\n<li>Grande visi\u00e8re incurv\u00e9e 170 x 95 mm<\/li>\n<li>Compatible avec les filtres auto-obscurcissants ou passifs 110 x 90 mm<\/li>\n<li>Bandeau r\u00e9glable confortable<\/li>\n<li>Pi\u00e8ces de rechange faciles \u00e0 changer<\/li>\n<li>Compatible avec les PAPR et syst\u00e8mes d\u2019adduction de l\u2019air CleanAIR\u00ae<\/li>\n<\/ul>\n<p>[\/vc_column_text][\/vc_tta_section][vc_tta_section i_icon_fontawesome=\u00a0\u00bbfa fa-cog\u00a0\u00bb add_icon=\u00a0\u00bbtrue\u00a0\u00bb title=\u00a0\u00bbKits complets, accessoires, filtres\u00a0\u00bb tab_id=\u00a0\u00bb1513153137048-5f8c31c5-30ea\u00a0\u00bb][vc_column_text]<\/p>\n<table style=\"width: 101.918%;\">\n<tbody>\n<tr>\n<td style=\"text-align: left; width: 101.735%;\" colspan=\"2\"><span style=\"color: #be0300;\"><strong>Cagoules compl\u00e8tes<\/strong><\/span><\/td>\n<\/tr>\n<tr>\n<td style=\"text-align: left; width: 85.0259%;\">Cagoule de soudage CA-29 Evolve, avec syst\u00e8me de distribution de l\u2019air et ADF V9-13 DS ADC<\/td>\n<td style=\"text-align: center; width: 16.7095%;\">70 29 01<\/td>\n<\/tr>\n<tr>\n<td style=\"text-align: left; width: 85.0259%;\">Casque de soudage CA-29, ADF AerTEC\u2122 X100 V9-13, avec syst\u00e8me de distribution de l\u2019air<\/td>\n<td style=\"text-align: center; width: 16.7095%;\">70 29 02<\/td>\n<\/tr>\n<tr>\n<td style=\"text-align: left; width: 85.0259%;\">Casque de soudage CA-29, ADF AerTEC\u2122 X110 V9-13 Couleur, avec syst\u00e8me de distribution de l\u2019air<\/td>\n<td style=\"text-align: center; width: 16.7095%;\">70 29 02TC<\/td>\n<\/tr>\n<tr>\n<td style=\"text-align: left; width: 85.0259%;\">Cagoule de soudage CA-29 Evolve, avec syst\u00e8me de distribution de l\u2019air et filtre passif no. 10<\/td>\n<td style=\"text-align: center; width: 16.7095%;\">70 29 00<\/td>\n<\/tr>\n<tr>\n<td style=\"text-align: left; width: 101.735%;\" colspan=\"2\"><span style=\"color: #be0300;\"><strong>Liste des pi\u00e8ces d\u00e9tach\u00e9es \/ accessoire<\/strong><\/span><\/td>\n<\/tr>\n<tr>\n<td style=\"text-align: left; width: 85.0259%;\">Cagoule de soudage Evermatic Evolve avec filtre passif no. 10, sans syst\u00e8me de<br \/>\ndistribution de l\u2019air<\/td>\n<td style=\"text-align: center; width: 16.7095%;\">40 29 00<\/td>\n<\/tr>\n<tr>\n<td style=\"text-align: left; width: 85.0259%;\">Cagoule de soudage Evermatic Evolve, avec ADF V9-13 DS ADC, sans syst\u00e8me de<br \/>\ndistribution de l\u2019air<\/td>\n<td style=\"text-align: center; width: 16.7095%;\">40 29 01<\/td>\n<\/tr>\n<tr>\n<td style=\"text-align: left; width: 85.0259%;\">Cagoule de soudage CA-29 Evolve, avec syst\u00e8me de distribution de l\u2019air et filtre<br \/>\npassif no. 10<\/td>\n<td style=\"text-align: center; width: 16.7095%;\">70 29 00<\/td>\n<\/tr>\n<tr>\n<td style=\"text-align: left; width: 85.0259%;\">Cagoule de soudage CA-29 Evolve, avec syst\u00e8me de distribution de l\u2019air et ADF<br \/>\nV9-13 DS ADC<\/td>\n<td style=\"text-align: center; width: 16.7095%;\">70 29 01<\/td>\n<\/tr>\n<tr>\n<td style=\"text-align: left; width: 85.0259%;\">Plaque de s\u00e9curit\u00e9 frontale \u2013 110 x 90 mm \/ 1 mm<\/td>\n<td style=\"text-align: center; width: 16.7095%;\">* 110\/90\/1<\/td>\n<\/tr>\n<tr>\n<td style=\"text-align: left; width: 85.0259%;\">Filtre de soudage auto-obscurcissant AerTEC\u2122 X100 4\/9-13<\/td>\n<td style=\"text-align: center; width: 16.7095%;\">40 51 00<\/td>\n<\/tr>\n<tr>\n<td style=\"text-align: left; width: 85.0259%;\">Filtre de soudage auto-obscurcissant AerTEC\u2122 X110 couleur<\/td>\n<td style=\"text-align: center; width: 16.7095%;\">40 51 10<\/td>\n<\/tr>\n<tr>\n<td style=\"text-align: left; width: 85.0259%;\">Bandeau CleanAIR\u00ae \u2013 lot de 10<\/td>\n<td style=\"text-align: center; width: 16.7095%;\">16 70 01\/10<\/td>\n<\/tr>\n<tr>\n<td style=\"text-align: left; width: 85.0259%;\">Filtres auto-obscurcissants, V9-13 ADC<\/td>\n<td style=\"text-align: center; width: 16.7095%;\">40 50 25<\/td>\n<\/tr>\n<tr>\n<td style=\"text-align: left; width: 85.0259%;\">Masque de meulage, polycarbonate<\/td>\n<td style=\"text-align: center; width: 16.7095%;\">70 29 20<\/td>\n<\/tr>\n<tr>\n<td style=\"text-align: left; width: 85.0259%;\">Joint d\u2019\u00e9tanch\u00e9it\u00e9 pour le visage pour cagoule de soudage \u2013 universel<\/td>\n<td style=\"text-align: center; width: 16.7095%;\">70 21 53<\/td>\n<\/tr>\n<tr>\n<td style=\"text-align: left; width: 85.0259%;\">Serre-t\u00eate CA-29 Evolve avec jeu de bandeaux<\/td>\n<td style=\"text-align: center; width: 16.7095%;\">70 29 41<\/td>\n<\/tr>\n<tr>\n<td style=\"text-align: left; width: 85.0259%;\">Kit de montage pour serre-t\u00eate Evolve<\/td>\n<td style=\"text-align: center; width: 16.7095%;\">70 29 42<\/td>\n<\/tr>\n<tr>\n<td style=\"text-align: left; width: 85.0259%;\">Visi\u00e8re de soudeur relevable<\/td>\n<td style=\"text-align: center; width: 16.7095%;\">70 29 45<\/td>\n<\/tr>\n<tr>\n<td style=\"text-align: left; width: 85.0259%;\">Tuyau d\u2019air QuickLOCK\u2122<\/td>\n<td style=\"text-align: center; width: 16.7095%;\">71 04 50QL<\/td>\n<\/tr>\n<\/tbody>\n<\/table>\n<p>[\/vc_column_text][\/vc_tta_section][vc_tta_section i_icon_fontawesome=\u00a0\u00bbfa fa-wrench\u00a0\u00bb add_icon=\u00a0\u00bbtrue\u00a0\u00bb title=\u00a0\u00bbDonn\u00e9es techniques\u00a0\u00bb tab_id=\u00a0\u00bb1513153797992-792040b0-82c9&Prime;][vc_column_text]<\/p>\n<table>\n<tbody>\n<tr>\n<td style=\"text-align: left;\" colspan=\"2\"><span style=\"color: #be0300;\"><strong>Technical data<\/strong><\/span><\/td>\n<\/tr>\n<tr>\n<td style=\"text-align: left;\">Poids<\/td>\n<td style=\"text-align: center;\">560 g<\/td>\n<\/tr>\n<tr>\n<td style=\"text-align: left;\">Dimensions ADF<\/td>\n<td style=\"text-align: center;\">110\u00d790 mm<\/td>\n<\/tr>\n<tr>\n<td style=\"text-align: left;\">Zone de vision<\/td>\n<td style=\"text-align: center;\">95&#215;46,5 mm Balder V9-13DS<br \/>\n100\u00d753 mm AerTEC\u2122 X100\/X110 V9-13<\/td>\n<\/tr>\n<tr>\n<td style=\"text-align: left;\">\u00c9cran de meulage Dimensions<\/td>\n<td style=\"text-align: center;\">165&#215;95 mm<\/td>\n<\/tr>\n<tr>\n<td style=\"text-align: left;\">Raccord de tuyau<\/td>\n<td style=\"text-align: center;\">QuickLOCK\u2122<\/td>\n<\/tr>\n<tr>\n<td style=\"text-align: left;\">Facteur de protection<\/td>\n<td style=\"text-align: center;\">50<\/td>\n<\/tr>\n<tr>\n<td style=\"text-align: left;\">Certification<\/td>\n<td style=\"text-align: center;\">EN 12941 TH2, EN 14594 2A\/2B,<br \/>\nEN 175 B, EN 166 B, EN 379 1\/1\/1\/2<\/td>\n<\/tr>\n<\/tbody>\n<\/table>\n<p>&nbsp;<br \/>\n[\/vc_column_text][\/vc_tta_section][vc_tta_section i_icon_fontawesome=\u00a0\u00bbfa fa-download\u00a0\u00bb add_icon=\u00a0\u00bbtrue\u00a0\u00bb title=\u00a0\u00bbT\u00e9l\u00e9chargements\u00a0\u00bb tab_id=\u00a0\u00bb1513154098935-95c74e4f-fa1e\u00a0\u00bb][vc_column_text]<strong><a href=\"https:\/\/www.clean-air.cz\/wp-content\/uploads\/2020\/01\/DA-036_-_702901_-_CA-29_Evolve_-_EN.pdf\">DA-036_-_702901_-_CA-29_Evolve_-_EN<\/a><\/strong><\/p>\n<p><strong><a href=\"https:\/\/www.clean-air.cz\/wp-content\/uploads\/2019\/11\/User-manual-CNA-044-R03-CA-29-Evolve-Evermatic-Evolve-70-29-00-ver-1.1.1-pro-tisk-ob\u00e1lka.pdf\" target=\"_blank\" rel=\"noopener noreferrer\">User manual &#8211; CNA-044-R03 &#8211; CA-29 Evolve + Evermatic Evolve &#8211; 70 29 00\u00a0<\/a><\/strong><\/p>\n<p><strong><a href=\"https:\/\/www.clean-air.cz\/wp-content\/uploads\/2018\/10\/PS-702900-1-R0-CA-29.pdf\" target=\"_blank\" rel=\"noopener noreferrer\">Declaration of confornity &#8211; 702900-1-R0 CA-29<\/a><\/strong>[\/vc_column_text][\/vc_tta_section][vc_tta_section i_icon_fontawesome=\u00a0\u00bbfa fa-picture-o\u00a0\u00bb add_icon=\u00a0\u00bbtrue\u00a0\u00bb title=\u00a0\u00bbGalerie\u00a0\u00bb tab_id=\u00a0\u00bb1515415801460-0c2258c9-4574&Prime;][vc_gallery type=\u00a0\u00bbimage_grid\u00a0\u00bb images=\u00a0\u00bb7654,7669,7656,7664,7679,7674&Prime; img_size=\u00a0\u00bbmedium\u00a0\u00bb css_animation=\u00a0\u00bbfadeIn\u00a0\u00bb css=\u00a0\u00bb.vc_custom_1574677359751{padding-left: 280px !important;}\u00a0\u00bb el_class=\u00a0\u00bbca-29_gallery\u00a0\u00bb][\/vc_tta_section][\/vc_tta_tabs][\/vc_column][\/vc_row]<\/p>\n","protected":false},"excerpt":{"rendered":"<p>[vc_row][vc_column width=\u00a0\u00bb1\/2&Prime;][vc_gallery interval=\u00a0\u00bb0&Prime; images=\u00a0\u00bb22365&Prime; img_size=\u00a0\u00bblarge\u00a0\u00bb][\/vc_column][vc_column width=\u00a0\u00bb1\/2&Prime;][vc_column_text] Discontinued starting April 2026. All the consumables and spare parts remains available untill further notice. [\/vc_column_text][vc_column_text] Repr\u00e9sente un m\u00e9lange de visi\u00e8re protectrice relevable ergonomique et l\u00e9g\u00e8re et de casque de soudage auto-obscurcissant. Gr\u00e2ce \u00e0 sa visi\u00e8re de soudage relevable stable, il offre une excellente protection pour les op\u00e9rations de meulage, soudage et de finition de surface. La partie amovible avant peut \u00eatre relev\u00e9e au-dessus<\/p>\n<p><a class=\"more-link\" href=\"https:\/\/www.clean-air.cz\/fr\/headtops\/welding-hoods\/welding-hood-ca-29-evolve\/\">Lire la suite&#8230;<\/a><\/p>\n","protected":false},"author":11,"featured_media":0,"parent":5366,"menu_order":0,"comment_status":"closed","ping_status":"closed","template":"","meta":{"footnotes":""},"_links":{"self":[{"href":"https:\/\/www.clean-air.cz\/fr\/wp-json\/wp\/v2\/pages\/5351"}],"collection":[{"href":"https:\/\/www.clean-air.cz\/fr\/wp-json\/wp\/v2\/pages"}],"about":[{"href":"https:\/\/www.clean-air.cz\/fr\/wp-json\/wp\/v2\/types\/page"}],"author":[{"embeddable":true,"href":"https:\/\/www.clean-air.cz\/fr\/wp-json\/wp\/v2\/users\/11"}],"replies":[{"embeddable":true,"href":"https:\/\/www.clean-air.cz\/fr\/wp-json\/wp\/v2\/comments?post=5351"}],"version-history":[{"count":0,"href":"https:\/\/www.clean-air.cz\/fr\/wp-json\/wp\/v2\/pages\/5351\/revisions"}],"up":[{"embeddable":true,"href":"https:\/\/www.clean-air.cz\/fr\/wp-json\/wp\/v2\/pages\/5366"}],"wp:attachment":[{"href":"https:\/\/www.clean-air.cz\/fr\/wp-json\/wp\/v2\/media?parent=5351"}],"curies":[{"name":"wp","href":"https:\/\/api.w.org\/{rel}","templated":true}]}}