{"id":5348,"date":"2018-06-25T09:45:57","date_gmt":"2018-06-25T07:45:57","guid":{"rendered":"https:\/\/www.clean-air.cz\/grinding-shield-ca-3\/"},"modified":"2026-01-27T08:39:38","modified_gmt":"2026-01-27T07:39:38","slug":"grinding-shield-ca-3","status":"publish","type":"page","link":"https:\/\/www.clean-air.cz\/fr\/headtops\/grinding-shields\/grinding-shield-ca-3\/","title":{"rendered":"\u00c9cran de protection CA-3"},"content":{"rendered":"<p>[vc_row][vc_column width=\u00a0\u00bb1\/2&Prime;][vc_gallery interval=\u00a0\u00bb3&Prime; images=\u00a0\u00bb22371&Prime; img_size=\u00a0\u00bblarge\u00a0\u00bb][\/vc_column][vc_column width=\u00a0\u00bb1\/2&Prime;][vc_column_text]<\/p>\n<h4><span style=\"color: #ba0300;\">La vente du produit est interrompue \u00e0 partir du 4 octobre 2023.<\/span><br \/>\nTous les consommables et pi\u00e8ces d\u00e9tach\u00e9es restent disponibles jusqu\u2019en d\u00e9cembre 2026 ou jusqu\u2019\u00e0 nouvel ordre.<\/h4>\n<p>[\/vc_column_text][vc_column_text]<strong><span style=\"font-size: 14pt; color: #be0300;\">Un \u00e9cran de protection l\u00e9ger avec une visi\u00e8re en ac\u00e9tate facile \u00e0 changer\u00a0offre une protection des voies respiratoires et du visage contre les projections de produits chimiques.<\/span><\/strong><\/p>\n<p>Le serre-t\u00eate confortable et r\u00e9glable garantit le confort du porteur.<\/p>\n<p><strong>Attention ! Il existe deux types de visi\u00e8re<\/strong> ac\u00e9tate et polycarbonate.<strong><br \/>\n<\/strong>\u00a0Ac\u00e9tate type de visi\u00e8re n\u2019est pas recommand\u00e9 pour les op\u00e9rations de meulage. Il offre une protection contre les projections de liquides conform\u00e9ment \u00e0 la norme NE 166.[\/vc_column_text][\/vc_column][\/vc_row][vc_row][vc_column][vc_tta_tabs style=\u00a0\u00bbmodern\u00a0\u00bb shape=\u00a0\u00bbsquare\u00a0\u00bb active_section=\u00a0\u00bb1&Prime; no_fill_content_area=\u00a0\u00bbtrue\u00a0\u00bb title=\u00a0\u00bbD\u00e9tails\u00a0\u00bb][vc_tta_section i_icon_fontawesome=\u00a0\u00bbfa fa-industry\u00a0\u00bb add_icon=\u00a0\u00bbtrue\u00a0\u00bb title=\u00a0\u00bbDomaines d\u2019application\u00a0\u00bb tab_id=\u00a0\u00bb1513150336358-68add988-e9ea\u00a0\u00bb][vc_column_text]<span style=\"color: #be0300;\"><strong><span class=\"vc_tta-title-text\">Domaines d\u2019application<\/span><\/strong><\/span><\/p>\n<p><strong>CA3 avec la visi\u00e9re d\u2019ac\u00e9tate\u00a0<\/strong>est adapt\u00e9 \u00e0 une utilisation dans les environnements poussi\u00e9reux sans n\u00e9cessit\u00e9 de prot\u00e9ger le cou et les \u00e9paules. Pour les op\u00e9rations de meulage, de finition de surface, la construction et m\u00eame l\u2019industrie lourde.<\/p>\n<p><strong>CA3 avec la visi\u00e9re de polycarbonate<\/strong>\u00a0est utilis\u00e9 dans de nombreux secteurs exigeant une grande r\u00e9sistance aux produits chimiques, les laboratoires et les op\u00e9rations de peinture par pulv\u00e9risation.[\/vc_column_text][\/vc_tta_section][vc_tta_section i_icon_fontawesome=\u00a0\u00bbfa fa-thumbs-o-up\u00a0\u00bb add_icon=\u00a0\u00bbtrue\u00a0\u00bb title=\u00a0\u00bbCaract\u00e9ristiques et avantages\u00a0\u00bb tab_id=\u00a0\u00bb1513150336359-b7b65468-8021&Prime;][vc_column_text]<\/p>\n<p><span style=\"color: #be0300;\"><strong>Caract\u00e9ristiques et avantages<br \/>\n<\/strong><\/span><\/p>\n<p>\u2022 Grand champ de vision<br \/>\n\u2022 \u00c9cran de protection du visage l\u00e9ger et spacieux<br \/>\n\u2022 Grande r\u00e9sistance aux produits chimiques<br \/>\n\u2022 Visi\u00e8re facile \u00e0 changer<br \/>\n\u2022 Serre-t\u00eate r\u00e9glable confortable<br \/>\n\u2022 Bandeau doux<br \/>\n[\/vc_column_text][\/vc_tta_section][vc_tta_section i_icon_fontawesome=\u00a0\u00bbfa fa-cog\u00a0\u00bb add_icon=\u00a0\u00bbtrue\u00a0\u00bb title=\u00a0\u00bbKits complets, accessoires, filtres\u00a0\u00bb tab_id=\u00a0\u00bb1513153137048-5f8c31c5-30ea\u00a0\u00bb][vc_column_text]<\/p>\n<table>\n<tbody>\n<tr>\n<td style=\"text-align: left;\" colspan=\"2\"><span style=\"color: #be0300;\"><strong>Complete hoods<\/strong><\/span><\/td>\n<\/tr>\n<tr>\n<td style=\"text-align: left;\">Protective shield CA-3 (acetate)<\/td>\n<td style=\"text-align: center;\">71 03 01<\/td>\n<\/tr>\n<tr>\n<td style=\"text-align: left;\">\u00c9cran de meulage CA-3 (polycarbonate)<\/td>\n<td style=\"text-align: center;\">71 03 00<\/td>\n<\/tr>\n<tr>\n<td style=\"text-align: left;\" colspan=\"2\"><span style=\"color: #be0300;\"><strong>Spare parts, accessories<\/strong><\/span><\/td>\n<\/tr>\n<tr>\n<td style=\"text-align: left;\">Sweatband CleanAIR pack of 10 pcs<\/td>\n<td style=\"text-align: center;\">16 70 01\/10<\/td>\n<\/tr>\n<tr>\n<td style=\"text-align: left;\">Face seal for welding hoods &#8211; universal<\/td>\n<td style=\"text-align: center;\">70 21 53<\/td>\n<\/tr>\n<tr>\n<td style=\"text-align: left;\">CA-3 Spare visor acetate<\/td>\n<td style=\"text-align: center;\">71 03 33<\/td>\n<\/tr>\n<tr>\n<td style=\"text-align: left;\">Grinding shield frame Bionic with headband (w\/o visor)<\/td>\n<td style=\"text-align: center;\">71 03 40<\/td>\n<\/tr>\n<tr>\n<td style=\"text-align: left;\">Light flexi hose (QuickLOCK\u2122 &#8211; CA40x1\/7\u201c)<\/td>\n<td style=\"text-align: center;\">71 00 60<\/td>\n<\/tr>\n<\/tbody>\n<\/table>\n<p>[\/vc_column_text][\/vc_tta_section][vc_tta_section i_icon_fontawesome=\u00a0\u00bbfa fa-wrench\u00a0\u00bb add_icon=\u00a0\u00bbtrue\u00a0\u00bb title=\u00a0\u00bbDonn\u00e9es techniques\u00a0\u00bb tab_id=\u00a0\u00bb1513153797992-792040b0-82c9&Prime;][vc_column_text]<\/p>\n<table>\n<tbody>\n<tr>\n<td style=\"text-align: left;\">Poids<\/td>\n<td style=\"text-align: center;\">520 g<\/td>\n<\/tr>\n<tr>\n<td style=\"text-align: left;\">Mat\u00e9riau<\/td>\n<td style=\"text-align: center;\">\u00c9cran \u2013 polyamide<br \/>\nserre-t\u00eate \u2013 polyamide<br \/>\nvisi\u00e8re \u2013 polycarbonate\/ac\u00e9tate<\/td>\n<\/tr>\n<tr>\n<td style=\"text-align: left;\">Facteur de protection<br \/>\nnominale (NPF)<\/td>\n<td style=\"text-align: center;\">50<\/td>\n<\/tr>\n<tr>\n<td style=\"text-align: left;\">Raccord de tuyau<\/td>\n<td style=\"text-align: center;\">QuickLOCK\u2122<\/td>\n<\/tr>\n<tr>\n<td style=\"text-align: left;\">Certification<\/td>\n<td style=\"text-align: center;\">EN 12941 TH2<br \/>\nEN 14594 2A<br \/>\nEN 166 F T<\/td>\n<\/tr>\n<\/tbody>\n<\/table>\n<p>[\/vc_column_text][\/vc_tta_section][vc_tta_section i_icon_fontawesome=\u00a0\u00bbfa fa-download\u00a0\u00bb add_icon=\u00a0\u00bbtrue\u00a0\u00bb title=\u00a0\u00bbT\u00e9l\u00e9chargements\u00a0\u00bb tab_id=\u00a0\u00bb1513154098935-95c74e4f-fa1e\u00a0\u00bb][vc_column_text]<a href=\"https:\/\/www.clean-air.cz\/wp-content\/uploads\/2022\/07\/User-manual-CNA-012-R06-CA-3_CA-4_CA-5-DIGI.pdf\">User manual &#8211; CNA-012-R06 &#8211; CA-3_CA-4_CA-5-DIGI<\/a><\/p>\n<p><a href=\"https:\/\/www.clean-air.cz\/wp-content\/uploads\/2022\/09\/DA-060_-_710300_-_Grinding_shield_CA-3_polycarbonate_-_EN.pdf\">DA-060_-_710300_-_Grinding_shield_CA-3_polycarbonate_-_EN<\/a><\/p>\n<p><a href=\"https:\/\/www.clean-air.cz\/wp-content\/uploads\/2020\/10\/DA-060_-_710300_-_Grinding_shield_CA-3_polycarbonate_-_FRA-1.pdf\">DA-060 &#8211; 710300 &#8211; Grinding shield CA-3 polycarbonate &#8211; FRA<\/a><\/p>\n<p><a href=\"https:\/\/www.clean-air.cz\/wp-content\/uploads\/2022\/09\/DA-061_-_710301_-_Grinding_shield_CA-3_acetate_-_EN.pdf\">DA-061_-_710301_-_Grinding_shield_CA-3_acetate_-_EN<\/a><\/p>\n<p><a href=\"https:\/\/www.clean-air.cz\/wp-content\/uploads\/2020\/10\/DA-061_-_710301_-_Grinding_shield_CA-3_acetate_-_FRA-1.pdf\" target=\"_blank\" rel=\"noopener noreferrer\">DA-061 &#8211; 710301 &#8211; Grinding shield CA-3 acetate &#8211; FRA<\/a><\/p>\n<p><a href=\"https:\/\/www.clean-air.cz\/wp-content\/uploads\/2025\/08\/PS-710300-1-R1-CA-3-CZ.doc\">Declaration of Confornity &#8211; PS-710300-1-R1 CA-3 CZ<\/a><\/p>\n<p><a href=\"https:\/\/www.clean-air.cz\/wp-content\/uploads\/2025\/08\/PS-710300-1-R1-CA-3.doc\">Declaration of Confornity &#8211; PS-710300-1-R1 CA-3 EN<\/a>[\/vc_column_text][\/vc_tta_section][vc_tta_section i_icon_fontawesome=\u00a0\u00bbfa fa-picture-o\u00a0\u00bb add_icon=\u00a0\u00bbtrue\u00a0\u00bb title=\u00a0\u00bbGalerie\u00a0\u00bb tab_id=\u00a0\u00bb1515415801460-0c2258c9-4574&Prime;][vc_gallery type=\u00a0\u00bbimage_grid\u00a0\u00bb images=\u00a0\u00bb7743,7751,7756&Prime; img_size=\u00a0\u00bbmedium\u00a0\u00bb css_animation=\u00a0\u00bbfadeIn\u00a0\u00bb css=\u00a0\u00bb.vc_custom_1574684969307{padding-left: 280px !important;}\u00a0\u00bb el_class=\u00a0\u00bbca-3_gallery\u00a0\u00bb][\/vc_tta_section][\/vc_tta_tabs][\/vc_column][\/vc_row]<\/p>\n","protected":false},"excerpt":{"rendered":"<p>[vc_row][vc_column width=\u00a0\u00bb1\/2&Prime;][vc_gallery interval=\u00a0\u00bb3&Prime; images=\u00a0\u00bb22371&Prime; img_size=\u00a0\u00bblarge\u00a0\u00bb][\/vc_column][vc_column width=\u00a0\u00bb1\/2&Prime;][vc_column_text] La vente du produit est interrompue \u00e0 partir du 4 octobre 2023. Tous les consommables et pi\u00e8ces d\u00e9tach\u00e9es restent disponibles jusqu\u2019en d\u00e9cembre 2026 ou jusqu\u2019\u00e0 nouvel ordre. [\/vc_column_text][vc_column_text]Un \u00e9cran de protection l\u00e9ger avec une visi\u00e8re en ac\u00e9tate facile \u00e0 changer\u00a0offre une protection des voies respiratoires et du visage contre les projections de produits chimiques. Le serre-t\u00eate confortable et r\u00e9glable garantit le confort du porteur.<\/p>\n<p><a class=\"more-link\" href=\"https:\/\/www.clean-air.cz\/fr\/headtops\/grinding-shields\/grinding-shield-ca-3\/\">Lire la suite&#8230;<\/a><\/p>\n","protected":false},"author":11,"featured_media":0,"parent":5350,"menu_order":0,"comment_status":"closed","ping_status":"closed","template":"","meta":{"footnotes":""},"_links":{"self":[{"href":"https:\/\/www.clean-air.cz\/fr\/wp-json\/wp\/v2\/pages\/5348"}],"collection":[{"href":"https:\/\/www.clean-air.cz\/fr\/wp-json\/wp\/v2\/pages"}],"about":[{"href":"https:\/\/www.clean-air.cz\/fr\/wp-json\/wp\/v2\/types\/page"}],"author":[{"embeddable":true,"href":"https:\/\/www.clean-air.cz\/fr\/wp-json\/wp\/v2\/users\/11"}],"replies":[{"embeddable":true,"href":"https:\/\/www.clean-air.cz\/fr\/wp-json\/wp\/v2\/comments?post=5348"}],"version-history":[{"count":0,"href":"https:\/\/www.clean-air.cz\/fr\/wp-json\/wp\/v2\/pages\/5348\/revisions"}],"up":[{"embeddable":true,"href":"https:\/\/www.clean-air.cz\/fr\/wp-json\/wp\/v2\/pages\/5350"}],"wp:attachment":[{"href":"https:\/\/www.clean-air.cz\/fr\/wp-json\/wp\/v2\/media?parent=5348"}],"curies":[{"name":"wp","href":"https:\/\/api.w.org\/{rel}","templated":true}]}}