{"id":5346,"date":"2018-06-25T10:11:18","date_gmt":"2018-06-25T08:11:18","guid":{"rendered":"https:\/\/www.clean-air.cz\/safety-helmet-ca-40g\/"},"modified":"2026-01-27T08:41:36","modified_gmt":"2026-01-27T07:41:36","slug":"safety-helmet-ca-40g","status":"publish","type":"page","link":"https:\/\/www.clean-air.cz\/fr\/headtops\/grinding-shields\/safety-helmet-ca-40g\/","title":{"rendered":"Casque de s\u00e9curit\u00e9 CA-40G avec \u00e9cran de meulage"},"content":{"rendered":"<p>[vc_row][vc_column width=\u00a0\u00bb1\/2&Prime;][vc_gallery interval=\u00a0\u00bb3&Prime; images=\u00a0\u00bb14427,14421,14433&Prime; img_size=\u00a0\u00bblarge\u00a0\u00bb][\/vc_column][vc_column width=\u00a0\u00bb1\/2&Prime;][vc_column_text]<strong><span style=\"font-size: 14pt; color: #be0300;\">\u00c9cran de meulage et casque de s\u00e9curit\u00e9 avec un syst\u00e8me int\u00e9gr\u00e9 de distribution de l\u2019air.<\/span><\/strong><\/p>\n<p>Garantit la protection de la t\u00eate, des voies respiratoires, des yeux, du visage et des oreilles durant les op\u00e9rations de meulage dans des environnements tr\u00e8s contraignants.[\/vc_column_text][vc_btn title=\u00a0\u00bbD\u00e9couvrez notre gamme compl\u00e8te d\u2019\u00e9crans de meulage !\u00a0\u00bb shape=\u00a0\u00bbsquare\u00a0\u00bb color=\u00a0\u00bbjuicy-pink\u00a0\u00bb size=\u00a0\u00bblg\u00a0\u00bb align=\u00a0\u00bbleft\u00a0\u00bb i_icon_fontawesome=\u00a0\u00bbfa fa-info-circle\u00a0\u00bb css_animation=\u00a0\u00bbnone\u00a0\u00bb add_icon=\u00a0\u00bbtrue\u00a0\u00bb link=\u00a0\u00bburl:https%3A%2F%2Fwww.clean-air.cz%2Ffr%2Fheadtops%2Fgrinding-shields%2F|title:D%C3%A9couvrez%20notre%20gamme%20compl%C3%A8te%20de%20cagoules%20l%C3%A9g%C3%A8res%20%21|\u00a0\u00bb][\/vc_column][\/vc_row][vc_row][vc_column][vc_tta_tabs style=\u00a0\u00bbmodern\u00a0\u00bb shape=\u00a0\u00bbsquare\u00a0\u00bb active_section=\u00a0\u00bb1&Prime; no_fill_content_area=\u00a0\u00bbtrue\u00a0\u00bb title=\u00a0\u00bbD\u00e9tails\u00a0\u00bb][vc_tta_section i_icon_fontawesome=\u00a0\u00bbfa fa-industry\u00a0\u00bb add_icon=\u00a0\u00bbtrue\u00a0\u00bb title=\u00a0\u00bbDomaines d\u2019application\u00a0\u00bb tab_id=\u00a0\u00bb1513150336358-68add988-e9ea\u00a0\u00bb][vc_column_text]<span style=\"color: #be0300;\"><strong>Domaines d\u2019application<\/strong><\/span><\/p>\n<ul>\n<li>Environnements tr\u00e8s contraignants, meulage et autres types d\u2019op\u00e9rations de finition de surface<\/li>\n<li>Secteur automobile, chantiers navals, b\u00e2timent<\/li>\n<\/ul>\n<p>[\/vc_column_text][\/vc_tta_section][vc_tta_section i_icon_fontawesome=\u00a0\u00bbfa fa-thumbs-o-up\u00a0\u00bb add_icon=\u00a0\u00bbtrue\u00a0\u00bb title=\u00a0\u00bbCaract\u00e9ristiques et avantages\u00a0\u00bb tab_id=\u00a0\u00bb1513150336359-b7b65468-8021&Prime;][vc_column_text]<span style=\"color: #be0300;\"><strong>Caract\u00e9ristiques et avantages<\/strong><\/span><\/p>\n<ul>\n<li>Protection du visage, de la t\u00eate, des oreilles et des voies respiratoires<\/li>\n<li>\u00c9quilibr\u00e9, confortable<\/li>\n<li>Grande durabilit\u00e9 m\u00e9canique<\/li>\n<li>Grande visi\u00e8re incurv\u00e9e en polycarbonate<\/li>\n<\/ul>\n<p>[\/vc_column_text][\/vc_tta_section][vc_tta_section i_icon_fontawesome=\u00a0\u00bbfa fa-cog\u00a0\u00bb add_icon=\u00a0\u00bbtrue\u00a0\u00bb title=\u00a0\u00bbKits complets, accessoires, filtres\u00a0\u00bb tab_id=\u00a0\u00bb1513153137048-5f8c31c5-30ea\u00a0\u00bb][vc_column_text]<\/p>\n<table>\n<tbody>\n<tr>\n<td style=\"text-align: left;\" colspan=\"2\"><span style=\"color: #be0300;\"><strong>Casques complets<\/strong><\/span><\/td>\n<\/tr>\n<tr>\n<td style=\"text-align: left;\">Casque de s\u00e9curit\u00e9 CA-40G avec \u00e9cran de meulage<\/td>\n<td style=\"text-align: center;\">70 41 00<\/td>\n<\/tr>\n<tr>\n<td style=\"text-align: left;\" colspan=\"2\"><span style=\"color: #be0300;\"><strong>Liste des pi\u00e8ces d\u00e9tach\u00e9es \/ accessoires<\/strong><\/span><\/td>\n<\/tr>\n<tr>\n<td style=\"text-align: left;\">\u00c9cran de meulage de rechange CA-40G<\/td>\n<td style=\"text-align: center;\">70 41 02<\/td>\n<\/tr>\n<tr>\n<td style=\"text-align: left;\">Dispositif d\u2019\u00e9tanch\u00e9it\u00e9 faciale CA-40<\/td>\n<td style=\"text-align: center;\">70 40 60<\/td>\n<\/tr>\n<tr>\n<td style=\"text-align: left;\">Serre-t\u00eate CA-40<\/td>\n<td style=\"text-align: center;\">70 40 41x<\/td>\n<\/tr>\n<tr>\n<td style=\"text-align: left;\">Protection du cou et de la gorge CA-40<\/td>\n<td style=\"text-align: center;\">70 40 65<\/td>\n<\/tr>\n<tr>\n<td style=\"text-align: left;\">Vis de fixation 2\u00d7<\/td>\n<td style=\"text-align: center;\">70 40 43<\/td>\n<\/tr>\n<tr>\n<td style=\"text-align: left;\">Bandeau<\/td>\n<td style=\"text-align: center;\">70 40 44<\/td>\n<\/tr>\n<tr>\n<td style=\"text-align: left;\">Casque anti-bruit, no. 8<\/td>\n<td style=\"text-align: center;\">70 40 40<\/td>\n<\/tr>\n<tr>\n<td style=\"text-align: left;\">Casque anti-bruit, no. 10<\/td>\n<td style=\"text-align: center;\">70 40 41<\/td>\n<\/tr>\n<tr>\n<td style=\"text-align: left;\">Casque anti-bruit, no. 12<\/td>\n<td style=\"text-align: center;\">70 40 42<\/td>\n<\/tr>\n<tr>\n<td style=\"text-align: left;\">Film protecteur pour la visi\u00e8re de meulage (lot de 10)<\/td>\n<td style=\"text-align: center;\">70 41 20<\/td>\n<\/tr>\n<tr>\n<td style=\"text-align: left;\">Tuyau flexible l\u00e9ger (QuickLOCK\u2122 \u2013 CA40\u00d71\/7&Prime;)<\/td>\n<td style=\"text-align: center;\">71 00 60<\/td>\n<\/tr>\n<\/tbody>\n<\/table>\n<p>[\/vc_column_text][\/vc_tta_section][vc_tta_section i_icon_fontawesome=\u00a0\u00bbfa fa-wrench\u00a0\u00bb add_icon=\u00a0\u00bbtrue\u00a0\u00bb title=\u00a0\u00bbDonn\u00e9es techniques\u00a0\u00bb tab_id=\u00a0\u00bb1513153797992-792040b0-82c9&Prime;][vc_column_text]<\/p>\n<table>\n<tbody>\n<tr>\n<td style=\"text-align: left;\">Poids<\/td>\n<td style=\"text-align: center;\">1 100 g<\/td>\n<\/tr>\n<tr>\n<td style=\"text-align: left;\">Dimensions<\/td>\n<td style=\"text-align: center;\">300 mm \/ 240 mm \/ 320 mm<\/td>\n<\/tr>\n<tr>\n<td style=\"text-align: left;\">Visi\u00e8re de meulage<\/td>\n<td style=\"text-align: center;\">polycarbonate, 280 \u00d7 150 mm<\/td>\n<\/tr>\n<tr>\n<td style=\"text-align: left;\">Couleur<\/td>\n<td style=\"text-align: center;\">Bleu m\u00e9tallis\u00e9<\/td>\n<\/tr>\n<tr>\n<td style=\"text-align: left;\">Facteur de protection (NPF)<\/td>\n<td style=\"text-align: center;\">50<\/td>\n<\/tr>\n<tr>\n<td style=\"text-align: left;\">Certification<\/td>\n<td style=\"text-align: center;\">\n<div class=\"_n_p3\">\n<div class=\"conductorContent\" tabindex=\"-1\" role=\"presentation\">\n<div id=\"primaryContainer\" class=\"_n_e\">\n<div>\n<div class=\"conductorContent\" tabindex=\"-1\" role=\"presentation\">\n<div class=\"_n_T\">\n<div class=\"_n_X\" role=\"main\" aria-label=\"Po\u0161ta\">\n<div class=\"_n_X\">\n<div>\n<div class=\"_n_X\">\n<div class=\"_n_Y\">\n<div class=\"allowTextSelection\" role=\"document\">\n<div class=\"conductorContent\" role=\"presentation\">\n<div class=\"_rp_j\" tabindex=\"-1\">\n<div class=\"_rp_j allowTextSelection\">\n<div class=\"_rp_k allowTextSelection scrollContainer\" tabindex=\"-1\" role=\"region\" aria-label=\"Podokno pro \u010dten\u00ed\">\n<div>\n<div tabindex=\"-1\" role=\"list\" aria-label=\"Konverzace\">\n<div tabindex=\"-1\">\n<div tabindex=\"0\" aria-label=\"Obsah zpr\u00e1vy\">\n<div>\n<div class=\"_rp_f5\" tabindex=\"-1\" aria-label=\"Rozbalen\u00fd obsah zpr\u00e1vy\">\n<div class=\"_rp_R4 ms-border-color-neutralLight ShowReferenceAttachmentsLinks ShowConsesusSchedulingLink\" tabindex=\"-1\">\n<div class=\"_rp_45 _rp_35\">\n<div role=\"document\">\n<div id=\"Item.MessagePartBody\" class=\"_rp_T4\">\n<div id=\"Item.MessageUniqueBody\" class=\"_rp_U4 ms-font-weight-regular ms-font-color-neutralDark rpHighlightAllClass rpHighlightBodyClass\">\n<div>\n<div>\n<div>\n<div><span style=\"font-family: Calibri,sans-serif; font-size: small;\"><span style=\"color: #757575; font-family: Raleway; font-size: small;\">EN 12941 TH3, EN 14594 2A\/3B<\/span><\/span><span style=\"font-family: inherit; font-size: inherit;\">,<\/span><\/div>\n<\/div>\n<\/div>\n<\/div>\n<\/div>\n<\/div>\n<\/div>\n<\/div>\n<\/div>\n<\/div>\n<\/div>\n<\/div>\n<\/div>\n<\/div>\n<\/div>\n<\/div>\n<\/div>\n<\/div>\n<\/div>\n<\/div>\n<\/div>\n<\/div>\n<\/div>\n<\/div>\n<\/div>\n<\/div>\n<\/div>\n<\/div>\n<\/div>\n<\/div>\n<\/div>\n<p>EN 397, EN 166 A<\/td>\n<\/tr>\n<\/tbody>\n<\/table>\n<p>[\/vc_column_text][\/vc_tta_section][vc_tta_section i_icon_fontawesome=\u00a0\u00bbfa fa-download\u00a0\u00bb add_icon=\u00a0\u00bbtrue\u00a0\u00bb title=\u00a0\u00bbT\u00e9l\u00e9chargements\u00a0\u00bb tab_id=\u00a0\u00bb1513154098935-95c74e4f-fa1e\u00a0\u00bb][vc_column_text]<a href=\"https:\/\/www.clean-air.cz\/wp-content\/uploads\/2023\/02\/User-manual_CNA-030-R07_CA-40-Safety-helmet_DIGI.pdf\">User manual_CNA-030-R07_CA-40 Safety helmet<\/a><\/p>\n<p><a href=\"https:\/\/www.clean-air.cz\/wp-content\/uploads\/2021\/12\/DA-008_-_704100_-_CA-40G_-_EN.pdf\" target=\"_blank\" rel=\"noopener\">Datasheet &#8211; 704100 &#8211; CA-40G &#8211; EN<\/a><\/p>\n<p><a href=\"https:\/\/www.clean-air.cz\/wp-content\/uploads\/2024\/09\/PS-704000-1-R6-CA-40.pdf\">Declaration of Confornity &#8211; PS-704000-1-R6 CA-40<\/a>[\/vc_column_text][\/vc_tta_section][vc_tta_section i_icon_fontawesome=\u00a0\u00bbfa fa-picture-o\u00a0\u00bb add_icon=\u00a0\u00bbtrue\u00a0\u00bb title=\u00a0\u00bbGalerie\u00a0\u00bb tab_id=\u00a0\u00bb1515415801460-0c2258c9-4574&Prime;][vc_gallery type=\u00a0\u00bbimage_grid\u00a0\u00bb images=\u00a0\u00bb7940,7935,7945&Prime; img_size=\u00a0\u00bbmedium\u00a0\u00bb css_animation=\u00a0\u00bbfadeIn\u00a0\u00bb css=\u00a0\u00bb.vc_custom_1574947692089{padding-left: 280px !important;}\u00a0\u00bb el_class=\u00a0\u00bbca-40_gallery\u00a0\u00bb][\/vc_tta_section][\/vc_tta_tabs][\/vc_column][\/vc_row]<\/p>\n","protected":false},"excerpt":{"rendered":"<p>[vc_row][vc_column width=\u00a0\u00bb1\/2&Prime;][vc_gallery interval=\u00a0\u00bb3&Prime; images=\u00a0\u00bb14427,14421,14433&Prime; img_size=\u00a0\u00bblarge\u00a0\u00bb][\/vc_column][vc_column width=\u00a0\u00bb1\/2&Prime;][vc_column_text]\u00c9cran de meulage et casque de s\u00e9curit\u00e9 avec un syst\u00e8me int\u00e9gr\u00e9 de distribution de l\u2019air. Garantit la protection de la t\u00eate, des voies respiratoires, des yeux, du visage et des oreilles durant les op\u00e9rations de meulage dans des environnements tr\u00e8s contraignants.[\/vc_column_text][vc_btn title=\u00a0\u00bbD\u00e9couvrez notre gamme compl\u00e8te d\u2019\u00e9crans de meulage !\u00a0\u00bb shape=\u00a0\u00bbsquare\u00a0\u00bb color=\u00a0\u00bbjuicy-pink\u00a0\u00bb size=\u00a0\u00bblg\u00a0\u00bb align=\u00a0\u00bbleft\u00a0\u00bb i_icon_fontawesome=\u00a0\u00bbfa fa-info-circle\u00a0\u00bb css_animation=\u00a0\u00bbnone\u00a0\u00bb add_icon=\u00a0\u00bbtrue\u00a0\u00bb link=\u00a0\u00bburl:https%3A%2F%2Fwww.clean-air.cz%2Ffr%2Fheadtops%2Fgrinding-shields%2F|title:D%C3%A9couvrez%20notre%20gamme%20compl%C3%A8te%20de%20cagoules%20l%C3%A9g%C3%A8res%20%21|\u00a0\u00bb][\/vc_column][\/vc_row][vc_row][vc_column][vc_tta_tabs style=\u00a0\u00bbmodern\u00a0\u00bb shape=\u00a0\u00bbsquare\u00a0\u00bb active_section=\u00a0\u00bb1&Prime; no_fill_content_area=\u00a0\u00bbtrue\u00a0\u00bb title=\u00a0\u00bbD\u00e9tails\u00a0\u00bb][vc_tta_section i_icon_fontawesome=\u00a0\u00bbfa fa-industry\u00a0\u00bb<\/p>\n<p><a class=\"more-link\" href=\"https:\/\/www.clean-air.cz\/fr\/headtops\/grinding-shields\/safety-helmet-ca-40g\/\">Lire la suite&#8230;<\/a><\/p>\n","protected":false},"author":11,"featured_media":0,"parent":5350,"menu_order":0,"comment_status":"closed","ping_status":"closed","template":"","meta":{"footnotes":""},"_links":{"self":[{"href":"https:\/\/www.clean-air.cz\/fr\/wp-json\/wp\/v2\/pages\/5346"}],"collection":[{"href":"https:\/\/www.clean-air.cz\/fr\/wp-json\/wp\/v2\/pages"}],"about":[{"href":"https:\/\/www.clean-air.cz\/fr\/wp-json\/wp\/v2\/types\/page"}],"author":[{"embeddable":true,"href":"https:\/\/www.clean-air.cz\/fr\/wp-json\/wp\/v2\/users\/11"}],"replies":[{"embeddable":true,"href":"https:\/\/www.clean-air.cz\/fr\/wp-json\/wp\/v2\/comments?post=5346"}],"version-history":[{"count":0,"href":"https:\/\/www.clean-air.cz\/fr\/wp-json\/wp\/v2\/pages\/5346\/revisions"}],"up":[{"embeddable":true,"href":"https:\/\/www.clean-air.cz\/fr\/wp-json\/wp\/v2\/pages\/5350"}],"wp:attachment":[{"href":"https:\/\/www.clean-air.cz\/fr\/wp-json\/wp\/v2\/media?parent=5346"}],"curies":[{"name":"wp","href":"https:\/\/api.w.org\/{rel}","templated":true}]}}