{"id":5345,"date":"2018-06-25T11:46:47","date_gmt":"2018-06-25T09:46:47","guid":{"rendered":"https:\/\/www.clean-air.cz\/protective-shields\/"},"modified":"2026-01-27T08:36:46","modified_gmt":"2026-01-27T07:36:46","slug":"protective-shields","status":"publish","type":"page","link":"https:\/\/www.clean-air.cz\/fr\/headtops\/protective-shields\/","title":{"rendered":"\u00c9crans de protection"},"content":{"rendered":"<p>[vc_row css=\u00a0\u00bb.vc_custom_1515063137650{background-color: #ffffff !important;}\u00a0\u00bb][vc_column][vc_column_text]Protective shields CleanAIR\u00ae are providing face and respiratory protection in combination with <a href=\"https:\/\/www.clean-air.cz\/fr\/papr\/\">PAPR<\/a> or an <a href=\"https:\/\/www.clean-air.cz\/fr\/air-line-systems\/\">airline system<\/a>. Protective shields are suitable for painting, surface finishing, in the chemical or pharmaceutical industry.[\/vc_column_text][vc_tta_tour style=\u00a0\u00bbmodern\u00a0\u00bb shape=\u00a0\u00bbsquare\u00a0\u00bb gap=\u00a0\u00bb1&Prime; active_section=\u00a0\u00bb1&Prime; no_fill_content_area=\u00a0\u00bbtrue\u00a0\u00bb][vc_tta_section title=\u00a0\u00bbUniMask\u00a0\u00bb tab_id=\u00a0\u00bb1515061200914-4dd3150e-98ab\u00a0\u00bb][vc_column_text]<img loading=\"lazy\" decoding=\"async\" class=\"alignnone wp-image-7344 size-medium\" src=\"https:\/\/www.clean-air.cz\/wp-content\/uploads\/2019\/11\/UniMask-iso-copy-275x300.jpg\" alt=\"\" width=\"275\" height=\"300\" \/><\/p>\n<h3>UniMask<\/h3>\n<p>Cet \u00e9cran de protection pour le visage l\u00e9ger universel se caract\u00e9rise par son meilleur<br \/>\nniveau de protection des voies respiratoires avec contr\u00f4le am\u00e9lior\u00e9 du d\u00e9bit d\u2019air<br \/>\nentrant et une visi\u00e8re avec d\u2019excellentes fonctions optiques et m\u00e9caniques, qui en<br \/>\nfont un v\u00e9ritable leader de sa cat\u00e9gorie.<\/p>\n<p><strong>Domaines d\u2019application<\/strong><br \/>\nUniMask est adapt\u00e9 \u00e0 de nombreuses op\u00e9rations de meulage ou de finition de surface et \u00e0 l\u2019entretien lourd. Usage recommand\u00e9 dans le secteur de la construction, de l\u2019automobile, des chantiers navals, etc.<\/p>\n<p><img loading=\"lazy\" decoding=\"async\" class=\"alignnone wp-image-53 \" src=\"https:\/\/www.clean-air.cz\/wp-content\/uploads\/2018\/06\/stit-120.png\" alt=\"\" width=\"58\" height=\"70\" \/>\u00a0<img loading=\"lazy\" decoding=\"async\" class=\"alignnone wp-image-51\" src=\"https:\/\/www.clean-air.cz\/wp-content\/uploads\/2018\/06\/plice-120.png\" alt=\"\" width=\"81\" height=\"70\" \/>[\/vc_column_text][vc_btn title=\u00a0\u00bbVoir la page du produit\u00a0\u00bb shape=\u00a0\u00bbsquare\u00a0\u00bb color=\u00a0\u00bbjuicy-pink\u00a0\u00bb i_type=\u00a0\u00bbopeniconic\u00a0\u00bb i_icon_openiconic=\u00a0\u00bbvc-oi vc-oi-right\u00a0\u00bb add_icon=\u00a0\u00bbtrue\u00a0\u00bb link=\u00a0\u00bburl:https%3A%2F%2Fwww.clean-air.cz%2Ffr%2Fheadtops%2Fprotective-shields%2Funimask%2F|title:%C3%89cran%20de%20protection%20UniMask|\u00a0\u00bb][\/vc_tta_section][vc_tta_section title=\u00a0\u00bbOmnira air\u00a0\u00bb tab_id=\u00a0\u00bb1653985310895-5ad5d004-2351&Prime;][vc_column_text]<\/p>\n<h3><img loading=\"lazy\" decoding=\"async\" class=\"size-medium wp-image-14998 alignnone\" src=\"https:\/\/www.clean-air.cz\/wp-content\/uploads\/2022\/02\/Omnira-iso-1-300x300.jpg\" alt=\"\" width=\"300\" height=\"300\" srcset=\"https:\/\/www.clean-air.cz\/wp-content\/uploads\/2022\/02\/Omnira-iso-1-300x300.jpg 300w, https:\/\/www.clean-air.cz\/wp-content\/uploads\/2022\/02\/Omnira-iso-1-1024x1024.jpg 1024w, https:\/\/www.clean-air.cz\/wp-content\/uploads\/2022\/02\/Omnira-iso-1-150x150.jpg 150w, https:\/\/www.clean-air.cz\/wp-content\/uploads\/2022\/02\/Omnira-iso-1-768x768.jpg 768w, https:\/\/www.clean-air.cz\/wp-content\/uploads\/2022\/02\/Omnira-iso-1-1536x1536.jpg 1536w, https:\/\/www.clean-air.cz\/wp-content\/uploads\/2022\/02\/Omnira-iso-1-800x800.jpg 800w, https:\/\/www.clean-air.cz\/wp-content\/uploads\/2022\/02\/Omnira-iso-1-250x250.jpg 250w, https:\/\/www.clean-air.cz\/wp-content\/uploads\/2022\/02\/Omnira-iso-1.jpg 1600w\" sizes=\"(max-width: 300px) 100vw, 300px\" \/><\/h3>\n<h3>\u00c9crans de meulage Omnira air<\/h3>\n<p>\u00c9cran de meulage avec distribution d\u2019air int\u00e9gr\u00e9e pour une protection respiratoire maximale, une protection des yeux et du visage. Il offre \u00e9galement une protection \u00e9lev\u00e9e contre les particules \u00e0 grande vitesse. L\u2019\u00e9cran peut \u00eatre compl\u00e9t\u00e9 par un \u00e9cran de soudage, ce qui en fait un v\u00e9ritable casque de soudage \u00e0 rabat.<\/p>\n<p><strong>Domaines d\u2019application<\/strong><br \/>\nConvient aux op\u00e9rations de meulage et de finition de surface dans les environnements industriels lourds. En combinaison avec la visi\u00e8re DIN5, il convient \u00e0 toutes les op\u00e9rations de coupage\/soudage au gaz et au plasma.<\/p>\n<p><img loading=\"lazy\" decoding=\"async\" class=\"alignnone wp-image-53 \" src=\"https:\/\/www.clean-air.cz\/wp-content\/uploads\/2018\/06\/stit-120.png\" alt=\"\" width=\"58\" height=\"70\" \/>\u00a0<img loading=\"lazy\" decoding=\"async\" class=\"alignnone wp-image-51\" src=\"https:\/\/www.clean-air.cz\/wp-content\/uploads\/2018\/06\/plice-120.png\" alt=\"\" width=\"81\" height=\"70\" \/>[\/vc_column_text][vc_btn title=\u00a0\u00bbVoir la page du produit\u00a0\u00bb shape=\u00a0\u00bbsquare\u00a0\u00bb color=\u00a0\u00bbjuicy-pink\u00a0\u00bb i_type=\u00a0\u00bbopeniconic\u00a0\u00bb i_icon_openiconic=\u00a0\u00bbvc-oi vc-oi-right\u00a0\u00bb add_icon=\u00a0\u00bbtrue\u00a0\u00bb link=\u00a0\u00bburl:https%3A%2F%2Fwww.clean-air.cz%2Ffr%2Fheadtops%2Fgrinding-shields%2Fomnira-air%2F|title:%C3%89crans%20de%20meulage%20Omnira%20air|\u00a0\u00bb][\/vc_tta_section][vc_tta_section title=\u00a0\u00bbCA-3 (visi\u00e8re ac\u00e9tate)\u00a0\u00bb tab_id=\u00a0\u00bb1573116035413-f516cf5c-fc3c\u00a0\u00bb][vc_column_text]<img loading=\"lazy\" decoding=\"async\" class=\"alignnone size-medium wp-image-7743\" src=\"https:\/\/www.clean-air.cz\/wp-content\/uploads\/2023\/10\/CA3_Discont_web.png\" alt=\"\" width=\"236\" height=\"300\" \/><\/p>\n<h3>Protective shield CA-3 (acetate)<\/h3>\n<p><span style=\"color: #be0300;\"><strong>Discontinued starting November 13, 2023.<\/strong><\/span><br \/>\nAll the consumables and spare parts remains available until December 2026 or untill further notice.<\/p>\n<p>Spacy shield with an unlimited view. This popular light protective shield with a wide acetate visor provides respiratory protection and face protection against splashing chemicals. The visor offers a broad and clear field of vision, high chemical resistance and protection against liquid spraying.<\/p>\n<p><strong>Acetate visor <\/strong>\u2013 due to its high chemical resistence, this light shield provides protection against liquid spraying (in accordance with EN166).<\/p>\n<p><strong>Areas of application<\/strong><br \/>\nCA-3 finds application in many sectors like environments with high chemical resistance requirements, chemical industry, laboratories and spray painting.<\/p>\n<p><img loading=\"lazy\" decoding=\"async\" class=\"alignnone wp-image-53 \" src=\"https:\/\/www.clean-air.cz\/wp-content\/uploads\/2018\/06\/stit-120.png\" alt=\"\" width=\"58\" height=\"70\" \/>\u00a0<img loading=\"lazy\" decoding=\"async\" class=\"alignnone wp-image-51\" src=\"https:\/\/www.clean-air.cz\/wp-content\/uploads\/2018\/06\/plice-120.png\" alt=\"\" width=\"81\" height=\"70\" \/>[\/vc_column_text][vc_btn title=\u00a0\u00bbVoir la page du produit\u00a0\u00bb shape=\u00a0\u00bbsquare\u00a0\u00bb color=\u00a0\u00bbjuicy-pink\u00a0\u00bb i_icon_fontawesome=\u00a0\u00bbfa fa-arrow-right\u00a0\u00bb add_icon=\u00a0\u00bbtrue\u00a0\u00bb link=\u00a0\u00bburl:https%3A%2F%2Fwww.clean-air.cz%2Ffr%2Fheadtops%2Fgrinding-shields%2Fgrinding-shield-ca-3%2F|title:%C3%89cran%20de%20protection%20CA-3|\u00a0\u00bb][\/vc_tta_section][vc_tta_section title=\u00a0\u00bbCA-4 (visi\u00e8re ac\u00e9tate)\u00a0\u00bb tab_id=\u00a0\u00bb1515061200914-86b36351-21a4&Prime;][vc_column_text]<img loading=\"lazy\" decoding=\"async\" class=\"alignnone size-medium wp-image-7717\" src=\"https:\/\/www.clean-air.cz\/wp-content\/uploads\/2019\/11\/CA-4-iso-copy-219x300.jpg\" alt=\"\" width=\"219\" height=\"300\" \/><\/p>\n<h3>Casque de s\u00e9curit\u00e9 CA-4 (acetate)<\/h3>\n<p>Le casque de s\u00e9curit\u00e9 associe des capacit\u00e9s de protection des voies respiratoires, de la t\u00eate, du visage et des oreilles. Sa grande visi\u00e8re panoramique et son rev\u00eatement anti-bu\u00e9e garantissent une bonne orientation. Une visi\u00e8re relevable suppl\u00e9mentaire en polycarbonate ou en ac\u00e9tate est disponible en option.<\/p>\n<p><strong>Domaines d\u2019application<\/strong><br \/>\nLa cagoule est adapt\u00e9e \u00e0 une utilisation dans des environnements o\u00f9 un casque de s\u00e9curit\u00e9 est requis: b\u00e2timent, op\u00e9rations de finition de surface et autres environnements industriels lourds.<\/p>\n<p><img loading=\"lazy\" decoding=\"async\" class=\"alignnone wp-image-50 \" src=\"https:\/\/www.clean-air.cz\/wp-content\/uploads\/2018\/06\/helma-120.png\" alt=\"\" width=\"54\" height=\"70\" \/>\u00a0<img loading=\"lazy\" decoding=\"async\" class=\"alignnone wp-image-52 \" src=\"https:\/\/www.clean-air.cz\/wp-content\/uploads\/2018\/06\/sluchatka-120.png\" alt=\"\" width=\"72\" height=\"70\" \/><img loading=\"lazy\" decoding=\"async\" class=\"alignnone wp-image-53\" src=\"https:\/\/www.clean-air.cz\/wp-content\/uploads\/2018\/06\/stit-120.png\" alt=\"\" width=\"58\" height=\"70\" \/>\u00a0<img loading=\"lazy\" decoding=\"async\" class=\"alignnone wp-image-51\" src=\"https:\/\/www.clean-air.cz\/wp-content\/uploads\/2018\/06\/plice-120.png\" alt=\"\" width=\"80\" height=\"70\" \/>[\/vc_column_text][vc_btn title=\u00a0\u00bbVoir la page du produit\u00a0\u00bb shape=\u00a0\u00bbsquare\u00a0\u00bb color=\u00a0\u00bbjuicy-pink\u00a0\u00bb i_icon_fontawesome=\u00a0\u00bbfa fa-arrow-right\u00a0\u00bb add_icon=\u00a0\u00bbtrue\u00a0\u00bb link=\u00a0\u00bburl:https%3A%2F%2Fwww.clean-air.cz%2Ffr%2Fheadtops%2Fprotective-shields%2Fprotective-shield-ca-4%2F|title:%C3%89cran%20de%20protection%20CA-4|\u00a0\u00bb][\/vc_tta_section][\/vc_tta_tour][\/vc_column][\/vc_row][vc_row content_placement=\u00a0\u00bbmiddle\u00a0\u00bb][vc_column][vc_tta_accordion shape=\u00a0\u00bbsquare\u00a0\u00bb active_section=\u00a0\u00bb\u00a0\u00bb][vc_tta_section i_icon_fontawesome=\u00a0\u00bbfa fa-info-circle\u00a0\u00bb add_icon=\u00a0\u00bbtrue\u00a0\u00bb title=\u00a0\u00bbL\u00e9gende des symboles de protection\u00a0\u00bb tab_id=\u00a0\u00bb1515066157336-19bc9408-6024&Prime;][vc_column_text]<\/p>\n<table class=\" aligncenter\">\n<tbody>\n<tr>\n<td style=\"text-align: center;\"><a href=\"https:\/\/www.clean-air.cz\/wp-content\/uploads\/2017\/12\/helma.png\"><img loading=\"lazy\" decoding=\"async\" class=\"alignnone wp-image-3149\" src=\"https:\/\/www.clean-air.cz\/wp-content\/uploads\/2017\/12\/helma-229x300.png\" alt=\"\" width=\"76\" height=\"100\" \/><\/a><\/td>\n<td style=\"text-align: center;\"><a href=\"https:\/\/www.clean-air.cz\/wp-content\/uploads\/2017\/12\/svarovaci-stit.png\"><img loading=\"lazy\" decoding=\"async\" class=\"alignnone wp-image-3153\" src=\"https:\/\/www.clean-air.cz\/wp-content\/uploads\/2017\/12\/svarovaci-stit-250x300.png\" alt=\"\" width=\"83\" height=\"100\" \/><\/a><\/td>\n<td style=\"text-align: center;\"><a href=\"https:\/\/www.clean-air.cz\/wp-content\/uploads\/2017\/12\/stit.png\"><img loading=\"lazy\" decoding=\"async\" class=\"alignnone wp-image-3152\" src=\"https:\/\/www.clean-air.cz\/wp-content\/uploads\/2017\/12\/stit-250x300.png\" alt=\"\" width=\"83\" height=\"100\" \/><\/a><\/td>\n<td style=\"text-align: center;\"><a href=\"https:\/\/www.clean-air.cz\/wp-content\/uploads\/2017\/12\/sluchatka.png\"><img loading=\"lazy\" decoding=\"async\" class=\"alignnone wp-image-3151\" src=\"https:\/\/www.clean-air.cz\/wp-content\/uploads\/2017\/12\/sluchatka-300x290.png\" alt=\"\" width=\"104\" height=\"100\" \/><\/a><\/td>\n<td style=\"text-align: center;\"><a href=\"https:\/\/www.clean-air.cz\/wp-content\/uploads\/2017\/12\/plice.png\"><img loading=\"lazy\" decoding=\"async\" class=\"alignnone wp-image-3150\" src=\"https:\/\/www.clean-air.cz\/wp-content\/uploads\/2017\/12\/plice-300x261.png\" alt=\"\" width=\"115\" height=\"100\" \/><\/a><\/td>\n<\/tr>\n<tr>\n<td style=\"text-align: center;\"><span style=\"color: #000000;\">HEAD<\/span><\/td>\n<td style=\"text-align: center;\"><span style=\"color: #000000;\">WELDING<\/span><\/td>\n<td style=\"text-align: center;\"><span style=\"color: #000000;\">EYE AND FACE<\/span><\/td>\n<td style=\"text-align: center;\"><span style=\"color: #000000;\">HEARING<\/span><\/td>\n<td style=\"text-align: center;\"><span style=\"color: #000000;\">RESPIRATORY<\/span><\/td>\n<\/tr>\n<\/tbody>\n<\/table>\n<p>[\/vc_column_text][\/vc_tta_section][\/vc_tta_accordion][vc_separator color=\u00a0\u00bbjuicy_pink\u00a0\u00bb][\/vc_column][\/vc_row][vc_row][vc_column][\/vc_column][\/vc_row]<\/p>\n","protected":false},"excerpt":{"rendered":"<p>[vc_row css=\u00a0\u00bb.vc_custom_1515063137650{background-color: #ffffff !important;}\u00a0\u00bb][vc_column][vc_column_text]Protective shields CleanAIR\u00ae are providing face and respiratory protection in combination with PAPR or an airline system. Protective shields are suitable for painting, surface finishing, in the chemical or pharmaceutical industry.[\/vc_column_text][vc_tta_tour style=\u00a0\u00bbmodern\u00a0\u00bb shape=\u00a0\u00bbsquare\u00a0\u00bb gap=\u00a0\u00bb1&Prime; active_section=\u00a0\u00bb1&Prime; no_fill_content_area=\u00a0\u00bbtrue\u00a0\u00bb][vc_tta_section title=\u00a0\u00bbUniMask\u00a0\u00bb tab_id=\u00a0\u00bb1515061200914-4dd3150e-98ab\u00a0\u00bb][vc_column_text] UniMask Cet \u00e9cran de protection pour le visage l\u00e9ger universel se caract\u00e9rise par son meilleur niveau de protection des voies respiratoires avec contr\u00f4le am\u00e9lior\u00e9 du d\u00e9bit d\u2019air entrant et<\/p>\n<p><a class=\"more-link\" href=\"https:\/\/www.clean-air.cz\/fr\/headtops\/protective-shields\/\">Lire la suite&#8230;<\/a><\/p>\n","protected":false},"author":11,"featured_media":0,"parent":5386,"menu_order":0,"comment_status":"closed","ping_status":"closed","template":"","meta":{"footnotes":""},"_links":{"self":[{"href":"https:\/\/www.clean-air.cz\/fr\/wp-json\/wp\/v2\/pages\/5345"}],"collection":[{"href":"https:\/\/www.clean-air.cz\/fr\/wp-json\/wp\/v2\/pages"}],"about":[{"href":"https:\/\/www.clean-air.cz\/fr\/wp-json\/wp\/v2\/types\/page"}],"author":[{"embeddable":true,"href":"https:\/\/www.clean-air.cz\/fr\/wp-json\/wp\/v2\/users\/11"}],"replies":[{"embeddable":true,"href":"https:\/\/www.clean-air.cz\/fr\/wp-json\/wp\/v2\/comments?post=5345"}],"version-history":[{"count":0,"href":"https:\/\/www.clean-air.cz\/fr\/wp-json\/wp\/v2\/pages\/5345\/revisions"}],"up":[{"embeddable":true,"href":"https:\/\/www.clean-air.cz\/fr\/wp-json\/wp\/v2\/pages\/5386"}],"wp:attachment":[{"href":"https:\/\/www.clean-air.cz\/fr\/wp-json\/wp\/v2\/media?parent=5345"}],"curies":[{"name":"wp","href":"https:\/\/api.w.org\/{rel}","templated":true}]}}