{"id":5344,"date":"2018-06-25T11:55:33","date_gmt":"2018-06-25T09:55:33","guid":{"rendered":"https:\/\/www.clean-air.cz\/protective-shield-ca-4\/"},"modified":"2023-01-18T10:01:26","modified_gmt":"2023-01-18T09:01:26","slug":"protective-shield-ca-4","status":"publish","type":"page","link":"https:\/\/www.clean-air.cz\/fr\/headtops\/protective-shields\/protective-shield-ca-4\/","title":{"rendered":"\u00c9cran de protection CA-4"},"content":{"rendered":"<p>[vc_row][vc_column width=\u00a0\u00bb1\/2&Prime;][vc_gallery interval=\u00a0\u00bb3&Prime; images=\u00a0\u00bb18177,18183,18189,18195&Prime; img_size=\u00a0\u00bblarge\u00a0\u00bb][\/vc_column][vc_column width=\u00a0\u00bb1\/2&Prime;][vc_column_text]<strong><span style=\"font-size: 14pt; color: #be0300;\">Casque de s\u00e9curit\u00e9 industriel l\u00e9ger avec distribution d\u2019air.<\/span><\/strong><\/p>\n<p>Le casque peut \u00eatre \u00e9quip\u00e9 d\u2019\u00e9l\u00e9ments compl\u00e9mentaires de s\u00e9curit\u00e9: une visi\u00e8re relevable en polycarbonate pour prot\u00e9ger les yeux contre les impacts de particules \u00e0 \u00e9nergie moyenne, des cache-oreilles et une longue cape de protection du cou. La grande visi\u00e8re panoramique avec rev\u00eatement anti-bu\u00e9e permet une bonne orientation. Le casque s\u2019adapte au porteur gr\u00e2ce \u00e0 un serre-t\u00eate r\u00e9glable et est fourni avec un bandeau anti-transpirant.[\/vc_column_text][vc_btn title=\u00a0\u00bbD\u00e9couvrez notre gamme compl\u00e8te d\u2019\u00e9crans protecteurs\u00a0\u00bb shape=\u00a0\u00bbsquare\u00a0\u00bb color=\u00a0\u00bbjuicy-pink\u00a0\u00bb size=\u00a0\u00bblg\u00a0\u00bb align=\u00a0\u00bbleft\u00a0\u00bb i_icon_fontawesome=\u00a0\u00bbfa fa-info-circle\u00a0\u00bb css_animation=\u00a0\u00bbnone\u00a0\u00bb add_icon=\u00a0\u00bbtrue\u00a0\u00bb link=\u00a0\u00bburl:https%3A%2F%2Fwww.clean-air.cz%2Ffr%2Fheadtops%2Fprotective-shields%2F|title:D%C3%A9couvrez%20notre%20gamme%20compl%C3%A8te%20de%20cagoules%20l%C3%A9g%C3%A8res|\u00a0\u00bb][\/vc_column][\/vc_row][vc_row][vc_column][vc_tta_tabs style=\u00a0\u00bbmodern\u00a0\u00bb shape=\u00a0\u00bbsquare\u00a0\u00bb active_section=\u00a0\u00bb1&Prime; no_fill_content_area=\u00a0\u00bbtrue\u00a0\u00bb title=\u00a0\u00bbD\u00e9tails\u00a0\u00bb][vc_tta_section i_icon_fontawesome=\u00a0\u00bbfa fa-industry\u00a0\u00bb add_icon=\u00a0\u00bbtrue\u00a0\u00bb title=\u00a0\u00bbDomaines d\u2019application\u00a0\u00bb tab_id=\u00a0\u00bb1513150336358-68add988-e9ea\u00a0\u00bb][vc_column_text]<span style=\"color: #be0300;\"><strong>Domaines d\u2019application<\/strong><\/span><\/p>\n<p>La cagoule est adapt\u00e9e \u00e0 une utilisation dans des environnements o\u00f9 un casque de s\u00e9curit\u00e9 est requis: b\u00e2timent, op\u00e9rations de finition de surface et autres environnements industriels lourds.[\/vc_column_text][\/vc_tta_section][vc_tta_section i_icon_fontawesome=\u00a0\u00bbfa fa-thumbs-o-up\u00a0\u00bb add_icon=\u00a0\u00bbtrue\u00a0\u00bb title=\u00a0\u00bbCaract\u00e9ristiques et avantages\u00a0\u00bb tab_id=\u00a0\u00bb1513150336359-b7b65468-8021&Prime;][vc_column_text]<span style=\"color: #be0300;\"><strong>Caract\u00e9ristiques et avantages<br \/>\n<\/strong><\/span><\/p>\n<ul>\n<li>Grand champ de vision<\/li>\n<li>Rev\u00eatement antibu\u00e9e<\/li>\n<li>Serre-t\u00eate r\u00e9glable confortable<\/li>\n<\/ul>\n<p>[\/vc_column_text][\/vc_tta_section][vc_tta_section i_icon_fontawesome=\u00a0\u00bbfa fa-cog\u00a0\u00bb add_icon=\u00a0\u00bbtrue\u00a0\u00bb title=\u00a0\u00bbKits complets, accessoires, filtres\u00a0\u00bb tab_id=\u00a0\u00bb1513153137048-5f8c31c5-30ea\u00a0\u00bb][vc_column_text]<\/p>\n<table>\n<tbody>\n<tr>\n<td style=\"text-align: left;\" colspan=\"2\"><span style=\"color: #be0300;\"><strong>Cagoules compl\u00e8tes<\/strong><\/span><\/td>\n<\/tr>\n<tr>\n<td style=\"text-align: left;\">Casque de s\u00e9curit\u00e9 CA-4<\/td>\n<td style=\"text-align: center;\">71 04 01<\/td>\n<\/tr>\n<tr>\n<td style=\"text-align: left;\">Casque de s\u00e9curit\u00e9 CA-4 avec cagoule de protection longue<\/td>\n<td style=\"text-align: center;\">71 04 00V<\/td>\n<\/tr>\n<tr>\n<td style=\"text-align: left;\" colspan=\"2\">* If blue face seal is required, please, add \u201cB\u201d to the end of the product code<\/td>\n<\/tr>\n<tr>\n<td style=\"text-align: left;\" colspan=\"2\"><span style=\"color: #be0300;\"><strong>Liste des pi\u00e8ces d\u00e9tach\u00e9es \/ accessoires<\/strong><\/span><\/td>\n<\/tr>\n<tr>\n<td style=\"text-align: left;\">Casque de s\u00e9curit\u00e9 CA-4<\/td>\n<td style=\"text-align: center;\">71 04 01<\/td>\n<\/tr>\n<tr>\n<td style=\"text-align: left;\">Safety helmet CA4 with long protective hood<\/td>\n<td style=\"text-align: center;\">71 04 00V<\/td>\n<\/tr>\n<tr>\n<td style=\"text-align: left;\">Sweatband CleanAIR\u00ae (pack of 10 pcs)<\/td>\n<td style=\"text-align: center;\">16 70 01\/10<\/td>\n<\/tr>\n<tr>\n<td style=\"text-align: left;\">Protection film (pack of 10 pcs)<\/td>\n<td style=\"text-align: center;\">70 01 20\/10<\/td>\n<\/tr>\n<tr>\n<td style=\"text-align: left;\">Holder of the flipup visor<\/td>\n<td style=\"text-align: center;\">70 04 37<\/td>\n<\/tr>\n<tr>\n<td style=\"text-align: left;\">Flipup visor Surefit\u00b9\u2013 polycarbonate<\/td>\n<td style=\"text-align: center;\">70 04 42<\/td>\n<\/tr>\n<tr>\n<td style=\"text-align: left;\">Face seal including visor\u00b9\u2013 orange<\/td>\n<td style=\"text-align: center;\">71 04 61*<\/td>\n<\/tr>\n<tr>\n<td style=\"text-align: left;\">Earmuffs including adaptors for safety helmet<\/td>\n<td style=\"text-align: center;\">70 04 40.2<\/td>\n<\/tr>\n<tr>\n<td style=\"text-align: left;\" colspan=\"2\"><em>* If blue face seal required, please, add \u201cB\u201d to the end of the product code<\/em><\/td>\n<\/tr>\n<\/tbody>\n<\/table>\n<p>[\/vc_column_text][\/vc_tta_section][vc_tta_section i_icon_fontawesome=\u00a0\u00bbfa fa-wrench\u00a0\u00bb add_icon=\u00a0\u00bbtrue\u00a0\u00bb title=\u00a0\u00bbDonn\u00e9es techniques\u00a0\u00bb tab_id=\u00a0\u00bb1513153797992-792040b0-82c9&Prime;][vc_column_text]<\/p>\n<table>\n<tbody>\n<tr>\n<td style=\"text-align: left;\">Weight<\/td>\n<td style=\"text-align: left;\">850 g<\/td>\n<\/tr>\n<tr>\n<td style=\"text-align: left;\">Mat\u00e9riau<\/td>\n<td style=\"text-align: left;\">Visi\u00e8re interne \u2013 cellulose proportionn\u00e9e<br \/>\nVisi\u00e8re relevable \u2013 ac\u00e9tate \/ polycarbonate<br \/>\nCasque de chantier \u2013 poly\u00e9thyl\u00e8ne<br \/>\nHarnais de t\u00eate \u2013 textile<br \/>\nJoint d\u2019\u00e9tanch\u00e9it\u00e9 du visage \u2013 polyester avec rev\u00eatement PVC<\/td>\n<\/tr>\n<tr>\n<td style=\"text-align: left;\">Facteur de protection<br \/>\nnominale (NPF)<\/td>\n<td style=\"text-align: left;\">50<\/td>\n<\/tr>\n<tr>\n<td style=\"text-align: left;\">Raccord de tuyau<\/td>\n<td style=\"text-align: left;\">QuickLOCK\u2122<\/td>\n<\/tr>\n<tr>\n<td style=\"text-align: left;\">Certification<\/td>\n<td style=\"text-align: left;\">EN 12941 TH2<br \/>\nEN 14594 3A<br \/>\nEN 166 1B<br \/>\nEN 397<\/td>\n<\/tr>\n<\/tbody>\n<\/table>\n<p>[\/vc_column_text][\/vc_tta_section][vc_tta_section i_icon_fontawesome=\u00a0\u00bbfa fa-download\u00a0\u00bb add_icon=\u00a0\u00bbtrue\u00a0\u00bb title=\u00a0\u00bbT\u00e9l\u00e9chargements\u00a0\u00bb tab_id=\u00a0\u00bb1513154098935-95c74e4f-fa1e\u00a0\u00bb][vc_column_text]<a href=\"https:\/\/www.clean-air.cz\/wp-content\/uploads\/2022\/07\/User-manual-CNA-012-R06-CA-3_CA-4_CA-5-DIGI.pdf\" target=\"_blank\" rel=\"noopener\">User manual &#8211; CNA-012-R06 &#8211; CA-3_CA-4_CA-5-DIGI<\/a><\/p>\n<p><a href=\"https:\/\/www.clean-air.cz\/wp-content\/uploads\/2023\/01\/DA-062_-_710401Y_-_CA-4_-_EN.pdf\">DA-062_-_710401Y_-_CA-4_-_EN<\/a><\/p>\n<p><a href=\"https:\/\/www.clean-air.cz\/wp-content\/uploads\/2021\/09\/PS-710400-1-R1-CA-4.pdf\" target=\"_blank\" rel=\"noopener\">PS-710400-1-R1 CA-4<\/a>[\/vc_column_text][\/vc_tta_section][vc_tta_section i_icon_fontawesome=\u00a0\u00bbfa fa-picture-o\u00a0\u00bb add_icon=\u00a0\u00bbtrue\u00a0\u00bb title=\u00a0\u00bbGalerie\u00a0\u00bb tab_id=\u00a0\u00bb1515415801460-0c2258c9-4574&Prime;][vc_gallery type=\u00a0\u00bbimage_grid\u00a0\u00bb images=\u00a0\u00bb18195,18189,18183,18177&Prime; img_size=\u00a0\u00bbmedium\u00a0\u00bb css_animation=\u00a0\u00bbfadeIn\u00a0\u00bb css=\u00a0\u00bb.vc_custom_1673983349498{padding-left: 280px !important;}\u00a0\u00bb el_class=\u00a0\u00bbca-4_gallery\u00a0\u00bb][\/vc_tta_section][\/vc_tta_tabs][\/vc_column][\/vc_row]<\/p>\n","protected":false},"excerpt":{"rendered":"<p>[vc_row][vc_column width=\u00a0\u00bb1\/2&Prime;][vc_gallery interval=\u00a0\u00bb3&Prime; images=\u00a0\u00bb18177,18183,18189,18195&Prime; img_size=\u00a0\u00bblarge\u00a0\u00bb][\/vc_column][vc_column width=\u00a0\u00bb1\/2&Prime;][vc_column_text]Casque de s\u00e9curit\u00e9 industriel l\u00e9ger avec distribution d\u2019air. Le casque peut \u00eatre \u00e9quip\u00e9 d\u2019\u00e9l\u00e9ments compl\u00e9mentaires de s\u00e9curit\u00e9: une visi\u00e8re relevable en polycarbonate pour prot\u00e9ger les yeux contre les impacts de particules \u00e0 \u00e9nergie moyenne, des cache-oreilles et une longue cape de protection du cou. La grande visi\u00e8re panoramique avec rev\u00eatement anti-bu\u00e9e permet une bonne orientation. Le casque s\u2019adapte au porteur gr\u00e2ce \u00e0 un serre-t\u00eate r\u00e9glable<\/p>\n<p><a class=\"more-link\" href=\"https:\/\/www.clean-air.cz\/fr\/headtops\/protective-shields\/protective-shield-ca-4\/\">Lire la suite&#8230;<\/a><\/p>\n","protected":false},"author":11,"featured_media":0,"parent":5345,"menu_order":0,"comment_status":"closed","ping_status":"closed","template":"","meta":{"footnotes":""},"_links":{"self":[{"href":"https:\/\/www.clean-air.cz\/fr\/wp-json\/wp\/v2\/pages\/5344"}],"collection":[{"href":"https:\/\/www.clean-air.cz\/fr\/wp-json\/wp\/v2\/pages"}],"about":[{"href":"https:\/\/www.clean-air.cz\/fr\/wp-json\/wp\/v2\/types\/page"}],"author":[{"embeddable":true,"href":"https:\/\/www.clean-air.cz\/fr\/wp-json\/wp\/v2\/users\/11"}],"replies":[{"embeddable":true,"href":"https:\/\/www.clean-air.cz\/fr\/wp-json\/wp\/v2\/comments?post=5344"}],"version-history":[{"count":0,"href":"https:\/\/www.clean-air.cz\/fr\/wp-json\/wp\/v2\/pages\/5344\/revisions"}],"up":[{"embeddable":true,"href":"https:\/\/www.clean-air.cz\/fr\/wp-json\/wp\/v2\/pages\/5345"}],"wp:attachment":[{"href":"https:\/\/www.clean-air.cz\/fr\/wp-json\/wp\/v2\/media?parent=5344"}],"curies":[{"name":"wp","href":"https:\/\/api.w.org\/{rel}","templated":true}]}}