{"id":5343,"date":"2018-06-28T07:41:55","date_gmt":"2018-06-28T05:41:55","guid":{"rendered":"https:\/\/www.clean-air.cz\/safety-helmets\/"},"modified":"2026-01-27T08:44:51","modified_gmt":"2026-01-27T07:44:51","slug":"safety-helmets","status":"publish","type":"page","link":"https:\/\/www.clean-air.cz\/fr\/headtops\/safety-helmets\/","title":{"rendered":"Casques de s\u00e9curit\u00e9"},"content":{"rendered":"<p>[vc_row css=\u00a0\u00bb.vc_custom_1515063137650{background-color: #ffffff !important;}\u00a0\u00bb][vc_column][vc_column_text]Les casques de s\u00e9curit\u00e9 CleanAIR\u00ae offrent une protection de la t\u00eate dans diverses applications industrielles. Tous nos casques de s\u00e9curit\u00e9 sont \u00e9quip\u00e9s d&rsquo;une distribution d&rsquo;air qui assure une protection respiratoire en combinaison avec <a href=\"https:\/\/www.clean-air.cz\/fr\/papr\/\">PAPR<\/a>.[\/vc_column_text][vc_tta_tour style=\u00a0\u00bbmodern\u00a0\u00bb shape=\u00a0\u00bbsquare\u00a0\u00bb gap=\u00a0\u00bb1&Prime; active_section=\u00a0\u00bb1&Prime; no_fill_content_area=\u00a0\u00bbtrue\u00a0\u00bb][vc_tta_section title=\u00a0\u00bbCA-40&Prime; tab_id=\u00a0\u00bb1529910379656-a8bce081-0007&Prime;][vc_column_text]<br \/>\n<img loading=\"lazy\" decoding=\"async\" class=\"alignnone size-medium wp-image-14597\" src=\"https:\/\/www.clean-air.cz\/wp-content\/uploads\/2021\/12\/704100_CA-40-front-1-300x300.jpg\" alt=\"\" width=\"300\" height=\"300\" srcset=\"https:\/\/www.clean-air.cz\/wp-content\/uploads\/2021\/12\/704100_CA-40-front-1-300x300.jpg 300w, https:\/\/www.clean-air.cz\/wp-content\/uploads\/2021\/12\/704100_CA-40-front-1-1024x1024.jpg 1024w, https:\/\/www.clean-air.cz\/wp-content\/uploads\/2021\/12\/704100_CA-40-front-1-150x150.jpg 150w, https:\/\/www.clean-air.cz\/wp-content\/uploads\/2021\/12\/704100_CA-40-front-1-768x768.jpg 768w, https:\/\/www.clean-air.cz\/wp-content\/uploads\/2021\/12\/704100_CA-40-front-1-1536x1536.jpg 1536w, https:\/\/www.clean-air.cz\/wp-content\/uploads\/2021\/12\/704100_CA-40-front-1-800x800.jpg 800w, https:\/\/www.clean-air.cz\/wp-content\/uploads\/2021\/12\/704100_CA-40-front-1-250x250.jpg 250w, https:\/\/www.clean-air.cz\/wp-content\/uploads\/2021\/12\/704100_CA-40-front-1.jpg 1600w\" sizes=\"(max-width: 300px) 100vw, 300px\" \/><\/p>\n<h3>Masque de s\u00e9curit\u00e9 CA-40 avec \u00e9cran soudeur.<\/h3>\n<p>En plus de prot\u00e9ger efficacement les voies respiratoires, ce casque prot\u00e8ge aussi la t\u00eate, les yeux et le visage durant l\u2019op\u00e9ration de soudage. L\u2019\u00e9cran soudeur avec filtre auto-obscurcissant V9-13 DS offre aussi une protection contre les radiations ultraviolettes\/infrarouges nocives et les projections de soudure.<\/p>\n<p><strong>Domaines d\u2019application<\/strong><\/p>\n<ul>\n<li>Environnements industriels tr\u00e8s contraignants lorsqu\u2019il est n\u00e9cessaire d\u2019effectuer du travail de pr\u00e9paration (serrage, positionnement, transport) ou lorsque le soudage est imm\u00e9diatement suivi d\u2019une op\u00e9ration de finition de surface (meulage, nettoyage, etc.)<\/li>\n<li>Secteur automobile, chantiers navals, b\u00e2timent<\/li>\n<\/ul>\n<p><img loading=\"lazy\" decoding=\"async\" class=\"alignnone wp-image-5390 \" src=\"https:\/\/www.clean-air.cz\/wp-content\/uploads\/2018\/06\/helma-120.png\" alt=\"\" width=\"54\" height=\"70\" \/> <img loading=\"lazy\" decoding=\"async\" class=\"alignnone wp-image-5975\" src=\"https:\/\/www.clean-air.cz\/wp-content\/uploads\/2018\/06\/sluchatka-120.png\" alt=\"\" width=\"72\" height=\"70\" \/> <img loading=\"lazy\" decoding=\"async\" class=\"alignnone wp-image-5977\" src=\"https:\/\/www.clean-air.cz\/wp-content\/uploads\/2018\/06\/svarovaci-stit-120.png\" alt=\"\" width=\"58\" height=\"70\" \/> <img loading=\"lazy\" decoding=\"async\" class=\"alignnone wp-image-5974\" src=\"https:\/\/www.clean-air.cz\/wp-content\/uploads\/2018\/06\/plice-120.png\" alt=\"\" width=\"81\" height=\"70\" \/>[\/vc_column_text][vc_btn title=\u00a0\u00bbVoir la page du produit\u00a0\u00bb shape=\u00a0\u00bbsquare\u00a0\u00bb color=\u00a0\u00bbjuicy-pink\u00a0\u00bb i_icon_fontawesome=\u00a0\u00bbfa fa-arrow-right\u00a0\u00bb add_icon=\u00a0\u00bbtrue\u00a0\u00bb link=\u00a0\u00bburl:https%3A%2F%2Fwww.clean-air.cz%2Ffr%2Fheadtops%2Fwelding-hoods%2Fca-40%2F|title:Masque%20de%20s%C3%A9curit%C3%A9%20CA-40%20avec%20%C3%A9cran%20soudeur|\u00a0\u00bb][\/vc_tta_section][vc_tta_section title=\u00a0\u00bbCA-40G\u00a0\u00bb tab_id=\u00a0\u00bb1529908036190-23c5b3b8-518d\u00a0\u00bb][vc_column_text]<\/p>\n<h3><img loading=\"lazy\" decoding=\"async\" class=\"size-medium wp-image-14424 alignnone\" src=\"https:\/\/www.clean-air.cz\/wp-content\/uploads\/2021\/12\/704100_CA-40G-iso-300x300.jpg\" alt=\"\" width=\"300\" height=\"300\" srcset=\"https:\/\/www.clean-air.cz\/wp-content\/uploads\/2021\/12\/704100_CA-40G-iso-300x300.jpg 300w, https:\/\/www.clean-air.cz\/wp-content\/uploads\/2021\/12\/704100_CA-40G-iso-1024x1024.jpg 1024w, https:\/\/www.clean-air.cz\/wp-content\/uploads\/2021\/12\/704100_CA-40G-iso-150x150.jpg 150w, https:\/\/www.clean-air.cz\/wp-content\/uploads\/2021\/12\/704100_CA-40G-iso-768x768.jpg 768w, https:\/\/www.clean-air.cz\/wp-content\/uploads\/2021\/12\/704100_CA-40G-iso-1536x1536.jpg 1536w, https:\/\/www.clean-air.cz\/wp-content\/uploads\/2021\/12\/704100_CA-40G-iso-800x800.jpg 800w, https:\/\/www.clean-air.cz\/wp-content\/uploads\/2021\/12\/704100_CA-40G-iso-250x250.jpg 250w, https:\/\/www.clean-air.cz\/wp-content\/uploads\/2021\/12\/704100_CA-40G-iso.jpg 1600w\" sizes=\"(max-width: 300px) 100vw, 300px\" \/><\/h3>\n<h3>Casque de s\u00e9curit\u00e9 CA-40G avec \u00e9cran de meulage<\/h3>\n<p>En plus de prot\u00e9ger efficacement les voies respiratoires, ce casque prot\u00e8ge aussi la t\u00eate, les yeux et le visage contre les projections de d\u00e9bris (indication A) et offre en m\u00eame temps une protection basique contre les radiations ultraviolettes nocives.<\/p>\n<p><strong>Domaines d\u2019application <\/strong><br \/>\nEnvironnements tr\u00e8s contraignants, meulage et autres types d\u2019op\u00e9rations de finition de surface Secteur automobile, chantiers navals, b\u00e2timent.<\/p>\n<p><img loading=\"lazy\" decoding=\"async\" class=\"alignnone wp-image-5390 \" src=\"https:\/\/www.clean-air.cz\/wp-content\/uploads\/2018\/06\/helma-120.png\" alt=\"\" width=\"54\" height=\"70\" \/> <img loading=\"lazy\" decoding=\"async\" class=\"alignnone wp-image-5975\" src=\"https:\/\/www.clean-air.cz\/wp-content\/uploads\/2018\/06\/sluchatka-120.png\" alt=\"\" width=\"72\" height=\"70\" \/> <img loading=\"lazy\" decoding=\"async\" class=\"alignnone wp-image-5976 \" src=\"https:\/\/www.clean-air.cz\/wp-content\/uploads\/2018\/06\/stit-120.png\" alt=\"\" width=\"58\" height=\"70\" \/> <img loading=\"lazy\" decoding=\"async\" class=\"alignnone wp-image-5974\" src=\"https:\/\/www.clean-air.cz\/wp-content\/uploads\/2018\/06\/plice-120.png\" alt=\"\" width=\"81\" height=\"70\" \/>[\/vc_column_text][vc_btn title=\u00a0\u00bbVoir la page du produit\u00a0\u00bb shape=\u00a0\u00bbsquare\u00a0\u00bb color=\u00a0\u00bbjuicy-pink\u00a0\u00bb i_icon_fontawesome=\u00a0\u00bbfa fa-arrow-right\u00a0\u00bb add_icon=\u00a0\u00bbtrue\u00a0\u00bb link=\u00a0\u00bburl:https%3A%2F%2Fwww.clean-air.cz%2Ffr%2Fheadtops%2Fgrinding-shields%2Fsafety-helmet-ca-40g%2F|title:Casque%20de%20s%C3%A9curit%C3%A9%20CA-40G%20avec%20%C3%A9cran%20de%20meulage|\u00a0\u00bb][\/vc_tta_section][vc_tta_section title=\u00a0\u00bbCA-40GW\u00a0\u00bb tab_id=\u00a0\u00bb1529909274439-3f41cf2d-1696&Prime;][vc_column_text]<\/p>\n<h3><img loading=\"lazy\" decoding=\"async\" class=\"alignnone size-medium wp-image-14410\" src=\"https:\/\/www.clean-air.cz\/wp-content\/uploads\/2021\/12\/704201_CA-40GW_hluchatka-iso-up-300x300.jpg\" alt=\"\" width=\"300\" height=\"300\" srcset=\"https:\/\/www.clean-air.cz\/wp-content\/uploads\/2021\/12\/704201_CA-40GW_hluchatka-iso-up-300x300.jpg 300w, https:\/\/www.clean-air.cz\/wp-content\/uploads\/2021\/12\/704201_CA-40GW_hluchatka-iso-up-1024x1024.jpg 1024w, https:\/\/www.clean-air.cz\/wp-content\/uploads\/2021\/12\/704201_CA-40GW_hluchatka-iso-up-150x150.jpg 150w, https:\/\/www.clean-air.cz\/wp-content\/uploads\/2021\/12\/704201_CA-40GW_hluchatka-iso-up-768x768.jpg 768w, https:\/\/www.clean-air.cz\/wp-content\/uploads\/2021\/12\/704201_CA-40GW_hluchatka-iso-up-1536x1536.jpg 1536w, https:\/\/www.clean-air.cz\/wp-content\/uploads\/2021\/12\/704201_CA-40GW_hluchatka-iso-up-800x800.jpg 800w, https:\/\/www.clean-air.cz\/wp-content\/uploads\/2021\/12\/704201_CA-40GW_hluchatka-iso-up-250x250.jpg 250w, https:\/\/www.clean-air.cz\/wp-content\/uploads\/2021\/12\/704201_CA-40GW_hluchatka-iso-up.jpg 1600w\" sizes=\"(max-width: 300px) 100vw, 300px\" \/><\/h3>\n<h3>Masque de s\u00e9curit\u00e9 CA-40GW avec \u00e9cran soudeur et de meulage.<\/h3>\n<p>En plus de prot\u00e9ger efficacement les voies respiratoires, ce masque prot\u00e8ge aussi la t\u00eate, les yeux et le visage contre les projections de d\u00e9bris (indication : A) et offre en m\u00eame temps une protection basique contre les radiations ultraviolettes nocives. L\u2019\u00e9cran de soudeur avec filtre auto-obscurcissant V9-13 DS offre aussi une protection contre les radiations ultraviolettes\/infrarouges nocives et les projections de soudure.<\/p>\n<p><strong>Domaines d\u2019application<\/strong><\/p>\n<ul>\n<li>Environnement industriels les plus contraignants \u2013 lorsqu\u2019il faut ex\u00e9cuter des travaux de preparation (serrage, positionnement, transport) ou lorsque le soudage est imm\u00e9diatement suivi de finition de surface (meulage, nettoyage, etc.)<\/li>\n<li>Secteur automobile, chantiers navals, b\u00e2timent<\/li>\n<\/ul>\n<p><img loading=\"lazy\" decoding=\"async\" class=\"alignnone wp-image-5390 \" src=\"https:\/\/www.clean-air.cz\/wp-content\/uploads\/2018\/06\/helma-120.png\" alt=\"\" width=\"55\" height=\"70\" \/>\u00a0<img loading=\"lazy\" decoding=\"async\" class=\"alignnone wp-image-5975\" src=\"https:\/\/www.clean-air.cz\/wp-content\/uploads\/2018\/06\/sluchatka-120.png\" alt=\"\" width=\"72\" height=\"70\" \/>\u00a0<img loading=\"lazy\" decoding=\"async\" class=\"alignnone wp-image-5976\" src=\"https:\/\/www.clean-air.cz\/wp-content\/uploads\/2018\/06\/stit-120.png\" alt=\"\" width=\"58\" height=\"70\" \/>\u00a0<img loading=\"lazy\" decoding=\"async\" class=\"alignnone wp-image-5977\" src=\"https:\/\/www.clean-air.cz\/wp-content\/uploads\/2018\/06\/svarovaci-stit-120.png\" alt=\"\" width=\"58\" height=\"70\" \/>\u00a0<img loading=\"lazy\" decoding=\"async\" class=\"alignnone wp-image-5974\" src=\"https:\/\/www.clean-air.cz\/wp-content\/uploads\/2018\/06\/plice-120.png\" alt=\"\" width=\"81\" height=\"70\" \/>[\/vc_column_text][vc_btn title=\u00a0\u00bbVoir la page du produit\u00a0\u00bb shape=\u00a0\u00bbsquare\u00a0\u00bb color=\u00a0\u00bbjuicy-pink\u00a0\u00bb i_icon_fontawesome=\u00a0\u00bbfa fa-arrow-right\u00a0\u00bb add_icon=\u00a0\u00bbtrue\u00a0\u00bb link=\u00a0\u00bburl:https%3A%2F%2Fwww.clean-air.cz%2Ffr%2Fheadtops%2Fwelding-hoods%2Fca-40gw%2F|title:Masque%20de%20s%C3%A9curit%C3%A9%20CA-40GW|\u00a0\u00bb][\/vc_tta_section][vc_tta_section title=\u00a0\u00bbCA-4&Prime; tab_id=\u00a0\u00bb1528868639021-8778a5fb-a171&Prime;][vc_column_text]<br \/>\n<img loading=\"lazy\" decoding=\"async\" class=\"alignnone size-medium wp-image-18180\" src=\"https:\/\/www.clean-air.cz\/wp-content\/uploads\/2023\/01\/CA-4-iso_yellow-219x300.png\" alt=\"\" width=\"219\" height=\"300\" srcset=\"https:\/\/www.clean-air.cz\/wp-content\/uploads\/2023\/01\/CA-4-iso_yellow-219x300.png 219w, https:\/\/www.clean-air.cz\/wp-content\/uploads\/2023\/01\/CA-4-iso_yellow-748x1024.png 748w, https:\/\/www.clean-air.cz\/wp-content\/uploads\/2023\/01\/CA-4-iso_yellow-768x1051.png 768w, https:\/\/www.clean-air.cz\/wp-content\/uploads\/2023\/01\/CA-4-iso_yellow-1122x1536.png 1122w, https:\/\/www.clean-air.cz\/wp-content\/uploads\/2023\/01\/CA-4-iso_yellow-1497x2048.png 1497w, https:\/\/www.clean-air.cz\/wp-content\/uploads\/2023\/01\/CA-4-iso_yellow-800x1095.png 800w\" sizes=\"(max-width: 219px) 100vw, 219px\" \/><\/p>\n<h3>Casque de s\u00e9curit\u00e9 CA-4<\/h3>\n<p>Le casque de s\u00e9curit\u00e9 associe des capacit\u00e9s de protection des voies respiratoires, de la t\u00eate, du visage et des oreilles. Sa grande visi\u00e8re panoramique et son rev\u00eatement anti-bu\u00e9e garantissent une bonne orientation. Une visi\u00e8re relevable suppl\u00e9mentaire en polycarbonate ou en ac\u00e9tate est disponible en option.<\/p>\n<p><strong>Domaines d\u2019application<\/strong><\/p>\n<ul>\n<li>Environnements poussi\u00e9reux o\u00f9 il n\u2019est pas n\u00e9cessaire de prot\u00e9ger le cou et les \u00e9paules.<\/li>\n<li>Environnements avec faibles crit\u00e8res de r\u00e9sistance chimique<\/li>\n<li>Environnements industriels lourds \u2013 meulage, op\u00e9rations de finition de surface<\/li>\n<li>B\u00e2timent<\/li>\n<\/ul>\n<p><img loading=\"lazy\" decoding=\"async\" class=\"alignnone wp-image-5390 \" src=\"https:\/\/www.clean-air.cz\/wp-content\/uploads\/2018\/06\/helma-120.png\" alt=\"\" width=\"54\" height=\"70\" \/> <img loading=\"lazy\" decoding=\"async\" class=\"alignnone wp-image-5975 \" src=\"https:\/\/www.clean-air.cz\/wp-content\/uploads\/2018\/06\/sluchatka-120.png\" alt=\"\" width=\"72\" height=\"70\" \/> <img loading=\"lazy\" decoding=\"async\" class=\"alignnone wp-image-5976 \" src=\"https:\/\/www.clean-air.cz\/wp-content\/uploads\/2018\/06\/stit-120.png\" alt=\"\" width=\"58\" height=\"70\" \/> <img loading=\"lazy\" decoding=\"async\" class=\"alignnone wp-image-5974\" src=\"https:\/\/www.clean-air.cz\/wp-content\/uploads\/2018\/06\/plice-120.png\" alt=\"\" width=\"81\" height=\"70\" \/>[\/vc_column_text][vc_btn title=\u00a0\u00bbVoir la page du produit\u00a0\u00bb shape=\u00a0\u00bbsquare\u00a0\u00bb color=\u00a0\u00bbjuicy-pink\u00a0\u00bb i_icon_fontawesome=\u00a0\u00bbfa fa-arrow-right\u00a0\u00bb add_icon=\u00a0\u00bbtrue\u00a0\u00bb link=\u00a0\u00bburl:https%3A%2F%2Fwww.clean-air.cz%2Ffr%2Fheadtops%2Fprotective-shields%2Fprotective-shield-ca-4%2F|title:%C3%89cran%20de%20protection%20CA-4|\u00a0\u00bb][\/vc_tta_section][\/vc_tta_tour][\/vc_column][\/vc_row][vc_row content_placement=\u00a0\u00bbmiddle\u00a0\u00bb][vc_column][vc_tta_accordion shape=\u00a0\u00bbsquare\u00a0\u00bb active_section=\u00a0\u00bb\u00a0\u00bb][vc_tta_section i_icon_fontawesome=\u00a0\u00bbfa fa-info-circle\u00a0\u00bb add_icon=\u00a0\u00bbtrue\u00a0\u00bb title=\u00a0\u00bbL\u00e9gende des symboles de protection\u00a0\u00bb tab_id=\u00a0\u00bb1515066157336-19bc9408-6024&Prime;][vc_column_text]<\/p>\n<p>&nbsp;<\/p>\n<table class=\" aligncenter\">\n<tbody>\n<tr>\n<td style=\"text-align: center;\"><a href=\"https:\/\/www.clean-air.cz\/wp-content\/uploads\/2017\/12\/helma.png\"><img loading=\"lazy\" decoding=\"async\" class=\"alignnone wp-image-3149\" src=\"https:\/\/www.clean-air.cz\/wp-content\/uploads\/2017\/12\/helma-229x300.png\" alt=\"\" width=\"76\" height=\"100\" \/><\/a><\/td>\n<td style=\"text-align: center;\"><a href=\"https:\/\/www.clean-air.cz\/wp-content\/uploads\/2017\/12\/svarovaci-stit.png\"><img loading=\"lazy\" decoding=\"async\" class=\"alignnone wp-image-3153\" src=\"https:\/\/www.clean-air.cz\/wp-content\/uploads\/2017\/12\/svarovaci-stit-250x300.png\" alt=\"\" width=\"83\" height=\"100\" \/><\/a><\/td>\n<td style=\"text-align: center;\"><a href=\"https:\/\/www.clean-air.cz\/wp-content\/uploads\/2017\/12\/stit.png\"><img loading=\"lazy\" decoding=\"async\" class=\"alignnone wp-image-3152\" src=\"https:\/\/www.clean-air.cz\/wp-content\/uploads\/2017\/12\/stit-250x300.png\" alt=\"\" width=\"83\" height=\"100\" \/><\/a><\/td>\n<td style=\"text-align: center;\"><a href=\"https:\/\/www.clean-air.cz\/wp-content\/uploads\/2017\/12\/sluchatka.png\"><img loading=\"lazy\" decoding=\"async\" class=\"alignnone wp-image-3151\" src=\"https:\/\/www.clean-air.cz\/wp-content\/uploads\/2017\/12\/sluchatka-300x290.png\" alt=\"\" width=\"104\" height=\"100\" \/><\/a><\/td>\n<td style=\"text-align: center;\"><a href=\"https:\/\/www.clean-air.cz\/wp-content\/uploads\/2017\/12\/plice.png\"><img loading=\"lazy\" decoding=\"async\" class=\"alignnone wp-image-3150\" src=\"https:\/\/www.clean-air.cz\/wp-content\/uploads\/2017\/12\/plice-300x261.png\" alt=\"\" width=\"115\" height=\"100\" \/><\/a><\/td>\n<\/tr>\n<tr>\n<td style=\"text-align: center;\"><span style=\"color: #000000;\">T\u00caTE<\/span><\/td>\n<td style=\"text-align: center;\"><span style=\"color: #000000;\">SOUDAGE<\/span><\/td>\n<td style=\"text-align: center;\"><span style=\"color: #000000;\">YEUX ET VISAGE<\/span><\/td>\n<td style=\"text-align: center;\"><span style=\"color: #000000;\">OREILLES<\/span><\/td>\n<td style=\"text-align: center;\"><span style=\"color: #000000;\">VOIES RESPIRATOIRES<\/span><\/td>\n<\/tr>\n<\/tbody>\n<\/table>\n<p>[\/vc_column_text][\/vc_tta_section][\/vc_tta_accordion][vc_separator color=\u00a0\u00bbjuicy_pink\u00a0\u00bb][\/vc_column][\/vc_row][vc_row][vc_column][\/vc_column][\/vc_row]<\/p>\n","protected":false},"excerpt":{"rendered":"<p>[vc_row css=\u00a0\u00bb.vc_custom_1515063137650{background-color: #ffffff !important;}\u00a0\u00bb][vc_column][vc_column_text]Les casques de s\u00e9curit\u00e9 CleanAIR\u00ae offrent une protection de la t\u00eate dans diverses applications industrielles. Tous nos casques de s\u00e9curit\u00e9 sont \u00e9quip\u00e9s d&rsquo;une distribution d&rsquo;air qui assure une protection respiratoire en combinaison avec PAPR.[\/vc_column_text][vc_tta_tour style=\u00a0\u00bbmodern\u00a0\u00bb shape=\u00a0\u00bbsquare\u00a0\u00bb gap=\u00a0\u00bb1&Prime; active_section=\u00a0\u00bb1&Prime; no_fill_content_area=\u00a0\u00bbtrue\u00a0\u00bb][vc_tta_section title=\u00a0\u00bbCA-40&Prime; tab_id=\u00a0\u00bb1529910379656-a8bce081-0007&Prime;][vc_column_text] Masque de s\u00e9curit\u00e9 CA-40 avec \u00e9cran soudeur. En plus de prot\u00e9ger efficacement les voies respiratoires, ce casque prot\u00e8ge aussi la t\u00eate, les yeux et le visage<\/p>\n<p><a class=\"more-link\" href=\"https:\/\/www.clean-air.cz\/fr\/headtops\/safety-helmets\/\">Lire la suite&#8230;<\/a><\/p>\n","protected":false},"author":11,"featured_media":0,"parent":5386,"menu_order":0,"comment_status":"closed","ping_status":"closed","template":"","meta":{"footnotes":""},"_links":{"self":[{"href":"https:\/\/www.clean-air.cz\/fr\/wp-json\/wp\/v2\/pages\/5343"}],"collection":[{"href":"https:\/\/www.clean-air.cz\/fr\/wp-json\/wp\/v2\/pages"}],"about":[{"href":"https:\/\/www.clean-air.cz\/fr\/wp-json\/wp\/v2\/types\/page"}],"author":[{"embeddable":true,"href":"https:\/\/www.clean-air.cz\/fr\/wp-json\/wp\/v2\/users\/11"}],"replies":[{"embeddable":true,"href":"https:\/\/www.clean-air.cz\/fr\/wp-json\/wp\/v2\/comments?post=5343"}],"version-history":[{"count":0,"href":"https:\/\/www.clean-air.cz\/fr\/wp-json\/wp\/v2\/pages\/5343\/revisions"}],"up":[{"embeddable":true,"href":"https:\/\/www.clean-air.cz\/fr\/wp-json\/wp\/v2\/pages\/5386"}],"wp:attachment":[{"href":"https:\/\/www.clean-air.cz\/fr\/wp-json\/wp\/v2\/media?parent=5343"}],"curies":[{"name":"wp","href":"https:\/\/api.w.org\/{rel}","templated":true}]}}