{"id":5342,"date":"2018-06-29T06:54:44","date_gmt":"2018-06-29T04:54:44","guid":{"rendered":"https:\/\/www.clean-air.cz\/masks\/"},"modified":"2019-04-05T15:58:22","modified_gmt":"2019-04-05T13:58:22","slug":"masks","status":"publish","type":"page","link":"https:\/\/www.clean-air.cz\/fr\/headtops\/masks\/","title":{"rendered":"Masques"},"content":{"rendered":"<p>[vc_row css=\u00a0\u00bb.vc_custom_1515063137650{background-color: #ffffff !important;}\u00a0\u00bb][vc_column][vc_tta_tour style=\u00a0\u00bbmodern\u00a0\u00bb shape=\u00a0\u00bbsquare\u00a0\u00bb gap=\u00a0\u00bb1&Prime; active_section=\u00a0\u00bb1&Prime; no_fill_content_area=\u00a0\u00bbtrue\u00a0\u00bb][vc_tta_section title=\u00a0\u00bbMasque facial complet GX02&Prime; tab_id=\u00a0\u00bb1515061200914-4dd3150e-98ab\u00a0\u00bb][vc_column_text]<img loading=\"lazy\" decoding=\"async\" class=\"wp-image-322 size-medium alignnone\" src=\"https:\/\/www.clean-air.cz\/wp-content\/uploads\/2018\/06\/GX02-iso-copy-300x294.jpg\" alt=\"\" width=\"300\" height=\"294\" srcset=\"https:\/\/www.clean-air.cz\/wp-content\/uploads\/2018\/06\/GX02-iso-copy-300x294.jpg 300w, https:\/\/www.clean-air.cz\/wp-content\/uploads\/2018\/06\/GX02-iso-copy-768x754.jpg 768w, https:\/\/www.clean-air.cz\/wp-content\/uploads\/2018\/06\/GX02-iso-copy-800x785.jpg 800w, https:\/\/www.clean-air.cz\/wp-content\/uploads\/2018\/06\/GX02-iso-copy.jpg 815w\" sizes=\"(max-width: 300px) 100vw, 300px\" \/><\/p>\n<h3>Masque facial complet Shigematsu GX02<\/h3>\n<p>Le masque facial complet Shigematsu GX02 utilise un double joint d\u2019\u00e9tanch\u00e9it\u00e9 qui fournit un maximum de s\u00e9curit\u00e9 tout en garantissant un grand niveau de confort au porteur. Le masque est compos\u00e9 de silicone de haute qualit\u00e9, qui garantit une grande r\u00e9sistance et une longue dur\u00e9e de vie. Il est \u00e9quip\u00e9 d\u2019un filetage de raccord standard RD40\u00d71\/7&Prime; conforme \u00e0 la norme NE 148-1 et permet donc l\u2019utilisation de filtres \u00e0 cartouche et des syst\u00e8mes de purification de l\u2019air CleanAIR\u00ae.<\/p>\n<p><strong>Domaines d\u2019application<br \/>\n<\/strong>Secteur chimique, laboratoires, b\u00e2timent, op\u00e9rations de traitement<\/p>\n<p><img loading=\"lazy\" decoding=\"async\" class=\"alignnone wp-image-53 \" src=\"https:\/\/www.clean-air.cz\/wp-content\/uploads\/2018\/06\/stit-120.png\" alt=\"\" width=\"58\" height=\"70\" \/> <img loading=\"lazy\" decoding=\"async\" class=\"alignnone wp-image-51\" src=\"https:\/\/www.clean-air.cz\/wp-content\/uploads\/2018\/06\/plice-120.png\" alt=\"\" width=\"81\" height=\"70\" \/><br \/>\n[\/vc_column_text][vc_btn title=\u00a0\u00bbVoir la page du produit\u00a0\u00bb shape=\u00a0\u00bbsquare\u00a0\u00bb color=\u00a0\u00bbjuicy-pink\u00a0\u00bb i_icon_fontawesome=\u00a0\u00bbfa fa-arrow-right\u00a0\u00bb add_icon=\u00a0\u00bbtrue\u00a0\u00bb link=\u00a0\u00bburl:https%3A%2F%2Fwww.clean-air.cz%2Ffr%2Fheadtops%2Fmasks%2Ffullface-mask-gx02%2F|title:Shigematsu%20GX02|\u00a0\u00bb][\/vc_tta_section][vc_tta_section title=\u00a0\u00bbMasque facial complet CF02&Prime; tab_id=\u00a0\u00bb1515061200914-86b36351-21a4&Prime;][vc_column_text]<img loading=\"lazy\" decoding=\"async\" class=\"wp-image-327 size-medium alignnone\" src=\"https:\/\/www.clean-air.cz\/wp-content\/uploads\/2018\/06\/CF02-iso-copy-256x300.jpg\" alt=\"\" width=\"256\" height=\"300\" srcset=\"https:\/\/www.clean-air.cz\/wp-content\/uploads\/2018\/06\/CF02-iso-copy-256x300.jpg 256w, https:\/\/www.clean-air.cz\/wp-content\/uploads\/2018\/06\/CF02-iso-copy.jpg 682w\" sizes=\"(max-width: 256px) 100vw, 256px\" \/><\/p>\n<h3>Masque facial complet Shigematsu CF02<\/h3>\n<p>Il s\u2019agit d\u2019un nouveau masque l\u00e9ger avec une visi\u00e8re sph\u00e9rique haut de gamme. Ce design \u00e9limine la distorsion et offre un champ de vision ample et d\u00e9gag\u00e9. Le masque est compos\u00e9 de Styrene TPE de haute qualit\u00e9, qui garantit une grande r\u00e9sistance et une longue dur\u00e9e de vie. Le masque est \u00e9quip\u00e9 d\u2019un filetage de raccord standard RD40\u00d71\/7&Prime; conforme \u00e0 la norme NE 148-1 et permet donc l\u2019utilisation de filtres en cartouches et des syst\u00e8mes de purification de l\u2019air CleanAIR\u00ae.<\/p>\n<p><strong>Domaines d\u2019application<\/strong><br \/>\nSecteur chimique, laboratoires, b\u00e2timent, op\u00e9rations de traitement<\/p>\n<p><img loading=\"lazy\" decoding=\"async\" class=\"alignnone wp-image-53\" src=\"https:\/\/www.clean-air.cz\/wp-content\/uploads\/2018\/06\/stit-120.png\" alt=\"\" width=\"58\" height=\"70\" \/>\u00a0<img loading=\"lazy\" decoding=\"async\" class=\"alignnone wp-image-51\" src=\"https:\/\/www.clean-air.cz\/wp-content\/uploads\/2018\/06\/plice-120.png\" alt=\"\" width=\"81\" height=\"70\" \/>[\/vc_column_text][vc_btn title=\u00a0\u00bbVoir la page du produit\u00a0\u00bb shape=\u00a0\u00bbsquare\u00a0\u00bb color=\u00a0\u00bbjuicy-pink\u00a0\u00bb i_icon_fontawesome=\u00a0\u00bbfa fa-arrow-right\u00a0\u00bb add_icon=\u00a0\u00bbtrue\u00a0\u00bb link=\u00a0\u00bburl:https%3A%2F%2Fwww.clean-air.cz%2Ffr%2Fheadtops%2Fmasks%2Ffullface-mask-cf02%2F|title:Shigematsu%20CF02|\u00a0\u00bb][\/vc_tta_section][vc_tta_section title=\u00a0\u00bbDemi-masque CA-5&Prime; tab_id=\u00a0\u00bb1515061723345-c38eb4a5-fa2b\u00a0\u00bb][vc_column_text]<img loading=\"lazy\" decoding=\"async\" class=\"wp-image-334 size-medium alignnone\" src=\"https:\/\/www.clean-air.cz\/wp-content\/uploads\/2018\/06\/700500-Halfmask-CA-5-289x300.jpg\" alt=\"\" width=\"289\" height=\"300\" srcset=\"https:\/\/www.clean-air.cz\/wp-content\/uploads\/2018\/06\/700500-Halfmask-CA-5-289x300.jpg 289w, https:\/\/www.clean-air.cz\/wp-content\/uploads\/2018\/06\/700500-Halfmask-CA-5-50x52.jpg 50w, https:\/\/www.clean-air.cz\/wp-content\/uploads\/2018\/06\/700500-Halfmask-CA-5.jpg 674w\" sizes=\"(max-width: 289px) 100vw, 289px\" \/><\/p>\n<h3>Demi-masque CA-5<\/h3>\n<p>Ce <strong>demi-masque<\/strong> universel \u00e0 filtre unique avec filetage de raccord RD40\u00d71\/7&Prime; conforme \u00e0 la norme NE 148-1 est compos\u00e9 d\u2019un \u00e9lastom\u00e8re thermoplastique r\u00e9sistant et poss\u00e8de un harnais de t\u00eate \u00e0 quatre points qui garantit un port confortable et s\u00fbr. Son filetage de raccord de 40 mm peut \u00eatre utilis\u00e9 avec des filtres \u00e0 cartouche certifi\u00e9s pesant moins de 300 g ou des appareils respiratoires avec purification de l\u2019air CleanAIR\u00ae.<\/p>\n<p><strong>Domaines d\u2019application<br \/>\n<\/strong>Environnements industriels l\u00e9gers, b\u00e2timent, agriculture<\/p>\n<p><img loading=\"lazy\" decoding=\"async\" class=\"alignnone wp-image-51\" src=\"https:\/\/www.clean-air.cz\/wp-content\/uploads\/2018\/06\/plice-120.png\" alt=\"\" width=\"81\" height=\"70\" \/>[\/vc_column_text][vc_btn title=\u00a0\u00bbVoir la page du produit\u00a0\u00bb shape=\u00a0\u00bbsquare\u00a0\u00bb color=\u00a0\u00bbjuicy-pink\u00a0\u00bb i_icon_fontawesome=\u00a0\u00bbfa fa-arrow-right\u00a0\u00bb add_icon=\u00a0\u00bbtrue\u00a0\u00bb link=\u00a0\u00bburl:https%3A%2F%2Fwww.clean-air.cz%2Ffr%2Fheadtops%2Fmasks%2Fhalf-mask-ca-5%2F|title:Demi-masque%20CA-5|\u00a0\u00bb][\/vc_tta_section][\/vc_tta_tour][\/vc_column][\/vc_row][vc_row content_placement=\u00a0\u00bbmiddle\u00a0\u00bb][vc_column][vc_tta_accordion shape=\u00a0\u00bbsquare\u00a0\u00bb active_section=\u00a0\u00bb\u00a0\u00bb][vc_tta_section i_icon_fontawesome=\u00a0\u00bbfa fa-info-circle\u00a0\u00bb add_icon=\u00a0\u00bbtrue\u00a0\u00bb title=\u00a0\u00bbL\u00e9gende des symboles de protection\u00a0\u00bb tab_id=\u00a0\u00bb1515066157336-19bc9408-6024&Prime;][vc_column_text]<\/p>\n<table class=\" aligncenter\">\n<tbody>\n<tr>\n<td style=\"text-align: center;\"><a href=\"https:\/\/www.clean-air.cz\/wp-content\/uploads\/2017\/12\/helma.png\"><img loading=\"lazy\" decoding=\"async\" class=\"alignnone wp-image-3149\" src=\"https:\/\/www.clean-air.cz\/wp-content\/uploads\/2017\/12\/helma-229x300.png\" alt=\"\" width=\"76\" height=\"100\" \/><\/a><\/td>\n<td style=\"text-align: center;\"><a href=\"https:\/\/www.clean-air.cz\/wp-content\/uploads\/2017\/12\/svarovaci-stit.png\"><img loading=\"lazy\" decoding=\"async\" class=\"alignnone wp-image-3153\" src=\"https:\/\/www.clean-air.cz\/wp-content\/uploads\/2017\/12\/svarovaci-stit-250x300.png\" alt=\"\" width=\"83\" height=\"100\" \/><\/a><\/td>\n<td style=\"text-align: center;\"><a href=\"https:\/\/www.clean-air.cz\/wp-content\/uploads\/2017\/12\/stit.png\"><img loading=\"lazy\" decoding=\"async\" class=\"alignnone wp-image-3152\" src=\"https:\/\/www.clean-air.cz\/wp-content\/uploads\/2017\/12\/stit-250x300.png\" alt=\"\" width=\"83\" height=\"100\" \/><\/a><\/td>\n<td style=\"text-align: center;\"><a href=\"https:\/\/www.clean-air.cz\/wp-content\/uploads\/2017\/12\/sluchatka.png\"><img loading=\"lazy\" decoding=\"async\" class=\"alignnone wp-image-3151\" src=\"https:\/\/www.clean-air.cz\/wp-content\/uploads\/2017\/12\/sluchatka-300x290.png\" alt=\"\" width=\"104\" height=\"100\" \/><\/a><\/td>\n<td style=\"text-align: center;\"><a href=\"https:\/\/www.clean-air.cz\/wp-content\/uploads\/2017\/12\/plice.png\"><img loading=\"lazy\" decoding=\"async\" class=\"alignnone wp-image-3150\" src=\"https:\/\/www.clean-air.cz\/wp-content\/uploads\/2017\/12\/plice-300x261.png\" alt=\"\" width=\"115\" height=\"100\" \/><\/a><\/td>\n<\/tr>\n<tr>\n<td style=\"text-align: center;\"><span style=\"color: #000000;\">T\u00caTE<\/span><\/td>\n<td style=\"text-align: center;\"><span style=\"color: #000000;\">SOUDAGE<\/span><\/td>\n<td style=\"text-align: center;\"><span style=\"color: #000000;\">YEUX ET VISAGE<\/span><\/td>\n<td style=\"text-align: center;\"><span style=\"color: #000000;\">OREILLES<\/span><\/td>\n<td style=\"text-align: center;\"><span style=\"color: #000000;\">VOIES RESPIRATOIRES<\/span><\/td>\n<\/tr>\n<\/tbody>\n<\/table>\n<p>[\/vc_column_text][\/vc_tta_section][\/vc_tta_accordion][vc_separator color=\u00a0\u00bbjuicy_pink\u00a0\u00bb][\/vc_column][\/vc_row][vc_row][vc_column][\/vc_column][\/vc_row]<\/p>\n","protected":false},"excerpt":{"rendered":"<p>[vc_row css=\u00a0\u00bb.vc_custom_1515063137650{background-color: #ffffff !important;}\u00a0\u00bb][vc_column][vc_tta_tour style=\u00a0\u00bbmodern\u00a0\u00bb shape=\u00a0\u00bbsquare\u00a0\u00bb gap=\u00a0\u00bb1&Prime; active_section=\u00a0\u00bb1&Prime; no_fill_content_area=\u00a0\u00bbtrue\u00a0\u00bb][vc_tta_section title=\u00a0\u00bbMasque facial complet GX02&Prime; tab_id=\u00a0\u00bb1515061200914-4dd3150e-98ab\u00a0\u00bb][vc_column_text] Masque facial complet Shigematsu GX02 Le masque facial complet Shigematsu GX02 utilise un double joint d\u2019\u00e9tanch\u00e9it\u00e9 qui fournit un maximum de s\u00e9curit\u00e9 tout en garantissant un grand niveau de confort au porteur. Le masque est compos\u00e9 de silicone de haute qualit\u00e9, qui garantit une grande r\u00e9sistance et une longue dur\u00e9e de vie. Il est \u00e9quip\u00e9 d\u2019un<\/p>\n<p><a class=\"more-link\" href=\"https:\/\/www.clean-air.cz\/fr\/headtops\/masks\/\">Lire la suite&#8230;<\/a><\/p>\n","protected":false},"author":11,"featured_media":0,"parent":5386,"menu_order":0,"comment_status":"closed","ping_status":"closed","template":"","meta":{"footnotes":""},"_links":{"self":[{"href":"https:\/\/www.clean-air.cz\/fr\/wp-json\/wp\/v2\/pages\/5342"}],"collection":[{"href":"https:\/\/www.clean-air.cz\/fr\/wp-json\/wp\/v2\/pages"}],"about":[{"href":"https:\/\/www.clean-air.cz\/fr\/wp-json\/wp\/v2\/types\/page"}],"author":[{"embeddable":true,"href":"https:\/\/www.clean-air.cz\/fr\/wp-json\/wp\/v2\/users\/11"}],"replies":[{"embeddable":true,"href":"https:\/\/www.clean-air.cz\/fr\/wp-json\/wp\/v2\/comments?post=5342"}],"version-history":[{"count":0,"href":"https:\/\/www.clean-air.cz\/fr\/wp-json\/wp\/v2\/pages\/5342\/revisions"}],"up":[{"embeddable":true,"href":"https:\/\/www.clean-air.cz\/fr\/wp-json\/wp\/v2\/pages\/5386"}],"wp:attachment":[{"href":"https:\/\/www.clean-air.cz\/fr\/wp-json\/wp\/v2\/media?parent=5342"}],"curies":[{"name":"wp","href":"https:\/\/api.w.org\/{rel}","templated":true}]}}