{"id":5341,"date":"2018-06-29T07:10:03","date_gmt":"2018-06-29T05:10:03","guid":{"rendered":"https:\/\/www.clean-air.cz\/fullface-mask-gx02\/"},"modified":"2026-01-27T08:46:03","modified_gmt":"2026-01-27T07:46:03","slug":"fullface-mask-gx02","status":"publish","type":"page","link":"https:\/\/www.clean-air.cz\/fr\/headtops\/masks\/fullface-mask-gx02\/","title":{"rendered":"Shigematsu GX02"},"content":{"rendered":"<p>[vc_row][vc_column width=\u00a0\u00bb1\/2&Prime;][vc_gallery interval=\u00a0\u00bb3&Prime; images=\u00a0\u00bb2904&Prime; img_size=\u00a0\u00bblarge\u00a0\u00bb][\/vc_column][vc_column width=\u00a0\u00bb1\/2&Prime;][vc_column_text]<\/p>\n<p><strong><span style=\"font-size: 14pt; color: #be0300;\">Masque facial complet de haute qualit\u00e9 avec design<br \/>\nergonomique avanc\u00e9<\/span><\/strong><\/p>\n<p>Le masque facial complet Shigematsu GX02 offre le plus haut niveau de protection des voies respiratoires pour une utilisation dans des environnements tr\u00e8s pollu\u00e9s. Le masque est compatible avec une large gamme de filtres en cartouche standards et avec les respirateurs motoris\u00e9s d\u2019air purifi\u00e9 CleanAIR\u00ae. Le masque est compos\u00e9 de silicone de haute qualit\u00e9, qui garantit une grande r\u00e9sistance aux produits chimiques et une grande long\u00e9vit\u00e9. Son double joint d\u2019\u00e9tanch\u00e9it\u00e9 offre une protection maximale tout en maintenant un grand niveau de confort pour le porteur, gr\u00e2ce \u00e0 ses deux soupapes d\u2019expiration qui limitent la r\u00e9sistance \u00e0 la respiration et maintiennent le masque frais et sec. Le harnais de t\u00eate \u00e0 six points permet un positionnement s\u00fbr et facile. Sa grande visi\u00e8re panoramique lui garantit un grand champ de vision. La visi\u00e8re est \u00e9quip\u00e9e d\u2019une couche anti-\u00e9raflures qui garantit une forte r\u00e9sistance m\u00e9canique, pouvant encore \u00eatre compl\u00e9t\u00e9e par un rev\u00eatement de protection. La visi\u00e8re est amovible. Le masque est \u00e9quip\u00e9 d\u2019un amplificateur de voix facilitant la communication.<\/p>\n<p>[\/vc_column_text][vc_btn title=\u00a0\u00bbD\u00e9couvrez notre gamme compl\u00e8te de masques\u00a0\u00bb shape=\u00a0\u00bbsquare\u00a0\u00bb color=\u00a0\u00bbjuicy-pink\u00a0\u00bb size=\u00a0\u00bblg\u00a0\u00bb align=\u00a0\u00bbleft\u00a0\u00bb i_icon_fontawesome=\u00a0\u00bbfa fa-info-circle\u00a0\u00bb css_animation=\u00a0\u00bbnone\u00a0\u00bb add_icon=\u00a0\u00bbtrue\u00a0\u00bb link=\u00a0\u00bburl:https%3A%2F%2Fwww.clean-air.cz%2Ffr%2Fheadtops%2Fmasks%2F|title:D%C3%A9couvrez%20notre%20gamme%20compl%C3%A8te%20de%20cagoules%20l%C3%A9g%C3%A8res|\u00a0\u00bb][\/vc_column][\/vc_row][vc_row][vc_column][vc_tta_tabs style=\u00a0\u00bbmodern\u00a0\u00bb shape=\u00a0\u00bbsquare\u00a0\u00bb active_section=\u00a0\u00bb1&Prime; no_fill_content_area=\u00a0\u00bbtrue\u00a0\u00bb title=\u00a0\u00bbD\u00e9tails\u00a0\u00bb][vc_tta_section i_icon_fontawesome=\u00a0\u00bbfa fa-industry\u00a0\u00bb add_icon=\u00a0\u00bbtrue\u00a0\u00bb title=\u00a0\u00bbDomaines d\u2019application\u00a0\u00bb tab_id=\u00a0\u00bb1513150336358-68add988-e9ea\u00a0\u00bb][vc_column_text]<\/p>\n<p><span style=\"color: #be0300;\"><strong>Domaines d&rsquo;application<\/strong><\/span><\/p>\n<p>Le masque est adapt\u00e9 \u00e0 un usage dans des environnements tr\u00e8s pollu\u00e9s par des produits chimiques ou biologiques et r\u00e9pond aux exigences les plus strictes en mati\u00e8re de protection des voies respiratoires. Il peut \u00eatre utilis\u00e9 dans l\u2019industrie chimique, le secteur pharmaceutique, les laboratoires, les op\u00e9rations de pulv\u00e9risation et les op\u00e9rations de traitement.<\/p>\n<p>[\/vc_column_text][\/vc_tta_section][vc_tta_section i_icon_fontawesome=\u00a0\u00bbfa fa-thumbs-o-up\u00a0\u00bb add_icon=\u00a0\u00bbtrue\u00a0\u00bb title=\u00a0\u00bbCaract\u00e9ristiques et avantages\u00a0\u00bb tab_id=\u00a0\u00bb1513150336359-b7b65468-8021&Prime;][vc_column_text]<\/p>\n<p><span style=\"color: #be0300;\"><strong>Caract\u00e9ristiques et avantages<\/strong><\/span><\/p>\n<p>\u2022 Double joint d\u2019\u00e9tanch\u00e9it\u00e9 pour un maximum de protection et de confort<br \/>\n\u2022 Grande r\u00e9sistance aux produits chimiques<br \/>\n\u2022 Visi\u00e8re amovible \u00e0 champ panoramique<br \/>\n\u2022 Rev\u00eatement anti-\u00e9raflures<br \/>\n\u2022 Harnais de t\u00eate \u00e0 six points<br \/>\n\u2022 Deux soupapes d\u2019expiration diminuant la r\u00e9sistance \u00e0 la respiration<br \/>\n\u2022 Amplificateur de voix<br \/>\n\u2022 Rev\u00eatement de protection de visi\u00e8re en option<br \/>\n[\/vc_column_text][\/vc_tta_section][vc_tta_section i_icon_fontawesome=\u00a0\u00bbfa fa-cog\u00a0\u00bb add_icon=\u00a0\u00bbtrue\u00a0\u00bb title=\u00a0\u00bbKits complets, accessoires, filtres\u00a0\u00bb tab_id=\u00a0\u00bb1513153137048-5f8c31c5-30ea\u00a0\u00bb][vc_column_text]<\/p>\n<table style=\"width: 100%; height: 242px;\">\n<tbody>\n<tr style=\"height: 22px;\">\n<td style=\"text-align: left; height: 22px; width: 100%;\" colspan=\"2\"><span style=\"color: #be0300;\"><strong>Ensembles complets<\/strong><\/span><\/td>\n<\/tr>\n<tr>\n<td style=\"width: 84.2007%;\">Masque facial complet GX02 taille P<\/td>\n<td style=\"width: 15.7993%;\">71 06 00S<\/td>\n<\/tr>\n<tr>\n<td style=\"width: 84.2007%;\">Masque facial complet GX02 taille M<\/td>\n<td style=\"width: 15.7993%;\">71 06 00M<\/td>\n<\/tr>\n<tr>\n<td style=\"width: 84.2007%;\">Masque facial complet GX02 taille G<\/td>\n<td style=\"width: 15.7993%;\">71 06 00L<\/td>\n<\/tr>\n<tr style=\"height: 22px;\">\n<td style=\"text-align: left; height: 22px; width: 84.2007%;\"><span style=\"color: #be0300;\"><strong>Liste des pi\u00e8ces d\u00e9tach\u00e9es \/ accessoires<\/strong><\/span><\/td>\n<td style=\"width: 15.7993%;\"><\/td>\n<\/tr>\n<tr style=\"height: 22px;\">\n<td style=\"text-align: left; height: 22px; width: 84.2007%;\">Harnais de t\u00eate<\/td>\n<td style=\"text-align: left; height: 22px; width: 15.7993%;\">71 06 80<\/td>\n<\/tr>\n<tr style=\"height: 22px;\">\n<td style=\"text-align: left; height: 22px; width: 84.2007%;\">Masque interne avec soupapes internes pour GX02 (remplacer * par P\/M\/G)<\/td>\n<td style=\"text-align: left; height: 22px; width: 15.7993%;\">71 06 90*<\/td>\n<\/tr>\n<tr style=\"height: 22px;\">\n<td style=\"text-align: left; height: 22px; width: 84.2007%;\">Ensemble de soupape d\u2019inhalation (5 membranes + 1 joint)<\/td>\n<td style=\"text-align: left; height: 22px; width: 15.7993%;\">71 06 95<\/td>\n<\/tr>\n<tr style=\"height: 22px;\">\n<td style=\"text-align: left; height: 22px; width: 84.2007%;\">Ensemble de soupape d\u2019exhalation (5 membranes + 1 joint)<\/td>\n<td style=\"text-align: left; height: 22px; width: 15.7993%;\">71 06 96<\/td>\n<\/tr>\n<tr style=\"height: 22px;\">\n<td style=\"text-align: left; height: 22px; width: 84.2007%;\">Plaque de protection de visi\u00e8re<\/td>\n<td style=\"text-align: left; height: 22px; width: 15.7993%;\">71 06 20<\/td>\n<\/tr>\n<tr style=\"height: 22px;\">\n<td style=\"text-align: left; height: 22px; width: 84.2007%;\">Couvercle frontal<\/td>\n<td style=\"text-align: left; height: 22px; width: 15.7993%;\">71 06 97<\/td>\n<\/tr>\n<\/tbody>\n<\/table>\n<table>\n<tbody>\n<tr style=\"height: 22px;\">\n<td style=\"text-align: left; height: 22px;\" colspan=\"2\"><span style=\"color: #be0300;\"><strong>Shigematsu GX02 \u2013 filtres compatibles<\/strong><\/span><\/td>\n<\/tr>\n<tr style=\"height: 22px;\">\n<td style=\"text-align: left; height: 22px;\" colspan=\"2\">Compatible avec tous les filtres CleanAIR\u00ae \u00e0 particule ou mixtes avec filetage RD40x1\/7&Prime;<\/td>\n<\/tr>\n<\/tbody>\n<\/table>\n<p>[\/vc_column_text][\/vc_tta_section][vc_tta_section i_icon_fontawesome=\u00a0\u00bbfa fa-wrench\u00a0\u00bb add_icon=\u00a0\u00bbtrue\u00a0\u00bb title=\u00a0\u00bbDonn\u00e9es techniques\u00a0\u00bb tab_id=\u00a0\u00bb1513153797992-792040b0-82c9&Prime;][vc_column_text]<\/p>\n<table>\n<tbody>\n<tr>\n<td style=\"text-align: left;\">Poids<\/td>\n<td style=\"text-align: center;\">660 g (taille P)<br \/>\n673 g (taille M)<br \/>\n700 g (taille G)<\/td>\n<\/tr>\n<tr>\n<td style=\"text-align: left;\">Tailles disponibles<\/td>\n<td style=\"text-align: center;\">P, M, G<\/td>\n<\/tr>\n<tr>\n<td style=\"text-align: left;\">Mat\u00e9riau<\/td>\n<td style=\"text-align: center;\">corps du masque \u2013 caoutchouc silicon\u00e9<br \/>\nvisi\u00e8re \u2013 polycarbonate<br \/>\nharnais de t\u00eate \u2013 caoutchouc naturel<\/td>\n<\/tr>\n<tr>\n<td style=\"text-align: left;\">Facteur de protection<br \/>\nnominale (NPF)<\/td>\n<td style=\"text-align: center;\">2000<\/td>\n<\/tr>\n<tr>\n<td style=\"text-align: left;\">Raccord de tuyau et filtre<\/td>\n<td style=\"text-align: center;\">RD40\u00d71\/7\u201c<\/td>\n<\/tr>\n<tr>\n<td style=\"text-align: left;\">Certification<\/td>\n<td style=\"text-align: center;\">EN 12942 TM3<br \/>\nEN 136 CL3<\/td>\n<\/tr>\n<\/tbody>\n<\/table>\n<p>[\/vc_column_text][\/vc_tta_section][vc_tta_section i_icon_fontawesome=\u00a0\u00bbfa fa-download\u00a0\u00bb add_icon=\u00a0\u00bbtrue\u00a0\u00bb title=\u00a0\u00bbT\u00e9l\u00e9chargements\u00a0\u00bb tab_id=\u00a0\u00bb1513154098935-95c74e4f-fa1e\u00a0\u00bb][vc_column_text]<a href=\"https:\/\/www.clean-air.cz\/wp-content\/uploads\/2023\/11\/User-manual_CNA-038-R07_Shigematsu-GX02_DIGI.pdf\" target=\"_blank\" rel=\"noopener\">User manual &#8211; Shigematsu GX02<\/a><\/p>\n<p><a href=\"https:\/\/www.clean-air.cz\/wp-content\/uploads\/2021\/03\/DA-045_-_710600_-_Shigematsu_GX02_-_EN.pdf\" target=\"_blank\" rel=\"noopener\">Datasheet &#8211; 710600 &#8211; Shigematsu GX02 &#8211; EN<\/a><\/p>\n<p><a href=\"https:\/\/www.clean-air.cz\/wp-content\/uploads\/2024\/03\/PS-710600-1-R3-Shigematsu-GX02-FR.pdf\">PS-710600-1-R3 Shigematsu GX02 FR<\/a>[\/vc_column_text][\/vc_tta_section][vc_tta_section i_icon_fontawesome=\u00a0\u00bbfa fa-picture-o\u00a0\u00bb add_icon=\u00a0\u00bbtrue\u00a0\u00bb title=\u00a0\u00bbGalerie\u00a0\u00bb tab_id=\u00a0\u00bb1515415801460-0c2258c9-4574&Prime;][vc_gallery type=\u00a0\u00bbimage_grid\u00a0\u00bb images=\u00a0\u00bb2904&Prime; img_size=\u00a0\u00bbmedium\u00a0\u00bb css_animation=\u00a0\u00bbfadeIn\u00a0\u00bb css=\u00a0\u00bb.vc_custom_1530248979166{padding-left: 280px !important;}\u00a0\u00bb][\/vc_tta_section][\/vc_tta_tabs][\/vc_column][\/vc_row][vc_row][vc_column][vc_separator][\/vc_column][\/vc_row][vc_row][vc_column][vc_separator color=\u00a0\u00bbjuicy_pink\u00a0\u00bb][\/vc_column][\/vc_row]<\/p>\n","protected":false},"excerpt":{"rendered":"<p>[vc_row][vc_column width=\u00a0\u00bb1\/2&Prime;][vc_gallery interval=\u00a0\u00bb3&Prime; images=\u00a0\u00bb2904&Prime; img_size=\u00a0\u00bblarge\u00a0\u00bb][\/vc_column][vc_column width=\u00a0\u00bb1\/2&Prime;][vc_column_text] Masque facial complet de haute qualit\u00e9 avec design ergonomique avanc\u00e9 Le masque facial complet Shigematsu GX02 offre le plus haut niveau de protection des voies respiratoires pour une utilisation dans des environnements tr\u00e8s pollu\u00e9s. Le masque est compatible avec une large gamme de filtres en cartouche standards et avec les respirateurs motoris\u00e9s d\u2019air purifi\u00e9 CleanAIR\u00ae. Le masque est compos\u00e9 de silicone de haute qualit\u00e9,<\/p>\n<p><a class=\"more-link\" href=\"https:\/\/www.clean-air.cz\/fr\/headtops\/masks\/fullface-mask-gx02\/\">Lire la suite&#8230;<\/a><\/p>\n","protected":false},"author":11,"featured_media":0,"parent":5342,"menu_order":0,"comment_status":"closed","ping_status":"closed","template":"","meta":{"footnotes":""},"_links":{"self":[{"href":"https:\/\/www.clean-air.cz\/fr\/wp-json\/wp\/v2\/pages\/5341"}],"collection":[{"href":"https:\/\/www.clean-air.cz\/fr\/wp-json\/wp\/v2\/pages"}],"about":[{"href":"https:\/\/www.clean-air.cz\/fr\/wp-json\/wp\/v2\/types\/page"}],"author":[{"embeddable":true,"href":"https:\/\/www.clean-air.cz\/fr\/wp-json\/wp\/v2\/users\/11"}],"replies":[{"embeddable":true,"href":"https:\/\/www.clean-air.cz\/fr\/wp-json\/wp\/v2\/comments?post=5341"}],"version-history":[{"count":0,"href":"https:\/\/www.clean-air.cz\/fr\/wp-json\/wp\/v2\/pages\/5341\/revisions"}],"up":[{"embeddable":true,"href":"https:\/\/www.clean-air.cz\/fr\/wp-json\/wp\/v2\/pages\/5342"}],"wp:attachment":[{"href":"https:\/\/www.clean-air.cz\/fr\/wp-json\/wp\/v2\/media?parent=5341"}],"curies":[{"name":"wp","href":"https:\/\/api.w.org\/{rel}","templated":true}]}}