{"id":5340,"date":"2018-06-29T07:57:37","date_gmt":"2018-06-29T05:57:37","guid":{"rendered":"https:\/\/www.clean-air.cz\/fullface-mask-cf02\/"},"modified":"2026-01-27T08:47:16","modified_gmt":"2026-01-27T07:47:16","slug":"fullface-mask-cf02","status":"publish","type":"page","link":"https:\/\/www.clean-air.cz\/fr\/headtops\/masks\/fullface-mask-cf02\/","title":{"rendered":"Shigematsu CF02"},"content":{"rendered":"<p>[vc_row][vc_column width=\u00a0\u00bb1\/2&Prime;][vc_gallery interval=\u00a0\u00bb3&Prime; images=\u00a0\u00bb2889&Prime; img_size=\u00a0\u00bblarge\u00a0\u00bb][\/vc_column][vc_column width=\u00a0\u00bb1\/2&Prime;][vc_column_text]<\/p>\n<p><strong><span style=\"font-size: 14pt; color: #be0300;\">Masque complet l\u00e9ger avec visi\u00e8re de qualit\u00e9<br \/>\nsup\u00e9rieure<\/span><\/strong><\/p>\n<p>CF02 est un masque complet l\u00e9ger adapt\u00e9 \u00e0 des environnements exigeant des normes de protection chimique strictes. Le masque est compatible avec une large gamme de filtres en cartouche standards et avec les respirateurs motoris\u00e9s d\u2019air purifi\u00e9 CleanAIR\u00ae. Le masque poss\u00e8de une visi\u00e8re sph\u00e9rique de qualit\u00e9 sup\u00e9rieure qui minimise la distance entre les yeux et la visi\u00e8re. Ce design \u00e9limine la distorsion et offre champ de vision ample et d\u00e9gag\u00e9. La visi\u00e8re est \u00e9quip\u00e9e d\u2019une couche anti-\u00e9raflures qui garantit une forte r\u00e9sistance m\u00e9canique, pouvant encore \u00eatre compl\u00e9t\u00e9e par un rev\u00eatement de protection. Le corps du masque est compos\u00e9 de Styrene TPE de haute qualit\u00e9, qui garantit une grande r\u00e9sistance aux produits chimiques et une grande long\u00e9vit\u00e9. Le harnais de t\u00eate \u00e0 six points permet un positionnement stable et facile. Sa surface lisse \u00e9vite les noeuds dans les cheveux.<\/p>\n<p>[\/vc_column_text][vc_btn title=\u00a0\u00bbD\u00e9couvrez notre gamme compl\u00e8te de masques\u00a0\u00bb shape=\u00a0\u00bbsquare\u00a0\u00bb color=\u00a0\u00bbjuicy-pink\u00a0\u00bb size=\u00a0\u00bblg\u00a0\u00bb align=\u00a0\u00bbleft\u00a0\u00bb i_icon_fontawesome=\u00a0\u00bbfa fa-info-circle\u00a0\u00bb css_animation=\u00a0\u00bbnone\u00a0\u00bb add_icon=\u00a0\u00bbtrue\u00a0\u00bb link=\u00a0\u00bburl:https%3A%2F%2Fwww.clean-air.cz%2Ffr%2Fheadtops%2Fmasks%2F|title:D%C3%A9couvrez%20notre%20gamme%20compl%C3%A8te%20de%20cagoules%20l%C3%A9g%C3%A8res|\u00a0\u00bb][\/vc_column][\/vc_row][vc_row][vc_column][vc_tta_tabs style=\u00a0\u00bbmodern\u00a0\u00bb shape=\u00a0\u00bbsquare\u00a0\u00bb active_section=\u00a0\u00bb1&Prime; no_fill_content_area=\u00a0\u00bbtrue\u00a0\u00bb title=\u00a0\u00bbD\u00e9tails\u00a0\u00bb][vc_tta_section i_icon_fontawesome=\u00a0\u00bbfa fa-industry\u00a0\u00bb add_icon=\u00a0\u00bbtrue\u00a0\u00bb title=\u00a0\u00bbDomaines d\u2019application\u00a0\u00bb tab_id=\u00a0\u00bb1513150336358-68add988-e9ea\u00a0\u00bb][vc_column_text]<\/p>\n<p><span style=\"color: #be0300;\"><strong>Domaines d&rsquo;application<\/strong><\/span><\/p>\n<p>Le masque est adapt\u00e9 \u00e0 un usage dans des environnements pollu\u00e9s par des produits chimiques ou biologiques et r\u00e9pond aux exigences les plus strictes en mati\u00e8re de protection des voies respiratoires. Il peut \u00eatre utilis\u00e9 dans l\u2019industrie chimique lourde, le secteur pharmaceutique, les laboratoires, les op\u00e9rations de pulv\u00e9risation et les op\u00e9rations de traitement.<\/p>\n<p>[\/vc_column_text][\/vc_tta_section][vc_tta_section i_icon_fontawesome=\u00a0\u00bbfa fa-thumbs-o-up\u00a0\u00bb add_icon=\u00a0\u00bbtrue\u00a0\u00bb title=\u00a0\u00bbCaract\u00e9ristiques et avantages\u00a0\u00bb tab_id=\u00a0\u00bb1513150336359-b7b65468-8021&Prime;][vc_column_text]<\/p>\n<p><span style=\"color: #be0300;\"><strong>Caract\u00e9ristiques et avantages<\/strong><\/span><\/p>\n<ul>\n<li>L\u00e9ger \u2013 435 g<\/li>\n<li>Grande r\u00e9sistance aux produits chimiques<\/li>\n<li>Visi\u00e8re sph\u00e9rique de qualit\u00e9 sup\u00e9rieure<\/li>\n<li>Rev\u00eatement anti-\u00e9raflures<\/li>\n<li>Harnais de t\u00eate \u00e0 six points<\/li>\n<li>Compatible avec une large gamme de filtres en cartouche<\/li>\n<li>Deux soupapes d\u2019expiration facilitant la respiration<\/li>\n<li>Rev\u00eatement de protection en option<\/li>\n<\/ul>\n<p>[\/vc_column_text][\/vc_tta_section][vc_tta_section i_icon_fontawesome=\u00a0\u00bbfa fa-cog\u00a0\u00bb add_icon=\u00a0\u00bbtrue\u00a0\u00bb title=\u00a0\u00bbKits complets, accessoires, filtres\u00a0\u00bb tab_id=\u00a0\u00bb1513153137048-5f8c31c5-30ea\u00a0\u00bb][vc_column_text]<\/p>\n<table style=\"width: 585px;\">\n<tbody>\n<tr>\n<td style=\"text-align: left; width: 585px;\" colspan=\"2\"><span style=\"color: #be0300;\"><strong>Ensembles complets<\/strong><\/span><\/td>\n<\/tr>\n<tr>\n<td style=\"text-align: left; width: 473px;\">Masque facial complet CF02 taille M<\/td>\n<td style=\"text-align: center; width: 112px;\">72 06 00M<\/td>\n<\/tr>\n<tr>\n<td style=\"text-align: left; width: 473px;\">Masque facial complet CF02 taille G<\/td>\n<td style=\"text-align: center; width: 112px;\">72 06 00L<\/td>\n<\/tr>\n<tr>\n<td style=\"text-align: left; width: 585px;\" colspan=\"2\"><span style=\"color: #be0300;\"><strong>Liste des pi\u00e8ces d\u00e9tach\u00e9es \/ accessoires<\/strong><\/span><\/td>\n<\/tr>\n<tr>\n<td style=\"width: 473px;\">Couvercle de soupape d\u2019exhalation et soupape d\u2019exhalation<\/td>\n<td style=\"text-align: center; width: 112px;\">72 06 96<\/td>\n<\/tr>\n<tr>\n<td style=\"text-align: left; width: 473px;\">Couvercle de soupape d\u2019inhalation et soupape d\u2019inhalation<\/td>\n<td style=\"text-align: center; width: 112px;\">72 06 95<\/td>\n<\/tr>\n<tr>\n<td style=\"text-align: left; width: 473px;\">Masque interne taille M (avec soupape interne et si\u00e8ge de soupape interne)<\/td>\n<td style=\"text-align: center; width: 112px;\">72 06 90M<\/td>\n<\/tr>\n<tr>\n<td style=\"text-align: left; width: 473px;\">Masque interne taille G (avec soupape interne et si\u00e8ge de soupape interne)<\/td>\n<td style=\"text-align: center; width: 112px;\">72 06 90L<\/td>\n<\/tr>\n<tr>\n<td style=\"text-align: left; width: 473px;\">Plaque de protection de visi\u00e8re<\/td>\n<td style=\"text-align: center; width: 112px;\">72 06 20<\/td>\n<\/tr>\n<tr>\n<td style=\"text-align: left; width: 473px;\">Harnais de t\u00eate<\/td>\n<td style=\"text-align: center; width: 112px;\">72 06 80<\/td>\n<\/tr>\n<tr>\n<td style=\"text-align: left; width: 585px;\" colspan=\"2\"><span style=\"color: #be0300;\"><strong>Shigematsu CF02 \u2013 filtres compatibles<\/strong><\/span><\/td>\n<\/tr>\n<tr>\n<td style=\"text-align: left; width: 585px;\" colspan=\"2\">Compatible avec tous les filtres CleanAIR\u00ae \u00e0 particule ou mixtes avec filetage RD40x1\/7&Prime;<\/td>\n<\/tr>\n<\/tbody>\n<\/table>\n<p>[\/vc_column_text][\/vc_tta_section][vc_tta_section i_icon_fontawesome=\u00a0\u00bbfa fa-wrench\u00a0\u00bb add_icon=\u00a0\u00bbtrue\u00a0\u00bb title=\u00a0\u00bbDonn\u00e9es techniques\u00a0\u00bb tab_id=\u00a0\u00bb1513153797992-792040b0-82c9&Prime;][vc_column_text]<\/p>\n<table>\n<tbody>\n<tr>\n<td style=\"text-align: left;\">Poids<\/td>\n<td style=\"text-align: center;\">435 g<\/td>\n<\/tr>\n<tr>\n<td style=\"text-align: left;\">Tailles disponibles<\/td>\n<td style=\"text-align: center;\">M, G<\/td>\n<\/tr>\n<tr>\n<td style=\"text-align: left;\">Mat\u00e9riau<\/td>\n<td style=\"text-align: center;\">Corps du masque \u2013 TPE \u00e9lastom\u00e8re thermoplastique<br \/>\nvisi\u00e8re \u2013 polycarbonate<br \/>\nhharnais de t\u00eate \u2013 TPU polybutyl\u00e8ne t\u00e9r\u00e9phthalate<\/td>\n<\/tr>\n<tr>\n<td style=\"text-align: left;\">Facteur de protection<br \/>\nnominale (NPF)<\/td>\n<td style=\"text-align: center;\">2 000<\/td>\n<\/tr>\n<tr>\n<td style=\"text-align: left;\">Raccord de tuyau et filtre<\/td>\n<td style=\"text-align: center;\">RD40\u00d71\/7\u201c<\/td>\n<\/tr>\n<tr>\n<td style=\"text-align: left;\">Certification<\/td>\n<td style=\"text-align: center;\">EN 12942 TM3<br \/>\nEN 136 CL3<\/td>\n<\/tr>\n<\/tbody>\n<\/table>\n<p>[\/vc_column_text][\/vc_tta_section][vc_tta_section i_icon_fontawesome=\u00a0\u00bbfa fa-download\u00a0\u00bb add_icon=\u00a0\u00bbtrue\u00a0\u00bb title=\u00a0\u00bbT\u00e9l\u00e9chargements\u00a0\u00bb tab_id=\u00a0\u00bb1513154098935-95c74e4f-fa1e\u00a0\u00bb][vc_column_text]<a href=\"https:\/\/www.clean-air.cz\/wp-content\/uploads\/2024\/07\/User-manual-CNA-041-R06-Shigematsu-CF02-72-06-00_DIGI.pdf\">User manual &#8211; Shigematsu CF02 &#8211; 72 06 00_DIGI<\/a><\/p>\n<p><a href=\"https:\/\/www.clean-air.cz\/wp-content\/uploads\/2024\/01\/DA-044_720600_Shigematsu_CF02_EN.pdf\">Datasheet \u2013 DA-044_720600_Shigematsu_CF02_EN<\/a><\/p>\n<p><a href=\"https:\/\/www.clean-air.cz\/wp-content\/uploads\/2024\/10\/PS-720600-1-R3-Shigematsu-CF02.pdf\">Declaration of Confornity &#8211; PS-720600-1-R3 Shigematsu CF02<\/a>[\/vc_column_text][\/vc_tta_section][vc_tta_section i_icon_fontawesome=\u00a0\u00bbfa fa-picture-o\u00a0\u00bb add_icon=\u00a0\u00bbtrue\u00a0\u00bb title=\u00a0\u00bbGalerie\u00a0\u00bb tab_id=\u00a0\u00bb1515415801460-0c2258c9-4574&Prime;][vc_gallery type=\u00a0\u00bbimage_grid\u00a0\u00bb images=\u00a0\u00bb2889&Prime; img_size=\u00a0\u00bbmedium\u00a0\u00bb css_animation=\u00a0\u00bbfadeIn\u00a0\u00bb css=\u00a0\u00bb.vc_custom_1530251840783{padding-left: 280px !important;}\u00a0\u00bb][\/vc_tta_section][\/vc_tta_tabs][\/vc_column][\/vc_row][vc_row][vc_column][vc_separator color=\u00a0\u00bbjuicy_pink\u00a0\u00bb][\/vc_column][\/vc_row]<\/p>\n","protected":false},"excerpt":{"rendered":"<p>[vc_row][vc_column width=\u00a0\u00bb1\/2&Prime;][vc_gallery interval=\u00a0\u00bb3&Prime; images=\u00a0\u00bb2889&Prime; img_size=\u00a0\u00bblarge\u00a0\u00bb][\/vc_column][vc_column width=\u00a0\u00bb1\/2&Prime;][vc_column_text] Masque complet l\u00e9ger avec visi\u00e8re de qualit\u00e9 sup\u00e9rieure CF02 est un masque complet l\u00e9ger adapt\u00e9 \u00e0 des environnements exigeant des normes de protection chimique strictes. Le masque est compatible avec une large gamme de filtres en cartouche standards et avec les respirateurs motoris\u00e9s d\u2019air purifi\u00e9 CleanAIR\u00ae. Le masque poss\u00e8de une visi\u00e8re sph\u00e9rique de qualit\u00e9 sup\u00e9rieure qui minimise la distance entre les yeux et la<\/p>\n<p><a class=\"more-link\" href=\"https:\/\/www.clean-air.cz\/fr\/headtops\/masks\/fullface-mask-cf02\/\">Lire la suite&#8230;<\/a><\/p>\n","protected":false},"author":11,"featured_media":0,"parent":5342,"menu_order":0,"comment_status":"closed","ping_status":"closed","template":"","meta":{"footnotes":""},"_links":{"self":[{"href":"https:\/\/www.clean-air.cz\/fr\/wp-json\/wp\/v2\/pages\/5340"}],"collection":[{"href":"https:\/\/www.clean-air.cz\/fr\/wp-json\/wp\/v2\/pages"}],"about":[{"href":"https:\/\/www.clean-air.cz\/fr\/wp-json\/wp\/v2\/types\/page"}],"author":[{"embeddable":true,"href":"https:\/\/www.clean-air.cz\/fr\/wp-json\/wp\/v2\/users\/11"}],"replies":[{"embeddable":true,"href":"https:\/\/www.clean-air.cz\/fr\/wp-json\/wp\/v2\/comments?post=5340"}],"version-history":[{"count":0,"href":"https:\/\/www.clean-air.cz\/fr\/wp-json\/wp\/v2\/pages\/5340\/revisions"}],"up":[{"embeddable":true,"href":"https:\/\/www.clean-air.cz\/fr\/wp-json\/wp\/v2\/pages\/5342"}],"wp:attachment":[{"href":"https:\/\/www.clean-air.cz\/fr\/wp-json\/wp\/v2\/media?parent=5340"}],"curies":[{"name":"wp","href":"https:\/\/api.w.org\/{rel}","templated":true}]}}