{"id":5339,"date":"2018-06-29T08:26:32","date_gmt":"2018-06-29T06:26:32","guid":{"rendered":"https:\/\/www.clean-air.cz\/half-mask-ca-5\/"},"modified":"2026-01-27T09:14:16","modified_gmt":"2026-01-27T08:14:16","slug":"half-mask-ca-5","status":"publish","type":"page","link":"https:\/\/www.clean-air.cz\/fr\/headtops\/masks\/half-mask-ca-5\/","title":{"rendered":"Demi-masque CA-5"},"content":{"rendered":"<p>[vc_row][vc_column width=\u00a0\u00bb1\/2&Prime;][vc_gallery interval=\u00a0\u00bb3&Prime; images=\u00a0\u00bb2874&Prime; img_size=\u00a0\u00bblarge\u00a0\u00bb][\/vc_column][vc_column width=\u00a0\u00bb1\/2&Prime;][vc_column_text]<strong><span style=\"font-size: 14pt; color: #be0300;\">Ce demi-masque \u00e0 filtre universel unique<\/span><\/strong><\/p>\n<p>et filetage de raccord RD40\u00d71\/7&Prime; conforme \u00e0 la norme NE 148-1 est fabriqu\u00e9 \u00e0 partir<br \/>\nd\u2019\u00e9lastom\u00e8re thermoplastique r\u00e9sistant et poss\u00e8de un harnais de t\u00eate \u00e0 quatre points garantissant une adaptation confortable et s\u00fbre. Son filetage de raccord de 40 mm est compatible avec des filtres \u00e0 cartouche agr\u00e9\u00e9s pesant moins de 300 g ou avec des appareil respiratoire avec purification de l\u2019air CleanAIR\u00ae.[\/vc_column_text][vc_btn title=\u00a0\u00bbD\u00e9couvrez notre gamme compl\u00e8te de masques !\u00a0\u00bb shape=\u00a0\u00bbsquare\u00a0\u00bb color=\u00a0\u00bbjuicy-pink\u00a0\u00bb size=\u00a0\u00bblg\u00a0\u00bb align=\u00a0\u00bbleft\u00a0\u00bb i_icon_fontawesome=\u00a0\u00bbfa fa-info-circle\u00a0\u00bb css_animation=\u00a0\u00bbnone\u00a0\u00bb add_icon=\u00a0\u00bbtrue\u00a0\u00bb link=\u00a0\u00bburl:https%3A%2F%2Fwww.clean-air.cz%2Ffr%2Fheadtops%2Fmasks%2F|title:D%C3%A9couvrez%20notre%20gamme%20compl%C3%A8te%20de%20cagoules%20l%C3%A9g%C3%A8res%20%21|\u00a0\u00bb][\/vc_column][\/vc_row][vc_row][vc_column][vc_tta_tabs style=\u00a0\u00bbmodern\u00a0\u00bb shape=\u00a0\u00bbsquare\u00a0\u00bb active_section=\u00a0\u00bb1&Prime; no_fill_content_area=\u00a0\u00bbtrue\u00a0\u00bb title=\u00a0\u00bbD\u00e9tails\u00a0\u00bb][vc_tta_section i_icon_fontawesome=\u00a0\u00bbfa fa-industry\u00a0\u00bb add_icon=\u00a0\u00bbtrue\u00a0\u00bb title=\u00a0\u00bbDomaines d\u2019application\u00a0\u00bb tab_id=\u00a0\u00bb1513150336358-68add988-e9ea\u00a0\u00bb][vc_column_text]<span style=\"color: #be0300;\"><strong>Domaines d\u2019application<\/strong><\/span><\/p>\n<ul>\n<li>Environnements industriels l\u00e9gers<\/li>\n<li>B\u00e2timent<\/li>\n<li>Agriculture<\/li>\n<\/ul>\n<p>[\/vc_column_text][\/vc_tta_section][vc_tta_section i_icon_fontawesome=\u00a0\u00bbfa fa-thumbs-o-up\u00a0\u00bb add_icon=\u00a0\u00bbtrue\u00a0\u00bb title=\u00a0\u00bbCaract\u00e9ristiques et avantages\u00a0\u00bb tab_id=\u00a0\u00bb1513150336359-b7b65468-8021&Prime;][vc_column_text]<span style=\"color: #be0300;\"><strong>Caract\u00e9ristiques et avantages<\/strong><\/p>\n<ul>\n<li>L\u00e9ger, tr\u00e8s confortable<\/li>\n<li>Taille universelle<\/li>\n<li>Filetage de raccord standard conforme \u00e0 la norme NE 148-1<\/li>\n<\/ul>\n<p>[\/vc_column_text][\/vc_tta_section][vc_tta_section i_icon_fontawesome=\u00a0\u00bbfa fa-cog\u00a0\u00bb add_icon=\u00a0\u00bbtrue\u00a0\u00bb title=\u00a0\u00bbKits complets, accessoires, filtres\u00a0\u00bb tab_id=\u00a0\u00bb1513153137048-5f8c31c5-30ea\u00a0\u00bb][vc_column_text]<\/p>\n<table>\n<tbody>\n<tr>\n<td style=\"text-align: left;\" colspan=\"2\"><span style=\"color: #be0300;\"><strong>Ensembles complets<\/strong><\/span><\/td>\n<\/tr>\n<tr>\n<td style=\"text-align: left;\">Demi-masque CA-5<\/td>\n<td style=\"text-align: center;\">70 05 00<\/td>\n<\/tr>\n<tr>\n<td style=\"text-align: left;\" colspan=\"2\"><span style=\"color: #be0300;\"><strong>Liste des pi\u00e8ces d\u00e9tach\u00e9es \/ accessoires<\/strong><\/span><\/td>\n<\/tr>\n<tr>\n<td style=\"text-align: left;\">Harnais de t\u00eate<\/td>\n<td style=\"text-align: center;\">70 05 03<\/td>\n<\/tr>\n<tr>\n<td style=\"text-align: left;\">Valve d\u2019inhalation \u2013 ensemble<\/td>\n<td style=\"text-align: center;\">70 05 07<\/td>\n<\/tr>\n<tr>\n<td style=\"text-align: left;\">Valve d\u2019expiration \u2013 ensemble<\/td>\n<td style=\"text-align: center;\">70 05 08<\/td>\n<\/tr>\n<\/tbody>\n<\/table>\n<p>[\/vc_column_text][\/vc_tta_section][vc_tta_section i_icon_fontawesome=\u00a0\u00bbfa fa-wrench\u00a0\u00bb add_icon=\u00a0\u00bbtrue\u00a0\u00bb title=\u00a0\u00bbDonn\u00e9es techniques\u00a0\u00bb tab_id=\u00a0\u00bb1513153797992-792040b0-82c9&Prime;][vc_column_text]<\/p>\n<table>\n<tbody>\n<tr>\n<td style=\"text-align: left;\">Poids<\/td>\n<td style=\"text-align: center;\">115 g<\/td>\n<\/tr>\n<tr>\n<td style=\"text-align: left;\">Taille<\/td>\n<td style=\"text-align: center;\">Taille universelle<\/td>\n<\/tr>\n<tr>\n<td style=\"text-align: left;\">Mat\u00e9riau<\/td>\n<td style=\"text-align: center;\">Caoutchouc TPE<\/td>\n<\/tr>\n<tr>\n<td style=\"text-align: left;\">Raccord<\/td>\n<td style=\"text-align: center;\">RD40\u00d71\/7&Prime;<\/td>\n<\/tr>\n<tr>\n<td style=\"text-align: left;\">Facteur de protection (NPF)<\/td>\n<td style=\"text-align: center;\">200<\/td>\n<\/tr>\n<tr>\n<td style=\"text-align: left;\">Certification<\/td>\n<td style=\"text-align: center;\">NE 140, NE 12942 TM2<\/td>\n<\/tr>\n<\/tbody>\n<\/table>\n<p>[\/vc_column_text][\/vc_tta_section][vc_tta_section i_icon_fontawesome=\u00a0\u00bbfa fa-download\u00a0\u00bb add_icon=\u00a0\u00bbtrue\u00a0\u00bb title=\u00a0\u00bbT\u00e9l\u00e9chargements\u00a0\u00bb tab_id=\u00a0\u00bb1513154098935-95c74e4f-fa1e\u00a0\u00bb][vc_column_text]<strong><a href=\"https:\/\/www.clean-air.cz\/wp-content\/uploads\/2018\/08\/NA-037-R1-Headpieces-multi-3.pdf\" target=\"_blank\" rel=\"noopener noreferrer\">Pi\u00e8ces faciales NA-037-R1 multi<\/a><\/strong><\/p>\n<p><strong><a href=\"https:\/\/www.clean-air.cz\/wp-content\/uploads\/2018\/09\/PS-700500-1-R0-CA-5.pdf\" target=\"_blank\" rel=\"noopener noreferrer\">PS-700500-1-R0 CA-5<\/a><\/strong>[\/vc_column_text][\/vc_tta_section][vc_tta_section i_icon_fontawesome=\u00a0\u00bbfa fa-picture-o\u00a0\u00bb add_icon=\u00a0\u00bbtrue\u00a0\u00bb title=\u00a0\u00bbGalerie\u00a0\u00bb tab_id=\u00a0\u00bb1515415801460-0c2258c9-4574&Prime;][vc_gallery type=\u00a0\u00bbimage_grid\u00a0\u00bb images=\u00a0\u00bb2874&Prime; img_size=\u00a0\u00bbmedium\u00a0\u00bb css_animation=\u00a0\u00bbfadeIn\u00a0\u00bb css=\u00a0\u00bb.vc_custom_1530253586793{padding-left: 280px !important;}\u00a0\u00bb][\/vc_tta_section][\/vc_tta_tabs][\/vc_column][\/vc_row][vc_row][vc_column][vc_separator][\/vc_column][\/vc_row][vc_row full_width=\u00a0\u00bbstretch_row\u00a0\u00bb content_placement=\u00a0\u00bbmiddle\u00a0\u00bb][vc_column][vc_images_carousel images=\u00a0\u00bb573,15582&Prime; img_size=\u00a0\u00bblarge\u00a0\u00bb onclick=\u00a0\u00bbcustom_link\u00a0\u00bb slides_per_view=\u00a0\u00bb4&Prime; autoplay=\u00a0\u00bbyes\u00a0\u00bb wrap=\u00a0\u00bbyes\u00a0\u00bb title=\u00a0\u00bbGamme d\u2019appareils respiratoires avec purification de l\u2019air compatibles\u00a0\u00bb custom_links=\u00a0\u00bb#E-8_JUZEJUM4JTVFJTlBJTI3JTFBJTk3dyVGRiVGRCVDOCU1RSU5QSUyNyUxQSU5N2clRkY=\u00a0\u00bb css=\u00a0\u00bb.vc_custom_1535358728198{padding-left: 0px !important;}\u00a0\u00bb][\/vc_column][\/vc_row][vc_row][vc_column][vc_separator color=\u00a0\u00bbjuicy_pink\u00a0\u00bb][\/vc_column][\/vc_row]<\/p>\n","protected":false},"excerpt":{"rendered":"<p>[vc_row][vc_column width=\u00a0\u00bb1\/2&Prime;][vc_gallery interval=\u00a0\u00bb3&Prime; images=\u00a0\u00bb2874&Prime; img_size=\u00a0\u00bblarge\u00a0\u00bb][\/vc_column][vc_column width=\u00a0\u00bb1\/2&Prime;][vc_column_text]Ce demi-masque \u00e0 filtre universel unique et filetage de raccord RD40\u00d71\/7&Prime; conforme \u00e0 la norme NE 148-1 est fabriqu\u00e9 \u00e0 partir d\u2019\u00e9lastom\u00e8re thermoplastique r\u00e9sistant et poss\u00e8de un harnais de t\u00eate \u00e0 quatre points garantissant une adaptation confortable et s\u00fbre. Son filetage de raccord de 40 mm est compatible avec des filtres \u00e0 cartouche agr\u00e9\u00e9s pesant moins de 300 g ou avec des appareil respiratoire avec<\/p>\n<p><a class=\"more-link\" href=\"https:\/\/www.clean-air.cz\/fr\/headtops\/masks\/half-mask-ca-5\/\">Lire la suite&#8230;<\/a><\/p>\n","protected":false},"author":11,"featured_media":0,"parent":5342,"menu_order":0,"comment_status":"closed","ping_status":"closed","template":"","meta":{"footnotes":""},"_links":{"self":[{"href":"https:\/\/www.clean-air.cz\/fr\/wp-json\/wp\/v2\/pages\/5339"}],"collection":[{"href":"https:\/\/www.clean-air.cz\/fr\/wp-json\/wp\/v2\/pages"}],"about":[{"href":"https:\/\/www.clean-air.cz\/fr\/wp-json\/wp\/v2\/types\/page"}],"author":[{"embeddable":true,"href":"https:\/\/www.clean-air.cz\/fr\/wp-json\/wp\/v2\/users\/11"}],"replies":[{"embeddable":true,"href":"https:\/\/www.clean-air.cz\/fr\/wp-json\/wp\/v2\/comments?post=5339"}],"version-history":[{"count":0,"href":"https:\/\/www.clean-air.cz\/fr\/wp-json\/wp\/v2\/pages\/5339\/revisions"}],"up":[{"embeddable":true,"href":"https:\/\/www.clean-air.cz\/fr\/wp-json\/wp\/v2\/pages\/5342"}],"wp:attachment":[{"href":"https:\/\/www.clean-air.cz\/fr\/wp-json\/wp\/v2\/media?parent=5339"}],"curies":[{"name":"wp","href":"https:\/\/api.w.org\/{rel}","templated":true}]}}