{"id":5338,"date":"2018-06-29T08:56:59","date_gmt":"2018-06-29T06:56:59","guid":{"rendered":"https:\/\/www.clean-air.cz\/papr\/"},"modified":"2026-01-23T15:03:57","modified_gmt":"2026-01-23T14:03:57","slug":"papr","status":"publish","type":"page","link":"https:\/\/www.clean-air.cz\/fr\/papr\/","title":{"rendered":"Syst\u00e8me individuel de protection des voies respiratoires"},"content":{"rendered":"<p>[vc_row css=\u00a0\u00bb.vc_custom_1515063137650{background-color: #ffffff !important;}\u00a0\u00bb][vc_column][vc_column_text]<strong>Le syst\u00e8me individuel de protection des voies respiratoires\u00a0CleanAIR<sup><span style=\"font-size: medium;\">\u00ae<\/span><\/sup><\/strong> est bas\u00e9 sur le principe de la pr\u00e9sence d\u2019une l\u00e9g\u00e8re surpression de l\u2019air filtr\u00e9 dans la zone de respiration. L\u2019appareil respiratoire est plac\u00e9 \u00e0 la ceinture du porteur. Il filtre l\u2019air de l\u2019environnement et le distribue \u00e0 travers un tuyau vers un masque ou une cagoule de protection. La surpression emp\u00eache les polluants d\u2019entrer dans la zone de respiration. Cette l\u00e9g\u00e8re surpression est en m\u00eame temps source de confort pour le porteur m\u00eame en cas d\u2019utilisation prolong\u00e9e, car celui-ci n\u2019a pas \u00e0 surmonter la r\u00e9sistance respiratoire des filtres.[\/vc_column_text][vc_tta_tour style=\u00a0\u00bbmodern\u00a0\u00bb shape=\u00a0\u00bbsquare\u00a0\u00bb gap=\u00a0\u00bb1&Prime; active_section=\u00a0\u00bb1&Prime; no_fill_content_area=\u00a0\u00bbtrue\u00a0\u00bb][vc_tta_section title=\u00a0\u00bbAerGO\u00ae\u00a0\u00bb tab_id=\u00a0\u00bb1515061200914-4dd3150e-98ab\u00a0\u00bb][vc_column_text]<img loading=\"lazy\" decoding=\"async\" class=\"size-medium wp-image-355 alignnone\" src=\"https:\/\/www.clean-air.cz\/wp-content\/uploads\/2018\/06\/AerGO_particle_standard-iso-copy-300x160.jpg\" alt=\"\" width=\"300\" height=\"160\" \/><\/p>\n<h3>CleanAIR<sup>\u00ae<\/sup>\u00a0AerGO<sup>\u00ae<\/sup><\/h3>\n<p>CleanAIR<strong><sup>\u00ae<\/sup><\/strong>\u00a0AerGO<strong><sup>\u00ae<\/sup><\/strong>\u00a0est un appareil respiratoire avec purification de l\u2019air universel\u00a0con\u00e7u pour offrir une protection individuelle des voies respiratoires dans des environnements industriels poussi\u00e9reux, y compris les zones avec polluants sous forme de gaz ou de vapeurs. L\u2019unit\u00e9 est fournie\u00a0avec un syst\u00e8me de contr\u00f4le offrant un d\u00e9bit d\u2019air constant avec un syst\u00e8me \u00e9lectronique avanc\u00e9 pour avertir le porteur en cas de baisse soudaine du flux ou d\u2019une batterie d\u00e9charg\u00e9e. La forme ergonomique, le profil l\u00e9ger\u00a0et fin de l\u2019unit\u00e9 garantissent un grand niveau de confort pour l\u2019utilisateur, m\u00eame dans des environnements o\u00f9 l\u2019amplitude de mouvement est limit\u00e9e.\u00a0L\u2019unit\u00e9 est compatible avec une large gamme de pi\u00e8ces faciales CleanAIR\u00ae pour diff\u00e9rentes applications industrielles.<\/p>\n<p><strong>Domaines d\u2019application<\/strong><\/p>\n<ul>\n<li>Environnements industriels poussi\u00e9reux, y compris les zones avec polluants sous forme de gaz ou de vapeurs<\/li>\n<li>Soudage, meulage, op\u00e9rations de finition de surface<\/li>\n<\/ul>\n<p>[\/vc_column_text][vc_btn title=\u00a0\u00bbVoir la page du produit\u00a0\u00bb shape=\u00a0\u00bbsquare\u00a0\u00bb color=\u00a0\u00bbjuicy-pink\u00a0\u00bb i_icon_fontawesome=\u00a0\u00bbfa fa-arrow-right\u00a0\u00bb add_icon=\u00a0\u00bbtrue\u00a0\u00bb link=\u00a0\u00bburl:https%3A%2F%2Fwww.clean-air.cz%2Ffr%2Fpapr%2Faergo%2F|title:CleanAIR%C2%AE%20AerGO%C2%AE|\u00a0\u00bb][\/vc_tta_section][vc_tta_section title=\u00a0\u00bbBasic\u00a0\u00bb tab_id=\u00a0\u00bb1530276190645-38128f59-6835&Prime;][vc_column_text]<img loading=\"lazy\" decoding=\"async\" class=\"wp-image-358 size-medium alignnone\" src=\"https:\/\/www.clean-air.cz\/wp-content\/uploads\/2018\/06\/EVO_shadow-iso-copy-300x300.jpg\" alt=\"\" width=\"300\" height=\"300\" srcset=\"https:\/\/www.clean-air.cz\/wp-content\/uploads\/2018\/06\/EVO_shadow-iso-copy-300x300.jpg 300w, https:\/\/www.clean-air.cz\/wp-content\/uploads\/2018\/06\/EVO_shadow-iso-copy-150x150.jpg 150w, https:\/\/www.clean-air.cz\/wp-content\/uploads\/2018\/06\/EVO_shadow-iso-copy-768x768.jpg 768w, https:\/\/www.clean-air.cz\/wp-content\/uploads\/2018\/06\/EVO_shadow-iso-copy.jpg 800w, https:\/\/www.clean-air.cz\/wp-content\/uploads\/2018\/06\/EVO_shadow-iso-copy-250x250.jpg 250w\" sizes=\"(max-width: 300px) 100vw, 300px\" \/><\/p>\n<h3>CleanAIR<sup>\u00ae<\/sup> Basic<\/h3>\n<p>CleanAIR<strong><sup>\u00ae<\/sup><\/strong> Basic r\u00e9unit une confection \u00e9prouv\u00e9e, un nouveau look et la toute nouvelle technologie.<br \/>\nL\u2019unit\u00e9 Basic\u00a0 apporte une protection efficace dans des environnements contenant des particules dangereuses sous forme solide et des a\u00e9rosols liquides (comme la poussi\u00e8re, la fum\u00e9e, les vapeurs et les fibres). Elle est \u00e9quip\u00e9e de la fonction de contr\u00f4le \u00e9lectronique constant du flux d\u2019air, avec un syst\u00e8me avanc\u00e9 alertant le porteur en cas de faible d\u00e9bit et une batterie Li-Ion. Le d\u00e9bit est r\u00e9glable de mani\u00e8re individuelle (de 170 l\/min \u00e0 plus de 240 l\/min) d\u2019une simple touche d\u2019un bouton. Toutes les informations pertinentes sont clairement visibles sur le panneau de contr\u00f4le LED au nouveau design.<\/p>\n<p><strong>Domaines d\u2019application<\/strong><br \/>\nSoudage, meulage, op\u00e9rations de finition de surface. Environnements industriels poussi\u00e9reux, secteur automobile, chantiers navals, construction et transformation alimentaire.[\/vc_column_text][vc_btn title=\u00a0\u00bbVoir la page du produit\u00a0\u00bb shape=\u00a0\u00bbsquare\u00a0\u00bb color=\u00a0\u00bbjuicy-pink\u00a0\u00bb i_icon_fontawesome=\u00a0\u00bbfa fa-arrow-right\u00a0\u00bb add_icon=\u00a0\u00bbtrue\u00a0\u00bb link=\u00a0\u00bburl:https%3A%2F%2Fwww.clean-air.cz%2Ffr%2Fpapr%2Fbasic%2F|title:CleanAIR%C2%AE%20Basic|\u00a0\u00bb][\/vc_tta_section][vc_tta_section title=\u00a0\u00bbChemical 2F\u00a0\u00bb tab_id=\u00a0\u00bb1530276639151-8a5aee0e-3ef5&Prime;][vc_column_text]<img loading=\"lazy\" decoding=\"async\" class=\"wp-image-369 size-medium alignnone\" src=\"https:\/\/www.clean-air.cz\/wp-content\/uploads\/2018\/06\/2F-iso-copy-300x208.jpg\" alt=\"\" width=\"300\" height=\"208\" srcset=\"https:\/\/www.clean-air.cz\/wp-content\/uploads\/2018\/06\/2F-iso-copy-300x208.jpg 300w, https:\/\/www.clean-air.cz\/wp-content\/uploads\/2018\/06\/2F-iso-copy-768x531.jpg 768w, https:\/\/www.clean-air.cz\/wp-content\/uploads\/2018\/06\/2F-iso-copy-1024x709.jpg 1024w, https:\/\/www.clean-air.cz\/wp-content\/uploads\/2018\/06\/2F-iso-copy-800x554.jpg 800w, https:\/\/www.clean-air.cz\/wp-content\/uploads\/2018\/06\/2F-iso-copy.jpg 1156w\" sizes=\"(max-width: 300px) 100vw, 300px\" \/><\/p>\n<h3>Chemical 2F<\/h3>\n<p>La nouvelle g\u00e9n\u00e9ration d\u2019appareils respiratoires avec purification de l\u2019air filtre les polluants sous la forme de gaz, vapeurs, particules et combinaisons de ceux-ci. En d\u00e9pit de sa petite taille et de sa l\u00e9g\u00e8ret\u00e9, l\u2019unit\u00e9 Chemical 2F poss\u00e8de une grande r\u00e9sistance m\u00e9canique, chimique et UV. La conception de l\u2019unit\u00e9 permet un nettoyage facile dans la douche gr\u00e2ce \u00e0 son \u00e9tanch\u00e9it\u00e9 IP65. Le syst\u00e8me de fermeture automatique unique emp\u00eache toute contamination involontaire de l\u2019unit\u00e9 par des particules\u00a0lors du changement des filtres. Un \u00e9cran en couleurs riches affiche clairement toutes les informations pertinentes.<\/p>\n<p><strong>Domaines d\u2019application<\/strong><br \/>\nSecteur chimique, laboratoires, secteur pharmaceutique[\/vc_column_text][vc_btn title=\u00a0\u00bbVoir la page du produit\u00a0\u00bb shape=\u00a0\u00bbsquare\u00a0\u00bb color=\u00a0\u00bbjuicy-pink\u00a0\u00bb i_icon_fontawesome=\u00a0\u00bbfa fa-arrow-right\u00a0\u00bb add_icon=\u00a0\u00bbtrue\u00a0\u00bb link=\u00a0\u00bburl:https%3A%2F%2Fwww.clean-air.cz%2Ffr%2Fpapr%2Fchemical-2f%2F|title:CleanAIR%C2%AE%20Chemical%202F|\u00a0\u00bb][\/vc_tta_section][vc_tta_section title=\u00a0\u00bbChemical 2F Ex\u00a0\u00bb tab_id=\u00a0\u00bb1574166504512-b25b76a4-3453&Prime;][vc_column_text]<img loading=\"lazy\" decoding=\"async\" class=\"alignnone wp-image-7474 size-medium\" src=\"https:\/\/www.clean-air.cz\/wp-content\/uploads\/2019\/11\/2F_Ex-iso-copy-300x197.jpg\" alt=\"\" width=\"300\" height=\"197\" srcset=\"https:\/\/www.clean-air.cz\/wp-content\/uploads\/2019\/11\/2F_Ex-iso-copy-300x197.jpg 300w, https:\/\/www.clean-air.cz\/wp-content\/uploads\/2019\/11\/2F_Ex-iso-copy-1024x672.jpg 1024w, https:\/\/www.clean-air.cz\/wp-content\/uploads\/2019\/11\/2F_Ex-iso-copy-768x504.jpg 768w, https:\/\/www.clean-air.cz\/wp-content\/uploads\/2019\/11\/2F_Ex-iso-copy-1536x1008.jpg 1536w, https:\/\/www.clean-air.cz\/wp-content\/uploads\/2019\/11\/2F_Ex-iso-copy-800x525.jpg 800w, https:\/\/www.clean-air.cz\/wp-content\/uploads\/2019\/11\/2F_Ex-iso-copy.jpg 1628w\" sizes=\"(max-width: 300px) 100vw, 300px\" \/><\/p>\n<h3>Chemical 2F Ex<\/h3>\n<p>Outre son design compact et son poids l\u00e9ger, Chemical 2F se caract\u00e9rise par son incroyable durabilit\u00e9, sa r\u00e9sistance aux produits chimiques et son grand indice d\u2019imperm\u00e9abilit\u00e9.<\/p>\n<p><strong>Domaines d\u2019application<\/strong><\/p>\n<ul>\n<li>Atmosph\u00e8res potentiellement explosives \u2013 approuv\u00e9es pour la zone 2<\/li>\n<li>Environnements industriels lourds, notamment l&rsquo;industrie chimique et pharmaceutique<\/li>\n<li>Op\u00e9rations d&rsquo;assainissement, laboratoires<\/li>\n<li>Premiers intervenants et \u00e9quipes d&rsquo;urgence<\/li>\n<li>Protection biologique<\/li>\n<\/ul>\n<p>[\/vc_column_text][vc_btn title=\u00a0\u00bbVoir la page du produit\u00a0\u00bb shape=\u00a0\u00bbsquare\u00a0\u00bb color=\u00a0\u00bbjuicy-pink\u00a0\u00bb i_icon_fontawesome=\u00a0\u00bbfa fa-arrow-right\u00a0\u00bb add_icon=\u00a0\u00bbtrue\u00a0\u00bb link=\u00a0\u00bburl:https%3A%2F%2Fwww.clean-air.cz%2Ffr%2Fpapr%2Fcleanair-chemical-2f-ex%2F|title:CleanAIR%C2%AE%20Chemical%202F|\u00a0\u00bb][\/vc_tta_section][vc_tta_section title=\u00a0\u00bbChemical 3F\u00a0\u00bb tab_id=\u00a0\u00bb1530276736801-eac49e6a-fd68&Prime;][vc_column_text]<img loading=\"lazy\" decoding=\"async\" class=\"wp-image-386 size-medium alignnone\" src=\"https:\/\/www.clean-air.cz\/wp-content\/uploads\/2018\/06\/3F_filters-iso-copy-300x227.jpg\" alt=\"\" width=\"300\" height=\"227\" srcset=\"https:\/\/www.clean-air.cz\/wp-content\/uploads\/2018\/06\/3F_filters-iso-copy-300x227.jpg 300w, https:\/\/www.clean-air.cz\/wp-content\/uploads\/2018\/06\/3F_filters-iso-copy-768x582.jpg 768w, https:\/\/www.clean-air.cz\/wp-content\/uploads\/2018\/06\/3F_filters-iso-copy-1024x776.jpg 1024w, https:\/\/www.clean-air.cz\/wp-content\/uploads\/2018\/06\/3F_filters-iso-copy-800x606.jpg 800w, https:\/\/www.clean-air.cz\/wp-content\/uploads\/2018\/06\/3F_filters-iso-copy.jpg 1056w\" sizes=\"(max-width: 300px) 100vw, 300px\" \/><\/p>\n<h3>Chemical 3F<\/h3>\n<p>Excellentes performances, r\u00e9sistance m\u00e9canique et chimique, r\u00e9sistance aux UV et \u00e9tanch\u00e9it\u00e9 IP64, garantie d&rsquo;une protection suffisante du porteur m\u00eame dans des environnements industriels contraignants comme le secteur chimique, les laboratoires et le secteur pharmaceutique. L\u2019\u00e9cran en couleurs riches montre clairement toutes les informations pertinentes.<\/p>\n<p><strong>Domaines d\u2019application<\/strong><br \/>\nSecteur chimique, laboratoires, secteur pharmaceutique[\/vc_column_text][vc_btn title=\u00a0\u00bbVoir la page du produit\u00a0\u00bb shape=\u00a0\u00bbsquare\u00a0\u00bb color=\u00a0\u00bbjuicy-pink\u00a0\u00bb i_icon_fontawesome=\u00a0\u00bbfa fa-arrow-right\u00a0\u00bb add_icon=\u00a0\u00bbtrue\u00a0\u00bb link=\u00a0\u00bburl:https%3A%2F%2Fwww.clean-air.cz%2Ffr%2Fpapr%2Fchemical-3f%2F|title:CleanAIR%C2%AE%20Chemical%203F|\u00a0\u00bb][\/vc_tta_section][vc_tta_section title=\u00a0\u00bbAsbest\u00a0\u00bb tab_id=\u00a0\u00bb1530276814908-b565dc22-47f8&Prime;][vc_column_text]<img loading=\"lazy\" decoding=\"async\" class=\"wp-image-390 size-medium alignnone\" src=\"https:\/\/www.clean-air.cz\/wp-content\/uploads\/2018\/06\/ca-asbest-264x300.jpg\" alt=\"\" width=\"264\" height=\"300\" \/><\/p>\n<h3>CleanAIR<sup>\u00ae<\/sup>\u00a0Asbest<\/h3>\n<p>CleanAIR<strong><sup>\u00ae<\/sup><\/strong>\u00a0Asbest est un appareil respiratoire avec purification de l\u2019air tr\u00e8s l\u00e9ger et compact, con\u00e7u pour une protection active des voies respiratoires et du visage durant\u00a0le traitement de mat\u00e9riaux contenant de l\u2019amiante.<\/p>\n<p>Le syst\u00e8me est disponible avec deux masques diff\u00e9rents \u2013 Shigematsu GX02 et CF02.<\/p>\n<p><strong>Domaines d\u2019application<\/strong><br \/>\nSecteur du b\u00e2timent, op\u00e9rations de traitement.[\/vc_column_text][vc_btn title=\u00a0\u00bbVoir la page du produit\u00a0\u00bb shape=\u00a0\u00bbsquare\u00a0\u00bb color=\u00a0\u00bbjuicy-pink\u00a0\u00bb i_icon_fontawesome=\u00a0\u00bbfa fa-arrow-right\u00a0\u00bb add_icon=\u00a0\u00bbtrue\u00a0\u00bb link=\u00a0\u00bburl:https%3A%2F%2Fwww.clean-air.cz%2Ffr%2Fpapr%2Fasbest%2F|title:CleanAIR%C2%AE%20Asbest|\u00a0\u00bb][\/vc_tta_section][vc_tta_section title=\u00a0\u00bbMedicAER\u00a0\u00bb tab_id=\u00a0\u00bb1689328489620-7e37d529-c7de\u00a0\u00bb][vc_column_text]<img loading=\"lazy\" decoding=\"async\" class=\"alignnone size-medium wp-image-16040\" src=\"https:\/\/www.clean-air.cz\/wp-content\/uploads\/2022\/04\/MedicAER-iso-1-300x202.jpg\" alt=\"\" width=\"300\" height=\"202\" srcset=\"https:\/\/www.clean-air.cz\/wp-content\/uploads\/2022\/04\/MedicAER-iso-1-300x202.jpg 300w, https:\/\/www.clean-air.cz\/wp-content\/uploads\/2022\/04\/MedicAER-iso-1-1024x690.jpg 1024w, https:\/\/www.clean-air.cz\/wp-content\/uploads\/2022\/04\/MedicAER-iso-1-768x517.jpg 768w, https:\/\/www.clean-air.cz\/wp-content\/uploads\/2022\/04\/MedicAER-iso-1-1536x1035.jpg 1536w, https:\/\/www.clean-air.cz\/wp-content\/uploads\/2022\/04\/MedicAER-iso-1-800x539.jpg 800w, https:\/\/www.clean-air.cz\/wp-content\/uploads\/2022\/04\/MedicAER-iso-1.jpg 1686w\" sizes=\"(max-width: 300px) 100vw, 300px\" \/><\/p>\n<p><span style=\"color: #000000; font-size: 12pt;\"><strong>CleanAIR MedicAER<\/strong><\/span><\/p>\n<p>Respirateur \u00e0 ventilation assist\u00e9e sp\u00e9cialement con\u00e7u pour la protection des personnels de sant\u00e9, des \u00e9quipes d&rsquo;urgence ou autres professionnels confront\u00e9s \u00e0 une contamination biologique et virale.<\/p>\n<p><strong>Domaines d\u2019application<\/strong><\/p>\n<p>Soins de sant\u00e9 et interventions d&rsquo;urgence, laboratoires et industrie pharmaceutique[\/vc_column_text][vc_btn title=\u00a0\u00bbVoir la page du produit\u00a0\u00bb color=\u00a0\u00bbjuicy-pink\u00a0\u00bb link=\u00a0\u00bburl:https%3A%2F%2Fwww.clean-air.cz%2Ffr%2Fpapr%2Fcleanair-medicaer%2F|\u00a0\u00bb][\/vc_tta_section][\/vc_tta_tour][\/vc_column][\/vc_row][vc_row][vc_column][\/vc_column][\/vc_row]<\/p>\n","protected":false},"excerpt":{"rendered":"<p>[vc_row css=\u00a0\u00bb.vc_custom_1515063137650{background-color: #ffffff !important;}\u00a0\u00bb][vc_column][vc_column_text]Le syst\u00e8me individuel de protection des voies respiratoires\u00a0CleanAIR\u00ae est bas\u00e9 sur le principe de la pr\u00e9sence d\u2019une l\u00e9g\u00e8re surpression de l\u2019air filtr\u00e9 dans la zone de respiration. L\u2019appareil respiratoire est plac\u00e9 \u00e0 la ceinture du porteur. Il filtre l\u2019air de l\u2019environnement et le distribue \u00e0 travers un tuyau vers un masque ou une cagoule de protection. La surpression emp\u00eache les polluants d\u2019entrer dans la zone de respiration.<\/p>\n<p><a class=\"more-link\" href=\"https:\/\/www.clean-air.cz\/fr\/papr\/\">Lire la suite&#8230;<\/a><\/p>\n","protected":false},"author":11,"featured_media":0,"parent":0,"menu_order":0,"comment_status":"closed","ping_status":"closed","template":"","meta":{"footnotes":""},"_links":{"self":[{"href":"https:\/\/www.clean-air.cz\/fr\/wp-json\/wp\/v2\/pages\/5338"}],"collection":[{"href":"https:\/\/www.clean-air.cz\/fr\/wp-json\/wp\/v2\/pages"}],"about":[{"href":"https:\/\/www.clean-air.cz\/fr\/wp-json\/wp\/v2\/types\/page"}],"author":[{"embeddable":true,"href":"https:\/\/www.clean-air.cz\/fr\/wp-json\/wp\/v2\/users\/11"}],"replies":[{"embeddable":true,"href":"https:\/\/www.clean-air.cz\/fr\/wp-json\/wp\/v2\/comments?post=5338"}],"version-history":[{"count":0,"href":"https:\/\/www.clean-air.cz\/fr\/wp-json\/wp\/v2\/pages\/5338\/revisions"}],"wp:attachment":[{"href":"https:\/\/www.clean-air.cz\/fr\/wp-json\/wp\/v2\/media?parent=5338"}],"curies":[{"name":"wp","href":"https:\/\/api.w.org\/{rel}","templated":true}]}}