{"id":5330,"date":"2018-06-29T13:43:55","date_gmt":"2018-06-29T11:43:55","guid":{"rendered":"https:\/\/www.clean-air.cz\/chemical-3f\/"},"modified":"2026-02-12T10:09:34","modified_gmt":"2026-02-12T09:09:34","slug":"chemical-3f","status":"publish","type":"page","link":"https:\/\/www.clean-air.cz\/fr\/papr\/chemical-3f\/","title":{"rendered":"CleanAIR\u00ae Chemical 3F"},"content":{"rendered":"<p>[vc_row][vc_column width=\u00a0\u00bb1\/2&Prime;][vc_gallery interval=\u00a0\u00bb0&Prime; images=\u00a0\u00bb10787,10792,10797&Prime; img_size=\u00a0\u00bblarge\u00a0\u00bb][\/vc_column][vc_column width=\u00a0\u00bb1\/2&Prime;][vc_column_text]<\/p>\n<p><strong><span style=\"font-size: 14pt; color: #be0300;\"><sup>Respirateur puissant et durable pour les applications industrielles les plus exigeantes<\/sup><\/span><\/strong><\/p>\n<p>Excellentes performances, r\u00e9sistance m\u00e9canique et chimique, r\u00e9sistance aux UV et \u00e9tanch\u00e9it\u00e9 IP64, garantie d\u2019une protection suffisante du porteur m\u00eame dans des environnements industriels contraignants le comme le secteur chimique, les laboratoires et secteur pharmaceutique. Le d\u00e9bit d\u2019air est r\u00e9glable individuellement conform\u00e9ment aux besoins de l\u2019utilisateur. Ses performances exceptionnelles en font un syst\u00e8me particuli\u00e8rement adapt\u00e9 aux environnements de travail tr\u00e8s pollu\u00e9s.<\/p>\n<p>[\/vc_column_text][vc_btn title=\u00a0\u00bbD\u00e9couvrez notre gamme compl\u00e8te d\u2019appareils respiratoires avec purification de l\u2019air\u00a0\u00bb shape=\u00a0\u00bbsquare\u00a0\u00bb color=\u00a0\u00bbdanger\u00a0\u00bb size=\u00a0\u00bblg\u00a0\u00bb align=\u00a0\u00bbleft\u00a0\u00bb i_icon_fontawesome=\u00a0\u00bbfa fa-info-circle\u00a0\u00bb css_animation=\u00a0\u00bbnone\u00a0\u00bb add_icon=\u00a0\u00bbtrue\u00a0\u00bb link=\u00a0\u00bburl:https%3A%2F%2Fwww.clean-air.cz%2Ffr%2Fpapr%2F|title:D%C3%A9couvrez%20notre%20gamme%20compl%C3%A8te%20de%20cagoules%20l%C3%A9g%C3%A8res|\u00a0\u00bb][\/vc_column][\/vc_row][vc_row][vc_column][vc_tta_tabs style=\u00a0\u00bbmodern\u00a0\u00bb shape=\u00a0\u00bbsquare\u00a0\u00bb active_section=\u00a0\u00bb1&Prime; no_fill_content_area=\u00a0\u00bbtrue\u00a0\u00bb title=\u00a0\u00bbD\u00e9tails\u00a0\u00bb][vc_tta_section i_icon_fontawesome=\u00a0\u00bbfa fa-industry\u00a0\u00bb add_icon=\u00a0\u00bbtrue\u00a0\u00bb title=\u00a0\u00bbDomaines d\u2019application\u00a0\u00bb tab_id=\u00a0\u00bb1513150336358-68add988-e9ea\u00a0\u00bb][vc_column_text]<\/p>\n<p><span style=\"color: #be0300;\"><strong>Domaines d\u2019application<\/strong><\/span><\/p>\n<ul>\n<li>Environnements industriels, notamment secteur chimique et pharmaceutique<\/li>\n<li>Op\u00e9rations de traitement, laboratoires<\/li>\n<li>\u00c9quipes de premiers secours<\/li>\n<\/ul>\n<p>[\/vc_column_text][\/vc_tta_section][vc_tta_section i_icon_fontawesome=\u00a0\u00bbfa fa-thumbs-o-up\u00a0\u00bb add_icon=\u00a0\u00bbtrue\u00a0\u00bb title=\u00a0\u00bbCaract\u00e9ristiques et avantages\u00a0\u00bb tab_id=\u00a0\u00bb1513150336359-b7b65468-8021&Prime;][vc_column_text]<\/p>\n<p><span style=\"color: #be0300;\"><strong>Caract\u00e9ristiques et avantages<\/strong><\/span><\/p>\n<ul>\n<li>Grande r\u00e9sistance m\u00e9canique et chimique<\/li>\n<li>Le d\u00e9bit d\u2019air est r\u00e9glable entre 120 et 235 l\/min.<\/li>\n<li>D\u00e9contamination sous la douche \u2013 IP64<\/li>\n<li>\u00c9cran couleur riche affichant clairement toutes les informations pertinentes \u2013 obstruction du filtre, autonomie de la batterie, d\u00e9bit d\u2019air<\/li>\n<li>Le syst\u00e8me Flow Control maintient un d\u00e9bit d\u2019air constant ind\u00e9pendamment du niveau d\u2019obstruction du filtre ou du niveau de la batterie.<\/li>\n<li>Batterie Li-Ion et chargeur rapide (temps de chargement inf\u00e9rieur \u00e0 3 h)<\/li>\n<li>Alerte sonore et visuelle<\/li>\n<li>Interface utilisateur en plusieurs langues<\/li>\n<li>Harnais dorsal disponible pour plus de confort<\/li>\n<\/ul>\n<p>[\/vc_column_text][\/vc_tta_section][vc_tta_section i_icon_fontawesome=\u00a0\u00bbfa fa-cog\u00a0\u00bb add_icon=\u00a0\u00bbtrue\u00a0\u00bb title=\u00a0\u00bbKits complets, accessoires, filtres\u00a0\u00bb tab_id=\u00a0\u00bb1513153137048-5f8c31c5-30ea\u00a0\u00bb][vc_column_text]<\/p>\n<table style=\"width: 100%;\">\n<tbody>\n<tr>\n<td style=\"text-align: left; width: 99.84%;\" colspan=\"2\"><span style=\"color: #be0300;\"><strong>Complete sets<\/strong><\/span><\/td>\n<\/tr>\n<tr>\n<td style=\"text-align: left; width: 83.2%;\">CleanAIR\u00ae Chemical 3F incl. comfort belt, Li-Ion battery, charger, flow indicator (w\/o hose)<\/td>\n<td style=\"text-align: center; width: 16.64%;\">52 00 00FCA*<\/td>\n<\/tr>\n<tr>\n<td style=\"text-align: left; width: 83.2%;\">CleanAIR\u00ae Chemical 3F incl. decontaminable belt, Li-Ion battery, charger, flow indicator (w\/o hose)<\/td>\n<td style=\"text-align: center; width: 16.64%;\">52 00 00FDA*<\/td>\n<\/tr>\n<tr>\n<td style=\"text-align: left; width: 99.84%;\" colspan=\"2\"><em><span style=\"font-size: 8pt;\">For ordering set with UK charger, please, add \u201cU\u201d to the end of the product <\/span><\/em>code<\/td>\n<\/tr>\n<tr>\n<td style=\"text-align: left; width: 99.84%;\" colspan=\"2\"><span style=\"color: #be0300;\"><strong>Spare parts, accessories<\/strong><\/span><\/td>\n<\/tr>\n<tr>\n<td style=\"text-align: left; width: 83.2%;\">Decontaminable belt<\/td>\n<td style=\"text-align: center; width: 16.64%;\">51 00 41<\/td>\n<\/tr>\n<tr>\n<td style=\"text-align: left; width: 83.2%;\">Decontaminable harness<\/td>\n<td style=\"text-align: center; width: 16.64%;\">51 00 42<\/td>\n<\/tr>\n<tr>\n<td style=\"text-align: left; width: 83.2%;\">Battery charger<\/td>\n<td style=\"text-align: center; width: 16.64%;\">51 00 30EUR<\/td>\n<\/tr>\n<tr>\n<td style=\"text-align: left; width: 83.2%;\">Battery charger UK plug<\/td>\n<td style=\"text-align: center; width: 16.64%;\">51 00 30UK<\/td>\n<\/tr>\n<tr>\n<td style=\"text-align: left; width: 83.2%;\">Battery charger AUS plug<\/td>\n<td style=\"text-align: center; width: 16.64%;\">51 00 30AUS<\/td>\n<\/tr>\n<tr>\n<td style=\"text-align: left; width: 83.2%;\">Battery Li-Ion 14,4 V \/ 2,6 Ah<\/td>\n<td style=\"text-align: center; width: 16.64%;\">52 00 10<\/td>\n<\/tr>\n<tr>\n<td style=\"text-align: left; width: 83.2%;\">Comfort padded belt 3F<\/td>\n<td style=\"text-align: center; width: 16.64%;\">52 00 43.1<\/td>\n<\/tr>\n<tr>\n<td style=\"text-align: left; width: 83.2%;\">Comfort padded harness<\/td>\n<td style=\"text-align: center; width: 16.64%;\">52 00 44.1<\/td>\n<\/tr>\n<tr>\n<td style=\"text-align: left; width: 83.2%;\">Set of decontamination plugs &#8211; 3F<\/td>\n<td style=\"text-align: center; width: 16.64%;\">52 00 46<\/td>\n<\/tr>\n<tr>\n<td style=\"text-align: left; width: 83.2%;\">Light flexi hose QuickLOCK\u2122 &#8211; CA40x1\/7\u201c<\/td>\n<td style=\"text-align: center; width: 16.64%;\">71 00 60<\/td>\n<\/tr>\n<tr>\n<td style=\"text-align: left; width: 83.2%;\">Rubber hose QuickLOCK\u2122 \u2013 CA40\u00d71\/7\u201c<\/td>\n<td style=\"text-align: center; width: 16.64%;\">71 00 86<\/td>\n<\/tr>\n<tr>\n<td style=\"text-align: left; width: 83.2%;\">Light flexi hose CA40x1\/7\u201c- CA40x1\/7\u201c<\/td>\n<td style=\"text-align: center; width: 16.64%;\">70 00 60<\/td>\n<\/tr>\n<tr>\n<td style=\"text-align: left; width: 83.2%;\">Rubber hose CA40x1\/7\u201c- CA40x1\/7\u201c<\/td>\n<td style=\"text-align: center; width: 16.64%;\">70 00 86CA<\/td>\n<\/tr>\n<tr>\n<td style=\"text-align: left; width: 99.84%;\" colspan=\"2\"><span style=\"color: #be0300;\"><strong>Filters<\/strong><\/span><\/td>\n<\/tr>\n<tr>\n<td style=\"text-align: left; width: 83.2%;\">Particle filter P3<\/td>\n<td style=\"text-align: center; width: 16.64%;\">50 00 48<\/td>\n<\/tr>\n<tr>\n<td style=\"text-align: left; width: 83.2%;\">Combined filter A2P3<\/td>\n<td style=\"text-align: center; width: 16.64%;\">50 01 57<\/td>\n<\/tr>\n<tr>\n<td style=\"text-align: left; width: 83.2%;\">Combined filter A2B2P3<\/td>\n<td style=\"text-align: center; width: 16.64%;\">50 01 67<\/td>\n<\/tr>\n<tr>\n<td style=\"text-align: left; width: 83.2%;\">Combined filter A2B2E2K2P3<\/td>\n<td style=\"text-align: center; width: 16.64%;\">50 01 68<\/td>\n<\/tr>\n<tr>\n<td style=\"text-align: left; width: 83.2%;\">Combined filter A2B2E2K2HgP3<\/td>\n<td style=\"text-align: center; width: 16.64%;\">50 01 66<\/td>\n<\/tr>\n<tr>\n<td style=\"text-align: left; width: 83.2%;\" colspan=\"2\"><em>Compatible with all the CleanAIR\u00ae particle and combined filters with RD40\u00d71\/7\u201c thread &#8211; <a href=\"https:\/\/www.clean-air.cz\/fr\/product-certificates\/filters-2\/\">clean-air.cz\/filters<\/a><\/em><\/td>\n<\/tr>\n<\/tbody>\n<\/table>\n<p>[\/vc_column_text][\/vc_tta_section][vc_tta_section i_icon_fontawesome=\u00a0\u00bbfa fa-wrench\u00a0\u00bb add_icon=\u00a0\u00bbtrue\u00a0\u00bb title=\u00a0\u00bbDonn\u00e9es techniques\u00a0\u00bb tab_id=\u00a0\u00bb1513153797992-792040b0-82c9&Prime;][vc_column_text]<\/p>\n<table style=\"width: 100.012%;\">\n<tbody>\n<tr>\n<td style=\"text-align: left;\">Poids<\/td>\n<td style=\"text-align: center;\">1100 g (avec batterie standard)<\/td>\n<\/tr>\n<tr>\n<td style=\"text-align: left;\">Dimensions<\/td>\n<td style=\"text-align: center;\">320 mm \/ 200 mm \/ 150 mm<\/td>\n<\/tr>\n<tr>\n<td style=\"text-align: left;\">D\u00e9bit d\u2019air<\/td>\n<td style=\"text-align: center;\">r\u00e9glable 120 &#8211; 235 l\/min<\/td>\n<\/tr>\n<tr>\n<td style=\"text-align: left;\">Alerte<\/td>\n<td style=\"text-align: center;\">sonore et visuelle<\/td>\n<\/tr>\n<tr>\n<td style=\"text-align: left;\">Temps de fonctionnement* \/<br \/>\nde chargement<\/td>\n<td style=\"text-align: center;\">&lt; 10 \/ &lt; 3 h<\/td>\n<\/tr>\n<tr>\n<td style=\"text-align: left;\">Batterie<\/td>\n<td style=\"text-align: center;\">Li-Ion 14,4 V \/ 2,6 Ah<\/td>\n<\/tr>\n<tr>\n<td style=\"text-align: left;\">Raccord de tuyau<\/td>\n<td style=\"text-align: center;\">CA40x1\/7\u201c<\/td>\n<\/tr>\n<tr>\n<td style=\"text-align: left;\">Certification<\/td>\n<td style=\"text-align: center;\">EN 12941 TH3<br \/>\nEN 12942 TM3<br \/>\nImperm\u00e9abilit\u00e9 IP64<\/td>\n<\/tr>\n<tr>\n<td style=\"text-align: left;\" colspan=\"2\">* \u00e0 160 l\/min avec des filtres P R SL neufs et une batterie compl\u00e8tement charg\u00e9e<\/td>\n<\/tr>\n<\/tbody>\n<\/table>\n<p>[\/vc_column_text][\/vc_tta_section][vc_tta_section i_icon_fontawesome=\u00a0\u00bbfa fa-download\u00a0\u00bb add_icon=\u00a0\u00bbtrue\u00a0\u00bb title=\u00a0\u00bbT\u00e9l\u00e9chargements\u00a0\u00bb tab_id=\u00a0\u00bb1513154098935-95c74e4f-fa1e\u00a0\u00bb][vc_column_text]<strong><a href=\"https:\/\/www.clean-air.cz\/wp-content\/uploads\/2026\/02\/GR-CNA011-R09-User-Manual-3F-DIGI.pdf\">User Manual &#8211; 3F DIGI<\/a><\/strong><\/p>\n<p><strong><a href=\"https:\/\/www.clean-air.cz\/wp-content\/uploads\/2025\/08\/DA-003_-_520000FCA_-_Chemical_3F_Plus_-_EN.pdf\">Datasheet DA-003_-_520000FCA_-_Chemical_3F_Plus_-_EN<\/a><\/strong><\/p>\n<p><strong><a href=\"https:\/\/www.clean-air.cz\/wp-content\/uploads\/2025\/07\/PS-520000-1-R3-Chemical-3F-Plus.pdf\">Declaration of Confornity Chemical 3F Plus<\/a><\/strong>[\/vc_column_text][\/vc_tta_section][vc_tta_section i_icon_fontawesome=\u00a0\u00bbfa fa-picture-o\u00a0\u00bb add_icon=\u00a0\u00bbtrue\u00a0\u00bb title=\u00a0\u00bbGalerie\u00a0\u00bb tab_id=\u00a0\u00bb1515415801460-0c2258c9-4574&Prime;][vc_gallery type=\u00a0\u00bbimage_grid\u00a0\u00bb images=\u00a0\u00bb384,385,5853&Prime; img_size=\u00a0\u00bbmedium\u00a0\u00bb css_animation=\u00a0\u00bbfadeIn\u00a0\u00bb css=\u00a0\u00bb.vc_custom_1530273583266{padding-left: 280px !important;}\u00a0\u00bb][\/vc_tta_section][\/vc_tta_tabs][\/vc_column][\/vc_row]<\/p>\n","protected":false},"excerpt":{"rendered":"<p>[vc_row][vc_column width=\u00a0\u00bb1\/2&Prime;][vc_gallery interval=\u00a0\u00bb0&Prime; images=\u00a0\u00bb10787,10792,10797&Prime; img_size=\u00a0\u00bblarge\u00a0\u00bb][\/vc_column][vc_column width=\u00a0\u00bb1\/2&Prime;][vc_column_text] Respirateur puissant et durable pour les applications industrielles les plus exigeantes Excellentes performances, r\u00e9sistance m\u00e9canique et chimique, r\u00e9sistance aux UV et \u00e9tanch\u00e9it\u00e9 IP64, garantie d\u2019une protection suffisante du porteur m\u00eame dans des environnements industriels contraignants le comme le secteur chimique, les laboratoires et secteur pharmaceutique. Le d\u00e9bit d\u2019air est r\u00e9glable individuellement conform\u00e9ment aux besoins de l\u2019utilisateur. Ses performances exceptionnelles en font un syst\u00e8me particuli\u00e8rement<\/p>\n<p><a class=\"more-link\" href=\"https:\/\/www.clean-air.cz\/fr\/papr\/chemical-3f\/\">Lire la suite&#8230;<\/a><\/p>\n","protected":false},"author":11,"featured_media":0,"parent":5338,"menu_order":0,"comment_status":"closed","ping_status":"closed","template":"","meta":{"footnotes":""},"_links":{"self":[{"href":"https:\/\/www.clean-air.cz\/fr\/wp-json\/wp\/v2\/pages\/5330"}],"collection":[{"href":"https:\/\/www.clean-air.cz\/fr\/wp-json\/wp\/v2\/pages"}],"about":[{"href":"https:\/\/www.clean-air.cz\/fr\/wp-json\/wp\/v2\/types\/page"}],"author":[{"embeddable":true,"href":"https:\/\/www.clean-air.cz\/fr\/wp-json\/wp\/v2\/users\/11"}],"replies":[{"embeddable":true,"href":"https:\/\/www.clean-air.cz\/fr\/wp-json\/wp\/v2\/comments?post=5330"}],"version-history":[{"count":0,"href":"https:\/\/www.clean-air.cz\/fr\/wp-json\/wp\/v2\/pages\/5330\/revisions"}],"up":[{"embeddable":true,"href":"https:\/\/www.clean-air.cz\/fr\/wp-json\/wp\/v2\/pages\/5338"}],"wp:attachment":[{"href":"https:\/\/www.clean-air.cz\/fr\/wp-json\/wp\/v2\/media?parent=5330"}],"curies":[{"name":"wp","href":"https:\/\/api.w.org\/{rel}","templated":true}]}}