{"id":5328,"date":"2018-06-29T14:12:23","date_gmt":"2018-06-29T12:12:23","guid":{"rendered":"https:\/\/www.clean-air.cz\/asbest\/"},"modified":"2025-08-19T12:01:24","modified_gmt":"2025-08-19T10:01:24","slug":"asbest","status":"publish","type":"page","link":"https:\/\/www.clean-air.cz\/fr\/papr\/asbest\/","title":{"rendered":"CleanAIR\u00ae Asbest"},"content":{"rendered":"<p>[vc_row][vc_column width=\u00a0\u00bb1\/2&Prime;][vc_gallery interval=\u00a0\u00bb0&Prime; images=\u00a0\u00bb25953,25949,25957,10823,10803&Prime; img_size=\u00a0\u00bblarge\u00a0\u00bb][\/vc_column][vc_column width=\u00a0\u00bb1\/2&Prime;][vc_column_text]<strong><span style=\"font-size: 14pt; color: #be0300;\"><sup>Simple operation, maximum versatility&#8230;<\/sup><\/span><\/strong><\/p>\n<p><span style=\"font-size: 1rem;\">La combinaison du PAPR CleanAIR\u00ae Asbest et des masques complets de haute qualit\u00e9 GX02\/CF02 est tr\u00e8s l\u00e9g\u00e8re et compacte, avec une excellente durabilit\u00e9 et le plus haut niveau de protection des voies respiratoires. La combinaison de CleanAIR\u00ae Asbest avec masque facial complet Shigematsu et un filtre tr\u00e8s efficace contre les particules garantit un facteur de protection nominale \u00e9lev\u00e9 (NPF 2000), un d\u00e9bit d\u2019air suffisant et une d\u00e9contamination simple. Le syst\u00e8me est con\u00e7u pour prot\u00e9ger activement les voies respiratoires et le visage durant les op\u00e9rations de traitement de mat\u00e9riaux contenant de l\u2019amiante, et peut \u00eatre fix\u00e9 directement sur le masque ou reli\u00e9 au masque avec un tuyau et port\u00e9 \u00e0 la ceinture. Il est particuli\u00e8rement recommand\u00e9 pour son poids l\u00e9ger et son mode de fonctionnement simple.<\/span>[\/vc_column_text][vc_btn title=\u00a0\u00bbD\u00e9couvrez notre gamme compl\u00e8te d\u2019appareils respiratoires avec purification de l\u2019air\u00a0\u00bb shape=\u00a0\u00bbsquare\u00a0\u00bb color=\u00a0\u00bbdanger\u00a0\u00bb size=\u00a0\u00bblg\u00a0\u00bb align=\u00a0\u00bbleft\u00a0\u00bb i_icon_fontawesome=\u00a0\u00bbfa fa-info-circle\u00a0\u00bb css_animation=\u00a0\u00bbnone\u00a0\u00bb add_icon=\u00a0\u00bbtrue\u00a0\u00bb link=\u00a0\u00bburl:https%3A%2F%2Fwww.clean-air.cz%2Ffr%2Fpapr%2F|title:D%C3%A9couvrez%20notre%20gamme%20compl%C3%A8te%20de%20cagoules%20l%C3%A9g%C3%A8res|\u00a0\u00bb][\/vc_column][\/vc_row][vc_row][vc_column][vc_column_text]<strong><span style=\"font-size: 14pt; color: #be0300;\">Deux options de port\u00a0<\/span><\/strong><\/p>\n<p>L\u2019unit\u00e9 de soufflage peut \u00eatre fix\u00e9e directement sur le masque complet ou reli\u00e9e \u00e0 celui-ci par un tuyau et port\u00e9e \u00e0 la ceinture.[\/vc_column_text][\/vc_column][\/vc_row][vc_row][vc_column width=\u00a0\u00bb1\/2&Prime;][vc_column_text]<img loading=\"lazy\" decoding=\"async\" class=\"size-medium wp-image-9739 alignleft\" src=\"https:\/\/www.clean-air.cz\/wp-content\/uploads\/2020\/06\/Shigamatsu_GX02_CleanAir_Asbest-300x218.jpg\" alt=\"Shigematsu GX02 CleanAIR Asbest\" width=\"300\" height=\"218\" \/><\/p>\n<p>&nbsp;<\/p>\n<p>&nbsp;<\/p>\n<p>&nbsp;<\/p>\n<p>&nbsp;<\/p>\n<p>&nbsp;<\/p>\n<p>&nbsp;<\/p>\n<p>&nbsp;<\/p>\n<p style=\"text-align: left;\">Cette derni\u00e8re option permet de minimiser le poids port\u00e9 sur la t\u00eate de l\u2019utilisateur.<\/p>\n<p>[\/vc_column_text][\/vc_column][vc_column width=\u00a0\u00bb1\/2&Prime;][vc_column_text]<img loading=\"lazy\" decoding=\"async\" class=\"size-medium wp-image-589 aligncenter\" src=\"https:\/\/www.clean-air.cz\/wp-content\/uploads\/2018\/06\/ca-asbest-264x300.jpg\" alt=\"\" width=\"264\" height=\"300\" srcset=\"https:\/\/www.clean-air.cz\/wp-content\/uploads\/2018\/06\/ca-asbest-264x300.jpg 264w, https:\/\/www.clean-air.cz\/wp-content\/uploads\/2018\/06\/ca-asbest.jpg 600w\" sizes=\"(max-width: 264px) 100vw, 264px\" \/>[\/vc_column_text][\/vc_column][\/vc_row][vc_row][vc_column width=\u00a0\u00bb1\/3&Prime;][vc_column_text]<strong><span style=\"font-size: 14pt; color: #be0300;\">Exceptionally light and compact respirator<\/span><\/strong><\/p>\n<p>Special emphasis was placed on the low weight and simple operation. The exchangeable Li-Ion battery is seamlessly integrated into the unit body. When placed directly on the mask, there are no cables or hoses that would limit your movement.<\/p>\n<p><img loading=\"lazy\" decoding=\"async\" class=\"alignnone size-medium wp-image-25951\" src=\"https:\/\/www.clean-air.cz\/wp-content\/uploads\/2025\/07\/590000_Asbest_2-iso-300x300.jpg\" alt=\"\" width=\"300\" height=\"300\" srcset=\"https:\/\/www.clean-air.cz\/wp-content\/uploads\/2025\/07\/590000_Asbest_2-iso-300x300.jpg 300w, https:\/\/www.clean-air.cz\/wp-content\/uploads\/2025\/07\/590000_Asbest_2-iso-1024x1024.jpg 1024w, https:\/\/www.clean-air.cz\/wp-content\/uploads\/2025\/07\/590000_Asbest_2-iso-150x150.jpg 150w, https:\/\/www.clean-air.cz\/wp-content\/uploads\/2025\/07\/590000_Asbest_2-iso-768x768.jpg 768w, https:\/\/www.clean-air.cz\/wp-content\/uploads\/2025\/07\/590000_Asbest_2-iso-1536x1536.jpg 1536w, https:\/\/www.clean-air.cz\/wp-content\/uploads\/2025\/07\/590000_Asbest_2-iso-800x800.jpg 800w, https:\/\/www.clean-air.cz\/wp-content\/uploads\/2025\/07\/590000_Asbest_2-iso-250x250.jpg 250w, https:\/\/www.clean-air.cz\/wp-content\/uploads\/2025\/07\/590000_Asbest_2-iso.jpg 1600w\" sizes=\"(max-width: 300px) 100vw, 300px\" \/>[\/vc_column_text][\/vc_column][vc_column width=\u00a0\u00bb1\/3&Prime;][vc_column_text]<strong><span style=\"font-size: 14pt; color: #be0300;\">Shigematsu GX02<\/span><\/strong><\/p>\n<p>Masque facial complet de haute qualit\u00e9 avec design ergonomique avanc\u00e9<\/p>\n<p><strong>Caract\u00e9ristiques et avantages\u00a0<\/strong><\/p>\n<ul>\n<li>Double joint d\u2019\u00e9tanch\u00e9it\u00e9 pour un maximum de protection et de confort<\/li>\n<li>Grande r\u00e9sistance aux produits chimiques<\/li>\n<li>Visi\u00e8re amovible \u00e0 champ panoramique<\/li>\n<li>Rev\u00eatement anti-\u00e9raflures<\/li>\n<li>Harnais de t\u00eate \u00e0 six points<\/li>\n<li>Deux soupapes d\u2019expiration diminuant la r\u00e9sistance \u00e0 la respiration<\/li>\n<li>Amplificateur de voix<\/li>\n<li>Rev\u00eatement de protection de visi\u00e8re en option<\/li>\n<\/ul>\n<p><img loading=\"lazy\" decoding=\"async\" class=\"size-medium wp-image-9734 aligncenter\" src=\"https:\/\/www.clean-air.cz\/wp-content\/uploads\/2020\/06\/Shigamatsu_GX02-300x292.jpg\" alt=\"Shigematsu GX02\" width=\"300\" height=\"292\" srcset=\"https:\/\/www.clean-air.cz\/wp-content\/uploads\/2020\/06\/Shigamatsu_GX02-300x292.jpg 300w, https:\/\/www.clean-air.cz\/wp-content\/uploads\/2020\/06\/Shigamatsu_GX02.jpg 526w\" sizes=\"(max-width: 300px) 100vw, 300px\" \/>[\/vc_column_text][\/vc_column][vc_column width=\u00a0\u00bb1\/3&Prime;][vc_column_text]<strong><span style=\"font-size: 14pt; color: #be0300;\">Shigematsu CF02\u00a0<\/span><\/strong><\/p>\n<p>Masque complet l\u00e9ger avec visi\u00e8re de qualit\u00e9 sup\u00e9rieure<\/p>\n<p><strong>Caract\u00e9ristiques et avantages<br \/>\n<\/strong><\/p>\n<ul>\n<li>L\u00e9ger \u2013 435 g<\/li>\n<li>Grande r\u00e9sistance aux produits chimiques<\/li>\n<li>Visi\u00e8re sph\u00e9rique de qualit\u00e9 sup\u00e9rieure<\/li>\n<li>Rev\u00eatement anti-\u00e9raflures<\/li>\n<li>Harnais de t\u00eate \u00e0 six points<\/li>\n<li>Compatible avec une large gamme de filtres en cartouche<\/li>\n<li>Deux soupapes d\u2019expiration facilitant la respiration<\/li>\n<li>Rev\u00eatement de protection en option<\/li>\n<\/ul>\n<p><img loading=\"lazy\" decoding=\"async\" class=\"size-medium wp-image-9744 aligncenter\" src=\"https:\/\/www.clean-air.cz\/wp-content\/uploads\/2020\/06\/Shigematsu_CF02_mask-256x300.jpg\" alt=\"Shigematsu CF02\" width=\"256\" height=\"300\" srcset=\"https:\/\/www.clean-air.cz\/wp-content\/uploads\/2020\/06\/Shigematsu_CF02_mask-256x300.jpg 256w, https:\/\/www.clean-air.cz\/wp-content\/uploads\/2020\/06\/Shigematsu_CF02_mask.jpg 526w\" sizes=\"(max-width: 256px) 100vw, 256px\" \/>[\/vc_column_text][\/vc_column][\/vc_row][vc_row][vc_column][vc_tta_tabs style=\u00a0\u00bbmodern\u00a0\u00bb shape=\u00a0\u00bbsquare\u00a0\u00bb active_section=\u00a0\u00bb1&Prime; no_fill_content_area=\u00a0\u00bbtrue\u00a0\u00bb title=\u00a0\u00bbD\u00e9tails\u00a0\u00bb][vc_tta_section i_icon_fontawesome=\u00a0\u00bbfa fa-industry\u00a0\u00bb add_icon=\u00a0\u00bbtrue\u00a0\u00bb title=\u00a0\u00bbDomaines d\u2019application\u00a0\u00bb tab_id=\u00a0\u00bb1513150336358-68add988-e9ea\u00a0\u00bb][vc_column_text]<span style=\"color: #be0300;\"><strong>Domaines d\u2019application<\/strong><\/span><\/p>\n<p>Le syst\u00e8me est adapt\u00e9 pour un usage en environnements pr\u00e9sentant une contamination par particules, en particulier dans les op\u00e9rations de traitement de l\u2019amiante ou dans le secteur du b\u00e2timent.[\/vc_column_text][\/vc_tta_section][vc_tta_section i_icon_fontawesome=\u00a0\u00bbfa fa-thumbs-o-up\u00a0\u00bb add_icon=\u00a0\u00bbtrue\u00a0\u00bb title=\u00a0\u00bbCaract\u00e9ristiques et avantages\u00a0\u00bb tab_id=\u00a0\u00bb1513150336359-b7b65468-8021&Prime;][vc_column_text]<span style=\"color: #be0300;\"><strong>Caract\u00e9ristiques et avantages<\/strong><\/span><\/p>\n<ul>\n<li>Design compact et l\u00e9ger \u2013 385 g<\/li>\n<li>Simple d\u2019utilisation<\/li>\n<li>Possibilit\u00e9 de branchement direct au masque<\/li>\n<li>D\u00e9contaminable \u00e0 la douche \u2013 IP65<\/li>\n<li>Autonomie de fonctionnement de 5 heures<\/li>\n<li>Facteur de protection nominale \u00e9lev\u00e9 NPF 2000<\/li>\n<\/ul>\n<p>&nbsp;[\/vc_column_text][\/vc_tta_section][vc_tta_section i_icon_fontawesome=\u00a0\u00bbfa fa-cog\u00a0\u00bb add_icon=\u00a0\u00bbtrue\u00a0\u00bb title=\u00a0\u00bbKits complets, accessoires, filtres\u00a0\u00bb tab_id=\u00a0\u00bb1513153137048-5f8c31c5-30ea\u00a0\u00bb][vc_column_text]<\/p>\n<table style=\"width: 100%; height: 444px;\">\n<tbody>\n<tr style=\"height: 22px;\">\n<td style=\"text-align: left; width: 99.8397%; height: 22px;\" colspan=\"2\"><span style=\"color: #be0300;\"><strong>Complete sets<\/strong><\/span><\/td>\n<\/tr>\n<tr style=\"height: 45px;\">\n<td style=\"text-align: left; width: 84.7756%; height: 45px;\">CleanAIR\u00ae Asbest avec accessoires (batterie, filtre, tuyau avec<br \/>\nsupport, chargeur, ceinture et indicateur de d\u00e9bit \u2013 sans masque)<\/td>\n<td style=\"text-align: center; width: 15.0641%; height: 45px;\">59 00 02<\/td>\n<\/tr>\n<tr style=\"height: 69px;\">\n<td style=\"text-align: left; width: 84.7756%; height: 69px;\">CleanAIR\u00ae Asbest avec accessoires (deux batteries, filtre, tuyau<br \/>\navec support, chargeur, ceinture et indicateur de d\u00e9bit \u2013 sans<br \/>\nmasque)<\/td>\n<td style=\"text-align: center; width: 15.0641%; height: 69px;\">59 00 02T<\/td>\n<\/tr>\n<tr style=\"height: 22px;\">\n<td style=\"text-align: left; width: 84.7756%; height: 22px;\">Masque facial complet Shigematsu GX02 taille P<\/td>\n<td style=\"text-align: center; width: 15.0641%; height: 22px;\">71 06 00S<\/td>\n<\/tr>\n<tr style=\"height: 22px;\">\n<td style=\"text-align: left; width: 84.7756%; height: 22px;\">Masque facial complet Shigematsu GX02 taille M<\/td>\n<td style=\"text-align: center; width: 15.0641%; height: 22px;\">71 06 00M<\/td>\n<\/tr>\n<tr style=\"height: 22px;\">\n<td style=\"text-align: left; width: 84.7756%; height: 22px;\">Masque facial complet Shigematsu GX02 taille G<\/td>\n<td style=\"text-align: center; width: 15.0641%; height: 22px;\">71 06 00L<\/td>\n<\/tr>\n<tr style=\"height: 22px;\">\n<td style=\"text-align: left; width: 84.7756%; height: 22px;\">Masque facial complet Shigematsu CF02 taille M<\/td>\n<td style=\"text-align: center; width: 15.0641%; height: 22px;\">72 06 00M<\/td>\n<\/tr>\n<tr style=\"height: 22px;\">\n<td style=\"text-align: left; width: 84.7756%; height: 22px;\">Masque facial complet Shigematsu CF02 taille G<\/td>\n<td style=\"text-align: center; width: 15.0641%; height: 22px;\">72 06 00L<\/td>\n<\/tr>\n<tr style=\"height: 22px;\">\n<td style=\"text-align: left; width: 99.8397%; height: 22px;\" colspan=\"2\"><span style=\"color: #be0300;\"><strong>Liste des pi\u00e8ces d\u00e9tach\u00e9es \/ accessoires<\/strong><\/span><\/td>\n<\/tr>\n<tr style=\"height: 22px;\">\n<td style=\"text-align: left; width: 84.7756%; height: 22px;\">Ceinture en latex avec tuyau et support<\/td>\n<td style=\"text-align: center; width: 15.0641%; height: 22px;\">56 00 20<\/td>\n<\/tr>\n<tr style=\"height: 22px;\">\n<td style=\"text-align: left; width: 84.7756%; height: 22px;\">Batterie rempla\u00e7able Li-Ion CA Asbest\/D-Bug 7,2 V \/ 2,6 Ah<\/td>\n<td style=\"text-align: center; width: 15.0641%; height: 22px;\">59 00 13<\/td>\n<\/tr>\n<tr style=\"height: 22px;\">\n<td style=\"text-align: left; width: 84.7756%; height: 22px;\">Chargeur de batterie Li-Ion CleanAIR Asbest\/D-bug, multiprise<\/td>\n<td style=\"text-align: center; width: 15.0641%; height: 22px;\">59 00 30<\/td>\n<\/tr>\n<tr style=\"height: 22px;\">\n<td style=\"text-align: left; width: 84.7756%; height: 22px;\">CleanAIR\u00ae Asbest sans batterie ni filtre<\/td>\n<td style=\"text-align: center; width: 15.0641%; height: 22px;\">59 00 00<\/td>\n<\/tr>\n<tr style=\"height: 22px;\">\n<td style=\"text-align: left; width: 84.7756%; height: 22px;\">Tuyau souple l\u00e9ger pour CleanAIR\u00ae Asbest\/D-Bug<\/td>\n<td style=\"text-align: center; width: 15.0641%; height: 22px;\">70 00 87CA<\/td>\n<\/tr>\n<tr style=\"height: 22px;\">\n<td style=\"text-align: left; width: 84.7756%; height: 22px;\">Ceinture en latex pour CleanAIR Asbest\/D-bug<\/td>\n<td style=\"text-align: center; width: 15.0641%; height: 22px;\">70 00 97<\/td>\n<\/tr>\n<tr style=\"height: 22px;\">\n<td style=\"text-align: left; width: 99.8397%; height: 22px;\" colspan=\"2\"><span style=\"color: #be0300;\"><strong>Filtres compatibles<\/strong><\/span><\/td>\n<\/tr>\n<tr style=\"height: 22px;\">\n<td style=\"text-align: left; width: 84.7756%; height: 22px;\">Filter P R SL for CleanAIR\u00ae Asbest<\/td>\n<td style=\"text-align: center; width: 15.0641%; height: 22px;\">56 00 10<\/td>\n<\/tr>\n<\/tbody>\n<\/table>\n<p>[\/vc_column_text][\/vc_tta_section][vc_tta_section i_icon_fontawesome=\u00a0\u00bbfa fa-wrench\u00a0\u00bb add_icon=\u00a0\u00bbtrue\u00a0\u00bb title=\u00a0\u00bbDonn\u00e9es techniques\u00a0\u00bb tab_id=\u00a0\u00bb1513153797992-792040b0-82c9&Prime;][vc_column_text]<\/p>\n<table>\n<tbody>\n<tr>\n<td style=\"text-align: left;\">Poids<\/td>\n<td style=\"text-align: center;\">385 g (batterie et filtre inclus)<\/td>\n<\/tr>\n<tr>\n<td style=\"text-align: left;\">Type de filtre<\/td>\n<td style=\"text-align: center;\">\u00e0 particules P R SL<\/td>\n<\/tr>\n<tr>\n<td style=\"text-align: left;\">Raccord<\/td>\n<td style=\"text-align: center;\">RD40\u00d71\/7&Prime;<\/td>\n<\/tr>\n<tr>\n<td style=\"text-align: left;\">Batterie<\/td>\n<td style=\"text-align: center;\">Li-Ion 7,2 V \/ 2,6 Ah<\/td>\n<\/tr>\n<tr>\n<td style=\"text-align: left;\">Temps de fonctionnement<\/td>\n<td style=\"text-align: center;\">5 h<\/td>\n<\/tr>\n<tr>\n<td style=\"text-align: left;\">Facteur de protection (NPF)<\/td>\n<td style=\"text-align: center;\">2000<\/td>\n<\/tr>\n<tr>\n<td style=\"text-align: left;\">Certification<\/td>\n<td style=\"text-align: center;\">NE 12942 TM3<\/td>\n<\/tr>\n<\/tbody>\n<\/table>\n<p>&nbsp;<br \/>\n[\/vc_column_text][\/vc_tta_section][vc_tta_section i_icon_fontawesome=\u00a0\u00bbfa fa-download\u00a0\u00bb add_icon=\u00a0\u00bbtrue\u00a0\u00bb title=\u00a0\u00bbT\u00e9l\u00e9chargements\u00a0\u00bb tab_id=\u00a0\u00bb1513154098935-95c74e4f-fa1e\u00a0\u00bb][vc_column_text]<strong><a href=\"https:\/\/www.clean-air.cz\/wp-content\/uploads\/2025\/07\/GR-CNA134-R03-User-Manual-Asbest-2.0-DIGI.pdf\">User Manual &#8211; Asbest 2.0 DIGI<\/a><\/strong><\/p>\n<p><strong><a href=\"https:\/\/www.clean-air.cz\/wp-content\/uploads\/2025\/08\/DA-020_-_510000FCA_-_Chemical_2F_Plus_-_EN.pdf\">Datasheet<\/a><a href=\"https:\/\/www.clean-air.cz\/wp-content\/uploads\/2025\/08\/DA-009_-_590002_-_Asbest-2.0_-_EN.pdf\">DA-009_-_590002_-_Asbest 2.0_-_EN<\/a><\/strong><\/p>\n<p><strong><a href=\"https:\/\/www.clean-air.cz\/wp-content\/uploads\/2023\/07\/PS-590000-1-R2-Asbest-1.pdf\" target=\"_blank\" rel=\"noopener noreferrer\">Declaration of Conformity &#8211; Asbest &#8211; 59 00 00-1-R2 (EN)<\/a><\/strong><\/p>\n<p><strong><a href=\"https:\/\/www.clean-air.cz\/wp-content\/uploads\/2024\/10\/PS-590000-1-R2-Asbest-FR.pdf\">PS-590000-1-R2 Asbest FR<\/a><\/strong>[\/vc_column_text][\/vc_tta_section][vc_tta_section i_icon_fontawesome=\u00a0\u00bbfa fa-picture-o\u00a0\u00bb add_icon=\u00a0\u00bbtrue\u00a0\u00bb title=\u00a0\u00bbGalerie\u00a0\u00bb tab_id=\u00a0\u00bb1515415801460-0c2258c9-4574&Prime;][vc_gallery type=\u00a0\u00bbimage_grid\u00a0\u00bb images=\u00a0\u00bb390&Prime; img_size=\u00a0\u00bbmedium\u00a0\u00bb css_animation=\u00a0\u00bbfadeIn\u00a0\u00bb css=\u00a0\u00bb.vc_custom_1530275702556{padding-left: 280px !important;}\u00a0\u00bb][\/vc_tta_section][\/vc_tta_tabs][\/vc_column][\/vc_row][vc_row][vc_column][vc_separator][\/vc_column][\/vc_row][vc_row][vc_column][vc_separator color=\u00a0\u00bbjuicy_pink\u00a0\u00bb][\/vc_column][\/vc_row]<\/p>\n","protected":false},"excerpt":{"rendered":"<p>[vc_row][vc_column width=\u00a0\u00bb1\/2&Prime;][vc_gallery interval=\u00a0\u00bb0&Prime; images=\u00a0\u00bb25953,25949,25957,10823,10803&Prime; img_size=\u00a0\u00bblarge\u00a0\u00bb][\/vc_column][vc_column width=\u00a0\u00bb1\/2&Prime;][vc_column_text]Simple operation, maximum versatility&#8230; La combinaison du PAPR CleanAIR\u00ae Asbest et des masques complets de haute qualit\u00e9 GX02\/CF02 est tr\u00e8s l\u00e9g\u00e8re et compacte, avec une excellente durabilit\u00e9 et le plus haut niveau de protection des voies respiratoires. La combinaison de CleanAIR\u00ae Asbest avec masque facial complet Shigematsu et un filtre tr\u00e8s efficace contre les particules garantit un facteur de protection nominale \u00e9lev\u00e9 (NPF 2000), un<\/p>\n<p><a class=\"more-link\" href=\"https:\/\/www.clean-air.cz\/fr\/papr\/asbest\/\">Lire la suite&#8230;<\/a><\/p>\n","protected":false},"author":11,"featured_media":0,"parent":5338,"menu_order":0,"comment_status":"closed","ping_status":"closed","template":"","meta":{"footnotes":""},"_links":{"self":[{"href":"https:\/\/www.clean-air.cz\/fr\/wp-json\/wp\/v2\/pages\/5328"}],"collection":[{"href":"https:\/\/www.clean-air.cz\/fr\/wp-json\/wp\/v2\/pages"}],"about":[{"href":"https:\/\/www.clean-air.cz\/fr\/wp-json\/wp\/v2\/types\/page"}],"author":[{"embeddable":true,"href":"https:\/\/www.clean-air.cz\/fr\/wp-json\/wp\/v2\/users\/11"}],"replies":[{"embeddable":true,"href":"https:\/\/www.clean-air.cz\/fr\/wp-json\/wp\/v2\/comments?post=5328"}],"version-history":[{"count":0,"href":"https:\/\/www.clean-air.cz\/fr\/wp-json\/wp\/v2\/pages\/5328\/revisions"}],"up":[{"embeddable":true,"href":"https:\/\/www.clean-air.cz\/fr\/wp-json\/wp\/v2\/pages\/5338"}],"wp:attachment":[{"href":"https:\/\/www.clean-air.cz\/fr\/wp-json\/wp\/v2\/media?parent=5328"}],"curies":[{"name":"wp","href":"https:\/\/api.w.org\/{rel}","templated":true}]}}