{"id":5326,"date":"2018-07-03T07:16:49","date_gmt":"2018-07-03T05:16:49","guid":{"rendered":"https:\/\/www.clean-air.cz\/air-line-systems\/"},"modified":"2026-01-27T09:24:42","modified_gmt":"2026-01-27T08:24:42","slug":"air-line-systems","status":"publish","type":"page","link":"https:\/\/www.clean-air.cz\/fr\/air-line-systems\/","title":{"rendered":"Syst\u00e8mes d\u2019adduction de l\u2019air"},"content":{"rendered":"<p>[vc_row css=\u00a0\u00bb.vc_custom_1515063137650{background-color: #ffffff !important;}\u00a0\u00bb][vc_column][vc_column_text]Syst\u00e8me de conduite d&rsquo;air capable de r\u00e9guler la quantit\u00e9 d&rsquo;air fourni et de la maintenir \u00e0 un niveau constant ind\u00e9pendamment de toute modification de la pression d&rsquo;entr\u00e9e. Les domaines d&rsquo;application sont le soudage, le meulage dans des environnements poussi\u00e9reux, la construction et la transformation des aliments.[\/vc_column_text][vc_tta_tour style=\u00a0\u00bbmodern\u00a0\u00bb shape=\u00a0\u00bbsquare\u00a0\u00bb gap=\u00a0\u00bb1&Prime; active_section=\u00a0\u00bb1&Prime; no_fill_content_area=\u00a0\u00bbtrue\u00a0\u00bb][vc_tta_section title=\u00a0\u00bbCA Pressure Flow Master\u00a0\u00bb tab_id=\u00a0\u00bb1515061200914-4dd3150e-98ab\u00a0\u00bb][vc_column_text]<img loading=\"lazy\" decoding=\"async\" class=\"alignnone size-medium wp-image-604\" src=\"https:\/\/www.clean-air.cz\/wp-content\/uploads\/2018\/07\/Pressure_FM-front-copy-300x251.jpg\" alt=\" \" width=\"300\" height=\"251\" srcset=\"https:\/\/www.clean-air.cz\/wp-content\/uploads\/2018\/07\/Pressure_FM-front-copy-300x251.jpg 300w, https:\/\/www.clean-air.cz\/wp-content\/uploads\/2018\/07\/Pressure_FM-front-copy-768x641.jpg 768w, https:\/\/www.clean-air.cz\/wp-content\/uploads\/2018\/07\/Pressure_FM-front-copy-800x668.jpg 800w, https:\/\/www.clean-air.cz\/wp-content\/uploads\/2018\/07\/Pressure_FM-front-copy.jpg 958w\" sizes=\"(max-width: 300px) 100vw, 300px\" \/><\/p>\n<h3>CleanAIR\u00ae Pressure Flow Master<\/h3>\n<p>Le syst\u00e8me <strong>CleanAIR\u00ae Pressure Flow Master<\/strong> peut r\u00e9guler le d\u00e9bit d\u2019air provenant du syst\u00e8me central de distribution de l\u2019air comprim\u00e9 ou d\u2019un compresseur et le maintenir \u00e0 un niveau constant ind\u00e9pendamment des variations de la pression en entr\u00e9e.<\/p>\n<p><strong>Domaines d\u2019application<\/strong><br \/>\nSecteur automobile : soudage, meulage, op\u00e9rations de finition de surface, environnements d\u2019industrie lourde, industrie chimique, laboratoires.[\/vc_column_text][vc_btn title=\u00a0\u00bbVoir la page du produit\u00a0\u00bb shape=\u00a0\u00bbsquare\u00a0\u00bb color=\u00a0\u00bbjuicy-pink\u00a0\u00bb link=\u00a0\u00bburl:https%3A%2F%2Fwww.clean-air.cz%2Ffr%2Fair-line-systems%2Fpressure-flow-master%2F|title:CleanAIR%C2%AE%20Pressure%20Flow%20Master|\u00a0\u00bb][\/vc_tta_section][vc_tta_section title=\u00a0\u00bbPressure\u00a0\u00bb tab_id=\u00a0\u00bb1530600637920-6289487d-4fd8&Prime;][vc_column_text]<img loading=\"lazy\" decoding=\"async\" class=\"wp-image-2679  alignnone\" src=\"https:\/\/www.clean-air.cz\/wp-content\/uploads\/2023\/08\/Pressure-front.jpg\" alt=\"CA Pressure\" width=\"200\" height=\"183\" \/><\/p>\n<h3>CleanAIR\u00ae Pressure<\/h3>\n<p><strong>CleanAIR\u00ae Pressure<\/strong> est la version de base d\u2019un syst\u00e8me d\u2019adduction pouvant r\u00e9guler la quantit\u00e9 d\u2019air re\u00e7ue et la maintenir \u00e0 un niveau constant ind\u00e9pendamment des variations de la pression en entr\u00e9e (celle-ci doit \u00eatre entre 0,4 &#8211; 1 Mpa).<\/p>\n<p><strong>Domaines d\u2019application<\/strong><br \/>\nSoudage, meulage, op\u00e9rations de finition de surface. Environnements industriels poussi\u00e9reux, secteur automobile, ing\u00e9nierie m\u00e9canique et chantiers navals, construction et transformation alimentaire.[\/vc_column_text][vc_btn title=\u00a0\u00bbVoir la page du produit\u00a0\u00bb shape=\u00a0\u00bbsquare\u00a0\u00bb color=\u00a0\u00bbjuicy-pink\u00a0\u00bb link=\u00a0\u00bburl:https%3A%2F%2Fwww.clean-air.cz%2Ffr%2Fair-line-systems%2Fpressure%2F|title:CleanAIR%C2%AE%20Pressure|\u00a0\u00bb][\/vc_tta_section][vc_tta_section title=\u00a0\u00bbCA Pressure for Mask\u00a0\u00bb tab_id=\u00a0\u00bb1530600800685-8b94347f-e66f\u00a0\u00bb][vc_column_text]<img loading=\"lazy\" decoding=\"async\" class=\"wp-image-419 size-medium alignnone\" src=\"https:\/\/www.clean-air.cz\/wp-content\/uploads\/2018\/07\/Pressure_for_Mask_GX02-iso-copy-300x215.jpg\" alt=\" \" width=\"300\" height=\"215\" srcset=\"https:\/\/www.clean-air.cz\/wp-content\/uploads\/2018\/07\/Pressure_for_Mask_GX02-iso-copy-300x215.jpg 300w, https:\/\/www.clean-air.cz\/wp-content\/uploads\/2018\/07\/Pressure_for_Mask_GX02-iso-copy-768x550.jpg 768w, https:\/\/www.clean-air.cz\/wp-content\/uploads\/2018\/07\/Pressure_for_Mask_GX02-iso-copy-1024x733.jpg 1024w, https:\/\/www.clean-air.cz\/wp-content\/uploads\/2018\/07\/Pressure_for_Mask_GX02-iso-copy-800x572.jpg 800w, https:\/\/www.clean-air.cz\/wp-content\/uploads\/2018\/07\/Pressure_for_Mask_GX02-iso-copy.jpg 1118w\" sizes=\"(max-width: 300px) 100vw, 300px\" \/><\/p>\n<h3>CleanAIR\u00ae Pressure For Mask<\/h3>\n<p>Avec le masque facial complet Shigematsu GX02 et le filtre P R SL \u00e0 deux \u00e9l\u00e9ments,<strong> CleanAIR\u00ae Pressure For Mask<\/strong> repr\u00e9sente le plus haut niveau de protection pour travailler dans des environnements hautement toxiques pendant de longues p\u00e9riodes.<\/p>\n<p><strong>Domaines d\u2019application<\/strong><br \/>\nEnvironnements industriels poussi\u00e9reux, construction, transformation alimentaire, r\u00e9servoirs ferm\u00e9s, tunnels.[\/vc_column_text][vc_btn title=\u00a0\u00bbVoir la page du produit\u00a0\u00bb shape=\u00a0\u00bbsquare\u00a0\u00bb color=\u00a0\u00bbjuicy-pink\u00a0\u00bb link=\u00a0\u00bburl:https%3A%2F%2Fwww.clean-air.cz%2Ffr%2Fair-line-systems%2Fpressure-for-mask%2F|title:CleanAIR%C2%AE%20Pressure%20For%20Mask|\u00a0\u00bb][\/vc_tta_section][vc_tta_section title=\u00a0\u00bbCA Conditioner\u00a0\u00bb tab_id=\u00a0\u00bb1530600919572-2cf0918f-0f74&Prime;][vc_column_text]<img loading=\"lazy\" decoding=\"async\" class=\"wp-image-423 size-medium alignnone\" src=\"https:\/\/www.clean-air.cz\/wp-content\/uploads\/2018\/07\/Pressure_Conditioner-iso-copy-222x300.jpg\" alt=\" \" width=\"222\" height=\"300\" srcset=\"https:\/\/www.clean-air.cz\/wp-content\/uploads\/2018\/07\/Pressure_Conditioner-iso-copy-222x300.jpg 222w, https:\/\/www.clean-air.cz\/wp-content\/uploads\/2018\/07\/Pressure_Conditioner-iso-copy.jpg 593w\" sizes=\"(max-width: 222px) 100vw, 222px\" \/><\/p>\n<h3>CleanAIR\u00ae Conditioner<\/h3>\n<p>Le <strong>CleanAIR\u00ae Conditioner<\/strong> offre une solution suppl\u00e9mentaire de filtrage de l\u2019air comprim\u00e9 lorsque la qualit\u00e9 de l\u2019air fourni ne r\u00e9pond pas aux exigences de la norme NE 12021. Le filtre mixte \u00e0 haut d\u00e9bit \u00e0 l\u2019int\u00e9rieur du climatiseur \u00e9limine les particules solides, les brumes huileuses et les odeurs d\u00e9sagr\u00e9ables pouvant \u00eatre pr\u00e9sentes dans le syst\u00e8me de distribution de l\u2019air comprim\u00e9. Le climatiseur peut fournir un d\u00e9bit d\u2019air filtr\u00e9 suffisant pour deux employ\u00e9s simultan\u00e9s.<\/p>\n<p><strong>Domaines d\u2019application<br \/>\n<\/strong>Soudage, meulage, op\u00e9rations de finition de surface. Environnements industriels poussi\u00e9reux, secteur automobile, chantiers navals, construction et transformation alimentaire.[\/vc_column_text][vc_btn title=\u00a0\u00bbVoir la page du produit\u00a0\u00bb shape=\u00a0\u00bbsquare\u00a0\u00bb color=\u00a0\u00bbjuicy-pink\u00a0\u00bb link=\u00a0\u00bburl:https%3A%2F%2Fwww.clean-air.cz%2Ffr%2Fair-line-systems%2Fconditioner%2F|title:CleanAIR%C2%AE%20Conditioner|\u00a0\u00bb][\/vc_tta_section][\/vc_tta_tour][\/vc_column][\/vc_row][vc_row content_placement=\u00a0\u00bbmiddle\u00a0\u00bb][vc_column][vc_separator color=\u00a0\u00bbjuicy_pink\u00a0\u00bb][\/vc_column][\/vc_row][vc_row][vc_column][\/vc_column][\/vc_row]<\/p>\n","protected":false},"excerpt":{"rendered":"<p>[vc_row css=\u00a0\u00bb.vc_custom_1515063137650{background-color: #ffffff !important;}\u00a0\u00bb][vc_column][vc_column_text]Syst\u00e8me de conduite d&rsquo;air capable de r\u00e9guler la quantit\u00e9 d&rsquo;air fourni et de la maintenir \u00e0 un niveau constant ind\u00e9pendamment de toute modification de la pression d&rsquo;entr\u00e9e. Les domaines d&rsquo;application sont le soudage, le meulage dans des environnements poussi\u00e9reux, la construction et la transformation des aliments.[\/vc_column_text][vc_tta_tour style=\u00a0\u00bbmodern\u00a0\u00bb shape=\u00a0\u00bbsquare\u00a0\u00bb gap=\u00a0\u00bb1&Prime; active_section=\u00a0\u00bb1&Prime; no_fill_content_area=\u00a0\u00bbtrue\u00a0\u00bb][vc_tta_section title=\u00a0\u00bbCA Pressure Flow Master\u00a0\u00bb tab_id=\u00a0\u00bb1515061200914-4dd3150e-98ab\u00a0\u00bb][vc_column_text] CleanAIR\u00ae Pressure Flow Master Le syst\u00e8me CleanAIR\u00ae Pressure Flow Master peut<\/p>\n<p><a class=\"more-link\" href=\"https:\/\/www.clean-air.cz\/fr\/air-line-systems\/\">Lire la suite&#8230;<\/a><\/p>\n","protected":false},"author":11,"featured_media":0,"parent":0,"menu_order":0,"comment_status":"closed","ping_status":"closed","template":"","meta":{"footnotes":""},"_links":{"self":[{"href":"https:\/\/www.clean-air.cz\/fr\/wp-json\/wp\/v2\/pages\/5326"}],"collection":[{"href":"https:\/\/www.clean-air.cz\/fr\/wp-json\/wp\/v2\/pages"}],"about":[{"href":"https:\/\/www.clean-air.cz\/fr\/wp-json\/wp\/v2\/types\/page"}],"author":[{"embeddable":true,"href":"https:\/\/www.clean-air.cz\/fr\/wp-json\/wp\/v2\/users\/11"}],"replies":[{"embeddable":true,"href":"https:\/\/www.clean-air.cz\/fr\/wp-json\/wp\/v2\/comments?post=5326"}],"version-history":[{"count":0,"href":"https:\/\/www.clean-air.cz\/fr\/wp-json\/wp\/v2\/pages\/5326\/revisions"}],"wp:attachment":[{"href":"https:\/\/www.clean-air.cz\/fr\/wp-json\/wp\/v2\/media?parent=5326"}],"curies":[{"name":"wp","href":"https:\/\/api.w.org\/{rel}","templated":true}]}}