{"id":5325,"date":"2018-07-03T07:20:05","date_gmt":"2018-07-03T05:20:05","guid":{"rendered":"https:\/\/www.clean-air.cz\/pressure-flow-master\/"},"modified":"2026-01-30T12:59:35","modified_gmt":"2026-01-30T11:59:35","slug":"pressure-flow-master","status":"publish","type":"page","link":"https:\/\/www.clean-air.cz\/fr\/air-line-systems\/pressure-flow-master\/","title":{"rendered":"CleanAIR\u00ae Pressure Flow Master"},"content":{"rendered":"<p>[vc_row][vc_column width=\u00a0\u00bb1\/2&Prime;][vc_gallery interval=\u00a0\u00bb3&Prime; images=\u00a0\u00bb2525&Prime; img_size=\u00a0\u00bblarge\u00a0\u00bb][\/vc_column][vc_column width=\u00a0\u00bb1\/2&Prime;][vc_column_text]<strong><span style=\"font-size: 14pt; color: #be0300;\">Solutions pour air comprim\u00e9<\/span><\/strong><\/p>\n<p>Les syst\u00e8mes CleanAIR\u00ae Pressure\/Pressure Flow Master sont des respirateurs \u00e0 d\u00e9bit d\u2019air constant adapt\u00e9s \u00e0 une intervention prolong\u00e9e dans les environnements d\u2019industrie lourde. Le r\u00e9gulateur \u00e0 la ceinture peut contr\u00f4ler le d\u00e9bit d\u2019air provenant du syst\u00e8me central de distribution de l\u2019air comprim\u00e9 ou d\u2019un compresseur et le maintenir \u00e0 un niveau constant ind\u00e9pendamment des variations de la pression en entr\u00e9e.[\/vc_column_text][vc_btn title=\u00a0\u00bbD\u00e9couvrez notre gamme compl\u00e8te de syst\u00e8mes d\u2019adduction !\u00a0\u00bb shape=\u00a0\u00bbsquare\u00a0\u00bb color=\u00a0\u00bbjuicy-pink\u00a0\u00bb size=\u00a0\u00bblg\u00a0\u00bb align=\u00a0\u00bbleft\u00a0\u00bb i_icon_fontawesome=\u00a0\u00bbfa fa-info-circle\u00a0\u00bb css_animation=\u00a0\u00bbnone\u00a0\u00bb add_icon=\u00a0\u00bbtrue\u00a0\u00bb link=\u00a0\u00bburl:https%3A%2F%2Fwww.clean-air.cz%2Ffr%2Fair-line-systems%2F|title:D%C3%A9couvrez%20notre%20gamme%20compl%C3%A8te%20de%20cagoules%20l%C3%A9g%C3%A8res%20%21|\u00a0\u00bb][\/vc_column][\/vc_row][vc_row][vc_column][vc_tta_tabs style=\u00a0\u00bbmodern\u00a0\u00bb shape=\u00a0\u00bbsquare\u00a0\u00bb active_section=\u00a0\u00bb1&Prime; no_fill_content_area=\u00a0\u00bbtrue\u00a0\u00bb title=\u00a0\u00bbD\u00e9tails\u00a0\u00bb][vc_tta_section i_icon_fontawesome=\u00a0\u00bbfa fa-industry\u00a0\u00bb add_icon=\u00a0\u00bbtrue\u00a0\u00bb title=\u00a0\u00bbDomaines d\u2019application\u00a0\u00bb tab_id=\u00a0\u00bb1513150336358-68add988-e9ea\u00a0\u00bb][vc_column_text]<span style=\"color: #be0300;\"><strong>Domaines d&rsquo;application<\/strong><\/span><\/p>\n<p>Industrie de production et automobile, soudage, meulage, op\u00e9rations de finition de surface, industrie lourde.<br \/>\n[\/vc_column_text][\/vc_tta_section][vc_tta_section i_icon_fontawesome=\u00a0\u00bbfa fa-thumbs-o-up\u00a0\u00bb add_icon=\u00a0\u00bbtrue\u00a0\u00bb title=\u00a0\u00bbCaract\u00e9ristiques et avantages\u00a0\u00bb tab_id=\u00a0\u00bb1513150336359-b7b65468-8021&Prime;][vc_column_text]<span style=\"color: #be0300;\"><strong>Caract\u00e9ristiques et avantages<\/strong><\/span><\/p>\n<ul>\n<li>L\u00e9ger<\/li>\n<li>Fonctionnement \u00e9conomique<\/li>\n<li>Grands d\u00e9bits d\u2019air<\/li>\n<li>Signal d\u2019alerte faible pression<\/li>\n<\/ul>\n<p>[\/vc_column_text][\/vc_tta_section][vc_tta_section i_icon_fontawesome=\u00a0\u00bbfa fa-cog\u00a0\u00bb add_icon=\u00a0\u00bbtrue\u00a0\u00bb title=\u00a0\u00bbKits complets, accessoires, filtres\u00a0\u00bb tab_id=\u00a0\u00bb1513153137048-5f8c31c5-30ea\u00a0\u00bb][vc_column_text]<\/p>\n<table>\n<tbody>\n<tr>\n<td style=\"text-align: left;\" colspan=\"2\"><span style=\"color: #be0300;\"><strong>Ensembles completes<\/strong><\/span><\/td>\n<\/tr>\n<tr>\n<td style=\"text-align: left;\">CleanAIR<sup>\u00ae<\/sup> Flow Master avec accessoires (ceinture de confort et<br \/>\nindicateur de d\u00e9bit)<\/td>\n<td style=\"text-align: center;\">67 00 00<\/td>\n<\/tr>\n<tr>\n<td style=\"text-align: left;\" colspan=\"2\"><span style=\"color: #be0300;\"><strong>Pi\u00e8ces de rechange, accessoires<\/strong><\/span><\/td>\n<\/tr>\n<tr>\n<td style=\"text-align: left;\">CleanAIR<sup>\u00ae<\/sup> Pressure Conditioner avec support<\/td>\n<td style=\"text-align: center;\">61 00 50<\/td>\n<\/tr>\n<tr>\n<td style=\"text-align: left;\">Tuyau standard de 10 m pour CAP<\/td>\n<td style=\"text-align: center;\">61 00 30<\/td>\n<\/tr>\n<tr>\n<td style=\"text-align: left;\">Tuyau standard de 25 m pour CAP<\/td>\n<td style=\"text-align: center;\">61 00 38<\/td>\n<\/tr>\n<tr>\n<td style=\"text-align: left;\">Tuyau standard de 50 m pour CAP<\/td>\n<td style=\"text-align: center;\">61 00 39<\/td>\n<\/tr>\n<tr>\n<td style=\"text-align: left;\">Tuyau antistatique de 10 m pour CAP<\/td>\n<td style=\"text-align: center;\">61 00 31<\/td>\n<\/tr>\n<tr>\n<td style=\"text-align: left;\">Tuyau antistatique de 25 m pour CAP<\/td>\n<td style=\"text-align: center;\">61 00 33<\/td>\n<\/tr>\n<tr>\n<td style=\"text-align: left;\">Tuyau antistatique de 50 m pour CAP<\/td>\n<td style=\"text-align: center;\">61 00 34<\/td>\n<\/tr>\n<tr>\n<td style=\"text-align: left;\">Tuyau en spirale de 10 m pour CAP, r\u00e9sistant m\u00e9caniquement<\/td>\n<td style=\"text-align: center;\">61 00 46<\/td>\n<\/tr>\n<tr>\n<td style=\"text-align: left;\">Silencieux<\/td>\n<td style=\"text-align: center;\">63 00 10<\/td>\n<\/tr>\n<tr>\n<td style=\"text-align: left;\">Ceinture pour CleanAIR<sup>\u00ae<\/sup> Pressure<\/td>\n<td style=\"text-align: center;\">70 00 95<\/td>\n<\/tr>\n<tr>\n<td style=\"text-align: left;\">Tuyau flexible l\u00e9ger QuickLOCK\u2122 \u2013 CA40x1\/7&Prime;<\/td>\n<td style=\"text-align: center;\">71 00 60<\/td>\n<\/tr>\n<tr>\n<td style=\"text-align: left;\">Tuyau en caoutchouc QuickLOCK\u2122 \u2013 CA40x1\/7&Prime;<\/td>\n<td style=\"text-align: center;\">71 00 86<\/td>\n<\/tr>\n<tr>\n<td style=\"text-align: left;\">Ceinture de confort rembourr\u00e9e standard<\/td>\n<td style=\"text-align: center;\">71 00 93<\/td>\n<\/tr>\n<tr>\n<td style=\"text-align: left;\">Ceinture en cuir r\u00e9sistant<\/td>\n<td style=\"text-align: center;\">72 00 93<\/td>\n<\/tr>\n<\/tbody>\n<\/table>\n<p>[\/vc_column_text][\/vc_tta_section][vc_tta_section i_icon_fontawesome=\u00a0\u00bbfa fa-wrench\u00a0\u00bb add_icon=\u00a0\u00bbtrue\u00a0\u00bb title=\u00a0\u00bbDonn\u00e9es techniques\u00a0\u00bb tab_id=\u00a0\u00bb1513153797992-792040b0-82c9&Prime;][vc_column_text]<\/p>\n<table>\n<tbody>\n<tr>\n<td style=\"text-align: left;\">D\u00e9bit d\u2019air<\/td>\n<td style=\"text-align: center;\">160 &#8211; 250 l\/min<\/td>\n<\/tr>\n<tr>\n<td style=\"text-align: left;\">Pression d\u2019entr\u00e9e<\/td>\n<td style=\"text-align: center;\">400 &#8211; 1 000 kPa<\/td>\n<\/tr>\n<tr>\n<td style=\"text-align: left;\">Poids<\/td>\n<td style=\"text-align: center;\">280 g<\/td>\n<\/tr>\n<tr>\n<td style=\"text-align: left;\">Bruit<\/td>\n<td style=\"text-align: center;\">max. 61 dB<\/td>\n<\/tr>\n<tr>\n<td style=\"text-align: left;\">Dimensions<\/td>\n<td style=\"text-align: center;\">235 mm \/ 126 mm \/ 65 mm<\/td>\n<\/tr>\n<tr>\n<td style=\"text-align: left;\">Raccord d\u2019entr\u00e9e<\/td>\n<td style=\"text-align: center;\">compatible avec RECTUS 25, 26 et CEJN 320<\/td>\n<\/tr>\n<tr>\n<td style=\"text-align: left;\">Raccord de sortie<\/td>\n<td style=\"text-align: center;\">CA40\u00d71\/7&Prime;<\/td>\n<\/tr>\n<tr>\n<td style=\"text-align: left;\">Certification<\/td>\n<td style=\"text-align: center;\">NE 14594, cat. 3B<\/td>\n<\/tr>\n<\/tbody>\n<\/table>\n<p>[\/vc_column_text][\/vc_tta_section][vc_tta_section i_icon_fontawesome=\u00a0\u00bbfa fa-download\u00a0\u00bb add_icon=\u00a0\u00bbtrue\u00a0\u00bb title=\u00a0\u00bbT\u00e9l\u00e9chargements\u00a0\u00bb tab_id=\u00a0\u00bb1513154098935-95c74e4f-fa1e\u00a0\u00bb][vc_column_text]<a href=\"https:\/\/www.clean-air.cz\/wp-content\/uploads\/2026\/01\/GR-CNA010-R14-User-Manual-Pressure-Flow-Master-and-Conditioner-DIGI.pdf\">User Manual &#8211; Pressure Flow Master and Conditioner DIGI<\/a><\/p>\n<p><a href=\"https:\/\/www.clean-air.cz\/wp-content\/uploads\/2022\/03\/DA-011_-_670000_-_Pressure_Flow_Master_-_EN.pdf\" target=\"_blank\" rel=\"noopener\">Datasheet_-_670000_-_Pressure_Flow_Master_-_EN<\/a><\/p>\n<p><a href=\"https:\/\/www.clean-air.cz\/wp-content\/uploads\/2021\/12\/PS-670000-1-R1-Presure-Flow-Master.pdf\" target=\"_blank\" rel=\"noopener\">Declaration of Conformity &#8211; Presure Flow Master<\/a>[\/vc_column_text][\/vc_tta_section][vc_tta_section i_icon_fontawesome=\u00a0\u00bbfa fa-picture-o\u00a0\u00bb add_icon=\u00a0\u00bbtrue\u00a0\u00bb title=\u00a0\u00bbGalerie\u00a0\u00bb tab_id=\u00a0\u00bb1515415801460-0c2258c9-4574&Prime;][vc_gallery type=\u00a0\u00bbimage_grid\u00a0\u00bb images=\u00a0\u00bb2525&Prime; img_size=\u00a0\u00bbmedium\u00a0\u00bb css_animation=\u00a0\u00bbfadeIn\u00a0\u00bb css=\u00a0\u00bb.vc_custom_1553762539937{padding-left: 280px !important;}\u00a0\u00bb][\/vc_tta_section][\/vc_tta_tabs][\/vc_column][\/vc_row]<\/p>\n","protected":false},"excerpt":{"rendered":"<p>[vc_row][vc_column width=\u00a0\u00bb1\/2&Prime;][vc_gallery interval=\u00a0\u00bb3&Prime; images=\u00a0\u00bb2525&Prime; img_size=\u00a0\u00bblarge\u00a0\u00bb][\/vc_column][vc_column width=\u00a0\u00bb1\/2&Prime;][vc_column_text]Solutions pour air comprim\u00e9 Les syst\u00e8mes CleanAIR\u00ae Pressure\/Pressure Flow Master sont des respirateurs \u00e0 d\u00e9bit d\u2019air constant adapt\u00e9s \u00e0 une intervention prolong\u00e9e dans les environnements d\u2019industrie lourde. Le r\u00e9gulateur \u00e0 la ceinture peut contr\u00f4ler le d\u00e9bit d\u2019air provenant du syst\u00e8me central de distribution de l\u2019air comprim\u00e9 ou d\u2019un compresseur et le maintenir \u00e0 un niveau constant ind\u00e9pendamment des variations de la pression en entr\u00e9e.[\/vc_column_text][vc_btn title=\u00a0\u00bbD\u00e9couvrez<\/p>\n<p><a class=\"more-link\" href=\"https:\/\/www.clean-air.cz\/fr\/air-line-systems\/pressure-flow-master\/\">Lire la suite&#8230;<\/a><\/p>\n","protected":false},"author":11,"featured_media":0,"parent":5326,"menu_order":0,"comment_status":"closed","ping_status":"closed","template":"","meta":{"footnotes":""},"_links":{"self":[{"href":"https:\/\/www.clean-air.cz\/fr\/wp-json\/wp\/v2\/pages\/5325"}],"collection":[{"href":"https:\/\/www.clean-air.cz\/fr\/wp-json\/wp\/v2\/pages"}],"about":[{"href":"https:\/\/www.clean-air.cz\/fr\/wp-json\/wp\/v2\/types\/page"}],"author":[{"embeddable":true,"href":"https:\/\/www.clean-air.cz\/fr\/wp-json\/wp\/v2\/users\/11"}],"replies":[{"embeddable":true,"href":"https:\/\/www.clean-air.cz\/fr\/wp-json\/wp\/v2\/comments?post=5325"}],"version-history":[{"count":0,"href":"https:\/\/www.clean-air.cz\/fr\/wp-json\/wp\/v2\/pages\/5325\/revisions"}],"up":[{"embeddable":true,"href":"https:\/\/www.clean-air.cz\/fr\/wp-json\/wp\/v2\/pages\/5326"}],"wp:attachment":[{"href":"https:\/\/www.clean-air.cz\/fr\/wp-json\/wp\/v2\/media?parent=5325"}],"curies":[{"name":"wp","href":"https:\/\/api.w.org\/{rel}","templated":true}]}}