{"id":5323,"date":"2018-07-03T08:19:18","date_gmt":"2018-07-03T06:19:18","guid":{"rendered":"https:\/\/www.clean-air.cz\/pressure-for-mask\/"},"modified":"2022-07-26T13:06:38","modified_gmt":"2022-07-26T11:06:38","slug":"pressure-for-mask","status":"publish","type":"page","link":"https:\/\/www.clean-air.cz\/fr\/air-line-systems\/pressure-for-mask\/","title":{"rendered":"CleanAIR\u00ae Pressure For Mask"},"content":{"rendered":"<p>[vc_row][vc_column width=\u00a0\u00bb1\/2&Prime;][vc_gallery interval=\u00a0\u00bb3&Prime; images=\u00a0\u00bb2713&Prime; img_size=\u00a0\u00bblarge\u00a0\u00bb][\/vc_column][vc_column width=\u00a0\u00bb1\/2&Prime;][vc_column_text]<strong><span style=\"font-size: 14pt; color: #be0300;\"><sup>CleanAIR\u00ae Pressure For Mask est un syst\u00e8me d\u2019adduction de l\u2019air confortable, multiusage et tr\u00e8s efficace \u00e0 utiliser avec le masque Shigematsu GX02. La fonctionnalit\u00e9 unique de bascule du filtre permet \u00e0 l\u2019utilisateur de continuer de respirer normalement \u00e0 travers le filtre \u00e0 particules ou mixte passif en cas de panne soudaine de l\u2019approvisionnement en air.<\/sup><\/span><\/strong><\/p>\n<p>Le syst\u00e8me permet \u00e0 l\u2019utilisateur de r\u00e9gler le d\u00e9bit d\u2019air entre 170 l\/min et 250 l\/min et de le maintenir \u00e0 un niveau constant ind\u00e9pendamment des variations de la pression d\u2019entr\u00e9e. En plus de la r\u00e9gulation du d\u00e9bit d\u2019air , le syst\u00e8me est \u00e9quip\u00e9 d\u2019un sifflet d\u2019alerte. Il avertit l\u2019utilisateur si la pression d\u2019entr\u00e9e chute en-dessous de la limite inf\u00e9rieure de pression nominale (350 kPa). CleanAIR\u00ae Pressure For Mask a \u00e9t\u00e9 sp\u00e9cialement con\u00e7u pour \u00eatre port\u00e9 pendant de longues p\u00e9riodes ou dans des environnements o\u00f9 les polluants sont particuli\u00e8rement toxiques et poss\u00e8dent de mauvaises propri\u00e9t\u00e9s d\u2019avertissement. Il offre un facteur de protection nominale maximum de 2000 conform\u00e9ment \u00e0 la norme NE 14594:05 (CAT 4B).[\/vc_column_text][vc_btn title=\u00a0\u00bbD\u00e9couvrez notre gamme compl\u00e8te de syst\u00e8mes d\u2019adduction\u00a0\u00bb shape=\u00a0\u00bbsquare\u00a0\u00bb color=\u00a0\u00bbjuicy-pink\u00a0\u00bb size=\u00a0\u00bblg\u00a0\u00bb align=\u00a0\u00bbleft\u00a0\u00bb i_icon_fontawesome=\u00a0\u00bbfa fa-info-circle\u00a0\u00bb css_animation=\u00a0\u00bbnone\u00a0\u00bb add_icon=\u00a0\u00bbtrue\u00a0\u00bb link=\u00a0\u00bburl:https%3A%2F%2Fwww.clean-air.cz%2Ffr%2Fair-line-systems%2F|title:D%C3%A9couvrez%20notre%20gamme%20compl%C3%A8te%20de%20cagoules%20l%C3%A9g%C3%A8res|\u00a0\u00bb][\/vc_column][\/vc_row][vc_row][vc_column][vc_tta_tabs style=\u00a0\u00bbmodern\u00a0\u00bb shape=\u00a0\u00bbsquare\u00a0\u00bb active_section=\u00a0\u00bb1&Prime; no_fill_content_area=\u00a0\u00bbtrue\u00a0\u00bb title=\u00a0\u00bbD\u00e9tails\u00a0\u00bb][vc_tta_section i_icon_fontawesome=\u00a0\u00bbfa fa-industry\u00a0\u00bb add_icon=\u00a0\u00bbtrue\u00a0\u00bb title=\u00a0\u00bbDomaines d\u2019application\u00a0\u00bb tab_id=\u00a0\u00bb1513150336358-68add988-e9ea\u00a0\u00bb][vc_column_text]<span style=\"color: #be0300;\"><strong>Domaines d&rsquo;application<\/strong><\/span><\/p>\n<p>Interventions prolong\u00e9es dans les environnements industriels tr\u00e8s pollu\u00e9s, les secteurs du b\u00e2timent et de la transformation des aliments, les r\u00e9servoirs ferm\u00e9s, les tunnels..[\/vc_column_text][\/vc_tta_section][vc_tta_section i_icon_fontawesome=\u00a0\u00bbfa fa-thumbs-o-up\u00a0\u00bb add_icon=\u00a0\u00bbtrue\u00a0\u00bb title=\u00a0\u00bbCaract\u00e9ristiques et avantages\u00a0\u00bb tab_id=\u00a0\u00bb1513150336359-b7b65468-8021&Prime;][vc_column_text]<span style=\"color: #be0300;\"><strong>Caract\u00e9ristiques et avantages<\/strong><\/span><\/p>\n<ul>\n<li>L\u00e9ger et confortable<\/li>\n<li>D\u00e9bit d\u2019air de haut niveau 160 &#8211; 250 l\/min<\/li>\n<li>Facteur de protection nominale 2000<\/li>\n<li>Fonction de bascule du filtre<\/li>\n<li>Compatible avec des filtres \u00e0 particules et mixtes<\/li>\n<li>D\u00e9contamination sous la douche<\/li>\n<li>Signal d\u2019alerte faible pression<\/li>\n<\/ul>\n<p>[\/vc_column_text][\/vc_tta_section][vc_tta_section i_icon_fontawesome=\u00a0\u00bbfa fa-cog\u00a0\u00bb add_icon=\u00a0\u00bbtrue\u00a0\u00bb title=\u00a0\u00bbKits complets, accessoires, filtres\u00a0\u00bb tab_id=\u00a0\u00bb1513153137048-5f8c31c5-30ea\u00a0\u00bb][vc_column_text]<\/p>\n<table style=\"width: 100%; height: 384px;\">\n<tbody>\n<tr style=\"height: 24px;\">\n<td style=\"text-align: left; height: 24px;\" colspan=\"2\"><span style=\"color: #be0300;\"><strong>Ensembles complets<br \/>\n<\/strong><\/span><\/td>\n<\/tr>\n<tr style=\"height: 24px;\">\n<td style=\"text-align: left; height: 24px;\">Pressure for Mask avec filtre P3 et ceinture de confort<\/td>\n<td style=\"text-align: center; height: 24px;\">65 00 00PC<\/td>\n<\/tr>\n<tr style=\"height: 24px;\">\n<td style=\"text-align: left; height: 24px;\">Pressure for Mask avec filtre P3 et ceinture nettoyable<\/td>\n<td style=\"text-align: center; height: 24px;\">65 00 00PD<\/td>\n<\/tr>\n<tr style=\"height: 24px;\">\n<td style=\"text-align: left; height: 24px;\" colspan=\"2\"><span style=\"color: #be0300;\"><strong>Liste des pi\u00e8ces d\u00e9tach\u00e9es \/ accessoires<\/strong><\/span><\/td>\n<\/tr>\n<tr style=\"height: 24px;\">\n<td style=\"text-align: left; height: 24px;\">Filtre ZERO, 2x RD40x1\/7&Prime;<\/td>\n<td style=\"text-align: center; height: 24px;\">50 02 49<\/td>\n<\/tr>\n<tr style=\"height: 24px;\">\n<td style=\"text-align: left; height: 24px;\">Filtre A2B2E2K2P3 double filetage RD40x1\/7&Prime;<\/td>\n<td style=\"text-align: center; height: 24px;\">50 02 68<\/td>\n<\/tr>\n<tr style=\"height: 24px;\">\n<td style=\"text-align: left; height: 24px;\">Tuyau standard de 10 m pour CAP<\/td>\n<td style=\"text-align: center; height: 24px;\">61 00 30<\/td>\n<\/tr>\n<tr style=\"height: 24px;\">\n<td style=\"text-align: left; height: 24px;\">Tuyau antistatique de 10 m pour CAP<\/td>\n<td style=\"text-align: center; height: 24px;\">61 00 31<\/td>\n<\/tr>\n<tr style=\"height: 24px;\">\n<td style=\"text-align: left; height: 24px;\">Tuyau standard de 25 m pour CAP<\/td>\n<td style=\"text-align: center; height: 24px;\">61 00 30<\/td>\n<\/tr>\n<tr style=\"height: 24px;\">\n<td style=\"text-align: left; height: 24px;\">Tuyau standard de 50 m pour CAP<\/td>\n<td style=\"text-align: center; height: 24px;\">61 00 31<\/td>\n<\/tr>\n<tr style=\"height: 24px;\">\n<td style=\"text-align: left; height: 24px;\">Tuyau antistatique de 25 m pour CAP<\/td>\n<td style=\"text-align: center; height: 24px;\">61 00 39<\/td>\n<\/tr>\n<tr style=\"height: 24px;\">\n<td style=\"text-align: left; height: 24px;\">Tuyau antistatique de 50 m pour CAP<\/td>\n<td style=\"text-align: center; height: 24px;\">61 00 33<\/td>\n<\/tr>\n<tr style=\"height: 24px;\">\n<td style=\"text-align: left; height: 24px;\">Antistatic hose 50 m for CAP<\/td>\n<td style=\"text-align: center; height: 24px;\">61 00 34<\/td>\n<\/tr>\n<tr style=\"height: 24px;\">\n<td style=\"text-align: left; height: 24px;\">Tuyau en spirale de 10 m pour CAP, r\u00e9sistant m\u00e9caniquement<\/td>\n<td style=\"text-align: center; height: 24px;\">61 00 46<\/td>\n<\/tr>\n<tr style=\"height: 24px;\">\n<td style=\"text-align: left; height: 24px;\">Tuyau flexible l\u00e9ger CA40x1\/7&Prime; \u2013 CA40x1\/7&Prime;<\/td>\n<td style=\"text-align: center; height: 24px;\">70 00 60<\/td>\n<\/tr>\n<tr style=\"height: 24px;\">\n<td style=\"text-align: left; height: 24px;\">Tuyau en caoutchouc CA40x1\/7&Prime; \u2013 CA40x1\/7&Prime;<\/td>\n<td style=\"text-align: center; height: 24px;\">70 00 86CA<\/td>\n<\/tr>\n<\/tbody>\n<\/table>\n<p>[\/vc_column_text][\/vc_tta_section][vc_tta_section i_icon_fontawesome=\u00a0\u00bbfa fa-wrench\u00a0\u00bb add_icon=\u00a0\u00bbtrue\u00a0\u00bb title=\u00a0\u00bbDonn\u00e9es techniques\u00a0\u00bb tab_id=\u00a0\u00bb1513153797992-792040b0-82c9&Prime;][vc_column_text]<\/p>\n<table style=\"width: 99.6774%; height: 177px;\">\n<tbody>\n<tr style=\"height: 22px;\">\n<td style=\"text-align: left; height: 22px;\">Poids<\/td>\n<td style=\"text-align: center; height: 22px;\">280 g (sans tuyau d\u2019air ni filtre)<\/td>\n<\/tr>\n<tr style=\"height: 22px;\">\n<td style=\"text-align: left; height: 22px;\">D\u00e9bit d\u2019air<\/td>\n<td style=\"text-align: center; height: 22px;\">170 &#8211; 250 l\/min<\/td>\n<\/tr>\n<tr style=\"height: 45px;\">\n<td style=\"text-align: left; height: 45px;\">Type de filtre<\/td>\n<td style=\"text-align: center; height: 45px;\">50 02 48 \u2013 Filtre P3 double filetage RD40x1\/7&Prime;<br \/>\n50 02 68 \u2013 Filtre A2B2E2K2P3 double filetage RD40x1\/7&Prime;<\/td>\n<\/tr>\n<tr style=\"height: 22px;\">\n<td style=\"text-align: left; height: 22px;\">Pression d\u2019entr\u00e9e<\/td>\n<td style=\"text-align: center; height: 22px;\">400 &#8211; 1000 kPa<\/td>\n<\/tr>\n<tr style=\"height: 22px;\">\n<td style=\"text-align: left; height: 22px;\">Raccord d\u2019entr\u00e9e<\/td>\n<td style=\"text-align: center; height: 22px;\">compatible avec RECTUS 25, 26 et CEJN 320<\/td>\n<\/tr>\n<tr style=\"height: 22px;\">\n<td style=\"text-align: left; height: 22px;\">Raccord de sortie<\/td>\n<td style=\"text-align: center; height: 22px;\">MINI DIN 5 \u2013 compatible avec RECTUS s\u00e9rie 21<\/td>\n<\/tr>\n<tr style=\"height: 22px;\">\n<td style=\"text-align: left; height: 22px;\">Certification<\/td>\n<td style=\"text-align: center; height: 22px;\">NE 14594, cat. 4B<\/td>\n<\/tr>\n<\/tbody>\n<\/table>\n<p>[\/vc_column_text][\/vc_tta_section][vc_tta_section i_icon_fontawesome=\u00a0\u00bbfa fa-download\u00a0\u00bb add_icon=\u00a0\u00bbtrue\u00a0\u00bb title=\u00a0\u00bbT\u00e9l\u00e9chargements\u00a0\u00bb tab_id=\u00a0\u00bb1513154098935-95c74e4f-fa1e\u00a0\u00bb][vc_column_text]<a href=\"https:\/\/www.clean-air.cz\/wp-content\/uploads\/2018\/07\/Datasheet-DA-038-R01-65-00-00PA-CA-Pressure-For-Mask-EN.pdf\" target=\"_blank\" rel=\"noopener noreferrer\">Datasheet &#8211; DA-038-R01 &#8211; 65 00 00PA &#8211; CA Pressure For Mask &#8211; EN<\/a><\/p>\n<p><a href=\"https:\/\/www.clean-air.cz\/wp-content\/uploads\/2022\/07\/User-manual-CNA-010-R10-UM-Pressure-Flow-Master-and-Conditioner-DIGI.pdf\" target=\"_blank\" rel=\"noopener\">User manual &#8211; CNA-010-R10 &#8211; UM &#8211; Pressure Flow Master and Conditioner-DIGI<\/a><\/p>\n<p><a href=\"https:\/\/www.clean-air.cz\/wp-content\/uploads\/2018\/09\/PS-650000-1-R0-Presure-for-Mask.pdf\" target=\"_blank\" rel=\"noopener noreferrer\">PS-650000-1-R0 Presure for Mask<\/a>[\/vc_column_text][\/vc_tta_section][vc_tta_section i_icon_fontawesome=\u00a0\u00bbfa fa-picture-o\u00a0\u00bb add_icon=\u00a0\u00bbtrue\u00a0\u00bb title=\u00a0\u00bbGalerie\u00a0\u00bb tab_id=\u00a0\u00bb1515415801460-0c2258c9-4574&Prime;][vc_gallery type=\u00a0\u00bbimage_grid\u00a0\u00bb images=\u00a0\u00bb418,420,2713&Prime; img_size=\u00a0\u00bbmedium\u00a0\u00bb css_animation=\u00a0\u00bbfadeIn\u00a0\u00bb css=\u00a0\u00bb.vc_custom_1530598732526{padding-left: 280px !important;}\u00a0\u00bb][\/vc_tta_section][\/vc_tta_tabs][\/vc_column][\/vc_row]<\/p>\n","protected":false},"excerpt":{"rendered":"<p>[vc_row][vc_column width=\u00a0\u00bb1\/2&Prime;][vc_gallery interval=\u00a0\u00bb3&Prime; images=\u00a0\u00bb2713&Prime; img_size=\u00a0\u00bblarge\u00a0\u00bb][\/vc_column][vc_column width=\u00a0\u00bb1\/2&Prime;][vc_column_text]CleanAIR\u00ae Pressure For Mask est un syst\u00e8me d\u2019adduction de l\u2019air confortable, multiusage et tr\u00e8s efficace \u00e0 utiliser avec le masque Shigematsu GX02. La fonctionnalit\u00e9 unique de bascule du filtre permet \u00e0 l\u2019utilisateur de continuer de respirer normalement \u00e0 travers le filtre \u00e0 particules ou mixte passif en cas de panne soudaine de l\u2019approvisionnement en air. Le syst\u00e8me permet \u00e0 l\u2019utilisateur de r\u00e9gler le d\u00e9bit d\u2019air<\/p>\n<p><a class=\"more-link\" href=\"https:\/\/www.clean-air.cz\/fr\/air-line-systems\/pressure-for-mask\/\">Lire la suite&#8230;<\/a><\/p>\n","protected":false},"author":11,"featured_media":0,"parent":5326,"menu_order":0,"comment_status":"closed","ping_status":"closed","template":"","meta":{"footnotes":""},"_links":{"self":[{"href":"https:\/\/www.clean-air.cz\/fr\/wp-json\/wp\/v2\/pages\/5323"}],"collection":[{"href":"https:\/\/www.clean-air.cz\/fr\/wp-json\/wp\/v2\/pages"}],"about":[{"href":"https:\/\/www.clean-air.cz\/fr\/wp-json\/wp\/v2\/types\/page"}],"author":[{"embeddable":true,"href":"https:\/\/www.clean-air.cz\/fr\/wp-json\/wp\/v2\/users\/11"}],"replies":[{"embeddable":true,"href":"https:\/\/www.clean-air.cz\/fr\/wp-json\/wp\/v2\/comments?post=5323"}],"version-history":[{"count":0,"href":"https:\/\/www.clean-air.cz\/fr\/wp-json\/wp\/v2\/pages\/5323\/revisions"}],"up":[{"embeddable":true,"href":"https:\/\/www.clean-air.cz\/fr\/wp-json\/wp\/v2\/pages\/5326"}],"wp:attachment":[{"href":"https:\/\/www.clean-air.cz\/fr\/wp-json\/wp\/v2\/media?parent=5323"}],"curies":[{"name":"wp","href":"https:\/\/api.w.org\/{rel}","templated":true}]}}