{"id":5161,"date":"2018-07-03T08:28:43","date_gmt":"2018-07-03T06:28:43","guid":{"rendered":"https:\/\/www.clean-air.cz\/conditioner\/"},"modified":"2026-01-27T09:26:10","modified_gmt":"2026-01-27T08:26:10","slug":"conditioner","status":"publish","type":"page","link":"https:\/\/www.clean-air.cz\/fr\/air-line-systems\/conditioner\/","title":{"rendered":"CleanAIR\u00aeConditioner"},"content":{"rendered":"<p>[vc_row][vc_column width=\u00a0\u00bb1\/2&Prime;][vc_gallery interval=\u00a0\u00bb3&Prime; images=\u00a0\u00bb2661&Prime; img_size=\u00a0\u00bblarge\u00a0\u00bb][\/vc_column][vc_column width=\u00a0\u00bb1\/2&Prime;][vc_column_text]<strong><span style=\"font-size: 14pt; color: #be0300;\"><sup>Solution id\u00e9ale pour les bureaux avec la possibilit\u00e9 de relier \u00e0 un syst\u00e8me central de distribution de l\u2019air comprim\u00e9 ou \u00e0 un compresseur.<\/sup><\/span><\/strong><\/p>\n<p>La station de filtrage offre une solution suppl\u00e9mentaire de filtrage de l\u2019air comprim\u00e9 lorsque la qualit\u00e9 de l\u2019air fourni ne r\u00e9pond pas aux exigences de la norme NE 12021. Le filtre mixte \u00e0 haut d\u00e9bit \u00e0 l\u2019int\u00e9rieur du climatiseur \u00e9limine les particules solides, les brumes huileuses et les odeurs d\u00e9sagr\u00e9ables pouvant \u00eatre pr\u00e9sentes dans le syst\u00e8me de distribution de l\u2019air comprim\u00e9. Le climatiseur peut fournir un d\u00e9bit d\u2019air filtr\u00e9 suffisant pour deux employ\u00e9s simultan\u00e9s.[\/vc_column_text][vc_btn title=\u00a0\u00bbD\u00e9couvrez notre gamme compl\u00e8te de syst\u00e8mes d\u2019adduction\u00a0\u00bb shape=\u00a0\u00bbsquare\u00a0\u00bb color=\u00a0\u00bbjuicy-pink\u00a0\u00bb size=\u00a0\u00bblg\u00a0\u00bb align=\u00a0\u00bbleft\u00a0\u00bb i_icon_fontawesome=\u00a0\u00bbfa fa-info-circle\u00a0\u00bb css_animation=\u00a0\u00bbnone\u00a0\u00bb add_icon=\u00a0\u00bbtrue\u00a0\u00bb link=\u00a0\u00bburl:https%3A%2F%2Fwww.clean-air.cz%2Ffr%2Fair-line-systems%2F|title:D%C3%A9couvrez%20notre%20gamme%20compl%C3%A8te%20de%20cagoules%20l%C3%A9g%C3%A8res|\u00a0\u00bb][\/vc_column][\/vc_row][vc_row][vc_column][vc_tta_tabs style=\u00a0\u00bbmodern\u00a0\u00bb shape=\u00a0\u00bbsquare\u00a0\u00bb active_section=\u00a0\u00bb1&Prime; no_fill_content_area=\u00a0\u00bbtrue\u00a0\u00bb title=\u00a0\u00bbD\u00e9tails\u00a0\u00bb][vc_tta_section i_icon_fontawesome=\u00a0\u00bbfa fa-industry\u00a0\u00bb add_icon=\u00a0\u00bbtrue\u00a0\u00bb title=\u00a0\u00bbDomaines d\u2019application\u00a0\u00bb tab_id=\u00a0\u00bb1513150336358-68add988-e9ea\u00a0\u00bb][vc_column_text]<span style=\"color: #be0300;\"><strong>Domaines d\u2019application<\/strong><\/span><\/p>\n<ul>\n<li>Industrie automobile \u2013 soudage, meulage, op\u00e9rations de finition de surface<\/li>\n<li>Environnements industriels lourds<\/li>\n<li>Secteur chimique<\/li>\n<li>Laboratoires<\/li>\n<\/ul>\n<p>[\/vc_column_text][\/vc_tta_section][vc_tta_section i_icon_fontawesome=\u00a0\u00bbfa fa-thumbs-o-up\u00a0\u00bb add_icon=\u00a0\u00bbtrue\u00a0\u00bb title=\u00a0\u00bbCaract\u00e9ristiques et avantages\u00a0\u00bb tab_id=\u00a0\u00bb1513150336359-b7b65468-8021&Prime;][vc_column_text]<span style=\"color: #be0300;\"><strong>Caract\u00e9ristiques et avantages<\/strong><\/span><\/p>\n<ul>\n<li>L\u00e9ger<\/li>\n<li>Fonctionnement \u00e9conomique<\/li>\n<li>Grands d\u00e9bits d\u2019air<\/li>\n<li>Syst\u00e8me d\u2019alerte faible pression<\/li>\n<li>Option de filtrage de l\u2019air fourni<\/li>\n<li>Compatible avec une large gamme de casques CleanAIR\u00ae<\/li>\n<\/ul>\n<p>[\/vc_column_text][\/vc_tta_section][vc_tta_section i_icon_fontawesome=\u00a0\u00bbfa fa-cog\u00a0\u00bb add_icon=\u00a0\u00bbtrue\u00a0\u00bb title=\u00a0\u00bbKits complets, accessoires, filtres\u00a0\u00bb tab_id=\u00a0\u00bb1513153137048-5f8c31c5-30ea\u00a0\u00bb][vc_column_text]<\/p>\n<table>\n<tbody>\n<tr>\n<td style=\"text-align: left;\" colspan=\"2\"><span style=\"color: #be0300;\"><strong>Ensembles complets<br \/>\n<\/strong><\/span><\/td>\n<\/tr>\n<tr>\n<td style=\"text-align: left;\">CleanAIR\u00ae Pressure Conditioner avec support<\/td>\n<td style=\"text-align: center;\">61 00 50<\/td>\n<\/tr>\n<tr>\n<td style=\"text-align: left;\">CleanAIR\u00ae Flow Master avec accessoires (ceinture de confort et<br \/>\nindicateur de d\u00e9bit)<\/td>\n<td style=\"text-align: center;\">67 00 00<\/td>\n<\/tr>\n<tr>\n<td style=\"text-align: left;\">Syst\u00e8me de pression CleanAIR\u00ae avec accessoires (ceinture et<br \/>\nindicateur de d\u00e9bit)<\/td>\n<td style=\"text-align: center;\">63 00 00<\/td>\n<\/tr>\n<tr>\n<td style=\"text-align: left;\" colspan=\"2\"><span style=\"color: #be0300;\"><strong>Liste des pi\u00e8ces d\u00e9tach\u00e9es \/ accessoires<\/strong><\/span><\/td>\n<\/tr>\n<tr>\n<td style=\"text-align: left;\">CleanAIR\u00ae Pressure Conditioner avec support<\/td>\n<td style=\"text-align: center;\">61 00 50<\/td>\n<\/tr>\n<tr>\n<td style=\"text-align: left;\">CleanAIR\u00ae Pressure Conditioner \u2013 joint torique 139 x 3 mm<\/td>\n<td style=\"text-align: center;\">61 00 24<\/td>\n<\/tr>\n<tr>\n<td style=\"text-align: left;\">CleanAIR\u00ae Pressure Conditioner \u2013 joint torique 30 x 4 mm<\/td>\n<td style=\"text-align: center;\">61 00 30<\/td>\n<\/tr>\n<tr>\n<td style=\"text-align: left;\">Tuyau standard de 10 m pour CAP<\/td>\n<td style=\"text-align: center;\">61 00 30<\/td>\n<\/tr>\n<tr>\n<td style=\"text-align: left;\">Tuyau standard de 25 m pour CAP<\/td>\n<td style=\"text-align: center;\">61 00 38<\/td>\n<\/tr>\n<tr>\n<td style=\"text-align: left;\">Tuyau standard de 50 m pour CAP<\/td>\n<td style=\"text-align: center;\">61 00 39<\/td>\n<\/tr>\n<tr>\n<td style=\"text-align: left;\">Tuyau antistatique de 10 m pour CAP<\/td>\n<td style=\"text-align: center;\">61 00 31<\/td>\n<\/tr>\n<tr>\n<td style=\"text-align: left;\">Tuyau antistatique de 25 m pour CAP<\/td>\n<td style=\"text-align: center;\">61 00 33<\/td>\n<\/tr>\n<tr>\n<td style=\"text-align: left;\">Tuyau antistatique de 50 m pour CAP<\/td>\n<td style=\"text-align: center;\">61 00 34<\/td>\n<\/tr>\n<tr>\n<td style=\"text-align: left;\">Tuyau en spirale de 10 m pour CAP, r\u00e9sistant m\u00e9caniquement<\/td>\n<td style=\"text-align: center;\">61 00 46<\/td>\n<\/tr>\n<tr>\n<td style=\"text-align: left;\">Filtr pro CleanAIR\u00ae Pressure Conditioner<\/td>\n<td style=\"text-align: center;\">61 00 10<\/td>\n<\/tr>\n<\/tbody>\n<\/table>\n<p>[\/vc_column_text][\/vc_tta_section][vc_tta_section i_icon_fontawesome=\u00a0\u00bbfa fa-wrench\u00a0\u00bb add_icon=\u00a0\u00bbtrue\u00a0\u00bb title=\u00a0\u00bbDonn\u00e9es techniques\u00a0\u00bb tab_id=\u00a0\u00bb1513153797992-792040b0-82c9&Prime;][vc_column_text]<\/p>\n<table>\n<tbody>\n<tr>\n<td style=\"text-align: left;\">Poids<\/td>\n<td style=\"text-align: center;\">6,80 kg<\/td>\n<\/tr>\n<tr>\n<td style=\"text-align: left;\">Dimensions<\/td>\n<td style=\"text-align: center;\">240 \/ 380 \/ 220 mm<\/td>\n<\/tr>\n<tr>\n<td style=\"text-align: left;\">Pression d\u2019entr\u00e9e<\/td>\n<td style=\"text-align: center;\">300 \u2013 1 000 kPa<\/td>\n<\/tr>\n<tr>\n<td style=\"text-align: left;\">Raccord<\/td>\n<td style=\"text-align: center;\">compatible avec RECTUS 25, 26 et CEJN 320<br class=\"xliff-newline\" \/>1\u00d7 entr\u00e9e, 2\u00d7 sortie<\/td>\n<\/tr>\n<\/tbody>\n<\/table>\n<p>[\/vc_column_text][\/vc_tta_section][vc_tta_section i_icon_fontawesome=\u00a0\u00bbfa fa-download\u00a0\u00bb add_icon=\u00a0\u00bbtrue\u00a0\u00bb title=\u00a0\u00bbT\u00e9l\u00e9chargements\u00a0\u00bb tab_id=\u00a0\u00bb1513154098935-95c74e4f-fa1e\u00a0\u00bb][vc_column_text]<a href=\"https:\/\/www.clean-air.cz\/wp-content\/uploads\/2022\/07\/User-manual-CNA-010-R10-UM-Pressure-Flow-Master-and-Conditioner-DIGI.pdf\">User manual &#8211; CNA-010-R10 &#8211; UM &#8211; Pressure Flow Master and Conditioner-DIGI<\/a><\/p>\n<p><a href=\"https:\/\/www.clean-air.cz\/wp-content\/uploads\/2018\/07\/Datasheet-DA-029-R02-61-00-50-CA-Pressure-Conditioner-EN.pdf\">Datasheet &#8211; DA-029-R02 &#8211; 61 00 50 &#8211; CA Pressure Conditioner &#8211; EN<\/a><\/p>\n<p><a href=\"https:\/\/www.clean-air.cz\/wp-content\/uploads\/2022\/07\/PS-610000-1-R2-Conditioner.pdf\" target=\"_blank\" rel=\"noopener\">Declaration of Conformity- 610000-1-R2<\/a>[\/vc_column_text][\/vc_tta_section][vc_tta_section i_icon_fontawesome=\u00a0\u00bbfa fa-picture-o\u00a0\u00bb add_icon=\u00a0\u00bbtrue\u00a0\u00bb title=\u00a0\u00bbGalerie\u00a0\u00bb tab_id=\u00a0\u00bb1515415801460-0c2258c9-4574&Prime;][vc_gallery type=\u00a0\u00bbimage_grid\u00a0\u00bb images=\u00a0\u00bb425,2661,424&Prime; img_size=\u00a0\u00bbmedium\u00a0\u00bb css_animation=\u00a0\u00bbfadeIn\u00a0\u00bb css=\u00a0\u00bb.vc_custom_1530599309487{padding-left: 280px !important;}\u00a0\u00bb][\/vc_tta_section][\/vc_tta_tabs][\/vc_column][\/vc_row]<\/p>\n","protected":false},"excerpt":{"rendered":"<p>[vc_row][vc_column width=\u00a0\u00bb1\/2&Prime;][vc_gallery interval=\u00a0\u00bb3&Prime; images=\u00a0\u00bb2661&Prime; img_size=\u00a0\u00bblarge\u00a0\u00bb][\/vc_column][vc_column width=\u00a0\u00bb1\/2&Prime;][vc_column_text]Solution id\u00e9ale pour les bureaux avec la possibilit\u00e9 de relier \u00e0 un syst\u00e8me central de distribution de l\u2019air comprim\u00e9 ou \u00e0 un compresseur. La station de filtrage offre une solution suppl\u00e9mentaire de filtrage de l\u2019air comprim\u00e9 lorsque la qualit\u00e9 de l\u2019air fourni ne r\u00e9pond pas aux exigences de la norme NE 12021. Le filtre mixte \u00e0 haut d\u00e9bit \u00e0 l\u2019int\u00e9rieur du climatiseur \u00e9limine les particules<\/p>\n<p><a class=\"more-link\" href=\"https:\/\/www.clean-air.cz\/fr\/air-line-systems\/conditioner\/\">Lire la suite&#8230;<\/a><\/p>\n","protected":false},"author":11,"featured_media":0,"parent":5326,"menu_order":0,"comment_status":"closed","ping_status":"closed","template":"","meta":{"footnotes":""},"_links":{"self":[{"href":"https:\/\/www.clean-air.cz\/fr\/wp-json\/wp\/v2\/pages\/5161"}],"collection":[{"href":"https:\/\/www.clean-air.cz\/fr\/wp-json\/wp\/v2\/pages"}],"about":[{"href":"https:\/\/www.clean-air.cz\/fr\/wp-json\/wp\/v2\/types\/page"}],"author":[{"embeddable":true,"href":"https:\/\/www.clean-air.cz\/fr\/wp-json\/wp\/v2\/users\/11"}],"replies":[{"embeddable":true,"href":"https:\/\/www.clean-air.cz\/fr\/wp-json\/wp\/v2\/comments?post=5161"}],"version-history":[{"count":0,"href":"https:\/\/www.clean-air.cz\/fr\/wp-json\/wp\/v2\/pages\/5161\/revisions"}],"up":[{"embeddable":true,"href":"https:\/\/www.clean-air.cz\/fr\/wp-json\/wp\/v2\/pages\/5326"}],"wp:attachment":[{"href":"https:\/\/www.clean-air.cz\/fr\/wp-json\/wp\/v2\/media?parent=5161"}],"curies":[{"name":"wp","href":"https:\/\/api.w.org\/{rel}","templated":true}]}}