{"id":5158,"date":"2018-07-03T13:24:43","date_gmt":"2018-07-03T11:24:43","guid":{"rendered":"https:\/\/www.clean-air.cz\/microgard\/"},"modified":"2026-01-27T09:29:54","modified_gmt":"2026-01-27T08:29:54","slug":"microgard","status":"publish","type":"page","link":"https:\/\/www.clean-air.cz\/fr\/microgard\/","title":{"rendered":"Combinaison a\u00e9r\u00e9e, Microgard"},"content":{"rendered":"<p>[vc_row][vc_column width=\u00a0\u00bb1\/2&Prime;][vc_gallery interval=\u00a0\u00bb3&Prime; images=\u00a0\u00bb5333&Prime; img_size=\u00a0\u00bblarge\u00a0\u00bb][vc_gallery interval=\u00a0\u00bb3&Prime; images=\u00a0\u00bb5159&Prime; img_size=\u00a0\u00bblarge\u00a0\u00bb][\/vc_column][vc_column width=\u00a0\u00bb1\/2&Prime;][vc_column_text]<\/p>\n<p data-start=\"22\" data-end=\"426\"><strong data-start=\"22\" data-end=\"65\">Les combinaisons ventil\u00e9es \u00e0 air filtr\u00e9<\/strong>, aliment\u00e9es par <strong data-start=\"82\" data-end=\"107\">CleanAIR\u00ae Chemical 2F<\/strong> et la technologie <strong data-start=\"126\" data-end=\"139\">MICROGARD<\/strong>, assurent une protection respiratoire, faciale et corporelle contre des substances dangereuses telles que les produits chimiques sous forme d\u2019a\u00e9rosols solides et liquides, l\u2019amiante, les peintures, les huiles, les graisses, les virus et les agents pathog\u00e8nes transmissibles par le sang.<\/p>\n<p data-start=\"428\" data-end=\"1176\"><strong data-start=\"428\" data-end=\"453\">CleanAIR\u00ae Chemical 2F<\/strong> est une solution avanc\u00e9e pour la filtration des gaz, des vapeurs et des particules. La conception du syst\u00e8me permet une d\u00e9contamination facile gr\u00e2ce \u00e0 l\u2019indice de protection <strong data-start=\"628\" data-end=\"636\">IP65<\/strong>. L\u2019\u00e9cran TFT couleur affiche clairement toutes les informations pertinentes. L\u2019unit\u00e9 est \u00e9quip\u00e9e d\u2019un syst\u00e8me \u00e9lectronique avanc\u00e9 qui avertit le porteur en cas de d\u00e9bit d\u2019air insuffisant ou de faible niveau de charge de la batterie. Malgr\u00e9 sa conception compacte et son faible poids, le Chemical 2F garantit un d\u00e9bit d\u2019air constant compris entre <strong data-start=\"983\" data-end=\"1003\">120 et 235 l\/min<\/strong>, avec des filtres combin\u00e9s ou des filtres \u00e0 particules. Le syst\u00e8me unique de fermeture automatique emp\u00eache toute contamination ind\u00e9sirable lors du remplacement des filtres.<\/p>\n<p data-start=\"1178\" data-end=\"1447\"><strong data-start=\"1178\" data-end=\"1208\">MICROGARD\u00ae\/MICROCHEM\u00ae PAPR<\/strong> appartient \u00e0 la gamme de combinaisons con\u00e7ues pour \u00eatre utilis\u00e9es avec des appareils respiratoires \u00e0 ventilation assist\u00e9e (PAPR), certifi\u00e9s pour offrir une protection \u00e0 la fois respiratoire et corporelle contre les substances dangereuses.<\/p>\n<p data-start=\"1449\" data-end=\"1820\"><strong data-start=\"1449\" data-end=\"1509\">Les combinaisons aliment\u00e9es en air MICROGARD\u00ae\/MICROCHEM\u00ae<\/strong> offrent un \u00e9quilibre in\u00e9gal\u00e9 entre protection et confort, gr\u00e2ce \u00e0 une distribution uniforme de l\u2019air et \u00e0 une ventilation ad\u00e9quate. Le tissu est l\u00e9ger, flexible, tout en \u00e9tant particuli\u00e8rement r\u00e9sistant et durable. Il d\u00e9passe les exigences minimales de performance physique d\u00e9finies par les normes europ\u00e9ennes.<\/p>\n<p>[\/vc_column_text][vc_btn title=\u00a0\u00bbD\u00e9couvrez notre gamme compl\u00e8te d\u2019appareils respiratoires avec purification de l\u2019air !\u00a0\u00bb shape=\u00a0\u00bbsquare\u00a0\u00bb color=\u00a0\u00bbjuicy-pink\u00a0\u00bb size=\u00a0\u00bblg\u00a0\u00bb align=\u00a0\u00bbleft\u00a0\u00bb i_icon_fontawesome=\u00a0\u00bbfa fa-info-circle\u00a0\u00bb css_animation=\u00a0\u00bbnone\u00a0\u00bb add_icon=\u00a0\u00bbtrue\u00a0\u00bb link=\u00a0\u00bburl:https%3A%2F%2Fwww.clean-air.cz%2Ffr%2Fpapr%2F|title:D%C3%A9couvrez%20notre%20gamme%20compl%C3%A8te%20de%20cagoules%20l%C3%A9g%C3%A8res%20%21|\u00a0\u00bb][\/vc_column][\/vc_row][vc_row][vc_column][vc_tta_tabs style=\u00a0\u00bbmodern\u00a0\u00bb shape=\u00a0\u00bbsquare\u00a0\u00bb active_section=\u00a0\u00bb1&Prime; no_fill_content_area=\u00a0\u00bbtrue\u00a0\u00bb title=\u00a0\u00bbD\u00e9tails\u00a0\u00bb][vc_tta_section i_icon_fontawesome=\u00a0\u00bbfa fa-industry\u00a0\u00bb add_icon=\u00a0\u00bbtrue\u00a0\u00bb title=\u00a0\u00bbDomaines d\u2019application\u00a0\u00bb tab_id=\u00a0\u00bb1513150336358-68add988-e9ea\u00a0\u00bb][vc_column_text]<span style=\"color: #be0300;\"><strong>Domaines d\u2019application<\/strong><\/span><\/p>\n<ul>\n<li>Zones contamin\u00e9es par des virus<\/li>\n<li>Protection biologique<\/li>\n<li>R\u00e9ponse m\u00e9dicale d\u2019urgence<\/li>\n<li>Recherche m\u00e9dicale<\/li>\n<li>Secteurs chimique et pharmaceutique<\/li>\n<li>Nettoyage industriel \u00e0 basse pression<\/li>\n<li>Pulv\u00e9risation de peinture industrielle<\/li>\n<li>Secteur nucl\u00e9aire<\/li>\n<\/ul>\n<p>[\/vc_column_text][\/vc_tta_section][vc_tta_section i_icon_fontawesome=\u00a0\u00bbfa fa-thumbs-o-up\u00a0\u00bb add_icon=\u00a0\u00bbtrue\u00a0\u00bb title=\u00a0\u00bbCaract\u00e9ristiques et avantages\u00a0\u00bb tab_id=\u00a0\u00bb1513150336359-b7b65468-8021&Prime;][vc_column_text]<span style=\"color: #be0300;\"><strong>Caract\u00e9ristiques et avantages<\/strong><\/span><\/p>\n<ul>\n<li><strong>visi\u00e8re au design panoramique<\/strong> \u2013 garantit le bon champ de vision du porteur.<\/li>\n<li><strong>Col perm\u00e9able \u00e0 l\u2019air<\/strong> \u2013 Le tissu non-tiss\u00e9 SMS maintient une quantit\u00e9 d\u2019air suffisante dans la zone de respiration tout en permettant \u00e0 l\u2019air en exc\u00e8s de circuler dans le corps de la combinaison<\/li>\n<li><strong>Corde de d\u00e9chirement d\u2019urgence<\/strong> \u2013 permet un retrait rapide de la combinaison, en particulier en cas d\u2019urgence ou de d\u00e9tresse inattendue du porteur.<\/li>\n<li><strong>Vannes d\u2019expiration<\/strong> \u2013 deux vannes install\u00e9es dans la cagoule et deux dans le dos permettent au CO2 de s\u2019\u00e9chapper et \u00e9quilibrent la pression dans la combinaison, garantissant ainsi un mouvement libre du porteur sans risque que l\u2019exc\u00e8s de pression ne blesse celui-ci ou n\u2019endommage la combinaison protectrice.<\/li>\n<li><strong>Fen\u00eatre transparente int\u00e9gr\u00e9e<\/strong> \u2013 permet d\u2019acc\u00e9der imm\u00e9diatement \u00e0 toutes les informations pertinentes affich\u00e9es sur l\u2019unit\u00e9.<\/li>\n<\/ul>\n<p>[\/vc_column_text][\/vc_tta_section][vc_tta_section i_icon_fontawesome=\u00a0\u00bbfa fa-cog\u00a0\u00bb add_icon=\u00a0\u00bbtrue\u00a0\u00bb title=\u00a0\u00bbKits complets, accessoires, filtres\u00a0\u00bb tab_id=\u00a0\u00bb1513153137048-5f8c31c5-30ea\u00a0\u00bb][vc_column_text]<\/p>\n<table>\n<tbody>\n<tr>\n<td style=\"text-align: left;\" colspan=\"2\"><span style=\"color: #be0300;\"><strong>Ensembles complets<\/strong><\/span><\/td>\n<\/tr>\n<tr>\n<td style=\"text-align: left;\">CleanAIR\u00ae Chemical 2F avec profil de \u00ab v\u00eatement \u00bb activ\u00e9, avec accessoires (batterie, chargeur, ceinture de confort, tuyau d\u2019air, \u00e9crou de verrouillage et indicateur de d\u00e9bit)<\/td>\n<td style=\"text-align: center;\">MIC51\u00a000\u00a000FC<\/td>\n<\/tr>\n<tr>\n<td style=\"text-align: left;\">CleanAIR\u00ae Chemical 2F avec profil de \u00ab v\u00eatement \u00bb activ\u00e9, avec accessoires (batterie, chargeur, harnais de confort, tuyau d\u2019air, \u00e9crou de verrouillage et indicateur de d\u00e9bit)<\/td>\n<td style=\"text-align: center;\">MIC51 00 00FCH<\/td>\n<\/tr>\n<tr>\n<td style=\"text-align: left;\">CleanAIR\u00ae Chemical 2F avec profil de \u00ab v\u00eatement \u00bb activ\u00e9, avec accessoires (batterie, chargeur,\u00a0ceinture de d\u00e9contamination, tuyau d\u2019air, \u00e9crou de verrouillage et indicateur de d\u00e9bit)<\/td>\n<td style=\"text-align: center;\">MIC51 00 00FD<\/td>\n<\/tr>\n<tr>\n<td style=\"text-align: left;\">CleanAIR\u00ae Chemical 2F avec profil de \u00ab v\u00eatement \u00bb\u00a0activ\u00e9, avec accessoires (batterie, chargeur,\u00a0harnais d\u00e9contaminable, tuyau d\u2019air, \u00e9crou de verrouillage et indicateur de d\u00e9bit)<\/td>\n<td style=\"text-align: center;\">MIC51 00 00FDH<\/td>\n<\/tr>\n<tr>\n<td style=\"text-align: left;\" colspan=\"2\"><span style=\"color: #be0300;\"><strong>Liste des pi\u00e8ces d\u00e9tach\u00e9es \/ accessoires<\/strong><\/span><\/td>\n<\/tr>\n<tr>\n<td style=\"text-align: left;\">Tuyau flexible l\u00e9ger QuickLOCK\u2122 \u2013 CA40\u00d71\/7&Prime;<\/td>\n<td style=\"text-align: center;\">71 00 60<\/td>\n<\/tr>\n<tr>\n<td style=\"text-align: left;\">Ceinture de confort rembourr\u00e9e 2F<\/td>\n<td style=\"text-align: center;\">71 00 92<\/td>\n<\/tr>\n<tr>\n<td style=\"text-align: left;\">Harnais de confort rembourr\u00e9<\/td>\n<td style=\"text-align: center;\">52 00 44.1<\/td>\n<\/tr>\n<tr>\n<td style=\"text-align: left;\">Ceinture en Hypalon d\u00e9contaminable<\/td>\n<td style=\"text-align: center;\">51 00 41<\/td>\n<\/tr>\n<tr>\n<td style=\"text-align: left;\">Harnais en Hypalon d\u00e9contaminable<\/td>\n<td style=\"text-align: center;\">51 00 42<\/td>\n<\/tr>\n<tr>\n<td style=\"text-align: left;\">Batterie Li-Ion Standard 14,4 V \/ 2,6 Ah<\/td>\n<td style=\"text-align: center;\">51 00 10<\/td>\n<\/tr>\n<tr>\n<td style=\"text-align: left;\">Batterie Li-Ion longue dur\u00e9e 14,4 V \/ 5,2 Ah<\/td>\n<td style=\"text-align: center;\">51 00 20<\/td>\n<\/tr>\n<tr>\n<td style=\"text-align: left;\">Filtre \u00e0 particules P3<\/td>\n<td style=\"text-align: center;\">50 00 48<\/td>\n<\/tr>\n<tr>\n<td style=\"text-align: left;\">\u00c9crou de verrouillage CA40\u00d71\/7&Prime;<\/td>\n<td style=\"text-align: center;\">70 00 71<\/td>\n<\/tr>\n<\/tbody>\n<\/table>\n<p>[\/vc_column_text][\/vc_tta_section][vc_tta_section i_icon_fontawesome=\u00a0\u00bbfa fa-wrench\u00a0\u00bb add_icon=\u00a0\u00bbtrue\u00a0\u00bb title=\u00a0\u00bbDonn\u00e9es techniques\u00a0\u00bb tab_id=\u00a0\u00bb1513153797992-792040b0-82c9&Prime;][vc_column_text]<\/p>\n<table>\n<tbody>\n<tr>\n<td style=\"text-align: left;\">D\u00e9bit d\u2019air<\/td>\n<td style=\"text-align: center;\">120 &#8211; 235 l\/min, r\u00e9glable<br \/>\n(d\u00e9pend du type de filtre)<br \/>\nfiltres \u00e0 particules 120 &#8211; 235 l\/min<br \/>\nl\u00e9ger mixte (cat\u00e9gorie 1) 120 &#8211; 210 l\/min<br \/>\nlourd mixte (cat\u00e9gorie 2) 120 &#8211; 140 l\/min<\/td>\n<\/tr>\n<tr>\n<td style=\"text-align: left;\">Temps de fonctionnement<\/td>\n<td style=\"text-align: center;\">jusqu\u2019\u00e0 10 heures avec une batterie standard<br \/>\njusqu\u2019\u00e0 16 heures avec une batterie longue dur\u00e9e<\/td>\n<\/tr>\n<tr>\n<td style=\"text-align: left;\">Poids<\/td>\n<td style=\"text-align: center;\">960 g (batterie incluse)<\/td>\n<\/tr>\n<tr>\n<td style=\"text-align: left;\">Bruit<\/td>\n<td style=\"text-align: center;\">max. 62 dB<\/td>\n<\/tr>\n<tr>\n<td style=\"text-align: left;\">Dimensions<\/td>\n<td style=\"text-align: center;\">240 mm \/ 110 mm \/ 120 mm<\/td>\n<\/tr>\n<tr>\n<td style=\"text-align: left;\">Batterie<\/td>\n<td style=\"text-align: center;\">Li-Ion 14,4 V \/ 2,6 Ah<\/td>\n<\/tr>\n<tr>\n<td style=\"text-align: left;\">Certification<\/td>\n<td style=\"text-align: center;\">NE 12941 TH3 avec protection affect\u00e9e<br \/>\nFacteur (APF) de 40*<\/td>\n<\/tr>\n<tr>\n<td style=\"text-align: left;\" colspan=\"2\"><em><span style=\"font-size: 8pt;\">* APF britannique conform\u00e9ment \u00e0 l\u2019annexe C de la norme NE 529:2005. L\u2019APF signifie le facteur de r\u00e9duction du risque, c\u2019est-\u00e0-dire l\u2019indice multiplicateur de puret\u00e9 de l\u2019air \u00e0 l\u2019int\u00e9rieur de la cagoule par rapport \u00e0 l\u2019ext\u00e9rieur<\/span><\/em><\/td>\n<\/tr>\n<\/tbody>\n<\/table>\n<p>[\/vc_column_text][\/vc_tta_section][vc_tta_section i_icon_fontawesome=\u00a0\u00bbfa fa-download\u00a0\u00bb add_icon=\u00a0\u00bbtrue\u00a0\u00bb title=\u00a0\u00bbT\u00e9l\u00e9chargements\u00a0\u00bb tab_id=\u00a0\u00bb1513154098935-95c74e4f-fa1e\u00a0\u00bb][vc_column_text][\/vc_column_text][\/vc_tta_section][vc_tta_section i_icon_fontawesome=\u00a0\u00bbfa fa-picture-o\u00a0\u00bb add_icon=\u00a0\u00bbtrue\u00a0\u00bb title=\u00a0\u00bbGalerie\u00a0\u00bb tab_id=\u00a0\u00bb1515415801460-0c2258c9-4574&Prime;][vc_gallery type=\u00a0\u00bbimage_grid\u00a0\u00bb images=\u00a0\u00bb9696,645&Prime; img_size=\u00a0\u00bbmedium\u00a0\u00bb css_animation=\u00a0\u00bbfadeIn\u00a0\u00bb css=\u00a0\u00bb.vc_custom_1591610226741{padding-left: 280px !important;}\u00a0\u00bb][\/vc_tta_section][\/vc_tta_tabs][\/vc_column][\/vc_row]<\/p>\n","protected":false},"excerpt":{"rendered":"<p>[vc_row][vc_column width=\u00a0\u00bb1\/2&Prime;][vc_gallery interval=\u00a0\u00bb3&Prime; images=\u00a0\u00bb5333&Prime; img_size=\u00a0\u00bblarge\u00a0\u00bb][vc_gallery interval=\u00a0\u00bb3&Prime; images=\u00a0\u00bb5159&Prime; img_size=\u00a0\u00bblarge\u00a0\u00bb][\/vc_column][vc_column width=\u00a0\u00bb1\/2&Prime;][vc_column_text] Les combinaisons ventil\u00e9es \u00e0 air filtr\u00e9, aliment\u00e9es par CleanAIR\u00ae Chemical 2F et la technologie MICROGARD, assurent une protection respiratoire, faciale et corporelle contre des substances dangereuses telles que les produits chimiques sous forme d\u2019a\u00e9rosols solides et liquides, l\u2019amiante, les peintures, les huiles, les graisses, les virus et les agents pathog\u00e8nes transmissibles par le sang. CleanAIR\u00ae Chemical 2F est une solution avanc\u00e9e<\/p>\n<p><a class=\"more-link\" href=\"https:\/\/www.clean-air.cz\/fr\/microgard\/\">Lire la suite&#8230;<\/a><\/p>\n","protected":false},"author":11,"featured_media":0,"parent":0,"menu_order":0,"comment_status":"closed","ping_status":"closed","template":"","meta":{"footnotes":""},"_links":{"self":[{"href":"https:\/\/www.clean-air.cz\/fr\/wp-json\/wp\/v2\/pages\/5158"}],"collection":[{"href":"https:\/\/www.clean-air.cz\/fr\/wp-json\/wp\/v2\/pages"}],"about":[{"href":"https:\/\/www.clean-air.cz\/fr\/wp-json\/wp\/v2\/types\/page"}],"author":[{"embeddable":true,"href":"https:\/\/www.clean-air.cz\/fr\/wp-json\/wp\/v2\/users\/11"}],"replies":[{"embeddable":true,"href":"https:\/\/www.clean-air.cz\/fr\/wp-json\/wp\/v2\/comments?post=5158"}],"version-history":[{"count":0,"href":"https:\/\/www.clean-air.cz\/fr\/wp-json\/wp\/v2\/pages\/5158\/revisions"}],"wp:attachment":[{"href":"https:\/\/www.clean-air.cz\/fr\/wp-json\/wp\/v2\/media?parent=5158"}],"curies":[{"name":"wp","href":"https:\/\/api.w.org\/{rel}","templated":true}]}}