{"id":5155,"date":"2018-07-09T12:37:25","date_gmt":"2018-07-09T10:37:25","guid":{"rendered":"https:\/\/www.clean-air.cz\/filters\/"},"modified":"2021-05-27T15:17:23","modified_gmt":"2021-05-27T13:17:23","slug":"filters","status":"publish","type":"page","link":"https:\/\/www.clean-air.cz\/fr\/filters\/","title":{"rendered":"Filtres"},"content":{"rendered":"<p>[vc_row][vc_column][vc_column_text]Le programme de production complet des filtres \u00e0 cartouches de CleanAIR<sup>\u00ae<\/sup> offre une large gamme de filtres adapt\u00e9s \u00e0 la plupart des applications industrielles, pharmaceutiques , de laboratoire et agricoles. Les filtres sont fournis avec un filetage de raccord standard RD40\u00d71\/7&Prime; conform\u00e9ment \u00e0 la norme NE 148-1.<\/p>\n<p>Si vous avec besoin d\u2019aide pour choisir le filtre correct en fonction des substances nocives, veuillez utiliser notre<strong> Guide des filtres (dans la <a href=\"https:\/\/www.clean-air.cz\/fr\/leaflets-and-brochures\/\">section T\u00e9l\u00e9chargements<\/a>).<\/strong>[\/vc_column_text][vc_column_text][\/vc_column_text][\/vc_column][\/vc_row][vc_row][vc_column][vc_column_text]<span style=\"color: #000000;\"><strong>Filtres \u00e0 particules<\/strong><\/span><br \/>\n<span style=\"color: #000000;\">Ils capturent une large gamme de particules solides sous la forme d\u2019a\u00e9rosols liquides et solides comme la poussi\u00e8re, la fum\u00e9e, les fibres, les bact\u00e9ries, les virus et <\/span><span style=\"color: #000000;\">les particules radioactives. Certification : NE 143, NE 12941, NE 12942<\/span><br \/>\n<span style=\"color: #000000;\"><strong>Filtres \u00e0 gaz<\/strong><\/span><br \/>\n<span style=\"color: #000000;\">Ils offrent une protection contre les polluants sous forme de gaz et de vapeurs. NE 14387, NE 12941, NE 12942<\/span><br \/>\n<span style=\"color: #000000;\"><strong>Filtres mixtes<\/strong><\/span><br \/>\n<span style=\"color: #000000;\">Ils offrent une protection contre un m\u00e9lange de polluants sous forme de gaz, de vapeurs et de particules solides. NE 14387, NE 12941, NE 12942<\/span><\/p>\n<h2>Types de filtres \u00e0 gaz \u2013 exemples g\u00e9n\u00e9raux d\u2019applications<\/h2>\n<p><strong>Type : A \u2022 Code de couleur : <img loading=\"lazy\" decoding=\"async\" class=\"alignnone size-full wp-image-483\" src=\"\/wp-content\/uploads\/2018\/07\/A.png\" alt=\"\" width=\"24\" height=\"18\" \/><br \/>\n<\/strong>Domaines d\u2019application : gaz et vapeurs organiques \u00e0 point d\u2019\u00e9bullition sup\u00e9rieur \u00e0 65 \u00b0C . Le groupe principal de ces substances est les hydrocarbures (ex. : tolu\u00e8ne, benz\u00e8ne, xyl\u00e8ne, styr\u00e8ne, cyclohexane, \/trichlor\u00e9thyl\u00e8ne, t\u00e9trachlorm\u00e9thane), solvants organiques<br \/>\net diluants (p\u00e9trole, k\u00e9ros\u00e8ne, diesel, essence de t\u00e9r\u00e9benthine min\u00e9rale, \u00e9thyl\u00e8ne glycol, m\u00e9thyle isobutyl c\u00e9tone, isobuthanol, etc.).<\/p>\n<p><strong>Type : AX \u2022 Code de couleur : <img loading=\"lazy\" decoding=\"async\" class=\"alignnone size-full wp-image-2751\" src=\"\/wp-content\/uploads\/2018\/07\/A.png\" alt=\"\" width=\"24\" height=\"18\" \/><\/strong><br \/>\nDomaines d\u2019application : gaz et vapeurs organiques avec un point d\u2019\u00e9bullition inf\u00e9rieur \u00e0 65 \u00b0C. Les substances avec un point d\u2019\u00e9bullition faible sont, par exemple, l\u2019ac\u00e9tone, l\u2019ac\u00e9tald\u00e9hyde, l\u2019acrylald\u00e9hyde, le butane, le butadi\u00e8ne, le di\u00e9thyle \u00e9ther, le dichloro\u00e9ther, le dichlorom\u00e9thane, l\u2019oxyde d\u2019\u00e9thyl\u00e8ne , le m\u00e9thanol, le trichlorom\u00e9thane, le chlorure de vinyle.<\/p>\n<p><strong>Type : B \u2022 Code de couleur : <img loading=\"lazy\" decoding=\"async\" class=\"alignnone size-full wp-image-2752\" src=\"\/wp-content\/uploads\/2018\/07\/B.png\" alt=\"\" width=\"24\" height=\"18\" \/><\/strong><br \/>\nDomaines d\u2019application : gaz et vapeurs inorganiques, ex. fluorine, chlore, sulfite d\u2019hydrog\u00e8ne, cyanide d\u2019hydrog\u00e8ne, bromure d\u2019hydrog\u00e8ne, chlorure d\u2019hydrog\u00e8ne, peroxyde d\u2019hydrog\u00e8ne.<\/p>\n<p><strong>Type : E \u2022 Code de couleur : <img loading=\"lazy\" decoding=\"async\" class=\"alignnone size-full wp-image-2753\" src=\"\/wp-content\/uploads\/2018\/07\/E.png\" alt=\"\" width=\"24\" height=\"18\" \/><\/strong><br \/>\nDomaines d\u2019application : gaz et vapeurs acides (ex : dioxyde de carbone, acide sulfurique, acide chlorhydrique, acide formique, fluorine d\u2019hydrog\u00e8ne).<\/p>\n<p><strong>Type : K \u2022 Code de couleur : <img loading=\"lazy\" decoding=\"async\" class=\"alignnone size-full wp-image-2754\" src=\"http:\/\/www.cleanair-sizod.ru\/wp-content\/uploads\/2012\/02\/K.png\" alt=\"\" width=\"24\" height=\"18\" \/><\/strong><br \/>\nDomaines d\u2019application : ammoniaque et amines organiques<br \/>\n(ex. : m\u00e9thylamine, \u00e9thylamine, dim\u00e9thylamine).<\/p>\n<p><strong>Type : Hg-PSL \u2022 Code de couleur : <img loading=\"lazy\" decoding=\"async\" class=\"alignnone size-full wp-image-2755\" src=\"\/wp-content\/uploads\/2018\/07\/Hg-PSL.png\" alt=\"\" width=\"24\" height=\"18\" \/><\/strong><br \/>\nDomaines d\u2019application : Domaines d\u2019application : vapeur de mercure et ses compos\u00e9s (toujours fournis avec un filtre contre les particules P3).<\/p>\n<h2>Filtres \u00e0 particules<\/h2>\n<p><strong>Type : <\/strong>P3<strong> \u2022 Code de couleur : <img loading=\"lazy\" decoding=\"async\" class=\"alignnone size-full wp-image-2756\" src=\"\/wp-content\/uploads\/2018\/07\/P.png\" alt=\"\" width=\"24\" height=\"18\" \/> <\/strong><br \/>\n<strong>Dimensions<\/strong> : diam\u00e8tre \/ hauteur : 110 mm \/ 50 mm ; <strong>Poids<\/strong> : 90 g<br \/>\n<strong>Code produit<\/strong> : 50 00 48<\/p>\n<p><strong>Type : <\/strong>P3 avec deux filetages RD40\u00d71\/7&Prime;<strong> \u2022 Code de couleur : <img loading=\"lazy\" decoding=\"async\" class=\"alignnone size-full wp-image-2756\" src=\"\/wp-content\/uploads\/2018\/07\/P.png\" alt=\"\" width=\"24\" height=\"18\" \/><\/strong><br \/>\n<strong>Dimensions<\/strong> : diam\u00e8tre \/ hauteur : 110 mm \/ 65 mm ; <strong>Poids<\/strong> : 130 g<br \/>\n<strong>Raccord<\/strong> : Entr\u00e9e RD40\u00d71\/7&Prime;, sortie RD40\u00d71\/7&Prime; (filetage interne)<br \/>\n<strong>Domaines d\u2019application<\/strong> : particules sous forme d\u2019a\u00e9rosols solides et liquides (poussi\u00e8res, fibres, fum\u00e9es toxiques et non toxiques, bact\u00e9ries et virus)<br \/>\n<strong>Code produit<\/strong> : 50 02 48<\/p>\n<h2>Filtres \u00e0 gaz<\/h2>\n<p><strong>Type<\/strong> : A2 \u2022 <strong>Code de couleur : <img loading=\"lazy\" decoding=\"async\" class=\"alignnone size-full wp-image-2751\" src=\"\/wp-content\/uploads\/2018\/07\/A.png\" alt=\"\" width=\"24\" height=\"18\" \/><\/strong><br \/>\n<strong>Dimensions<\/strong> : diam\u00e8tre \/ hauteur : 110 mm \/ 78 mm ; <strong>Poids<\/strong> : 265 g<br \/>\n<strong>Domaines d\u2019application<\/strong> : gaz et vapeurs organiques \u00e0 point d\u2019\u00e9bullition sup\u00e9rieur \u00e0 65 \u00b0C<br \/>\n<strong>Code produit<\/strong> : 50 01 56<\/p>\n<p><strong>Type<\/strong> : B2 \u2022<strong> Code de couleur : <img loading=\"lazy\" decoding=\"async\" class=\"alignnone size-full wp-image-2752\" src=\"\/wp-content\/uploads\/2018\/07\/B.png\" alt=\"\" width=\"24\" height=\"18\" \/><\/strong><br \/>\n<strong>Dimensions<\/strong> : diam\u00e8tre \/ hauteur : 110 mm \/ 78 mm ; Poids : 400 g<br \/>\n<strong>Domaines d\u2019application<\/strong> : gaz et vapeurs inorganiques<br \/>\n<strong>Code produit<\/strong> : 50 01 61<\/p>\n<p><strong>Type<\/strong> : K2 \u2022 <strong>Code de couleur : <img loading=\"lazy\" decoding=\"async\" class=\"alignnone size-full wp-image-2754\" src=\"\/wp-content\/uploads\/2018\/07\/K.png\" alt=\"\" width=\"24\" height=\"18\" \/><\/strong><br \/>\n<strong>Dimensions<\/strong> : diam\u00e8tre \/ hauteur : 110 mm \/ 78 mm ; Poids : 265 g<br \/>\n<strong>Domaines d\u2019application<\/strong> : ammoniaque et amines organiques<br \/>\n<strong>Code produit<\/strong> : 50 01 59<\/p>\n<p><strong>Type<\/strong> : A2B2 \u2022<strong> Code de couleur : <img loading=\"lazy\" decoding=\"async\" class=\"alignnone size-full wp-image-2757\" src=\"\/wp-content\/uploads\/2018\/07\/AB.png\" alt=\"\" width=\"51\" height=\"18\" \/><\/strong><br \/>\n<strong>Dimensions<\/strong> : diam\u00e8tre \/ hauteur : 110 mm \/ 78 mm ; Poids : 400 g<br \/>\n<strong>Domaines d\u2019application<\/strong> : gaz et vapeurs inorganiques et<br \/>\ngaz et vapeurs organiques \u00e0 point d\u2019\u00e9bullition sup\u00e9rieur \u00e0 65 \u00b0C<br \/>\n<strong>Code produit<\/strong> : 50 01 58<\/p>\n<p><strong>Type<\/strong> : A2B2E2 \u2022 <strong>Code de couleur : <img loading=\"lazy\" decoding=\"async\" class=\"alignnone size-full wp-image-2758\" src=\"\/wp-content\/uploads\/2018\/07\/ABE.png\" alt=\"\" width=\"78\" height=\"18\" \/><\/strong><br \/>\n<strong>Dimensions<\/strong> : diam\u00e8tre \/ hauteur : 110 mm \/ 78 mm ; Poids : 400 g<br \/>\n<strong>Domaines d\u2019application<\/strong> : gaz et vapeurs organiques \u00e0 point d\u2019\u00e9bullition sup\u00e9rieur \u00e0 65 \u00b0C et gaz et vapeurs acides<br \/>\n<strong>Code produit<\/strong> : 50 01 63<\/p>\n<p><strong>Type<\/strong> : A2B2E2K2 \u2022 <strong>Code de couleur : <img loading=\"lazy\" decoding=\"async\" class=\"alignnone size-full wp-image-2759\" src=\"\/wp-content\/uploads\/2018\/07\/ABEK.png\" alt=\"\" width=\"105\" height=\"18\" \/><\/strong><br \/>\n<strong>Dimensions<\/strong> : diam\u00e8tre \/ hauteur : 110 mm \/ 78 mm ; Poids : 400 g<br \/>\n<strong>Domaines d\u2019application<\/strong> : gaz et vapeurs organiques \u00e0 point d\u2019\u00e9bullition sup\u00e9rieur \u00e0 65 \u00b0C, gaz et vapeurs acides, gaz et vapeurs inorganiques, ammoniac et amines organiques<br \/>\n<strong>Code produit<\/strong> : 50 01 69<\/p>\n<h2>Filtres mixtes<\/h2>\n<p><strong>Type<\/strong> : A2P3 \u2022 Code de couleur : <img loading=\"lazy\" decoding=\"async\" class=\"alignnone size-full wp-image-2765\" src=\"\/wp-content\/uploads\/2018\/07\/AP.png\" alt=\"\" width=\"51\" height=\"18\" \/><br \/>\n<strong>Dimensions<\/strong> : diam\u00e8tre \/ hauteur : 110 mm \/ 95 mm, Poids : 325 g<br \/>\n<strong>Domaines d\u2019application<\/strong> : gaz et vapeurs organiques \u00e0 point d\u2019\u00e9bullition sup\u00e9rieur \u00e0 65 \u00b0C, particules<br \/>\n<strong>Code produit<\/strong> : 50 01 57<\/p>\n<p><strong>Type<\/strong> : A1P3 \u2013 filtre avec faible capacit\u00e9 d\u2019absorption \u2013 cat. 1<br \/>\nCe filtre ne convient pas en cas de tr\u00e8s forte concentration de polluants \u2022<strong> Code de couleur : <img loading=\"lazy\" decoding=\"async\" class=\"alignnone size-full wp-image-2765\" src=\"\/wp-content\/uploads\/2018\/07\/AP.png\" alt=\"\" width=\"51\" height=\"18\" \/><\/strong><br \/>\n<strong>Dimensions<\/strong> : diam\u00e8tre \/ hauteur : 110 mm \/ 95 mm, Poids : 295 g<br \/>\n<strong>Domaines d\u2019application<\/strong> : gaz et vapeurs organiques \u00e0 point d\u2019\u00e9bullition sup\u00e9rieur \u00e0 65 \u00b0C, particules<br \/>\n<strong>Code produit<\/strong> : 50 03 57<\/p>\n<p><strong>Type<\/strong> : A3AXP3 \u2013 filtre \u00e0 haute capacit\u00e9 de sorption &#8211; classe 3\u00a0\u2022<strong> Code de couleur: <img loading=\"lazy\" decoding=\"async\" class=\"alignnone size-full wp-image-2765\" src=\"\/wp-content\/uploads\/2018\/07\/AP.png\" alt=\"\" width=\"51\" height=\"18\" \/><\/strong><br \/>\n<strong>Dimensions<\/strong> : diam\u00e8tre \/ hauteur: 110 mm \/ 158 mm, Poids: 635 g<br \/>\n<strong>Domaines d\u2019application <\/strong>: gaz et vapeurs organiques dont le point d&rsquo;\u00e9bullition est inf\u00e9rieur \u00e0 65 \u00b0 C, particules<br \/>\n<strong>Code produit<\/strong> : 50 01 70<\/p>\n<p><strong>Type :<\/strong> B2P3 \u2022 <strong>Code de couleur : <img loading=\"lazy\" decoding=\"async\" class=\"alignnone size-full wp-image-2766\" src=\"\/wp-content\/uploads\/2018\/07\/BP.png\" alt=\"\" width=\"51\" height=\"18\" \/><\/strong><br \/>\n<strong>Dimensions<\/strong> : diam\u00e8tre \/ hauteur : 110 mm \/ 95 mm, Poids : 400 g<br \/>\n<strong>Domaines d\u2019application<\/strong> : gaz et vapeurs inorganiques, particules<br \/>\n<strong>Code produit<\/strong> : 50 01 62<\/p>\n<p><strong>Type<\/strong> : K2P3 \u2022 <strong>Code de couleur : <img loading=\"lazy\" decoding=\"async\" class=\"alignnone size-full wp-image-2767\" src=\"\/wp-content\/uploads\/2018\/07\/KP.png\" alt=\"\" width=\"51\" height=\"18\" \/><\/strong><br \/>\n<strong>Dimensions<\/strong> : diam\u00e8tre \/ hauteur : 110 mm \/ 95 mm, Poids : 400 g<br \/>\n<strong>Domaines d\u2019application<\/strong> : ammoniaque et amines organiques, particules<br \/>\n<strong>Code produit<\/strong> : 50 01 60<\/p>\n<p><strong>Type<\/strong> : A2B2P3 \u2022<strong> Code de couleur : <img loading=\"lazy\" decoding=\"async\" class=\"alignnone size-full wp-image-2768\" src=\"\/wp-content\/uploads\/2018\/07\/ABP.png\" alt=\"\" width=\"78\" height=\"18\" \/><br \/>\n<\/strong><strong>Dimensions<\/strong> : diam\u00e8tre \/ hauteur : 110 mm \/ 95 mm, Poids : 425 g<br \/>\n<strong>Domaines d\u2019application<\/strong> : gaz et vapeurs inorganiques et<br \/>\ngaz et vapeurs organiques \u00e0 point d\u2019\u00e9bullition sup\u00e9rieur \u00e0 65 \u00b0C, particules<br \/>\n<strong>Code produit<\/strong> : 50 01 67<\/p>\n<p><strong>Type<\/strong> : A2B2E2P3 \u2022 <strong>Code de couleur : <img loading=\"lazy\" decoding=\"async\" class=\"alignnone size-full wp-image-2769\" src=\"\/wp-content\/uploads\/2018\/07\/ABEP.png\" alt=\"\" width=\"105\" height=\"18\" \/><\/strong><br \/>\n<strong>Dimensions<\/strong> : diam\u00e8tre \/ hauteur : 110 mm \/ 95 mm, Poids : 400 g<br \/>\n<strong>Domaines d\u2019application<\/strong> : gaz et vapeurs inorganiques,<br \/>\ngaz et vapeurs organiques \u00e0 point d\u2019\u00e9bullition sup\u00e9rieur \u00e0 65 \u00b0C, gaz et vapeurs acides, particules<br \/>\n<strong>Code produit<\/strong> : 50 01 64<\/p>\n<p><strong>Type<\/strong> : A1B1E1P3 \u2013 filtre avec faible capacit\u00e9 d\u2019absorption \u2013 cat. 1<br \/>\nCe filtre ne convient pas en cas de tr\u00e8s forte concentration de polluants \u2022 <strong>Code de couleur : <img loading=\"lazy\" decoding=\"async\" class=\"alignnone size-full wp-image-2769\" src=\"\/wp-content\/uploads\/2018\/07\/ABEP.png\" alt=\"\" width=\"105\" height=\"18\" \/><\/strong><br \/>\n<strong>Dimensions<\/strong> : diam\u00e8tre \/ hauteur : 110 mm \/ 95 mm, Poids : 280 g<br \/>\n<strong>Domaines d\u2019application<\/strong> : gaz et vapeurs organiques \u00e0 point d\u2019\u00e9bullition sup\u00e9rieur \u00e0 65 \u00b0C, gaz et vapeurs acides, gaz et vapeurs inorganiques, particules<br \/>\n<strong>Code produit<\/strong> : 50 03 64<\/p>\n<p><strong>Type<\/strong> : A2B2E2K2P3 \u2022 <strong>Code de couleur : <img loading=\"lazy\" decoding=\"async\" class=\"alignnone size-full wp-image-2770\" src=\"\/wp-content\/uploads\/2018\/07\/ABEKP.png\" alt=\"\" width=\"132\" height=\"18\" \/><\/strong><br \/>\n<strong>Dimensions<\/strong> : diam\u00e8tre \/ hauteur : 110 mm \/ 95 mm, Poids : 400 g<br \/>\n<strong>Domaines d\u2019application<\/strong> : gaz et vapeurs organiques \u00e0 point d\u2019\u00e9bullition sup\u00e9rieur \u00e0 65 \u00b0C, gaz et vapeurs acides, gaz et vapeurs inorganiques, ammoniac et amines organiques, particules<br \/>\n<strong>Code produit<\/strong> : 50 01 68<\/p>\n<p><strong>Type<\/strong> : A2B2E2K2HgP3 \u2022 <strong>Code de couleur : <img loading=\"lazy\" decoding=\"async\" class=\"alignnone size-full wp-image-2771\" src=\"\/wp-content\/uploads\/2018\/07\/ABEKHgP.png\" alt=\"\" width=\"159\" height=\"18\" \/><\/strong><br \/>\n<strong>Dimensions<\/strong> : diam\u00e8tre \/ hauteur : 110 mm \/ 95 mm, Poids : 425 g<br \/>\n<strong>Domaines d\u2019application<\/strong> : gaz et vapeurs inorganiques,<br \/>\n<strong>Domaines d\u2019application<\/strong> : gaz et vapeurs organiques \u00e0 point d\u2019\u00e9bullition sup\u00e9rieur \u00e0 65 \u00b0C, gaz et vapeurs acides, gaz et vapeurs inorganiques, ammoniac et amines organiques, compos\u00e9s et vapeurs de mercure, particules<br \/>\n<strong>Code produit<\/strong> : 50 01 66<\/p>\n<p><strong>Avis important : <\/strong><\/p>\n<p><strong>Les filtres \u00e0 cartouche ne sont pas compatibles avec les appareils respiratoires avec purificateur d\u2019air<a href=\"https:\/\/www.clean-air.cz\/fr\/papr\/aergo\/\"> CleanAIR<span style=\"color: #000000; font-family: 'Conv_Purista Medium', Tahoma, Arial, Helvetica, sans-serif; font-size: 13px; font-style: normal; font-variant-ligatures: normal; font-variant-caps: normal; font-weight: 400; letter-spacing: normal; orphans: 2; text-align: left; text-indent: 0px; text-transform: none; white-space: normal; widows: 2; word-spacing: 0px; -webkit-text-stroke-width: 0px; background-color: #ffffff; text-decoration-style: initial; text-decoration-color: initial; display: inline !important; float: none;\">\u00ae<\/span> AerGO<span style=\"color: #000000; font-family: 'Conv_Purista Medium', Tahoma, Arial, Helvetica, sans-serif; font-size: 13px; font-style: normal; font-variant-ligatures: normal; font-variant-caps: normal; font-weight: 400; letter-spacing: normal; orphans: 2; text-align: left; text-indent: 0px; text-transform: none; white-space: normal; widows: 2; word-spacing: 0px; -webkit-text-stroke-width: 0px; background-color: #ffffff; text-decoration-style: initial; text-decoration-color: initial; display: inline !important; float: none;\">\u00ae<\/span><\/a> et <a href=\"https:\/\/www.clean-air.cz\/fr\/papr\/basic\/\">CleanAIR<span style=\"color: #000000; font-family: 'Conv_Purista Medium', Tahoma, Arial, Helvetica, sans-serif; font-size: 13px; font-style: normal; font-variant-ligatures: normal; font-variant-caps: normal; font-weight: 400; letter-spacing: normal; orphans: 2; text-align: left; text-indent: 0px; text-transform: none; white-space: normal; widows: 2; word-spacing: 0px; -webkit-text-stroke-width: 0px; background-color: #ffffff; text-decoration-style: initial; text-decoration-color: initial; display: inline !important; float: none;\">\u00ae<\/span> Basic<\/a> \u2013 voir les pages produit pour plus de d\u00e9tails.<\/strong>[\/vc_column_text][\/vc_column][\/vc_row]<\/p>\n","protected":false},"excerpt":{"rendered":"<p>[vc_row][vc_column][vc_column_text]Le programme de production complet des filtres \u00e0 cartouches de CleanAIR\u00ae offre une large gamme de filtres adapt\u00e9s \u00e0 la plupart des applications industrielles, pharmaceutiques , de laboratoire et agricoles. Les filtres sont fournis avec un filetage de raccord standard RD40\u00d71\/7&Prime; conform\u00e9ment \u00e0 la norme NE 148-1. Si vous avec besoin d\u2019aide pour choisir le filtre correct en fonction des substances nocives, veuillez utiliser notre Guide des filtres (dans la<\/p>\n<p><a class=\"more-link\" href=\"https:\/\/www.clean-air.cz\/fr\/filters\/\">Lire la suite&#8230;<\/a><\/p>\n","protected":false},"author":11,"featured_media":0,"parent":0,"menu_order":0,"comment_status":"closed","ping_status":"closed","template":"","meta":{"footnotes":""},"_links":{"self":[{"href":"https:\/\/www.clean-air.cz\/fr\/wp-json\/wp\/v2\/pages\/5155"}],"collection":[{"href":"https:\/\/www.clean-air.cz\/fr\/wp-json\/wp\/v2\/pages"}],"about":[{"href":"https:\/\/www.clean-air.cz\/fr\/wp-json\/wp\/v2\/types\/page"}],"author":[{"embeddable":true,"href":"https:\/\/www.clean-air.cz\/fr\/wp-json\/wp\/v2\/users\/11"}],"replies":[{"embeddable":true,"href":"https:\/\/www.clean-air.cz\/fr\/wp-json\/wp\/v2\/comments?post=5155"}],"version-history":[{"count":0,"href":"https:\/\/www.clean-air.cz\/fr\/wp-json\/wp\/v2\/pages\/5155\/revisions"}],"wp:attachment":[{"href":"https:\/\/www.clean-air.cz\/fr\/wp-json\/wp\/v2\/media?parent=5155"}],"curies":[{"name":"wp","href":"https:\/\/api.w.org\/{rel}","templated":true}]}}