{"id":5150,"date":"2018-08-07T09:21:31","date_gmt":"2018-08-07T07:21:31","guid":{"rendered":"https:\/\/www.clean-air.cz\/asbestos-remediation\/"},"modified":"2019-06-17T08:47:58","modified_gmt":"2019-06-17T06:47:58","slug":"asbestos-remediation","status":"publish","type":"page","link":"https:\/\/www.clean-air.cz\/fr\/asbestos-remediation\/","title":{"rendered":"D\u00e9samiantage"},"content":{"rendered":"<p>[vc_row css=\u00a0\u00bb.vc_custom_1515063137650{background-color: #ffffff !important;}\u00a0\u00bb][vc_column][vc_column_text]<\/p>\n<h2>Appareil respiratoire avec purification de l\u2019air<\/h2>\n<p>[\/vc_column_text][vc_tta_tour style=\u00a0\u00bbmodern\u00a0\u00bb shape=\u00a0\u00bbsquare\u00a0\u00bb gap=\u00a0\u00bb1&Prime; active_section=\u00a0\u00bb1&Prime; no_fill_content_area=\u00a0\u00bbtrue\u00a0\u00bb][vc_tta_section title=\u00a0\u00bbChemical 2F Asbest\u00a0\u00bb tab_id=\u00a0\u00bb1515061200914-4dd3150e-98ab\u00a0\u00bb][vc_column_text]<img loading=\"lazy\" decoding=\"async\" class=\"wp-image-3296 size-medium alignnone\" src=\"https:\/\/www.clean-air.cz\/wp-content\/uploads\/2018\/11\/GX02-Shigematsu-Chemical-2F-s-decontamin-300x178.jpg\" alt=\" \" width=\"300\" height=\"178\" srcset=\"https:\/\/www.clean-air.cz\/wp-content\/uploads\/2018\/11\/GX02-Shigematsu-Chemical-2F-s-decontamin-300x178.jpg 300w, https:\/\/www.clean-air.cz\/wp-content\/uploads\/2018\/11\/GX02-Shigematsu-Chemical-2F-s-decontamin-768x455.jpg 768w, https:\/\/www.clean-air.cz\/wp-content\/uploads\/2018\/11\/GX02-Shigematsu-Chemical-2F-s-decontamin.jpg 800w\" sizes=\"(max-width: 300px) 100vw, 300px\" \/><\/p>\n<h3>CleanAIR\u00ae Chemical 2F Asbest<\/h3>\n<p>L\u2019appareil respiratoire avec purification de l\u2019air\u00a0Chemical 2F Asbest est con\u00e7u pour une protection fiable des voies respiratoires dans des environnements contamin\u00e9s par des fibres d\u2019amiante.[\/vc_column_text][vc_btn title=\u00a0\u00bbVoir la page du produit\u00a0\u00bb shape=\u00a0\u00bbsquare\u00a0\u00bb color=\u00a0\u00bbjuicy-pink\u00a0\u00bb i_icon_fontawesome=\u00a0\u00bbfa fa-arrow-right\u00a0\u00bb add_icon=\u00a0\u00bbtrue\u00a0\u00bb link=\u00a0\u00bburl:https%3A%2F%2Fwww.clean-air.cz%2Ffr%2Fpapr%2Fchemical-2f-asbest%2F|title:CleanAIR%C2%AE%20Chemical%202F%20Asbest|\u00a0\u00bb][\/vc_tta_section][vc_tta_section title=\u00a0\u00bbAsbest\u00a0\u00bb tab_id=\u00a0\u00bb1539613039583-da66067e-75b0&Prime;][vc_column_text]<img loading=\"lazy\" decoding=\"async\" class=\"wp-image-598 size-medium alignnone\" src=\"https:\/\/www.clean-air.cz\/wp-content\/uploads\/2018\/06\/ca-asbest-264x300.jpg\" alt=\" \" width=\"264\" height=\"300\" \/><\/p>\n<h3>CleanAIR\u00ae Asbest<\/h3>\n<p>CleanAIR\u00ae Asbest est un appareil respiratoire avec purification de l\u2019air tr\u00e8s l\u00e9ger et compact, con\u00e7u pour une protection active des voies respiratoires et du visage durant le traitement de mat\u00e9riaux contenant de l\u2019amiante.<\/p>\n<p>Le syst\u00e8me est disponible avec deux masques diff\u00e9rents \u2013 Shigematsu GX02 et CF02.[\/vc_column_text][vc_btn title=\u00a0\u00bbVoir la page du produit\u00a0\u00bb shape=\u00a0\u00bbsquare\u00a0\u00bb color=\u00a0\u00bbjuicy-pink\u00a0\u00bb i_icon_fontawesome=\u00a0\u00bbfa fa-arrow-right\u00a0\u00bb add_icon=\u00a0\u00bbtrue\u00a0\u00bb link=\u00a0\u00bburl:https%3A%2F%2Fwww.clean-air.cz%2Ffr%2Fpapr%2Fasbest%2F|title:CleanAIR%C2%AE%20Asbest|\u00a0\u00bb][\/vc_tta_section][\/vc_tta_tour][\/vc_column][\/vc_row][vc_row css=\u00a0\u00bb.vc_custom_1515063137650{background-color: #ffffff !important;}\u00a0\u00bb][vc_column][vc_column_text]<\/p>\n<h2>Mati\u00e8re de v\u00eatement de protection a\u00e9r\u00e9 CleanAIR\u00ae Ultimate<\/h2>\n<p>[\/vc_column_text][vc_tta_tour style=\u00a0\u00bbmodern\u00a0\u00bb shape=\u00a0\u00bbsquare\u00a0\u00bb gap=\u00a0\u00bb1&Prime; active_section=\u00a0\u00bb1&Prime; no_fill_content_area=\u00a0\u00bbtrue\u00a0\u00bb][vc_tta_section title=\u00a0\u00bbCleanAIR\u00ae Ultimate\u00a0\u00bb tab_id=\u00a0\u00bb1533293507786-db44970d-05b6&Prime;][vc_column_text]<img loading=\"lazy\" decoding=\"async\" class=\"wp-image-4395 size-full alignnone\" src=\"https:\/\/www.clean-air.cz\/wp-content\/uploads\/2019\/02\/3complet-3.jpg\" alt=\"\" width=\"600\" height=\"319\" \/><\/p>\n<h3>CleanAIR\u00ae Ultimate<\/h3>\n<p>La nouvelle dimension en mati\u00e8re de v\u00eatement de protection a\u00e9r\u00e9 pour des environnements tr\u00e8s contamin\u00e9s.<\/p>\n<p>Le syst\u00e8me associe de mani\u00e8re unique le plus haut niveau de protection d\u2019un masque facial complet avec tous les avantages de la combinaison a\u00e9r\u00e9e de protection.[\/vc_column_text][vc_btn title=\u00a0\u00bbVoir la page du produit\u00a0\u00bb shape=\u00a0\u00bbsquare\u00a0\u00bb color=\u00a0\u00bbjuicy-pink\u00a0\u00bb i_icon_fontawesome=\u00a0\u00bbfa fa-arrow-right\u00a0\u00bb add_icon=\u00a0\u00bbtrue\u00a0\u00bb link=\u00a0\u00bburl:https%3A%2F%2Fwww.clean-air.cz%2Ffr%2Fultimate%2F|title:Shigematsu%20GX02|\u00a0\u00bb][\/vc_tta_section][\/vc_tta_tour][\/vc_column][\/vc_row][vc_row css=\u00a0\u00bb.vc_custom_1515063137650{background-color: #ffffff !important;}\u00a0\u00bb][vc_column][vc_column_text]<\/p>\n<h2>Masques faciaux complets, demi-masques<\/h2>\n<p>[\/vc_column_text][vc_tta_tour style=\u00a0\u00bbmodern\u00a0\u00bb shape=\u00a0\u00bbsquare\u00a0\u00bb gap=\u00a0\u00bb1&Prime; active_section=\u00a0\u00bb1&Prime; no_fill_content_area=\u00a0\u00bbtrue\u00a0\u00bb][vc_tta_section title=\u00a0\u00bbShigematsu GX02&Prime; tab_id=\u00a0\u00bb1560752020082-d1fd40b4-4609&Prime;][vc_column_text]<img loading=\"lazy\" decoding=\"async\" class=\"wp-image-327 size-medium alignnone\" src=\"https:\/\/www.clean-air.cz\/wp-content\/uploads\/2018\/06\/CF02-iso-copy-256x300.jpg\" alt=\" \" width=\"256\" height=\"300\" srcset=\"https:\/\/www.clean-air.cz\/wp-content\/uploads\/2018\/06\/CF02-iso-copy-256x300.jpg 256w, https:\/\/www.clean-air.cz\/wp-content\/uploads\/2018\/06\/CF02-iso-copy.jpg 682w\" sizes=\"(max-width: 256px) 100vw, 256px\" \/><\/p>\n<h3>Masque facial complet Shigematsu CF02<\/h3>\n<p>Il s\u2019agit d\u2019un nouveau masque l\u00e9ger avec une visi\u00e8re sph\u00e9rique\u00a0haut de gamme. Ce design \u00e9limine la distorsion et offre un champ de vision ample et d\u00e9gag\u00e9. Le masque est compos\u00e9 de Styrene TPE de haute qualit\u00e9, qui garantit une grande r\u00e9sistance et une longue dur\u00e9e de vie. Le masque est \u00e9quip\u00e9 d\u2019un filetage de raccord standard RD40\u00d71\/7&Prime; conforme \u00e0 la norme NE 148-1 et permet donc l\u2019utilisation de filtres en cartouches et des syst\u00e8mes de purification de l\u2019air CleanAIR\u00ae.[\/vc_column_text][vc_btn title=\u00a0\u00bbVoir la page du produit\u00a0\u00bb shape=\u00a0\u00bbsquare\u00a0\u00bb color=\u00a0\u00bbjuicy-pink\u00a0\u00bb i_icon_fontawesome=\u00a0\u00bbfa fa-arrow-right\u00a0\u00bb add_icon=\u00a0\u00bbtrue\u00a0\u00bb link=\u00a0\u00bburl:https%3A%2F%2Fwww.clean-air.cz%2Ffr%2Fheadtops%2Fmasks%2Ffullface-mask-gx02%2F|title:Shigematsu%20GX02|\u00a0\u00bb][\/vc_tta_section][vc_tta_section title=\u00a0\u00bbShigematsu CF02&Prime; tab_id=\u00a0\u00bb1560752020084-4f4dd0a6-5e91&Prime;][vc_column_text]<img loading=\"lazy\" decoding=\"async\" class=\"wp-image-327 size-medium alignnone\" src=\"https:\/\/www.clean-air.cz\/wp-content\/uploads\/2018\/06\/CF02-iso-copy-256x300.jpg\" alt=\"\" width=\"256\" height=\"300\" srcset=\"https:\/\/www.clean-air.cz\/wp-content\/uploads\/2018\/06\/CF02-iso-copy-256x300.jpg 256w, https:\/\/www.clean-air.cz\/wp-content\/uploads\/2018\/06\/CF02-iso-copy.jpg 682w\" sizes=\"(max-width: 256px) 100vw, 256px\" \/><\/p>\n<h3>Full face mask Shigematsu CF02<\/h3>\n<p>It is a new lightweight mask with a superior\u00a0spherical visor. This design feature eliminates distortion and provides a clear and broad field of vision. The mask is made of high-quality Styrene TPE which guarantees high resistance and a long operation life. The mask is fitted with a standard connection thread RD40x1\/7\u201c according to EN 148-1 and thus enables using a wide range of canister filters and powered air purifying systems CleanAIR\u00ae.[\/vc_column_text][vc_btn title=\u00a0\u00bbVoir la page du produit\u00a0\u00bb shape=\u00a0\u00bbsquare\u00a0\u00bb color=\u00a0\u00bbjuicy-pink\u00a0\u00bb i_icon_fontawesome=\u00a0\u00bbfa fa-arrow-right\u00a0\u00bb add_icon=\u00a0\u00bbtrue\u00a0\u00bb link=\u00a0\u00bburl:https%3A%2F%2Fwww.clean-air.cz%2Ffr%2Fheadtops%2Fmasks%2Ffullface-mask-cf02%2F|title:Shigematsu%20CF02|\u00a0\u00bb][\/vc_tta_section][vc_tta_section title=\u00a0\u00bbDemi-masque CA-5&Prime; tab_id=\u00a0\u00bb1560752020085-df0ec4ea-3a39&Prime;][vc_column_text]<img loading=\"lazy\" decoding=\"async\" class=\"wp-image-524 size-medium alignnone\" src=\"https:\/\/www.clean-air.cz\/wp-content\/uploads\/2018\/06\/700500-Halfmask-CA-5-289x300.jpg\" alt=\" \" width=\"289\" height=\"300\" srcset=\"https:\/\/www.clean-air.cz\/wp-content\/uploads\/2018\/06\/700500-Halfmask-CA-5-289x300.jpg 289w, https:\/\/www.clean-air.cz\/wp-content\/uploads\/2018\/06\/700500-Halfmask-CA-5-50x52.jpg 50w, https:\/\/www.clean-air.cz\/wp-content\/uploads\/2018\/06\/700500-Halfmask-CA-5.jpg 674w\" sizes=\"(max-width: 289px) 100vw, 289px\" \/><\/p>\n<h3>Demi-masque CA-5<\/h3>\n<p>Ce\u00a0<strong>demi-masque<\/strong>\u00a0universel \u00e0 filtre unique avec filetage de raccord RD40\u00d71\/7&Prime; conforme \u00e0 la norme NE 148-1 est compos\u00e9 d\u2019un \u00e9lastom\u00e8re thermoplastique r\u00e9sistant et poss\u00e8de un harnais de t\u00eate \u00e0 quatre points qui garantit un port confortable et s\u00fbr. Son filetage de raccord de 40 mm peut \u00eatre utilis\u00e9 avec des filtres \u00e0 cartouche certifi\u00e9s pesant moins de 300 g ou des appareils respiratoires avec purification de l\u2019air CleanAIR\u00ae.[\/vc_column_text][vc_btn title=\u00a0\u00bbVoir la page du produit\u00a0\u00bb shape=\u00a0\u00bbsquare\u00a0\u00bb color=\u00a0\u00bbjuicy-pink\u00a0\u00bb i_icon_fontawesome=\u00a0\u00bbfa fa-arrow-right\u00a0\u00bb add_icon=\u00a0\u00bbtrue\u00a0\u00bb link=\u00a0\u00bburl:https%3A%2F%2Fwww.clean-air.cz%2Ffr%2Fheadtops%2Fmasks%2Fhalf-mask-ca-5%2F|title:Demi-masque%20CA-5|\u00a0\u00bb][\/vc_tta_section][\/vc_tta_tour][\/vc_column][\/vc_row][vc_row content_placement=\u00a0\u00bbmiddle\u00a0\u00bb][vc_column][vc_separator color=\u00a0\u00bbjuicy_pink\u00a0\u00bb][\/vc_column][\/vc_row][vc_row][vc_column][\/vc_column][\/vc_row]<\/p>\n","protected":false},"excerpt":{"rendered":"<p>[vc_row css=\u00a0\u00bb.vc_custom_1515063137650{background-color: #ffffff !important;}\u00a0\u00bb][vc_column][vc_column_text] Appareil respiratoire avec purification de l\u2019air [\/vc_column_text][vc_tta_tour style=\u00a0\u00bbmodern\u00a0\u00bb shape=\u00a0\u00bbsquare\u00a0\u00bb gap=\u00a0\u00bb1&Prime; active_section=\u00a0\u00bb1&Prime; no_fill_content_area=\u00a0\u00bbtrue\u00a0\u00bb][vc_tta_section title=\u00a0\u00bbChemical 2F Asbest\u00a0\u00bb tab_id=\u00a0\u00bb1515061200914-4dd3150e-98ab\u00a0\u00bb][vc_column_text] CleanAIR\u00ae Chemical 2F Asbest L\u2019appareil respiratoire avec purification de l\u2019air\u00a0Chemical 2F Asbest est con\u00e7u pour une protection fiable des voies respiratoires dans des environnements contamin\u00e9s par des fibres d\u2019amiante.[\/vc_column_text][vc_btn title=\u00a0\u00bbVoir la page du produit\u00a0\u00bb shape=\u00a0\u00bbsquare\u00a0\u00bb color=\u00a0\u00bbjuicy-pink\u00a0\u00bb i_icon_fontawesome=\u00a0\u00bbfa fa-arrow-right\u00a0\u00bb add_icon=\u00a0\u00bbtrue\u00a0\u00bb link=\u00a0\u00bburl:https%3A%2F%2Fwww.clean-air.cz%2Ffr%2Fpapr%2Fchemical-2f-asbest%2F|title:CleanAIR%C2%AE%20Chemical%202F%20Asbest|\u00a0\u00bb][\/vc_tta_section][vc_tta_section title=\u00a0\u00bbAsbest\u00a0\u00bb tab_id=\u00a0\u00bb1539613039583-da66067e-75b0&Prime;][vc_column_text] CleanAIR\u00ae Asbest CleanAIR\u00ae Asbest est un appareil respiratoire<\/p>\n<p><a class=\"more-link\" href=\"https:\/\/www.clean-air.cz\/fr\/asbestos-remediation\/\">Lire la suite&#8230;<\/a><\/p>\n","protected":false},"author":11,"featured_media":0,"parent":0,"menu_order":0,"comment_status":"closed","ping_status":"closed","template":"","meta":{"footnotes":""},"_links":{"self":[{"href":"https:\/\/www.clean-air.cz\/fr\/wp-json\/wp\/v2\/pages\/5150"}],"collection":[{"href":"https:\/\/www.clean-air.cz\/fr\/wp-json\/wp\/v2\/pages"}],"about":[{"href":"https:\/\/www.clean-air.cz\/fr\/wp-json\/wp\/v2\/types\/page"}],"author":[{"embeddable":true,"href":"https:\/\/www.clean-air.cz\/fr\/wp-json\/wp\/v2\/users\/11"}],"replies":[{"embeddable":true,"href":"https:\/\/www.clean-air.cz\/fr\/wp-json\/wp\/v2\/comments?post=5150"}],"version-history":[{"count":0,"href":"https:\/\/www.clean-air.cz\/fr\/wp-json\/wp\/v2\/pages\/5150\/revisions"}],"wp:attachment":[{"href":"https:\/\/www.clean-air.cz\/fr\/wp-json\/wp\/v2\/media?parent=5150"}],"curies":[{"name":"wp","href":"https:\/\/api.w.org\/{rel}","templated":true}]}}