{"id":5140,"date":"2018-11-16T07:56:33","date_gmt":"2018-11-16T06:56:33","guid":{"rendered":"https:\/\/www.clean-air.cz\/chemical-2f-asbest\/"},"modified":"2019-04-05T10:21:28","modified_gmt":"2019-04-05T08:21:28","slug":"chemical-2f-asbest","status":"publish","type":"page","link":"https:\/\/www.clean-air.cz\/fr\/papr\/chemical-2f-asbest\/","title":{"rendered":"CleanAIR\u00ae Chemical 2F Asbest"},"content":{"rendered":"<p>[vc_row][vc_column width=\u00a0\u00bb1\/2&Prime;][vc_gallery interval=\u00a0\u00bb3&Prime; images=\u00a0\u00bb369&Prime; img_size=\u00a0\u00bblarge\u00a0\u00bb][\/vc_column][vc_column width=\u00a0\u00bb1\/2&Prime;][vc_column_text]<strong><span style=\"font-size: 14pt; color: #be0300;\"><sup>L\u2019appareil respiratoire avec purification de l\u2019air\u00a0Chemical 2F Asbest est con\u00e7u pour une protection fiable des voies respiratoires dans des environnements contamin\u00e9s par des fibres d\u2019amiante.<\/sup><\/span><\/strong><\/p>\n<p>La conception du syst\u00e8me permet une d\u00e9contamination facile dans la douche gr\u00e2ce \u00e0 son \u00e9tanch\u00e9it\u00e9 IP65. L\u2019\u00e9cran TFT en couleurs riches affiche clairement toutes les informations pertinentes. Syst\u00e8me \u00e9lectronique avanc\u00e9 alertant le porteur en cas de faible d\u00e9bit d\u2019air ou de batterie faible. Malgr\u00e9 son design compact et son poids l\u00e9ger, le Chemical 2F garantit un d\u00e9bit d\u2019air constant entre 160 et 235 l\/min avec un filtre mixte ou un filtre \u00e0 particules. Le syst\u00e8me de fermeture automatique unique emp\u00eache toute contamination involontaire lors du changement des filtres.[\/vc_column_text][vc_btn title=\u00a0\u00bbD\u00e9couvrez notre gamme compl\u00e8te d\u2019appareils respiratoires avec purification de l\u2019air !\u00a0\u00bb shape=\u00a0\u00bbsquare\u00a0\u00bb color=\u00a0\u00bbdanger\u00a0\u00bb size=\u00a0\u00bblg\u00a0\u00bb align=\u00a0\u00bbleft\u00a0\u00bb i_icon_fontawesome=\u00a0\u00bbfa fa-info-circle\u00a0\u00bb css_animation=\u00a0\u00bbnone\u00a0\u00bb add_icon=\u00a0\u00bbtrue\u00a0\u00bb link=\u00a0\u00bburl:https%3A%2F%2Fwww.clean-air.cz%2Ffr%2Fpapr%2F|title:D%C3%A9couvrez%20notre%20gamme%20compl%C3%A8te%20de%20cagoules%20l%C3%A9g%C3%A8res%20%21|\u00a0\u00bb][\/vc_column][\/vc_row][vc_row][vc_column][vc_tta_tabs style=\u00a0\u00bbmodern\u00a0\u00bb shape=\u00a0\u00bbsquare\u00a0\u00bb active_section=\u00a0\u00bb1&Prime; no_fill_content_area=\u00a0\u00bbtrue\u00a0\u00bb title=\u00a0\u00bbD\u00e9tails\u00a0\u00bb][vc_tta_section i_icon_fontawesome=\u00a0\u00bbfa fa-industry\u00a0\u00bb add_icon=\u00a0\u00bbtrue\u00a0\u00bb title=\u00a0\u00bbDomaines d\u2019application\u00a0\u00bb tab_id=\u00a0\u00bb1513150336358-68add988-e9ea\u00a0\u00bb][vc_column_text]<span style=\"color: #be0300;\"><strong>Domaines d\u2019application<\/strong><\/span><\/p>\n<ul>\n<li>D\u00e9samiantage<\/li>\n<\/ul>\n<p>[\/vc_column_text][\/vc_tta_section][vc_tta_section i_icon_fontawesome=\u00a0\u00bbfa fa-thumbs-o-up\u00a0\u00bb add_icon=\u00a0\u00bbtrue\u00a0\u00bb title=\u00a0\u00bbCaract\u00e9ristiques et avantages\u00a0\u00bb tab_id=\u00a0\u00bb1513150336359-b7b65468-8021&Prime;][vc_column_text]<span style=\"color: #be0300;\"><strong>Caract\u00e9ristiques et avantages<\/strong><\/span><\/p>\n<ul>\n<li>Compact, l\u00e9ger<\/li>\n<li>Grande r\u00e9sistance m\u00e9canique et chimique<\/li>\n<li>Syst\u00e8me \u00e9lectronique avanc\u00e9 pour alerter le porteur<\/li>\n<li>\u00c9cran TFT en couleurs riches<\/li>\n<li>D\u00e9contaminable sous la douche \u2013 \u00e9tanch\u00e9it\u00e9 IP64<\/li>\n<li>Autonomie de fonctionnement de 10 heures (batterie standard)<\/li>\n<li>Facteur de protection nominale \u00e9lev\u00e9 NPF 2000<\/li>\n<\/ul>\n<p>[\/vc_column_text][\/vc_tta_section][vc_tta_section i_icon_fontawesome=\u00a0\u00bbfa fa-cog\u00a0\u00bb add_icon=\u00a0\u00bbtrue\u00a0\u00bb title=\u00a0\u00bbKits complets, accessoires, filtres\u00a0\u00bb tab_id=\u00a0\u00bb1513153137048-5f8c31c5-30ea\u00a0\u00bb][vc_column_text]<\/p>\n<table>\n<tbody>\n<tr>\n<td style=\"text-align: left;\" colspan=\"2\"><span style=\"color: #be0300;\"><strong>Ensembles complets<\/strong><\/span><\/td>\n<\/tr>\n<tr>\n<td style=\"text-align: left;\">CleanAIR\u00ae Chemical 2F avec profil \u00ab amiante \u00bb activ\u00e9, avec accessoires (batterie, chargeur,\u00a0ceinture en Hypalon d\u00e9contaminable et indicateur de d\u00e9bit)<\/td>\n<td style=\"text-align: center;\">51\u00a000\u00a000FCA<\/td>\n<\/tr>\n<tr>\n<td style=\"text-align: left;\">CleanAIR\u00ae Chemical 2F avec profil \u00ab amiante \u00bb activ\u00e9, avec accessoires (batterie, chargeur,\u00a0ceinture en caoutchouc d\u00e9contaminable et indicateur de d\u00e9bit)<\/td>\n<td style=\"text-align: center;\">51 00 00ASR<\/td>\n<\/tr>\n<tr>\n<td style=\"text-align: left;\" colspan=\"2\"><span style=\"color: #be0300;\"><strong>Liste des pi\u00e8ces d\u00e9tach\u00e9es \/ accessoires<\/strong><\/span><\/td>\n<\/tr>\n<tr>\n<td style=\"text-align: left;\">Tuyau flexible l\u00e9ger QuickLOCK\u2122 \u2013 CA40\u00d71\/7&Prime;<\/td>\n<td style=\"text-align: center;\">71 00 60<\/td>\n<\/tr>\n<tr>\n<td style=\"text-align: left;\">Tuyau en caoutchouc QuickLOCK\u2122 \u2013 CA40\u00d71\/7&Prime;<\/td>\n<td style=\"text-align: center;\">71 00 86<\/td>\n<\/tr>\n<tr>\n<td style=\"text-align: left;\">Ceinture de confort rembourr\u00e9e 2F<\/td>\n<td style=\"text-align: center;\">71 00 92<\/td>\n<\/tr>\n<tr>\n<td style=\"text-align: left;\">Ceinture d\u00e9contaminable<\/td>\n<td style=\"text-align: center;\">51 00 41<\/td>\n<\/tr>\n<tr>\n<td style=\"text-align: left;\">Harnais d\u00e9contaminable<\/td>\n<td style=\"text-align: center;\">51 00 42<\/td>\n<\/tr>\n<tr>\n<td style=\"text-align: left;\">Harnais de confort rembourr\u00e9<\/td>\n<td style=\"text-align: center;\">52 00 44.1<\/td>\n<\/tr>\n<tr>\n<td style=\"text-align: left;\">Batterie Li-Ion Standard 14,4 V \/ 2,6 Ah<\/td>\n<td style=\"text-align: center;\">51 00 10<\/td>\n<\/tr>\n<tr>\n<td style=\"text-align: left;\">Batterie Li-Ion longue dur\u00e9e 14,4 V \/ 5,2 Ah<\/td>\n<td style=\"text-align: center;\">51 00 20<\/td>\n<\/tr>\n<tr>\n<td style=\"text-align: left;\">Chargeur de batterie<\/td>\n<td style=\"text-align: center;\">51 00 30EUR<\/td>\n<\/tr>\n<tr>\n<td style=\"text-align: left;\" colspan=\"2\"><span style=\"color: #be0300;\"><strong>Filtres<\/strong><\/span><\/td>\n<\/tr>\n<tr>\n<td style=\"text-align: left;\">Filtre \u00e0 particules P3<\/td>\n<td style=\"text-align: center;\">50 00 48<\/td>\n<\/tr>\n<\/tbody>\n<\/table>\n<p>[\/vc_column_text][\/vc_tta_section][vc_tta_section i_icon_fontawesome=\u00a0\u00bbfa fa-wrench\u00a0\u00bb add_icon=\u00a0\u00bbtrue\u00a0\u00bb title=\u00a0\u00bbDonn\u00e9es techniques\u00a0\u00bb tab_id=\u00a0\u00bb1513153797992-792040b0-82c9&Prime;][vc_column_text]<\/p>\n<table>\n<tbody>\n<tr>\n<td style=\"text-align: left;\">D\u00e9bit d\u2019air<\/td>\n<td style=\"text-align: center;\">120 &#8211; 235 l\/min<\/td>\n<\/tr>\n<tr>\n<td style=\"text-align: left;\">Temps de fonctionnement<\/td>\n<td style=\"text-align: center;\">jusqu\u2019\u00e0 10 heures avec une batterie standard<br \/>\njusqu\u2019\u00e0 16 heures avec une batterie longue dur\u00e9e<\/td>\n<\/tr>\n<tr>\n<td style=\"text-align: left;\">Poids<\/td>\n<td style=\"text-align: center;\">960 g (avec batterie standard)<\/td>\n<\/tr>\n<tr>\n<td style=\"text-align: left;\">Bruit<\/td>\n<td style=\"text-align: center;\">max. 62 dB<\/td>\n<\/tr>\n<tr>\n<td style=\"text-align: left;\">Dimensions<\/td>\n<td style=\"text-align: center;\">240 mm \/ 110 mm \/ 120 mm<\/td>\n<\/tr>\n<tr>\n<td style=\"text-align: left;\">Batterie standard<\/td>\n<td style=\"text-align: center;\">Li-Ion 14,4 V \/ 2,6 Ah<\/td>\n<\/tr>\n<tr>\n<td style=\"text-align: left;\">Batterie longue dur\u00e9e<\/td>\n<td style=\"text-align: center;\">Li-Ion 14,4 V \/ 5,2 Ah<\/td>\n<\/tr>\n<tr>\n<td style=\"text-align: left;\">Certification<\/td>\n<td style=\"text-align: center;\">NE 12941 TH3, NE 12942 TM3<\/td>\n<\/tr>\n<\/tbody>\n<\/table>\n<p>[\/vc_column_text][\/vc_tta_section][vc_tta_section i_icon_fontawesome=\u00a0\u00bbfa fa-download\u00a0\u00bb add_icon=\u00a0\u00bbtrue\u00a0\u00bb title=\u00a0\u00bbT\u00e9l\u00e9chargements\u00a0\u00bb tab_id=\u00a0\u00bb1513154098935-95c74e4f-fa1e\u00a0\u00bb][vc_column_text]<strong><a href=\"https:\/\/www.clean-air.cz\/wp-content\/uploads\/2018\/09\/User-manual-NA-064-R02-CleanAIR-Chemical-2F.pdf\" target=\"_blank\" rel=\"noopener noreferrer\">Mode d\u2019emploi \u2013 NA-064-R02 \u2013 CleanAIR Chemical 2F<\/a><\/strong><\/p>\n<p><strong><a href=\"https:\/\/www.clean-air.cz\/wp-content\/uploads\/2018\/09\/Datasheet-DA-002-R03-51-00-00FCA-CA-Chemical-2F-plus-EN.pdf\" target=\"_blank\" rel=\"noopener noreferrer\">Fiche technique \u2013 DA-002-R03 \u2013 51 00 00FCA \u2013 CA Chemical 2F plus \u2013 EN<\/a><\/strong><\/p>\n<p><strong><a href=\"https:\/\/www.clean-air.cz\/wp-content\/uploads\/2018\/06\/Datasheet-DA-010-R02-51-00-00ASD-CA-Chemical-2F-Asbest-EN.pdf\" target=\"_blank\" rel=\"noopener noreferrer\">Fiche technique \u2013 DA-010-R02 \u2013 51 00 00ASD \u2013 CA Chemical 2F Asbest \u2013 EN<\/a><\/strong><\/p>\n<p><strong><a href=\"https:\/\/www.clean-air.cz\/wp-content\/uploads\/2018\/06\/Datasheet-DA-047-R00-MIC51-00-00FC-CA-Chemical-2F-with-activated-Garment-EN.pdf\" target=\"_blank\" rel=\"noopener noreferrer\">Fiche technique \u2013 DA-047-R00 \u2013 MIC51 00 00FC \u2013 CA Chemical 2F avec v\u00eatement activ\u00e9 \u2013 EN<\/a><\/strong><\/p>\n<p><strong><a href=\"https:\/\/www.clean-air.cz\/wp-content\/uploads\/2018\/09\/PS-510000-1-R0-Chemical-2F-Plus.pdf\" target=\"_blank\" rel=\"noopener noreferrer\">PS-510000-1-R0 Chemical 2F Plus<\/a><\/strong>[\/vc_column_text][\/vc_tta_section][vc_tta_section i_icon_fontawesome=\u00a0\u00bbfa fa-picture-o\u00a0\u00bb add_icon=\u00a0\u00bbtrue\u00a0\u00bb title=\u00a0\u00bbGalerie\u00a0\u00bb tab_id=\u00a0\u00bb1515415801460-0c2258c9-4574&Prime;][vc_gallery type=\u00a0\u00bbimage_grid\u00a0\u00bb images=\u00a0\u00bb369,3296&Prime; img_size=\u00a0\u00bbmedium\u00a0\u00bb css_animation=\u00a0\u00bbfadeIn\u00a0\u00bb css=\u00a0\u00bb.vc_custom_1542352403317{padding-left: 280px !important;}\u00a0\u00bb][\/vc_tta_section][\/vc_tta_tabs][\/vc_column][\/vc_row][vc_row][vc_column][vc_separator][vc_images_carousel images=\u00a0\u00bb322,327&Prime; img_size=\u00a0\u00bblarge\u00a0\u00bb onclick=\u00a0\u00bbcustom_link\u00a0\u00bb slides_per_view=\u00a0\u00bb4&Prime; autoplay=\u00a0\u00bbyes\u00a0\u00bb wrap=\u00a0\u00bbyes\u00a0\u00bb title=\u00a0\u00bbGamme de masques compatibles \u00a0\u00bb custom_links=\u00a0\u00bb#E-8_JUI2JThBbCVGRWYlQUMlOTIlQ0YlREYlQkFZX2klQzclQTZqJUM5JTIwJUM3TSVCRiVGRSUxNyU5QXYlREElMjklQjMlRjklOUElQjJLJTNGfiVFOWUlN0QlQTclMUUlOTklQUIlMjRxJUZENg==\u00a0\u00bb css=\u00a0\u00bb.vc_custom_1542352708768{padding-left: 0px !important;}\u00a0\u00bb][\/vc_column][\/vc_row][vc_row][vc_column][vc_separator color=\u00a0\u00bbjuicy_pink\u00a0\u00bb][\/vc_column][\/vc_row]<\/p>\n","protected":false},"excerpt":{"rendered":"<p>[vc_row][vc_column width=\u00a0\u00bb1\/2&Prime;][vc_gallery interval=\u00a0\u00bb3&Prime; images=\u00a0\u00bb369&Prime; img_size=\u00a0\u00bblarge\u00a0\u00bb][\/vc_column][vc_column width=\u00a0\u00bb1\/2&Prime;][vc_column_text]L\u2019appareil respiratoire avec purification de l\u2019air\u00a0Chemical 2F Asbest est con\u00e7u pour une protection fiable des voies respiratoires dans des environnements contamin\u00e9s par des fibres d\u2019amiante. La conception du syst\u00e8me permet une d\u00e9contamination facile dans la douche gr\u00e2ce \u00e0 son \u00e9tanch\u00e9it\u00e9 IP65. L\u2019\u00e9cran TFT en couleurs riches affiche clairement toutes les informations pertinentes. Syst\u00e8me \u00e9lectronique avanc\u00e9 alertant le porteur en cas de faible d\u00e9bit d\u2019air ou<\/p>\n<p><a class=\"more-link\" href=\"https:\/\/www.clean-air.cz\/fr\/papr\/chemical-2f-asbest\/\">Lire la suite&#8230;<\/a><\/p>\n","protected":false},"author":11,"featured_media":0,"parent":5338,"menu_order":0,"comment_status":"closed","ping_status":"closed","template":"","meta":{"footnotes":""},"_links":{"self":[{"href":"https:\/\/www.clean-air.cz\/fr\/wp-json\/wp\/v2\/pages\/5140"}],"collection":[{"href":"https:\/\/www.clean-air.cz\/fr\/wp-json\/wp\/v2\/pages"}],"about":[{"href":"https:\/\/www.clean-air.cz\/fr\/wp-json\/wp\/v2\/types\/page"}],"author":[{"embeddable":true,"href":"https:\/\/www.clean-air.cz\/fr\/wp-json\/wp\/v2\/users\/11"}],"replies":[{"embeddable":true,"href":"https:\/\/www.clean-air.cz\/fr\/wp-json\/wp\/v2\/comments?post=5140"}],"version-history":[{"count":0,"href":"https:\/\/www.clean-air.cz\/fr\/wp-json\/wp\/v2\/pages\/5140\/revisions"}],"up":[{"embeddable":true,"href":"https:\/\/www.clean-air.cz\/fr\/wp-json\/wp\/v2\/pages\/5338"}],"wp:attachment":[{"href":"https:\/\/www.clean-air.cz\/fr\/wp-json\/wp\/v2\/media?parent=5140"}],"curies":[{"name":"wp","href":"https:\/\/api.w.org\/{rel}","templated":true}]}}