{"id":29168,"date":"2026-01-27T08:58:33","date_gmt":"2026-01-27T07:58:33","guid":{"rendered":"https:\/\/www.clean-air.cz\/headtops\/masks\/cm-6p-cm-6mp\/"},"modified":"2026-01-27T09:12:35","modified_gmt":"2026-01-27T08:12:35","slug":"cm-6p-cm-6mp","status":"publish","type":"page","link":"https:\/\/www.clean-air.cz\/fr\/headtops\/masks\/cm-6p-cm-6mp\/","title":{"rendered":"CM-6P\/CM-6MP"},"content":{"rendered":"<p>[vc_row][vc_column width=\u00a0\u00bb1\/2&Prime;][vc_gallery interval=\u00a0\u00bb3&Prime; images=\u00a0\u00bb25462,25391,25403&Prime; img_size=\u00a0\u00bblarge\u00a0\u00bb][\/vc_column][vc_column width=\u00a0\u00bb1\/2&Prime;][vc_column_text]<strong><span style=\"font-size: 14pt; color: #be0300;\">Protection respiratoire fiable pour les environnements exigeants<\/span><\/strong><\/p>\n<p data-start=\"22\" data-end=\"464\"><strong data-start=\"22\" data-end=\"54\">Le masque de protection CM-6<\/strong>, lorsqu\u2019il est utilis\u00e9 avec un filtre compatible ou un <strong data-start=\"110\" data-end=\"168\">appareil respiratoire \u00e0 ventilation assist\u00e9e CleanAir\u00ae<\/strong>, offre une protection compl\u00e8te des yeux, du visage et des voies respiratoires. Il est con\u00e7u pour prot\u00e9ger l\u2019utilisateur contre les produits chimiques industriels toxiques (TIC), les agents de guerre chimique (CWA), les particules radioactives, les a\u00e9rosols, ainsi que les bact\u00e9ries et les virus.<\/p>\n<p data-start=\"466\" data-end=\"823\">Ce <strong data-start=\"469\" data-end=\"512\">masque facial complet haute performance<\/strong> est destin\u00e9 aux applications critiques. Il assure un ajustement s\u00fbr et confortable tout en offrant un champ de vision sup\u00e9rieur. Qu\u2019il soit utilis\u00e9 de mani\u00e8re autonome avec des filtres ou en combinaison avec une unit\u00e9 de filtration, le CM-6 garantit une protection fiable dans les environnements \u00e0 haut risque.<\/p>\n<p>[\/vc_column_text][vc_btn title=\u00a0\u00bbD\u00e9couvrez notre gamme compl\u00e8te de masques\u00a0\u00bb shape=\u00a0\u00bbsquare\u00a0\u00bb color=\u00a0\u00bbjuicy-pink\u00a0\u00bb size=\u00a0\u00bblg\u00a0\u00bb align=\u00a0\u00bbleft\u00a0\u00bb i_icon_fontawesome=\u00a0\u00bbfa fa-info-circle\u00a0\u00bb css_animation=\u00a0\u00bbnone\u00a0\u00bb add_icon=\u00a0\u00bbtrue\u00a0\u00bb link=\u00a0\u00bburl:https%3A%2F%2Fwww.clean-air.cz%2Ffr%2Fheadtops%2Fmasks%2F|title:D%C3%A9couvrez%20notre%20gamme%20compl%C3%A8te%20de%20cagoules%20l%C3%A9g%C3%A8res|\u00a0\u00bb][\/vc_column][\/vc_row][vc_row][vc_column][vc_tta_tabs style=\u00a0\u00bbmodern\u00a0\u00bb shape=\u00a0\u00bbsquare\u00a0\u00bb active_section=\u00a0\u00bb1&Prime; no_fill_content_area=\u00a0\u00bbtrue\u00a0\u00bb title=\u00a0\u00bbD\u00e9tails\u00a0\u00bb][vc_tta_section i_icon_fontawesome=\u00a0\u00bbfa fa-industry\u00a0\u00bb add_icon=\u00a0\u00bbtrue\u00a0\u00bb title=\u00a0\u00bbDomaines d\u2019application\u00a0\u00bb tab_id=\u00a0\u00bb1513150336358-68add988-e9ea\u00a0\u00bb][vc_column_text]<span style=\"color: #be0300;\"><strong>Domaines d\u2019application<\/strong><\/span><\/p>\n<ul>\n<li data-start=\"55\" data-end=\"127\">\n<p data-start=\"57\" data-end=\"127\"><strong data-start=\"57\" data-end=\"75\">Industrie CBRN<\/strong> (chimique, biologique, radiologique et nucl\u00e9aire)<\/p>\n<\/li>\n<li data-start=\"128\" data-end=\"154\">\n<p data-start=\"130\" data-end=\"154\"><strong data-start=\"130\" data-end=\"152\">Personnel de sant\u00e9<\/strong><\/p>\n<\/li>\n<li data-start=\"155\" data-end=\"181\">\n<p data-start=\"157\" data-end=\"181\"><strong data-start=\"157\" data-end=\"179\">\u00c9quipes de secours<\/strong><\/p>\n<\/li>\n<li data-start=\"182\" data-end=\"206\">\n<p data-start=\"184\" data-end=\"206\"><strong data-start=\"184\" data-end=\"204\">Sapeurs-pompiers<\/strong><\/p>\n<\/li>\n<li data-start=\"207\" data-end=\"231\">\n<p data-start=\"209\" data-end=\"231\"><strong data-start=\"209\" data-end=\"229\">Unit\u00e9s de police<\/strong><\/p>\n<\/li>\n<li data-start=\"232\" data-end=\"255\">\n<p data-start=\"234\" data-end=\"255\"><strong data-start=\"234\" data-end=\"255\">Protection civile<\/strong><\/p>\n<\/li>\n<\/ul>\n<p>[\/vc_column_text][\/vc_tta_section][vc_tta_section i_icon_fontawesome=\u00a0\u00bbfa fa-thumbs-o-up\u00a0\u00bb add_icon=\u00a0\u00bbtrue\u00a0\u00bb title=\u00a0\u00bbCaract\u00e9ristiques et avantages\u00a0\u00bb tab_id=\u00a0\u00bb1513150336359-b7b65468-8021&Prime;][vc_column_text]<span style=\"color: #be0300;\"><strong>Principales caract\u00e9ristiques et avantages<\/strong><\/span><\/p>\n<ul>\n<li data-start=\"148\" data-end=\"313\">\n<ul>\n<li data-start=\"68\" data-end=\"280\">\n<p data-start=\"70\" data-end=\"280\"><strong data-start=\"70\" data-end=\"93\">Protection compl\u00e8te<\/strong> \u2013 Prot\u00e8ge les yeux, le visage et les voies respiratoires contre les produits chimiques toxiques, les agents de guerre chimique, les poussi\u00e8res radioactives, les bact\u00e9ries et les virus.<\/p>\n<\/li>\n<li data-start=\"282\" data-end=\"478\">\n<p data-start=\"284\" data-end=\"478\"><strong data-start=\"284\" data-end=\"311\">Utilisation polyvalente<\/strong> \u2013 Compatible avec les filtres CleanAir\u00ae ou les appareils respiratoires \u00e0 ventilation assist\u00e9e, offrant une protection flexible dans divers environnements dangereux.<\/p>\n<\/li>\n<li data-start=\"480\" data-end=\"634\">\n<p data-start=\"482\" data-end=\"634\"><strong data-start=\"482\" data-end=\"515\">Syst\u00e8me d\u2019hydratation int\u00e9gr\u00e9<\/strong> \u2013 Permet de s\u2019hydrater en toute s\u00e9curit\u00e9 lors d\u2019une utilisation prolong\u00e9e sans compromettre le niveau de protection.<\/p>\n<\/li>\n<li data-start=\"636\" data-end=\"796\">\n<p data-start=\"638\" data-end=\"796\"><strong data-start=\"638\" data-end=\"670\">Confort et ajustement \u00e9lev\u00e9s<\/strong> \u2013 La conception ergonomique avec sangles r\u00e9glables garantit un ajustement s\u00fbr et confortable, m\u00eame lors d\u2019un port prolong\u00e9.<\/p>\n<\/li>\n<li data-start=\"798\" data-end=\"969\">\n<p data-start=\"800\" data-end=\"969\"><strong data-start=\"800\" data-end=\"825\">Large champ de vision<\/strong> \u2013 La grande visi\u00e8re offre une excellente visibilit\u00e9 sans distorsion, am\u00e9liorant la perception de l\u2019environnement et la s\u00e9curit\u00e9 op\u00e9rationnelle.<\/p>\n<\/li>\n<\/ul>\n<\/li>\n<\/ul>\n<p>[\/vc_column_text][\/vc_tta_section][vc_tta_section i_icon_fontawesome=\u00a0\u00bb\u00a0\u00bb add_icon=\u00a0\u00bbtrue\u00a0\u00bb title=\u00a0\u00bbR\u00e9f\u00e9rences produits, accessoires et filtres\u00a0\u00bb tab_id=\u00a0\u00bb1513153137048-5f8c31c5-30ea\u00a0\u00bb][vc_column_text]<\/p>\n<table style=\"width: 99.68%; height: 66px;\">\n<tbody>\n<tr style=\"height: 22px;\">\n<td style=\"text-align: left; height: 22px; width: 50.4013%;\"><span style=\"color: #be0300;\"><strong>Nom du produit<\/strong><\/span><\/td>\n<td style=\"text-align: left; width: 49.4382%; height: 22px;\"><span style=\"color: #be0300;\"><strong>\u00a0Codes produits<\/strong><\/span><\/td>\n<\/tr>\n<tr style=\"height: 22px;\">\n<td style=\"text-align: left; height: 22px; width: 50.4013%;\"><strong data-start=\"64\" data-end=\"96\">Masque facial complet CM-6MP<\/strong>, harnais 6 points, TPE<\/td>\n<td style=\"text-align: left; height: 22px; width: 49.4382%;\">740600.05<\/td>\n<\/tr>\n<tr style=\"height: 22px;\">\n<td style=\"text-align: left; height: 22px; width: 50.4013%;\"><strong data-start=\"64\" data-end=\"96\">Masque facial complet CM-6MP<\/strong>, harnais 6 points, syst\u00e8me d\u2019hydratation, TPE<\/td>\n<td style=\"text-align: left; height: 22px; width: 49.4382%;\">740600.15<\/td>\n<\/tr>\n<\/tbody>\n<\/table>\n<p>&nbsp;<\/p>\n<table style=\"border-collapse: collapse; width: 100%;\">\n<tbody>\n<tr>\n<td style=\"width: 49.92%;\"><span style=\"color: #be0300;\"><strong>Appareils respiratoires \u00e0 ventilation assist\u00e9e compatibles<\/strong><\/span><\/td>\n<td style=\"width: 49.92%;\"><span style=\"color: #be0300;\"><strong>Standard \/ Classe<\/strong><\/span><\/td>\n<\/tr>\n<tr>\n<td style=\"width: 49.92%;\">CleanAIR\u00ae Chemical 2F Plus<\/td>\n<td style=\"width: 49.92%;\">TM3<\/td>\n<\/tr>\n<\/tbody>\n<\/table>\n<p>&nbsp;<\/p>\n<table style=\"border-collapse: collapse; width: 100%;\">\n<tbody>\n<tr>\n<td style=\"width: 49.92%;\"><span style=\"color: #be0300;\"><strong>Accessoires et pi\u00e8ces de rechange compatibles<\/strong><\/span><\/td>\n<td style=\"width: 49.92%;\"><span style=\"color: #be0300;\"><strong>Product codes<\/strong><\/span><\/td>\n<\/tr>\n<tr>\n<td style=\"width: 49.92%;\">Tuyau flexible l\u00e9ger CA40\u00d71\/7&Prime; \u2013 CA40\u00d71\/7&Prime;, raccord droit<\/td>\n<td style=\"width: 49.92%;\">700060<\/td>\n<\/tr>\n<tr>\n<td style=\"width: 49.92%;\">Tuyau en caoutchouc CA40\u00d71\/7&Prime; \u2013 CA40\u00d71\/7&Prime;, raccord droit<\/td>\n<td style=\"width: 49.92%;\">700086CA<\/td>\n<\/tr>\n<tr>\n<td style=\"width: 49.92%;\">Capot de soupape d\u2019inhalation CM-6<\/td>\n<td style=\"width: 49.92%;\">740611<\/td>\n<\/tr>\n<tr>\n<td style=\"width: 49.92%;\">Capot de soupape d\u2019exhalation CM-6<\/td>\n<td style=\"width: 49.92%;\">740612<\/td>\n<\/tr>\n<tr>\n<td style=\"width: 49.92%;\">Soupape d\u2019exhalation CM-6, lot de 10 pcs<\/td>\n<td style=\"width: 49.92%;\">740613\/10<\/td>\n<\/tr>\n<tr>\n<td style=\"width: 49.92%;\">Soupape d\u2019inhalation CM-6, lot de 10 pcs<\/td>\n<td style=\"width: 49.92%;\">740614\/10<\/td>\n<\/tr>\n<tr>\n<td style=\"width: 49.92%;\">Harnais de t\u00eate CM-6<\/td>\n<td style=\"width: 49.92%;\">740615<\/td>\n<\/tr>\n<tr>\n<td style=\"width: 49.92%;\">Bouteille pour syst\u00e8me d\u2019hydratation CM-6<\/td>\n<td style=\"width: 49.92%;\">740616<\/td>\n<\/tr>\n<\/tbody>\n<\/table>\n<p>[\/vc_column_text][\/vc_tta_section][vc_tta_section i_icon_fontawesome=\u00a0\u00bbfa fa-wrench\u00a0\u00bb add_icon=\u00a0\u00bbtrue\u00a0\u00bb title=\u00a0\u00bbDonn\u00e9es techniques\u00a0\u00bb tab_id=\u00a0\u00bb1513153797992-792040b0-82c9&Prime;][vc_column_text]<\/p>\n<table>\n<tbody>\n<tr>\n<td style=\"text-align: left;\">Poids<\/td>\n<td style=\"text-align: left;\">560 g<\/td>\n<\/tr>\n<tr>\n<td style=\"text-align: left;\">Mat\u00e9riaux<\/td>\n<td style=\"text-align: left;\">\n<p data-start=\"96\" data-end=\"154\"><strong data-start=\"96\" data-end=\"113\">Pi\u00e8ce faciale<\/strong> \u2013 Caoutchouc bromobutyle, non irritant<\/p>\n<p data-start=\"96\" data-end=\"154\"><strong data-start=\"157\" data-end=\"203\">Masque int\u00e9rieur (coiffe nasale \/ nosecup)<\/strong> \u2013 Caoutchouc naturel \/ TPE \/ Silicone, non irritant<\/p>\n<p data-start=\"260\" data-end=\"294\"><strong data-start=\"260\" data-end=\"271\">Visi\u00e8re<\/strong> \u2013 Polycarbonate (PC)<\/p>\n<p data-start=\"297\" data-end=\"339\"><strong data-start=\"297\" data-end=\"318\">Cadres de visi\u00e8re<\/strong> \u2013 Polyamide (PA 6)<\/p>\n<p data-start=\"342\" data-end=\"399\"><strong data-start=\"342\" data-end=\"372\">Corps de l\u2019insert phonique<\/strong> \u2013 Polyoxym\u00e9thyl\u00e8ne (POM)<\/p>\n<p data-start=\"402\" data-end=\"498\"><strong data-start=\"402\" data-end=\"475\">Harnais de t\u00eate \u00e0 6 points avec boucles plastiques (coiffe cr\u00e2nienne)<\/strong> \u2013 Caoutchouc-textile<\/p>\n<\/td>\n<\/tr>\n<tr>\n<td style=\"text-align: left;\">Raccordement<\/td>\n<td style=\"text-align: left;\">Rd 40 x 1\/7\u201c acc. ( EN 148-1) STANAG<\/td>\n<\/tr>\n<tr>\n<td style=\"text-align: left;\">Conditions d\u2019utilisation<br \/>\nConditions de stockage<\/td>\n<td style=\"text-align: left;\">0\u00b0C to + 50\u00b0C, max. humidity 80 % RH avoid long exposure of UV radiation<br \/>\n&#8211; 30\u00b0C to + 70\u00b0C, humidity 20 &#8211; 80 % RH<\/td>\n<\/tr>\n<tr>\n<td style=\"text-align: left;\">Certification<\/td>\n<td style=\"text-align: left;\">EN 148 &#8211; 1<br \/>\nEN 136 CL3<\/td>\n<\/tr>\n<\/tbody>\n<\/table>\n<p>[\/vc_column_text][\/vc_tta_section][vc_tta_section i_icon_fontawesome=\u00a0\u00bbfa fa-download\u00a0\u00bb add_icon=\u00a0\u00bbtrue\u00a0\u00bb title=\u00a0\u00bbT\u00e9l\u00e9chargements\u00a0\u00bb tab_id=\u00a0\u00bb1513154098935-95c74e4f-fa1e\u00a0\u00bb][vc_column_text]<a href=\"https:\/\/www.clean-air.cz\/wp-content\/uploads\/2024\/07\/DA-125_704603_Full-face-mask-CM-6P_MP-EN.pdf\"><strong>Datasheet<\/strong>_DA-125_704603_Full face mask CM-6P_MP-EN<\/a><\/p>\n<p><a href=\"https:\/\/www.clean-air.cz\/wp-content\/uploads\/2025\/08\/GR-CNA139-R00-User-Manual-CM06P-CM06MP-DIGI.pdf\"><strong>User Manual<\/strong> &#8211; CM06P CM06MP DIGI<\/a><\/p>\n<p><a href=\"https:\/\/www.clean-air.cz\/wp-content\/uploads\/2025\/08\/GR-CNA142-R00-User-Manual-Protective-Hood-with-Sealing-Gasket-for-CM-6-Mask.pdf\"><strong>User Manual<\/strong> &#8211; Protective Hood with Sealing Gasket for CM-6 Mask<\/a><\/p>\n<p>[\/vc_column_text][\/vc_tta_section][vc_tta_section i_icon_fontawesome=\u00a0\u00bbfa fa-picture-o\u00a0\u00bb add_icon=\u00a0\u00bbtrue\u00a0\u00bb title=\u00a0\u00bbGalerie\u00a0\u00bb tab_id=\u00a0\u00bb1515415801460-0c2258c9-4574&Prime;][vc_gallery type=\u00a0\u00bbimage_grid\u00a0\u00bb images=\u00a0\u00bb25399,25391,25403,25425,25429,25433&Prime; img_size=\u00a0\u00bbmedium\u00a0\u00bb css_animation=\u00a0\u00bbfadeIn\u00a0\u00bb css=\u00a0\u00bb.vc_custom_1746529123501{padding-left: 280px !important;}\u00a0\u00bb][\/vc_tta_section][\/vc_tta_tabs][\/vc_column][\/vc_row][vc_row][vc_column][vc_separator][\/vc_column][\/vc_row][vc_row][vc_column][vc_separator color=\u00a0\u00bbjuicy_pink\u00a0\u00bb][\/vc_column][\/vc_row]<\/p>\n","protected":false},"excerpt":{"rendered":"<p>[vc_row][vc_column width=\u00a0\u00bb1\/2&Prime;][vc_gallery interval=\u00a0\u00bb3&Prime; images=\u00a0\u00bb25462,25391,25403&Prime; img_size=\u00a0\u00bblarge\u00a0\u00bb][\/vc_column][vc_column width=\u00a0\u00bb1\/2&Prime;][vc_column_text]Protection respiratoire fiable pour les environnements exigeants Le masque de protection CM-6, lorsqu\u2019il est utilis\u00e9 avec un filtre compatible ou un appareil respiratoire \u00e0 ventilation assist\u00e9e CleanAir\u00ae, offre une protection compl\u00e8te des yeux, du visage et des voies respiratoires. Il est con\u00e7u pour prot\u00e9ger l\u2019utilisateur contre les produits chimiques industriels toxiques (TIC), les agents de guerre chimique (CWA), les particules radioactives, les a\u00e9rosols, ainsi que<\/p>\n<p><a class=\"more-link\" href=\"https:\/\/www.clean-air.cz\/fr\/headtops\/masks\/cm-6p-cm-6mp\/\">Lire la suite&#8230;<\/a><\/p>\n","protected":false},"author":11,"featured_media":0,"parent":5342,"menu_order":0,"comment_status":"closed","ping_status":"closed","template":"","meta":{"footnotes":""},"_links":{"self":[{"href":"https:\/\/www.clean-air.cz\/fr\/wp-json\/wp\/v2\/pages\/29168"}],"collection":[{"href":"https:\/\/www.clean-air.cz\/fr\/wp-json\/wp\/v2\/pages"}],"about":[{"href":"https:\/\/www.clean-air.cz\/fr\/wp-json\/wp\/v2\/types\/page"}],"author":[{"embeddable":true,"href":"https:\/\/www.clean-air.cz\/fr\/wp-json\/wp\/v2\/users\/11"}],"replies":[{"embeddable":true,"href":"https:\/\/www.clean-air.cz\/fr\/wp-json\/wp\/v2\/comments?post=29168"}],"version-history":[{"count":0,"href":"https:\/\/www.clean-air.cz\/fr\/wp-json\/wp\/v2\/pages\/29168\/revisions"}],"up":[{"embeddable":true,"href":"https:\/\/www.clean-air.cz\/fr\/wp-json\/wp\/v2\/pages\/5342"}],"wp:attachment":[{"href":"https:\/\/www.clean-air.cz\/fr\/wp-json\/wp\/v2\/media?parent=29168"}],"curies":[{"name":"wp","href":"https:\/\/api.w.org\/{rel}","templated":true}]}}