{"id":28165,"date":"2025-11-25T15:07:05","date_gmt":"2025-11-25T14:07:05","guid":{"rendered":"https:\/\/www.clean-air.cz\/headtops\/light-hoods\/cagoule-universelle-ca-12\/"},"modified":"2026-01-27T08:23:57","modified_gmt":"2026-01-27T07:23:57","slug":"cagoule-universelle-ca-12","status":"publish","type":"page","link":"https:\/\/www.clean-air.cz\/fr\/headtops\/light-hoods\/cagoule-universelle-ca-12\/","title":{"rendered":"Cagoule universelle CA-12"},"content":{"rendered":"<p>[vc_row][vc_column width=\u00a0\u00bb1\/2&Prime;][vc_gallery interval=\u00a0\u00bb0&Prime; images=\u00a0\u00bb28064,28088,28072,28084,28068,28076,28080,28092,28096,28100,28104,28108,28132,28128,28124,28120&Prime; img_size=\u00a0\u00bblarge\u00a0\u00bb][\/vc_column][vc_column width=\u00a0\u00bb1\/2&Prime;][vc_column_text]<strong><span style=\"font-size: 14pt; color: #be0300;\">Cagoule extr\u00eamement r\u00e9sistante aux produits chimiques, adapt\u00e9e pour une utilisation avec une combinaison de protection.<\/span><\/strong><\/p>\n<p><strong>This chemically resistant hood ensures respiratory protection in the most demanding chemical environments.<\/strong><\/p>\n<p>In combination with PAPR or airline systems CleanAIR\u00ae it reaches the highest level of breathing protection. The hood has increased durability and can be decontaminated because of the light laminated fabric with taped seams. It perfectly fits to various head types due to adjustable headgear and comfortable elastic rubber band. The distance of the visor can be individually set, as well as the perimeter of the headgear. The wide panoramic visor with anti-fog coating ensures undisturbed view and provides basic mechanical protection.[\/vc_column_text][\/vc_column][\/vc_row][vc_row][vc_column width=\u00a0\u00bb1\/4&Prime;][vc_column_text]<img loading=\"lazy\" decoding=\"async\" class=\"alignnone size-medium wp-image-28062\" src=\"https:\/\/www.clean-air.cz\/wp-content\/uploads\/2025\/11\/721202_Long_protective_hood_CA-12_chemically_resistant-iso-300x300.jpg\" alt=\"\" width=\"300\" height=\"300\" srcset=\"https:\/\/www.clean-air.cz\/wp-content\/uploads\/2025\/11\/721202_Long_protective_hood_CA-12_chemically_resistant-iso-300x300.jpg 300w, https:\/\/www.clean-air.cz\/wp-content\/uploads\/2025\/11\/721202_Long_protective_hood_CA-12_chemically_resistant-iso-1024x1024.jpg 1024w, https:\/\/www.clean-air.cz\/wp-content\/uploads\/2025\/11\/721202_Long_protective_hood_CA-12_chemically_resistant-iso-150x150.jpg 150w, https:\/\/www.clean-air.cz\/wp-content\/uploads\/2025\/11\/721202_Long_protective_hood_CA-12_chemically_resistant-iso-768x768.jpg 768w, https:\/\/www.clean-air.cz\/wp-content\/uploads\/2025\/11\/721202_Long_protective_hood_CA-12_chemically_resistant-iso-1536x1536.jpg 1536w, https:\/\/www.clean-air.cz\/wp-content\/uploads\/2025\/11\/721202_Long_protective_hood_CA-12_chemically_resistant-iso-800x800.jpg 800w, https:\/\/www.clean-air.cz\/wp-content\/uploads\/2025\/11\/721202_Long_protective_hood_CA-12_chemically_resistant-iso-250x250.jpg 250w, https:\/\/www.clean-air.cz\/wp-content\/uploads\/2025\/11\/721202_Long_protective_hood_CA-12_chemically_resistant-iso.jpg 1600w\" sizes=\"(max-width: 300px) 100vw, 300px\" \/><\/p>\n<p><span style=\"font-size: 14pt; color: #ff0000;\"><strong>721202<\/strong><\/span><br \/>\nCagoule de protection CA-12 avec interface pour combinaison, r\u00e9sistante aux produits chimiques, jaune[\/vc_column_text][\/vc_column][vc_column width=\u00a0\u00bb1\/4&Prime;][vc_column_text]<img loading=\"lazy\" decoding=\"async\" class=\"alignnone size-medium wp-image-28066\" src=\"https:\/\/www.clean-air.cz\/wp-content\/uploads\/2025\/11\/721202G_Long_protective_hood_CA-12_chemically_resistant_grey-iso-300x300.jpg\" alt=\"\" width=\"300\" height=\"300\" srcset=\"https:\/\/www.clean-air.cz\/wp-content\/uploads\/2025\/11\/721202G_Long_protective_hood_CA-12_chemically_resistant_grey-iso-300x300.jpg 300w, https:\/\/www.clean-air.cz\/wp-content\/uploads\/2025\/11\/721202G_Long_protective_hood_CA-12_chemically_resistant_grey-iso-1024x1024.jpg 1024w, https:\/\/www.clean-air.cz\/wp-content\/uploads\/2025\/11\/721202G_Long_protective_hood_CA-12_chemically_resistant_grey-iso-150x150.jpg 150w, https:\/\/www.clean-air.cz\/wp-content\/uploads\/2025\/11\/721202G_Long_protective_hood_CA-12_chemically_resistant_grey-iso-768x768.jpg 768w, https:\/\/www.clean-air.cz\/wp-content\/uploads\/2025\/11\/721202G_Long_protective_hood_CA-12_chemically_resistant_grey-iso-1536x1536.jpg 1536w, https:\/\/www.clean-air.cz\/wp-content\/uploads\/2025\/11\/721202G_Long_protective_hood_CA-12_chemically_resistant_grey-iso-800x800.jpg 800w, https:\/\/www.clean-air.cz\/wp-content\/uploads\/2025\/11\/721202G_Long_protective_hood_CA-12_chemically_resistant_grey-iso-250x250.jpg 250w, https:\/\/www.clean-air.cz\/wp-content\/uploads\/2025\/11\/721202G_Long_protective_hood_CA-12_chemically_resistant_grey-iso.jpg 1600w\" sizes=\"(max-width: 300px) 100vw, 300px\" \/><\/p>\n<p><span style=\"font-size: 14pt; color: #ff0000;\"><strong>721203<\/strong><\/span><br \/>\nCagoule de protection CA-12 avec interface pour combinaison, r\u00e9sistante aux produits chimiques, gris[\/vc_column_text][\/vc_column][vc_column width=\u00a0\u00bb1\/4&Prime;][vc_column_text]<img loading=\"lazy\" decoding=\"async\" class=\"alignnone size-medium wp-image-28126\" src=\"https:\/\/www.clean-air.cz\/wp-content\/uploads\/2025\/11\/721202W_Long_protective_hood_CA-12_chemically_resistant_white-iso-300x300.jpg\" alt=\"\" width=\"300\" height=\"300\" srcset=\"https:\/\/www.clean-air.cz\/wp-content\/uploads\/2025\/11\/721202W_Long_protective_hood_CA-12_chemically_resistant_white-iso-300x300.jpg 300w, https:\/\/www.clean-air.cz\/wp-content\/uploads\/2025\/11\/721202W_Long_protective_hood_CA-12_chemically_resistant_white-iso-1024x1024.jpg 1024w, https:\/\/www.clean-air.cz\/wp-content\/uploads\/2025\/11\/721202W_Long_protective_hood_CA-12_chemically_resistant_white-iso-150x150.jpg 150w, https:\/\/www.clean-air.cz\/wp-content\/uploads\/2025\/11\/721202W_Long_protective_hood_CA-12_chemically_resistant_white-iso-768x768.jpg 768w, https:\/\/www.clean-air.cz\/wp-content\/uploads\/2025\/11\/721202W_Long_protective_hood_CA-12_chemically_resistant_white-iso-1536x1536.jpg 1536w, https:\/\/www.clean-air.cz\/wp-content\/uploads\/2025\/11\/721202W_Long_protective_hood_CA-12_chemically_resistant_white-iso-800x800.jpg 800w, https:\/\/www.clean-air.cz\/wp-content\/uploads\/2025\/11\/721202W_Long_protective_hood_CA-12_chemically_resistant_white-iso-250x250.jpg 250w, https:\/\/www.clean-air.cz\/wp-content\/uploads\/2025\/11\/721202W_Long_protective_hood_CA-12_chemically_resistant_white-iso.jpg 1600w\" sizes=\"(max-width: 300px) 100vw, 300px\" \/><\/p>\n<p><span style=\"font-size: 14pt; color: #ff0000;\"><strong>721204<\/strong><\/span><br \/>\nCagoule de protection CA-12 avec interface pour combinaison, r\u00e9sistante aux produits chimiques, blanc[\/vc_column_text][\/vc_column][vc_column width=\u00a0\u00bb1\/4&Prime;][vc_column_text]<img loading=\"lazy\" decoding=\"async\" class=\"alignnone size-medium wp-image-28094\" src=\"https:\/\/www.clean-air.cz\/wp-content\/uploads\/2025\/11\/SAI_9032-Edit-300x300.jpg\" alt=\"\" width=\"300\" height=\"300\" srcset=\"https:\/\/www.clean-air.cz\/wp-content\/uploads\/2025\/11\/SAI_9032-Edit-300x300.jpg 300w, https:\/\/www.clean-air.cz\/wp-content\/uploads\/2025\/11\/SAI_9032-Edit-1024x1024.jpg 1024w, https:\/\/www.clean-air.cz\/wp-content\/uploads\/2025\/11\/SAI_9032-Edit-150x150.jpg 150w, https:\/\/www.clean-air.cz\/wp-content\/uploads\/2025\/11\/SAI_9032-Edit-768x768.jpg 768w, https:\/\/www.clean-air.cz\/wp-content\/uploads\/2025\/11\/SAI_9032-Edit-1536x1536.jpg 1536w, https:\/\/www.clean-air.cz\/wp-content\/uploads\/2025\/11\/SAI_9032-Edit-2048x2048.jpg 2048w, https:\/\/www.clean-air.cz\/wp-content\/uploads\/2025\/11\/SAI_9032-Edit-800x800.jpg 800w, https:\/\/www.clean-air.cz\/wp-content\/uploads\/2025\/11\/SAI_9032-Edit-250x250.jpg 250w\" sizes=\"(max-width: 300px) 100vw, 300px\" \/><\/p>\n<p><span style=\"font-size: 14pt; color: #ff0000;\"><strong>721205<\/strong><\/span><br \/>\nCagoule de protection CA-12 avec interface pour combinaison, r\u00e9sistante aux produits chimiques, olive[\/vc_column_text][\/vc_column][\/vc_row][vc_row][vc_column][vc_tta_tabs style=\u00a0\u00bbmodern\u00a0\u00bb shape=\u00a0\u00bbsquare\u00a0\u00bb active_section=\u00a0\u00bb1&Prime; no_fill_content_area=\u00a0\u00bbtrue\u00a0\u00bb title=\u00a0\u00bbD\u00e9tails\u00a0\u00bb][vc_tta_section i_icon_fontawesome=\u00a0\u00bbfa fa-industry\u00a0\u00bb add_icon=\u00a0\u00bbtrue\u00a0\u00bb title=\u00a0\u00bbDomaines d\u2019application\u00a0\u00bb tab_id=\u00a0\u00bb1513150336358-68add988-e9ea\u00a0\u00bb][vc_column_text]<span style=\"color: #be0300;\"><strong>Domaines d\u2019application<\/strong><\/span><\/p>\n<p>D\u00e9fense et forces de l\u2019ordre, zones industrielles et chimiques \u00e0 risques, interventions d\u2019urgence et manipulation de mati\u00e8res dangereuses, recherche et protection civile, protection civile et lutte contre l\u2019incendie.[\/vc_column_text][\/vc_tta_section][vc_tta_section i_icon_fontawesome=\u00a0\u00bbfa fa-thumbs-o-up\u00a0\u00bb add_icon=\u00a0\u00bbtrue\u00a0\u00bb title=\u00a0\u00bbCaract\u00e9ristiques et avantages\u00a0\u00bb tab_id=\u00a0\u00bb1513150336359-b7b65468-8021&Prime;][vc_column_text]<span style=\"color: #be0300;\"><strong>Caract\u00e9ristiques et avantages<\/strong><\/span><\/p>\n<p>&nbsp;<\/p>\n<ul>\n<li data-start=\"679\" data-end=\"911\">Protection respiratoire sup\u00e9rieure<\/li>\n<li data-start=\"679\" data-end=\"911\">Gr\u00e2ce \u00e0 un col sp\u00e9cial, la cagoule permet \u00e0 l\u2019air de circuler plus loin dans la combinaison, emp\u00eachant efficacement la p\u00e9n\u00e9tration des polluants et assurant un niveau de protection sup\u00e9rieur.<\/li>\n<li data-start=\"679\" data-end=\"911\">Durable et d\u00e9contaminable<\/li>\n<li data-start=\"679\" data-end=\"911\">Le tissu antiseptique int\u00e9rieur absorbe la transpiration et apporte une \u00e9tanch\u00e9it\u00e9 suppl\u00e9mentaire.<\/li>\n<li data-start=\"679\" data-end=\"911\">Large visi\u00e8re avec rev\u00eatement anti-bu\u00e9e<\/li>\n<li data-start=\"679\" data-end=\"911\">R\u00e9glages individuels du harnais de t\u00eate<\/li>\n<li data-start=\"679\" data-end=\"911\">Circonf\u00e9rence et distance par rapport \u00e0 la visi\u00e8re r\u00e9glables pour un confort optimal.<\/li>\n<li data-start=\"679\" data-end=\"911\">Confortable \u00e0 porter<\/li>\n<li data-start=\"679\" data-end=\"911\">Gr\u00e2ce \u00e0 sa coupe spacieuse et \u00e0 son mat\u00e9riau l\u00e9ger mais r\u00e9sistant.<\/li>\n<li data-start=\"679\" data-end=\"911\">Protection compl\u00e8te des yeux selon EN 166<\/li>\n<\/ul>\n<p>&nbsp;<br \/>\n[\/vc_column_text][\/vc_tta_section][vc_tta_section i_icon_fontawesome=\u00a0\u00bbfa fa-cog\u00a0\u00bb add_icon=\u00a0\u00bbtrue\u00a0\u00bb title=\u00a0\u00bbKits complets, accessoires, filtres\u00a0\u00bb tab_id=\u00a0\u00bb1513153137048-5f8c31c5-30ea\u00a0\u00bb][vc_column_text]<\/p>\n<table style=\"width: 100%; height: 216px;\">\n<tbody>\n<tr style=\"height: 24px;\">\n<td style=\"text-align: left; height: 24px;\" colspan=\"2\"><span style=\"color: #be0300;\"><strong>Kits complets<\/strong><\/span><\/td>\n<\/tr>\n<tr style=\"height: 24px;\">\n<td style=\"text-align: left; height: 24px;\">Cagoule CA-12 r\u00e9sistante aux produits chimiques, jaune<\/td>\n<td style=\"text-align: left; height: 24px;\">721202<\/td>\n<\/tr>\n<tr style=\"height: 24px;\">\n<td style=\"text-align: left; height: 24px;\">Cagoule CA-12 r\u00e9sistante aux produits chimiques, gris<\/td>\n<td style=\"text-align: left; height: 24px;\">721203<\/td>\n<\/tr>\n<tr style=\"height: 24px;\">\n<td style=\"text-align: left; height: 24px;\">Cagoule CA-12 r\u00e9sistante aux produits chimiques, blanc<\/td>\n<td style=\"text-align: left; height: 24px;\">721204<\/td>\n<\/tr>\n<tr style=\"height: 24px;\">\n<td style=\"text-align: left; height: 24px;\">Cagoule CA-12 r\u00e9sistante aux produits chimiques, olive<\/td>\n<td style=\"text-align: left; height: 24px;\">721205<\/td>\n<\/tr>\n<tr style=\"height: 24px;\">\n<td style=\"text-align: left; height: 24px;\" colspan=\"2\"><span style=\"color: #be0300;\"><strong>Accessoires<\/strong><\/span><\/td>\n<\/tr>\n<tr style=\"height: 24px;\">\n<td style=\"height: 24px;\">Film de protection \u2013 10 pcs<\/td>\n<td style=\"height: 24px;\">700120\/10<\/td>\n<\/tr>\n<tr style=\"height: 24px;\">\n<td style=\"height: 24px;\">Bandeau anti-transpiration CleanAIR pour cagoules l\u00e9g\u00e8res, lot de 5 pcs<\/td>\n<td style=\"height: 24px;\">167003\/5<\/td>\n<\/tr>\n<tr style=\"height: 24px;\">\n<td style=\"height: 24px;\">\n<p data-start=\"1655\" data-end=\"1716\">Harnais de t\u00eate pour cagoules l\u00e9g\u00e8res CleanAIR\u00ae, r\u00e9glable<\/p>\n<\/td>\n<td style=\"height: 24px;\">720001<\/td>\n<\/tr>\n<\/tbody>\n<\/table>\n<p>&nbsp;<br \/>\n[\/vc_column_text][\/vc_tta_section][vc_tta_section i_icon_fontawesome=\u00a0\u00bbfa fa-wrench\u00a0\u00bb add_icon=\u00a0\u00bbtrue\u00a0\u00bb title=\u00a0\u00bbDonn\u00e9es techniques\u00a0\u00bb tab_id=\u00a0\u00bb1513153797992-792040b0-82c9&Prime;][vc_column_text]<\/p>\n<table style=\"width: 100%;\">\n<tbody>\n<tr>\n<td style=\"text-align: left; width: 34.56%;\"><span style=\"color: #be0300;\"><strong>Poids<\/strong><\/span><\/td>\n<td style=\"text-align: left; width: 65.28%;\">205 g<\/td>\n<\/tr>\n<tr>\n<td style=\"text-align: left; width: 34.56%;\"><span style=\"color: #be0300;\"><strong>Mat\u00e9riau<\/strong><\/span><\/td>\n<td style=\"text-align: left; width: 65.28%;\">jaune \u2013 poly\u00e9thyl\u00e8ne lamin\u00e9 (PP+PE)<br data-start=\"1803\" data-end=\"1806\" \/>gris \u2013 textile non tiss\u00e9 en poly\u00e9thyl\u00e8ne Tychem\u00ae F<br \/>\nblanc- Polyester (PES) with polyurethane (PU)<br \/>\nvisi\u00e8re &#8211; cellulose propionate<\/td>\n<\/tr>\n<tr>\n<td style=\"text-align: left; width: 34.56%;\"><span style=\"color: #be0300;\"><strong>Couleur<\/strong><\/span><\/td>\n<td style=\"text-align: left; width: 65.28%;\">jaune, gris, blanc, olive<\/td>\n<\/tr>\n<tr>\n<td style=\"text-align: left; width: 34.56%;\"><span style=\"color: #be0300;\"><strong>Facteur de protection (NFP)<\/strong><\/span><\/td>\n<td style=\"text-align: left; width: 65.28%;\">EN 12941 &#8211; TH3 \/ 500,\u00a0 EN 14594 &#8211; 3A \/ 200, EN 166 &#8211; 1SF<\/td>\n<\/tr>\n<tr>\n<td style=\"text-align: left; width: 34.56%;\"><span style=\"color: #be0300;\"><strong>Raccord de tuyau<\/strong><\/span><\/td>\n<td style=\"text-align: left; width: 65.28%;\">QuickLOCK\u2122<\/td>\n<\/tr>\n<tr>\n<td style=\"text-align: left; width: 34.56%;\"><span style=\"color: #be0300;\"><strong>Certification<\/strong><\/span><\/td>\n<td style=\"text-align: left; width: 65.28%;\">Type 3 EN 14605<br data-start=\"2111\" data-end=\"2114\" \/>Type 5 EN ISO 13982-1<br data-start=\"2139\" data-end=\"2142\" \/>Antistatique EN 1149-5<br data-start=\"2168\" data-end=\"2171\" \/>Barri\u00e8re biologique EN 14126<br data-start=\"2203\" data-end=\"2206\" \/>Protection contre la contamination radioactive EN 1073-2<\/td>\n<\/tr>\n<\/tbody>\n<\/table>\n<p>[\/vc_column_text][\/vc_tta_section][vc_tta_section i_icon_fontawesome=\u00a0\u00bbfa fa-download\u00a0\u00bb add_icon=\u00a0\u00bbtrue\u00a0\u00bb title=\u00a0\u00bbT\u00e9l\u00e9chargements\u00a0\u00bb tab_id=\u00a0\u00bb1513154098935-95c74e4f-fa1e\u00a0\u00bb][vc_column_text]<a href=\"https:\/\/www.clean-air.cz\/wp-content\/uploads\/2026\/01\/GR-CNA076-R10-User-Manual-Light-Hoods-DIGI.pdf\">GR-CNA076 R10 &#8211; User Manual &#8211; Light Hoods DIGI<\/a><\/p>\n<p><a href=\"https:\/\/www.clean-air.cz\/wp-content\/uploads\/2025\/12\/DA-140_-_721202721203_-_CA-12_-_EN.pdf\">DA-140_-_721202_721203_-_CA-12_-_EN<\/a>[\/vc_column_text][\/vc_tta_section][vc_tta_section i_icon_fontawesome=\u00a0\u00bbfa fa-picture-o\u00a0\u00bb add_icon=\u00a0\u00bbtrue\u00a0\u00bb title=\u00a0\u00bbGalerie\u00a0\u00bb tab_id=\u00a0\u00bb1515415801460-0c2258c9-4574&Prime;][vc_gallery type=\u00a0\u00bbimage_grid\u00a0\u00bb images=\u00a0\u00bb28064,28072,28084,28088,28068,28076,28080,28092,28120,28124,28128,28132,28108,28104,28100,28096&Prime; img_size=\u00a0\u00bbmedium\u00a0\u00bb css_animation=\u00a0\u00bbfadeIn\u00a0\u00bb css=\u00a0\u00bb.vc_custom_1764064149070{padding-left: 280px !important;}\u00a0\u00bb][\/vc_tta_section][\/vc_tta_tabs][\/vc_column][\/vc_row]<\/p>\n","protected":false},"excerpt":{"rendered":"<p>[vc_row][vc_column width=\u00a0\u00bb1\/2&Prime;][vc_gallery interval=\u00a0\u00bb0&Prime; images=\u00a0\u00bb28064,28088,28072,28084,28068,28076,28080,28092,28096,28100,28104,28108,28132,28128,28124,28120&Prime; img_size=\u00a0\u00bblarge\u00a0\u00bb][\/vc_column][vc_column width=\u00a0\u00bb1\/2&Prime;][vc_column_text]Cagoule extr\u00eamement r\u00e9sistante aux produits chimiques, adapt\u00e9e pour une utilisation avec une combinaison de protection. This chemically resistant hood ensures respiratory protection in the most demanding chemical environments. In combination with PAPR or airline systems CleanAIR\u00ae it reaches the highest level of breathing protection. The hood has increased durability and can be decontaminated because of the light laminated fabric with taped seams. It perfectly fits<\/p>\n<p><a class=\"more-link\" href=\"https:\/\/www.clean-air.cz\/fr\/headtops\/light-hoods\/cagoule-universelle-ca-12\/\">Lire la suite&#8230;<\/a><\/p>\n","protected":false},"author":11,"featured_media":0,"parent":5385,"menu_order":0,"comment_status":"closed","ping_status":"closed","template":"","meta":{"footnotes":""},"_links":{"self":[{"href":"https:\/\/www.clean-air.cz\/fr\/wp-json\/wp\/v2\/pages\/28165"}],"collection":[{"href":"https:\/\/www.clean-air.cz\/fr\/wp-json\/wp\/v2\/pages"}],"about":[{"href":"https:\/\/www.clean-air.cz\/fr\/wp-json\/wp\/v2\/types\/page"}],"author":[{"embeddable":true,"href":"https:\/\/www.clean-air.cz\/fr\/wp-json\/wp\/v2\/users\/11"}],"replies":[{"embeddable":true,"href":"https:\/\/www.clean-air.cz\/fr\/wp-json\/wp\/v2\/comments?post=28165"}],"version-history":[{"count":0,"href":"https:\/\/www.clean-air.cz\/fr\/wp-json\/wp\/v2\/pages\/28165\/revisions"}],"up":[{"embeddable":true,"href":"https:\/\/www.clean-air.cz\/fr\/wp-json\/wp\/v2\/pages\/5385"}],"wp:attachment":[{"href":"https:\/\/www.clean-air.cz\/fr\/wp-json\/wp\/v2\/media?parent=28165"}],"curies":[{"name":"wp","href":"https:\/\/api.w.org\/{rel}","templated":true}]}}