{"id":22747,"date":"2023-11-28T15:28:13","date_gmt":"2023-11-28T14:28:13","guid":{"rendered":"https:\/\/www.clean-air.cz\/headtops\/light-hoods\/ca-1-lite-ca-2-lite\/"},"modified":"2026-01-27T08:17:05","modified_gmt":"2026-01-27T07:17:05","slug":"ca-1-lite-ca-2-lite","status":"publish","type":"page","link":"https:\/\/www.clean-air.cz\/fr\/headtops\/light-hoods\/ca-1-lite-ca-2-lite\/","title":{"rendered":"CA-1 Lite, CA-2 Lite"},"content":{"rendered":"<p>[vc_row][vc_column width=\u00a0\u00bb1\/2&Prime;][vc_gallery interval=\u00a0\u00bb0&Prime; images=\u00a0\u00bb19470,19476,19482,19488,19494,19500&Prime; img_size=\u00a0\u00bblarge\u00a0\u00bb][\/vc_column][vc_column width=\u00a0\u00bb1\/2&Prime;][vc_column_text]<strong><span style=\"font-size: 14pt; color: #be0300;\">Cagoule jetable ultral\u00e9g\u00e8re avec protection respiratoire sup\u00e9rieure<\/span><\/strong><\/p>\n<p><strong>Cagoules l\u00e9g\u00e8res et sans entretien qui vous \u00e9conomisent du temps de nettoyage et offrent une protection respiratoire sans compromis. Disponible enti\u00e8rement mont\u00e9 et emball\u00e9 individuellement ou dans un emballage en vrac \u00e9conomique avec accessoires.<\/strong><\/p>\n<p>Fabriqu\u00e9 en popypropyl\u00e8ne microporeux l\u00e9ger et offrant une large visi\u00e8re. Cagoule protectrice ultra l\u00e9g\u00e8re qui dispose d\u2019une large ouverture et d\u2019un casque r\u00e9glable individuellement.[\/vc_column_text][\/vc_column][\/vc_row][vc_row][vc_column][vc_tta_tabs style=\u00a0\u00bbmodern\u00a0\u00bb shape=\u00a0\u00bbsquare\u00a0\u00bb active_section=\u00a0\u00bb1&Prime; no_fill_content_area=\u00a0\u00bbtrue\u00a0\u00bb title=\u00a0\u00bbD\u00e9tails\u00a0\u00bb][vc_tta_section i_icon_fontawesome=\u00a0\u00bbfa fa-industry\u00a0\u00bb add_icon=\u00a0\u00bbtrue\u00a0\u00bb title=\u00a0\u00bbDomaines d\u2019application\u00a0\u00bb tab_id=\u00a0\u00bb1513150336358-68add988-e9ea\u00a0\u00bb][vc_column_text]<span style=\"color: #be0300;\"><strong>Domaines d\u2019application<\/strong><\/span><\/p>\n<p>Convient pour une utilisation dans les environnements poussi\u00e9reux non toxiques de l&rsquo;industrie manufacturi\u00e8re, de la transformation du bois, de l&rsquo;industrie alimentaire, des mines, de l&rsquo;agriculture, etc.[\/vc_column_text][\/vc_tta_section][vc_tta_section i_icon_fontawesome=\u00a0\u00bbfa fa-thumbs-o-up\u00a0\u00bb add_icon=\u00a0\u00bbtrue\u00a0\u00bb title=\u00a0\u00bbCaract\u00e9ristiques et avantages\u00a0\u00bb tab_id=\u00a0\u00bb1513150336359-b7b65468-8021&Prime;][vc_column_text]<span style=\"color: #be0300;\"><strong>Caract\u00e9ristiques et avantages<\/strong><\/span><\/p>\n<ul>\n<li>Protection respiratoire sup\u00e9rieure<\/li>\n<li>Visi\u00e8re large avec rev\u00eatement antibu\u00e9e<\/li>\n<li>Param\u00e8tres individuels du harnais \u2013 p\u00e9rim\u00e8tre et distance r\u00e9glables par rapport \u00e0 la visi\u00e8re<\/li>\n<li>Agr\u00e9able \u00e0 porter gr\u00e2ce \u00e0 la coupe spacieuse et au mat\u00e9riau l\u00e9ger et durable<\/li>\n<li>Protection m\u00e9canique de base des yeux<\/li>\n<li>Languette r\u00e9fl\u00e9chissante pratique sur le dessus<\/li>\n<li>Option plus longue couvrant le cou CA2 disponible<\/li>\n<li>Faibles co\u00fbts pour une utilisation unique<\/li>\n<\/ul>\n<p>[\/vc_column_text][\/vc_tta_section][vc_tta_section i_icon_fontawesome=\u00a0\u00bbfa fa-cog\u00a0\u00bb add_icon=\u00a0\u00bbtrue\u00a0\u00bb title=\u00a0\u00bbKits complets, accessoires, filtres\u00a0\u00bb tab_id=\u00a0\u00bb1513153137048-5f8c31c5-30ea\u00a0\u00bb][vc_column_text]<\/p>\n<table style=\"width: 100%; height: 336px;\">\n<tbody>\n<tr style=\"height: 24px;\">\n<td style=\"width: 99.84%; height: 24px;\" colspan=\"2\"><span style=\"color: #be0300;\"><strong>Cagoules compl\u00e8tes<\/strong><\/span><\/td>\n<\/tr>\n<tr style=\"height: 24px;\">\n<td style=\"width: 76.96%; height: 24px;\">Cagoule de protection courte CA-1 Lite<\/td>\n<td style=\"width: 22.88%; height: 24px;\">720101<\/td>\n<\/tr>\n<tr style=\"height: 24px;\">\n<td style=\"width: 76.96%; height: 24px;\">Cagoule de protection longue CA-2 Lite<\/td>\n<td style=\"width: 22.88%; height: 24px;\">720201<\/td>\n<\/tr>\n<tr style=\"height: 24px;\">\n<td style=\"width: 76.96%; height: 24px;\">Bandeau anti-transpirant pour cagoules l\u00e9g\u00e8res \u2013 lot de 5<\/td>\n<td style=\"width: 22.88%; height: 24px;\">16 70 03\/5<\/td>\n<\/tr>\n<tr>\n<td style=\"width: 76.96%;\">Film de protection \u2013 10x<\/td>\n<td style=\"width: 22.88%; height: 24px;\">70 01 20\/10<\/td>\n<\/tr>\n<tr style=\"height: 24px;\">\n<td style=\"width: 76.96%; height: 24px;\">Bandeau pour cagoules l\u00e9g\u00e8res CleanAIR, r\u00e9glable<\/td>\n<td style=\"width: 22.88%; height: 24px;\">72 00 01<\/td>\n<\/tr>\n<\/tbody>\n<\/table>\n<p>[\/vc_column_text][\/vc_tta_section][vc_tta_section i_icon_fontawesome=\u00a0\u00bbfa fa-wrench\u00a0\u00bb add_icon=\u00a0\u00bbtrue\u00a0\u00bb title=\u00a0\u00bbDonn\u00e9es techniques\u00a0\u00bb tab_id=\u00a0\u00bb1513153797992-792040b0-82c9&Prime;][vc_column_text]<\/p>\n<table style=\"width: 100%;\">\n<tbody>\n<tr>\n<td style=\"text-align: left; width: 39.5904%;\"><span style=\"color: #be0300;\"><strong>Poids<\/strong><\/span><\/td>\n<td style=\"text-align: center; width: 60.2389%;\">76 g (CA-1 Lite) \/ 107 g (CA-2 Lite)<\/td>\n<\/tr>\n<tr>\n<td style=\"text-align: left; width: 39.5904%;\"><span style=\"color: #be0300;\"><strong>Mat\u00e9riau<\/strong><\/span><\/td>\n<td style=\"text-align: center; width: 60.2389%;\">cagoule \u2013 microporous polypropylen<br \/>\nvisi\u00e8re &#8211; Polyethylene terephthalate (PET)<\/td>\n<\/tr>\n<tr>\n<td style=\"text-align: left; width: 39.5904%;\"><span style=\"color: #be0300;\"><strong>Couleur<\/strong><\/span><\/td>\n<td style=\"text-align: center; width: 60.2389%;\">blanche<\/td>\n<\/tr>\n<tr>\n<td style=\"text-align: left; width: 39.5904%;\"><span style=\"color: #be0300;\"><strong>Facteur de protection nominale (NPF)<\/strong><\/span><\/td>\n<td style=\"text-align: center; width: 60.2389%;\">500<\/td>\n<\/tr>\n<tr>\n<td style=\"text-align: left; width: 39.5904%;\"><span style=\"color: #be0300;\"><strong>Raccord de tuyau<\/strong><\/span><\/td>\n<td style=\"text-align: center; width: 60.2389%;\">QuickLOCK\u2122<\/td>\n<\/tr>\n<tr>\n<td style=\"text-align: left; width: 39.5904%;\"><span style=\"color: #be0300;\"><strong>Certification<\/strong><\/span><\/td>\n<td style=\"text-align: center; width: 60.2389%;\">EN 12941 TH3<br \/>\nEN 14594 3A<\/td>\n<\/tr>\n<\/tbody>\n<\/table>\n<p>[\/vc_column_text][\/vc_tta_section][vc_tta_section i_icon_fontawesome=\u00a0\u00bbfa fa-download\u00a0\u00bb add_icon=\u00a0\u00bbtrue\u00a0\u00bb title=\u00a0\u00bbT\u00e9l\u00e9chargements\u00a0\u00bb tab_id=\u00a0\u00bb1513154098935-95c74e4f-fa1e\u00a0\u00bb][vc_column_text]<a href=\"https:\/\/www.clean-air.cz\/wp-content\/uploads\/2026\/01\/GR-CNA076-R10-User-Manual-Light-Hoods-DIGI.pdf\">User Manual &#8211; Light Hoods DIGI<\/a><\/p>\n<p><a href=\"https:\/\/www.clean-air.cz\/wp-content\/uploads\/2021\/04\/DA-001_-_720101_-_CA-1_Lite_-_EN.pdf\" target=\"_blank\" rel=\"noopener\">Datasheet &#8211; 720101 &#8211; CA-1 Lite &#8211; EN<\/a><\/p>\n<p><a href=\"https:\/\/www.clean-air.cz\/wp-content\/uploads\/2024\/10\/DA-095_-_720201_-_CA-2_Lite_-_EN.pdf\">Datasheet_-_720201_-_CA-2_Lite_-_EN<\/a><\/p>\n<p><a href=\"https:\/\/www.clean-air.cz\/wp-content\/uploads\/2025\/11\/PS-720201-1-R2-CA-2-Lite.pdf\">PS-720201-1-R2 CA-2 Lite<\/a>[\/vc_column_text][\/vc_tta_section][vc_tta_section i_icon_fontawesome=\u00a0\u00bbfa fa-picture-o\u00a0\u00bb add_icon=\u00a0\u00bbtrue\u00a0\u00bb title=\u00a0\u00bbGalerie\u00a0\u00bb tab_id=\u00a0\u00bb1515415801460-0c2258c9-4574&Prime;][vc_gallery type=\u00a0\u00bbimage_grid\u00a0\u00bb images=\u00a0\u00bb19470,19476,19482,19488,19494,19500&Prime; img_size=\u00a0\u00bbmedium\u00a0\u00bb css_animation=\u00a0\u00bbfadeIn\u00a0\u00bb css=\u00a0\u00bb.vc_custom_1677758582557{padding-left: 280px !important;}\u00a0\u00bb][\/vc_tta_section][\/vc_tta_tabs][\/vc_column][\/vc_row]<\/p>\n","protected":false},"excerpt":{"rendered":"<p>[vc_row][vc_column width=\u00a0\u00bb1\/2&Prime;][vc_gallery interval=\u00a0\u00bb0&Prime; images=\u00a0\u00bb19470,19476,19482,19488,19494,19500&Prime; img_size=\u00a0\u00bblarge\u00a0\u00bb][\/vc_column][vc_column width=\u00a0\u00bb1\/2&Prime;][vc_column_text]Cagoule jetable ultral\u00e9g\u00e8re avec protection respiratoire sup\u00e9rieure Cagoules l\u00e9g\u00e8res et sans entretien qui vous \u00e9conomisent du temps de nettoyage et offrent une protection respiratoire sans compromis. Disponible enti\u00e8rement mont\u00e9 et emball\u00e9 individuellement ou dans un emballage en vrac \u00e9conomique avec accessoires. Fabriqu\u00e9 en popypropyl\u00e8ne microporeux l\u00e9ger et offrant une large visi\u00e8re. Cagoule protectrice ultra l\u00e9g\u00e8re qui dispose d\u2019une large ouverture et d\u2019un casque r\u00e9glable individuellement.[\/vc_column_text][\/vc_column][\/vc_row][vc_row][vc_column][vc_tta_tabs<\/p>\n<p><a class=\"more-link\" href=\"https:\/\/www.clean-air.cz\/fr\/headtops\/light-hoods\/ca-1-lite-ca-2-lite\/\">Lire la suite&#8230;<\/a><\/p>\n","protected":false},"author":11,"featured_media":0,"parent":5385,"menu_order":0,"comment_status":"closed","ping_status":"closed","template":"","meta":{"footnotes":""},"_links":{"self":[{"href":"https:\/\/www.clean-air.cz\/fr\/wp-json\/wp\/v2\/pages\/22747"}],"collection":[{"href":"https:\/\/www.clean-air.cz\/fr\/wp-json\/wp\/v2\/pages"}],"about":[{"href":"https:\/\/www.clean-air.cz\/fr\/wp-json\/wp\/v2\/types\/page"}],"author":[{"embeddable":true,"href":"https:\/\/www.clean-air.cz\/fr\/wp-json\/wp\/v2\/users\/11"}],"replies":[{"embeddable":true,"href":"https:\/\/www.clean-air.cz\/fr\/wp-json\/wp\/v2\/comments?post=22747"}],"version-history":[{"count":0,"href":"https:\/\/www.clean-air.cz\/fr\/wp-json\/wp\/v2\/pages\/22747\/revisions"}],"up":[{"embeddable":true,"href":"https:\/\/www.clean-air.cz\/fr\/wp-json\/wp\/v2\/pages\/5385"}],"wp:attachment":[{"href":"https:\/\/www.clean-air.cz\/fr\/wp-json\/wp\/v2\/media?parent=22747"}],"curies":[{"name":"wp","href":"https:\/\/api.w.org\/{rel}","templated":true}]}}