{"id":22177,"date":"2023-10-17T12:53:37","date_gmt":"2023-10-17T10:53:37","guid":{"rendered":"https:\/\/www.clean-air.cz\/panoramate-lite\/"},"modified":"2026-01-27T09:27:18","modified_gmt":"2026-01-27T08:27:18","slug":"panoramate-lite","status":"publish","type":"page","link":"https:\/\/www.clean-air.cz\/fr\/panoramate-lite\/","title":{"rendered":"Panoramate lite"},"content":{"rendered":"<p>[vc_row][vc_column width=\u00a0\u00bb1\/2&Prime;][vc_gallery interval=\u00a0\u00bb0&Prime; images=\u00a0\u00bb18350,18344,18338,18392,18386,18356,18374,18368&Prime; img_size=\u00a0\u00bblarge\u00a0\u00bb][\/vc_column][vc_column width=\u00a0\u00bb1\/2&Prime;][vc_column_text]<strong><span style=\"font-size: 14pt; color: #be0300;\">Protection exceptionnelle du corps et des voies respiratoires<\/span><\/strong><\/p>\n<p>Protection corporelle et respiratoire exceptionnelle pour les environnements hautement contamin\u00e9s. Con\u00e7u pour \u00eatre utilis\u00e9 avec le respirateur purificateur d&rsquo;air propuls\u00e9 CleanAIR\u00ae Chemical 2F. Une durabilit\u00e9 maximale, un faible poids, un excellent champ de vision et une libert\u00e9 de respiration garantissent un confort exceptionnel \u00e0 l&rsquo;utilisateur.[\/vc_column_text][\/vc_column][\/vc_row][vc_row][vc_column width=\u00a0\u00bb1\/4&Prime;][vc_column_text]<strong><span style=\"font-size: 14pt; color: #be0300;\">Comment \u00e7a fonctionne?\u00a0<\/span><\/strong><\/p>\n<p><span style=\"font-size: 10pt;\">L&rsquo;air filtr\u00e9 est entra\u00een\u00e9 jusque dans la combinaison, tandis que le surplus et l&rsquo;air expir\u00e9 cr\u00e9ent une surpression. Le PAPR incluant les filtres reste \u00e0 l&rsquo;abri sous la combinaison. La connexion entre la combinaison et les filtres est assur\u00e9e par des \u0153illets sp\u00e9ciaux pour v\u00eatements. Cette solution de conception permet une protection respiratoire continue m\u00eame pendant la proc\u00e9dure de retrait de la combinaison.<\/span><\/p>\n<p style=\"text-align: center;\"><img loading=\"lazy\" decoding=\"async\" class=\"size-medium wp-image-18371 aligncenter\" src=\"https:\/\/www.clean-air.cz\/wp-content\/uploads\/2023\/01\/923550_Panoramate-3550-Lite-detail2-300x300.jpg\" alt=\"\" width=\"300\" height=\"300\" srcset=\"https:\/\/www.clean-air.cz\/wp-content\/uploads\/2023\/01\/923550_Panoramate-3550-Lite-detail2-300x300.jpg 300w, https:\/\/www.clean-air.cz\/wp-content\/uploads\/2023\/01\/923550_Panoramate-3550-Lite-detail2-1024x1024.jpg 1024w, https:\/\/www.clean-air.cz\/wp-content\/uploads\/2023\/01\/923550_Panoramate-3550-Lite-detail2-150x150.jpg 150w, https:\/\/www.clean-air.cz\/wp-content\/uploads\/2023\/01\/923550_Panoramate-3550-Lite-detail2-768x768.jpg 768w, https:\/\/www.clean-air.cz\/wp-content\/uploads\/2023\/01\/923550_Panoramate-3550-Lite-detail2-1536x1536.jpg 1536w, https:\/\/www.clean-air.cz\/wp-content\/uploads\/2023\/01\/923550_Panoramate-3550-Lite-detail2-800x800.jpg 800w, https:\/\/www.clean-air.cz\/wp-content\/uploads\/2023\/01\/923550_Panoramate-3550-Lite-detail2-250x250.jpg 250w, https:\/\/www.clean-air.cz\/wp-content\/uploads\/2023\/01\/923550_Panoramate-3550-Lite-detail2.jpg 1600w\" sizes=\"(max-width: 300px) 100vw, 300px\" \/><\/p>\n<p>[\/vc_column_text][\/vc_column][vc_column parallax=\u00a0\u00bbcontent-moving-fade\u00a0\u00bb width=\u00a0\u00bb3\/4&Prime;][vc_column_text css=\u00a0\u00bb.vc_custom_1674213240518{border-radius: 5px !important;}\u00a0\u00bb]<\/p>\n<p style=\"text-align: center;\"><strong><span style=\"font-size: 14pt; color: #be0300;\">Deux variantes de produits <\/span><\/strong><\/p>\n<table style=\"border-style: none;\">\n<tbody>\n<tr>\n<td><img loading=\"lazy\" decoding=\"async\" class=\"size-medium wp-image-18416 aligncenter\" src=\"https:\/\/www.clean-air.cz\/wp-content\/uploads\/2023\/01\/923550_Panoramate-3550-Lite-front-half-207x300.jpg\" alt=\"\" width=\"207\" height=\"300\" srcset=\"https:\/\/www.clean-air.cz\/wp-content\/uploads\/2023\/01\/923550_Panoramate-3550-Lite-front-half-207x300.jpg 207w, https:\/\/www.clean-air.cz\/wp-content\/uploads\/2023\/01\/923550_Panoramate-3550-Lite-front-half.jpg 702w\" sizes=\"(max-width: 207px) 100vw, 207px\" \/><\/td>\n<td><img loading=\"lazy\" decoding=\"async\" class=\"size-medium wp-image-18422 aligncenter\" src=\"https:\/\/www.clean-air.cz\/wp-content\/uploads\/2023\/01\/922550_Panoramate-2550-Lite-front-half-227x300.jpg\" alt=\"\" width=\"227\" height=\"300\" srcset=\"https:\/\/www.clean-air.cz\/wp-content\/uploads\/2023\/01\/922550_Panoramate-2550-Lite-front-half-227x300.jpg 227w, https:\/\/www.clean-air.cz\/wp-content\/uploads\/2023\/01\/922550_Panoramate-2550-Lite-front-half.jpg 747w\" sizes=\"(max-width: 227px) 100vw, 227px\" \/><\/td>\n<\/tr>\n<tr>\n<td><span style=\"font-size: 10pt;\"><strong><span style=\"color: #be0300;\">Panoramate 3550 Lite<\/span><\/strong><\/span><br \/>\n<span style=\"font-size: 10pt; color: #be0300;\">(jaune)<\/span><\/td>\n<td><span style=\"font-size: 10pt;\"><strong><span style=\"color: #be0300;\">Panoramate 2550 Lite\u00a0<\/span><\/strong><\/span><br \/>\n<span style=\"font-size: 10pt; color: #be0300;\">(blanc)<\/span><\/td>\n<\/tr>\n<tr>\n<td>La combinaison est fabriqu\u00e9e en mat\u00e9riau antistatique CPM<sup>\u00ae<\/sup> et offre une protection optimale contre les a\u00e9rosols solides et liquides et les produits chimiques liquides \u00e0 une pression allant jusqu&rsquo;\u00e0 2 bars, y compris la contamination radioactive et biologique.<\/td>\n<td>La combinaison est fabriqu\u00e9e en mat\u00e9riau CMF antistatique et offre une protection optimale contre les a\u00e9rosols solides et liquides, y compris la contamination radioactive et biologique.<\/td>\n<\/tr>\n<\/tbody>\n<\/table>\n<p>[\/vc_column_text][\/vc_column][\/vc_row][vc_row equal_height=\u00a0\u00bbyes\u00a0\u00bb content_placement=\u00a0\u00bbtop\u00a0\u00bb][vc_column width=\u00a0\u00bb1\/4&Prime;][vc_single_image image=\u00a0\u00bb18410&Prime; img_size=\u00a0\u00bbfull\u00a0\u00bb][\/vc_column][vc_column width=\u00a0\u00bb3\/4&Prime;][vc_column_text]<strong><span style=\"font-size: 14pt; color: #be0300;\"><span style=\"vertical-align: inherit;\"><span style=\"vertical-align: inherit;\"><span style=\"vertical-align: inherit;\"><span style=\"vertical-align: inherit;\"><span style=\"vertical-align: inherit;\"><span style=\"vertical-align: inherit;\">Caract\u00e9ristiques de la combinaison Panoramate 2550\/3550 Lite<\/span><\/span><\/span><\/span><\/span><\/span><\/span><\/strong><\/p>\n<p><span style=\"color: #993366;\"><strong><span style=\"font-size: 14pt; color: #be0300;\"><span style=\"font-size: 10pt;\"><span style=\"vertical-align: inherit;\">VISION ILLIMIT\u00c9E <span style=\"color: #000000;\">\u2013<\/span> <\/span><\/span><\/span><\/strong><\/span><span style=\"font-size: 10pt;\"><span style=\"vertical-align: inherit;\">La visi\u00e8re panoramique assure un large champ de vision.<br \/>\n<\/span><\/span><span style=\"color: #993366;\"><strong><span style=\"font-size: 14pt; color: #be0300;\"><span style=\"font-size: 10pt;\"><span style=\"vertical-align: inherit;\">S\u00c9CURIT\u00c9 <span style=\"color: #000000;\">\u2013 <\/span><\/span><\/span><\/span><\/strong><\/span><span style=\"font-size: 10pt;\"><span style=\"vertical-align: inherit;\">Cordon de d\u00e9chirure d&rsquo;urgence.<br \/>\n<\/span><\/span><span style=\"color: #993366;\"><strong><span style=\"font-size: 14pt; color: #be0300;\"><span style=\"font-size: 10pt;\"><span style=\"vertical-align: inherit;\">ENFILAGE ET RETRAIT FACILE <span style=\"color: #000000;\">\u2013 <\/span><\/span><\/span><\/span><\/strong><\/span><span style=\"font-size: 10pt;\"><span style=\"vertical-align: inherit;\">Ouverture frontale transversale avec fermeture \u00e0 glissi\u00e8re. Jambi\u00e8res de protection \u00e0 double fermeture \u00e0 glissi\u00e8re.<br \/>\n<\/span><\/span><span style=\"color: #993366;\"><strong><span style=\"font-size: 14pt; color: #be0300;\"><span style=\"font-size: 10pt;\"><span style=\"vertical-align: inherit;\">LIBERT\u00c9 DE MOUVEMENT <span style=\"color: #000000;\">\u2013 <\/span><\/span><\/span><\/span><\/strong><\/span><span style=\"font-size: 10pt;\"><span style=\"vertical-align: inherit;\">Bord-c\u00f4te \u00e9lastique \u00e0 la taille et \u00e0 la poitrine pour une meilleure mobilit\u00e9.<br \/>\n<\/span><\/span><span style=\"color: #993366;\"><strong><span style=\"font-size: 14pt; color: #be0300;\"><span style=\"font-size: 10pt;\"><span style=\"vertical-align: inherit;\">HERM\u00c9TIQUE <span style=\"color: #000000;\">\u2013 <\/span><\/span><\/span><\/span><\/strong><\/span><span style=\"font-size: 10pt;\"><span style=\"vertical-align: inherit;\">Coutures enti\u00e8rement scell\u00e9es<br \/>\n<\/span><\/span><span style=\"color: #993366;\"><strong><span style=\"font-size: 14pt; color: #be0300;\"><span style=\"font-size: 10pt;\"><span style=\"vertical-align: inherit;\">JOINT \u00c9TANCHE <span style=\"color: #000000;\">\u2013 <\/span><\/span><\/span><\/span><\/strong><span style=\"font-size: 14pt; color: #be0300;\"><span style=\"font-size: 10pt;\"><span style=\"vertical-align: inherit;\"><span style=\"color: #000000;\">Terminaison avec chausson int\u00e9gr\u00e9 pour couvrir les chaussures.<\/span><\/span><\/span><\/span><\/span><br \/>\n<span style=\"color: #993366;\"><strong><span style=\"font-size: 14pt; color: #be0300;\"><span style=\"font-size: 10pt;\"><span style=\"vertical-align: inherit;\">SOUPAPE D&rsquo;EXPIRATION <span style=\"color: #000000;\">\u2013 <\/span><\/span><\/span><\/span><\/strong><\/span><span style=\"font-size: 10pt;\"><span style=\"vertical-align: inherit;\">Maintient une pression optimale dans la combinaison pour toute la gamme de mouvements.<br \/>\n<\/span><\/span><span style=\"color: #993366;\"><strong><span style=\"font-size: 14pt; color: #be0300;\"><span style=\"font-size: 10pt;\"><span style=\"vertical-align: inherit;\">CONNEXION \u00c9TROITE <span style=\"color: #000000;\">\u2013 <\/span><\/span><\/span><\/span><\/strong><\/span><span style=\"font-size: 10pt;\"><span style=\"vertical-align: inherit;\">Chaussettes attach\u00e9es avec rabats de bottes.<br \/>\n<\/span><\/span><span style=\"color: #993366;\"><strong><span style=\"font-size: 14pt; color: #be0300;\"><span style=\"font-size: 10pt;\"><span style=\"vertical-align: inherit;\">INTERFACE S\u00c9CURIS\u00c9E <span style=\"color: #000000;\">\u2013<\/span><\/span><\/span><\/span><\/strong><span style=\"font-size: 14pt; color: #be0300;\"><span style=\"font-size: 10pt;\"><span style=\"vertical-align: inherit;\"><span style=\"color: #000000;\">Connexion facile et s\u00e9curis\u00e9e entre la combinaison<\/span><\/span><\/span><\/span><\/span><span style=\"font-size: 10pt;\"><span style=\"vertical-align: inherit;\">\u00a0et du PAPR gr\u00e2ce \u00e0 des \u0153illets sp\u00e9ciaux pour v\u00eatements.<\/span><\/span>[\/vc_column_text][\/vc_column][\/vc_row][vc_row][vc_column][vc_tta_tabs style=\u00a0\u00bbmodern\u00a0\u00bb shape=\u00a0\u00bbsquare\u00a0\u00bb active_section=\u00a0\u00bb1&Prime; no_fill_content_area=\u00a0\u00bbtrue\u00a0\u00bb title=\u00a0\u00bbD\u00e9tails\u00a0\u00bb][vc_tta_section i_icon_fontawesome=\u00a0\u00bbfa fa-industry\u00a0\u00bb add_icon=\u00a0\u00bbtrue\u00a0\u00bb title=\u00a0\u00bbDomaines d\u2019application\u00a0\u00bb tab_id=\u00a0\u00bb1513150336358-68add988-e9ea\u00a0\u00bb][vc_column_text]<span style=\"color: #be0300;\"><strong>Domaines d\u2019application<\/strong><\/span><\/p>\n<p>\u2022 Premiers intervenants et \u00e9quipes d&rsquo;urgence<br \/>\n\u2022 Protection virale et biologique<br \/>\n\u2022 Op\u00e9rations de r\u00e9habilitation<br \/>\n\u2022 Industrie nucl\u00e9aire<br \/>\n\u2022 Laboratoires<br \/>\n\u2022 Industrie pharmaceutique<\/p>\n<p>&nbsp;<\/p>\n<p>&nbsp;<\/p>\n<p>[\/vc_column_text][\/vc_tta_section][vc_tta_section i_icon_fontawesome=\u00a0\u00bbfa fa-thumbs-o-up\u00a0\u00bb add_icon=\u00a0\u00bbtrue\u00a0\u00bb title=\u00a0\u00bbCaract\u00e9ristiques et avantages\u00a0\u00bb tab_id=\u00a0\u00bb1513150336359-b7b65468-8021&Prime;][vc_column_text]<span style=\"color: #be0300;\"><strong>Caract\u00e9ristiques et avantages<\/strong><\/span><\/p>\n<ul>\n<li>La visi\u00e8re panoramique assure un large champ de vision<\/li>\n<li>Cordon de d\u00e9chirure d&rsquo;urgence<\/li>\n<li>Ouverture frontale transversale avec fermeture \u00e9clair. Rabat-temp\u00eate \u00e0 double fermeture \u00e9clair<\/li>\n<li>Bord-c\u00f4te \u00e9lastique \u00e0 la taille et \u00e0 la poitrine pour une meilleure mobilit\u00e9<\/li>\n<li>Coutures enti\u00e8rement scell\u00e9es<\/li>\n<li>Maintient une pression optimale dans la combinaison pour toute la gamme de mouvements<\/li>\n<li>Connexion facile et s\u00e9curis\u00e9e de la combinaison et du PAPR gr\u00e2ce \u00e0 des \u0153illets sp\u00e9ciaux pour v\u00eatements<\/li>\n<\/ul>\n<p>[\/vc_column_text][\/vc_tta_section][vc_tta_section i_icon_fontawesome=\u00a0\u00bbfa fa-cog\u00a0\u00bb add_icon=\u00a0\u00bbtrue\u00a0\u00bb title=\u00a0\u00bbEnsembles complets, accessoires, filtres\u00a0\u00bb tab_id=\u00a0\u00bb1513153137048-5f8c31c5-30ea\u00a0\u00bb][vc_column_text]<\/p>\n<table style=\"width: 96.4775%; height: 120px;\">\n<tbody>\n<tr style=\"height: 24px;\">\n<td style=\"text-align: left; width: 104.759%; height: 24px;\" colspan=\"2\"><span style=\"color: #be0300;\"><strong>Combinaison de protection<\/strong><\/span><\/td>\n<\/tr>\n<tr style=\"height: 24px;\">\n<td style=\"text-align: left; width: 76.5402%; height: 24px;\">CleanAIR\u00ae Panoramate 2550 Lite, combinaison de protection, taille S, M, L, XL<\/td>\n<td style=\"width: 28.2189%; height: 24px; text-align: left;\">92 25 50*<\/td>\n<\/tr>\n<tr style=\"height: 24px;\">\n<td style=\"text-align: left; width: 76.5402%; height: 24px;\">Panoramate 3550 Lite, combinaison de protection, taille S, M, L, XL<\/td>\n<td style=\"width: 28.2189%; height: 24px; text-align: left;\">92 35 50*<\/td>\n<\/tr>\n<tr style=\"height: 24px;\">\n<td style=\"text-align: left; width: 104.759%; height: 24px;\" colspan=\"2\">* Les lettres \u00e0 la position de \u00ab * \u00bb d\u00e9finissent la taille de la combinaison.<\/td>\n<\/tr>\n<\/tbody>\n<\/table>\n<table style=\"width: 96.4788%;\">\n<tbody>\n<tr style=\"height: 24px;\">\n<td style=\"text-align: left; width: 105.074%; height: 24px;\" colspan=\"2\"><span style=\"color: #be0300;\"><strong>Pi\u00e8ces d\u00e9tach\u00e9es \/ accessoires<\/strong><\/span><\/td>\n<\/tr>\n<tr style=\"height: 24px;\">\n<td style=\"text-align: left; width: 76.821%; height: 24px;\">CleanAIR\u00ae Chemical 2F avec ceinture confort, batterie Li-Ion, chargeur, indicateur de d\u00e9bit (sans tuyau)<\/td>\n<td style=\"width: 28.2531%; height: 24px; text-align: left;\">51 00 00 FCA<\/td>\n<\/tr>\n<tr style=\"height: 24px;\">\n<td style=\"text-align: left; width: 76.821%; height: 24px;\">CleanAIR\u00ae Chemical 2F avec ceinture nettoyable, batterie Li-Ion, chargeur, indicateur de d\u00e9bit (sans tuyau)<\/td>\n<td style=\"width: 28.2531%; height: 24px; text-align: left;\">51 00 00 FDA<\/td>\n<\/tr>\n<tr style=\"height: 24px;\">\n<td style=\"text-align: left; width: 76.821%; height: 24px;\">Tuyau flexible l\u00e9ger QuickLOCK\u2122<\/td>\n<td style=\"width: 28.2531%; height: 24px; text-align: left;\">71 00 60<\/td>\n<\/tr>\n<tr>\n<td style=\"text-align: left; width: 76.821%;\">Oeillet de v\u00eatement<\/td>\n<td style=\"width: 28.2531%; text-align: left;\">70 00 55<\/td>\n<\/tr>\n<tr>\n<td style=\"text-align: left; width: 76.821%;\">Filtre ZERO double filetage RD40x1\/7 po., paquet de 5<\/td>\n<td style=\"width: 28.2531%; text-align: left;\">50 02 49\/5<\/td>\n<\/tr>\n<tr>\n<td style=\"text-align: left; width: 76.821%;\">Filtre A2P3 ZERO, double filetage RD40x1\/7 po., paquet de 3<\/td>\n<td style=\"width: 28.2531%; text-align: left;\">50 02 57\/3<\/td>\n<\/tr>\n<tr>\n<td style=\"text-align: left; width: 76.821%;\">Filtre NBC, A2B2E2K2P3 double filetage RD40x1\/7 po., paquet de 3<\/td>\n<td style=\"width: 28.2531%; text-align: left;\">50 02 65X\/3<\/td>\n<\/tr>\n<tr>\n<td style=\"text-align: left; width: 76.821%;\">Filtre A2B2E2K2P3 ZERO, double filetage RD40x1\/7 po., paquet de 3<\/td>\n<td style=\"width: 28.2531%; text-align: left;\">50 02 68\/3<\/td>\n<\/tr>\n<\/tbody>\n<\/table>\n<p>[\/vc_column_text][\/vc_tta_section][vc_tta_section i_icon_fontawesome=\u00a0\u00bbfa fa-wrench\u00a0\u00bb add_icon=\u00a0\u00bbtrue\u00a0\u00bb title=\u00a0\u00bbDonn\u00e9es techniques\u00a0\u00bb tab_id=\u00a0\u00bb1513153797992-792040b0-82c9&Prime;][vc_column_text]<\/p>\n<table style=\"border-collapse: collapse; width: 100%;\">\n<tbody>\n<tr>\n<td style=\"width: 33.3333%;\"><\/td>\n<td style=\"width: 33.3333%;\"><strong>Panoramate 2550 Lite<\/strong><\/td>\n<td style=\"width: 33.3333%;\"><strong>Panoramate 3550 Lite<\/strong><\/td>\n<\/tr>\n<tr>\n<td style=\"width: 33.3333%;\">Standard<\/td>\n<td style=\"width: 33.3333%;\">Classe EN<\/td>\n<td style=\"width: 33.3333%;\">Classe EN<\/td>\n<\/tr>\n<tr>\n<td style=\"width: 33.3333%;\">EN 12941+A1:2009<\/td>\n<td style=\"width: 33.3333%;\">TH3<\/td>\n<td style=\"width: 33.3333%;\">TH3<\/td>\n<\/tr>\n<tr>\n<td style=\"width: 33.3333%;\">EN 1073-1:2019<\/td>\n<td style=\"width: 33.3333%;\">Classe 3<\/td>\n<td style=\"width: 33.3333%;\">Classe 3<\/td>\n<\/tr>\n<tr>\n<td style=\"width: 33.3333%;\">EN 14605+A1-1:2009<\/td>\n<td style=\"width: 33.3333%;\">Type 4<\/td>\n<td style=\"width: 33.3333%;\">Type 3 and 4<\/td>\n<\/tr>\n<tr>\n<td style=\"width: 33.3333%;\">EN ISO 13982-1:2004<\/td>\n<td style=\"width: 33.3333%;\">Type 5<\/td>\n<td style=\"width: 33.3333%;\">Type 5<\/td>\n<\/tr>\n<tr>\n<td style=\"width: 33.3333%;\">EN 13034+A1:2009<\/td>\n<td style=\"width: 33.3333%;\">Type 6<\/td>\n<td style=\"width: 33.3333%;\">Type 6<\/td>\n<\/tr>\n<tr>\n<td style=\"width: 33.3333%;\">EN 14126:2004<\/td>\n<td style=\"width: 33.3333%;\">4-B, 5-B, 6-B<\/td>\n<td style=\"width: 33.3333%;\">3-B, 4-B, 5-B, 6-B<\/td>\n<\/tr>\n<\/tbody>\n<\/table>\n<p>[\/vc_column_text][\/vc_tta_section][vc_tta_section i_icon_fontawesome=\u00a0\u00bbfa fa-download\u00a0\u00bb add_icon=\u00a0\u00bbtrue\u00a0\u00bb title=\u00a0\u00bbT\u00e9l\u00e9chargements\u00a0\u00bb tab_id=\u00a0\u00bb1513154098935-95c74e4f-fa1e\u00a0\u00bb][vc_column_text]<a href=\"https:\/\/www.clean-air.cz\/wp-content\/uploads\/2023\/09\/User-manual-CNA-123-R00-Panoramate-lite-Protective-Coverall_840x592_DIGI.pdf\">2022_Panoramate_Lite_Brochure (EN)<\/a><\/p>\n<p><a href=\"https:\/\/www.clean-air.cz\/wp-content\/uploads\/2023\/09\/User-manual-CNA-123-R00-Panoramate-lite-Protective-Coverall_840x592_DIGI.pdf\">Panoramate Lite &#8211; User-manual<\/a><\/p>\n<p><a href=\"https:\/\/www.clean-air.cz\/wp-content\/uploads\/2025\/05\/DA-116_-_922550923550_-_Panoramate-Lite-_EN.pdf\">Datasheet_-_Panoramate-Lite-_EN<\/a><\/p>\n<p><a href=\"https:\/\/www.clean-air.cz\/wp-content\/uploads\/2023\/06\/PS-922550-1-R0-Panoramate-2550-lite.pdf\">Declaration of Conformity Panoramate 2550 lite<\/a><\/p>\n<p><a href=\"https:\/\/www.clean-air.cz\/wp-content\/uploads\/2023\/06\/PS-923550-1-R0-Panoramate-3550-lite.pdf\">Declaration of Conformity Panoramate 3550 lite<\/a>[\/vc_column_text][\/vc_tta_section][vc_tta_section i_icon_fontawesome=\u00a0\u00bbfa fa-picture-o\u00a0\u00bb add_icon=\u00a0\u00bbtrue\u00a0\u00bb title=\u00a0\u00bbGalerie\u00a0\u00bb tab_id=\u00a0\u00bb1515415801460-0c2258c9-4574&Prime;][vc_gallery type=\u00a0\u00bbimage_grid\u00a0\u00bb images=\u00a0\u00bb18392,18386,18380,18374,18362,18356,18350,18344,18338,18368&Prime; img_size=\u00a0\u00bbmedium\u00a0\u00bb css_animation=\u00a0\u00bbfadeIn\u00a0\u00bb css=\u00a0\u00bb.vc_custom_1674139294896{padding-left: 280px !important;}\u00a0\u00bb][\/vc_tta_section][\/vc_tta_tabs][\/vc_column][\/vc_row]<\/p>\n","protected":false},"excerpt":{"rendered":"<p>[vc_row][vc_column width=\u00a0\u00bb1\/2&Prime;][vc_gallery interval=\u00a0\u00bb0&Prime; images=\u00a0\u00bb18350,18344,18338,18392,18386,18356,18374,18368&Prime; img_size=\u00a0\u00bblarge\u00a0\u00bb][\/vc_column][vc_column width=\u00a0\u00bb1\/2&Prime;][vc_column_text]Protection exceptionnelle du corps et des voies respiratoires Protection corporelle et respiratoire exceptionnelle pour les environnements hautement contamin\u00e9s. Con\u00e7u pour \u00eatre utilis\u00e9 avec le respirateur purificateur d&rsquo;air propuls\u00e9 CleanAIR\u00ae Chemical 2F. Une durabilit\u00e9 maximale, un faible poids, un excellent champ de vision et une libert\u00e9 de respiration garantissent un confort exceptionnel \u00e0 l&rsquo;utilisateur.[\/vc_column_text][\/vc_column][\/vc_row][vc_row][vc_column width=\u00a0\u00bb1\/4&Prime;][vc_column_text]Comment \u00e7a fonctionne?\u00a0 L&rsquo;air filtr\u00e9 est entra\u00een\u00e9 jusque dans la combinaison, tandis<\/p>\n<p><a class=\"more-link\" href=\"https:\/\/www.clean-air.cz\/fr\/panoramate-lite\/\">Lire la suite&#8230;<\/a><\/p>\n","protected":false},"author":11,"featured_media":0,"parent":0,"menu_order":0,"comment_status":"closed","ping_status":"closed","template":"","meta":{"footnotes":""},"_links":{"self":[{"href":"https:\/\/www.clean-air.cz\/fr\/wp-json\/wp\/v2\/pages\/22177"}],"collection":[{"href":"https:\/\/www.clean-air.cz\/fr\/wp-json\/wp\/v2\/pages"}],"about":[{"href":"https:\/\/www.clean-air.cz\/fr\/wp-json\/wp\/v2\/types\/page"}],"author":[{"embeddable":true,"href":"https:\/\/www.clean-air.cz\/fr\/wp-json\/wp\/v2\/users\/11"}],"replies":[{"embeddable":true,"href":"https:\/\/www.clean-air.cz\/fr\/wp-json\/wp\/v2\/comments?post=22177"}],"version-history":[{"count":0,"href":"https:\/\/www.clean-air.cz\/fr\/wp-json\/wp\/v2\/pages\/22177\/revisions"}],"wp:attachment":[{"href":"https:\/\/www.clean-air.cz\/fr\/wp-json\/wp\/v2\/media?parent=22177"}],"curies":[{"name":"wp","href":"https:\/\/api.w.org\/{rel}","templated":true}]}}