{"id":17525,"date":"2022-12-16T12:05:50","date_gmt":"2022-12-16T11:05:50","guid":{"rendered":"https:\/\/www.clean-air.cz\/headtops\/welding-hoods\/summit-air\/"},"modified":"2022-12-16T12:05:52","modified_gmt":"2022-12-16T11:05:52","slug":"summit-air","status":"publish","type":"page","link":"https:\/\/www.clean-air.cz\/fr\/headtops\/welding-hoods\/summit-air\/","title":{"rendered":"SUMMIT air"},"content":{"rendered":"<p>[vc_row][vc_column width=\u00a0\u00bb1\/2&Prime;][vc_gallery interval=\u00a0\u00bb3&Prime; images=\u00a0\u00bb17196,17202,17208,17190&Prime; img_size=\u00a0\u00bblarge\u00a0\u00bb][\/vc_column][vc_column width=\u00a0\u00bb1\/2&Prime;][vc_column_text]<strong><span style=\"font-size: 14pt; color: #be0300;\">LE MATE QUE VOUS POUVEZ<br \/>\nCONFIANCE CHAQUE JOUR<\/span><\/strong><\/p>\n<p>Masque de soudage auto-assombrissant avec des syst\u00e8mes avanc\u00e9s de distribution d&rsquo;air pour un confort accru de l&rsquo;utilisateur et une protection respiratoire sans compromis. La variante SUMMIT sans distribution d&rsquo;air est \u00e9galement disponible.<\/p>\n<p>SUMMIT air est un casque de soudage professionnel adapt\u00e9 \u00e0 la plupart des proc\u00e9d\u00e9s de soudage tels que MIG\/MAG, SMAW, TIG, soudage et coupage \u00e0 l&rsquo;arc plasma, gougeage \u00e0 l&rsquo;arc au carbone, soudage et coupage au gaz. Ne convient pas au soudage laser.<br \/>\n[\/vc_column_text][\/vc_column][\/vc_row][vc_row][vc_column width=\u00a0\u00bb1\/3&Prime;][vc_column_text]<strong><span style=\"font-size: 14pt; color: #be0300;\">L\u00e9ger et r\u00e9sistant\u00a0 <\/span><\/strong><\/p>\n<p style=\"text-align: justify;\">Coque l\u00e9g\u00e8re et durable, r\u00e9pondant aux exigences de la norme EN 175 B et assurant ainsi une protection contre les particules \u00e0 grande vitesse.<\/p>\n<p><img loading=\"lazy\" decoding=\"async\" class=\"alignnone size-medium wp-image-17196\" src=\"https:\/\/www.clean-air.cz\/wp-content\/uploads\/2022\/09\/70-34-01_AerTEC_SUMMIT_air-iso-300x300.jpg\" alt=\"\" width=\"300\" height=\"300\" srcset=\"https:\/\/www.clean-air.cz\/wp-content\/uploads\/2022\/09\/70-34-01_AerTEC_SUMMIT_air-iso-300x300.jpg 300w, https:\/\/www.clean-air.cz\/wp-content\/uploads\/2022\/09\/70-34-01_AerTEC_SUMMIT_air-iso-1024x1024.jpg 1024w, https:\/\/www.clean-air.cz\/wp-content\/uploads\/2022\/09\/70-34-01_AerTEC_SUMMIT_air-iso-150x150.jpg 150w, https:\/\/www.clean-air.cz\/wp-content\/uploads\/2022\/09\/70-34-01_AerTEC_SUMMIT_air-iso-768x768.jpg 768w, https:\/\/www.clean-air.cz\/wp-content\/uploads\/2022\/09\/70-34-01_AerTEC_SUMMIT_air-iso-1536x1536.jpg 1536w, https:\/\/www.clean-air.cz\/wp-content\/uploads\/2022\/09\/70-34-01_AerTEC_SUMMIT_air-iso-800x800.jpg 800w, https:\/\/www.clean-air.cz\/wp-content\/uploads\/2022\/09\/70-34-01_AerTEC_SUMMIT_air-iso-250x250.jpg 250w, https:\/\/www.clean-air.cz\/wp-content\/uploads\/2022\/09\/70-34-01_AerTEC_SUMMIT_air-iso.jpg 1600w\" sizes=\"(max-width: 300px) 100vw, 300px\" \/>[\/vc_column_text][\/vc_column][vc_column width=\u00a0\u00bb1\/3&Prime;][vc_column_text]<strong><span style=\"font-size: 14pt; color: #be0300;\">D\u00e9flecteurs AIR-FLOW<\/span><\/strong><\/p>\n<p style=\"text-align: justify;\"><strong>Gr\u00e2ce aux d\u00e9flecteurs, un flux d&rsquo;air r\u00e9gulier est assur\u00e9 dans le casque.<\/strong><\/p>\n<p style=\"text-align: justify;\">Syst\u00e8mes avanc\u00e9s de distribution d&rsquo;air pour un confort accru de l&rsquo;utilisateur et une protection respiratoire sans compromis.<\/p>\n<p><img loading=\"lazy\" decoding=\"async\" class=\"alignnone size-medium wp-image-17202\" src=\"https:\/\/www.clean-air.cz\/wp-content\/uploads\/2022\/09\/70-34-01_AerTEC_SUMMIT_air-side_left-300x300.jpg\" alt=\"\" width=\"300\" height=\"300\" srcset=\"https:\/\/www.clean-air.cz\/wp-content\/uploads\/2022\/09\/70-34-01_AerTEC_SUMMIT_air-side_left-300x300.jpg 300w, https:\/\/www.clean-air.cz\/wp-content\/uploads\/2022\/09\/70-34-01_AerTEC_SUMMIT_air-side_left-1024x1024.jpg 1024w, https:\/\/www.clean-air.cz\/wp-content\/uploads\/2022\/09\/70-34-01_AerTEC_SUMMIT_air-side_left-150x150.jpg 150w, https:\/\/www.clean-air.cz\/wp-content\/uploads\/2022\/09\/70-34-01_AerTEC_SUMMIT_air-side_left-768x768.jpg 768w, https:\/\/www.clean-air.cz\/wp-content\/uploads\/2022\/09\/70-34-01_AerTEC_SUMMIT_air-side_left-1536x1536.jpg 1536w, https:\/\/www.clean-air.cz\/wp-content\/uploads\/2022\/09\/70-34-01_AerTEC_SUMMIT_air-side_left-800x800.jpg 800w, https:\/\/www.clean-air.cz\/wp-content\/uploads\/2022\/09\/70-34-01_AerTEC_SUMMIT_air-side_left-250x250.jpg 250w, https:\/\/www.clean-air.cz\/wp-content\/uploads\/2022\/09\/70-34-01_AerTEC_SUMMIT_air-side_left.jpg 1600w\" sizes=\"(max-width: 300px) 100vw, 300px\" \/>[\/vc_column_text][\/vc_column][vc_column width=\u00a0\u00bb1\/3&Prime;][vc_column_text]<strong><span style=\"font-size: 14pt; color: #be0300;\">Contr\u00f4le du mode de meulage<\/span><\/strong><\/p>\n<p>Vous passez simplement l&rsquo;ADF en mode meulage en appuyant simplement sur le bouton situ\u00e9 \u00e0 l&rsquo;ext\u00e9rieur du casque.<\/p>\n<p><img loading=\"lazy\" decoding=\"async\" class=\"alignnone size-medium wp-image-17466\" src=\"https:\/\/www.clean-air.cz\/wp-content\/uploads\/2022\/12\/70-34-01_AerTEC_SUMMIT_air_GRINDMODE_detail-300x300.jpg\" alt=\"\" width=\"300\" height=\"300\" srcset=\"https:\/\/www.clean-air.cz\/wp-content\/uploads\/2022\/12\/70-34-01_AerTEC_SUMMIT_air_GRINDMODE_detail-300x300.jpg 300w, https:\/\/www.clean-air.cz\/wp-content\/uploads\/2022\/12\/70-34-01_AerTEC_SUMMIT_air_GRINDMODE_detail-150x150.jpg 150w, https:\/\/www.clean-air.cz\/wp-content\/uploads\/2022\/12\/70-34-01_AerTEC_SUMMIT_air_GRINDMODE_detail-768x768.jpg 768w, https:\/\/www.clean-air.cz\/wp-content\/uploads\/2022\/12\/70-34-01_AerTEC_SUMMIT_air_GRINDMODE_detail-800x800.jpg 800w, https:\/\/www.clean-air.cz\/wp-content\/uploads\/2022\/12\/70-34-01_AerTEC_SUMMIT_air_GRINDMODE_detail-250x250.jpg 250w, https:\/\/www.clean-air.cz\/wp-content\/uploads\/2022\/12\/70-34-01_AerTEC_SUMMIT_air_GRINDMODE_detail.jpg 1000w\" sizes=\"(max-width: 300px) 100vw, 300px\" \/>[\/vc_column_text][\/vc_column][\/vc_row][vc_row][vc_column width=\u00a0\u00bb1\/3&Prime;][\/vc_column][vc_column width=\u00a0\u00bb1\/3&Prime;][vc_column_text]<strong><span style=\"font-size: 14pt; color: #be0300;\">V<\/span><\/strong><\/p>\n<p><strong><span style=\"font-size: 14pt; color: #be0300;\">VariGEAR<\/span><\/strong><\/p>\n<p><strong>S\u2019ADAPTE \u00c0 TOUTES LES FORMES DE T\u00caTE<\/strong>\u00a0La suspension de t\u00eate nouvellement con\u00e7ue permet de multiples r\u00e9glages individuels.<\/p>\n<p><strong>CASQUE CONFORTABLE<\/strong>\u00a0La partie couronne du casque est r\u00e9glable en hauteur pour s\u2019adapter \u00e0 toutes les formes et tailles de t\u00eate.<\/p>\n<p><strong>REMPLACEMENT RAPID<\/strong>E Remplacement facile du casque en le faisant simplement glisser hors du support.<\/p>\n<p><strong>AJUSTEMENT PR\u00c9CIS\u00a0<\/strong>Le m\u00e9canisme \u00e0 cliquet souple permet un r\u00e9glage pr\u00e9cis du tour de t\u00eate et un ajustement s\u00fbr.<\/p>\n<p><strong>PERSONNALISABLE<\/strong>\u00a0R\u00e9glage facile de la distance entre la face de la soudeuse et l\u2019ADF. Gardez le casque aussi pr\u00e8s que possible de vos yeux pour une vue plus large et une tension minimale du cou.<\/p>\n<p><img loading=\"lazy\" decoding=\"async\" class=\"alignnone size-medium wp-image-17208\" src=\"https:\/\/www.clean-air.cz\/wp-content\/uploads\/2022\/09\/70-34-01_AerTEC_SUMMIT-back_inside_wo_textile-300x300.jpg\" alt=\"\" width=\"300\" height=\"300\" srcset=\"https:\/\/www.clean-air.cz\/wp-content\/uploads\/2022\/09\/70-34-01_AerTEC_SUMMIT-back_inside_wo_textile-300x300.jpg 300w, https:\/\/www.clean-air.cz\/wp-content\/uploads\/2022\/09\/70-34-01_AerTEC_SUMMIT-back_inside_wo_textile-1024x1024.jpg 1024w, https:\/\/www.clean-air.cz\/wp-content\/uploads\/2022\/09\/70-34-01_AerTEC_SUMMIT-back_inside_wo_textile-150x150.jpg 150w, https:\/\/www.clean-air.cz\/wp-content\/uploads\/2022\/09\/70-34-01_AerTEC_SUMMIT-back_inside_wo_textile-768x768.jpg 768w, https:\/\/www.clean-air.cz\/wp-content\/uploads\/2022\/09\/70-34-01_AerTEC_SUMMIT-back_inside_wo_textile-1536x1536.jpg 1536w, https:\/\/www.clean-air.cz\/wp-content\/uploads\/2022\/09\/70-34-01_AerTEC_SUMMIT-back_inside_wo_textile-800x800.jpg 800w, https:\/\/www.clean-air.cz\/wp-content\/uploads\/2022\/09\/70-34-01_AerTEC_SUMMIT-back_inside_wo_textile-250x250.jpg 250w, https:\/\/www.clean-air.cz\/wp-content\/uploads\/2022\/09\/70-34-01_AerTEC_SUMMIT-back_inside_wo_textile.jpg 1600w\" sizes=\"(max-width: 300px) 100vw, 300px\" \/>[\/vc_column_text][\/vc_column][vc_column width=\u00a0\u00bb1\/3&Prime;][\/vc_column][\/vc_row][vc_row][vc_column width=\u00a0\u00bb1\/3&Prime;][\/vc_column][\/vc_row][vc_row][vc_column][vc_tta_tabs style=\u00a0\u00bbmodern\u00a0\u00bb shape=\u00a0\u00bbsquare\u00a0\u00bb active_section=\u00a0\u00bb1&Prime; no_fill_content_area=\u00a0\u00bbtrue\u00a0\u00bb title=\u00a0\u00bbD\u00e9tails\u00a0\u00bb][vc_tta_section i_icon_fontawesome=\u00a0\u00bbfa fa-industry\u00a0\u00bb add_icon=\u00a0\u00bbtrue\u00a0\u00bb title=\u00a0\u00bbDomaines d\u2019application\u00a0\u00bb tab_id=\u00a0\u00bb1513150336358-68add988-e9ea\u00a0\u00bb][vc_column_text]<span style=\"color: #be0300;\"><strong>Domaines d\u2019application<\/strong><\/span><\/p>\n<p>Le casque de soudage professionnel est adapt\u00e9 \u00e0 la plupart des proc\u00e9d\u00e9s de soudage tels que le soudage et le coupage MIG\/MAG, SMAW, TIG, le soudage et le coupage \u00e0 l\u2019arc plasma, le gougeage \u00e0 l\u2019arc carbone, le soudage et le coupage au gaz. Ne convient pas pour le soudage au laser.[\/vc_column_text][\/vc_tta_section][vc_tta_section i_icon_fontawesome=\u00a0\u00bbfa fa-thumbs-o-up\u00a0\u00bb add_icon=\u00a0\u00bbtrue\u00a0\u00bb title=\u00a0\u00bbCaract\u00e9ristiques et avantages\u00a0\u00bb tab_id=\u00a0\u00bb1513150336359-b7b65468-8021&Prime;][vc_column_text]<span style=\"color: #be0300;\"><strong>Caract\u00e9ristiques et avantages<\/strong><\/span><\/p>\n<ul>\n<li>Un syst\u00e8me avanc\u00e9 de distribution d&rsquo;air int\u00e9gr\u00e9 avec les normes les plus strictes de protection des voies respiratoires TH3\/NPF 500<\/li>\n<li>&nbsp;\n<p>La suspension de t\u00eate nouvellement con\u00e7ue permet de multiples r\u00e9glages individuels.<\/li>\n<li>&nbsp;\n<p>Remplacement rapide et facile de toutes les pi\u00e8ces d\u00e9tach\u00e9es.<\/li>\n<li>Fonction Mode meulage<\/li>\n<\/ul>\n<p>[\/vc_column_text][\/vc_tta_section][vc_tta_section i_icon_fontawesome=\u00a0\u00bbfa fa-cog\u00a0\u00bb add_icon=\u00a0\u00bbtrue\u00a0\u00bb title=\u00a0\u00bbKits complets, accessoires, filtres\u00a0\u00bb tab_id=\u00a0\u00bb1513153137048-5f8c31c5-30ea\u00a0\u00bb][vc_column_text]<\/p>\n<table style=\"width: 73.9187%; height: 166px;\">\n<tbody>\n<tr style=\"height: 24px;\">\n<td style=\"text-align: left; height: 24px; width: 92.8878%;\" colspan=\"2\"><span style=\"color: #be0300;\"><strong>Hottes compl\u00e8tes<\/strong><\/span><\/td>\n<\/tr>\n<tr style=\"height: 24px;\">\n<td style=\"text-align: left; height: 24px; width: 74.7294%;\">Masque de soudage AerTEC SUMMIT air avec coiffe et ADF 5-8\/9-13<\/td>\n<td style=\"text-align: center; height: 24px; width: 18.1584%;\">70 34 01<\/td>\n<\/tr>\n<tr style=\"height: 24px;\">\n<td style=\"text-align: left; height: 24px; width: 74.7294%;\">Masque de soudage AerTEC SUMMIT, 5-8\/9-13<\/td>\n<td style=\"text-align: center; height: 24px; width: 18.1584%;\">40 34 01<\/td>\n<\/tr>\n<tr style=\"height: 24px;\">\n<td style=\"text-align: left; height: 24px; width: 74.7294%;\">Masque de soudage AerTEC SUMMIT air avec coiffe et joint d\u2019\u00e9tanch\u00e9it\u00e9, sans ADF<\/td>\n<td style=\"text-align: center; height: 24px; width: 18.1584%;\">70 34 00<\/td>\n<\/tr>\n<tr style=\"height: 22px;\">\n<td style=\"text-align: left; height: 22px; width: 74.7294%;\">Masque de soudage AerTEC SUMMIT avec coiffe et joint d\u2019\u00e9tanch\u00e9it\u00e9, sans ADF<\/td>\n<td style=\"text-align: center; height: 22px; width: 18.1584%;\">40 34 00<\/td>\n<\/tr>\n<\/tbody>\n<\/table>\n<table style=\"width: 76.6775%; height: 384px;\">\n<tbody>\n<tr style=\"height: 24px;\">\n<td style=\"text-align: left; height: 24px; width: 107.748%;\" colspan=\"2\"><span style=\"color: #be0300;\"><strong>Spare parts, accessories<\/strong><\/span><\/td>\n<\/tr>\n<tr style=\"height: 24px;\">\n<td style=\"height: 24px; text-align: left; width: 81.0535%;\">Coiffe VariGEAR Standard sans bandeau et rembourrage<\/td>\n<td style=\"text-align: left; width: 26.695%; height: 24px;\">72 00 09<\/td>\n<\/tr>\n<tr style=\"height: 24px;\">\n<td style=\"text-align: left; width: 81.0535%; height: 24px;\">Coiffe VariGEAR Comfort avec bandeau et rembourrage, sans kit de fixation<\/td>\n<td style=\"text-align: left; width: 26.695%; height: 24px;\">72 00 10<\/td>\n<\/tr>\n<tr style=\"height: 48px;\">\n<td style=\"text-align: left; width: 81.0535%; height: 48px;\">Kit de fixation VariGear (Omnira, SUMMIT)<\/td>\n<td style=\"text-align: left; width: 26.695%; height: 48px;\">72 00 10.92<\/td>\n<\/tr>\n<tr style=\"height: 24px;\">\n<td style=\"text-align: left; width: 81.0535%; height: 24px;\">Bandeau antitranspirant VariGEAR (lot de 2)<\/td>\n<td style=\"text-align: left; width: 26.695%; height: 24px;\">72 00 15<\/td>\n<\/tr>\n<tr style=\"height: 22px;\">\n<td style=\"text-align: left; width: 81.0535%; height: 24px;\">Rembourrage arri\u00e8re VariGEAR<\/td>\n<td style=\"text-align: left; width: 26.695%; height: 24px;\">72 00 14<\/td>\n<\/tr>\n<tr style=\"height: 24px;\">\n<td style=\"text-align: left; width: 81.0535%; height: 24px;\">Rembourrage sup\u00e9rieur VariGEAR<\/td>\n<td style=\"text-align: left; width: 26.695%; height: 24px;\">72 00 16<\/td>\n<\/tr>\n<tr style=\"height: 24px;\">\n<td style=\"text-align: left; width: 81.0535%; height: 24px;\">Ensemble VariGEAR comfort (ensemble de bandeau antitranspirant et rembourrages)<\/td>\n<td style=\"text-align: left; width: 26.695%; height: 24px;\">72 00 17<\/td>\n<\/tr>\n<tr style=\"height: 24px;\">\n<td style=\"text-align: left; width: 81.0535%; height: 24px;\">VariGEAR Airduct, coiffe avec conduit d\u2019air<\/td>\n<td style=\"text-align: left; width: 26.695%; height: 24px;\">72 00 20<\/td>\n<\/tr>\n<tr style=\"height: 24px;\">\n<td style=\"text-align: left; width: 81.0535%; height: 24px;\">Joint d\u2019\u00e9tanch\u00e9it\u00e9 pour masque de soudage \u2013 universel<\/td>\n<td style=\"text-align: left; width: 26.695%; height: 24px;\">70 21 53<\/td>\n<\/tr>\n<tr style=\"height: 24px;\">\n<td style=\"text-align: left; width: 81.0535%; height: 24px;\">Pile 3\u00a0V pour AerTEC S60 ADF<\/td>\n<td style=\"text-align: left; width: 26.695%; height: 24px;\">13 51 60<\/td>\n<\/tr>\n<tr style=\"height: 24px;\">\n<td style=\"text-align: left; width: 81.0535%; height: 24px;\">Tuyau flexible l\u00e9ger QuickLOCK<\/td>\n<td style=\"text-align: left; width: 26.695%; height: 24px;\">71 00 60<\/td>\n<\/tr>\n<tr style=\"height: 24px;\">\n<td style=\"text-align: left; width: 81.0535%; height: 24px;\">Filtre de soudage auto-obscurcissant AerTEC\u00a0S60, 3\/5-8\/9-13<\/td>\n<td style=\"text-align: left; width: 26.695%; height: 24px;\">40 51 60<\/td>\n<\/tr>\n<tr style=\"height: 24px;\">\n<td style=\"text-align: left; width: 81.0535%; height: 24px;\">Plaque de protection 108 x 51 mm, lot de 10 pc<\/td>\n<td style=\"text-align: left; width: 26.695%; height: 24px;\">*110\/90\/1<\/td>\n<\/tr>\n<tr style=\"height: 24px;\">\n<td style=\"text-align: left; width: 81.0535%; height: 24px;\">Partie interne de plaque de protection (Verus, Omnira COMBI, SUMMIT), lot de 10<\/td>\n<td style=\"text-align: left; width: 26.695%; height: 24px;\">*100\/65<\/td>\n<\/tr>\n<\/tbody>\n<\/table>\n<p>[\/vc_column_text][\/vc_tta_section][vc_tta_section i_icon_fontawesome=\u00a0\u00bbfa fa-wrench\u00a0\u00bb add_icon=\u00a0\u00bbtrue\u00a0\u00bb title=\u00a0\u00bbDonn\u00e9es techniques\u00a0\u00bb tab_id=\u00a0\u00bb1513153797992-792040b0-82c9&Prime;][vc_column_text]<\/p>\n<table style=\"width: 100%; height: 312px;\">\n<tbody>\n<tr style=\"height: 24px;\">\n<td style=\"text-align: left; height: 24px; width: 99.639%;\" colspan=\"2\"><span style=\"color: #be0300;\"><strong>Technical data\u00a0<\/strong><\/span><\/td>\n<\/tr>\n<tr style=\"height: 21px;\">\n<td style=\"text-align: left; height: 36px; width: 30.3249%;\">Poids<\/td>\n<td style=\"text-align: center; height: 36px; width: 69.3141%;\">756\/569 g<\/td>\n<\/tr>\n<tr style=\"height: 15px;\">\n<td style=\"text-align: left; height: 36px; width: 30.3249%;\">Mat\u00e9riau<\/td>\n<td style=\"text-align: center; height: 36px; width: 69.3141%;\">Polyamide (PA)<\/td>\n<\/tr>\n<tr style=\"height: 24px;\">\n<td style=\"width: 30.3249%; height: 24px;\">Dimensions ADF<\/td>\n<td style=\"text-align: center; height: 24px; width: 69.3141%;\">110 x 90 x 7 mm<\/td>\n<\/tr>\n<tr style=\"height: 48px;\">\n<td style=\"width: 30.3249%; height: 48px;\">S\u00e9lection du niveau de nuance<\/td>\n<td style=\"text-align: center; height: 48px; width: 69.3141%;\">DIN 5\u201313<br \/>\nOmbrage en \u00e9tat ouvert DIN 4<\/td>\n<\/tr>\n<tr style=\"height: 24px;\">\n<td style=\"width: 30.3249%; height: 24px;\">Zone de vision<\/td>\n<td style=\"text-align: center; height: 24px; width: 69.3141%;\">98 x 62 mm<\/td>\n<\/tr>\n<tr style=\"height: 24px;\">\n<td style=\"width: 30.3249%; height: 24px;\">Raccord de tuyau<\/td>\n<td style=\"text-align: center; height: 24px; width: 69.3141%;\">QuickLOCK\u2122<\/td>\n<\/tr>\n<tr style=\"height: 48px;\">\n<td style=\"text-align: left; height: 48px; width: 30.3249%;\">Certification\/NPF \u2013 protection des voies respiratoires<\/td>\n<td style=\"text-align: center; height: 48px; width: 69.3141%;\">respirateurs purificateurs d\u2019air motoris\u00e9s &#8211; EN 12941, TH3 \/ NPF 500<br \/>\nsyst\u00e8mes \u00e0 adduction d\u2019air (air fourni) &#8211; EN 14594 (3B) \/ NPF 200<\/td>\n<\/tr>\n<tr style=\"height: 48px;\">\n<td style=\"text-align: left; height: 48px; width: 30.3249%;\">Certification \u2013 protection des yeux et du visage<\/td>\n<td style=\"text-align: center; height: 48px; width: 69.3141%;\">casque de soudage &#8211; EN 175 B<br \/>\nfiltre de soudage &#8211; EN 379 (1\/1\/1\/2)<\/td>\n<\/tr>\n<\/tbody>\n<\/table>\n<p>[\/vc_column_text][\/vc_tta_section][vc_tta_section i_icon_fontawesome=\u00a0\u00bbfa fa-download\u00a0\u00bb add_icon=\u00a0\u00bbtrue\u00a0\u00bb title=\u00a0\u00bbT\u00e9l\u00e9chargements\u00a0\u00bb tab_id=\u00a0\u00bb1513154098935-95c74e4f-fa1e\u00a0\u00bb][vc_column_text]<a href=\"https:\/\/www.clean-air.cz\/wp-content\/uploads\/2022\/12\/CNA-111-R00-UM-AerTEC-Summit-DIGI.pdf\">User manual AerTEC SUMMIT air<\/a><\/p>\n<p><a href=\"https:\/\/www.clean-air.cz\/wp-content\/uploads\/2022\/03\/PS-703401-1-R0-AerTEC-SUMMIT-air.pdf\">Declaration of Conformity AerTEC SUMMIT air<\/a><\/p>\n<p><a href=\"https:\/\/www.clean-air.cz\/wp-content\/uploads\/2022\/12\/DA-111_-_703401_-_Summit_air_-_EN.pdf\">Datasheet_AerTEC_SUMMIT_air_-_EN<\/a><\/p>\n<p><a href=\"https:\/\/www.clean-air.cz\/wp-content\/uploads\/2022\/12\/DA-112_-_403401_-_Summit_-_EN.pdf\">Datasheet_AerTEC SUMMIT_-_EN<\/a>[\/vc_column_text][\/vc_tta_section][vc_tta_section i_icon_fontawesome=\u00a0\u00bbfa fa-picture-o\u00a0\u00bb add_icon=\u00a0\u00bbtrue\u00a0\u00bb title=\u00a0\u00bbGalerie\u00a0\u00bb tab_id=\u00a0\u00bb1515415801460-0c2258c9-4574&Prime;][vc_gallery type=\u00a0\u00bbimage_grid\u00a0\u00bb images=\u00a0\u00bb17196,17190,17202,17208,17466&Prime; img_size=\u00a0\u00bbmedium\u00a0\u00bb css_animation=\u00a0\u00bbfadeIn\u00a0\u00bb css=\u00a0\u00bb.vc_custom_1671113237846{padding-left: 280px !important;}\u00a0\u00bb el_class=\u00a0\u00bboptomax_gallery\u00a0\u00bb][\/vc_tta_section][\/vc_tta_tabs][\/vc_column][\/vc_row][vc_row][vc_column][vc_separator][\/vc_column][\/vc_row]<\/p>\n","protected":false},"excerpt":{"rendered":"<p>[vc_row][vc_column width=\u00a0\u00bb1\/2&Prime;][vc_gallery interval=\u00a0\u00bb3&Prime; images=\u00a0\u00bb17196,17202,17208,17190&Prime; img_size=\u00a0\u00bblarge\u00a0\u00bb][\/vc_column][vc_column width=\u00a0\u00bb1\/2&Prime;][vc_column_text]LE MATE QUE VOUS POUVEZ CONFIANCE CHAQUE JOUR Masque de soudage auto-assombrissant avec des syst\u00e8mes avanc\u00e9s de distribution d&rsquo;air pour un confort accru de l&rsquo;utilisateur et une protection respiratoire sans compromis. La variante SUMMIT sans distribution d&rsquo;air est \u00e9galement disponible. SUMMIT air est un casque de soudage professionnel adapt\u00e9 \u00e0 la plupart des proc\u00e9d\u00e9s de soudage tels que MIG\/MAG, SMAW, TIG, soudage et coupage \u00e0<\/p>\n<p><a class=\"more-link\" href=\"https:\/\/www.clean-air.cz\/fr\/headtops\/welding-hoods\/summit-air\/\">Lire la suite&#8230;<\/a><\/p>\n","protected":false},"author":11,"featured_media":0,"parent":5366,"menu_order":0,"comment_status":"closed","ping_status":"closed","template":"","meta":{"footnotes":""},"_links":{"self":[{"href":"https:\/\/www.clean-air.cz\/fr\/wp-json\/wp\/v2\/pages\/17525"}],"collection":[{"href":"https:\/\/www.clean-air.cz\/fr\/wp-json\/wp\/v2\/pages"}],"about":[{"href":"https:\/\/www.clean-air.cz\/fr\/wp-json\/wp\/v2\/types\/page"}],"author":[{"embeddable":true,"href":"https:\/\/www.clean-air.cz\/fr\/wp-json\/wp\/v2\/users\/11"}],"replies":[{"embeddable":true,"href":"https:\/\/www.clean-air.cz\/fr\/wp-json\/wp\/v2\/comments?post=17525"}],"version-history":[{"count":0,"href":"https:\/\/www.clean-air.cz\/fr\/wp-json\/wp\/v2\/pages\/17525\/revisions"}],"up":[{"embeddable":true,"href":"https:\/\/www.clean-air.cz\/fr\/wp-json\/wp\/v2\/pages\/5366"}],"wp:attachment":[{"href":"https:\/\/www.clean-air.cz\/fr\/wp-json\/wp\/v2\/media?parent=17525"}],"curies":[{"name":"wp","href":"https:\/\/api.w.org\/{rel}","templated":true}]}}