{"id":16385,"date":"2022-05-03T14:28:17","date_gmt":"2022-05-03T12:28:17","guid":{"rendered":"https:\/\/www.clean-air.cz\/papr\/cleanair-medicaer\/"},"modified":"2024-10-01T13:36:09","modified_gmt":"2024-10-01T11:36:09","slug":"cleanair-medicaer","status":"publish","type":"page","link":"https:\/\/www.clean-air.cz\/fr\/papr\/cleanair-medicaer\/","title":{"rendered":"CleanAIR\u00ae MedicAER"},"content":{"rendered":"<p>[vc_row][vc_column width=\u00a0\u00bb1\/2&Prime;][vc_gallery interval=\u00a0\u00bb0&Prime; images=\u00a0\u00bb16013,16019,16025,16031,16037,16043,16049,16061,16079,16091,16097&Prime; img_size=\u00a0\u00bblarge\u00a0\u00bb][\/vc_column][vc_column width=\u00a0\u00bb1\/2&Prime;][vc_column_text]<strong><span style=\"font-size: 14pt; color: #be0300;\"><sup>Respirateur \u00e0 \u00e9puration d\u2019air \u00e9lectrique sp\u00e9cialement con\u00e7u pour la protection du personnel de sant\u00e9, des \u00e9quipes d\u2019urgence ou d\u2019autres professionnels confront\u00e9s \u00e0 une contamination biologique et virale.<\/sup><\/span><\/strong> La conception permet une d\u00e9contamination facile dans une douche ou m\u00eame une d\u00e9sinfection par immersion. Le syst\u00e8me de fermeture automatique unique r\u00e9duite le risque d\u2019une contamination involontaire de l\u2019unit\u00e9 par des particules lors du changement des filtres. Un \u00e9cran en couleurs riches affiche clairement toutes les informations pertinentes n\u00e9cessaires. La batterie Li-Ion haute capacit\u00e9 en option prolonge consid\u00e9rablement la dur\u00e9e de fonctionnement jusqu\u2019\u00e0 16 heures. Plus besoin de changer ou de recharger la batterie pendant les longues p\u00e9riodes de travail, y compris en combinaison avec les filtres \u00e0 gaz et \u00e0 vapeur. Disponible en version ATEX, utilisable dans des environnements ppr\u00e9sentant un risque d\u2019explosion.[\/vc_column_text][\/vc_column][\/vc_row][vc_row][vc_column width=\u00a0\u00bb1\/3&Prime;][vc_column_text]<strong><span style=\"font-size: 14pt; color: #be0300;\">\u00c9cran en couleur<\/span><\/strong> L\u2019\u00e9cran en couleurs riches affiche clairement toutes les informations pertinentes\u00a0: d\u00e9bit d\u2019air, autonomie de batterie, obstruction du filtre. <img loading=\"lazy\" decoding=\"async\" class=\"alignnone size-medium wp-image-16121\" src=\"https:\/\/www.clean-air.cz\/wp-content\/uploads\/2022\/04\/MedicAER_display-300x208.jpg\" alt=\"\" width=\"300\" height=\"208\" srcset=\"https:\/\/www.clean-air.cz\/wp-content\/uploads\/2022\/04\/MedicAER_display-300x208.jpg 300w, https:\/\/www.clean-air.cz\/wp-content\/uploads\/2022\/04\/MedicAER_display-1024x712.jpg 1024w, https:\/\/www.clean-air.cz\/wp-content\/uploads\/2022\/04\/MedicAER_display-768x534.jpg 768w, https:\/\/www.clean-air.cz\/wp-content\/uploads\/2022\/04\/MedicAER_display-1536x1067.jpg 1536w, https:\/\/www.clean-air.cz\/wp-content\/uploads\/2022\/04\/MedicAER_display-800x556.jpg 800w, https:\/\/www.clean-air.cz\/wp-content\/uploads\/2022\/04\/MedicAER_display.jpg 1573w\" sizes=\"(max-width: 300px) 100vw, 300px\" \/>[\/vc_column_text][\/vc_column][vc_column width=\u00a0\u00bb1\/3&Prime;][vc_column_text]<strong><span style=\"font-size: 14pt; color: #be0300;\">Syst\u00e8me de fermeture automatique\u00a0<\/span><\/strong> Le syst\u00e8me de fermeture automatique unique r\u00e9duite le risque d\u2019une contamination involontaire de l\u2019unit\u00e9 par des particules lors du changement des filtres. <img loading=\"lazy\" decoding=\"async\" class=\"alignnone size-medium wp-image-16028\" src=\"https:\/\/www.clean-air.cz\/wp-content\/uploads\/2022\/04\/MedicAER-bottom-300x195.jpg\" alt=\"\" width=\"300\" height=\"195\" srcset=\"https:\/\/www.clean-air.cz\/wp-content\/uploads\/2022\/04\/MedicAER-bottom-300x195.jpg 300w, https:\/\/www.clean-air.cz\/wp-content\/uploads\/2022\/04\/MedicAER-bottom-1024x664.jpg 1024w, https:\/\/www.clean-air.cz\/wp-content\/uploads\/2022\/04\/MedicAER-bottom-768x498.jpg 768w, https:\/\/www.clean-air.cz\/wp-content\/uploads\/2022\/04\/MedicAER-bottom-1536x996.jpg 1536w, https:\/\/www.clean-air.cz\/wp-content\/uploads\/2022\/04\/MedicAER-bottom-800x519.jpg 800w, https:\/\/www.clean-air.cz\/wp-content\/uploads\/2022\/04\/MedicAER-bottom.jpg 1846w\" sizes=\"(max-width: 300px) 100vw, 300px\" \/>[\/vc_column_text][\/vc_column][vc_column width=\u00a0\u00bb1\/3&Prime;][vc_column_text]<strong><span style=\"font-size: 14pt; color: #be0300;\">Batterie longue dur\u00e9e <\/span><\/strong> La batterie longue dur\u00e9e permet de doubler le temps de fonctionnement. Plus besoin de changer de batterie ou de la recharger en cours d\u2019intervention, m\u00eame lorsque vous utilisez un filtre \u00e0 gaz ou un filtre combin\u00e9. <img loading=\"lazy\" decoding=\"async\" class=\"size-medium wp-image-9688 aligncenter\" src=\"https:\/\/www.clean-air.cz\/wp-content\/uploads\/2020\/06\/CleanAIR_2F_heavy_duty_battery-264x300.jpg\" alt=\"\" width=\"264\" height=\"300\" \/>[\/vc_column_text][\/vc_column][\/vc_row][vc_row][vc_column width=\u00a0\u00bb1\/3&Prime;][vc_column_text]<strong><span style=\"font-size: 14pt; color: #be0300;\">Compatible avec les combinaisons de protection PAPR Microgard\/Microchem<\/span><\/strong> Les combinaisons a\u00e9r\u00e9es avec air filtr\u00e9 (\u00e9quip\u00e9es de la technologie CleanAIR\u00ae MedicAER) et MICROGARD\u00ae\/MICROCHEM\u00ae offrent une protection des voies respiratoires, du visage et du corps contre les substances nocives comme les produits chimiques sous forme d\u2019a\u00e9rosols solides ou liquides, l\u2019amiante, la peinture, l\u2019huile, les graisses, les virus et les pathog\u00e8nes sanguins. <img loading=\"lazy\" decoding=\"async\" class=\"size-medium wp-image-9693 aligncenter\" src=\"https:\/\/www.clean-air.cz\/wp-content\/uploads\/2020\/06\/CleanAIR_2F_microgard_compatible-300x222.jpg\" alt=\"\" width=\"300\" height=\"222\" srcset=\"https:\/\/www.clean-air.cz\/wp-content\/uploads\/2020\/06\/CleanAIR_2F_microgard_compatible-300x222.jpg 300w, https:\/\/www.clean-air.cz\/wp-content\/uploads\/2020\/06\/CleanAIR_2F_microgard_compatible.jpg 526w\" sizes=\"(max-width: 300px) 100vw, 300px\" \/>[\/vc_column_text][\/vc_column][vc_column width=\u00a0\u00bb1\/3&Prime;][vc_column_text]<strong><span style=\"font-size: 14pt; color: #be0300;\">Diff\u00e9rentes options d\u2019alimentation \u00e9lectrique<\/span><\/strong> Vous pourrez choisir entre la batterie standard, la batterie longue dur\u00e9e ou la batterie principale non rechargeable. Outre le chargeur standard, diff\u00e9rentes options de chargeur sont disponibles, notamment avec prise voiture ou utilisant la prise secteur comme source d\u2019alimentation alternative.<\/p>\n<table style=\"border-collapse: collapse; width: 100%;\">\n<tbody>\n<tr>\n<td style=\"width: 50%;\">Transformateur 230 V \/ 24 V pour la prise secteur<\/td>\n<td style=\"width: 50%; text-align: center;\">51 00 15.1<\/td>\n<\/tr>\n<tr>\n<td style=\"width: 50%;\">Transformateur 12 V &#8211; 24 V pour la prise voiture<\/td>\n<td style=\"width: 50%; text-align: center;\">51 00 15.2<\/td>\n<\/tr>\n<\/tbody>\n<\/table>\n<p><img loading=\"lazy\" decoding=\"async\" class=\"size-medium wp-image-9698 aligncenter\" src=\"https:\/\/www.clean-air.cz\/wp-content\/uploads\/2020\/06\/power_adaptors-300x142.jpg\" alt=\"\" width=\"300\" height=\"142\" srcset=\"https:\/\/www.clean-air.cz\/wp-content\/uploads\/2020\/06\/power_adaptors-300x142.jpg 300w, https:\/\/www.clean-air.cz\/wp-content\/uploads\/2020\/06\/power_adaptors.jpg 526w\" sizes=\"(max-width: 300px) 100vw, 300px\" \/>[\/vc_column_text][\/vc_column][vc_column width=\u00a0\u00bb1\/3&Prime;][vc_column_text]<strong><span style=\"font-size: 14pt; color: #be0300;\">Batterie principale <\/span><\/strong> Batterie non rechargeable \u00e0 usage unique avec dur\u00e9e de conservation de 10 ans. La batterie est pr\u00eate \u00e0 tout moment et ne n\u00e9cessite pas de chargement. Un choix id\u00e9al pour les \u00e9quipes d\u2019urgence, les premiers secours ou les \u00e9quipes n\u2019ayant besoin d\u2019utiliser un respirateur qu\u2019en cas d\u2019urgence.<\/p>\n<table style=\"border-collapse: collapse; width: 100%;\">\n<tbody>\n<tr>\n<td style=\"width: 50%;\">Batterie principale Lithium<\/td>\n<td style=\"width: 50%; text-align: center;\">51 00 11<\/td>\n<\/tr>\n<\/tbody>\n<\/table>\n<p><img loading=\"lazy\" decoding=\"async\" class=\"size-medium wp-image-9703 aligncenter\" src=\"https:\/\/www.clean-air.cz\/wp-content\/uploads\/2020\/06\/Primary_battery-214x300.jpg\" alt=\"\" width=\"214\" height=\"300\" srcset=\"https:\/\/www.clean-air.cz\/wp-content\/uploads\/2020\/06\/Primary_battery-214x300.jpg 214w, https:\/\/www.clean-air.cz\/wp-content\/uploads\/2020\/06\/Primary_battery.jpg 347w\" sizes=\"(max-width: 214px) 100vw, 214px\" \/>[\/vc_column_text][\/vc_column][\/vc_row][vc_row][vc_column width=\u00a0\u00bb1\/2&Prime;][vc_column_text]<strong><span style=\"font-size: 14pt; color: #be0300;\">Harnais dorsal pour un meilleur soutien du dos et plus de confort\u00a0<\/span><\/strong><\/p>\n<table style=\"border-collapse: collapse; width: 100%;\">\n<tbody>\n<tr>\n<td style=\"width: 50%;\">Harnais de confort rembourr\u00e9<\/td>\n<td style=\"width: 50%; text-align: center;\">52 00 44.1<\/td>\n<\/tr>\n<tr>\n<td style=\"width: 50%;\">Harnais nettoyable<\/td>\n<td style=\"width: 50%; text-align: center;\">51 00 42<\/td>\n<\/tr>\n<\/tbody>\n<\/table>\n<p><img loading=\"lazy\" decoding=\"async\" class=\"size-medium wp-image-9708 aligncenter\" src=\"https:\/\/www.clean-air.cz\/wp-content\/uploads\/2020\/06\/CleanAIR_2F_back_harness-224x300.jpg\" alt=\"\" width=\"224\" height=\"300\" srcset=\"https:\/\/www.clean-air.cz\/wp-content\/uploads\/2020\/06\/CleanAIR_2F_back_harness-224x300.jpg 224w, https:\/\/www.clean-air.cz\/wp-content\/uploads\/2020\/06\/CleanAIR_2F_back_harness.jpg 526w\" sizes=\"(max-width: 224px) 100vw, 224px\" \/>[\/vc_column_text][\/vc_column][vc_column width=\u00a0\u00bb1\/2&Prime;][vc_column_text]<strong><span style=\"font-size: 14pt; color: #be0300;\">Protection maximale contre la p\u00e9n\u00e9tration de l\u2019eau IP68 et version ATEX<\/span><\/strong> Sa conception r\u00e9sistante et sa surface lisse permettent un nettoyage facile \u00e0 la douche ou m\u00eame par immersion compl\u00e8te. <strong>IP64<\/strong> Nettoyage sous la douche \u2013 protection compl\u00e8te contre les projections de liquides dans toutes les directions <strong>IP65<\/strong> Nettoyage sous la douche \u2013 protection compl\u00e8te contre les projections de liquides dans toutes les directions. <strong>IP68<\/strong> Nettoyage par immersion \u2013 protection compl\u00e8te en cas d\u2019immersion compl\u00e8te dans l\u2019eau ou dans une solution d\u00e9sinfectante. La d\u00e9sinfection de CleanAIR\u00ae MedicAER se fait avec une solution d\u2019hypochlorite de sodium et une solution p\u00e9roxyac\u00e9tique (Persteril). Disponible en version ATEX, utilisable dans des environnements pr\u00e9sentant un risque d\u2019explosion &#8211; approuv\u00e9 pour la zone 2.<\/p>\n<hr \/>\n<p><sup>1<\/sup>Lorsque le syst\u00e8me est activ\u00e9, \u00e9quip\u00e9 de filtres CleanAIR\u00ae <sup>2<\/sup>Lorsque le syst\u00e8me est activ\u00e9, \u00e9quip\u00e9 de filtres CleanAIR\u00ae int\u00e9grant un support pr\u00e9-filtre et des pare-\u00e9tincelles <sup>3<\/sup>Lorsque le syst\u00e8me est d\u00e9sactiv\u00e9, \u00e9quip\u00e9s de bouchons de d\u00e9contamination <img loading=\"lazy\" decoding=\"async\" class=\"alignnone size-medium wp-image-15998\" src=\"https:\/\/www.clean-air.cz\/wp-content\/uploads\/2022\/04\/MedicAER_Ex_belt-iso-300x214.jpg\" alt=\"\" width=\"300\" height=\"214\" srcset=\"https:\/\/www.clean-air.cz\/wp-content\/uploads\/2022\/04\/MedicAER_Ex_belt-iso-300x214.jpg 300w, https:\/\/www.clean-air.cz\/wp-content\/uploads\/2022\/04\/MedicAER_Ex_belt-iso.jpg 582w\" sizes=\"(max-width: 300px) 100vw, 300px\" \/>[\/vc_column_text][\/vc_column][\/vc_row][vc_row][vc_column][vc_tta_tabs style=\u00a0\u00bbmodern\u00a0\u00bb shape=\u00a0\u00bbsquare\u00a0\u00bb active_section=\u00a0\u00bb1&Prime; no_fill_content_area=\u00a0\u00bbtrue\u00a0\u00bb title=\u00a0\u00bbD\u00e9tails\u00a0\u00bb][vc_tta_section i_icon_fontawesome=\u00a0\u00bbfa fa-industry\u00a0\u00bb add_icon=\u00a0\u00bbtrue\u00a0\u00bb title=\u00a0\u00bbDomaines d\u2019application\u00a0\u00bb tab_id=\u00a0\u00bb1513150336358-68add988-e9ea\u00a0\u00bb][vc_column_text]<span style=\"color: #be0300;\"><strong>Domaines d\u2019application<\/strong><\/span><\/p>\n<ul>\n<li>Soins de sant\u00e9 et interventions d\u2019urgence<\/li>\n<li>Laboratoires et secteur pharmaceutique<\/li>\n<\/ul>\n<p>[\/vc_column_text][\/vc_tta_section][vc_tta_section i_icon_fontawesome=\u00a0\u00bbfa fa-thumbs-o-up\u00a0\u00bb add_icon=\u00a0\u00bbtrue\u00a0\u00bb title=\u00a0\u00bbCaract\u00e9ristiques et avantages\u00a0\u00bb tab_id=\u00a0\u00bb1513150336359-b7b65468-8021&Prime;][vc_column_text]<span style=\"color: #be0300;\"><strong>Caract\u00e9ristiques et avantages<\/strong><\/span><\/p>\n<ul>\n<li>Conception compacte, l\u00e9g\u00e8re<\/li>\n<li>D\u00e9contamination sous la douche<\/li>\n<li>Permet la d\u00e9sinfection par immersion avec de l\u2019hypochlorure de sodium ou du Persteril[1]<\/li>\n<li>Syst\u00e8me de fermeture automatique unique<\/li>\n<li>Grande durabilit\u00e9 m\u00e9canique et r\u00e9sistante chimique<\/li>\n<li>R\u00e9glage de d\u00e9bit individuel 120-235 l\/min<\/li>\n<li>\u00c9cran TFT en couleurs riches<\/li>\n<\/ul>\n<p>[\/vc_column_text][\/vc_tta_section][vc_tta_section i_icon_fontawesome=\u00a0\u00bbfa fa-cog\u00a0\u00bb add_icon=\u00a0\u00bbtrue\u00a0\u00bb title=\u00a0\u00bbKits complets, accessoires, filtres\u00a0\u00bb tab_id=\u00a0\u00bb1513153137048-5f8c31c5-30ea\u00a0\u00bb][vc_column_text]<\/p>\n<table style=\"width: 100%; height: 648px;\">\n<tbody>\n<tr style=\"height: 24px;\">\n<td style=\"text-align: left; width: 99.84%; height: 24px;\" colspan=\"2\"><span style=\"color: #be0300;\"><strong>Complete sets<\/strong><\/span><\/td>\n<\/tr>\n<tr style=\"height: 24px;\">\n<td style=\"text-align: left; width: 82.4%; height: 24px;\">Gebl\u00e4se-Atemschutzger\u00e4t CleanAIR\u00ae MedicAER, QuickLOCK\u00ae Light Flexi-Schlauch, auswechselbarer Akku, Ladeger\u00e4t (EURO-Stecker), gepolsterter Komfort-Gurt und Durchflussanzeige<\/td>\n<td style=\"text-align: center; width: 17.44%; height: 24px;\">51M000FC<\/td>\n<\/tr>\n<tr style=\"height: 48px;\">\n<td style=\"text-align: left; width: 82.4%; height: 48px;\">Gebl\u00e4se-Atemschutzger\u00e4t CleanAIR\u00ae MedicAER, QuickLOCK\u00ae Light Flexi-Schlauch, auswechselbarer Akku, Ladeger\u00e4t (EURO-Stecker), PVC-Gurt und Durchflussanzeiger<\/td>\n<td style=\"text-align: center; width: 17.44%; height: 48px;\">51M000FD<\/td>\n<\/tr>\n<tr style=\"height: 24px;\">\n<td style=\"text-align: left; width: 99.84%; height: 24px;\" colspan=\"2\"><span style=\"color: #be0300;\"><strong>Spare parts, accessories<\/strong><\/span><\/td>\n<\/tr>\n<tr style=\"height: 24px;\">\n<td style=\"text-align: left; width: 82.4%; height: 24px;\">Decontaminable belt<\/td>\n<td style=\"text-align: center; width: 17.44%; height: 24px;\">510041<\/td>\n<\/tr>\n<tr style=\"height: 24px;\">\n<td style=\"text-align: left; width: 82.4%; height: 24px;\">Decontaminable harness<\/td>\n<td style=\"text-align: center; width: 17.44%; height: 24px;\">510042<\/td>\n<\/tr>\n<tr style=\"height: 24px;\">\n<td style=\"text-align: left; width: 82.4%; height: 24px;\">Comfort padded belt<\/td>\n<td style=\"text-align: center; width: 17.44%; height: 24px;\">710092<\/td>\n<\/tr>\n<tr style=\"height: 24px;\">\n<td style=\"text-align: left; width: 82.4%; height: 24px;\">Comfort padded harness<\/td>\n<td style=\"text-align: center; width: 17.44%; height: 24px;\">520044.1<\/td>\n<\/tr>\n<tr style=\"height: 24px;\">\n<td style=\"text-align: left; width: 82.4%; height: 24px;\">Battery MedicAER\u00ae Li-Ion 14,4V \/ 2,6Ah<\/td>\n<td style=\"text-align: center; width: 17.44%; height: 24px;\">51M010<\/td>\n<\/tr>\n<tr style=\"height: 24px;\">\n<td style=\"text-align: left; width: 82.4%; height: 24px;\">Battery MedicAER\u00ae Heavy Duty Li-Ion 14,4V \/ 5,2Ah<\/td>\n<td style=\"text-align: center; width: 17.44%; height: 24px;\">51M020<\/td>\n<\/tr>\n<tr style=\"height: 24px;\">\n<td style=\"text-align: left; width: 82.4%; height: 24px;\">Battery charger Euro-plug<\/td>\n<td style=\"text-align: center; width: 17.44%; height: 24px;\">510030EUR<\/td>\n<\/tr>\n<tr style=\"height: 24px;\">\n<td style=\"text-align: left; width: 82.4%; height: 24px;\">Battery charger UK-plug<\/td>\n<td style=\"text-align: center; width: 17.44%; height: 24px;\">510030UK<\/td>\n<\/tr>\n<tr style=\"height: 24px;\">\n<td style=\"text-align: left; width: 82.4%; height: 24px;\">Air hose QuickLOCK\u2122 \u2013 CA40x1\/7\u201c<\/td>\n<td style=\"text-align: center; width: 17.44%; height: 24px;\">710060<\/td>\n<\/tr>\n<tr style=\"height: 24px;\">\n<td style=\"text-align: left; width: 82.4%; height: 24px;\">Air hose CA-40&#215;1\/7\u201c \u2013 CA40x1\/7\u201c<\/td>\n<td style=\"text-align: center; width: 17.44%; height: 24px;\">700060*<\/td>\n<\/tr>\n<tr style=\"height: 24px;\">\n<td style=\"text-align: left; width: 82.4%; height: 24px;\">Air hose QuickLOCK\u2122 \u2013 CA40x1\/7\u201c, rubber<\/td>\n<td style=\"text-align: center; width: 17.44%; height: 24px;\">710086<\/td>\n<\/tr>\n<tr style=\"height: 24px;\">\n<td style=\"text-align: left; width: 82.4%; height: 24px;\">Air hose CA-40&#215;1\/7\u201c \u2013 CA40x1\/7\u201c, rubber<\/td>\n<td style=\"text-align: center; width: 17.44%; height: 24px;\">700086CA*<\/td>\n<\/tr>\n<tr style=\"height: 24px;\">\n<td style=\"text-align: left; width: 82.4%; height: 24px;\">Hose cover chemical resistant<\/td>\n<td style=\"text-align: center; width: 17.44%; height: 24px;\">70 00 62C<\/td>\n<\/tr>\n<tr style=\"height: 24px;\">\n<td style=\"text-align: left; width: 82.4%; height: 24px;\">Decontamination set (2x plug, 1x cover)<\/td>\n<td style=\"text-align: center; width: 17.44%; height: 24px;\">51 00 46<\/td>\n<\/tr>\n<tr style=\"height: 24px;\">\n<td style=\"text-align: left; width: 82.4%; height: 24px;\">Decontamination filter cover, rubber<\/td>\n<td style=\"text-align: center; width: 17.44%; height: 24px;\">58 00 13<\/td>\n<\/tr>\n<tr>\n<td style=\"text-align: left; width: 82.4%;\" colspan=\"2\"><span style=\"color: #be0300;\"><strong>Compatible filters<\/strong><\/span><\/td>\n<\/tr>\n<tr>\n<td style=\"text-align: left; width: 82.4%;\" colspan=\"2\"><em>Compatible with all the CleanAIR\u00ae particle and combined filters with RD40\u00d71\/7\u201c thread &#8211; <a href=\"https:\/\/www.clean-air.cz\/fr\/product-certificates\/filters-2\/\">clean-air.cz\/filters<\/a><\/em><\/td>\n<\/tr>\n<\/tbody>\n<\/table>\n<p>[\/vc_column_text][\/vc_tta_section][vc_tta_section i_icon_fontawesome=\u00a0\u00bbfa fa-wrench\u00a0\u00bb add_icon=\u00a0\u00bbtrue\u00a0\u00bb title=\u00a0\u00bbDonn\u00e9es techniques\u00a0\u00bb tab_id=\u00a0\u00bb1513153797992-792040b0-82c9&Prime;][vc_column_text]<\/p>\n<table>\n<tbody>\n<tr>\n<td style=\"text-align: left;\">Poids<\/td>\n<td style=\"text-align: center;\">1000 g (avec batterie standard, sans filtres)<\/td>\n<\/tr>\n<tr>\n<td style=\"text-align: left;\">Dimensions<\/td>\n<td style=\"text-align: center;\">235 mm \/ 126 mm \/ 65 mm (avec batterie standard)<\/td>\n<\/tr>\n<tr>\n<td style=\"text-align: left;\">D\u00e9bit d\u2019air<\/td>\n<td style=\"text-align: center;\">r\u00e9glable 120 &#8211; 235 l\/min<\/td>\n<\/tr>\n<tr>\n<td style=\"text-align: left;\">Alerte<\/td>\n<td style=\"text-align: center;\">sonore et visuelle<\/td>\n<\/tr>\n<tr>\n<td style=\"text-align: left;\">Temps de fonctionnement*\/de chargement<\/td>\n<td style=\"text-align: center;\">&lt; 10 \/ &lt; 3 h batterie standard &lt; 20 \/ &lt; 6 h batterie longue dur\u00e9e<\/td>\n<\/tr>\n<tr>\n<td style=\"text-align: left;\">Batterie<\/td>\n<td style=\"text-align: center;\">Li-Ion 14,4 V \/ 2,6 Ah (batterie standard) Li-Ion 14,4 V \/ 5,2 Ah (batterie longue dur\u00e9e)<\/td>\n<\/tr>\n<tr>\n<td style=\"text-align: left;\">Raccord de tuyau<\/td>\n<td style=\"text-align: center;\">CA40x1\/7&Prime;<\/td>\n<\/tr>\n<tr>\n<td style=\"text-align: left;\">Certification<\/td>\n<td style=\"text-align: center;\">EN 12941 TH3 EN 12942 TM3 Protection contre les intrusions IP64\/IP65\/IP68<\/td>\n<\/tr>\n<tr>\n<td style=\"text-align: left;\" colspan=\"2\">* \u00e0 160 l\/min avec des filtres P R SL neufs et une batterie compl\u00e8tement charg\u00e9e<\/td>\n<\/tr>\n<\/tbody>\n<\/table>\n<p>[\/vc_column_text][\/vc_tta_section][vc_tta_section i_icon_fontawesome=\u00a0\u00bbfa fa-download\u00a0\u00bb add_icon=\u00a0\u00bbtrue\u00a0\u00bb title=\u00a0\u00bbT\u00e9l\u00e9chargements\u00a0\u00bb tab_id=\u00a0\u00bb1513154098935-95c74e4f-fa1e\u00a0\u00bb][vc_column_text]<a href=\"https:\/\/www.clean-air.cz\/wp-content\/uploads\/2021\/05\/User-manual-NA-068-R02-CleanAIR-MedicAER-DIGI.pdf\" target=\"_blank\" rel=\"noopener\">User manual &#8211; NA-068-R02<\/a><\/p>\n<p><a href=\"https:\/\/www.clean-air.cz\/wp-content\/uploads\/2023\/07\/PS-51M000-1-R2-MedicAER.pdf\">PS-51M000-1-R2 MedicAER<\/a><\/p>\n<p><a href=\"https:\/\/www.clean-air.cz\/wp-content\/uploads\/2021\/05\/DA-080_-_51EM00_-_MedicAER_Ex_-_EN.pdf\">Datasheet -_MedicAER_Ex_-_EN<\/a><\/p>\n<p><a href=\"https:\/\/www.clean-air.cz\/wp-content\/uploads\/2022\/04\/2021_MedicAER_Headtops_Sets_brochureEN.pdf\">MedicAER_Headtops_Sets_brochure EN<\/a>[\/vc_column_text][\/vc_tta_section][vc_tta_section i_icon_fontawesome=\u00a0\u00bbfa fa-picture-o\u00a0\u00bb add_icon=\u00a0\u00bbtrue\u00a0\u00bb title=\u00a0\u00bbGalerie\u00a0\u00bb tab_id=\u00a0\u00bb1515415801460-0c2258c9-4574&Prime;][vc_gallery type=\u00a0\u00bbimage_grid\u00a0\u00bb images=\u00a0\u00bb15931,16079,16073,16061,16025&Prime; img_size=\u00a0\u00bbmedium\u00a0\u00bb css_animation=\u00a0\u00bbfadeIn\u00a0\u00bb css=\u00a0\u00bb.vc_custom_1650970755915{padding-left: 280px !important;}\u00a0\u00bb][\/vc_tta_section][\/vc_tta_tabs][\/vc_column][\/vc_row][vc_row][vc_column][vc_separator color=\u00a0\u00bbjuicy_pink\u00a0\u00bb][\/vc_column][\/vc_row]<\/p>\n","protected":false},"excerpt":{"rendered":"<p>[vc_row][vc_column width=\u00a0\u00bb1\/2&Prime;][vc_gallery interval=\u00a0\u00bb0&Prime; images=\u00a0\u00bb16013,16019,16025,16031,16037,16043,16049,16061,16079,16091,16097&Prime; img_size=\u00a0\u00bblarge\u00a0\u00bb][\/vc_column][vc_column width=\u00a0\u00bb1\/2&Prime;][vc_column_text]Respirateur \u00e0 \u00e9puration d\u2019air \u00e9lectrique sp\u00e9cialement con\u00e7u pour la protection du personnel de sant\u00e9, des \u00e9quipes d\u2019urgence ou d\u2019autres professionnels confront\u00e9s \u00e0 une contamination biologique et virale. La conception permet une d\u00e9contamination facile dans une douche ou m\u00eame une d\u00e9sinfection par immersion. Le syst\u00e8me de fermeture automatique unique r\u00e9duite le risque d\u2019une contamination involontaire de l\u2019unit\u00e9 par des particules lors du changement des filtres. Un<\/p>\n<p><a class=\"more-link\" href=\"https:\/\/www.clean-air.cz\/fr\/papr\/cleanair-medicaer\/\">Lire la suite&#8230;<\/a><\/p>\n","protected":false},"author":11,"featured_media":0,"parent":5338,"menu_order":0,"comment_status":"closed","ping_status":"closed","template":"","meta":{"footnotes":""},"_links":{"self":[{"href":"https:\/\/www.clean-air.cz\/fr\/wp-json\/wp\/v2\/pages\/16385"}],"collection":[{"href":"https:\/\/www.clean-air.cz\/fr\/wp-json\/wp\/v2\/pages"}],"about":[{"href":"https:\/\/www.clean-air.cz\/fr\/wp-json\/wp\/v2\/types\/page"}],"author":[{"embeddable":true,"href":"https:\/\/www.clean-air.cz\/fr\/wp-json\/wp\/v2\/users\/11"}],"replies":[{"embeddable":true,"href":"https:\/\/www.clean-air.cz\/fr\/wp-json\/wp\/v2\/comments?post=16385"}],"version-history":[{"count":0,"href":"https:\/\/www.clean-air.cz\/fr\/wp-json\/wp\/v2\/pages\/16385\/revisions"}],"up":[{"embeddable":true,"href":"https:\/\/www.clean-air.cz\/fr\/wp-json\/wp\/v2\/pages\/5338"}],"wp:attachment":[{"href":"https:\/\/www.clean-air.cz\/fr\/wp-json\/wp\/v2\/media?parent=16385"}],"curies":[{"name":"wp","href":"https:\/\/api.w.org\/{rel}","templated":true}]}}