{"id":16380,"date":"2022-05-03T14:28:15","date_gmt":"2022-05-03T12:28:15","guid":{"rendered":"https:\/\/www.clean-air.cz\/ready-2-care-sets\/ready-2-care-set-medicaer-avec-filtres-p3-ca-10\/"},"modified":"2022-05-06T13:11:04","modified_gmt":"2022-05-06T11:11:04","slug":"ready-2-care-set-medicaer-avec-filtres-p3-ca-10","status":"publish","type":"page","link":"https:\/\/www.clean-air.cz\/fr\/ready-2-care-sets\/ready-2-care-set-medicaer-avec-filtres-p3-ca-10\/","title":{"rendered":"Ready 2 Care set MedicAER avec filtres CA-10 &#038; P3"},"content":{"rendered":"<p>[vc_row][vc_column width=\u00a0\u00bb1\/2&Prime;][vc_gallery interval=\u00a0\u00bb0&Prime; images=\u00a0\u00bb16152&Prime; img_size=\u00a0\u00bblarge\u00a0\u00bb][\/vc_column][vc_column width=\u00a0\u00bb1\/2&Prime;][vc_column_text]<strong><span style=\"font-size: 14pt; color: #be0300;\">Bien prot\u00e9g\u00e9 pour aider les autres<\/span><\/strong><\/p>\n<p>Protection respiratoire \u00e0 haut rendement pour les travailleurs de la sant\u00e9. Le set comprend un respirateur \u00e0 \u00e9puration d\u2019air \u00e9lectrique sp\u00e9cialement con\u00e7u pour les professionnelsde la protection confront\u00e9s \u00e0 une contamination biologique et virale, une cagoule CA-10 r\u00e9sistante aux produits chimiques, 8 filtres particulaires P3 et d\u2019autres accessoires n\u00e9cessaires, le tout dans un emballage pratique.[\/vc_column_text][\/vc_column][\/vc_row][vc_row][vc_column css=\u00a0\u00bb.vc_custom_1591947369886{margin-top: -100px !important;}\u00a0\u00bb][vc_column_text]<span style=\"font-size: 18pt;\">Contenu de la bo\u00eete<\/span>[\/vc_column_text][\/vc_column][\/vc_row][vc_row][vc_column width=\u00a0\u00bb1\/3&Prime;][vc_column_text css=\u00a0\u00bb.vc_custom_1651835501863{margin-bottom: 30px !important;}\u00a0\u00bb]<span style=\"color: #be0300; font-size: 14pt;\"><strong>CleanAIR<sup>\u00ae<\/sup> CA-10<\/strong><\/span><\/p>\n<p>Masque CA-10 r\u00e9sistant aux produits chimiques et facile \u00e0 d\u00e9contaminer. <img loading=\"lazy\" decoding=\"async\" class=\"alignnone size-medium wp-image-10396\" src=\"https:\/\/www.clean-air.cz\/wp-content\/uploads\/2020\/06\/CA-10-300x234.jpg\" alt=\"\" width=\"300\" height=\"234\" srcset=\"https:\/\/www.clean-air.cz\/wp-content\/uploads\/2020\/06\/CA-10-300x234.jpg 300w, https:\/\/www.clean-air.cz\/wp-content\/uploads\/2020\/06\/CA-10.jpg 526w\" sizes=\"(max-width: 300px) 100vw, 300px\" \/>[\/vc_column_text][vc_btn title=\u00a0\u00bbMontrer le produit\u00a0\u00bb shape=\u00a0\u00bbsquare\u00a0\u00bb color=\u00a0\u00bbdanger\u00a0\u00bb align=\u00a0\u00bbcenter\u00a0\u00bb link=\u00a0\u00bburl:https%3A%2F%2Fwww.clean-air.cz%2Ffr%2Fheadtops%2Flight-hoods%2Flong-hood-ca-10%2F|title:Montrer%20le%20produit|\u00a0\u00bb][\/vc_column][vc_column width=\u00a0\u00bb1\/3&Prime;][vc_column_text]<strong><span style=\"font-size: 14pt; color: #be0300;\">CleanAIR<sup>\u00ae<\/sup> MedicAER<\/span><\/strong><\/p>\n<p>Respirateur \u00e0 \u00e9puration d\u2019air \u00e9lectrique sp\u00e9cifiquement con\u00e7u pour la protection du personnel de sant\u00e9, des \u00e9quipes d\u2019urgence ou d\u2019autres professionnels confront\u00e9s \u00e0 une contamination biologiqueet virale.<\/p>\n<p><img loading=\"lazy\" decoding=\"async\" class=\"alignnone size-medium wp-image-15928\" src=\"https:\/\/www.clean-air.cz\/wp-content\/uploads\/2022\/04\/MedicAER-iso-300x202.jpg\" alt=\"\" width=\"300\" height=\"202\" srcset=\"https:\/\/www.clean-air.cz\/wp-content\/uploads\/2022\/04\/MedicAER-iso-300x202.jpg 300w, https:\/\/www.clean-air.cz\/wp-content\/uploads\/2022\/04\/MedicAER-iso-1024x690.jpg 1024w, https:\/\/www.clean-air.cz\/wp-content\/uploads\/2022\/04\/MedicAER-iso-768x517.jpg 768w, https:\/\/www.clean-air.cz\/wp-content\/uploads\/2022\/04\/MedicAER-iso-1536x1035.jpg 1536w, https:\/\/www.clean-air.cz\/wp-content\/uploads\/2022\/04\/MedicAER-iso-800x539.jpg 800w, https:\/\/www.clean-air.cz\/wp-content\/uploads\/2022\/04\/MedicAER-iso.jpg 1686w\" sizes=\"(max-width: 300px) 100vw, 300px\" \/>[\/vc_column_text][vc_btn title=\u00a0\u00bbMontrer le produit\u00a0\u00bb shape=\u00a0\u00bbsquare\u00a0\u00bb color=\u00a0\u00bbdanger\u00a0\u00bb align=\u00a0\u00bbcenter\u00a0\u00bb link=\u00a0\u00bburl:https%3A%2F%2Fwww.clean-air.cz%2Ffr%2Fpapr%2Fcleanair-medicaer%2F|title:Montrer%20le%20produit|\u00a0\u00bb][\/vc_column][vc_column width=\u00a0\u00bb1\/3&Prime;][vc_column_text]<strong><span style=\"font-size: 14pt; color: #be0300;\">Accessoires\u00a0<\/span><\/strong><\/p>\n<p>8 filtres P3, tuyau d\u2019air, QuickLOCK\u2122, tuyau d\u2019air, indicateur de d\u00e9bit, set de d\u00e9contamination (2 bouchons avec filetage ext\u00e9rieur, 1\u00a0bouchon avec filetage int\u00e9rieur), chargeur de batterie, 2 batteries Li-Ion. <img loading=\"lazy\" decoding=\"async\" class=\"alignnone size-medium wp-image-15529\" src=\"https:\/\/www.clean-air.cz\/wp-content\/uploads\/2022\/04\/CleanAIR_bag-iso-300x261.jpg\" alt=\"\" width=\"300\" height=\"261\" srcset=\"https:\/\/www.clean-air.cz\/wp-content\/uploads\/2022\/04\/CleanAIR_bag-iso-300x261.jpg 300w, https:\/\/www.clean-air.cz\/wp-content\/uploads\/2022\/04\/CleanAIR_bag-iso.jpg 624w\" sizes=\"(max-width: 300px) 100vw, 300px\" \/>[\/vc_column_text][\/vc_column][\/vc_row]<\/p>\n","protected":false},"excerpt":{"rendered":"<p>[vc_row][vc_column width=\u00a0\u00bb1\/2&Prime;][vc_gallery interval=\u00a0\u00bb0&Prime; images=\u00a0\u00bb16152&Prime; img_size=\u00a0\u00bblarge\u00a0\u00bb][\/vc_column][vc_column width=\u00a0\u00bb1\/2&Prime;][vc_column_text]Bien prot\u00e9g\u00e9 pour aider les autres Protection respiratoire \u00e0 haut rendement pour les travailleurs de la sant\u00e9. Le set comprend un respirateur \u00e0 \u00e9puration d\u2019air \u00e9lectrique sp\u00e9cialement con\u00e7u pour les professionnelsde la protection confront\u00e9s \u00e0 une contamination biologique et virale, une cagoule CA-10 r\u00e9sistante aux produits chimiques, 8 filtres particulaires P3 et d\u2019autres accessoires n\u00e9cessaires, le tout dans un emballage pratique.[\/vc_column_text][\/vc_column][\/vc_row][vc_row][vc_column css=\u00a0\u00bb.vc_custom_1591947369886{margin-top: -100px !important;}\u00a0\u00bb][vc_column_text]Contenu de<\/p>\n<p><a class=\"more-link\" href=\"https:\/\/www.clean-air.cz\/fr\/ready-2-care-sets\/ready-2-care-set-medicaer-avec-filtres-p3-ca-10\/\">Lire la suite&#8230;<\/a><\/p>\n","protected":false},"author":11,"featured_media":0,"parent":16366,"menu_order":0,"comment_status":"closed","ping_status":"closed","template":"","meta":{"footnotes":""},"_links":{"self":[{"href":"https:\/\/www.clean-air.cz\/fr\/wp-json\/wp\/v2\/pages\/16380"}],"collection":[{"href":"https:\/\/www.clean-air.cz\/fr\/wp-json\/wp\/v2\/pages"}],"about":[{"href":"https:\/\/www.clean-air.cz\/fr\/wp-json\/wp\/v2\/types\/page"}],"author":[{"embeddable":true,"href":"https:\/\/www.clean-air.cz\/fr\/wp-json\/wp\/v2\/users\/11"}],"replies":[{"embeddable":true,"href":"https:\/\/www.clean-air.cz\/fr\/wp-json\/wp\/v2\/comments?post=16380"}],"version-history":[{"count":0,"href":"https:\/\/www.clean-air.cz\/fr\/wp-json\/wp\/v2\/pages\/16380\/revisions"}],"up":[{"embeddable":true,"href":"https:\/\/www.clean-air.cz\/fr\/wp-json\/wp\/v2\/pages\/16366"}],"wp:attachment":[{"href":"https:\/\/www.clean-air.cz\/fr\/wp-json\/wp\/v2\/media?parent=16380"}],"curies":[{"name":"wp","href":"https:\/\/api.w.org\/{rel}","templated":true}]}}