{"id":16255,"date":"2022-05-02T15:30:39","date_gmt":"2022-05-02T13:30:39","guid":{"rendered":"https:\/\/www.clean-air.cz\/ready-2-weld-set-verus-air-basic\/"},"modified":"2022-05-05T09:07:51","modified_gmt":"2022-05-05T07:07:51","slug":"ready-2-weld-set-verus-air-basic","status":"publish","type":"page","link":"https:\/\/www.clean-air.cz\/fr\/ready-2-weld-sets\/ready-2-weld-set-verus-air-basic\/","title":{"rendered":"Ready 2 Weld set Verus air &#038; Basic"},"content":{"rendered":"<p>[vc_row][vc_column width=\u00a0\u00bb1\/2&Prime;][vc_gallery interval=\u00a0\u00bb0&Prime; images=\u00a0\u00bb15569&Prime; img_size=\u00a0\u00bblarge\u00a0\u00bb][\/vc_column][vc_column width=\u00a0\u00bb1\/2&Prime;][vc_column_text]<strong><span style=\"font-size: 14pt; color: #be0300;\">Une protection optimale pour chaque soudeur<\/span><\/strong><!-- wpml:html_fragment <\/p>\n\n --><\/p>\n<p>Le coffret pr\u00eat-\u00e0-souder est tout ce dont vous avez besoin pour travailler dans un seul paquet.<\/p>\n<p>Le coffret comprend un casque de soudage auto-obscurcissant Verus avec un syst\u00e8me de distribution d\u2019air int\u00e9gr\u00e9 avanc\u00e9, un masque de purification d\u2019air \u00e9lectrique \u00e9prouv\u00e9&nbsp;Basic et tous les accessoires n\u00e9cessaires. Tout l\u2019\u00e9quipement est rang\u00e9 dans un sac de transport pratique CleanAIR.[\/vc_column_text][\/vc_column][\/vc_row][vc_row][vc_column css=\u00a0\u00bb.vc_custom_1591947369886{margin-top: -100px !important;}\u00a0\u00bb][vc_column_text]<span style=\"font-size: 18pt;\">Contenu de la bo\u00eete<\/span>[\/vc_column_text][\/vc_column][\/vc_row][vc_row][vc_column width=\u00a0\u00bb1\/3&Prime;][vc_column_text css=\u00a0\u00bb.vc_custom_1651129044638{margin-bottom: 30px !important;}\u00a0\u00bb]<span style=\"color: #be0300; font-size: 14pt;\"><strong>CleanAIR<sup>\u00ae<\/sup> Verus air<\/strong><\/span><!-- wpml:html_fragment <\/p>\n\n --><\/p>\n<p>Casque de soudage auto-obscurcissant avec un syst\u00e8me de distribution d\u2019air int\u00e9gr\u00e9 avanc\u00e9 pour le confort et la protection respiratoire de l\u2019utilisateur sans compromis.<\/p>\n<p><img loading=\"lazy\" decoding=\"async\" class=\"alignnone size-medium wp-image-14710\" src=\"https:\/\/www.clean-air.cz\/wp-content\/uploads\/2022\/01\/703001_Verus_air-iso-300x300.jpg\" alt=\"\" width=\"300\" height=\"300\" srcset=\"https:\/\/www.clean-air.cz\/wp-content\/uploads\/2022\/01\/703001_Verus_air-iso-300x300.jpg 300w, https:\/\/www.clean-air.cz\/wp-content\/uploads\/2022\/01\/703001_Verus_air-iso-1024x1024.jpg 1024w, https:\/\/www.clean-air.cz\/wp-content\/uploads\/2022\/01\/703001_Verus_air-iso-150x150.jpg 150w, https:\/\/www.clean-air.cz\/wp-content\/uploads\/2022\/01\/703001_Verus_air-iso-768x768.jpg 768w, https:\/\/www.clean-air.cz\/wp-content\/uploads\/2022\/01\/703001_Verus_air-iso-800x800.jpg 800w, https:\/\/www.clean-air.cz\/wp-content\/uploads\/2022\/01\/703001_Verus_air-iso-250x250.jpg 250w, https:\/\/www.clean-air.cz\/wp-content\/uploads\/2022\/01\/703001_Verus_air-iso.jpg 1200w\" sizes=\"(max-width: 300px) 100vw, 300px\" \/>[\/vc_column_text][vc_btn title=\u00a0\u00bbMontrer le produit\u00a0\u00bb shape=\u00a0\u00bbsquare\u00a0\u00bb color=\u00a0\u00bbdanger\u00a0\u00bb align=\u00a0\u00bbcenter\u00a0\u00bb link=\u00a0\u00bburl:https%3A%2F%2Fwww.clean-air.cz%2Fheadtops%2Fwelding-helmets%2Fverus%2F|title:Montrer%20le%20produit|\u00a0\u00bb][\/vc_column][vc_column width=\u00a0\u00bb1\/3&Prime;][vc_column_text]<strong><span style=\"font-size: 14pt; color: #be0300;\">CleanAIR<sup>\u00ae<\/sup> Basic<\/span><\/strong><!-- wpml:html_fragment <\/p>\n\n --><\/p>\n<p>Respirateur \u00e9lectrique \u00e0 \u00e9puration d\u2019air avec filtre \u00e0 particules et batterie Li-ion.<\/p>\n<p><img loading=\"lazy\" decoding=\"async\" class=\"alignnone size-medium wp-image-10773\" src=\"https:\/\/www.clean-air.cz\/wp-content\/uploads\/2020\/06\/Basic_without_belt-iso-copy-300x262.jpg\" alt=\"\" width=\"300\" height=\"262\" srcset=\"https:\/\/www.clean-air.cz\/wp-content\/uploads\/2020\/06\/Basic_without_belt-iso-copy-300x262.jpg 300w, https:\/\/www.clean-air.cz\/wp-content\/uploads\/2020\/06\/Basic_without_belt-iso-copy.jpg 595w\" sizes=\"(max-width: 300px) 100vw, 300px\" \/>[\/vc_column_text][vc_btn title=\u00a0\u00bbMontrer le produit\u00a0\u00bb shape=\u00a0\u00bbsquare\u00a0\u00bb color=\u00a0\u00bbdanger\u00a0\u00bb align=\u00a0\u00bbcenter\u00a0\u00bb link=\u00a0\u00bburl:https%3A%2F%2Fwww.clean-air.cz%2Ffr%2Fpapr%2Fbasic%2F|title:Montrer%20le%20produit|\u00a0\u00bb][\/vc_column][vc_column width=\u00a0\u00bb1\/3&Prime;][vc_column_text]<strong><span style=\"font-size: 14pt; color: #be0300;\">Accessoires&nbsp;<\/span><\/strong><!-- wpml:html_fragment <\/p>\n\n --><\/p>\n<p>Tuyau QuickLOCK\u2122, batterie, chargeur, emball\u00e9s dans un sac de qualit\u00e9 CleanAIR\u00ae.<\/p>\n<p><img loading=\"lazy\" decoding=\"async\" class=\"alignnone size-medium wp-image-15529\" src=\"https:\/\/www.clean-air.cz\/wp-content\/uploads\/2022\/04\/CleanAIR_bag-iso-300x261.jpg\" alt=\"\" width=\"300\" height=\"261\" srcset=\"https:\/\/www.clean-air.cz\/wp-content\/uploads\/2022\/04\/CleanAIR_bag-iso-300x261.jpg 300w, https:\/\/www.clean-air.cz\/wp-content\/uploads\/2022\/04\/CleanAIR_bag-iso.jpg 624w\" sizes=\"(max-width: 300px) 100vw, 300px\" \/>[\/vc_column_text][\/vc_column][\/vc_row]<!-- wpml:html_fragment <\/p>\n\n --><\/p>\n","protected":false},"excerpt":{"rendered":"<p>[vc_row][vc_column width=\u00a0\u00bb1\/2&Prime;][vc_gallery interval=\u00a0\u00bb0&Prime; images=\u00a0\u00bb15569&Prime; img_size=\u00a0\u00bblarge\u00a0\u00bb][\/vc_column][vc_column width=\u00a0\u00bb1\/2&Prime;][vc_column_text]Une protection optimale pour chaque soudeur Le coffret pr\u00eat-\u00e0-souder est tout ce dont vous avez besoin pour travailler dans un seul paquet. Le coffret comprend un casque de soudage auto-obscurcissant Verus avec un syst\u00e8me de distribution d\u2019air int\u00e9gr\u00e9 avanc\u00e9, un masque de purification d\u2019air \u00e9lectrique \u00e9prouv\u00e9&nbsp;Basic et tous les accessoires n\u00e9cessaires. Tout l\u2019\u00e9quipement est rang\u00e9 dans un sac de transport pratique CleanAIR.[\/vc_column_text][\/vc_column][\/vc_row][vc_row][vc_column css=\u00a0\u00bb.vc_custom_1591947369886{margin-top: -100px !important;}\u00a0\u00bb][vc_column_text]Contenu<\/p>\n<p><a class=\"more-link\" href=\"https:\/\/www.clean-air.cz\/fr\/ready-2-weld-sets\/ready-2-weld-set-verus-air-basic\/\">Lire la suite&#8230;<\/a><\/p>\n","protected":false},"author":11,"featured_media":0,"parent":16299,"menu_order":0,"comment_status":"closed","ping_status":"closed","template":"","meta":{"footnotes":""},"_links":{"self":[{"href":"https:\/\/www.clean-air.cz\/fr\/wp-json\/wp\/v2\/pages\/16255"}],"collection":[{"href":"https:\/\/www.clean-air.cz\/fr\/wp-json\/wp\/v2\/pages"}],"about":[{"href":"https:\/\/www.clean-air.cz\/fr\/wp-json\/wp\/v2\/types\/page"}],"author":[{"embeddable":true,"href":"https:\/\/www.clean-air.cz\/fr\/wp-json\/wp\/v2\/users\/11"}],"replies":[{"embeddable":true,"href":"https:\/\/www.clean-air.cz\/fr\/wp-json\/wp\/v2\/comments?post=16255"}],"version-history":[{"count":0,"href":"https:\/\/www.clean-air.cz\/fr\/wp-json\/wp\/v2\/pages\/16255\/revisions"}],"up":[{"embeddable":true,"href":"https:\/\/www.clean-air.cz\/fr\/wp-json\/wp\/v2\/pages\/16299"}],"wp:attachment":[{"href":"https:\/\/www.clean-air.cz\/fr\/wp-json\/wp\/v2\/media?parent=16255"}],"curies":[{"name":"wp","href":"https:\/\/api.w.org\/{rel}","templated":true}]}}