{"id":16247,"date":"2022-05-02T15:30:38","date_gmt":"2022-05-02T13:30:38","guid":{"rendered":"https:\/\/www.clean-air.cz\/ready-2-work-set-unimask-chemical-2f\/"},"modified":"2023-01-31T19:57:59","modified_gmt":"2023-01-31T18:57:59","slug":"ready-2-work-set-unimask-chemical-2f","status":"publish","type":"page","link":"https:\/\/www.clean-air.cz\/fr\/ready-2-work-sets\/ready-2-work-set-unimask-chemical-2f\/","title":{"rendered":"Ready 2 Work set UniMask &#038; Chemical 2F"},"content":{"rendered":"<p>[vc_row][vc_column width=\u00a0\u00bb1\/2&Prime;][vc_gallery interval=\u00a0\u00bb0&Prime; images=\u00a0\u00bb15577&Prime; img_size=\u00a0\u00bblarge\u00a0\u00bb][\/vc_column][vc_column width=\u00a0\u00bb1\/2&Prime;][vc_column_text]<strong><span style=\"font-size: 14pt; color: #be0300;\">Le moyen le plus simple pour la protection des voies respiratoires<\/span><\/strong><!-- wpml:html_fragment\n\n--><\/p>\n<p><strong>Ready 2 Work set est tout ce dont vous avez besoin pour travailler dans un seul paquet.<\/strong><\/p>\n<p>Le coffret comprend un \u00e9cran facial universel l\u00e9ger UniMask avec une r\u00e9gulation am\u00e9lior\u00e9e du flux d\u2019air interne, un respirateur compact, l\u00e9ger mais puissant Chemical 2F avec\u00a0la possibilit\u00e9 d\u2019une d\u00e9contamination facile et tous les accessoires n\u00e9cessaires. Tout l\u2019\u00e9quipement est rang\u00e9 dans un sac de transport pratique CleanAIR.<\/p>\n<p>&nbsp;<\/p>\n<table style=\"border-collapse: collapse; width: 100%;\">\n<tbody>\n<tr>\n<td style=\"width: 76.589%;\"><span style=\"font-size: 10pt;\">Ready 2 Work set Chemical 2F &amp; UniMask\u00ae (VISIERE TORIQUE)<\/span><\/td>\n<td style=\"width: 23.411%;\"><span style=\"font-size: 10pt;\">510348.08<\/span><\/td>\n<\/tr>\n<tr>\n<td style=\"width: 76.589%;\"><span style=\"font-size: 10pt;\">Ready 2 Work set Chemical 2F &amp; UniMask\u00ae (VISI\u00c8RE CYLINDRIQUE)<\/span><\/td>\n<td style=\"width: 23.411%;\"><span style=\"font-size: 10pt;\">510348.18<\/span><\/td>\n<\/tr>\n<\/tbody>\n<\/table>\n<p>[\/vc_column_text][\/vc_column][\/vc_row][vc_row][vc_column css=\u00a0\u00bb.vc_custom_1591947369886{margin-top: -100px !important;}\u00a0\u00bb][vc_column_text]<span style=\"font-size: 18pt;\">Contenu de la bo\u00eete<\/span>[\/vc_column_text][\/vc_column][\/vc_row][vc_row][vc_column width=\u00a0\u00bb1\/3&Prime;][vc_column_text css=\u00a0\u00bb.vc_custom_1651129797711{margin-bottom: 30px !important;}\u00a0\u00bb]<span style=\"color: #be0300; font-size: 14pt;\"><strong>CleanAIR<sup>\u00ae<\/sup> UniMask<sup>\u00ae<\/sup><\/strong><\/span><!-- wpml:html_fragment\n\n--><\/p>\n<p>\u00c9cran de protection pour le visage l\u00e9ger universel offrant le meilleur niveau de confort et de s\u00e9curit\u00e9.<\/p>\n<p><img loading=\"lazy\" decoding=\"async\" class=\"alignnone size-medium wp-image-7377\" src=\"https:\/\/www.clean-air.cz\/wp-content\/uploads\/2019\/11\/UniMask-front-copy-277x300.jpg\" alt=\"\" width=\"277\" height=\"300\" srcset=\"https:\/\/www.clean-air.cz\/wp-content\/uploads\/2019\/11\/UniMask-front-copy-277x300.jpg 277w, https:\/\/www.clean-air.cz\/wp-content\/uploads\/2019\/11\/UniMask-front-copy-768x831.jpg 768w, https:\/\/www.clean-air.cz\/wp-content\/uploads\/2019\/11\/UniMask-front-copy-947x1024.jpg 947w, https:\/\/www.clean-air.cz\/wp-content\/uploads\/2019\/11\/UniMask-front-copy-800x865.jpg 800w, https:\/\/www.clean-air.cz\/wp-content\/uploads\/2019\/11\/UniMask-front-copy.jpg 991w\" sizes=\"(max-width: 277px) 100vw, 277px\" \/>[\/vc_column_text][vc_btn title=\u00a0\u00bbMontrer le produit\u00a0\u00bb shape=\u00a0\u00bbsquare\u00a0\u00bb color=\u00a0\u00bbdanger\u00a0\u00bb align=\u00a0\u00bbcenter\u00a0\u00bb link=\u00a0\u00bburl:https%3A%2F%2Fwww.clean-air.cz%2Ffr%2Fheadtops%2Fprotective-shields%2Funimask%2F|title:Montrer%20le%20produit|\u00a0\u00bb][\/vc_column][vc_column width=\u00a0\u00bb1\/3&Prime;][vc_column_text]<strong><span style=\"font-size: 14pt; color: #be0300;\">CleanAIR<sup>\u00ae<\/sup> Chemical 2F<\/span><\/strong><!-- wpml:html_fragment\n\n--><\/p>\n<p>Compact, l\u00e9ger, mais puissant&#8230; D\u00e9couvrez le respirateur le plus versatile et durable du march\u00e9.<\/p>\n<p><img loading=\"lazy\" decoding=\"async\" class=\"alignnone size-medium wp-image-555\" src=\"https:\/\/www.clean-air.cz\/wp-content\/uploads\/2018\/06\/2F-iso-copy-300x208.jpg\" alt=\"\" width=\"300\" height=\"208\" srcset=\"https:\/\/www.clean-air.cz\/wp-content\/uploads\/2018\/06\/2F-iso-copy-300x208.jpg 300w, https:\/\/www.clean-air.cz\/wp-content\/uploads\/2018\/06\/2F-iso-copy-768x531.jpg 768w, https:\/\/www.clean-air.cz\/wp-content\/uploads\/2018\/06\/2F-iso-copy-1024x709.jpg 1024w, https:\/\/www.clean-air.cz\/wp-content\/uploads\/2018\/06\/2F-iso-copy-800x554.jpg 800w, https:\/\/www.clean-air.cz\/wp-content\/uploads\/2018\/06\/2F-iso-copy.jpg 1156w\" sizes=\"(max-width: 300px) 100vw, 300px\" \/>[\/vc_column_text][vc_btn title=\u00a0\u00bbMontrer le produit\u00a0\u00bb shape=\u00a0\u00bbsquare\u00a0\u00bb color=\u00a0\u00bbdanger\u00a0\u00bb align=\u00a0\u00bbcenter\u00a0\u00bb link=\u00a0\u00bburl:https%3A%2F%2Fwww.clean-air.cz%2Ffr%2Fpapr%2Fchemical-2f%2F|title:Montrer%20le%20produit|\u00a0\u00bb][\/vc_column][vc_column width=\u00a0\u00bb1\/3&Prime;][vc_column_text]<strong><span style=\"font-size: 14pt; color: #be0300;\">Accessoires\u00a0<\/span><\/strong><!-- wpml:html_fragment\n\n--><\/p>\n<p>Tuyau QuickLOCK\u2122, batterie, chargeur, emball\u00e9s dans un sac de qualit\u00e9 CleanAIR\u00ae.<\/p>\n<p><img loading=\"lazy\" decoding=\"async\" class=\"alignnone size-medium wp-image-15532\" src=\"https:\/\/www.clean-air.cz\/wp-content\/uploads\/2022\/04\/CleanAIR_bag-iso-300x261.jpg\" alt=\"\" width=\"300\" height=\"261\" srcset=\"https:\/\/www.clean-air.cz\/wp-content\/uploads\/2022\/04\/CleanAIR_bag-iso-300x261.jpg 300w, https:\/\/www.clean-air.cz\/wp-content\/uploads\/2022\/04\/CleanAIR_bag-iso.jpg 624w\" sizes=\"(max-width: 300px) 100vw, 300px\" \/>[\/vc_column_text][\/vc_column][\/vc_row]<\/p>\n","protected":false},"excerpt":{"rendered":"<p>[vc_row][vc_column width=\u00a0\u00bb1\/2&Prime;][vc_gallery interval=\u00a0\u00bb0&Prime; images=\u00a0\u00bb15577&Prime; img_size=\u00a0\u00bblarge\u00a0\u00bb][\/vc_column][vc_column width=\u00a0\u00bb1\/2&Prime;][vc_column_text]Le moyen le plus simple pour la protection des voies respiratoires Ready 2 Work set est tout ce dont vous avez besoin pour travailler dans un seul paquet. Le coffret comprend un \u00e9cran facial universel l\u00e9ger UniMask avec une r\u00e9gulation am\u00e9lior\u00e9e du flux d\u2019air interne, un respirateur compact, l\u00e9ger mais puissant Chemical 2F avec\u00a0la possibilit\u00e9 d\u2019une d\u00e9contamination facile et tous les accessoires n\u00e9cessaires. Tout l\u2019\u00e9quipement<\/p>\n<p><a class=\"more-link\" href=\"https:\/\/www.clean-air.cz\/fr\/ready-2-work-sets\/ready-2-work-set-unimask-chemical-2f\/\">Lire la suite&#8230;<\/a><\/p>\n","protected":false},"author":11,"featured_media":0,"parent":16338,"menu_order":0,"comment_status":"closed","ping_status":"closed","template":"","meta":{"footnotes":""},"_links":{"self":[{"href":"https:\/\/www.clean-air.cz\/fr\/wp-json\/wp\/v2\/pages\/16247"}],"collection":[{"href":"https:\/\/www.clean-air.cz\/fr\/wp-json\/wp\/v2\/pages"}],"about":[{"href":"https:\/\/www.clean-air.cz\/fr\/wp-json\/wp\/v2\/types\/page"}],"author":[{"embeddable":true,"href":"https:\/\/www.clean-air.cz\/fr\/wp-json\/wp\/v2\/users\/11"}],"replies":[{"embeddable":true,"href":"https:\/\/www.clean-air.cz\/fr\/wp-json\/wp\/v2\/comments?post=16247"}],"version-history":[{"count":0,"href":"https:\/\/www.clean-air.cz\/fr\/wp-json\/wp\/v2\/pages\/16247\/revisions"}],"up":[{"embeddable":true,"href":"https:\/\/www.clean-air.cz\/fr\/wp-json\/wp\/v2\/pages\/16338"}],"wp:attachment":[{"href":"https:\/\/www.clean-air.cz\/fr\/wp-json\/wp\/v2\/media?parent=16247"}],"curies":[{"name":"wp","href":"https:\/\/api.w.org\/{rel}","templated":true}]}}