{"id":16234,"date":"2022-05-02T15:30:36","date_gmt":"2022-05-02T13:30:36","guid":{"rendered":"https:\/\/www.clean-air.cz\/ready-2-weld-set-aertec-rangemax-basic\/"},"modified":"2022-05-05T09:07:51","modified_gmt":"2022-05-05T07:07:51","slug":"ready-2-weld-set-aertec-rangemax-basic","status":"publish","type":"page","link":"https:\/\/www.clean-air.cz\/fr\/ready-2-weld-sets\/ready-2-weld-set-aertec-rangemax-basic\/","title":{"rendered":"Ready 2 Weld set AerTEC\u2122 RangeMax + Basic"},"content":{"rendered":"<p>[vc_row][vc_column width=\u00a0\u00bb1\/2&Prime;][vc_gallery interval=\u00a0\u00bb0&Prime; images=\u00a0\u00bb10001&Prime; img_size=\u00a0\u00bblarge\u00a0\u00bb][\/vc_column][vc_column width=\u00a0\u00bb1\/2&Prime;][vc_column_text]<strong><span style=\"font-size: 14pt; color: #be0300;\">\u00c9largissez votre perspective<\/span><\/strong><!-- wpml:html_fragment <\/p>\n\n --><\/p>\n<p>Le casque le plus innovant et le plus ergonomique \u00e0 ce jour, \u00e9largissant le champ de vision du soudeur sans diminuer son confort. Son trou pour le nez unique flotte au-dessus du nez pour placer l\u2019ADF plus pr\u00e8s des yeux. Il offre ainsi un champ de vision 6 fois plus large que les casques de soudage conventionnels. R\u00e9glage des niveaux de nuance enti\u00e8rement automatique pour toute proc\u00e9dure de soudure dans la gamme 5\u00a0&#8211;\u00a012. Le syst\u00e8me int\u00e9gr\u00e9 de distribution de l\u2019air apporte celui-ci directement dans la zone de respiration.[\/vc_column_text][\/vc_column][\/vc_row][vc_row][vc_column css=\u00a0\u00bb.vc_custom_1591946446544{margin-top: -100px !important;}\u00a0\u00bb][vc_column_text]<span style=\"font-size: 18pt;\">Contenu de la bo\u00eete<\/span>[\/vc_column_text][\/vc_column][\/vc_row][vc_row][vc_column width=\u00a0\u00bb1\/3&Prime;][vc_column_text]<strong><span style=\"font-size: 14pt; color: #be0300;\">AerTEC\u2122 RangeMAX Air&nbsp;<\/span><\/strong><!-- wpml:html_fragment <\/p>\n\n --><\/p>\n<p>Casque de soudage avec filtre de soudage auto-obscurcissant et syst\u00e8me de distribution d\u2019air.<\/p>\n<p><img loading=\"lazy\" decoding=\"async\" class=\"size-medium wp-image-7840 aligncenter\" src=\"https:\/\/www.clean-air.cz\/wp-content\/uploads\/2019\/11\/RangeMAX-iso-copy-219x300.jpg\" alt=\"\" width=\"219\" height=\"300\"\/>[\/vc_column_text][vc_btn title=\u00a0\u00bbMontrer le produit\u00a0\u00bb shape=\u00a0\u00bbsquare\u00a0\u00bb color=\u00a0\u00bbdanger\u00a0\u00bb align=\u00a0\u00bbcenter\u00a0\u00bb link=\u00a0\u00bburl:https%3A%2F%2Fwww.clean-air.cz%2Ffr%2Fheadtops%2Fwelding-hoods%2Faertec-rangemax%2F|title:Montrer%20le%20produit|\u00a0\u00bb][\/vc_column][vc_column width=\u00a0\u00bb1\/3&Prime;][vc_column_text]<strong><span style=\"font-size: 14pt; color: #be0300;\">CleanAIR<sup>\u00ae<\/sup> Basic&nbsp;<\/span><\/strong><!-- wpml:html_fragment <\/p>\n\n --><\/p>\n<p>Respirateur \u00e9lectrique \u00e0 \u00e9puration d\u2019air avec filtre \u00e0 particules et batterie Li-ion.<\/p>\n<p><img loading=\"lazy\" decoding=\"async\" class=\"size-medium wp-image-358 aligncenter\" src=\"https:\/\/www.clean-air.cz\/wp-content\/uploads\/2018\/06\/EVO_shadow-iso-copy-300x300.jpg\" alt=\"\" width=\"300\" height=\"300\" srcset=\"https:\/\/www.clean-air.cz\/wp-content\/uploads\/2018\/06\/EVO_shadow-iso-copy-300x300.jpg 300w, https:\/\/www.clean-air.cz\/wp-content\/uploads\/2018\/06\/EVO_shadow-iso-copy-150x150.jpg 150w, https:\/\/www.clean-air.cz\/wp-content\/uploads\/2018\/06\/EVO_shadow-iso-copy-768x768.jpg 768w, https:\/\/www.clean-air.cz\/wp-content\/uploads\/2018\/06\/EVO_shadow-iso-copy.jpg 800w, https:\/\/www.clean-air.cz\/wp-content\/uploads\/2018\/06\/EVO_shadow-iso-copy-250x250.jpg 250w\" sizes=\"(max-width: 300px) 100vw, 300px\" \/>[\/vc_column_text][vc_btn title=\u00a0\u00bbMontrer le produit\u00a0\u00bb shape=\u00a0\u00bbsquare\u00a0\u00bb color=\u00a0\u00bbdanger\u00a0\u00bb align=\u00a0\u00bbcenter\u00a0\u00bb link=\u00a0\u00bburl:https%3A%2F%2Fwww.clean-air.cz%2Ffr%2Fpapr%2Fbasic%2F|title:Montrer%20le%20produit|\u00a0\u00bb][\/vc_column][vc_column width=\u00a0\u00bb1\/3&Prime;][vc_column_text]<strong><span style=\"font-size: 14pt; color: #be0300;\">Accessoires&nbsp;<\/span><\/strong><!-- wpml:html_fragment <\/p>\n\n --><\/p>\n<p>Tuyau QuickLOCK\u2122, sac de voyage, chargeur, ceinture de confort, gants MIG\/MAG. <\/p>\n<p><img loading=\"lazy\" decoding=\"async\" class=\"size-medium wp-image-9913 aligncenter\" src=\"https:\/\/www.clean-air.cz\/wp-content\/uploads\/2020\/06\/CleanAIR_duffel_bag_and_gloves-1-300x300.jpg\" alt=\"\" width=\"300\" height=\"300\" srcset=\"https:\/\/www.clean-air.cz\/wp-content\/uploads\/2020\/06\/CleanAIR_duffel_bag_and_gloves-1-300x300.jpg 300w, https:\/\/www.clean-air.cz\/wp-content\/uploads\/2020\/06\/CleanAIR_duffel_bag_and_gloves-1-150x150.jpg 150w, https:\/\/www.clean-air.cz\/wp-content\/uploads\/2020\/06\/CleanAIR_duffel_bag_and_gloves-1-768x768.jpg 768w, https:\/\/www.clean-air.cz\/wp-content\/uploads\/2020\/06\/CleanAIR_duffel_bag_and_gloves-1-250x250.jpg 250w, https:\/\/www.clean-air.cz\/wp-content\/uploads\/2020\/06\/CleanAIR_duffel_bag_and_gloves-1.jpg 800w\" sizes=\"(max-width: 300px) 100vw, 300px\" \/>[\/vc_column_text][\/vc_column][\/vc_row]<!-- wpml:html_fragment <\/p>\n\n --><\/p>\n","protected":false},"excerpt":{"rendered":"<p>[vc_row][vc_column width=\u00a0\u00bb1\/2&Prime;][vc_gallery interval=\u00a0\u00bb0&Prime; images=\u00a0\u00bb10001&Prime; img_size=\u00a0\u00bblarge\u00a0\u00bb][\/vc_column][vc_column width=\u00a0\u00bb1\/2&Prime;][vc_column_text]\u00c9largissez votre perspective Le casque le plus innovant et le plus ergonomique \u00e0 ce jour, \u00e9largissant le champ de vision du soudeur sans diminuer son confort. Son trou pour le nez unique flotte au-dessus du nez pour placer l\u2019ADF plus pr\u00e8s des yeux. Il offre ainsi un champ de vision 6 fois plus large que les casques de soudage conventionnels. R\u00e9glage des niveaux de nuance<\/p>\n<p><a class=\"more-link\" href=\"https:\/\/www.clean-air.cz\/fr\/ready-2-weld-sets\/ready-2-weld-set-aertec-rangemax-basic\/\">Lire la suite&#8230;<\/a><\/p>\n","protected":false},"author":11,"featured_media":0,"parent":16299,"menu_order":0,"comment_status":"closed","ping_status":"closed","template":"","meta":{"footnotes":""},"_links":{"self":[{"href":"https:\/\/www.clean-air.cz\/fr\/wp-json\/wp\/v2\/pages\/16234"}],"collection":[{"href":"https:\/\/www.clean-air.cz\/fr\/wp-json\/wp\/v2\/pages"}],"about":[{"href":"https:\/\/www.clean-air.cz\/fr\/wp-json\/wp\/v2\/types\/page"}],"author":[{"embeddable":true,"href":"https:\/\/www.clean-air.cz\/fr\/wp-json\/wp\/v2\/users\/11"}],"replies":[{"embeddable":true,"href":"https:\/\/www.clean-air.cz\/fr\/wp-json\/wp\/v2\/comments?post=16234"}],"version-history":[{"count":0,"href":"https:\/\/www.clean-air.cz\/fr\/wp-json\/wp\/v2\/pages\/16234\/revisions"}],"up":[{"embeddable":true,"href":"https:\/\/www.clean-air.cz\/fr\/wp-json\/wp\/v2\/pages\/16299"}],"wp:attachment":[{"href":"https:\/\/www.clean-air.cz\/fr\/wp-json\/wp\/v2\/media?parent=16234"}],"curies":[{"name":"wp","href":"https:\/\/api.w.org\/{rel}","templated":true}]}}