{"id":16228,"date":"2022-05-02T15:30:33","date_gmt":"2022-05-02T13:30:33","guid":{"rendered":"https:\/\/www.clean-air.cz\/ready-2-work-set-unimask-aergo\/"},"modified":"2023-01-31T19:43:41","modified_gmt":"2023-01-31T18:43:41","slug":"ready-2-work-set-unimask-aergo","status":"publish","type":"page","link":"https:\/\/www.clean-air.cz\/fr\/ready-2-work-sets\/ready-2-work-set-unimask-aergo\/","title":{"rendered":"Ready 2 Work set UniMask\u00ae &#038; AerGO\u00ae"},"content":{"rendered":"<p>[vc_row][vc_column width=\u00a0\u00bb1\/2&Prime;][vc_gallery interval=\u00a0\u00bb0&Prime; images=\u00a0\u00bb15600&Prime; img_size=\u00a0\u00bblarge\u00a0\u00bb][\/vc_column][vc_column width=\u00a0\u00bb1\/2&Prime;][vc_column_text]<strong><span style=\"font-size: 14pt; color: #be0300;\">Le moyen le plus simple pour la protection des voies respiratoires<\/span><\/strong><!-- wpml:html_fragment --><\/p>\n<p><strong>Ready 2 Work set est tout ce dont vous avez besoin pour travailler dans un seul paquet.<\/strong><\/p>\n<p>Le coffret comprend un \u00e9cran pour le visage universel l\u00e9ger UniMask avec une r\u00e9gulation am\u00e9lior\u00e9e du flux d\u2019air interne, <span style=\"font-size: 10pt;\">notre masque respiratoire le plus ergonomique et le plus polyvalent AerGO\u00ae\u00a0avec capteur barom\u00e9trique int\u00e9gr\u00e9<\/span> et tous les accessoires n\u00e9cessaires. Tout l\u2019\u00e9quipement est rang\u00e9 dans un sac de transport pratique CleanAIR.<\/p>\n<p>&nbsp;<\/p>\n<table style=\"border-collapse: collapse; width: 100%;\">\n<tbody>\n<tr>\n<td style=\"width: 51.2302%; height: 26px;\"><span style=\"font-size: 10pt;\">Ready 2 Work set AerGO &amp; UniMask\u00ae (VISIERE TORIQUE)<\/span><\/td>\n<td style=\"width: 11.7751%; height: 26px;\"><span style=\"font-size: 10pt;\">300300.01<\/span><\/td>\n<\/tr>\n<tr style=\"height: 26px;\">\n<td style=\"width: 51.2302%; height: 26px;\"><span style=\"font-size: 10pt;\">Ready 2 Work set AerGO &amp; UniMask\u00ae CR1 PC (VISI\u00c8RE CYLINDRIQUE)<\/span><\/td>\n<td style=\"width: 11.7751%; height: 26px;\"><span style=\"font-size: 10pt;\">300300.11<\/span><\/td>\n<\/tr>\n<\/tbody>\n<\/table>\n<p>[\/vc_column_text][\/vc_column][\/vc_row][vc_row][vc_column css=\u00a0\u00bb.vc_custom_1591947369886{margin-top: -100px !important;}\u00a0\u00bb][vc_column_text]<span style=\"font-size: 18pt;\">Contenu de la bo\u00eete<\/span>[\/vc_column_text][\/vc_column][\/vc_row][vc_row][vc_column width=\u00a0\u00bb1\/3&Prime;][vc_column_text css=\u00a0\u00bb.vc_custom_1651129641651{margin-bottom: 30px !important;}\u00a0\u00bb]<span style=\"color: #be0300; font-size: 14pt;\"><strong>CleanAIR<sup>\u00ae<\/sup> UniMask<\/strong><\/span><!-- wpml:html_fragment\n\n--><\/p>\n<p>\u00c9cran de protection pour le visage l\u00e9ger universel offrant le meilleur niveau de confort et de s\u00e9curit\u00e9.<\/p>\n<p><img loading=\"lazy\" decoding=\"async\" class=\"alignnone size-medium wp-image-10613\" src=\"https:\/\/www.clean-air.cz\/wp-content\/uploads\/2020\/06\/UniMask-front-copy-947x1024-2-300x285.jpg\" alt=\"\" width=\"300\" height=\"285\" srcset=\"https:\/\/www.clean-air.cz\/wp-content\/uploads\/2020\/06\/UniMask-front-copy-947x1024-2-300x285.jpg 300w, https:\/\/www.clean-air.cz\/wp-content\/uploads\/2020\/06\/UniMask-front-copy-947x1024-2.jpg 662w\" sizes=\"(max-width: 300px) 100vw, 300px\" \/>[\/vc_column_text][vc_btn title=\u00a0\u00bbMontrer le produit\u00a0\u00bb shape=\u00a0\u00bbsquare\u00a0\u00bb color=\u00a0\u00bbdanger\u00a0\u00bb align=\u00a0\u00bbcenter\u00a0\u00bb link=\u00a0\u00bburl:https%3A%2F%2Fwww.clean-air.cz%2Ffr%2Fheadtops%2Fprotective-shields%2Funimask%2F|title:Montrer%20le%20produit|\u00a0\u00bb][\/vc_column][vc_column width=\u00a0\u00bb1\/3&Prime;][vc_column_text]<strong><span style=\"font-size: 14pt; color: #be0300;\">CleanAIR<sup>\u00ae<\/sup> AerGo <\/span><\/strong><!-- wpml:html_fragment\n\n--><\/p>\n<p>Respirateur \u00e9lectrique \u00e0 \u00e9puration d\u2019air avec filtre \u00e0 particules et batterie Li-ion.<\/p>\n<p><img loading=\"lazy\" decoding=\"async\" class=\"alignnone size-medium wp-image-9930 aligncenter\" src=\"https:\/\/www.clean-air.cz\/wp-content\/uploads\/2020\/06\/CleanAIR_AerGO_PAPR_unit-300x300.jpg\" alt=\"Respirateur CleanAIR AerGo\" width=\"300\" height=\"300\" srcset=\"https:\/\/www.clean-air.cz\/wp-content\/uploads\/2020\/06\/CleanAIR_AerGO_PAPR_unit-300x300.jpg 300w, https:\/\/www.clean-air.cz\/wp-content\/uploads\/2020\/06\/CleanAIR_AerGO_PAPR_unit-150x150.jpg 150w, https:\/\/www.clean-air.cz\/wp-content\/uploads\/2020\/06\/CleanAIR_AerGO_PAPR_unit-768x768.jpg 768w, https:\/\/www.clean-air.cz\/wp-content\/uploads\/2020\/06\/CleanAIR_AerGO_PAPR_unit-250x250.jpg 250w, https:\/\/www.clean-air.cz\/wp-content\/uploads\/2020\/06\/CleanAIR_AerGO_PAPR_unit.jpg 800w\" sizes=\"(max-width: 300px) 100vw, 300px\" \/>[\/vc_column_text][vc_btn title=\u00a0\u00bbMontrer le produit\u00a0\u00bb shape=\u00a0\u00bbsquare\u00a0\u00bb color=\u00a0\u00bbdanger\u00a0\u00bb align=\u00a0\u00bbcenter\u00a0\u00bb link=\u00a0\u00bburl:https%3A%2F%2Fwww.clean-air.cz%2Ffr%2Fpapr%2Faergo%2F|title:Montrer%20le%20produit|\u00a0\u00bb][\/vc_column][vc_column width=\u00a0\u00bb1\/3&Prime;][vc_column_text]<strong><span style=\"font-size: 14pt; color: #be0300;\">Accessoires\u00a0<\/span><\/strong><!-- wpml:html_fragment\n\n--><\/p>\n<p>Tuyau QuickLOCK\u2122, batterie, chargeur, emball\u00e9s dans un sac de qualit\u00e9 CleanAIR\u00ae.<\/p>\n<p><img loading=\"lazy\" decoding=\"async\" class=\"alignnone size-medium wp-image-15532\" src=\"https:\/\/www.clean-air.cz\/wp-content\/uploads\/2022\/04\/CleanAIR_bag-iso-300x261.jpg\" alt=\"\" width=\"300\" height=\"261\" srcset=\"https:\/\/www.clean-air.cz\/wp-content\/uploads\/2022\/04\/CleanAIR_bag-iso-300x261.jpg 300w, https:\/\/www.clean-air.cz\/wp-content\/uploads\/2022\/04\/CleanAIR_bag-iso.jpg 624w\" sizes=\"(max-width: 300px) 100vw, 300px\" \/>[\/vc_column_text][\/vc_column][\/vc_row]<\/p>\n","protected":false},"excerpt":{"rendered":"<p>[vc_row][vc_column width=\u00a0\u00bb1\/2&Prime;][vc_gallery interval=\u00a0\u00bb0&Prime; images=\u00a0\u00bb15600&Prime; img_size=\u00a0\u00bblarge\u00a0\u00bb][\/vc_column][vc_column width=\u00a0\u00bb1\/2&Prime;][vc_column_text]Le moyen le plus simple pour la protection des voies respiratoires Ready 2 Work set est tout ce dont vous avez besoin pour travailler dans un seul paquet. Le coffret comprend un \u00e9cran pour le visage universel l\u00e9ger UniMask avec une r\u00e9gulation am\u00e9lior\u00e9e du flux d\u2019air interne, notre masque respiratoire le plus ergonomique et le plus polyvalent AerGO\u00ae\u00a0avec capteur barom\u00e9trique int\u00e9gr\u00e9 et tous les accessoires<\/p>\n<p><a class=\"more-link\" href=\"https:\/\/www.clean-air.cz\/fr\/ready-2-work-sets\/ready-2-work-set-unimask-aergo\/\">Lire la suite&#8230;<\/a><\/p>\n","protected":false},"author":11,"featured_media":0,"parent":16338,"menu_order":0,"comment_status":"closed","ping_status":"closed","template":"","meta":{"footnotes":""},"_links":{"self":[{"href":"https:\/\/www.clean-air.cz\/fr\/wp-json\/wp\/v2\/pages\/16228"}],"collection":[{"href":"https:\/\/www.clean-air.cz\/fr\/wp-json\/wp\/v2\/pages"}],"about":[{"href":"https:\/\/www.clean-air.cz\/fr\/wp-json\/wp\/v2\/types\/page"}],"author":[{"embeddable":true,"href":"https:\/\/www.clean-air.cz\/fr\/wp-json\/wp\/v2\/users\/11"}],"replies":[{"embeddable":true,"href":"https:\/\/www.clean-air.cz\/fr\/wp-json\/wp\/v2\/comments?post=16228"}],"version-history":[{"count":0,"href":"https:\/\/www.clean-air.cz\/fr\/wp-json\/wp\/v2\/pages\/16228\/revisions"}],"up":[{"embeddable":true,"href":"https:\/\/www.clean-air.cz\/fr\/wp-json\/wp\/v2\/pages\/16338"}],"wp:attachment":[{"href":"https:\/\/www.clean-air.cz\/fr\/wp-json\/wp\/v2\/media?parent=16228"}],"curies":[{"name":"wp","href":"https:\/\/api.w.org\/{rel}","templated":true}]}}