{"id":16225,"date":"2022-05-02T15:30:33","date_gmt":"2022-05-02T13:30:33","guid":{"rendered":"https:\/\/www.clean-air.cz\/ready-2-work-set-aertec-seemax-basic\/"},"modified":"2022-05-05T09:07:51","modified_gmt":"2022-05-05T07:07:51","slug":"ready-2-work-set-aertec-seemax-basic","status":"publish","type":"page","link":"https:\/\/www.clean-air.cz\/fr\/ready-2-work-sets\/ready-2-work-set-aertec-seemax-basic\/","title":{"rendered":"Ready 2 Work set AerTEC\u2122 SeeMax + Basic"},"content":{"rendered":"<p>[vc_row][vc_column width=\u00a0\u00bb1\/2&Prime;][vc_gallery interval=\u00a0\u00bb0&Prime; images=\u00a0\u00bb9957&Prime; img_size=\u00a0\u00bblarge\u00a0\u00bb][\/vc_column][vc_column width=\u00a0\u00bb1\/2&Prime;][vc_column_text]<strong><span style=\"font-size: 14pt; color: #be0300;\">Une excellente visibilit\u00e9&nbsp;<\/span><\/strong><!-- wpml:html_fragment <\/p>\n\n --><\/p>\n<p>Un champ de vision net et d\u00e9gag\u00e9 de votre espace de travail, de l\u2019air filtr\u00e9 et pur avec un d\u00e9bit r\u00e9glable font de SeeMAX le seul syst\u00e8me de protection du visage et des voies respiratoires offrant le plus haut niveau de s\u00e9curit\u00e9. Sa visi\u00e8re DIN5 facile \u00e0 remplacer fait du syst\u00e8me une protection parfaite pour la d\u00e9coupe au plasma.[\/vc_column_text][\/vc_column][\/vc_row][vc_row][vc_column css=\u00a0\u00bb.vc_custom_1591948450420{margin-top: -100px !important;}\u00a0\u00bb][vc_column_text]<span style=\"font-size: 18pt;\">Contenu de la bo\u00eete<\/span>[\/vc_column_text][\/vc_column][\/vc_row][vc_row][vc_column width=\u00a0\u00bb1\/3&Prime;][vc_column_text]<strong><span style=\"font-size: 14pt; color: #be0300;\">AerTEC\u2122 SeeMAX<\/span><\/strong><!-- wpml:html_fragment <\/p>\n\n --><\/p>\n<p>\u00c9cran de meulage avec syst\u00e8me de distribution d\u2019air. Une excellente visibilit\u00e9 et des conditions respiratoires parfaite.<\/p>\n<p><img loading=\"lazy\" decoding=\"async\" class=\"size-medium wp-image-8126 aligncenter\" src=\"https:\/\/www.clean-air.cz\/wp-content\/uploads\/2019\/12\/SeeMAX-iso-245x300.jpg\" alt=\"\" width=\"245\" height=\"300\"\/>[\/vc_column_text][vc_btn title=\u00a0\u00bbMontrer le produit\u00a0\u00bb shape=\u00a0\u00bbsquare\u00a0\u00bb color=\u00a0\u00bbdanger\u00a0\u00bb align=\u00a0\u00bbcenter\u00a0\u00bb link=\u00a0\u00bburl:https%3A%2F%2Fwww.clean-air.cz%2Ffr%2Fheadtops%2Fgrinding-shields%2Faertec-seemax%2F|title:Montrer%20le%20produit|\u00a0\u00bb][\/vc_column][vc_column width=\u00a0\u00bb1\/3&Prime;][vc_column_text]<strong><span style=\"font-size: 14pt; color: #be0300;\">CleanAIR<sup>\u00ae<\/sup> Basic&nbsp;<\/span><\/strong><!-- wpml:html_fragment <\/p>\n\n --><\/p>\n<p>Respirateur \u00e9lectrique \u00e0 \u00e9puration d\u2019air avec filtre \u00e0 particules et batterie Li-ion.<\/p>\n<p><img loading=\"lazy\" decoding=\"async\" class=\"size-medium wp-image-358 aligncenter\" src=\"https:\/\/www.clean-air.cz\/wp-content\/uploads\/2018\/06\/EVO_shadow-iso-copy-300x300.jpg\" alt=\"\" width=\"300\" height=\"300\" srcset=\"https:\/\/www.clean-air.cz\/wp-content\/uploads\/2018\/06\/EVO_shadow-iso-copy-300x300.jpg 300w, https:\/\/www.clean-air.cz\/wp-content\/uploads\/2018\/06\/EVO_shadow-iso-copy-150x150.jpg 150w, https:\/\/www.clean-air.cz\/wp-content\/uploads\/2018\/06\/EVO_shadow-iso-copy-768x768.jpg 768w, https:\/\/www.clean-air.cz\/wp-content\/uploads\/2018\/06\/EVO_shadow-iso-copy.jpg 800w, https:\/\/www.clean-air.cz\/wp-content\/uploads\/2018\/06\/EVO_shadow-iso-copy-250x250.jpg 250w\" sizes=\"(max-width: 300px) 100vw, 300px\" \/>[\/vc_column_text][vc_btn title=\u00a0\u00bbMontrer le produit\u00a0\u00bb shape=\u00a0\u00bbsquare\u00a0\u00bb color=\u00a0\u00bbdanger\u00a0\u00bb align=\u00a0\u00bbcenter\u00a0\u00bb link=\u00a0\u00bburl:https%3A%2F%2Fwww.clean-air.cz%2Ffr%2Fpapr%2Fbasic%2F|title:Montrer%20le%20produit|\u00a0\u00bb][\/vc_column][vc_column width=\u00a0\u00bb1\/3&Prime;][vc_column_text]<strong><span style=\"font-size: 14pt; color: #be0300;\">Accessoires&nbsp;<\/span><\/strong><!-- wpml:html_fragment <\/p>\n\n --><\/p>\n<p>Tuyau QuickLOCK\u2122, sac de voyage, chargeur, ceinture de confort, gants MIG\/MAG. <\/p>\n<p><img loading=\"lazy\" decoding=\"async\" class=\"size-medium wp-image-9913 aligncenter\" src=\"https:\/\/www.clean-air.cz\/wp-content\/uploads\/2020\/06\/CleanAIR_duffel_bag_and_gloves-1-300x300.jpg\" alt=\"\" width=\"300\" height=\"300\" srcset=\"https:\/\/www.clean-air.cz\/wp-content\/uploads\/2020\/06\/CleanAIR_duffel_bag_and_gloves-1-300x300.jpg 300w, https:\/\/www.clean-air.cz\/wp-content\/uploads\/2020\/06\/CleanAIR_duffel_bag_and_gloves-1-150x150.jpg 150w, https:\/\/www.clean-air.cz\/wp-content\/uploads\/2020\/06\/CleanAIR_duffel_bag_and_gloves-1-768x768.jpg 768w, https:\/\/www.clean-air.cz\/wp-content\/uploads\/2020\/06\/CleanAIR_duffel_bag_and_gloves-1-250x250.jpg 250w, https:\/\/www.clean-air.cz\/wp-content\/uploads\/2020\/06\/CleanAIR_duffel_bag_and_gloves-1.jpg 800w\" sizes=\"(max-width: 300px) 100vw, 300px\" \/>[\/vc_column_text][\/vc_column][\/vc_row]<!-- wpml:html_fragment <\/p>\n\n --><\/p>\n","protected":false},"excerpt":{"rendered":"<p>[vc_row][vc_column width=\u00a0\u00bb1\/2&Prime;][vc_gallery interval=\u00a0\u00bb0&Prime; images=\u00a0\u00bb9957&Prime; img_size=\u00a0\u00bblarge\u00a0\u00bb][\/vc_column][vc_column width=\u00a0\u00bb1\/2&Prime;][vc_column_text]Une excellente visibilit\u00e9&nbsp; Un champ de vision net et d\u00e9gag\u00e9 de votre espace de travail, de l\u2019air filtr\u00e9 et pur avec un d\u00e9bit r\u00e9glable font de SeeMAX le seul syst\u00e8me de protection du visage et des voies respiratoires offrant le plus haut niveau de s\u00e9curit\u00e9. Sa visi\u00e8re DIN5 facile \u00e0 remplacer fait du syst\u00e8me une protection parfaite pour la d\u00e9coupe au plasma.[\/vc_column_text][\/vc_column][\/vc_row][vc_row][vc_column css=\u00a0\u00bb.vc_custom_1591948450420{margin-top: -100px !important;}\u00a0\u00bb][vc_column_text]Contenu<\/p>\n<p><a class=\"more-link\" href=\"https:\/\/www.clean-air.cz\/fr\/ready-2-work-sets\/ready-2-work-set-aertec-seemax-basic\/\">Lire la suite&#8230;<\/a><\/p>\n","protected":false},"author":11,"featured_media":0,"parent":16338,"menu_order":0,"comment_status":"closed","ping_status":"closed","template":"","meta":{"footnotes":""},"_links":{"self":[{"href":"https:\/\/www.clean-air.cz\/fr\/wp-json\/wp\/v2\/pages\/16225"}],"collection":[{"href":"https:\/\/www.clean-air.cz\/fr\/wp-json\/wp\/v2\/pages"}],"about":[{"href":"https:\/\/www.clean-air.cz\/fr\/wp-json\/wp\/v2\/types\/page"}],"author":[{"embeddable":true,"href":"https:\/\/www.clean-air.cz\/fr\/wp-json\/wp\/v2\/users\/11"}],"replies":[{"embeddable":true,"href":"https:\/\/www.clean-air.cz\/fr\/wp-json\/wp\/v2\/comments?post=16225"}],"version-history":[{"count":0,"href":"https:\/\/www.clean-air.cz\/fr\/wp-json\/wp\/v2\/pages\/16225\/revisions"}],"up":[{"embeddable":true,"href":"https:\/\/www.clean-air.cz\/fr\/wp-json\/wp\/v2\/pages\/16338"}],"wp:attachment":[{"href":"https:\/\/www.clean-air.cz\/fr\/wp-json\/wp\/v2\/media?parent=16225"}],"curies":[{"name":"wp","href":"https:\/\/api.w.org\/{rel}","templated":true}]}}