{"id":15958,"date":"2022-04-26T10:53:34","date_gmt":"2022-04-26T08:53:34","guid":{"rendered":"https:\/\/www.clean-air.cz\/headtops\/grinding-shields\/omnira-air\/"},"modified":"2026-01-27T08:38:20","modified_gmt":"2026-01-27T07:38:20","slug":"omnira-air","status":"publish","type":"page","link":"https:\/\/www.clean-air.cz\/fr\/headtops\/grinding-shields\/omnira-air\/","title":{"rendered":"Omnira air"},"content":{"rendered":"<p>[vc_row][vc_column width=\u00a0\u00bb1\/2&Prime;][vc_gallery interval=\u00a0\u00bb3&Prime; images=\u00a0\u00bb15001,15225&Prime; img_size=\u00a0\u00bblarge\u00a0\u00bb][\/vc_column][vc_column width=\u00a0\u00bb1\/2&Prime;][vc_column_text]<span style=\"color: #be0300;\"><span style=\"font-size: 18.6667px;\"><b>QUAND VOUS AVEZ BESOIN D&rsquo;UNE PROTECTION PARFAITE<\/b><\/span><\/span><\/p>\n<p>\u00c9cran de meulage avec distribution d\u2019air int\u00e9gr\u00e9e pour une protection respiratoire maximale, une protection des yeux et du visage. Il offre \u00e9galement une protection \u00e9lev\u00e9e contre les particules \u00e0 grande vitesse. L\u2019\u00e9cran peut \u00eatre compl\u00e9t\u00e9 par un \u00e9cran de soudage, ce qui en fait un v\u00e9ritable casque de soudage \u00e0 rabat.<\/p>\n<p>Il est adapt\u00e9 \u00e0 l\u2019utilisation avec des respirateurs \u00e0 \u00e9puration d\u2019air motoris\u00e9s CleanAIR\u00ae ou avec appareils respiratoires.<\/p>\n<p><a href=\"https:\/\/www.clean-air.cz\/wp-content\/uploads\/2022\/01\/Brochure_Omnira_EN_2022-A4-DIGI.pdf\" target=\"_blank\" rel=\"noopener\">Brochure Omnira EN 2022 download<\/a>[\/vc_column_text][\/vc_column][\/vc_row][vc_row][vc_column width=\u00a0\u00bb1\/3&Prime;][vc_column_text]<strong><span style=\"font-size: 14pt; color: #be0300;\">L\u00e9ger et solide\u00a0<\/span><\/strong><\/p>\n<p style=\"text-align: justify;\">Coque l\u00e9g\u00e8re et solide, r\u00e9pondant aux exigences de la norme EN 175 B et assurant ainsi une protection contre les particules \u00e0 grande vitesse.<\/p>\n<p><img loading=\"lazy\" decoding=\"async\" class=\"alignnone wp-image-14903\" src=\"https:\/\/www.clean-air.cz\/wp-content\/uploads\/2022\/02\/Omnira-iso-300x300.jpg\" alt=\"\" width=\"462\" height=\"462\" srcset=\"https:\/\/www.clean-air.cz\/wp-content\/uploads\/2022\/02\/Omnira-iso-300x300.jpg 300w, https:\/\/www.clean-air.cz\/wp-content\/uploads\/2022\/02\/Omnira-iso-1024x1024.jpg 1024w, https:\/\/www.clean-air.cz\/wp-content\/uploads\/2022\/02\/Omnira-iso-150x150.jpg 150w, https:\/\/www.clean-air.cz\/wp-content\/uploads\/2022\/02\/Omnira-iso-768x768.jpg 768w, https:\/\/www.clean-air.cz\/wp-content\/uploads\/2022\/02\/Omnira-iso-1536x1536.jpg 1536w, https:\/\/www.clean-air.cz\/wp-content\/uploads\/2022\/02\/Omnira-iso-800x800.jpg 800w, https:\/\/www.clean-air.cz\/wp-content\/uploads\/2022\/02\/Omnira-iso-250x250.jpg 250w, https:\/\/www.clean-air.cz\/wp-content\/uploads\/2022\/02\/Omnira-iso.jpg 1600w\" sizes=\"(max-width: 462px) 100vw, 462px\" \/>[\/vc_column_text][\/vc_column][vc_column width=\u00a0\u00bb1\/3&Prime;][vc_column_text]<strong><span style=\"font-size: 14pt; color: #be0300;\">Protection respiratoire maximale<\/span><\/strong><\/p>\n<p style=\"text-align: justify;\">Il est adapt\u00e9 \u00e0 l\u2019utilisation avec des respirateurs \u00e0 \u00e9puration d\u2019air motoris\u00e9s CleanAIR\u00ae ou avec appareils respiratoires.<\/p>\n<p><img loading=\"lazy\" decoding=\"async\" class=\"alignnone wp-image-14979\" src=\"https:\/\/www.clean-air.cz\/wp-content\/uploads\/2022\/02\/Omnira_air_AerGO-iso-300x300.jpg\" alt=\"\" width=\"426\" height=\"426\" srcset=\"https:\/\/www.clean-air.cz\/wp-content\/uploads\/2022\/02\/Omnira_air_AerGO-iso-300x300.jpg 300w, https:\/\/www.clean-air.cz\/wp-content\/uploads\/2022\/02\/Omnira_air_AerGO-iso-1024x1024.jpg 1024w, https:\/\/www.clean-air.cz\/wp-content\/uploads\/2022\/02\/Omnira_air_AerGO-iso-150x150.jpg 150w, https:\/\/www.clean-air.cz\/wp-content\/uploads\/2022\/02\/Omnira_air_AerGO-iso-768x768.jpg 768w, https:\/\/www.clean-air.cz\/wp-content\/uploads\/2022\/02\/Omnira_air_AerGO-iso-1536x1536.jpg 1536w, https:\/\/www.clean-air.cz\/wp-content\/uploads\/2022\/02\/Omnira_air_AerGO-iso-800x800.jpg 800w, https:\/\/www.clean-air.cz\/wp-content\/uploads\/2022\/02\/Omnira_air_AerGO-iso-250x250.jpg 250w, https:\/\/www.clean-air.cz\/wp-content\/uploads\/2022\/02\/Omnira_air_AerGO-iso.jpg 1600w\" sizes=\"(max-width: 426px) 100vw, 426px\" \/>[\/vc_column_text][\/vc_column][vc_column width=\u00a0\u00bb1\/3&Prime;][vc_column_text]<strong><span style=\"font-size: 14pt; color: #be0300;\">D\u00e9bit d\u2019air ajustable<\/span><\/strong><\/p>\n<p><strong>Pour un confort plus individuel, vous pouvez r\u00e9gler le flux d\u2019air sur deux zones<\/strong><\/p>\n<p><span style=\"color: #0000ff;\"><strong>ZONE 1<\/strong><\/span>\u00a0le bouton de commande accessible depuis l\u2019ext\u00e9rieur du casque permet de contr\u00f4ler la direction de l\u2019air<br \/>\nprovenant de la partie inf\u00e9rieure du conduit d\u2019air.<br \/>\n<span style=\"color: #339966;\"><strong>ZONE 2<\/strong><\/span>\u00a0les deux autres sorties sont situ\u00e9es dans la partie sup\u00e9rieure du casque. L\u2019intensit\u00e9 du flux d\u2019air<br \/>\npeut \u00eatre r\u00e9gl\u00e9e par les deux curseurs situ\u00e9s \u00e0 l\u2019int\u00e9rieur du casque.<\/p>\n<p><img loading=\"lazy\" decoding=\"async\" class=\"alignnone wp-image-14851\" src=\"https:\/\/www.clean-air.cz\/wp-content\/uploads\/2022\/02\/703201_Omnira_COMBI_air-back-airflow-300x300.jpg\" alt=\"\" width=\"404\" height=\"404\" srcset=\"https:\/\/www.clean-air.cz\/wp-content\/uploads\/2022\/02\/703201_Omnira_COMBI_air-back-airflow-300x300.jpg 300w, https:\/\/www.clean-air.cz\/wp-content\/uploads\/2022\/02\/703201_Omnira_COMBI_air-back-airflow-1024x1024.jpg 1024w, https:\/\/www.clean-air.cz\/wp-content\/uploads\/2022\/02\/703201_Omnira_COMBI_air-back-airflow-150x150.jpg 150w, https:\/\/www.clean-air.cz\/wp-content\/uploads\/2022\/02\/703201_Omnira_COMBI_air-back-airflow-768x768.jpg 768w, https:\/\/www.clean-air.cz\/wp-content\/uploads\/2022\/02\/703201_Omnira_COMBI_air-back-airflow-1536x1536.jpg 1536w, https:\/\/www.clean-air.cz\/wp-content\/uploads\/2022\/02\/703201_Omnira_COMBI_air-back-airflow-800x800.jpg 800w, https:\/\/www.clean-air.cz\/wp-content\/uploads\/2022\/02\/703201_Omnira_COMBI_air-back-airflow-250x250.jpg 250w, https:\/\/www.clean-air.cz\/wp-content\/uploads\/2022\/02\/703201_Omnira_COMBI_air-back-airflow.jpg 1600w\" sizes=\"(max-width: 404px) 100vw, 404px\" \/>[\/vc_column_text][\/vc_column][\/vc_row][vc_row][vc_column width=\u00a0\u00bb1\/3&Prime;][vc_column_text]<strong><span style=\"font-size: 14pt; color: #be0300;\">VariGEAR<\/span><\/strong><\/p>\n<p><strong>S\u2019ADAPTE \u00c0 TOUTES LES FORMES DE T\u00caTE<\/strong>\u00a0La suspension de t\u00eate nouvellement con\u00e7ue permet de multiples r\u00e9glages individuels.<\/p>\n<p><strong>CASQUE CONFORTABLE<\/strong>\u00a0La partie couronne du casque est r\u00e9glable en hauteur pour s\u2019adapter \u00e0 toutes les formes et tailles de t\u00eate.<\/p>\n<p><strong>REMPLACEMENT RAPIDE<\/strong> Remplacement facile du casque en le faisant simplement glisser hors de son support.<\/p>\n<p><strong>AJUSTEMENT PR\u00c9CIS\u00a0<\/strong>Le m\u00e9canisme souple \u00e0 cliquet permet un r\u00e9glage pr\u00e9cis du tour de t\u00eate et un ajustement s\u00fbr.<\/p>\n<p><strong>PERSONNALISABLE<\/strong>\u00a0R\u00e9glage facile de la distance entre la face de la soudeuse et l\u2019ADF. Gardez le casque aussi pr\u00e8s que possible de vos yeux pour une vision plus large et une tension minimale du cou.<\/p>\n<p style=\"text-align: justify;\"><strong>SUPPORT DE TUYAU\u00a0<\/strong>Le support de tuyau facilement amovible peut \u00eatre plac\u00e9 \u00e0 gauche ou \u00e0 droite.<\/p>\n<p><img loading=\"lazy\" decoding=\"async\" class=\"alignnone wp-image-14869\" src=\"https:\/\/www.clean-air.cz\/wp-content\/uploads\/2022\/02\/703201_Omnira_COMBI_air-back-inside-300x300.jpg\" alt=\"\" width=\"404\" height=\"404\" srcset=\"https:\/\/www.clean-air.cz\/wp-content\/uploads\/2022\/02\/703201_Omnira_COMBI_air-back-inside-300x300.jpg 300w, https:\/\/www.clean-air.cz\/wp-content\/uploads\/2022\/02\/703201_Omnira_COMBI_air-back-inside-1024x1024.jpg 1024w, https:\/\/www.clean-air.cz\/wp-content\/uploads\/2022\/02\/703201_Omnira_COMBI_air-back-inside-150x150.jpg 150w, https:\/\/www.clean-air.cz\/wp-content\/uploads\/2022\/02\/703201_Omnira_COMBI_air-back-inside-768x768.jpg 768w, https:\/\/www.clean-air.cz\/wp-content\/uploads\/2022\/02\/703201_Omnira_COMBI_air-back-inside-1536x1536.jpg 1536w, https:\/\/www.clean-air.cz\/wp-content\/uploads\/2022\/02\/703201_Omnira_COMBI_air-back-inside-800x800.jpg 800w, https:\/\/www.clean-air.cz\/wp-content\/uploads\/2022\/02\/703201_Omnira_COMBI_air-back-inside-250x250.jpg 250w, https:\/\/www.clean-air.cz\/wp-content\/uploads\/2022\/02\/703201_Omnira_COMBI_air-back-inside.jpg 1600w\" sizes=\"(max-width: 404px) 100vw, 404px\" \/>[\/vc_column_text][\/vc_column][vc_column width=\u00a0\u00bb1\/3&Prime;][vc_column_text]<strong><span style=\"font-size: 14pt; color: #be0300;\">Plaque de protection<\/span><\/strong><\/p>\n<p style=\"text-align: justify;\">Si vous souhaitez prot\u00e9ger la visi\u00e8re de la salet\u00e9, vous pouvez utiliser une visi\u00e8re cylindrique avec l\u2019option de plaques de protection. Il suffit de mettre et de retirer les plaques de protection.<\/p>\n<p><img loading=\"lazy\" decoding=\"async\" class=\"alignnone size-medium wp-image-14972\" src=\"https:\/\/www.clean-air.cz\/wp-content\/uploads\/2022\/02\/SAI_0764-Edit-300x300.jpg\" alt=\"\" width=\"300\" height=\"300\" srcset=\"https:\/\/www.clean-air.cz\/wp-content\/uploads\/2022\/02\/SAI_0764-Edit-300x300.jpg 300w, https:\/\/www.clean-air.cz\/wp-content\/uploads\/2022\/02\/SAI_0764-Edit-1024x1024.jpg 1024w, https:\/\/www.clean-air.cz\/wp-content\/uploads\/2022\/02\/SAI_0764-Edit-150x150.jpg 150w, https:\/\/www.clean-air.cz\/wp-content\/uploads\/2022\/02\/SAI_0764-Edit-768x768.jpg 768w, https:\/\/www.clean-air.cz\/wp-content\/uploads\/2022\/02\/SAI_0764-Edit-1536x1536.jpg 1536w, https:\/\/www.clean-air.cz\/wp-content\/uploads\/2022\/02\/SAI_0764-Edit-800x800.jpg 800w, https:\/\/www.clean-air.cz\/wp-content\/uploads\/2022\/02\/SAI_0764-Edit-250x250.jpg 250w, https:\/\/www.clean-air.cz\/wp-content\/uploads\/2022\/02\/SAI_0764-Edit.jpg 1600w\" sizes=\"(max-width: 300px) 100vw, 300px\" \/>[\/vc_column_text][\/vc_column][vc_column width=\u00a0\u00bb1\/3&Prime;][vc_column_text]<strong><span style=\"font-size: 14pt; color: #be0300;\">\u00c9tendez votre protection<\/span><\/strong><\/p>\n<p>Omnira air est livr\u00e9 dans un package de base avec une housse de protection, ignifug\u00e9e, pour la t\u00eate et le cou, qui assure un confort parfait et la protection de l\u2019utilisateur.<\/p>\n<p><img loading=\"lazy\" decoding=\"async\" class=\"alignnone size-medium wp-image-14885\" src=\"https:\/\/www.clean-air.cz\/wp-content\/uploads\/2022\/02\/703072_Omnira_flipup-_textile-front-300x300.jpg\" alt=\"\" width=\"300\" height=\"300\" srcset=\"https:\/\/www.clean-air.cz\/wp-content\/uploads\/2022\/02\/703072_Omnira_flipup-_textile-front-300x300.jpg 300w, https:\/\/www.clean-air.cz\/wp-content\/uploads\/2022\/02\/703072_Omnira_flipup-_textile-front-1024x1024.jpg 1024w, https:\/\/www.clean-air.cz\/wp-content\/uploads\/2022\/02\/703072_Omnira_flipup-_textile-front-150x150.jpg 150w, https:\/\/www.clean-air.cz\/wp-content\/uploads\/2022\/02\/703072_Omnira_flipup-_textile-front-768x768.jpg 768w, https:\/\/www.clean-air.cz\/wp-content\/uploads\/2022\/02\/703072_Omnira_flipup-_textile-front-1536x1536.jpg 1536w, https:\/\/www.clean-air.cz\/wp-content\/uploads\/2022\/02\/703072_Omnira_flipup-_textile-front-800x800.jpg 800w, https:\/\/www.clean-air.cz\/wp-content\/uploads\/2022\/02\/703072_Omnira_flipup-_textile-front-250x250.jpg 250w, https:\/\/www.clean-air.cz\/wp-content\/uploads\/2022\/02\/703072_Omnira_flipup-_textile-front.jpg 1600w\" sizes=\"(max-width: 300px) 100vw, 300px\" \/><img loading=\"lazy\" decoding=\"async\" class=\"alignnone size-medium wp-image-14879\" src=\"https:\/\/www.clean-air.cz\/wp-content\/uploads\/2022\/02\/703071_Omnira_flip-up_textile-side-300x300.jpg\" alt=\"\" width=\"300\" height=\"300\" srcset=\"https:\/\/www.clean-air.cz\/wp-content\/uploads\/2022\/02\/703071_Omnira_flip-up_textile-side-300x300.jpg 300w, https:\/\/www.clean-air.cz\/wp-content\/uploads\/2022\/02\/703071_Omnira_flip-up_textile-side-1024x1024.jpg 1024w, https:\/\/www.clean-air.cz\/wp-content\/uploads\/2022\/02\/703071_Omnira_flip-up_textile-side-150x150.jpg 150w, https:\/\/www.clean-air.cz\/wp-content\/uploads\/2022\/02\/703071_Omnira_flip-up_textile-side-768x768.jpg 768w, https:\/\/www.clean-air.cz\/wp-content\/uploads\/2022\/02\/703071_Omnira_flip-up_textile-side-1536x1536.jpg 1536w, https:\/\/www.clean-air.cz\/wp-content\/uploads\/2022\/02\/703071_Omnira_flip-up_textile-side-800x800.jpg 800w, https:\/\/www.clean-air.cz\/wp-content\/uploads\/2022\/02\/703071_Omnira_flip-up_textile-side-250x250.jpg 250w, https:\/\/www.clean-air.cz\/wp-content\/uploads\/2022\/02\/703071_Omnira_flip-up_textile-side.jpg 1600w\" sizes=\"(max-width: 300px) 100vw, 300px\" \/>[\/vc_column_text][\/vc_column][\/vc_row][vc_row][vc_column width=\u00a0\u00bb1\/3&Prime;][\/vc_column][\/vc_row][vc_row][vc_column][vc_tta_tabs style=\u00a0\u00bbmodern\u00a0\u00bb shape=\u00a0\u00bbsquare\u00a0\u00bb active_section=\u00a0\u00bb1&Prime; no_fill_content_area=\u00a0\u00bbtrue\u00a0\u00bb title=\u00a0\u00bbD\u00e9tails\u00a0\u00bb][vc_tta_section i_icon_fontawesome=\u00a0\u00bbfa fa-industry\u00a0\u00bb add_icon=\u00a0\u00bbtrue\u00a0\u00bb title=\u00a0\u00bbDomaines d\u2019application\u00a0\u00bb tab_id=\u00a0\u00bb1513150336358-68add988-e9ea\u00a0\u00bb][vc_column_text]<span style=\"color: #be0300;\"><strong>Areas of application<\/strong><\/span><\/p>\n<p>Convient aux op\u00e9rations de meulage et de finition de surface dans les environnements industriels lourds. En combinaison avec la visi\u00e8re DIN5, il convient \u00e0 toutes les op\u00e9rations de coupage\/soudage au gaz et au plasma.[\/vc_column_text][\/vc_tta_section][vc_tta_section i_icon_fontawesome=\u00a0\u00bbfa fa-thumbs-o-up\u00a0\u00bb add_icon=\u00a0\u00bbtrue\u00a0\u00bb title=\u00a0\u00bbCaract\u00e9ristiques et avantages\u00a0\u00bb tab_id=\u00a0\u00bb1513150336359-b7b65468-8021&Prime;][vc_column_text]<span style=\"color: #be0300;\"><strong>Features &amp; Benefits<\/strong><\/span><\/p>\n<ul>\n<li>La meilleure protection respiratoire et plus de confort gr\u00e2ce \u00e0 un syst\u00e8me avanc\u00e9 de distribution d\u2019air int\u00e9gr\u00e9.<\/li>\n<li>Contr\u00f4le ext\u00e9rieur de la direction de l\u2019air dans le casque.<\/li>\n<li>Visi\u00e8re transparente de la plus haute qualit\u00e9 optique pouvant \u00eatre facilement remplac\u00e9e par d\u2019autres visi\u00e8res disponibles (jaune ; teinte 3,5 ; cylindrique avec films de protection).<\/li>\n<li>Remplacement rapide et facile de toutes les pi\u00e8ces d\u00e9tach\u00e9es.<\/li>\n<li>La suspension de t\u00eate nouvellement con\u00e7ue permet de multiples r\u00e9glages individuels.<\/li>\n<\/ul>\n<p>[\/vc_column_text][\/vc_tta_section][vc_tta_section i_icon_fontawesome=\u00a0\u00bbfa fa-cog\u00a0\u00bb add_icon=\u00a0\u00bbtrue\u00a0\u00bb title=\u00a0\u00bbKits complets, accessoires, filtres\u00a0\u00bb tab_id=\u00a0\u00bb1513153137048-5f8c31c5-30ea\u00a0\u00bb][vc_column_text]<\/p>\n<table style=\"width: 70.08%; height: 166px;\">\n<tbody>\n<tr style=\"height: 24px;\">\n<td style=\"text-align: left; height: 24px; width: 87.4083%;\" colspan=\"2\"><span style=\"color: #be0300;\"><strong>Complete hoods and sets<\/strong><\/span><\/td>\n<\/tr>\n<tr style=\"height: 24px;\">\n<td style=\"text-align: left; height: 24px; width: 69.1017%;\">Protective faceshield Omnira air, incl. headgear and air distribution<\/td>\n<td style=\"text-align: center; height: 24px; width: 18.3066%;\">70 31 00<\/td>\n<\/tr>\n<tr style=\"height: 24px;\">\n<td style=\"text-align: left; height: 24px; width: 69.1017%;\">Ready 2 Work &#8211; CleanAIR\u00ae AerGO\u00ae &amp; Omnira air<\/td>\n<td style=\"text-align: center; height: 24px; width: 18.3066%;\">30 31 00<\/td>\n<\/tr>\n<tr style=\"height: 24px;\">\n<td style=\"text-align: left; height: 24px; width: 69.1017%;\">Ready 2 Work &#8211; CleanAIR\u00ae Basic &amp; Omnira air<\/td>\n<td style=\"text-align: center; height: 24px; width: 18.3066%;\">81 31 00<\/td>\n<\/tr>\n<\/tbody>\n<\/table>\n<table style=\"width: 70.88%; height: 384px;\">\n<tbody>\n<tr style=\"height: 24px;\">\n<td style=\"text-align: left; height: 24px; width: 89.1648%;\" colspan=\"2\"><span style=\"color: #be0300;\"><strong>Spare parts, accessories<\/strong><\/span><\/td>\n<\/tr>\n<tr style=\"height: 24px;\">\n<td style=\"height: 24px; text-align: left; width: 72.6863%;\">Spare protective visor TR1, clear<\/td>\n<td style=\"text-align: left; width: 16.4785%; height: 24px;\">72 90 00<\/td>\n<\/tr>\n<tr style=\"height: 24px;\">\n<td style=\"text-align: left; width: 72.6863%; height: 24px;\">Spare protective visor TR1, yellow<\/td>\n<td style=\"text-align: left; width: 16.4785%; height: 24px;\">72 90 01<\/td>\n<\/tr>\n<tr style=\"height: 24px;\">\n<td style=\"text-align: left; width: 72.6863%; height: 24px;\">Spare protective visor TR1, clear, aPA, chemicaly resistant<\/td>\n<td style=\"text-align: left; width: 16.4785%; height: 24px;\">72 90 90<\/td>\n<\/tr>\n<tr style=\"height: 22px;\">\n<td style=\"text-align: left; width: 72.6863%; height: 24px;\">Spare protective visor CR1, clear CP<\/td>\n<td style=\"text-align: left; width: 16.4785%; height: 24px;\">72 91 00<\/td>\n<\/tr>\n<tr style=\"height: 24px;\">\n<td style=\"text-align: left; width: 72.6863%; height: 24px;\">Spare protective visor TR1, shade 3<\/td>\n<td style=\"text-align: left; width: 16.4785%; height: 24px;\">72 90 03<\/td>\n<\/tr>\n<tr style=\"height: 24px;\">\n<td style=\"text-align: left; width: 72.6863%; height: 24px;\">Spare protective visor TR1, shade 5<\/td>\n<td style=\"text-align: left; width: 16.4785%; height: 24px;\">72 90 05<\/td>\n<\/tr>\n<tr style=\"height: 24px;\">\n<td style=\"text-align: left; width: 72.6863%; height: 24px;\">Face seal CleanAIR\u00ae VERUS air, Omnira air<\/td>\n<td style=\"text-align: left; width: 16.4785%; height: 24px;\">70 30 60<\/td>\n<\/tr>\n<tr style=\"height: 24px;\">\n<td style=\"text-align: left; width: 72.6863%; height: 24px;\">Protective head cover, flame retardant (Verus, Omnira)<\/td>\n<td style=\"text-align: left; width: 16.4785%; height: 24px;\">70 30 71<\/td>\n<\/tr>\n<tr style=\"height: 24px;\">\n<td style=\"text-align: left; width: 72.6863%; height: 24px;\">Protective neck cover, flame retardant (Verus, Omnira)<\/td>\n<td style=\"text-align: left; width: 16.4785%; height: 24px;\">70 30 72<\/td>\n<\/tr>\n<tr style=\"height: 24px;\">\n<td style=\"text-align: left; width: 72.6863%; height: 24px;\">Protective head &amp; neck cover, flame retardant (Verus, Omnira)<\/td>\n<td style=\"text-align: left; width: 16.4785%; height: 24px;\">70 30 73<\/td>\n<\/tr>\n<tr style=\"height: 24px;\">\n<td style=\"text-align: left; width: 72.6863%; height: 24px;\">VariGEAR Standard w\/o padding, w\/o sweatband<\/td>\n<td style=\"text-align: left; width: 16.4785%; height: 24px;\">72 00 09<\/td>\n<\/tr>\n<tr style=\"height: 24px;\">\n<td style=\"text-align: left; width: 72.6863%; height: 24px;\">VariGEAR Comfort, headgear incl. sweatband<\/td>\n<td style=\"text-align: left; width: 16.4785%; height: 24px;\">72 00 10<\/td>\n<\/tr>\n<tr style=\"height: 24px;\">\n<td style=\"text-align: left; width: 72.6863%; height: 24px;\">VariGEAR sweatband (pck of 2)<\/td>\n<td style=\"text-align: left; width: 16.4785%; height: 24px;\">72 00 15<\/td>\n<\/tr>\n<tr style=\"height: 24px;\">\n<td style=\"text-align: left; width: 72.6863%; height: 24px;\">VariGEAR comfort set (set of sweatband and paddings)<\/td>\n<td style=\"text-align: left; width: 16.4785%; height: 24px;\">72 00 17<\/td>\n<\/tr>\n<tr style=\"height: 24px;\">\n<td style=\"text-align: left; width: 72.6863%; height: 24px;\">Rear padding VariGEAR<\/td>\n<td style=\"text-align: left; width: 16.4785%; height: 24px;\">72 00 14<\/td>\n<\/tr>\n<tr>\n<td style=\"text-align: left; width: 72.6863%;\">Upper padding VariGEAR<\/td>\n<td style=\"text-align: left; width: 16.4785%;\">72 00 16<\/td>\n<\/tr>\n<tr>\n<td style=\"text-align: left; width: 72.6863%;\">Protection film for visor CR1 (Uni-Mask, Omnira), pack of 10 pcs<\/td>\n<td style=\"text-align: left; width: 16.4785%;\">72 03 20\/10<\/td>\n<\/tr>\n<\/tbody>\n<\/table>\n<p>[\/vc_column_text][\/vc_tta_section][vc_tta_section i_icon_fontawesome=\u00a0\u00bbfa fa-wrench\u00a0\u00bb add_icon=\u00a0\u00bbtrue\u00a0\u00bb title=\u00a0\u00bbDonn\u00e9es techniques\u00a0\u00bb tab_id=\u00a0\u00bb1513153797992-792040b0-82c9&Prime;][vc_column_text]<\/p>\n<table style=\"width: 100%; height: 216px;\">\n<tbody>\n<tr style=\"height: 24px;\">\n<td style=\"text-align: left; height: 24px; width: 99.639%;\" colspan=\"2\"><span style=\"color: #be0300;\"><strong>Technical data<\/strong><\/span><\/td>\n<\/tr>\n<tr style=\"height: 21px;\">\n<td style=\"text-align: left; height: 36px; width: 30.3249%;\">Masse<\/td>\n<td style=\"text-align: center; height: 36px; width: 69.3141%;\">717 g<\/td>\n<\/tr>\n<tr style=\"height: 15px;\">\n<td style=\"text-align: left; height: 36px; width: 30.3249%;\">Material<\/td>\n<td style=\"text-align: center; height: 36px; width: 69.3141%;\">la coque &#8211; PA<br \/>\nPlaque de protection &#8211; PC<br \/>\nHeadgear &#8211; PP, PA<\/td>\n<\/tr>\n<tr style=\"height: 24px;\">\n<td style=\"width: 30.3249%; height: 24px;\">Connexion de tuyau<\/td>\n<td style=\"text-align: center; height: 24px; width: 69.3141%;\">QuickLOCK\u2122<\/td>\n<\/tr>\n<tr style=\"height: 48px;\">\n<td style=\"text-align: left; height: 48px; width: 30.3249%;\">Certificat \/ NPF<br \/>\n\u2013 protection respiratoire<\/td>\n<td style=\"text-align: center; height: 48px; width: 69.3141%;\">des voies respiratoires &#8211; EN 12941, TH3 \/ NPF 500<br \/>\nsyst\u00e8mes a\u00e9riens (air fourni) &#8211; EN 14594 (3B) \/ NPF 200<\/td>\n<\/tr>\n<tr style=\"height: 48px;\">\n<td style=\"text-align: left; height: 48px; width: 30.3249%;\">Certificat<br \/>\n\u2013 protection des yeux et du visage<\/td>\n<td style=\"text-align: center; height: 48px; width: 69.3141%;\">visi\u00e8re de protection TR1 &#8211; EN166 1 FT B K N<br \/>\nCadre &#8211; EN166 3 4 5 FT B 5\/2-5<\/td>\n<\/tr>\n<\/tbody>\n<\/table>\n<p>[\/vc_column_text][\/vc_tta_section][vc_tta_section i_icon_fontawesome=\u00a0\u00bbfa fa-download\u00a0\u00bb add_icon=\u00a0\u00bbtrue\u00a0\u00bb title=\u00a0\u00bbT\u00e9l\u00e9chargements\u00a0\u00bb tab_id=\u00a0\u00bb1513154098935-95c74e4f-fa1e\u00a0\u00bb][vc_column_text]<a href=\"https:\/\/www.clean-air.cz\/wp-content\/uploads\/2025\/06\/PS-703100-1-R4-Omnira-air.pdf\">Declaration of Confornity &#8211; 703100-1-R4 Omnira air<\/a><\/p>\n<p><a href=\"https:\/\/www.clean-air.cz\/wp-content\/uploads\/2023\/12\/CNA-120-R02-UM-Omnira_DIGI.pdf\">User manual &#8211; CNA-120-R02-UM-Omnira_DIGI<\/a><\/p>\n<p><a href=\"https:\/\/www.clean-air.cz\/wp-content\/uploads\/2025\/01\/DA-105_-_703201_-_Omnira_-_EN.pdf\">Datasheet DA-105_-_703201_-_Omnira_-_EN<\/a>[\/vc_column_text][\/vc_tta_section][vc_tta_section i_icon_fontawesome=\u00a0\u00bbfa fa-picture-o\u00a0\u00bb add_icon=\u00a0\u00bbtrue\u00a0\u00bb title=\u00a0\u00bbGalerie\u00a0\u00bb tab_id=\u00a0\u00bb1515415801460-0c2258c9-4574&Prime;][vc_gallery type=\u00a0\u00bbimage_grid\u00a0\u00bb images=\u00a0\u00bb14906,14892,14982&Prime; img_size=\u00a0\u00bbmedium\u00a0\u00bb css_animation=\u00a0\u00bbfadeIn\u00a0\u00bb css=\u00a0\u00bb.vc_custom_1751462029972{padding-left: 280px !important;}\u00a0\u00bb el_class=\u00a0\u00bboptomax_gallery\u00a0\u00bb][\/vc_tta_section][\/vc_tta_tabs][\/vc_column][\/vc_row][vc_row][vc_column][vc_separator][\/vc_column][\/vc_row]<\/p>\n","protected":false},"excerpt":{"rendered":"<p>[vc_row][vc_column width=\u00a0\u00bb1\/2&Prime;][vc_gallery interval=\u00a0\u00bb3&Prime; images=\u00a0\u00bb15001,15225&Prime; img_size=\u00a0\u00bblarge\u00a0\u00bb][\/vc_column][vc_column width=\u00a0\u00bb1\/2&Prime;][vc_column_text]QUAND VOUS AVEZ BESOIN D&rsquo;UNE PROTECTION PARFAITE \u00c9cran de meulage avec distribution d\u2019air int\u00e9gr\u00e9e pour une protection respiratoire maximale, une protection des yeux et du visage. Il offre \u00e9galement une protection \u00e9lev\u00e9e contre les particules \u00e0 grande vitesse. L\u2019\u00e9cran peut \u00eatre compl\u00e9t\u00e9 par un \u00e9cran de soudage, ce qui en fait un v\u00e9ritable casque de soudage \u00e0 rabat. Il est adapt\u00e9 \u00e0 l\u2019utilisation avec des<\/p>\n<p><a class=\"more-link\" href=\"https:\/\/www.clean-air.cz\/fr\/headtops\/grinding-shields\/omnira-air\/\">Lire la suite&#8230;<\/a><\/p>\n","protected":false},"author":11,"featured_media":0,"parent":5350,"menu_order":0,"comment_status":"closed","ping_status":"closed","template":"","meta":{"footnotes":""},"_links":{"self":[{"href":"https:\/\/www.clean-air.cz\/fr\/wp-json\/wp\/v2\/pages\/15958"}],"collection":[{"href":"https:\/\/www.clean-air.cz\/fr\/wp-json\/wp\/v2\/pages"}],"about":[{"href":"https:\/\/www.clean-air.cz\/fr\/wp-json\/wp\/v2\/types\/page"}],"author":[{"embeddable":true,"href":"https:\/\/www.clean-air.cz\/fr\/wp-json\/wp\/v2\/users\/11"}],"replies":[{"embeddable":true,"href":"https:\/\/www.clean-air.cz\/fr\/wp-json\/wp\/v2\/comments?post=15958"}],"version-history":[{"count":0,"href":"https:\/\/www.clean-air.cz\/fr\/wp-json\/wp\/v2\/pages\/15958\/revisions"}],"up":[{"embeddable":true,"href":"https:\/\/www.clean-air.cz\/fr\/wp-json\/wp\/v2\/pages\/5350"}],"wp:attachment":[{"href":"https:\/\/www.clean-air.cz\/fr\/wp-json\/wp\/v2\/media?parent=15958"}],"curies":[{"name":"wp","href":"https:\/\/api.w.org\/{rel}","templated":true}]}}